{"id":16437,"date":"2020-06-09T16:31:05","date_gmt":"2020-06-09T16:31:05","guid":{"rendered":"https:\/\/guidetogreenland.com\/book-trips-holiday\/dog-sledding-tour-to-the-ufo-cabin-viewpoint-sisimiut\/"},"modified":"2023-02-28T15:49:29","modified_gmt":"2023-02-28T18:49:29","slug":"dog-sledding-tour-to-the-ufo-cabin-viewpoint-sisimiut","status":"publish","type":"product","link":"https:\/\/guidetogreenland.com\/da\/reserver-ferie-rejser\/hundeslaedetur-til-ufo-hytten-sisimiut\/","title":{"rendered":"Hundesl\u00e6detur til UFO hytten | Sisimiut"},"content":{"rendered":"<p class=\"x-18pep25\">Tag med p\u00e5 denne sp\u00e6ndende hundesl\u00e6detur til et vidunderligt udsigtspunkt lige ved en hytte der kendes som UFOen. Dette er den perfekte tur for dem som vil krydre deres vinter eventyr lidt op, samtidig med at man l\u00e6rer lidt mere om vores kulturelle baggrund med sl\u00e6dehunden.<\/p>\n<p class=\"x-18pep25\">Vi samler dig op fra hvor du er boende under dit ophold, derfra k\u00f8rer vi dig ud til din guide, eller burde vi sige kusk, som vil fort\u00e6lle dig lidt om hvordan man skal sidde i sl\u00e6den og hvad man skal passe p\u00e5.<\/p>\n<p class=\"e1imf5dp0 x-jm2771\">Til den tid er hundene nok \u00e6ngstelige efter at komme afsted, s\u00e5 lad os os bare suse derudaf! Vi k\u00f8rer typisk med 12 hu<span class=\"x-12abj6v e1uuu2lt3\">nde, og du kommer til at f\u00e5 rigeligt med tid til at l\u00e6re dem at kende, men husk at lytte til hvad kusken har at sige om dem, nogle af dem kan v\u00e6re legesyge mens andre er sky og vil helst ikke r\u00f8res.\u00a0<\/span><\/p>\n<p class=\"e1imf5dp0 x-jm2771\"><span class=\"x-12abj6v e1uuu2lt3\">Den Gr\u00f8nlandske sl\u00e6dehund er en \u00e6ldgammel race og anses ikke som et k\u00e6ledyr, derimod har det og er p\u00e5 mange m\u00e5der stadig et v\u00e6rkt\u00f8j for overlevelse. Disse hunde tr\u00e6kker dig med gl\u00e6de flere tusind kilometer, men vi skal ikke n\u00e6r s\u00e5 langt i dag og de f\u00e5r da ogs\u00e5 en god pause n\u00e5r vi har n\u00e5et udsigtspunktet. Her snupper vi lige en kop varm kaffe og der vil ogs\u00e5 v\u00e6re tid til at tage nogle fine billeder.<\/span><\/p>\n<p class=\"e1imf5dp0 x-jm2771\"><span class=\"x-12abj6v e1uuu2lt3\">Sl\u00e6den er en traditionel sl\u00e6de af tr\u00e6, den bliver d\u00e6kket til med rensdyrskind som er et af de mest isolerende naturlige materialer du kan finde. Det hj\u00e6lper med at holde din nedre region dejlig varm p\u00e5 turen.<\/span><\/p>\n<p class=\"e1imf5dp0 x-jm2771\"><span class=\"x-12abj6v e1uuu2lt3\">G\u00e5 ikke glip af din chance for at kl\u00e6de dig dejligt varmt p\u00e5 og tag med ud p\u00e5 dette sne-eventyr til denne helt s\u00e6rlige hytte og fantastiske udsigt! Book din tur i dag!<\/span><\/p>\n","protected":false},"excerpt":{"rendered":"Tag med p\u00e5 denne sp\u00e6ndende hundesl\u00e6detur til et vidunderligt udsigtspunkt lige ved en hytte der kendes som UFOen. Dette er den perfekte tur for dem som vil krydre deres vinter eventyr lidt op, samtidig med at man l\u00e6rer lidt mere om vores kulturelle baggrund med sl\u00e6dehunden. Vi samler dig op fra hvor du er boende&#8230;","protected":false},"featured_media":16439,"comment_status":"open","ping_status":"closed","template":"","meta":[],"product_brand":[],"product_cat":[628,606,622,607,612,593,627,643,657,633],"product_tag":[936],"class_list":{"0":"post-16437","1":"product","2":"type-product","3":"status-publish","4":"has-post-thumbnail","6":"product_cat-arctic-circle-trail","7":"product_cat-dagsture-om-vinteren","8":"product_cat-groenlandsk-kultur","9":"product_cat-hundeslaedeture","10":"product_cat-natur-og-dyreliv-i-groenland","11":"product_cat-oplevelser-i-groenland","12":"product_cat-ture-i-bestemte-omraader","13":"product_cat-ture-i-hver-by","14":"product_cat-ture-i-sisimiut","15":"product_cat-vestgroenland","16":"product_tag-sisimiut-da","17":"pa_activities-hundeslaede","18":"pa_available-month-januar","19":"pa_available-month-februar","20":"pa_available-month-marts","21":"pa_available-month-april","22":"pa_destinations-sisimiut","23":"pa_difficulty-moderat","24":"pa_duration-4-timer","25":"pa_tour-type-dagsture","26":"yith_shop_vendor-dogsledge-taxi-da","28":"first","29":"instock","30":"virtual","31":"sold-individually","32":"purchasable","33":"product-type-booking"},"acf":[],"yoast_head":"<!-- This site is optimized with the Yoast SEO plugin v25.6 - https:\/\/yoast.com\/wordpress\/plugins\/seo\/ -->\n<title>Hundesl\u00e6detur til UFO hytten | Sisimiut | Guide to Greenland<\/title>\n<meta name=\"robots\" content=\"index, follow, max-snippet:-1, max-image-preview:large, max-video-preview:-1\" \/>\n<link rel=\"canonical\" href=\"https:\/\/guidetogreenland.com\/da\/reserver-ferie-rejser\/hundeslaedetur-til-ufo-hytten-sisimiut\/\" \/>\n<meta property=\"og:locale\" content=\"da_DK\" \/>\n<meta property=\"og:type\" content=\"article\" \/>\n<meta property=\"og:title\" content=\"Hundesl\u00e6detur til UFO hytten | Sisimiut | Guide to Greenland\" \/>\n<meta property=\"og:description\" content=\"Tag med p\u00e5 denne sp\u00e6ndende hundesl\u00e6detur til et vidunderligt udsigtspunkt lige ved en hytte der kendes som UFOen. Dette er den perfekte tur for dem som vil krydre deres vinter eventyr lidt op, samtidig med at man l\u00e6rer lidt mere om vores kulturelle baggrund med sl\u00e6dehunden. Vi samler dig op fra hvor du er boende...\" \/>\n<meta property=\"og:url\" content=\"https:\/\/guidetogreenland.com\/da\/reserver-ferie-rejser\/hundeslaedetur-til-ufo-hytten-sisimiut\/\" \/>\n<meta property=\"og:site_name\" content=\"Guide to Greenland\" \/>\n<meta property=\"article:modified_time\" content=\"2023-02-28T18:49:29+00:00\" \/>\n<meta property=\"og:image\" content=\"https:\/\/guidetogreenland.com\/wp-content\/uploads\/2020\/05\/dog-sledding-tour-to-the-ufo-cabin-viewpoint-sisimiut-Guide-to-Greenland5.jpg\" \/>\n\t<meta property=\"og:image:width\" content=\"1766\" \/>\n\t<meta property=\"og:image:height\" content=\"1380\" \/>\n\t<meta property=\"og:image:type\" content=\"image\/jpeg\" \/>\n<meta name=\"twitter:card\" content=\"summary_large_image\" \/>\n<meta name=\"twitter:label1\" content=\"Estimeret l\u00e6setid\" \/>\n\t<meta name=\"twitter:data1\" content=\"2 minutter\" \/>\n<script type=\"application\/ld+json\" class=\"yoast-schema-graph\">{\"@context\":\"https:\/\/schema.org\",\"@graph\":[{\"@type\":\"WebPage\",\"@id\":\"https:\/\/guidetogreenland.com\/da\/reserver-ferie-rejser\/hundeslaedetur-til-ufo-hytten-sisimiut\/\",\"url\":\"https:\/\/guidetogreenland.com\/da\/reserver-ferie-rejser\/hundeslaedetur-til-ufo-hytten-sisimiut\/\",\"name\":\"Hundesl\u00e6detur til UFO hytten | Sisimiut | Guide to Greenland\",\"isPartOf\":{\"@id\":\"https:\/\/guidetogreenland.com\/da\/#website\"},\"primaryImageOfPage\":{\"@id\":\"https:\/\/guidetogreenland.com\/da\/reserver-ferie-rejser\/hundeslaedetur-til-ufo-hytten-sisimiut\/#primaryimage\"},\"image\":{\"@id\":\"https:\/\/guidetogreenland.com\/da\/reserver-ferie-rejser\/hundeslaedetur-til-ufo-hytten-sisimiut\/#primaryimage\"},\"thumbnailUrl\":\"https:\/\/guidetogreenland.com\/wp-content\/uploads\/2020\/05\/dog-sledding-tour-to-the-ufo-cabin-viewpoint-sisimiut-Guide-to-Greenland5.jpg\",\"datePublished\":\"2020-06-09T16:31:05+00:00\",\"dateModified\":\"2023-02-28T18:49:29+00:00\",\"breadcrumb\":{\"@id\":\"https:\/\/guidetogreenland.com\/da\/reserver-ferie-rejser\/hundeslaedetur-til-ufo-hytten-sisimiut\/#breadcrumb\"},\"inLanguage\":\"da-DK\",\"potentialAction\":[{\"@type\":\"ReadAction\",\"target\":[\"https:\/\/guidetogreenland.com\/da\/reserver-ferie-rejser\/hundeslaedetur-til-ufo-hytten-sisimiut\/\"]}]},{\"@type\":\"ImageObject\",\"inLanguage\":\"da-DK\",\"@id\":\"https:\/\/guidetogreenland.com\/da\/reserver-ferie-rejser\/hundeslaedetur-til-ufo-hytten-sisimiut\/#primaryimage\",\"url\":\"https:\/\/guidetogreenland.com\/wp-content\/uploads\/2020\/05\/dog-sledding-tour-to-the-ufo-cabin-viewpoint-sisimiut-Guide-to-Greenland5.jpg\",\"contentUrl\":\"https:\/\/guidetogreenland.com\/wp-content\/uploads\/2020\/05\/dog-sledding-tour-to-the-ufo-cabin-viewpoint-sisimiut-Guide-to-Greenland5.jpg\",\"width\":1766,\"height\":1380},{\"@type\":\"BreadcrumbList\",\"@id\":\"https:\/\/guidetogreenland.com\/da\/reserver-ferie-rejser\/hundeslaedetur-til-ufo-hytten-sisimiut\/#breadcrumb\",\"itemListElement\":[{\"@type\":\"ListItem\",\"position\":1,\"name\":\"Home\",\"item\":\"https:\/\/guidetogreenland.com\/da\/\"},{\"@type\":\"ListItem\",\"position\":2,\"name\":\"Se alle ture\",\"item\":\"https:\/\/guidetogreenland.com\/da\/reserver-ferie-rejser\/\"},{\"@type\":\"ListItem\",\"position\":3,\"name\":\"Hundesl\u00e6detur til UFO hytten | Sisimiut\"}]},{\"@type\":\"WebSite\",\"@id\":\"https:\/\/guidetogreenland.com\/da\/#website\",\"url\":\"https:\/\/guidetogreenland.com\/da\/\",\"name\":\"Guide to Greenland\",\"description\":\"Largest selection of tours in Greenland\",\"potentialAction\":[{\"@type\":\"SearchAction\",\"target\":{\"@type\":\"EntryPoint\",\"urlTemplate\":\"https:\/\/guidetogreenland.com\/da\/?s={search_term_string}\"},\"query-input\":{\"@type\":\"PropertyValueSpecification\",\"valueRequired\":true,\"valueName\":\"search_term_string\"}}],\"inLanguage\":\"da-DK\"}]}<\/script>\n<!-- \/ Yoast SEO plugin. -->","yoast_head_json":{"title":"Hundesl\u00e6detur til UFO hytten | Sisimiut | Guide to Greenland","robots":{"index":"index","follow":"follow","max-snippet":"max-snippet:-1","max-image-preview":"max-image-preview:large","max-video-preview":"max-video-preview:-1"},"canonical":"https:\/\/guidetogreenland.com\/da\/reserver-ferie-rejser\/hundeslaedetur-til-ufo-hytten-sisimiut\/","og_locale":"da_DK","og_type":"article","og_title":"Hundesl\u00e6detur til UFO hytten | Sisimiut | Guide to Greenland","og_description":"Tag med p\u00e5 denne sp\u00e6ndende hundesl\u00e6detur til et vidunderligt udsigtspunkt lige ved en hytte der kendes som UFOen. Dette er den perfekte tur for dem som vil krydre deres vinter eventyr lidt op, samtidig med at man l\u00e6rer lidt mere om vores kulturelle baggrund med sl\u00e6dehunden. Vi samler dig op fra hvor du er boende...","og_url":"https:\/\/guidetogreenland.com\/da\/reserver-ferie-rejser\/hundeslaedetur-til-ufo-hytten-sisimiut\/","og_site_name":"Guide to Greenland","article_modified_time":"2023-02-28T18:49:29+00:00","og_image":[{"width":1766,"height":1380,"url":"https:\/\/guidetogreenland.com\/wp-content\/uploads\/2020\/05\/dog-sledding-tour-to-the-ufo-cabin-viewpoint-sisimiut-Guide-to-Greenland5.jpg","type":"image\/jpeg"}],"twitter_card":"summary_large_image","twitter_misc":{"Estimeret l\u00e6setid":"2 minutter"},"schema":{"@context":"https:\/\/schema.org","@graph":[{"@type":"WebPage","@id":"https:\/\/guidetogreenland.com\/da\/reserver-ferie-rejser\/hundeslaedetur-til-ufo-hytten-sisimiut\/","url":"https:\/\/guidetogreenland.com\/da\/reserver-ferie-rejser\/hundeslaedetur-til-ufo-hytten-sisimiut\/","name":"Hundesl\u00e6detur til UFO hytten | Sisimiut | Guide to Greenland","isPartOf":{"@id":"https:\/\/guidetogreenland.com\/da\/#website"},"primaryImageOfPage":{"@id":"https:\/\/guidetogreenland.com\/da\/reserver-ferie-rejser\/hundeslaedetur-til-ufo-hytten-sisimiut\/#primaryimage"},"image":{"@id":"https:\/\/guidetogreenland.com\/da\/reserver-ferie-rejser\/hundeslaedetur-til-ufo-hytten-sisimiut\/#primaryimage"},"thumbnailUrl":"https:\/\/guidetogreenland.com\/wp-content\/uploads\/2020\/05\/dog-sledding-tour-to-the-ufo-cabin-viewpoint-sisimiut-Guide-to-Greenland5.jpg","datePublished":"2020-06-09T16:31:05+00:00","dateModified":"2023-02-28T18:49:29+00:00","breadcrumb":{"@id":"https:\/\/guidetogreenland.com\/da\/reserver-ferie-rejser\/hundeslaedetur-til-ufo-hytten-sisimiut\/#breadcrumb"},"inLanguage":"da-DK","potentialAction":[{"@type":"ReadAction","target":["https:\/\/guidetogreenland.com\/da\/reserver-ferie-rejser\/hundeslaedetur-til-ufo-hytten-sisimiut\/"]}]},{"@type":"ImageObject","inLanguage":"da-DK","@id":"https:\/\/guidetogreenland.com\/da\/reserver-ferie-rejser\/hundeslaedetur-til-ufo-hytten-sisimiut\/#primaryimage","url":"https:\/\/guidetogreenland.com\/wp-content\/uploads\/2020\/05\/dog-sledding-tour-to-the-ufo-cabin-viewpoint-sisimiut-Guide-to-Greenland5.jpg","contentUrl":"https:\/\/guidetogreenland.com\/wp-content\/uploads\/2020\/05\/dog-sledding-tour-to-the-ufo-cabin-viewpoint-sisimiut-Guide-to-Greenland5.jpg","width":1766,"height":1380},{"@type":"BreadcrumbList","@id":"https:\/\/guidetogreenland.com\/da\/reserver-ferie-rejser\/hundeslaedetur-til-ufo-hytten-sisimiut\/#breadcrumb","itemListElement":[{"@type":"ListItem","position":1,"name":"Home","item":"https:\/\/guidetogreenland.com\/da\/"},{"@type":"ListItem","position":2,"name":"Se alle ture","item":"https:\/\/guidetogreenland.com\/da\/reserver-ferie-rejser\/"},{"@type":"ListItem","position":3,"name":"Hundesl\u00e6detur til UFO hytten | Sisimiut"}]},{"@type":"WebSite","@id":"https:\/\/guidetogreenland.com\/da\/#website","url":"https:\/\/guidetogreenland.com\/da\/","name":"Guide to Greenland","description":"Largest selection of tours in Greenland","potentialAction":[{"@type":"SearchAction","target":{"@type":"EntryPoint","urlTemplate":"https:\/\/guidetogreenland.com\/da\/?s={search_term_string}"},"query-input":{"@type":"PropertyValueSpecification","valueRequired":true,"valueName":"search_term_string"}}],"inLanguage":"da-DK"}]}},"_links":{"self":[{"href":"https:\/\/guidetogreenland.com\/da\/wp-json\/wp\/v2\/product\/16437","targetHints":{"allow":["GET"]}}],"collection":[{"href":"https:\/\/guidetogreenland.com\/da\/wp-json\/wp\/v2\/product"}],"about":[{"href":"https:\/\/guidetogreenland.com\/da\/wp-json\/wp\/v2\/types\/product"}],"replies":[{"embeddable":true,"href":"https:\/\/guidetogreenland.com\/da\/wp-json\/wp\/v2\/comments?post=16437"}],"wp:featuredmedia":[{"embeddable":true,"href":"https:\/\/guidetogreenland.com\/da\/wp-json\/wp\/v2\/media\/16439"}],"wp:attachment":[{"href":"https:\/\/guidetogreenland.com\/da\/wp-json\/wp\/v2\/media?parent=16437"}],"wp:term":[{"taxonomy":"product_brand","embeddable":true,"href":"https:\/\/guidetogreenland.com\/da\/wp-json\/wp\/v2\/product_brand?post=16437"},{"taxonomy":"product_cat","embeddable":true,"href":"https:\/\/guidetogreenland.com\/da\/wp-json\/wp\/v2\/product_cat?post=16437"},{"taxonomy":"product_tag","embeddable":true,"href":"https:\/\/guidetogreenland.com\/da\/wp-json\/wp\/v2\/product_tag?post=16437"}],"curies":[{"name":"wp","href":"https:\/\/api.w.org\/{rel}","templated":true}]}}