{"id":16444,"date":"2020-06-09T15:41:42","date_gmt":"2020-06-09T15:41:42","guid":{"rendered":"https:\/\/guidetogreenland.com\/book-trips-holiday\/dog-sledding-the-arctic-circle-trail-to-the-viewpoint-sisimiut\/"},"modified":"2021-03-15T01:53:35","modified_gmt":"2021-03-15T01:53:35","slug":"dog-sledding-the-arctic-circle-trail-to-the-viewpoint-sisimiut","status":"publish","type":"product","link":"https:\/\/guidetogreenland.com\/da\/reserver-ferie-rejser\/hundeslaedetur-langs-arctic-circle-trail-til-udsigten-sisimiut\/","title":{"rendered":"Hundesl\u00e6detur langs Arctic Circle Trail til &#8220;Udsigten&#8221; | Sisimiut"},"content":{"rendered":"<p class=\"x-18pep25\">Tag p\u00e5 den ultimative Arktiske oplevelse hvor i f\u00f8lger et stykke af den ber\u00f8mte Arctic Circle Trail til et vidunderligt udkigspunkt over en fjord. Her kan man virkelig m\u00e6rke den friske luft.<\/p>\n<p class=\"x-18pep25\">Dette heldagseventyr starter p\u00e5 det almindelige hundesl\u00e6despor og hopper s\u00e5 derefter p\u00e5 Arctic Circle Trail som er Gr\u00f8nlands mest popul\u00e6re vandrerute om sommeren.<\/p>\n<p class=\"x-18pep25\">Turen tager dig dybt ind i Sisimiuts ber\u00f8mte bagland, og vil helt sikkert tilfredstille de eventyrlystne sj\u00e6le der leder efter et vaske\u00e6gte eventyr.<\/p>\n<p class=\"e1imf5dp0 x-jm2771\">Din lokale guide er en ekspert kusk og kan fort\u00e6lle rigeligt med historier om hundesl\u00e6dek\u00f8rsel og ku<span class=\"x-12abj6v e1uuu2lt3\">lturelle traditioner.<\/span><\/p>\n<p class=\"e1imf5dp0 x-jm2771\"><span class=\"x-12abj6v e1uuu2lt3\">Hundene elsker at l\u00f8be og vil gl\u00e6deligt tage dig dybt ud i baglandet. Vi k\u00f8rer normalt med omkring 12 hunde, og kusken kan fort\u00e6lle dig alt om deres personligheder og deres rolle i flokken.<\/span><\/p>\n<p class=\"e1imf5dp0 x-jm2771\"><span class=\"x-12abj6v e1uuu2lt3\">Vi k\u00f8rer en traditionel stor og behagelig sl\u00e6de af tr\u00e6, bygget til at kunne modst\u00e5 alt slags terr\u00e6n. Der bliver lagt rensdyrskind til at sidde p\u00e5 som burde holde din siddeplads dejlig varm.<\/span><\/p>\n<p class=\"e1imf5dp0 x-jm2771\"><span class=\"x-12abj6v e1uuu2lt3\">Vores m\u00e5l er at n\u00e5 ud til &#8220;Udsigten&#8221;, et smukt omr\u00e5de hvor en stor del af verdens h\u00e5rdeste langrendsl\u00f8b tager plads.<\/span><\/p>\n<p class=\"e1imf5dp0 x-jm2771\"><span class=\"x-12abj6v e1uuu2lt3\">Bakken vi kigger ud over er kendt af skil\u00f8berne som &#8220;Morderbakken&#8221; pga dens stejle natur som g\u00f8r den ekstra skr\u00e6mmende at kure ned af og meget h\u00e5rd at l\u00f8be op af.<\/span><\/p>\n<p class=\"e1imf5dp0 x-jm2771\"><span class=\"x-12abj6v e1uuu2lt3\">G\u00e5 ikke glip af din chance for en dag fyldt med sp\u00e6nding sammen med en lokal guide, book din tur i dag!<\/span><\/p>\n","protected":false},"excerpt":{"rendered":"Tag p\u00e5 den ultimative Arktiske oplevelse hvor i f\u00f8lger et stykke af den ber\u00f8mte Arctic Circle Trail til et vidunderligt udkigspunkt over en fjord. Her kan man virkelig m\u00e6rke den friske luft. Dette heldagseventyr starter p\u00e5 det almindelige hundesl\u00e6despor og hopper s\u00e5 derefter p\u00e5 Arctic Circle Trail som er Gr\u00f8nlands mest popul\u00e6re vandrerute om sommeren&#8230;.","protected":false},"featured_media":16446,"comment_status":"open","ping_status":"closed","template":"","meta":[],"product_brand":[],"product_cat":[628,606,607,612,593,627,643,657],"product_tag":[936],"class_list":{"0":"post-16444","1":"product","2":"type-product","3":"status-publish","4":"has-post-thumbnail","6":"product_cat-arctic-circle-trail","7":"product_cat-dagsture-om-vinteren","8":"product_cat-hundeslaedeture","9":"product_cat-natur-og-dyreliv-i-groenland","10":"product_cat-oplevelser-i-groenland","11":"product_cat-ture-i-bestemte-omraader","12":"product_cat-ture-i-hver-by","13":"product_cat-ture-i-sisimiut","14":"product_tag-sisimiut-da","15":"pa_activities-hundeslaede","16":"pa_available-month-januar","17":"pa_available-month-februar","18":"pa_available-month-marts","19":"pa_available-month-april","20":"pa_destinations-sisimiut","21":"pa_difficulty-haard","22":"pa_duration-8-timer","23":"pa_tour-type-dagsture","24":"yith_shop_vendor-dogsledge-taxi-da","26":"first","27":"instock","28":"virtual","29":"sold-individually","30":"purchasable","31":"product-type-booking"},"acf":[],"yoast_head":"<!-- This site is optimized with the Yoast SEO plugin v25.6 - https:\/\/yoast.com\/wordpress\/plugins\/seo\/ -->\n<title>Hundesl\u00e6detur langs Arctic Circle Trail til &quot;Udsigten&quot; | Sisimiut | Guide to Greenland<\/title>\n<meta name=\"robots\" content=\"index, follow, max-snippet:-1, max-image-preview:large, max-video-preview:-1\" \/>\n<link rel=\"canonical\" href=\"https:\/\/guidetogreenland.com\/da\/reserver-ferie-rejser\/hundeslaedetur-langs-arctic-circle-trail-til-udsigten-sisimiut\/\" \/>\n<meta property=\"og:locale\" content=\"da_DK\" \/>\n<meta property=\"og:type\" content=\"article\" \/>\n<meta property=\"og:title\" content=\"Hundesl\u00e6detur langs Arctic Circle Trail til &quot;Udsigten&quot; | Sisimiut | Guide to Greenland\" \/>\n<meta property=\"og:description\" content=\"Tag p\u00e5 den ultimative Arktiske oplevelse hvor i f\u00f8lger et stykke af den ber\u00f8mte Arctic Circle Trail til et vidunderligt udkigspunkt over en fjord. Her kan man virkelig m\u00e6rke den friske luft. Dette heldagseventyr starter p\u00e5 det almindelige hundesl\u00e6despor og hopper s\u00e5 derefter p\u00e5 Arctic Circle Trail som er Gr\u00f8nlands mest popul\u00e6re vandrerute om sommeren....\" \/>\n<meta property=\"og:url\" content=\"https:\/\/guidetogreenland.com\/da\/reserver-ferie-rejser\/hundeslaedetur-langs-arctic-circle-trail-til-udsigten-sisimiut\/\" \/>\n<meta property=\"og:site_name\" content=\"Guide to Greenland\" \/>\n<meta property=\"article:modified_time\" content=\"2021-03-15T01:53:35+00:00\" \/>\n<meta property=\"og:image\" content=\"https:\/\/guidetogreenland.com\/wp-content\/uploads\/2020\/05\/dog-sledding-the-arctic-circle-trail-to-the-viewpoint-sisimiut-Guide-to-Greenland5.jpg\" \/>\n\t<meta property=\"og:image:width\" content=\"1973\" \/>\n\t<meta property=\"og:image:height\" content=\"1478\" \/>\n\t<meta property=\"og:image:type\" content=\"image\/jpeg\" \/>\n<meta name=\"twitter:card\" content=\"summary_large_image\" \/>\n<meta name=\"twitter:label1\" content=\"Estimeret l\u00e6setid\" \/>\n\t<meta name=\"twitter:data1\" content=\"2 minutter\" \/>\n<script type=\"application\/ld+json\" class=\"yoast-schema-graph\">{\"@context\":\"https:\/\/schema.org\",\"@graph\":[{\"@type\":\"WebPage\",\"@id\":\"https:\/\/guidetogreenland.com\/da\/reserver-ferie-rejser\/hundeslaedetur-langs-arctic-circle-trail-til-udsigten-sisimiut\/\",\"url\":\"https:\/\/guidetogreenland.com\/da\/reserver-ferie-rejser\/hundeslaedetur-langs-arctic-circle-trail-til-udsigten-sisimiut\/\",\"name\":\"Hundesl\u00e6detur langs Arctic Circle Trail til \\\"Udsigten\\\" | Sisimiut | Guide to Greenland\",\"isPartOf\":{\"@id\":\"https:\/\/guidetogreenland.com\/da\/#website\"},\"primaryImageOfPage\":{\"@id\":\"https:\/\/guidetogreenland.com\/da\/reserver-ferie-rejser\/hundeslaedetur-langs-arctic-circle-trail-til-udsigten-sisimiut\/#primaryimage\"},\"image\":{\"@id\":\"https:\/\/guidetogreenland.com\/da\/reserver-ferie-rejser\/hundeslaedetur-langs-arctic-circle-trail-til-udsigten-sisimiut\/#primaryimage\"},\"thumbnailUrl\":\"https:\/\/guidetogreenland.com\/wp-content\/uploads\/2020\/05\/dog-sledding-the-arctic-circle-trail-to-the-viewpoint-sisimiut-Guide-to-Greenland5.jpg\",\"datePublished\":\"2020-06-09T15:41:42+00:00\",\"dateModified\":\"2021-03-15T01:53:35+00:00\",\"breadcrumb\":{\"@id\":\"https:\/\/guidetogreenland.com\/da\/reserver-ferie-rejser\/hundeslaedetur-langs-arctic-circle-trail-til-udsigten-sisimiut\/#breadcrumb\"},\"inLanguage\":\"da-DK\",\"potentialAction\":[{\"@type\":\"ReadAction\",\"target\":[\"https:\/\/guidetogreenland.com\/da\/reserver-ferie-rejser\/hundeslaedetur-langs-arctic-circle-trail-til-udsigten-sisimiut\/\"]}]},{\"@type\":\"ImageObject\",\"inLanguage\":\"da-DK\",\"@id\":\"https:\/\/guidetogreenland.com\/da\/reserver-ferie-rejser\/hundeslaedetur-langs-arctic-circle-trail-til-udsigten-sisimiut\/#primaryimage\",\"url\":\"https:\/\/guidetogreenland.com\/wp-content\/uploads\/2020\/05\/dog-sledding-the-arctic-circle-trail-to-the-viewpoint-sisimiut-Guide-to-Greenland5.jpg\",\"contentUrl\":\"https:\/\/guidetogreenland.com\/wp-content\/uploads\/2020\/05\/dog-sledding-the-arctic-circle-trail-to-the-viewpoint-sisimiut-Guide-to-Greenland5.jpg\",\"width\":1973,\"height\":1478},{\"@type\":\"BreadcrumbList\",\"@id\":\"https:\/\/guidetogreenland.com\/da\/reserver-ferie-rejser\/hundeslaedetur-langs-arctic-circle-trail-til-udsigten-sisimiut\/#breadcrumb\",\"itemListElement\":[{\"@type\":\"ListItem\",\"position\":1,\"name\":\"Home\",\"item\":\"https:\/\/guidetogreenland.com\/da\/\"},{\"@type\":\"ListItem\",\"position\":2,\"name\":\"Se alle ture\",\"item\":\"https:\/\/guidetogreenland.com\/da\/reserver-ferie-rejser\/\"},{\"@type\":\"ListItem\",\"position\":3,\"name\":\"Hundesl\u00e6detur langs Arctic Circle Trail til &#8220;Udsigten&#8221; | Sisimiut\"}]},{\"@type\":\"WebSite\",\"@id\":\"https:\/\/guidetogreenland.com\/da\/#website\",\"url\":\"https:\/\/guidetogreenland.com\/da\/\",\"name\":\"Guide to Greenland\",\"description\":\"Largest selection of tours in Greenland\",\"potentialAction\":[{\"@type\":\"SearchAction\",\"target\":{\"@type\":\"EntryPoint\",\"urlTemplate\":\"https:\/\/guidetogreenland.com\/da\/?s={search_term_string}\"},\"query-input\":{\"@type\":\"PropertyValueSpecification\",\"valueRequired\":true,\"valueName\":\"search_term_string\"}}],\"inLanguage\":\"da-DK\"}]}<\/script>\n<!-- \/ Yoast SEO plugin. -->","yoast_head_json":{"title":"Hundesl\u00e6detur langs Arctic Circle Trail til \"Udsigten\" | Sisimiut | Guide to Greenland","robots":{"index":"index","follow":"follow","max-snippet":"max-snippet:-1","max-image-preview":"max-image-preview:large","max-video-preview":"max-video-preview:-1"},"canonical":"https:\/\/guidetogreenland.com\/da\/reserver-ferie-rejser\/hundeslaedetur-langs-arctic-circle-trail-til-udsigten-sisimiut\/","og_locale":"da_DK","og_type":"article","og_title":"Hundesl\u00e6detur langs Arctic Circle Trail til \"Udsigten\" | Sisimiut | Guide to Greenland","og_description":"Tag p\u00e5 den ultimative Arktiske oplevelse hvor i f\u00f8lger et stykke af den ber\u00f8mte Arctic Circle Trail til et vidunderligt udkigspunkt over en fjord. Her kan man virkelig m\u00e6rke den friske luft. Dette heldagseventyr starter p\u00e5 det almindelige hundesl\u00e6despor og hopper s\u00e5 derefter p\u00e5 Arctic Circle Trail som er Gr\u00f8nlands mest popul\u00e6re vandrerute om sommeren....","og_url":"https:\/\/guidetogreenland.com\/da\/reserver-ferie-rejser\/hundeslaedetur-langs-arctic-circle-trail-til-udsigten-sisimiut\/","og_site_name":"Guide to Greenland","article_modified_time":"2021-03-15T01:53:35+00:00","og_image":[{"width":1973,"height":1478,"url":"https:\/\/guidetogreenland.com\/wp-content\/uploads\/2020\/05\/dog-sledding-the-arctic-circle-trail-to-the-viewpoint-sisimiut-Guide-to-Greenland5.jpg","type":"image\/jpeg"}],"twitter_card":"summary_large_image","twitter_misc":{"Estimeret l\u00e6setid":"2 minutter"},"schema":{"@context":"https:\/\/schema.org","@graph":[{"@type":"WebPage","@id":"https:\/\/guidetogreenland.com\/da\/reserver-ferie-rejser\/hundeslaedetur-langs-arctic-circle-trail-til-udsigten-sisimiut\/","url":"https:\/\/guidetogreenland.com\/da\/reserver-ferie-rejser\/hundeslaedetur-langs-arctic-circle-trail-til-udsigten-sisimiut\/","name":"Hundesl\u00e6detur langs Arctic Circle Trail til \"Udsigten\" | Sisimiut | Guide to Greenland","isPartOf":{"@id":"https:\/\/guidetogreenland.com\/da\/#website"},"primaryImageOfPage":{"@id":"https:\/\/guidetogreenland.com\/da\/reserver-ferie-rejser\/hundeslaedetur-langs-arctic-circle-trail-til-udsigten-sisimiut\/#primaryimage"},"image":{"@id":"https:\/\/guidetogreenland.com\/da\/reserver-ferie-rejser\/hundeslaedetur-langs-arctic-circle-trail-til-udsigten-sisimiut\/#primaryimage"},"thumbnailUrl":"https:\/\/guidetogreenland.com\/wp-content\/uploads\/2020\/05\/dog-sledding-the-arctic-circle-trail-to-the-viewpoint-sisimiut-Guide-to-Greenland5.jpg","datePublished":"2020-06-09T15:41:42+00:00","dateModified":"2021-03-15T01:53:35+00:00","breadcrumb":{"@id":"https:\/\/guidetogreenland.com\/da\/reserver-ferie-rejser\/hundeslaedetur-langs-arctic-circle-trail-til-udsigten-sisimiut\/#breadcrumb"},"inLanguage":"da-DK","potentialAction":[{"@type":"ReadAction","target":["https:\/\/guidetogreenland.com\/da\/reserver-ferie-rejser\/hundeslaedetur-langs-arctic-circle-trail-til-udsigten-sisimiut\/"]}]},{"@type":"ImageObject","inLanguage":"da-DK","@id":"https:\/\/guidetogreenland.com\/da\/reserver-ferie-rejser\/hundeslaedetur-langs-arctic-circle-trail-til-udsigten-sisimiut\/#primaryimage","url":"https:\/\/guidetogreenland.com\/wp-content\/uploads\/2020\/05\/dog-sledding-the-arctic-circle-trail-to-the-viewpoint-sisimiut-Guide-to-Greenland5.jpg","contentUrl":"https:\/\/guidetogreenland.com\/wp-content\/uploads\/2020\/05\/dog-sledding-the-arctic-circle-trail-to-the-viewpoint-sisimiut-Guide-to-Greenland5.jpg","width":1973,"height":1478},{"@type":"BreadcrumbList","@id":"https:\/\/guidetogreenland.com\/da\/reserver-ferie-rejser\/hundeslaedetur-langs-arctic-circle-trail-til-udsigten-sisimiut\/#breadcrumb","itemListElement":[{"@type":"ListItem","position":1,"name":"Home","item":"https:\/\/guidetogreenland.com\/da\/"},{"@type":"ListItem","position":2,"name":"Se alle ture","item":"https:\/\/guidetogreenland.com\/da\/reserver-ferie-rejser\/"},{"@type":"ListItem","position":3,"name":"Hundesl\u00e6detur langs Arctic Circle Trail til &#8220;Udsigten&#8221; | Sisimiut"}]},{"@type":"WebSite","@id":"https:\/\/guidetogreenland.com\/da\/#website","url":"https:\/\/guidetogreenland.com\/da\/","name":"Guide to Greenland","description":"Largest selection of tours in Greenland","potentialAction":[{"@type":"SearchAction","target":{"@type":"EntryPoint","urlTemplate":"https:\/\/guidetogreenland.com\/da\/?s={search_term_string}"},"query-input":{"@type":"PropertyValueSpecification","valueRequired":true,"valueName":"search_term_string"}}],"inLanguage":"da-DK"}]}},"_links":{"self":[{"href":"https:\/\/guidetogreenland.com\/da\/wp-json\/wp\/v2\/product\/16444","targetHints":{"allow":["GET"]}}],"collection":[{"href":"https:\/\/guidetogreenland.com\/da\/wp-json\/wp\/v2\/product"}],"about":[{"href":"https:\/\/guidetogreenland.com\/da\/wp-json\/wp\/v2\/types\/product"}],"replies":[{"embeddable":true,"href":"https:\/\/guidetogreenland.com\/da\/wp-json\/wp\/v2\/comments?post=16444"}],"wp:featuredmedia":[{"embeddable":true,"href":"https:\/\/guidetogreenland.com\/da\/wp-json\/wp\/v2\/media\/16446"}],"wp:attachment":[{"href":"https:\/\/guidetogreenland.com\/da\/wp-json\/wp\/v2\/media?parent=16444"}],"wp:term":[{"taxonomy":"product_brand","embeddable":true,"href":"https:\/\/guidetogreenland.com\/da\/wp-json\/wp\/v2\/product_brand?post=16444"},{"taxonomy":"product_cat","embeddable":true,"href":"https:\/\/guidetogreenland.com\/da\/wp-json\/wp\/v2\/product_cat?post=16444"},{"taxonomy":"product_tag","embeddable":true,"href":"https:\/\/guidetogreenland.com\/da\/wp-json\/wp\/v2\/product_tag?post=16444"}],"curies":[{"name":"wp","href":"https:\/\/api.w.org\/{rel}","templated":true}]}}