{"id":16451,"date":"2020-05-28T16:58:40","date_gmt":"2020-05-28T16:58:40","guid":{"rendered":"https:\/\/guidetogreenland.com\/book-trips-holiday\/dog-sledding-expedition-kangerlussuaq-to-sisimiut-west-greenland\/"},"modified":"2025-04-28T09:20:27","modified_gmt":"2025-04-28T12:20:27","slug":"dog-sledding-expedition-kangerlussuaq-to-sisimiut-west-greenland","status":"publish","type":"product","link":"https:\/\/guidetogreenland.com\/da\/reserver-ferie-rejser\/hundeslaede-ekspedition-kangerlussuaq-til-sisimiut-vest-gronland\/","title":{"rendered":"Hundesl\u00e6de-ekspedition | Kangerlussuaq til Sisimiut | Vest Gr\u00f8nland"},"content":{"rendered":"<div class=\"x-2ruu7e ewhm0490\">\n<div class=\"x-sqsvwz e1hc7val2\">\n<div class=\"x-13o7eu2 e1imf5dp1\">\n<div class=\"x-v4fa7v e1uuu2lt0\">\n<div class=\"x-7xwfhm e1imf5dp0\">\n<p class=\"x-18pep25\">Dette er et ekstraordin\u00e6rt eventyr\u00a0gennem det Gr\u00f8nlands vilde landskab, hvor de baske forhold ikke er for sarte sj\u00e6le. Denne oplevelse er en vaske\u00e6gte ekspedition, og hvad du f\u00e5r ud af det er klart pengene og besv\u00e6ret v\u00e6rd. Du kommer til at rejse gennem baglandet over is og fjeld, med dygtige og erfarne guider som vil l\u00e6re dig hemmelighederne bag hundesl\u00e6dek\u00f8rsel. Du kommer til at l\u00e6re de Gr\u00f8nlandske hunde godt at kende og forst\u00e5 hvor st\u00e6rke og nyttige de er mens du tester dine gr\u00e6nser ved at sove i afsides jagthytter og telt.<\/p>\n<p class=\"e1imf5dp0 x-jm2771\">Denne oplevelse kommer til at \u00e6ndre dit syn p\u00e5 hvordan mennesker og <span class=\"x-12abj6v e1uuu2lt3\">dyr kan arbejde t\u00e6t sammen n\u00e5r det kommer gennem barske omgivelser. Du bliver hurtigt et vigtigt medlem af teamet, hvor du hj\u00e6lper til med at forberede maden, fodre hundene og pakke camp ned s\u00e5 det kan passe p\u00e5 sl\u00e6den. Denne tur er en udfordring og er derfor ikke anbefalet for folk med helbredsproblemer eller d\u00e5rlig ryg. Under turen vil i komme igennem ukendte sneforhold, bestige og nedstige bakker og fjeld i temperaturer langt under frysepunktet. Det er derfor obligatorisk at leje ordentligt polar t\u00f8j og st\u00f8vler medmindre du har dit eget, hvilket ved vores erfaring er sj\u00e6ldent. Vi vil derfor beslutte hvorvidt dit eget kan bruges eller ej for at sikre dig en behagelig rejse.<\/span><\/p>\n<p class=\"e1imf5dp0 x-jm2771\"><span class=\"x-12abj6v e1uuu2lt3\">Turen starter normalt fra Kangerlussuaq og k\u00f8rer til Sisimiut, mens hvis du kunne t\u00e6nke dig at g\u00f8re det omvendt s\u00e5 kontakt os.<\/span><\/p>\n<\/div>\n<\/div>\n<\/div>\n<\/div>\n<\/div>\n<div>\n<div class=\"x-1bve0ae ewhm0490\">\n<div class=\"x-sqsvwz e1hc7val2\"><\/div>\n<\/div>\n<\/div>\n","protected":false},"excerpt":{"rendered":"Dette er et ekstraordin\u00e6rt eventyr\u00a0gennem det Gr\u00f8nlands vilde landskab, hvor de baske forhold ikke er for sarte sj\u00e6le. Denne oplevelse er en vaske\u00e6gte ekspedition, og hvad du f\u00e5r ud af det er klart pengene og besv\u00e6ret v\u00e6rd. Du kommer til at rejse gennem baglandet over is og fjeld, med dygtige og erfarne guider som vil&#8230;","protected":false},"featured_media":16453,"comment_status":"open","ping_status":"closed","template":"","meta":[],"product_brand":[],"product_cat":[628,622,607,612,619,593,635,627,643,646,657,633,641],"product_tag":[924,936],"class_list":{"0":"post-16451","1":"product","2":"type-product","3":"status-publish","4":"has-post-thumbnail","6":"product_cat-arctic-circle-trail","7":"product_cat-groenlandsk-kultur","8":"product_cat-hundeslaedeture","9":"product_cat-natur-og-dyreliv-i-groenland","10":"product_cat-nordlys-ture","11":"product_cat-oplevelser-i-groenland","12":"product_cat-pakkerejser","13":"product_cat-ture-i-bestemte-omraader","14":"product_cat-ture-i-hver-by","15":"product_cat-ture-i-kangerlussuaq","16":"product_cat-ture-i-sisimiut","17":"product_cat-vestgroenland","18":"product_cat-vinterrejser","19":"product_tag-kangerlussuaq-da","20":"product_tag-sisimiut-da","21":"pa_activities-hundeslaede","22":"pa_activities-nordlys","23":"pa_attractions-arctic-circle-trail-da","24":"pa_available-month-februar","25":"pa_available-month-marts","26":"pa_destinations-kangerlussuaq","27":"pa_difficulty-haard","28":"pa_duration-3-dage-da","29":"pa_tour-type-flerdags-ture","30":"yith_shop_vendor-dogsledge-taxi-da","31":"yith_booking_service-3-days-rent-of-clothes-and-shoes-per-person","33":"first","34":"instock","35":"virtual","36":"sold-individually","37":"purchasable","38":"product-type-booking"},"acf":[],"yoast_head":"<!-- This site is optimized with the Yoast SEO plugin v25.6 - https:\/\/yoast.com\/wordpress\/plugins\/seo\/ -->\n<title>Hundesl\u00e6de-ekspedition | Kangerlussuaq til Sisimiut | Vest Gr\u00f8nland | Guide to Greenland<\/title>\n<meta name=\"robots\" content=\"index, follow, max-snippet:-1, max-image-preview:large, max-video-preview:-1\" \/>\n<link rel=\"canonical\" href=\"https:\/\/guidetogreenland.com\/da\/reserver-ferie-rejser\/hundeslaede-ekspedition-kangerlussuaq-til-sisimiut-vest-gronland\/\" \/>\n<meta property=\"og:locale\" content=\"da_DK\" \/>\n<meta property=\"og:type\" content=\"article\" \/>\n<meta property=\"og:title\" content=\"Hundesl\u00e6de-ekspedition | Kangerlussuaq til Sisimiut | Vest Gr\u00f8nland | Guide to Greenland\" \/>\n<meta property=\"og:description\" content=\"Dette er et ekstraordin\u00e6rt eventyr\u00a0gennem det Gr\u00f8nlands vilde landskab, hvor de baske forhold ikke er for sarte sj\u00e6le. Denne oplevelse er en vaske\u00e6gte ekspedition, og hvad du f\u00e5r ud af det er klart pengene og besv\u00e6ret v\u00e6rd. Du kommer til at rejse gennem baglandet over is og fjeld, med dygtige og erfarne guider som vil...\" \/>\n<meta property=\"og:url\" content=\"https:\/\/guidetogreenland.com\/da\/reserver-ferie-rejser\/hundeslaede-ekspedition-kangerlussuaq-til-sisimiut-vest-gronland\/\" \/>\n<meta property=\"og:site_name\" content=\"Guide to Greenland\" \/>\n<meta property=\"article:modified_time\" content=\"2025-04-28T12:20:27+00:00\" \/>\n<meta property=\"og:image\" content=\"https:\/\/guidetogreenland.com\/wp-content\/uploads\/2020\/05\/dog-sledding-expedition-kangerlussuaq-to-sisimiut-west-greenland-Guide-to-Greenland11-scaled.jpeg\" \/>\n\t<meta property=\"og:image:width\" content=\"2560\" \/>\n\t<meta property=\"og:image:height\" content=\"1248\" \/>\n\t<meta property=\"og:image:type\" content=\"image\/jpeg\" \/>\n<meta name=\"twitter:card\" content=\"summary_large_image\" \/>\n<meta name=\"twitter:label1\" content=\"Estimeret l\u00e6setid\" \/>\n\t<meta name=\"twitter:data1\" content=\"2 minutter\" \/>\n<script type=\"application\/ld+json\" class=\"yoast-schema-graph\">{\"@context\":\"https:\/\/schema.org\",\"@graph\":[{\"@type\":\"WebPage\",\"@id\":\"https:\/\/guidetogreenland.com\/da\/reserver-ferie-rejser\/hundeslaede-ekspedition-kangerlussuaq-til-sisimiut-vest-gronland\/\",\"url\":\"https:\/\/guidetogreenland.com\/da\/reserver-ferie-rejser\/hundeslaede-ekspedition-kangerlussuaq-til-sisimiut-vest-gronland\/\",\"name\":\"Hundesl\u00e6de-ekspedition | Kangerlussuaq til Sisimiut | Vest Gr\u00f8nland | Guide to Greenland\",\"isPartOf\":{\"@id\":\"https:\/\/guidetogreenland.com\/da\/#website\"},\"primaryImageOfPage\":{\"@id\":\"https:\/\/guidetogreenland.com\/da\/reserver-ferie-rejser\/hundeslaede-ekspedition-kangerlussuaq-til-sisimiut-vest-gronland\/#primaryimage\"},\"image\":{\"@id\":\"https:\/\/guidetogreenland.com\/da\/reserver-ferie-rejser\/hundeslaede-ekspedition-kangerlussuaq-til-sisimiut-vest-gronland\/#primaryimage\"},\"thumbnailUrl\":\"https:\/\/guidetogreenland.com\/wp-content\/uploads\/2020\/05\/dog-sledding-expedition-kangerlussuaq-to-sisimiut-west-greenland-Guide-to-Greenland11-scaled.jpeg\",\"datePublished\":\"2020-05-28T16:58:40+00:00\",\"dateModified\":\"2025-04-28T12:20:27+00:00\",\"breadcrumb\":{\"@id\":\"https:\/\/guidetogreenland.com\/da\/reserver-ferie-rejser\/hundeslaede-ekspedition-kangerlussuaq-til-sisimiut-vest-gronland\/#breadcrumb\"},\"inLanguage\":\"da-DK\",\"potentialAction\":[{\"@type\":\"ReadAction\",\"target\":[\"https:\/\/guidetogreenland.com\/da\/reserver-ferie-rejser\/hundeslaede-ekspedition-kangerlussuaq-til-sisimiut-vest-gronland\/\"]}]},{\"@type\":\"ImageObject\",\"inLanguage\":\"da-DK\",\"@id\":\"https:\/\/guidetogreenland.com\/da\/reserver-ferie-rejser\/hundeslaede-ekspedition-kangerlussuaq-til-sisimiut-vest-gronland\/#primaryimage\",\"url\":\"https:\/\/guidetogreenland.com\/wp-content\/uploads\/2020\/05\/dog-sledding-expedition-kangerlussuaq-to-sisimiut-west-greenland-Guide-to-Greenland11-scaled.jpeg\",\"contentUrl\":\"https:\/\/guidetogreenland.com\/wp-content\/uploads\/2020\/05\/dog-sledding-expedition-kangerlussuaq-to-sisimiut-west-greenland-Guide-to-Greenland11-scaled.jpeg\",\"width\":2560,\"height\":1248},{\"@type\":\"BreadcrumbList\",\"@id\":\"https:\/\/guidetogreenland.com\/da\/reserver-ferie-rejser\/hundeslaede-ekspedition-kangerlussuaq-til-sisimiut-vest-gronland\/#breadcrumb\",\"itemListElement\":[{\"@type\":\"ListItem\",\"position\":1,\"name\":\"Home\",\"item\":\"https:\/\/guidetogreenland.com\/da\/\"},{\"@type\":\"ListItem\",\"position\":2,\"name\":\"Se alle ture\",\"item\":\"https:\/\/guidetogreenland.com\/da\/reserver-ferie-rejser\/\"},{\"@type\":\"ListItem\",\"position\":3,\"name\":\"Hundesl\u00e6de-ekspedition | Kangerlussuaq til Sisimiut | Vest Gr\u00f8nland\"}]},{\"@type\":\"WebSite\",\"@id\":\"https:\/\/guidetogreenland.com\/da\/#website\",\"url\":\"https:\/\/guidetogreenland.com\/da\/\",\"name\":\"Guide to Greenland\",\"description\":\"Largest selection of tours in Greenland\",\"potentialAction\":[{\"@type\":\"SearchAction\",\"target\":{\"@type\":\"EntryPoint\",\"urlTemplate\":\"https:\/\/guidetogreenland.com\/da\/?s={search_term_string}\"},\"query-input\":{\"@type\":\"PropertyValueSpecification\",\"valueRequired\":true,\"valueName\":\"search_term_string\"}}],\"inLanguage\":\"da-DK\"}]}<\/script>\n<!-- \/ Yoast SEO plugin. -->","yoast_head_json":{"title":"Hundesl\u00e6de-ekspedition | Kangerlussuaq til Sisimiut | Vest Gr\u00f8nland | Guide to Greenland","robots":{"index":"index","follow":"follow","max-snippet":"max-snippet:-1","max-image-preview":"max-image-preview:large","max-video-preview":"max-video-preview:-1"},"canonical":"https:\/\/guidetogreenland.com\/da\/reserver-ferie-rejser\/hundeslaede-ekspedition-kangerlussuaq-til-sisimiut-vest-gronland\/","og_locale":"da_DK","og_type":"article","og_title":"Hundesl\u00e6de-ekspedition | Kangerlussuaq til Sisimiut | Vest Gr\u00f8nland | Guide to Greenland","og_description":"Dette er et ekstraordin\u00e6rt eventyr\u00a0gennem det Gr\u00f8nlands vilde landskab, hvor de baske forhold ikke er for sarte sj\u00e6le. Denne oplevelse er en vaske\u00e6gte ekspedition, og hvad du f\u00e5r ud af det er klart pengene og besv\u00e6ret v\u00e6rd. Du kommer til at rejse gennem baglandet over is og fjeld, med dygtige og erfarne guider som vil...","og_url":"https:\/\/guidetogreenland.com\/da\/reserver-ferie-rejser\/hundeslaede-ekspedition-kangerlussuaq-til-sisimiut-vest-gronland\/","og_site_name":"Guide to Greenland","article_modified_time":"2025-04-28T12:20:27+00:00","og_image":[{"width":2560,"height":1248,"url":"https:\/\/guidetogreenland.com\/wp-content\/uploads\/2020\/05\/dog-sledding-expedition-kangerlussuaq-to-sisimiut-west-greenland-Guide-to-Greenland11-scaled.jpeg","type":"image\/jpeg"}],"twitter_card":"summary_large_image","twitter_misc":{"Estimeret l\u00e6setid":"2 minutter"},"schema":{"@context":"https:\/\/schema.org","@graph":[{"@type":"WebPage","@id":"https:\/\/guidetogreenland.com\/da\/reserver-ferie-rejser\/hundeslaede-ekspedition-kangerlussuaq-til-sisimiut-vest-gronland\/","url":"https:\/\/guidetogreenland.com\/da\/reserver-ferie-rejser\/hundeslaede-ekspedition-kangerlussuaq-til-sisimiut-vest-gronland\/","name":"Hundesl\u00e6de-ekspedition | Kangerlussuaq til Sisimiut | Vest Gr\u00f8nland | Guide to Greenland","isPartOf":{"@id":"https:\/\/guidetogreenland.com\/da\/#website"},"primaryImageOfPage":{"@id":"https:\/\/guidetogreenland.com\/da\/reserver-ferie-rejser\/hundeslaede-ekspedition-kangerlussuaq-til-sisimiut-vest-gronland\/#primaryimage"},"image":{"@id":"https:\/\/guidetogreenland.com\/da\/reserver-ferie-rejser\/hundeslaede-ekspedition-kangerlussuaq-til-sisimiut-vest-gronland\/#primaryimage"},"thumbnailUrl":"https:\/\/guidetogreenland.com\/wp-content\/uploads\/2020\/05\/dog-sledding-expedition-kangerlussuaq-to-sisimiut-west-greenland-Guide-to-Greenland11-scaled.jpeg","datePublished":"2020-05-28T16:58:40+00:00","dateModified":"2025-04-28T12:20:27+00:00","breadcrumb":{"@id":"https:\/\/guidetogreenland.com\/da\/reserver-ferie-rejser\/hundeslaede-ekspedition-kangerlussuaq-til-sisimiut-vest-gronland\/#breadcrumb"},"inLanguage":"da-DK","potentialAction":[{"@type":"ReadAction","target":["https:\/\/guidetogreenland.com\/da\/reserver-ferie-rejser\/hundeslaede-ekspedition-kangerlussuaq-til-sisimiut-vest-gronland\/"]}]},{"@type":"ImageObject","inLanguage":"da-DK","@id":"https:\/\/guidetogreenland.com\/da\/reserver-ferie-rejser\/hundeslaede-ekspedition-kangerlussuaq-til-sisimiut-vest-gronland\/#primaryimage","url":"https:\/\/guidetogreenland.com\/wp-content\/uploads\/2020\/05\/dog-sledding-expedition-kangerlussuaq-to-sisimiut-west-greenland-Guide-to-Greenland11-scaled.jpeg","contentUrl":"https:\/\/guidetogreenland.com\/wp-content\/uploads\/2020\/05\/dog-sledding-expedition-kangerlussuaq-to-sisimiut-west-greenland-Guide-to-Greenland11-scaled.jpeg","width":2560,"height":1248},{"@type":"BreadcrumbList","@id":"https:\/\/guidetogreenland.com\/da\/reserver-ferie-rejser\/hundeslaede-ekspedition-kangerlussuaq-til-sisimiut-vest-gronland\/#breadcrumb","itemListElement":[{"@type":"ListItem","position":1,"name":"Home","item":"https:\/\/guidetogreenland.com\/da\/"},{"@type":"ListItem","position":2,"name":"Se alle ture","item":"https:\/\/guidetogreenland.com\/da\/reserver-ferie-rejser\/"},{"@type":"ListItem","position":3,"name":"Hundesl\u00e6de-ekspedition | Kangerlussuaq til Sisimiut | Vest Gr\u00f8nland"}]},{"@type":"WebSite","@id":"https:\/\/guidetogreenland.com\/da\/#website","url":"https:\/\/guidetogreenland.com\/da\/","name":"Guide to Greenland","description":"Largest selection of tours in Greenland","potentialAction":[{"@type":"SearchAction","target":{"@type":"EntryPoint","urlTemplate":"https:\/\/guidetogreenland.com\/da\/?s={search_term_string}"},"query-input":{"@type":"PropertyValueSpecification","valueRequired":true,"valueName":"search_term_string"}}],"inLanguage":"da-DK"}]}},"_links":{"self":[{"href":"https:\/\/guidetogreenland.com\/da\/wp-json\/wp\/v2\/product\/16451","targetHints":{"allow":["GET"]}}],"collection":[{"href":"https:\/\/guidetogreenland.com\/da\/wp-json\/wp\/v2\/product"}],"about":[{"href":"https:\/\/guidetogreenland.com\/da\/wp-json\/wp\/v2\/types\/product"}],"replies":[{"embeddable":true,"href":"https:\/\/guidetogreenland.com\/da\/wp-json\/wp\/v2\/comments?post=16451"}],"wp:featuredmedia":[{"embeddable":true,"href":"https:\/\/guidetogreenland.com\/da\/wp-json\/wp\/v2\/media\/16453"}],"wp:attachment":[{"href":"https:\/\/guidetogreenland.com\/da\/wp-json\/wp\/v2\/media?parent=16451"}],"wp:term":[{"taxonomy":"product_brand","embeddable":true,"href":"https:\/\/guidetogreenland.com\/da\/wp-json\/wp\/v2\/product_brand?post=16451"},{"taxonomy":"product_cat","embeddable":true,"href":"https:\/\/guidetogreenland.com\/da\/wp-json\/wp\/v2\/product_cat?post=16451"},{"taxonomy":"product_tag","embeddable":true,"href":"https:\/\/guidetogreenland.com\/da\/wp-json\/wp\/v2\/product_tag?post=16451"}],"curies":[{"name":"wp","href":"https:\/\/api.w.org\/{rel}","templated":true}]}}