{"id":16464,"date":"2020-06-09T15:50:34","date_gmt":"2020-06-09T15:50:34","guid":{"rendered":"https:\/\/guidetogreenland.com\/book-trips-holiday\/cod-fishing-snow-crabs-sisimiut\/"},"modified":"2021-03-15T02:04:00","modified_gmt":"2021-03-15T02:04:00","slug":"cod-fishing-snow-crabs-sisimiut","status":"publish","type":"product","link":"https:\/\/guidetogreenland.com\/da\/reserver-ferie-rejser\/fisk-efter-torsk-og-snekrabbe-sisimiut\/","title":{"rendered":"Fisk efter torsk og snekrabbe | Sisimiut"},"content":{"rendered":"<p class=\"x-18pep25\">Tag med p\u00e5 denne traditionelle og mest popul\u00e6re fanger og fiskerb\u00e5d, og drag ud i det smukke arktiske hav, ud efter et godt sted at fange store torsk og forh\u00e5bentlig ogs\u00e5 f\u00e5 nogle snekrabber i nettet!<\/p>\n<p class=\"x-18pep25\">Turen passer til alle der godt kunne t\u00e6nke sig at pr\u00f8ve at fiske i Gr\u00f8nland, og vi kan n\u00e6sten garantere at du fanger noget! Hvis du \u00f8nsker er du ogs\u00e5 mere end velkommen til at tage al fangsten direkte hjem s\u00e5 det kan tilberedes til aftensmad.<\/p>\n<p class=\"e1imf5dp0 x-jm2771\">P\u00e5 vej ud til kaptajnens bedste fiskesteder, s\u00e5 er der god chance for at spotte s\u00e6ler, og muligvis ogs\u00e5 hvaler! Pukkelhvalen er en hyppig bes\u00f8gende mellem Maj<span class=\"x-12abj6v e1uuu2lt3\"> og Juli.<\/span><\/p>\n<p class=\"e1imf5dp0 x-jm2771\"><span class=\"x-12abj6v e1uuu2lt3\">Vi fisker ved at pilke, det er en super nem metode og alle kan pr\u00f8ve det af. Det betyder ogs\u00e5 at man kan v\u00e6re heldig at fange mere end \u00e9n fisk p\u00e5 linen, en super oplevelse!<\/span><\/p>\n<p class=\"e1imf5dp0 x-jm2771\"><span class=\"x-12abj6v e1uuu2lt3\">B\u00e5den er \u00e5ben men vi har en varm flyverdragt der nok skal holde dig dejlig varm, og redningsvest for sikkerheds skyld.<\/span><\/p>\n<p class=\"e1imf5dp0 x-jm2771\"><span class=\"x-12abj6v e1uuu2lt3\">G\u00e5 ikke glip af denne vidunderlige tur med en lokal ekspert og sejl ud i den smukke Gr\u00f8nlandske natur for at fange og sikre jeres aftensmad!<\/span><\/p>\n","protected":false},"excerpt":{"rendered":"Tag med p\u00e5 denne traditionelle og mest popul\u00e6re fanger og fiskerb\u00e5d, og drag ud i det smukke arktiske hav, ud efter et godt sted at fange store torsk og forh\u00e5bentlig ogs\u00e5 f\u00e5 nogle snekrabber i nettet! Turen passer til alle der godt kunne t\u00e6nke sig at pr\u00f8ve at fiske i Gr\u00f8nland, og vi kan n\u00e6sten&#8230;","protected":false},"featured_media":56392,"comment_status":"open","ping_status":"closed","template":"","meta":[],"product_brand":[],"product_cat":[628,594,605,613,612,593,627,643,657],"product_tag":[936],"class_list":{"0":"post-16464","1":"product","2":"type-product","3":"status-publish","4":"has-post-thumbnail","6":"product_cat-arctic-circle-trail","7":"product_cat-baadture","8":"product_cat-dagsture-om-sommeren","9":"product_cat-fisketure","10":"product_cat-natur-og-dyreliv-i-groenland","11":"product_cat-oplevelser-i-groenland","12":"product_cat-ture-i-bestemte-omraader","13":"product_cat-ture-i-hver-by","14":"product_cat-ture-i-sisimiut","15":"product_tag-sisimiut-da","16":"pa_activities-baadtur","17":"pa_activities-fiskeri","18":"pa_available-month-juni","19":"pa_available-month-juli","20":"pa_available-month-august","21":"pa_available-month-september","22":"pa_destinations-sisimiut","23":"pa_difficulty-let","24":"pa_duration-5-timer","25":"pa_tour-type-dagsture","26":"yith_shop_vendor-sisimiut-private-boat-safari-da","28":"first","29":"instock","30":"virtual","31":"sold-individually","32":"purchasable","33":"product-type-booking"},"acf":[],"yoast_head":"<!-- This site is optimized with the Yoast SEO plugin v25.6 - https:\/\/yoast.com\/wordpress\/plugins\/seo\/ -->\n<title>Fisk efter torsk og snekrabbe | Sisimiut | Guide to Greenland<\/title>\n<meta name=\"robots\" content=\"index, follow, max-snippet:-1, max-image-preview:large, max-video-preview:-1\" \/>\n<link rel=\"canonical\" href=\"https:\/\/guidetogreenland.com\/da\/reserver-ferie-rejser\/fisk-efter-torsk-og-snekrabbe-sisimiut\/\" \/>\n<meta property=\"og:locale\" content=\"da_DK\" \/>\n<meta property=\"og:type\" content=\"article\" \/>\n<meta property=\"og:title\" content=\"Fisk efter torsk og snekrabbe | Sisimiut | Guide to Greenland\" \/>\n<meta property=\"og:description\" content=\"Tag med p\u00e5 denne traditionelle og mest popul\u00e6re fanger og fiskerb\u00e5d, og drag ud i det smukke arktiske hav, ud efter et godt sted at fange store torsk og forh\u00e5bentlig ogs\u00e5 f\u00e5 nogle snekrabber i nettet! Turen passer til alle der godt kunne t\u00e6nke sig at pr\u00f8ve at fiske i Gr\u00f8nland, og vi kan n\u00e6sten...\" \/>\n<meta property=\"og:url\" content=\"https:\/\/guidetogreenland.com\/da\/reserver-ferie-rejser\/fisk-efter-torsk-og-snekrabbe-sisimiut\/\" \/>\n<meta property=\"og:site_name\" content=\"Guide to Greenland\" \/>\n<meta property=\"article:modified_time\" content=\"2021-03-15T02:04:00+00:00\" \/>\n<meta property=\"og:image\" content=\"https:\/\/guidetogreenland.com\/wp-content\/uploads\/2020\/05\/cod-fishing-snow-crabs-sisimiut-Guide-to-Greenland16.jpg\" \/>\n\t<meta property=\"og:image:width\" content=\"1853\" \/>\n\t<meta property=\"og:image:height\" content=\"1380\" \/>\n\t<meta property=\"og:image:type\" content=\"image\/jpeg\" \/>\n<meta name=\"twitter:card\" content=\"summary_large_image\" \/>\n<meta name=\"twitter:label1\" content=\"Estimeret l\u00e6setid\" \/>\n\t<meta name=\"twitter:data1\" content=\"1 minut\" \/>\n<script type=\"application\/ld+json\" class=\"yoast-schema-graph\">{\"@context\":\"https:\/\/schema.org\",\"@graph\":[{\"@type\":\"WebPage\",\"@id\":\"https:\/\/guidetogreenland.com\/da\/reserver-ferie-rejser\/fisk-efter-torsk-og-snekrabbe-sisimiut\/\",\"url\":\"https:\/\/guidetogreenland.com\/da\/reserver-ferie-rejser\/fisk-efter-torsk-og-snekrabbe-sisimiut\/\",\"name\":\"Fisk efter torsk og snekrabbe | Sisimiut | Guide to Greenland\",\"isPartOf\":{\"@id\":\"https:\/\/guidetogreenland.com\/da\/#website\"},\"primaryImageOfPage\":{\"@id\":\"https:\/\/guidetogreenland.com\/da\/reserver-ferie-rejser\/fisk-efter-torsk-og-snekrabbe-sisimiut\/#primaryimage\"},\"image\":{\"@id\":\"https:\/\/guidetogreenland.com\/da\/reserver-ferie-rejser\/fisk-efter-torsk-og-snekrabbe-sisimiut\/#primaryimage\"},\"thumbnailUrl\":\"https:\/\/guidetogreenland.com\/wp-content\/uploads\/2020\/06\/Private-Halibut-Antlantic-Wolffish-Fishing-Sisimiut.jpeg\",\"datePublished\":\"2020-06-09T15:50:34+00:00\",\"dateModified\":\"2021-03-15T02:04:00+00:00\",\"breadcrumb\":{\"@id\":\"https:\/\/guidetogreenland.com\/da\/reserver-ferie-rejser\/fisk-efter-torsk-og-snekrabbe-sisimiut\/#breadcrumb\"},\"inLanguage\":\"da-DK\",\"potentialAction\":[{\"@type\":\"ReadAction\",\"target\":[\"https:\/\/guidetogreenland.com\/da\/reserver-ferie-rejser\/fisk-efter-torsk-og-snekrabbe-sisimiut\/\"]}]},{\"@type\":\"ImageObject\",\"inLanguage\":\"da-DK\",\"@id\":\"https:\/\/guidetogreenland.com\/da\/reserver-ferie-rejser\/fisk-efter-torsk-og-snekrabbe-sisimiut\/#primaryimage\",\"url\":\"https:\/\/guidetogreenland.com\/wp-content\/uploads\/2020\/06\/Private-Halibut-Antlantic-Wolffish-Fishing-Sisimiut.jpeg\",\"contentUrl\":\"https:\/\/guidetogreenland.com\/wp-content\/uploads\/2020\/06\/Private-Halibut-Antlantic-Wolffish-Fishing-Sisimiut.jpeg\",\"width\":768,\"height\":1024},{\"@type\":\"BreadcrumbList\",\"@id\":\"https:\/\/guidetogreenland.com\/da\/reserver-ferie-rejser\/fisk-efter-torsk-og-snekrabbe-sisimiut\/#breadcrumb\",\"itemListElement\":[{\"@type\":\"ListItem\",\"position\":1,\"name\":\"Home\",\"item\":\"https:\/\/guidetogreenland.com\/da\/\"},{\"@type\":\"ListItem\",\"position\":2,\"name\":\"Se alle ture\",\"item\":\"https:\/\/guidetogreenland.com\/da\/reserver-ferie-rejser\/\"},{\"@type\":\"ListItem\",\"position\":3,\"name\":\"Fisk efter torsk og snekrabbe | Sisimiut\"}]},{\"@type\":\"WebSite\",\"@id\":\"https:\/\/guidetogreenland.com\/da\/#website\",\"url\":\"https:\/\/guidetogreenland.com\/da\/\",\"name\":\"Guide to Greenland\",\"description\":\"Largest selection of tours in Greenland\",\"potentialAction\":[{\"@type\":\"SearchAction\",\"target\":{\"@type\":\"EntryPoint\",\"urlTemplate\":\"https:\/\/guidetogreenland.com\/da\/?s={search_term_string}\"},\"query-input\":{\"@type\":\"PropertyValueSpecification\",\"valueRequired\":true,\"valueName\":\"search_term_string\"}}],\"inLanguage\":\"da-DK\"}]}<\/script>\n<!-- \/ Yoast SEO plugin. -->","yoast_head_json":{"title":"Fisk efter torsk og snekrabbe | Sisimiut | Guide to Greenland","robots":{"index":"index","follow":"follow","max-snippet":"max-snippet:-1","max-image-preview":"max-image-preview:large","max-video-preview":"max-video-preview:-1"},"canonical":"https:\/\/guidetogreenland.com\/da\/reserver-ferie-rejser\/fisk-efter-torsk-og-snekrabbe-sisimiut\/","og_locale":"da_DK","og_type":"article","og_title":"Fisk efter torsk og snekrabbe | Sisimiut | Guide to Greenland","og_description":"Tag med p\u00e5 denne traditionelle og mest popul\u00e6re fanger og fiskerb\u00e5d, og drag ud i det smukke arktiske hav, ud efter et godt sted at fange store torsk og forh\u00e5bentlig ogs\u00e5 f\u00e5 nogle snekrabber i nettet! Turen passer til alle der godt kunne t\u00e6nke sig at pr\u00f8ve at fiske i Gr\u00f8nland, og vi kan n\u00e6sten...","og_url":"https:\/\/guidetogreenland.com\/da\/reserver-ferie-rejser\/fisk-efter-torsk-og-snekrabbe-sisimiut\/","og_site_name":"Guide to Greenland","article_modified_time":"2021-03-15T02:04:00+00:00","og_image":[{"width":1853,"height":1380,"url":"https:\/\/guidetogreenland.com\/wp-content\/uploads\/2020\/05\/cod-fishing-snow-crabs-sisimiut-Guide-to-Greenland16.jpg","type":"image\/jpeg"}],"twitter_card":"summary_large_image","twitter_misc":{"Estimeret l\u00e6setid":"1 minut"},"schema":{"@context":"https:\/\/schema.org","@graph":[{"@type":"WebPage","@id":"https:\/\/guidetogreenland.com\/da\/reserver-ferie-rejser\/fisk-efter-torsk-og-snekrabbe-sisimiut\/","url":"https:\/\/guidetogreenland.com\/da\/reserver-ferie-rejser\/fisk-efter-torsk-og-snekrabbe-sisimiut\/","name":"Fisk efter torsk og snekrabbe | Sisimiut | Guide to Greenland","isPartOf":{"@id":"https:\/\/guidetogreenland.com\/da\/#website"},"primaryImageOfPage":{"@id":"https:\/\/guidetogreenland.com\/da\/reserver-ferie-rejser\/fisk-efter-torsk-og-snekrabbe-sisimiut\/#primaryimage"},"image":{"@id":"https:\/\/guidetogreenland.com\/da\/reserver-ferie-rejser\/fisk-efter-torsk-og-snekrabbe-sisimiut\/#primaryimage"},"thumbnailUrl":"https:\/\/guidetogreenland.com\/wp-content\/uploads\/2020\/06\/Private-Halibut-Antlantic-Wolffish-Fishing-Sisimiut.jpeg","datePublished":"2020-06-09T15:50:34+00:00","dateModified":"2021-03-15T02:04:00+00:00","breadcrumb":{"@id":"https:\/\/guidetogreenland.com\/da\/reserver-ferie-rejser\/fisk-efter-torsk-og-snekrabbe-sisimiut\/#breadcrumb"},"inLanguage":"da-DK","potentialAction":[{"@type":"ReadAction","target":["https:\/\/guidetogreenland.com\/da\/reserver-ferie-rejser\/fisk-efter-torsk-og-snekrabbe-sisimiut\/"]}]},{"@type":"ImageObject","inLanguage":"da-DK","@id":"https:\/\/guidetogreenland.com\/da\/reserver-ferie-rejser\/fisk-efter-torsk-og-snekrabbe-sisimiut\/#primaryimage","url":"https:\/\/guidetogreenland.com\/wp-content\/uploads\/2020\/06\/Private-Halibut-Antlantic-Wolffish-Fishing-Sisimiut.jpeg","contentUrl":"https:\/\/guidetogreenland.com\/wp-content\/uploads\/2020\/06\/Private-Halibut-Antlantic-Wolffish-Fishing-Sisimiut.jpeg","width":768,"height":1024},{"@type":"BreadcrumbList","@id":"https:\/\/guidetogreenland.com\/da\/reserver-ferie-rejser\/fisk-efter-torsk-og-snekrabbe-sisimiut\/#breadcrumb","itemListElement":[{"@type":"ListItem","position":1,"name":"Home","item":"https:\/\/guidetogreenland.com\/da\/"},{"@type":"ListItem","position":2,"name":"Se alle ture","item":"https:\/\/guidetogreenland.com\/da\/reserver-ferie-rejser\/"},{"@type":"ListItem","position":3,"name":"Fisk efter torsk og snekrabbe | Sisimiut"}]},{"@type":"WebSite","@id":"https:\/\/guidetogreenland.com\/da\/#website","url":"https:\/\/guidetogreenland.com\/da\/","name":"Guide to Greenland","description":"Largest selection of tours in Greenland","potentialAction":[{"@type":"SearchAction","target":{"@type":"EntryPoint","urlTemplate":"https:\/\/guidetogreenland.com\/da\/?s={search_term_string}"},"query-input":{"@type":"PropertyValueSpecification","valueRequired":true,"valueName":"search_term_string"}}],"inLanguage":"da-DK"}]}},"_links":{"self":[{"href":"https:\/\/guidetogreenland.com\/da\/wp-json\/wp\/v2\/product\/16464","targetHints":{"allow":["GET"]}}],"collection":[{"href":"https:\/\/guidetogreenland.com\/da\/wp-json\/wp\/v2\/product"}],"about":[{"href":"https:\/\/guidetogreenland.com\/da\/wp-json\/wp\/v2\/types\/product"}],"replies":[{"embeddable":true,"href":"https:\/\/guidetogreenland.com\/da\/wp-json\/wp\/v2\/comments?post=16464"}],"wp:featuredmedia":[{"embeddable":true,"href":"https:\/\/guidetogreenland.com\/da\/wp-json\/wp\/v2\/media\/56392"}],"wp:attachment":[{"href":"https:\/\/guidetogreenland.com\/da\/wp-json\/wp\/v2\/media?parent=16464"}],"wp:term":[{"taxonomy":"product_brand","embeddable":true,"href":"https:\/\/guidetogreenland.com\/da\/wp-json\/wp\/v2\/product_brand?post=16464"},{"taxonomy":"product_cat","embeddable":true,"href":"https:\/\/guidetogreenland.com\/da\/wp-json\/wp\/v2\/product_cat?post=16464"},{"taxonomy":"product_tag","embeddable":true,"href":"https:\/\/guidetogreenland.com\/da\/wp-json\/wp\/v2\/product_tag?post=16464"}],"curies":[{"name":"wp","href":"https:\/\/api.w.org\/{rel}","templated":true}]}}