{"id":16482,"date":"2020-06-09T13:26:08","date_gmt":"2020-06-09T13:26:08","guid":{"rendered":"https:\/\/guidetogreenland.com\/book-trips-holiday\/snowshoe-winter-hike-sisimiut\/"},"modified":"2023-06-02T14:52:41","modified_gmt":"2023-06-02T17:52:41","slug":"snowshoe-winter-hike-sisimiut","status":"publish","type":"product","link":"https:\/\/guidetogreenland.com\/da\/reserver-ferie-rejser\/sneskotur-sisimiut\/","title":{"rendered":"Sneskotur | Sisimiut"},"content":{"rendered":"<p class=\"x-18pep25\">Test dine evner med snesko og\u00a0opdag Sisimiuts smukke sned\u00e6kkede bagland! Vi vandrer langs fjeldene og tager sydp\u00e5 mod nogle oldgamle mor\u00e6ner hvor man tydeligt kan se gletsjernes effekt p\u00e5 landskabet mens de langsomt men sikkert har bev\u00e6get sig mod havet.<\/p>\n<p class=\"x-18pep25\">Vi kan v\u00e6re heldige at se dyreliv som sneharer og ryper, men de er godt kamouflerede s\u00e5 man skal have gode \u00f8jne!<\/p>\n<p class=\"x-18pep25\">Sneskoene hj\u00e6lper os fra at synke ned i den dybe sne, hvilket g\u00f8r det til en meget lettere vandretur.<\/p>\n<p class=\"e1imf5dp0 x-jm2771\">Ryperne fandt ud af at de kunne holde sig over sneen for l\u00e6nge siden! De gror faktisk en\u00a0speciel type fjer ved f\u00f8dderne n\u00e5r vinteren<span class=\"x-12abj6v e1uuu2lt3\"> kommer. Disse fjer skaber en naturlig isolering og spreder v\u00e6gten ud p\u00e5 en st\u00f8rre omkreds, hvilket er med til at holde dem fra at synke ned.<\/span><\/p>\n<p class=\"e1imf5dp0 x-jm2771\"><span class=\"x-12abj6v e1uuu2lt3\">Guiden kender terr\u00e6net som indersiden af sin egen lomme og tager jer med ud til nogle flotte udsigtspunkter. Her f\u00e5r i muligheden for at tage nogle fede billeder af vinter landskabet.\u00a0<\/span><\/p>\n<p class=\"e1imf5dp0 x-jm2771\"><span class=\"x-12abj6v e1uuu2lt3\">N\u00e5r i n\u00e5r halvvejs finder guiden termokanden frem s\u00e5 i kan nyde en kop kaffe eller te og varme jer lidt op mens guiden fort\u00e6ller historier om omr\u00e5det.<\/span><\/p>\n<p class=\"e1imf5dp0 x-jm2771\"><span class=\"x-12abj6v e1uuu2lt3\">Hvis dette lyder som en tur for dig s\u00e5 tag bare og tryk p\u00e5 &#8216;v\u00e6lg en dag&#8217; for oven og find en dato der passer dig!<\/span><\/p>\n","protected":false},"excerpt":{"rendered":"Test dine evner med snesko og\u00a0opdag Sisimiuts smukke sned\u00e6kkede bagland! Vi vandrer langs fjeldene og tager sydp\u00e5 mod nogle oldgamle mor\u00e6ner hvor man tydeligt kan se gletsjernes effekt p\u00e5 landskabet mens de langsomt men sikkert har bev\u00e6get sig mod havet. Vi kan v\u00e6re heldige at se dyreliv som sneharer og ryper, men de er godt&#8230;","protected":false},"featured_media":16483,"comment_status":"open","ping_status":"closed","template":"","meta":[],"product_brand":[],"product_cat":[628,606,593,611,627,643,657],"product_tag":[936],"class_list":{"0":"post-16482","1":"product","2":"type-product","3":"status-publish","4":"has-post-thumbnail","6":"product_cat-arctic-circle-trail","7":"product_cat-dagsture-om-vinteren","8":"product_cat-oplevelser-i-groenland","9":"product_cat-ski-og-sneskoture","10":"product_cat-ture-i-bestemte-omraader","11":"product_cat-ture-i-hver-by","12":"product_cat-ture-i-sisimiut","13":"product_tag-sisimiut-da","14":"pa_activities-snesko","15":"pa_available-month-januar","16":"pa_available-month-februar","17":"pa_available-month-marts","18":"pa_available-month-april","19":"pa_available-month-december","20":"pa_destinations-sisimiut","21":"pa_difficulty-moderat","22":"pa_duration-3-timer","23":"pa_tour-type-dagsture","24":"yith_shop_vendor-hotel-sisimiut-tours-da","26":"first","27":"instock","28":"virtual","29":"sold-individually","30":"purchasable","31":"product-type-booking"},"acf":[],"yoast_head":"<!-- This site is optimized with the Yoast SEO plugin v25.6 - https:\/\/yoast.com\/wordpress\/plugins\/seo\/ -->\n<title>Sneskotur | Sisimiut | Guide to Greenland<\/title>\n<meta name=\"robots\" content=\"index, follow, max-snippet:-1, max-image-preview:large, max-video-preview:-1\" \/>\n<link rel=\"canonical\" href=\"https:\/\/guidetogreenland.com\/da\/reserver-ferie-rejser\/sneskotur-sisimiut\/\" \/>\n<meta property=\"og:locale\" content=\"da_DK\" \/>\n<meta property=\"og:type\" content=\"article\" \/>\n<meta property=\"og:title\" content=\"Sneskotur | Sisimiut | Guide to Greenland\" \/>\n<meta property=\"og:description\" content=\"Test dine evner med snesko og\u00a0opdag Sisimiuts smukke sned\u00e6kkede bagland! Vi vandrer langs fjeldene og tager sydp\u00e5 mod nogle oldgamle mor\u00e6ner hvor man tydeligt kan se gletsjernes effekt p\u00e5 landskabet mens de langsomt men sikkert har bev\u00e6get sig mod havet. Vi kan v\u00e6re heldige at se dyreliv som sneharer og ryper, men de er godt...\" \/>\n<meta property=\"og:url\" content=\"https:\/\/guidetogreenland.com\/da\/reserver-ferie-rejser\/sneskotur-sisimiut\/\" \/>\n<meta property=\"og:site_name\" content=\"Guide to Greenland\" \/>\n<meta property=\"article:modified_time\" content=\"2023-06-02T17:52:41+00:00\" \/>\n<meta property=\"og:image\" content=\"https:\/\/guidetogreenland.com\/wp-content\/uploads\/2020\/05\/Snowshoe-Winter-Hike-Sisimiut-Guide-to-Greenland1.jpg\" \/>\n\t<meta property=\"og:image:width\" content=\"993\" \/>\n\t<meta property=\"og:image:height\" content=\"662\" \/>\n\t<meta property=\"og:image:type\" content=\"image\/jpeg\" \/>\n<meta name=\"twitter:card\" content=\"summary_large_image\" \/>\n<meta name=\"twitter:label1\" content=\"Estimeret l\u00e6setid\" \/>\n\t<meta name=\"twitter:data1\" content=\"1 minut\" \/>\n<script type=\"application\/ld+json\" class=\"yoast-schema-graph\">{\"@context\":\"https:\/\/schema.org\",\"@graph\":[{\"@type\":\"WebPage\",\"@id\":\"https:\/\/guidetogreenland.com\/da\/reserver-ferie-rejser\/sneskotur-sisimiut\/\",\"url\":\"https:\/\/guidetogreenland.com\/da\/reserver-ferie-rejser\/sneskotur-sisimiut\/\",\"name\":\"Sneskotur | Sisimiut | Guide to Greenland\",\"isPartOf\":{\"@id\":\"https:\/\/guidetogreenland.com\/da\/#website\"},\"primaryImageOfPage\":{\"@id\":\"https:\/\/guidetogreenland.com\/da\/reserver-ferie-rejser\/sneskotur-sisimiut\/#primaryimage\"},\"image\":{\"@id\":\"https:\/\/guidetogreenland.com\/da\/reserver-ferie-rejser\/sneskotur-sisimiut\/#primaryimage\"},\"thumbnailUrl\":\"https:\/\/guidetogreenland.com\/wp-content\/uploads\/2020\/05\/Snowshoe-Winter-Hike-Sisimiut-Guide-to-Greenland1.jpg\",\"datePublished\":\"2020-06-09T13:26:08+00:00\",\"dateModified\":\"2023-06-02T17:52:41+00:00\",\"breadcrumb\":{\"@id\":\"https:\/\/guidetogreenland.com\/da\/reserver-ferie-rejser\/sneskotur-sisimiut\/#breadcrumb\"},\"inLanguage\":\"da-DK\",\"potentialAction\":[{\"@type\":\"ReadAction\",\"target\":[\"https:\/\/guidetogreenland.com\/da\/reserver-ferie-rejser\/sneskotur-sisimiut\/\"]}]},{\"@type\":\"ImageObject\",\"inLanguage\":\"da-DK\",\"@id\":\"https:\/\/guidetogreenland.com\/da\/reserver-ferie-rejser\/sneskotur-sisimiut\/#primaryimage\",\"url\":\"https:\/\/guidetogreenland.com\/wp-content\/uploads\/2020\/05\/Snowshoe-Winter-Hike-Sisimiut-Guide-to-Greenland1.jpg\",\"contentUrl\":\"https:\/\/guidetogreenland.com\/wp-content\/uploads\/2020\/05\/Snowshoe-Winter-Hike-Sisimiut-Guide-to-Greenland1.jpg\",\"width\":993,\"height\":662},{\"@type\":\"BreadcrumbList\",\"@id\":\"https:\/\/guidetogreenland.com\/da\/reserver-ferie-rejser\/sneskotur-sisimiut\/#breadcrumb\",\"itemListElement\":[{\"@type\":\"ListItem\",\"position\":1,\"name\":\"Home\",\"item\":\"https:\/\/guidetogreenland.com\/da\/\"},{\"@type\":\"ListItem\",\"position\":2,\"name\":\"Se alle ture\",\"item\":\"https:\/\/guidetogreenland.com\/da\/reserver-ferie-rejser\/\"},{\"@type\":\"ListItem\",\"position\":3,\"name\":\"Sneskotur | Sisimiut\"}]},{\"@type\":\"WebSite\",\"@id\":\"https:\/\/guidetogreenland.com\/da\/#website\",\"url\":\"https:\/\/guidetogreenland.com\/da\/\",\"name\":\"Guide to Greenland\",\"description\":\"Largest selection of tours in Greenland\",\"potentialAction\":[{\"@type\":\"SearchAction\",\"target\":{\"@type\":\"EntryPoint\",\"urlTemplate\":\"https:\/\/guidetogreenland.com\/da\/?s={search_term_string}\"},\"query-input\":{\"@type\":\"PropertyValueSpecification\",\"valueRequired\":true,\"valueName\":\"search_term_string\"}}],\"inLanguage\":\"da-DK\"}]}<\/script>\n<!-- \/ Yoast SEO plugin. -->","yoast_head_json":{"title":"Sneskotur | Sisimiut | Guide to Greenland","robots":{"index":"index","follow":"follow","max-snippet":"max-snippet:-1","max-image-preview":"max-image-preview:large","max-video-preview":"max-video-preview:-1"},"canonical":"https:\/\/guidetogreenland.com\/da\/reserver-ferie-rejser\/sneskotur-sisimiut\/","og_locale":"da_DK","og_type":"article","og_title":"Sneskotur | Sisimiut | Guide to Greenland","og_description":"Test dine evner med snesko og\u00a0opdag Sisimiuts smukke sned\u00e6kkede bagland! Vi vandrer langs fjeldene og tager sydp\u00e5 mod nogle oldgamle mor\u00e6ner hvor man tydeligt kan se gletsjernes effekt p\u00e5 landskabet mens de langsomt men sikkert har bev\u00e6get sig mod havet. Vi kan v\u00e6re heldige at se dyreliv som sneharer og ryper, men de er godt...","og_url":"https:\/\/guidetogreenland.com\/da\/reserver-ferie-rejser\/sneskotur-sisimiut\/","og_site_name":"Guide to Greenland","article_modified_time":"2023-06-02T17:52:41+00:00","og_image":[{"width":993,"height":662,"url":"https:\/\/guidetogreenland.com\/wp-content\/uploads\/2020\/05\/Snowshoe-Winter-Hike-Sisimiut-Guide-to-Greenland1.jpg","type":"image\/jpeg"}],"twitter_card":"summary_large_image","twitter_misc":{"Estimeret l\u00e6setid":"1 minut"},"schema":{"@context":"https:\/\/schema.org","@graph":[{"@type":"WebPage","@id":"https:\/\/guidetogreenland.com\/da\/reserver-ferie-rejser\/sneskotur-sisimiut\/","url":"https:\/\/guidetogreenland.com\/da\/reserver-ferie-rejser\/sneskotur-sisimiut\/","name":"Sneskotur | Sisimiut | Guide to Greenland","isPartOf":{"@id":"https:\/\/guidetogreenland.com\/da\/#website"},"primaryImageOfPage":{"@id":"https:\/\/guidetogreenland.com\/da\/reserver-ferie-rejser\/sneskotur-sisimiut\/#primaryimage"},"image":{"@id":"https:\/\/guidetogreenland.com\/da\/reserver-ferie-rejser\/sneskotur-sisimiut\/#primaryimage"},"thumbnailUrl":"https:\/\/guidetogreenland.com\/wp-content\/uploads\/2020\/05\/Snowshoe-Winter-Hike-Sisimiut-Guide-to-Greenland1.jpg","datePublished":"2020-06-09T13:26:08+00:00","dateModified":"2023-06-02T17:52:41+00:00","breadcrumb":{"@id":"https:\/\/guidetogreenland.com\/da\/reserver-ferie-rejser\/sneskotur-sisimiut\/#breadcrumb"},"inLanguage":"da-DK","potentialAction":[{"@type":"ReadAction","target":["https:\/\/guidetogreenland.com\/da\/reserver-ferie-rejser\/sneskotur-sisimiut\/"]}]},{"@type":"ImageObject","inLanguage":"da-DK","@id":"https:\/\/guidetogreenland.com\/da\/reserver-ferie-rejser\/sneskotur-sisimiut\/#primaryimage","url":"https:\/\/guidetogreenland.com\/wp-content\/uploads\/2020\/05\/Snowshoe-Winter-Hike-Sisimiut-Guide-to-Greenland1.jpg","contentUrl":"https:\/\/guidetogreenland.com\/wp-content\/uploads\/2020\/05\/Snowshoe-Winter-Hike-Sisimiut-Guide-to-Greenland1.jpg","width":993,"height":662},{"@type":"BreadcrumbList","@id":"https:\/\/guidetogreenland.com\/da\/reserver-ferie-rejser\/sneskotur-sisimiut\/#breadcrumb","itemListElement":[{"@type":"ListItem","position":1,"name":"Home","item":"https:\/\/guidetogreenland.com\/da\/"},{"@type":"ListItem","position":2,"name":"Se alle ture","item":"https:\/\/guidetogreenland.com\/da\/reserver-ferie-rejser\/"},{"@type":"ListItem","position":3,"name":"Sneskotur | Sisimiut"}]},{"@type":"WebSite","@id":"https:\/\/guidetogreenland.com\/da\/#website","url":"https:\/\/guidetogreenland.com\/da\/","name":"Guide to Greenland","description":"Largest selection of tours in Greenland","potentialAction":[{"@type":"SearchAction","target":{"@type":"EntryPoint","urlTemplate":"https:\/\/guidetogreenland.com\/da\/?s={search_term_string}"},"query-input":{"@type":"PropertyValueSpecification","valueRequired":true,"valueName":"search_term_string"}}],"inLanguage":"da-DK"}]}},"_links":{"self":[{"href":"https:\/\/guidetogreenland.com\/da\/wp-json\/wp\/v2\/product\/16482","targetHints":{"allow":["GET"]}}],"collection":[{"href":"https:\/\/guidetogreenland.com\/da\/wp-json\/wp\/v2\/product"}],"about":[{"href":"https:\/\/guidetogreenland.com\/da\/wp-json\/wp\/v2\/types\/product"}],"replies":[{"embeddable":true,"href":"https:\/\/guidetogreenland.com\/da\/wp-json\/wp\/v2\/comments?post=16482"}],"wp:featuredmedia":[{"embeddable":true,"href":"https:\/\/guidetogreenland.com\/da\/wp-json\/wp\/v2\/media\/16483"}],"wp:attachment":[{"href":"https:\/\/guidetogreenland.com\/da\/wp-json\/wp\/v2\/media?parent=16482"}],"wp:term":[{"taxonomy":"product_brand","embeddable":true,"href":"https:\/\/guidetogreenland.com\/da\/wp-json\/wp\/v2\/product_brand?post=16482"},{"taxonomy":"product_cat","embeddable":true,"href":"https:\/\/guidetogreenland.com\/da\/wp-json\/wp\/v2\/product_cat?post=16482"},{"taxonomy":"product_tag","embeddable":true,"href":"https:\/\/guidetogreenland.com\/da\/wp-json\/wp\/v2\/product_tag?post=16482"}],"curies":[{"name":"wp","href":"https:\/\/api.w.org\/{rel}","templated":true}]}}