{"id":16486,"date":"2020-06-09T13:42:54","date_gmt":"2020-06-09T13:42:54","guid":{"rendered":"https:\/\/guidetogreenland.com\/book-trips-holiday\/stars-northern-lights-ride-sisimiut\/"},"modified":"2023-03-24T15:02:40","modified_gmt":"2023-03-24T18:02:40","slug":"stars-northern-lights-ride-sisimiut","status":"publish","type":"product","link":"https:\/\/guidetogreenland.com\/da\/reserver-ferie-rejser\/stjernehimmel-nordlystur-sisimiut\/","title":{"rendered":"Stjernehimmel &#038; Nordlystur | Sisimiut"},"content":{"rendered":"<p class=\"x-18pep25\">Tag med p\u00e5 dette magiske aften\u00a0eventyr med monster sl\u00e6den og udforsk m\u00f8rket blandt fjeldene! Vi k\u00f8rer ud i baglandet langt fra enhver lysforurening til nogle flotte udsigtspunkter for at f\u00e5 de bedste betingerlser for at se nordlys og en stjernerig nattehimmel.<\/p>\n<p class=\"x-18pep25\">Et af udsigtspunkterne kigger ud over selve byen Sisimiut, hvilket giver et fantastisk perspektiv over hvor meget natur der omgiver os i Gr\u00f8nland.<\/p>\n<p class=\"e1imf5dp0 x-jm2771\">Nordlyset kan forekomme n\u00e5r som helst og varierer i b\u00e5de styrke og farver, det handler bare om at v\u00e6re heldig. Selvom dette f\u00e6nomenale f\u00e6nomen m\u00e5ske ikke viser sig, kommer vi stadigv\u00e6k til at ha<span class=\"x-12abj6v e1uuu2lt3\">ve det sjovt og helt sikkert et bredt t\u00e6ppe af stjerner, et syn du sent vil glemme.<\/span><\/p>\n<p class=\"e1imf5dp0 x-jm2771\"><span class=\"x-12abj6v e1uuu2lt3\">Vi tager t\u00e6pper med ud for at du kan holde varmen, men det er stadig vigtigt at kl\u00e6de sig p\u00e5 s\u00e5 varmt som muligt. Det er en god id\u00e9 at kl\u00e6de sig p\u00e5 i flere lag af uld med en vindstopper som yderste lag.<\/span><\/p>\n<p class=\"e1imf5dp0 x-jm2771\"><span class=\"x-12abj6v e1uuu2lt3\">Sisimiut ligger lige i n\u00e6rheden af Polarcirklen, et omr\u00e5de velkendt for sine chancer for at se nordlys. S\u00e5 tag bare og put dine yndlingsuldsokker p\u00e5 og hop med p\u00e5 dette eventyr ud i polarnatten! Bare tryk p\u00e5 &#8216;v\u00e6lg en dag&#8217; for oven og find en dato der passer dig.<\/span><\/p>\n","protected":false},"excerpt":{"rendered":"Tag med p\u00e5 dette magiske aften\u00a0eventyr med monster sl\u00e6den og udforsk m\u00f8rket blandt fjeldene! Vi k\u00f8rer ud i baglandet langt fra enhver lysforurening til nogle flotte udsigtspunkter for at f\u00e5 de bedste betingerlser for at se nordlys og en stjernerig nattehimmel. Et af udsigtspunkterne kigger ud over selve byen Sisimiut, hvilket giver et fantastisk perspektiv&#8230;","protected":false},"featured_media":16487,"comment_status":"open","ping_status":"closed","template":"","meta":[],"product_brand":[],"product_cat":[854],"product_tag":[],"class_list":{"0":"post-16486","1":"product","2":"type-product","3":"status-publish","4":"has-post-thumbnail","6":"product_cat-uncategorized-da","7":"pa_activities-nordlys","8":"pa_activities-snesko","9":"pa_available-month-januar","10":"pa_available-month-februar","11":"pa_available-month-marts","12":"pa_available-month-september","13":"pa_available-month-oktober","14":"pa_available-month-november","15":"pa_available-month-december","16":"pa_destinations-sisimiut","17":"pa_difficulty-let","18":"pa_duration-1-time","19":"pa_tour-type-dagsture","20":"yith_shop_vendor-hotel-sisimiut-tours-da","22":"first","23":"instock","24":"virtual","25":"sold-individually","26":"purchasable","27":"product-type-booking"},"acf":[],"yoast_head":"<!-- This site is optimized with the Yoast SEO plugin v25.6 - https:\/\/yoast.com\/wordpress\/plugins\/seo\/ -->\n<title>Stjernehimmel &amp; Nordlystur | Sisimiut | Guide to Greenland<\/title>\n<meta name=\"robots\" content=\"index, follow, max-snippet:-1, max-image-preview:large, max-video-preview:-1\" \/>\n<link rel=\"canonical\" href=\"https:\/\/guidetogreenland.com\/da\/reserver-ferie-rejser\/stjernehimmel-nordlystur-sisimiut\/\" \/>\n<meta property=\"og:locale\" content=\"da_DK\" \/>\n<meta property=\"og:type\" content=\"article\" \/>\n<meta property=\"og:title\" content=\"Stjernehimmel &amp; Nordlystur | Sisimiut | Guide to Greenland\" \/>\n<meta property=\"og:description\" content=\"Tag med p\u00e5 dette magiske aften\u00a0eventyr med monster sl\u00e6den og udforsk m\u00f8rket blandt fjeldene! Vi k\u00f8rer ud i baglandet langt fra enhver lysforurening til nogle flotte udsigtspunkter for at f\u00e5 de bedste betingerlser for at se nordlys og en stjernerig nattehimmel. Et af udsigtspunkterne kigger ud over selve byen Sisimiut, hvilket giver et fantastisk perspektiv...\" \/>\n<meta property=\"og:url\" content=\"https:\/\/guidetogreenland.com\/da\/reserver-ferie-rejser\/stjernehimmel-nordlystur-sisimiut\/\" \/>\n<meta property=\"og:site_name\" content=\"Guide to Greenland\" \/>\n<meta property=\"article:modified_time\" content=\"2023-03-24T18:02:40+00:00\" \/>\n<meta property=\"og:image\" content=\"https:\/\/guidetogreenland.com\/wp-content\/uploads\/2020\/05\/Stars-Northern-Lights-Ride-Sisimiut-Guide-to-Greenland1.jpeg\" \/>\n\t<meta property=\"og:image:width\" content=\"997\" \/>\n\t<meta property=\"og:image:height\" content=\"662\" \/>\n\t<meta property=\"og:image:type\" content=\"image\/jpeg\" \/>\n<meta name=\"twitter:card\" content=\"summary_large_image\" \/>\n<meta name=\"twitter:label1\" content=\"Estimeret l\u00e6setid\" \/>\n\t<meta name=\"twitter:data1\" content=\"1 minut\" \/>\n<script type=\"application\/ld+json\" class=\"yoast-schema-graph\">{\"@context\":\"https:\/\/schema.org\",\"@graph\":[{\"@type\":\"WebPage\",\"@id\":\"https:\/\/guidetogreenland.com\/da\/reserver-ferie-rejser\/stjernehimmel-nordlystur-sisimiut\/\",\"url\":\"https:\/\/guidetogreenland.com\/da\/reserver-ferie-rejser\/stjernehimmel-nordlystur-sisimiut\/\",\"name\":\"Stjernehimmel & Nordlystur | Sisimiut | Guide to Greenland\",\"isPartOf\":{\"@id\":\"https:\/\/guidetogreenland.com\/da\/#website\"},\"primaryImageOfPage\":{\"@id\":\"https:\/\/guidetogreenland.com\/da\/reserver-ferie-rejser\/stjernehimmel-nordlystur-sisimiut\/#primaryimage\"},\"image\":{\"@id\":\"https:\/\/guidetogreenland.com\/da\/reserver-ferie-rejser\/stjernehimmel-nordlystur-sisimiut\/#primaryimage\"},\"thumbnailUrl\":\"https:\/\/guidetogreenland.com\/wp-content\/uploads\/2020\/05\/Stars-Northern-Lights-Ride-Sisimiut-Guide-to-Greenland1.jpeg\",\"datePublished\":\"2020-06-09T13:42:54+00:00\",\"dateModified\":\"2023-03-24T18:02:40+00:00\",\"breadcrumb\":{\"@id\":\"https:\/\/guidetogreenland.com\/da\/reserver-ferie-rejser\/stjernehimmel-nordlystur-sisimiut\/#breadcrumb\"},\"inLanguage\":\"da-DK\",\"potentialAction\":[{\"@type\":\"ReadAction\",\"target\":[\"https:\/\/guidetogreenland.com\/da\/reserver-ferie-rejser\/stjernehimmel-nordlystur-sisimiut\/\"]}]},{\"@type\":\"ImageObject\",\"inLanguage\":\"da-DK\",\"@id\":\"https:\/\/guidetogreenland.com\/da\/reserver-ferie-rejser\/stjernehimmel-nordlystur-sisimiut\/#primaryimage\",\"url\":\"https:\/\/guidetogreenland.com\/wp-content\/uploads\/2020\/05\/Stars-Northern-Lights-Ride-Sisimiut-Guide-to-Greenland1.jpeg\",\"contentUrl\":\"https:\/\/guidetogreenland.com\/wp-content\/uploads\/2020\/05\/Stars-Northern-Lights-Ride-Sisimiut-Guide-to-Greenland1.jpeg\",\"width\":997,\"height\":662},{\"@type\":\"BreadcrumbList\",\"@id\":\"https:\/\/guidetogreenland.com\/da\/reserver-ferie-rejser\/stjernehimmel-nordlystur-sisimiut\/#breadcrumb\",\"itemListElement\":[{\"@type\":\"ListItem\",\"position\":1,\"name\":\"Home\",\"item\":\"https:\/\/guidetogreenland.com\/da\/\"},{\"@type\":\"ListItem\",\"position\":2,\"name\":\"Se alle ture\",\"item\":\"https:\/\/guidetogreenland.com\/da\/reserver-ferie-rejser\/\"},{\"@type\":\"ListItem\",\"position\":3,\"name\":\"Stjernehimmel &#038; Nordlystur | Sisimiut\"}]},{\"@type\":\"WebSite\",\"@id\":\"https:\/\/guidetogreenland.com\/da\/#website\",\"url\":\"https:\/\/guidetogreenland.com\/da\/\",\"name\":\"Guide to Greenland\",\"description\":\"Largest selection of tours in Greenland\",\"potentialAction\":[{\"@type\":\"SearchAction\",\"target\":{\"@type\":\"EntryPoint\",\"urlTemplate\":\"https:\/\/guidetogreenland.com\/da\/?s={search_term_string}\"},\"query-input\":{\"@type\":\"PropertyValueSpecification\",\"valueRequired\":true,\"valueName\":\"search_term_string\"}}],\"inLanguage\":\"da-DK\"}]}<\/script>\n<!-- \/ Yoast SEO plugin. -->","yoast_head_json":{"title":"Stjernehimmel & Nordlystur | Sisimiut | Guide to Greenland","robots":{"index":"index","follow":"follow","max-snippet":"max-snippet:-1","max-image-preview":"max-image-preview:large","max-video-preview":"max-video-preview:-1"},"canonical":"https:\/\/guidetogreenland.com\/da\/reserver-ferie-rejser\/stjernehimmel-nordlystur-sisimiut\/","og_locale":"da_DK","og_type":"article","og_title":"Stjernehimmel & Nordlystur | Sisimiut | Guide to Greenland","og_description":"Tag med p\u00e5 dette magiske aften\u00a0eventyr med monster sl\u00e6den og udforsk m\u00f8rket blandt fjeldene! Vi k\u00f8rer ud i baglandet langt fra enhver lysforurening til nogle flotte udsigtspunkter for at f\u00e5 de bedste betingerlser for at se nordlys og en stjernerig nattehimmel. Et af udsigtspunkterne kigger ud over selve byen Sisimiut, hvilket giver et fantastisk perspektiv...","og_url":"https:\/\/guidetogreenland.com\/da\/reserver-ferie-rejser\/stjernehimmel-nordlystur-sisimiut\/","og_site_name":"Guide to Greenland","article_modified_time":"2023-03-24T18:02:40+00:00","og_image":[{"width":997,"height":662,"url":"https:\/\/guidetogreenland.com\/wp-content\/uploads\/2020\/05\/Stars-Northern-Lights-Ride-Sisimiut-Guide-to-Greenland1.jpeg","type":"image\/jpeg"}],"twitter_card":"summary_large_image","twitter_misc":{"Estimeret l\u00e6setid":"1 minut"},"schema":{"@context":"https:\/\/schema.org","@graph":[{"@type":"WebPage","@id":"https:\/\/guidetogreenland.com\/da\/reserver-ferie-rejser\/stjernehimmel-nordlystur-sisimiut\/","url":"https:\/\/guidetogreenland.com\/da\/reserver-ferie-rejser\/stjernehimmel-nordlystur-sisimiut\/","name":"Stjernehimmel & Nordlystur | Sisimiut | Guide to Greenland","isPartOf":{"@id":"https:\/\/guidetogreenland.com\/da\/#website"},"primaryImageOfPage":{"@id":"https:\/\/guidetogreenland.com\/da\/reserver-ferie-rejser\/stjernehimmel-nordlystur-sisimiut\/#primaryimage"},"image":{"@id":"https:\/\/guidetogreenland.com\/da\/reserver-ferie-rejser\/stjernehimmel-nordlystur-sisimiut\/#primaryimage"},"thumbnailUrl":"https:\/\/guidetogreenland.com\/wp-content\/uploads\/2020\/05\/Stars-Northern-Lights-Ride-Sisimiut-Guide-to-Greenland1.jpeg","datePublished":"2020-06-09T13:42:54+00:00","dateModified":"2023-03-24T18:02:40+00:00","breadcrumb":{"@id":"https:\/\/guidetogreenland.com\/da\/reserver-ferie-rejser\/stjernehimmel-nordlystur-sisimiut\/#breadcrumb"},"inLanguage":"da-DK","potentialAction":[{"@type":"ReadAction","target":["https:\/\/guidetogreenland.com\/da\/reserver-ferie-rejser\/stjernehimmel-nordlystur-sisimiut\/"]}]},{"@type":"ImageObject","inLanguage":"da-DK","@id":"https:\/\/guidetogreenland.com\/da\/reserver-ferie-rejser\/stjernehimmel-nordlystur-sisimiut\/#primaryimage","url":"https:\/\/guidetogreenland.com\/wp-content\/uploads\/2020\/05\/Stars-Northern-Lights-Ride-Sisimiut-Guide-to-Greenland1.jpeg","contentUrl":"https:\/\/guidetogreenland.com\/wp-content\/uploads\/2020\/05\/Stars-Northern-Lights-Ride-Sisimiut-Guide-to-Greenland1.jpeg","width":997,"height":662},{"@type":"BreadcrumbList","@id":"https:\/\/guidetogreenland.com\/da\/reserver-ferie-rejser\/stjernehimmel-nordlystur-sisimiut\/#breadcrumb","itemListElement":[{"@type":"ListItem","position":1,"name":"Home","item":"https:\/\/guidetogreenland.com\/da\/"},{"@type":"ListItem","position":2,"name":"Se alle ture","item":"https:\/\/guidetogreenland.com\/da\/reserver-ferie-rejser\/"},{"@type":"ListItem","position":3,"name":"Stjernehimmel &#038; Nordlystur | Sisimiut"}]},{"@type":"WebSite","@id":"https:\/\/guidetogreenland.com\/da\/#website","url":"https:\/\/guidetogreenland.com\/da\/","name":"Guide to Greenland","description":"Largest selection of tours in Greenland","potentialAction":[{"@type":"SearchAction","target":{"@type":"EntryPoint","urlTemplate":"https:\/\/guidetogreenland.com\/da\/?s={search_term_string}"},"query-input":{"@type":"PropertyValueSpecification","valueRequired":true,"valueName":"search_term_string"}}],"inLanguage":"da-DK"}]}},"_links":{"self":[{"href":"https:\/\/guidetogreenland.com\/da\/wp-json\/wp\/v2\/product\/16486","targetHints":{"allow":["GET"]}}],"collection":[{"href":"https:\/\/guidetogreenland.com\/da\/wp-json\/wp\/v2\/product"}],"about":[{"href":"https:\/\/guidetogreenland.com\/da\/wp-json\/wp\/v2\/types\/product"}],"replies":[{"embeddable":true,"href":"https:\/\/guidetogreenland.com\/da\/wp-json\/wp\/v2\/comments?post=16486"}],"wp:featuredmedia":[{"embeddable":true,"href":"https:\/\/guidetogreenland.com\/da\/wp-json\/wp\/v2\/media\/16487"}],"wp:attachment":[{"href":"https:\/\/guidetogreenland.com\/da\/wp-json\/wp\/v2\/media?parent=16486"}],"wp:term":[{"taxonomy":"product_brand","embeddable":true,"href":"https:\/\/guidetogreenland.com\/da\/wp-json\/wp\/v2\/product_brand?post=16486"},{"taxonomy":"product_cat","embeddable":true,"href":"https:\/\/guidetogreenland.com\/da\/wp-json\/wp\/v2\/product_cat?post=16486"},{"taxonomy":"product_tag","embeddable":true,"href":"https:\/\/guidetogreenland.com\/da\/wp-json\/wp\/v2\/product_tag?post=16486"}],"curies":[{"name":"wp","href":"https:\/\/api.w.org\/{rel}","templated":true}]}}