{"id":16489,"date":"2020-07-08T09:46:55","date_gmt":"2020-07-08T09:46:55","guid":{"rendered":"https:\/\/guidetogreenland.com\/book-trips-holiday\/the-fjord-of-glaciers-tasiilaq-east-greenland\/"},"modified":"2021-03-15T02:18:45","modified_gmt":"2021-03-15T02:18:45","slug":"the-fjord-of-glaciers-tasiilaq-east-greenland","status":"publish","type":"product","link":"https:\/\/guidetogreenland.com\/da\/reserver-ferie-rejser\/glaciernes-fjord-tasiilaq-ost-gronland\/","title":{"rendered":"Glaciernes Fjord | Tasiilaq | \u00d8st Gr\u00f8nland"},"content":{"rendered":"<p class=\"x-18pep25\">Oplev en af\u00a0\u00d8st Gr\u00f8nlands mest eftertragtede destinationer, kom med p\u00e5 denne\u00a0 rejse der tager dig dybt ind i Glaciernes fjord, Sermilik. Dette er den perfekte tur for dig, der vil opleve arktis vidundre fra glacier til isbjerge.<\/p>\n<p class=\"x-18pep25\">Sermilik betyder &#8220;Stedet med glaciere&#8221;. Fjorden er omtrent 100 kilometer lang\u00a0og\u00a0huser blandt andet Helheim, Fernis og Midgaard glacierne,\u00a0 alle glacierne er grene til Indlandsisen.\u00a0 Fjordens is har v\u00e6ret frosen i over 3 millioner \u00e5r og er en af istidens antikviteter.<\/p>\n<p class=\"e1imf5dp0 x-jm2771\">Din rejse starter i Tasiilaq heliport, hvor du og dine medrejsende bliver vidst ud til helikopteren. F\u00f8<span class=\"x-12abj6v e1uuu2lt3\">r afgang, vil Air Greenlands erfarne pilot give en kort orientering over turens rute og h\u00f8jdepunkter. Sp\u00e6nd din sikkerhedssele og let vingerne!<\/span><\/p>\n<p class=\"e1imf5dp0 x-jm2771\"><span class=\"x-12abj6v e1uuu2lt3\">Turen g\u00e5 nord\u00f8st for Tasiilaq, hvor du vil rejse ind i den evige fjord. Undervejs vil du kunne se glaciernes l\u00f8srevne is, p\u00e5 deres rejse mod verdens syvhave. De hvide og lysebl\u00e5 nuancerede isbjerge danner den smukkeste konstrast til det m\u00f8rkebl\u00e5 hav, og konstrasten vil dekorere enhver rejsende med sk\u00f8ndhed! Piloten lander p\u00e5 fastlandet, hvor du har en enest\u00e5ende mulighed at opleve en af fjordens isbr\u00e6e p\u00e5 t\u00e6t hold.\u00a0 I takt med at verdens stigende temperaturer smelter indlandsisen og dens glaciere, dette g\u00f8r ogs\u00e5 at isen l\u00f8sriver sig og producerer isbjerge i massevis. De mange isbjerge og isbr\u00e6en kreere en billedsk\u00f8nt landskab, der ikke vil kunne findes noget andet sted\u00a0verden! Nyd den fortryllende udsigt og skab minder for livet.\u00a0<\/span><\/p>\n<p class=\"e1imf5dp0 x-jm2771\"><span class=\"x-12abj6v e1uuu2lt3\">Pak din taske og tag dit kamera under armen! G\u00e5 ikke glip af dette vidunder af en tur, du kan tjekke muligheden for at komme med ved at trykke p\u00e5 &#8216;V\u00e6lg en dato&#8217; oppe til h\u00f8jre.<\/span><\/p>\n","protected":false},"excerpt":{"rendered":"Oplev en af\u00a0\u00d8st Gr\u00f8nlands mest eftertragtede destinationer, kom med p\u00e5 denne\u00a0 rejse der tager dig dybt ind i Glaciernes fjord, Sermilik. Dette er den perfekte tur for dig, der vil opleve arktis vidundre fra glacier til isbjerge. Sermilik betyder &#8220;Stedet med glaciere&#8221;. Fjorden er omtrent 100 kilometer lang\u00a0og\u00a0huser blandt andet Helheim, Fernis og Midgaard glacierne,\u00a0&#8230;","protected":false},"featured_media":16490,"comment_status":"open","ping_status":"closed","template":"","meta":[],"product_brand":[],"product_cat":[621,605,606,604,614,612,593,630,627,643,658],"product_tag":[937],"class_list":{"0":"post-16489","1":"product","2":"type-product","3":"status-publish","4":"has-post-thumbnail","6":"product_cat-charterture","7":"product_cat-dagsture-om-sommeren","8":"product_cat-dagsture-om-vinteren","9":"product_cat-fly-og-helikopterture","10":"product_cat-gletsjer-og-indlandsisen","11":"product_cat-natur-og-dyreliv-i-groenland","12":"product_cat-oplevelser-i-groenland","13":"product_cat-oestgroenland","14":"product_cat-ture-i-bestemte-omraader","15":"product_cat-ture-i-hver-by","16":"product_cat-ture-i-tasiilaq","17":"product_tag-tasiilaq-da","18":"pa_activities-gletscher-udsigt","19":"pa_attractions-sermilik-fjord","20":"pa_destinations-tasiilaq","21":"pa_difficulty-let","22":"pa_duration-1-5-time","23":"pa_tour-type-dagsture","24":"yith_shop_vendor-air-greenland-da","26":"first","27":"instock","28":"virtual","29":"sold-individually","30":"purchasable","31":"product-type-booking"},"acf":[],"yoast_head":"<!-- This site is optimized with the Yoast SEO plugin v25.6 - https:\/\/yoast.com\/wordpress\/plugins\/seo\/ -->\n<title>Glaciernes Fjord | Tasiilaq | \u00d8st Gr\u00f8nland | Guide to Greenland<\/title>\n<meta name=\"description\" content=\"G\u00e5 ind i denne isfjeldsfjord med helikopter og bes\u00f8g dens gletscher. Et stykke af Gr\u00f8nlands iskappe skal udforskes p\u00e5 dette eventyr.\" \/>\n<meta name=\"robots\" content=\"index, follow, max-snippet:-1, max-image-preview:large, max-video-preview:-1\" \/>\n<link rel=\"canonical\" href=\"https:\/\/guidetogreenland.com\/da\/reserver-ferie-rejser\/glaciernes-fjord-tasiilaq-ost-gronland\/\" \/>\n<meta property=\"og:locale\" content=\"da_DK\" \/>\n<meta property=\"og:type\" content=\"article\" \/>\n<meta property=\"og:title\" content=\"Glaciernes Fjord | Tasiilaq | \u00d8st Gr\u00f8nland | Guide to Greenland\" \/>\n<meta property=\"og:description\" content=\"G\u00e5 ind i denne isfjeldsfjord med helikopter og bes\u00f8g dens gletscher. Et stykke af Gr\u00f8nlands iskappe skal udforskes p\u00e5 dette eventyr.\" \/>\n<meta property=\"og:url\" content=\"https:\/\/guidetogreenland.com\/da\/reserver-ferie-rejser\/glaciernes-fjord-tasiilaq-ost-gronland\/\" \/>\n<meta property=\"og:site_name\" content=\"Guide to Greenland\" \/>\n<meta property=\"article:modified_time\" content=\"2021-03-15T02:18:45+00:00\" \/>\n<meta property=\"og:image\" content=\"https:\/\/guidetogreenland.com\/wp-content\/uploads\/2020\/05\/The-Fjord-of-Glaciers-Tasiilaq-East-Greenland-Guide-to-Greenland.jpeg\" \/>\n\t<meta property=\"og:image:width\" content=\"1161\" \/>\n\t<meta property=\"og:image:height\" content=\"653\" \/>\n\t<meta property=\"og:image:type\" content=\"image\/jpeg\" \/>\n<meta name=\"twitter:card\" content=\"summary_large_image\" \/>\n<meta name=\"twitter:label1\" content=\"Estimeret l\u00e6setid\" \/>\n\t<meta name=\"twitter:data1\" content=\"2 minutter\" \/>\n<script type=\"application\/ld+json\" class=\"yoast-schema-graph\">{\"@context\":\"https:\/\/schema.org\",\"@graph\":[{\"@type\":\"WebPage\",\"@id\":\"https:\/\/guidetogreenland.com\/da\/reserver-ferie-rejser\/glaciernes-fjord-tasiilaq-ost-gronland\/\",\"url\":\"https:\/\/guidetogreenland.com\/da\/reserver-ferie-rejser\/glaciernes-fjord-tasiilaq-ost-gronland\/\",\"name\":\"Glaciernes Fjord | Tasiilaq | \u00d8st Gr\u00f8nland | Guide to Greenland\",\"isPartOf\":{\"@id\":\"https:\/\/guidetogreenland.com\/da\/#website\"},\"primaryImageOfPage\":{\"@id\":\"https:\/\/guidetogreenland.com\/da\/reserver-ferie-rejser\/glaciernes-fjord-tasiilaq-ost-gronland\/#primaryimage\"},\"image\":{\"@id\":\"https:\/\/guidetogreenland.com\/da\/reserver-ferie-rejser\/glaciernes-fjord-tasiilaq-ost-gronland\/#primaryimage\"},\"thumbnailUrl\":\"https:\/\/guidetogreenland.com\/wp-content\/uploads\/2020\/05\/The-Fjord-of-Glaciers-Tasiilaq-East-Greenland-Guide-to-Greenland.jpeg\",\"datePublished\":\"2020-07-08T09:46:55+00:00\",\"dateModified\":\"2021-03-15T02:18:45+00:00\",\"description\":\"G\u00e5 ind i denne isfjeldsfjord med helikopter og bes\u00f8g dens gletscher. Et stykke af Gr\u00f8nlands iskappe skal udforskes p\u00e5 dette eventyr.\",\"breadcrumb\":{\"@id\":\"https:\/\/guidetogreenland.com\/da\/reserver-ferie-rejser\/glaciernes-fjord-tasiilaq-ost-gronland\/#breadcrumb\"},\"inLanguage\":\"da-DK\",\"potentialAction\":[{\"@type\":\"ReadAction\",\"target\":[\"https:\/\/guidetogreenland.com\/da\/reserver-ferie-rejser\/glaciernes-fjord-tasiilaq-ost-gronland\/\"]}]},{\"@type\":\"ImageObject\",\"inLanguage\":\"da-DK\",\"@id\":\"https:\/\/guidetogreenland.com\/da\/reserver-ferie-rejser\/glaciernes-fjord-tasiilaq-ost-gronland\/#primaryimage\",\"url\":\"https:\/\/guidetogreenland.com\/wp-content\/uploads\/2020\/05\/The-Fjord-of-Glaciers-Tasiilaq-East-Greenland-Guide-to-Greenland.jpeg\",\"contentUrl\":\"https:\/\/guidetogreenland.com\/wp-content\/uploads\/2020\/05\/The-Fjord-of-Glaciers-Tasiilaq-East-Greenland-Guide-to-Greenland.jpeg\",\"width\":1161,\"height\":653},{\"@type\":\"BreadcrumbList\",\"@id\":\"https:\/\/guidetogreenland.com\/da\/reserver-ferie-rejser\/glaciernes-fjord-tasiilaq-ost-gronland\/#breadcrumb\",\"itemListElement\":[{\"@type\":\"ListItem\",\"position\":1,\"name\":\"Home\",\"item\":\"https:\/\/guidetogreenland.com\/da\/\"},{\"@type\":\"ListItem\",\"position\":2,\"name\":\"Se alle ture\",\"item\":\"https:\/\/guidetogreenland.com\/da\/reserver-ferie-rejser\/\"},{\"@type\":\"ListItem\",\"position\":3,\"name\":\"Glaciernes Fjord | Tasiilaq | \u00d8st Gr\u00f8nland\"}]},{\"@type\":\"WebSite\",\"@id\":\"https:\/\/guidetogreenland.com\/da\/#website\",\"url\":\"https:\/\/guidetogreenland.com\/da\/\",\"name\":\"Guide to Greenland\",\"description\":\"Largest selection of tours in Greenland\",\"potentialAction\":[{\"@type\":\"SearchAction\",\"target\":{\"@type\":\"EntryPoint\",\"urlTemplate\":\"https:\/\/guidetogreenland.com\/da\/?s={search_term_string}\"},\"query-input\":{\"@type\":\"PropertyValueSpecification\",\"valueRequired\":true,\"valueName\":\"search_term_string\"}}],\"inLanguage\":\"da-DK\"}]}<\/script>\n<!-- \/ Yoast SEO plugin. -->","yoast_head_json":{"title":"Glaciernes Fjord | Tasiilaq | \u00d8st Gr\u00f8nland | Guide to Greenland","description":"G\u00e5 ind i denne isfjeldsfjord med helikopter og bes\u00f8g dens gletscher. Et stykke af Gr\u00f8nlands iskappe skal udforskes p\u00e5 dette eventyr.","robots":{"index":"index","follow":"follow","max-snippet":"max-snippet:-1","max-image-preview":"max-image-preview:large","max-video-preview":"max-video-preview:-1"},"canonical":"https:\/\/guidetogreenland.com\/da\/reserver-ferie-rejser\/glaciernes-fjord-tasiilaq-ost-gronland\/","og_locale":"da_DK","og_type":"article","og_title":"Glaciernes Fjord | Tasiilaq | \u00d8st Gr\u00f8nland | Guide to Greenland","og_description":"G\u00e5 ind i denne isfjeldsfjord med helikopter og bes\u00f8g dens gletscher. Et stykke af Gr\u00f8nlands iskappe skal udforskes p\u00e5 dette eventyr.","og_url":"https:\/\/guidetogreenland.com\/da\/reserver-ferie-rejser\/glaciernes-fjord-tasiilaq-ost-gronland\/","og_site_name":"Guide to Greenland","article_modified_time":"2021-03-15T02:18:45+00:00","og_image":[{"width":1161,"height":653,"url":"https:\/\/guidetogreenland.com\/wp-content\/uploads\/2020\/05\/The-Fjord-of-Glaciers-Tasiilaq-East-Greenland-Guide-to-Greenland.jpeg","type":"image\/jpeg"}],"twitter_card":"summary_large_image","twitter_misc":{"Estimeret l\u00e6setid":"2 minutter"},"schema":{"@context":"https:\/\/schema.org","@graph":[{"@type":"WebPage","@id":"https:\/\/guidetogreenland.com\/da\/reserver-ferie-rejser\/glaciernes-fjord-tasiilaq-ost-gronland\/","url":"https:\/\/guidetogreenland.com\/da\/reserver-ferie-rejser\/glaciernes-fjord-tasiilaq-ost-gronland\/","name":"Glaciernes Fjord | Tasiilaq | \u00d8st Gr\u00f8nland | Guide to Greenland","isPartOf":{"@id":"https:\/\/guidetogreenland.com\/da\/#website"},"primaryImageOfPage":{"@id":"https:\/\/guidetogreenland.com\/da\/reserver-ferie-rejser\/glaciernes-fjord-tasiilaq-ost-gronland\/#primaryimage"},"image":{"@id":"https:\/\/guidetogreenland.com\/da\/reserver-ferie-rejser\/glaciernes-fjord-tasiilaq-ost-gronland\/#primaryimage"},"thumbnailUrl":"https:\/\/guidetogreenland.com\/wp-content\/uploads\/2020\/05\/The-Fjord-of-Glaciers-Tasiilaq-East-Greenland-Guide-to-Greenland.jpeg","datePublished":"2020-07-08T09:46:55+00:00","dateModified":"2021-03-15T02:18:45+00:00","description":"G\u00e5 ind i denne isfjeldsfjord med helikopter og bes\u00f8g dens gletscher. Et stykke af Gr\u00f8nlands iskappe skal udforskes p\u00e5 dette eventyr.","breadcrumb":{"@id":"https:\/\/guidetogreenland.com\/da\/reserver-ferie-rejser\/glaciernes-fjord-tasiilaq-ost-gronland\/#breadcrumb"},"inLanguage":"da-DK","potentialAction":[{"@type":"ReadAction","target":["https:\/\/guidetogreenland.com\/da\/reserver-ferie-rejser\/glaciernes-fjord-tasiilaq-ost-gronland\/"]}]},{"@type":"ImageObject","inLanguage":"da-DK","@id":"https:\/\/guidetogreenland.com\/da\/reserver-ferie-rejser\/glaciernes-fjord-tasiilaq-ost-gronland\/#primaryimage","url":"https:\/\/guidetogreenland.com\/wp-content\/uploads\/2020\/05\/The-Fjord-of-Glaciers-Tasiilaq-East-Greenland-Guide-to-Greenland.jpeg","contentUrl":"https:\/\/guidetogreenland.com\/wp-content\/uploads\/2020\/05\/The-Fjord-of-Glaciers-Tasiilaq-East-Greenland-Guide-to-Greenland.jpeg","width":1161,"height":653},{"@type":"BreadcrumbList","@id":"https:\/\/guidetogreenland.com\/da\/reserver-ferie-rejser\/glaciernes-fjord-tasiilaq-ost-gronland\/#breadcrumb","itemListElement":[{"@type":"ListItem","position":1,"name":"Home","item":"https:\/\/guidetogreenland.com\/da\/"},{"@type":"ListItem","position":2,"name":"Se alle ture","item":"https:\/\/guidetogreenland.com\/da\/reserver-ferie-rejser\/"},{"@type":"ListItem","position":3,"name":"Glaciernes Fjord | Tasiilaq | \u00d8st Gr\u00f8nland"}]},{"@type":"WebSite","@id":"https:\/\/guidetogreenland.com\/da\/#website","url":"https:\/\/guidetogreenland.com\/da\/","name":"Guide to Greenland","description":"Largest selection of tours in Greenland","potentialAction":[{"@type":"SearchAction","target":{"@type":"EntryPoint","urlTemplate":"https:\/\/guidetogreenland.com\/da\/?s={search_term_string}"},"query-input":{"@type":"PropertyValueSpecification","valueRequired":true,"valueName":"search_term_string"}}],"inLanguage":"da-DK"}]}},"_links":{"self":[{"href":"https:\/\/guidetogreenland.com\/da\/wp-json\/wp\/v2\/product\/16489","targetHints":{"allow":["GET"]}}],"collection":[{"href":"https:\/\/guidetogreenland.com\/da\/wp-json\/wp\/v2\/product"}],"about":[{"href":"https:\/\/guidetogreenland.com\/da\/wp-json\/wp\/v2\/types\/product"}],"replies":[{"embeddable":true,"href":"https:\/\/guidetogreenland.com\/da\/wp-json\/wp\/v2\/comments?post=16489"}],"wp:featuredmedia":[{"embeddable":true,"href":"https:\/\/guidetogreenland.com\/da\/wp-json\/wp\/v2\/media\/16490"}],"wp:attachment":[{"href":"https:\/\/guidetogreenland.com\/da\/wp-json\/wp\/v2\/media?parent=16489"}],"wp:term":[{"taxonomy":"product_brand","embeddable":true,"href":"https:\/\/guidetogreenland.com\/da\/wp-json\/wp\/v2\/product_brand?post=16489"},{"taxonomy":"product_cat","embeddable":true,"href":"https:\/\/guidetogreenland.com\/da\/wp-json\/wp\/v2\/product_cat?post=16489"},{"taxonomy":"product_tag","embeddable":true,"href":"https:\/\/guidetogreenland.com\/da\/wp-json\/wp\/v2\/product_tag?post=16489"}],"curies":[{"name":"wp","href":"https:\/\/api.w.org\/{rel}","templated":true}]}}