{"id":16492,"date":"2020-06-10T13:05:54","date_gmt":"2020-06-10T13:05:54","guid":{"rendered":"https:\/\/guidetogreenland.com\/book-trips-holiday\/settlement-tour-by-dogsled-tasiilaq-east-greenland\/"},"modified":"2021-03-15T02:23:56","modified_gmt":"2021-03-15T02:23:56","slug":"settlement-tour-by-dogsled-tasiilaq-east-greenland","status":"publish","type":"product","link":"https:\/\/guidetogreenland.com\/da\/reserver-ferie-rejser\/bygdebesog-med-hundeslaede-tasiilaq-ostgronland\/","title":{"rendered":"Bygdebes\u00f8g Med Hundesl\u00e6de | Tasiilaq | \u00d8stgr\u00f8nland"},"content":{"rendered":"<div class=\"x-2ruu7e ewhm0490\">\n<div class=\"x-sqsvwz e1hc7val2\">\n<div class=\"x-13o7eu2 e1imf5dp1\">\n<div class=\"x-v4fa7v e1uuu2lt0\">\n<div class=\"x-7xwfhm e1imf5dp0\">\n<p class=\"e1imf5dp0 x-jm2771\">P\u00e5 denne autentiske tur vil du kunne opleve det arktiske vinterlandskab p\u00e5 en traditionel sl\u00e6de og opleve hvordan det er at rejse med hunde gennem det barske og unikke landskab af \u00d8stgr\u00f8nland. Turen g\u00e5r til den lille charmerende bygd af Tiniteqilaaq med et befolkningstal p\u00e5 130 mennesker. Omkring 50 kilometer v\u00e6k fra Tasiilaq vil du i selskab med en erfaren hundesl\u00e6dek\u00f8rer og hans hunde, tage p\u00e5 en 12 timers ture gennem det arktiske tundra.<\/p>\n<p class=\"e1imf5dp0 x-jm2771\">Se hvordan hund og mand arbejder sammen for at n\u00e5 en destination og oplev p\u00e5 egen h\u00e5nd det h\u00e5rde arbejde iblandt det fantastiske uber\u00f8rte landskab. P\u00e5 ture<span class=\"x-12abj6v e1uuu2lt3\">n vil du, hvis du t\u00f8r, kunne teste dine evner og l\u00e6re hvordan man h\u00e5ndtere sl\u00e6den og hvad de forskellige funktioner sl\u00e6den har. Dette er en tur for dig som altid har \u00f8nske at opleve hundesl\u00e6de, bes\u00f8ge en traditionel gr\u00f8nlandsk bygd og er villig til at pr\u00f8ve noget nyt. <\/span><\/p>\n<p class=\"e1imf5dp0 x-jm2771\"><span class=\"x-12abj6v e1uuu2lt3\">Uanset om du elsker at tage billeder eller bare nyder flotte udsigter, s\u00e5 vil du uden tvivl blive fascineret af det fantastiske terr\u00e6n af endel\u00f8se marker af h\u00f8je bjerge og sn\u00e6vre passsager. N\u00e5r du er i bygden vil du have den perfekte placering til at se det dansende nordlys henover hovedet, og se en fjord fyldt med is i selskab med venlige lokale. Stop din t\u00f8ven og test dine gr\u00e6nser af p\u00e5 denne fantastiske tur gennem uber\u00f8rt natur. Se tilg\u00e6ngeligheden ved at trykke p\u00e5 &#8216;V\u00e6lg en dag&#8217; og book din tur i dag.<\/span><\/p>\n<\/div>\n<\/div>\n<\/div>\n<\/div>\n<\/div>\n<div>\n<div class=\"x-1bve0ae ewhm0490\">\n<div class=\"x-sqsvwz e1hc7val2\"><\/div>\n<\/div>\n<\/div>\n","protected":false},"excerpt":{"rendered":"P\u00e5 denne autentiske tur vil du kunne opleve det arktiske vinterlandskab p\u00e5 en traditionel sl\u00e6de og opleve hvordan det er at rejse med hunde gennem det barske og unikke landskab af \u00d8stgr\u00f8nland. Turen g\u00e5r til den lille charmerende bygd af Tiniteqilaaq med et befolkningstal p\u00e5 130 mennesker. Omkring 50 kilometer v\u00e6k fra Tasiilaq vil du&#8230;","protected":false},"featured_media":16494,"comment_status":"open","ping_status":"closed","template":"","meta":[],"product_brand":[],"product_cat":[622,607,623,593,630,635,627,643,658,641],"product_tag":[937],"class_list":{"0":"post-16492","1":"product","2":"type-product","3":"status-publish","4":"has-post-thumbnail","6":"product_cat-groenlandsk-kultur","7":"product_cat-hundeslaedeture","8":"product_cat-kulturelle-aktiviteter","9":"product_cat-oplevelser-i-groenland","10":"product_cat-oestgroenland","11":"product_cat-pakkerejser","12":"product_cat-ture-i-bestemte-omraader","13":"product_cat-ture-i-hver-by","14":"product_cat-ture-i-tasiilaq","15":"product_cat-vinterrejser","16":"product_tag-tasiilaq-da","17":"pa_activities-hundeslaede","18":"pa_activities-groenlandsk-kultur","19":"pa_activities-bygdebesoeg","20":"pa_available-month-januar","21":"pa_available-month-februar","22":"pa_available-month-marts","23":"pa_available-month-april","24":"pa_destinations-tasiilaq","25":"pa_difficulty-haard","26":"pa_duration-2-dage","27":"pa_tour-type-flerdags-ture","28":"yith_shop_vendor-tasiilaq-tours-da","30":"first","31":"instock","32":"virtual","33":"sold-individually","34":"purchasable","35":"product-type-booking"},"acf":[],"yoast_head":"<!-- This site is optimized with the Yoast SEO plugin v25.6 - https:\/\/yoast.com\/wordpress\/plugins\/seo\/ -->\n<title>Bygdebes\u00f8g Med Hundesl\u00e6de | Tasiilaq | \u00d8stgr\u00f8nland | Guide to Greenland<\/title>\n<meta name=\"description\" content=\"En ekstravagant tur, der autentificerer dit \u00f8stgr\u00f8nlandske eventyr, et eventyr, der f\u00f8rer til den smukke landsby Tiniteqilaaq.\" \/>\n<meta name=\"robots\" content=\"index, follow, max-snippet:-1, max-image-preview:large, max-video-preview:-1\" \/>\n<link rel=\"canonical\" href=\"https:\/\/guidetogreenland.com\/da\/reserver-ferie-rejser\/bygdebesog-med-hundeslaede-tasiilaq-ostgronland\/\" \/>\n<meta property=\"og:locale\" content=\"da_DK\" \/>\n<meta property=\"og:type\" content=\"article\" \/>\n<meta property=\"og:title\" content=\"Bygdebes\u00f8g Med Hundesl\u00e6de | Tasiilaq | \u00d8stgr\u00f8nland | Guide to Greenland\" \/>\n<meta property=\"og:description\" content=\"En ekstravagant tur, der autentificerer dit \u00f8stgr\u00f8nlandske eventyr, et eventyr, der f\u00f8rer til den smukke landsby Tiniteqilaaq.\" \/>\n<meta property=\"og:url\" content=\"https:\/\/guidetogreenland.com\/da\/reserver-ferie-rejser\/bygdebesog-med-hundeslaede-tasiilaq-ostgronland\/\" \/>\n<meta property=\"og:site_name\" content=\"Guide to Greenland\" \/>\n<meta property=\"article:modified_time\" content=\"2021-03-15T02:23:56+00:00\" \/>\n<meta property=\"og:image\" content=\"https:\/\/guidetogreenland.com\/wp-content\/uploads\/2020\/05\/Settlement-Tour-By-Dogsled-Tasiilaq-East-Greenland-Guide-to-Greenland2.jpeg\" \/>\n\t<meta property=\"og:image:width\" content=\"993\" \/>\n\t<meta property=\"og:image:height\" content=\"662\" \/>\n\t<meta property=\"og:image:type\" content=\"image\/jpeg\" \/>\n<meta name=\"twitter:card\" content=\"summary_large_image\" \/>\n<meta name=\"twitter:label1\" content=\"Estimeret l\u00e6setid\" \/>\n\t<meta name=\"twitter:data1\" content=\"2 minutter\" \/>\n<script type=\"application\/ld+json\" class=\"yoast-schema-graph\">{\"@context\":\"https:\/\/schema.org\",\"@graph\":[{\"@type\":\"WebPage\",\"@id\":\"https:\/\/guidetogreenland.com\/da\/reserver-ferie-rejser\/bygdebesog-med-hundeslaede-tasiilaq-ostgronland\/\",\"url\":\"https:\/\/guidetogreenland.com\/da\/reserver-ferie-rejser\/bygdebesog-med-hundeslaede-tasiilaq-ostgronland\/\",\"name\":\"Bygdebes\u00f8g Med Hundesl\u00e6de | Tasiilaq | \u00d8stgr\u00f8nland | Guide to Greenland\",\"isPartOf\":{\"@id\":\"https:\/\/guidetogreenland.com\/da\/#website\"},\"primaryImageOfPage\":{\"@id\":\"https:\/\/guidetogreenland.com\/da\/reserver-ferie-rejser\/bygdebesog-med-hundeslaede-tasiilaq-ostgronland\/#primaryimage\"},\"image\":{\"@id\":\"https:\/\/guidetogreenland.com\/da\/reserver-ferie-rejser\/bygdebesog-med-hundeslaede-tasiilaq-ostgronland\/#primaryimage\"},\"thumbnailUrl\":\"https:\/\/guidetogreenland.com\/wp-content\/uploads\/2020\/05\/Settlement-Tour-By-Dogsled-Tasiilaq-East-Greenland-Guide-to-Greenland2.jpeg\",\"datePublished\":\"2020-06-10T13:05:54+00:00\",\"dateModified\":\"2021-03-15T02:23:56+00:00\",\"description\":\"En ekstravagant tur, der autentificerer dit \u00f8stgr\u00f8nlandske eventyr, et eventyr, der f\u00f8rer til den smukke landsby Tiniteqilaaq.\",\"breadcrumb\":{\"@id\":\"https:\/\/guidetogreenland.com\/da\/reserver-ferie-rejser\/bygdebesog-med-hundeslaede-tasiilaq-ostgronland\/#breadcrumb\"},\"inLanguage\":\"da-DK\",\"potentialAction\":[{\"@type\":\"ReadAction\",\"target\":[\"https:\/\/guidetogreenland.com\/da\/reserver-ferie-rejser\/bygdebesog-med-hundeslaede-tasiilaq-ostgronland\/\"]}]},{\"@type\":\"ImageObject\",\"inLanguage\":\"da-DK\",\"@id\":\"https:\/\/guidetogreenland.com\/da\/reserver-ferie-rejser\/bygdebesog-med-hundeslaede-tasiilaq-ostgronland\/#primaryimage\",\"url\":\"https:\/\/guidetogreenland.com\/wp-content\/uploads\/2020\/05\/Settlement-Tour-By-Dogsled-Tasiilaq-East-Greenland-Guide-to-Greenland2.jpeg\",\"contentUrl\":\"https:\/\/guidetogreenland.com\/wp-content\/uploads\/2020\/05\/Settlement-Tour-By-Dogsled-Tasiilaq-East-Greenland-Guide-to-Greenland2.jpeg\",\"width\":993,\"height\":662},{\"@type\":\"BreadcrumbList\",\"@id\":\"https:\/\/guidetogreenland.com\/da\/reserver-ferie-rejser\/bygdebesog-med-hundeslaede-tasiilaq-ostgronland\/#breadcrumb\",\"itemListElement\":[{\"@type\":\"ListItem\",\"position\":1,\"name\":\"Home\",\"item\":\"https:\/\/guidetogreenland.com\/da\/\"},{\"@type\":\"ListItem\",\"position\":2,\"name\":\"Se alle ture\",\"item\":\"https:\/\/guidetogreenland.com\/da\/reserver-ferie-rejser\/\"},{\"@type\":\"ListItem\",\"position\":3,\"name\":\"Bygdebes\u00f8g Med Hundesl\u00e6de | Tasiilaq | \u00d8stgr\u00f8nland\"}]},{\"@type\":\"WebSite\",\"@id\":\"https:\/\/guidetogreenland.com\/da\/#website\",\"url\":\"https:\/\/guidetogreenland.com\/da\/\",\"name\":\"Guide to Greenland\",\"description\":\"Largest selection of tours in Greenland\",\"potentialAction\":[{\"@type\":\"SearchAction\",\"target\":{\"@type\":\"EntryPoint\",\"urlTemplate\":\"https:\/\/guidetogreenland.com\/da\/?s={search_term_string}\"},\"query-input\":{\"@type\":\"PropertyValueSpecification\",\"valueRequired\":true,\"valueName\":\"search_term_string\"}}],\"inLanguage\":\"da-DK\"}]}<\/script>\n<!-- \/ Yoast SEO plugin. -->","yoast_head_json":{"title":"Bygdebes\u00f8g Med Hundesl\u00e6de | Tasiilaq | \u00d8stgr\u00f8nland | Guide to Greenland","description":"En ekstravagant tur, der autentificerer dit \u00f8stgr\u00f8nlandske eventyr, et eventyr, der f\u00f8rer til den smukke landsby Tiniteqilaaq.","robots":{"index":"index","follow":"follow","max-snippet":"max-snippet:-1","max-image-preview":"max-image-preview:large","max-video-preview":"max-video-preview:-1"},"canonical":"https:\/\/guidetogreenland.com\/da\/reserver-ferie-rejser\/bygdebesog-med-hundeslaede-tasiilaq-ostgronland\/","og_locale":"da_DK","og_type":"article","og_title":"Bygdebes\u00f8g Med Hundesl\u00e6de | Tasiilaq | \u00d8stgr\u00f8nland | Guide to Greenland","og_description":"En ekstravagant tur, der autentificerer dit \u00f8stgr\u00f8nlandske eventyr, et eventyr, der f\u00f8rer til den smukke landsby Tiniteqilaaq.","og_url":"https:\/\/guidetogreenland.com\/da\/reserver-ferie-rejser\/bygdebesog-med-hundeslaede-tasiilaq-ostgronland\/","og_site_name":"Guide to Greenland","article_modified_time":"2021-03-15T02:23:56+00:00","og_image":[{"width":993,"height":662,"url":"https:\/\/guidetogreenland.com\/wp-content\/uploads\/2020\/05\/Settlement-Tour-By-Dogsled-Tasiilaq-East-Greenland-Guide-to-Greenland2.jpeg","type":"image\/jpeg"}],"twitter_card":"summary_large_image","twitter_misc":{"Estimeret l\u00e6setid":"2 minutter"},"schema":{"@context":"https:\/\/schema.org","@graph":[{"@type":"WebPage","@id":"https:\/\/guidetogreenland.com\/da\/reserver-ferie-rejser\/bygdebesog-med-hundeslaede-tasiilaq-ostgronland\/","url":"https:\/\/guidetogreenland.com\/da\/reserver-ferie-rejser\/bygdebesog-med-hundeslaede-tasiilaq-ostgronland\/","name":"Bygdebes\u00f8g Med Hundesl\u00e6de | Tasiilaq | \u00d8stgr\u00f8nland | Guide to Greenland","isPartOf":{"@id":"https:\/\/guidetogreenland.com\/da\/#website"},"primaryImageOfPage":{"@id":"https:\/\/guidetogreenland.com\/da\/reserver-ferie-rejser\/bygdebesog-med-hundeslaede-tasiilaq-ostgronland\/#primaryimage"},"image":{"@id":"https:\/\/guidetogreenland.com\/da\/reserver-ferie-rejser\/bygdebesog-med-hundeslaede-tasiilaq-ostgronland\/#primaryimage"},"thumbnailUrl":"https:\/\/guidetogreenland.com\/wp-content\/uploads\/2020\/05\/Settlement-Tour-By-Dogsled-Tasiilaq-East-Greenland-Guide-to-Greenland2.jpeg","datePublished":"2020-06-10T13:05:54+00:00","dateModified":"2021-03-15T02:23:56+00:00","description":"En ekstravagant tur, der autentificerer dit \u00f8stgr\u00f8nlandske eventyr, et eventyr, der f\u00f8rer til den smukke landsby Tiniteqilaaq.","breadcrumb":{"@id":"https:\/\/guidetogreenland.com\/da\/reserver-ferie-rejser\/bygdebesog-med-hundeslaede-tasiilaq-ostgronland\/#breadcrumb"},"inLanguage":"da-DK","potentialAction":[{"@type":"ReadAction","target":["https:\/\/guidetogreenland.com\/da\/reserver-ferie-rejser\/bygdebesog-med-hundeslaede-tasiilaq-ostgronland\/"]}]},{"@type":"ImageObject","inLanguage":"da-DK","@id":"https:\/\/guidetogreenland.com\/da\/reserver-ferie-rejser\/bygdebesog-med-hundeslaede-tasiilaq-ostgronland\/#primaryimage","url":"https:\/\/guidetogreenland.com\/wp-content\/uploads\/2020\/05\/Settlement-Tour-By-Dogsled-Tasiilaq-East-Greenland-Guide-to-Greenland2.jpeg","contentUrl":"https:\/\/guidetogreenland.com\/wp-content\/uploads\/2020\/05\/Settlement-Tour-By-Dogsled-Tasiilaq-East-Greenland-Guide-to-Greenland2.jpeg","width":993,"height":662},{"@type":"BreadcrumbList","@id":"https:\/\/guidetogreenland.com\/da\/reserver-ferie-rejser\/bygdebesog-med-hundeslaede-tasiilaq-ostgronland\/#breadcrumb","itemListElement":[{"@type":"ListItem","position":1,"name":"Home","item":"https:\/\/guidetogreenland.com\/da\/"},{"@type":"ListItem","position":2,"name":"Se alle ture","item":"https:\/\/guidetogreenland.com\/da\/reserver-ferie-rejser\/"},{"@type":"ListItem","position":3,"name":"Bygdebes\u00f8g Med Hundesl\u00e6de | Tasiilaq | \u00d8stgr\u00f8nland"}]},{"@type":"WebSite","@id":"https:\/\/guidetogreenland.com\/da\/#website","url":"https:\/\/guidetogreenland.com\/da\/","name":"Guide to Greenland","description":"Largest selection of tours in Greenland","potentialAction":[{"@type":"SearchAction","target":{"@type":"EntryPoint","urlTemplate":"https:\/\/guidetogreenland.com\/da\/?s={search_term_string}"},"query-input":{"@type":"PropertyValueSpecification","valueRequired":true,"valueName":"search_term_string"}}],"inLanguage":"da-DK"}]}},"_links":{"self":[{"href":"https:\/\/guidetogreenland.com\/da\/wp-json\/wp\/v2\/product\/16492","targetHints":{"allow":["GET"]}}],"collection":[{"href":"https:\/\/guidetogreenland.com\/da\/wp-json\/wp\/v2\/product"}],"about":[{"href":"https:\/\/guidetogreenland.com\/da\/wp-json\/wp\/v2\/types\/product"}],"replies":[{"embeddable":true,"href":"https:\/\/guidetogreenland.com\/da\/wp-json\/wp\/v2\/comments?post=16492"}],"wp:featuredmedia":[{"embeddable":true,"href":"https:\/\/guidetogreenland.com\/da\/wp-json\/wp\/v2\/media\/16494"}],"wp:attachment":[{"href":"https:\/\/guidetogreenland.com\/da\/wp-json\/wp\/v2\/media?parent=16492"}],"wp:term":[{"taxonomy":"product_brand","embeddable":true,"href":"https:\/\/guidetogreenland.com\/da\/wp-json\/wp\/v2\/product_brand?post=16492"},{"taxonomy":"product_cat","embeddable":true,"href":"https:\/\/guidetogreenland.com\/da\/wp-json\/wp\/v2\/product_cat?post=16492"},{"taxonomy":"product_tag","embeddable":true,"href":"https:\/\/guidetogreenland.com\/da\/wp-json\/wp\/v2\/product_tag?post=16492"}],"curies":[{"name":"wp","href":"https:\/\/api.w.org\/{rel}","templated":true}]}}