{"id":16502,"date":"2020-06-10T12:27:31","date_gmt":"2020-06-10T12:27:31","guid":{"rendered":"https:\/\/guidetogreenland.com\/book-trips-holiday\/sailing-to-tiniteqilaaq-and-the-sermilik-icefjord-tasiilaq-east-greenland\/"},"modified":"2021-03-15T02:27:35","modified_gmt":"2021-03-15T02:27:35","slug":"sailing-to-tiniteqilaaq-and-the-sermilik-icefjord-tasiilaq-east-greenland","status":"publish","type":"product","link":"https:\/\/guidetogreenland.com\/da\/reserver-ferie-rejser\/sejltur-til-tiniteqilaaq-og-sermilik-isfjord-tasiilaq-ost-gronland\/","title":{"rendered":"Sejltur til Tiniteqilaaq og Sermilik Isfjord | Tasiilaq | \u00d8st gr\u00f8nland"},"content":{"rendered":"<p class=\"x-18pep25\">Tag med p\u00e5 dette vilde eventyr og sejl ud blandt enorme isbjerge til den charmerende lille bygd Tiniteqilaaq. En fantastisk tur, for enhver eventyrer der elsker de arktiske vidundere, som er alt fra smukke isbjerge til skyh\u00f8je skarpe fjeldtinder.<\/p>\n<p class=\"x-18pep25\">Vi starter fra Tasiilaq havnen, og sejler nord om Ammassalik \u00f8en. Vi kommer igennem et f\u00e6nomenalt landskab hvor havet er fyldt med isskulpturer i alle mulige former og st\u00f8rrelser. Efter ca. 1 time eller 2 alt efter isforholdene, ankommer vi til den lille bygd Tiniteqilaaq. Navnet betyder &#8220;str\u00e6det der er t\u00f8rt ved lavvande&#8221;.<\/p>\n<p class=\"e1imf5dp0 x-jm2771\">Vi can se Sermilik isfjorden<span class=\"x-12abj6v e1uuu2lt3\"> fra bygden, et storsl\u00e5et syn du sent vil glemme med de mange isfjelde fra indlandsisen der t\u00e5rner sig op og blander sig med himmelen i horisonten.<\/span><\/p>\n<p class=\"e1imf5dp0 x-jm2771\"><span class=\"x-12abj6v e1uuu2lt3\">Vi g\u00e5r i land og udforsker bygden, den er ikke s\u00e5 stor, med ca. 110 indbyggere, s\u00e5 du kan rimelig hurtigt f\u00e5 et godt indtryk af hvordan det daglige liv for de Gr\u00f8nlandske familer langs kysten er.\u00a0<\/span><\/p>\n<p class=\"e1imf5dp0 x-jm2771\"><span class=\"x-12abj6v e1uuu2lt3\">Den hyggelige lille bygd bliver dog mindre og mindre, blandt andet pga. besv\u00e6rligheden med at komme med dagligvarer. S\u00e5 v\u00e6r sikker p\u00e5 at bes\u00f8g stedet mens det stadigv\u00e6k er fuld af liv!<\/span><\/p>\n<p class=\"e1imf5dp0 x-jm2771\"><span class=\"x-12abj6v e1uuu2lt3\">Efter en kort g\u00e5tur tager vi igen ned til b\u00e5den og sejler ud i Sermilik isfjorden og f\u00e5r en velfortjent frokost blandt isbjerge, og forh\u00e5bentlig, pukkelhvaler! Derefter er det tilbage til Tasiilaq hvor vi udforsker den sydlige side af Sermilik isfjorden.\u00a0<\/span><\/p>\n<p class=\"e1imf5dp0 x-jm2771\"><span class=\"x-12abj6v e1uuu2lt3\">Tag en dejlig hue p\u00e5 og dit bedste par vandrest\u00f8vler for dette eventyr og book din tur allerede i dag! Bare klik p\u00e5 &#8216;v\u00e6lg en dag&#8217; for oven til h\u00f8jre og find en dato der passer dig.<\/span><\/p>\n","protected":false},"excerpt":{"rendered":"Tag med p\u00e5 dette vilde eventyr og sejl ud blandt enorme isbjerge til den charmerende lille bygd Tiniteqilaaq. En fantastisk tur, for enhver eventyrer der elsker de arktiske vidundere, som er alt fra smukke isbjerge til skyh\u00f8je skarpe fjeldtinder. Vi starter fra Tasiilaq havnen, og sejler nord om Ammassalik \u00f8en. Vi kommer igennem et f\u00e6nomenalt&#8230;","protected":false},"featured_media":16504,"comment_status":"open","ping_status":"closed","template":"","meta":[],"product_brand":[],"product_cat":[594,605,622,692,623,612,593,630,627,643,658],"product_tag":[937],"class_list":{"0":"post-16502","1":"product","2":"type-product","3":"status-publish","4":"has-post-thumbnail","6":"product_cat-baadture","7":"product_cat-dagsture-om-sommeren","8":"product_cat-groenlandsk-kultur","9":"product_cat-iceberg-icefjord-tours","10":"product_cat-kulturelle-aktiviteter","11":"product_cat-natur-og-dyreliv-i-groenland","12":"product_cat-oplevelser-i-groenland","13":"product_cat-oestgroenland","14":"product_cat-ture-i-bestemte-omraader","15":"product_cat-ture-i-hver-by","16":"product_cat-ture-i-tasiilaq","17":"product_tag-tasiilaq-da","18":"pa_activities-baadtur","19":"pa_activities-isbjerg-udsigt","20":"pa_activities-bygdebesoeg","21":"pa_available-month-marts","22":"pa_available-month-april","23":"pa_available-month-maj","24":"pa_available-month-juni","25":"pa_available-month-juli","26":"pa_available-month-august","27":"pa_destinations-tasiilaq","28":"pa_difficulty-let","29":"pa_duration-8-timer","30":"pa_tour-type-dagsture","31":"yith_shop_vendor-arctic-dream-da","33":"first","34":"instock","35":"virtual","36":"sold-individually","37":"purchasable","38":"product-type-booking"},"acf":[],"yoast_head":"<!-- This site is optimized with the Yoast SEO plugin v25.6 - https:\/\/yoast.com\/wordpress\/plugins\/seo\/ -->\n<title>Sejltur til Tiniteqilaaq og Sermilik Isfjord | Tasiilaq | \u00d8st gr\u00f8nland | Guide to Greenland<\/title>\n<meta name=\"description\" content=\"Kom langs dette fascinerende eventyr til landsbyen Tiniteqilaaq p\u00e5 Gr\u00f8nlands \u00f8stkyst. En rejse gennem isfyldte passager!\" \/>\n<meta name=\"robots\" content=\"index, follow, max-snippet:-1, max-image-preview:large, max-video-preview:-1\" \/>\n<link rel=\"canonical\" href=\"https:\/\/guidetogreenland.com\/da\/reserver-ferie-rejser\/sejltur-til-tiniteqilaaq-og-sermilik-isfjord-tasiilaq-ost-gronland\/\" \/>\n<meta property=\"og:locale\" content=\"da_DK\" \/>\n<meta property=\"og:type\" content=\"article\" \/>\n<meta property=\"og:title\" content=\"Sejltur til Tiniteqilaaq og Sermilik Isfjord | Tasiilaq | \u00d8st gr\u00f8nland | Guide to Greenland\" \/>\n<meta property=\"og:description\" content=\"Kom langs dette fascinerende eventyr til landsbyen Tiniteqilaaq p\u00e5 Gr\u00f8nlands \u00f8stkyst. En rejse gennem isfyldte passager!\" \/>\n<meta property=\"og:url\" content=\"https:\/\/guidetogreenland.com\/da\/reserver-ferie-rejser\/sejltur-til-tiniteqilaaq-og-sermilik-isfjord-tasiilaq-ost-gronland\/\" \/>\n<meta property=\"og:site_name\" content=\"Guide to Greenland\" \/>\n<meta property=\"article:modified_time\" content=\"2021-03-15T02:27:35+00:00\" \/>\n<meta property=\"og:image\" content=\"https:\/\/guidetogreenland.com\/wp-content\/uploads\/2020\/05\/sailing-to-tiniteqilaaq-and-the-sermilik-icefjord-tasiilaq-east-greenland-Guide-to-Greenland9.jpg\" \/>\n\t<meta property=\"og:image:width\" content=\"926\" \/>\n\t<meta property=\"og:image:height\" content=\"695\" \/>\n\t<meta property=\"og:image:type\" content=\"image\/jpeg\" \/>\n<meta name=\"twitter:card\" content=\"summary_large_image\" \/>\n<meta name=\"twitter:label1\" content=\"Estimeret l\u00e6setid\" \/>\n\t<meta name=\"twitter:data1\" content=\"2 minutter\" \/>\n<script type=\"application\/ld+json\" class=\"yoast-schema-graph\">{\"@context\":\"https:\/\/schema.org\",\"@graph\":[{\"@type\":\"WebPage\",\"@id\":\"https:\/\/guidetogreenland.com\/da\/reserver-ferie-rejser\/sejltur-til-tiniteqilaaq-og-sermilik-isfjord-tasiilaq-ost-gronland\/\",\"url\":\"https:\/\/guidetogreenland.com\/da\/reserver-ferie-rejser\/sejltur-til-tiniteqilaaq-og-sermilik-isfjord-tasiilaq-ost-gronland\/\",\"name\":\"Sejltur til Tiniteqilaaq og Sermilik Isfjord | Tasiilaq | \u00d8st gr\u00f8nland | Guide to Greenland\",\"isPartOf\":{\"@id\":\"https:\/\/guidetogreenland.com\/da\/#website\"},\"primaryImageOfPage\":{\"@id\":\"https:\/\/guidetogreenland.com\/da\/reserver-ferie-rejser\/sejltur-til-tiniteqilaaq-og-sermilik-isfjord-tasiilaq-ost-gronland\/#primaryimage\"},\"image\":{\"@id\":\"https:\/\/guidetogreenland.com\/da\/reserver-ferie-rejser\/sejltur-til-tiniteqilaaq-og-sermilik-isfjord-tasiilaq-ost-gronland\/#primaryimage\"},\"thumbnailUrl\":\"https:\/\/guidetogreenland.com\/wp-content\/uploads\/2020\/05\/sailing-to-tiniteqilaaq-and-the-sermilik-icefjord-tasiilaq-east-greenland-Guide-to-Greenland9.jpg\",\"datePublished\":\"2020-06-10T12:27:31+00:00\",\"dateModified\":\"2021-03-15T02:27:35+00:00\",\"description\":\"Kom langs dette fascinerende eventyr til landsbyen Tiniteqilaaq p\u00e5 Gr\u00f8nlands \u00f8stkyst. En rejse gennem isfyldte passager!\",\"breadcrumb\":{\"@id\":\"https:\/\/guidetogreenland.com\/da\/reserver-ferie-rejser\/sejltur-til-tiniteqilaaq-og-sermilik-isfjord-tasiilaq-ost-gronland\/#breadcrumb\"},\"inLanguage\":\"da-DK\",\"potentialAction\":[{\"@type\":\"ReadAction\",\"target\":[\"https:\/\/guidetogreenland.com\/da\/reserver-ferie-rejser\/sejltur-til-tiniteqilaaq-og-sermilik-isfjord-tasiilaq-ost-gronland\/\"]}]},{\"@type\":\"ImageObject\",\"inLanguage\":\"da-DK\",\"@id\":\"https:\/\/guidetogreenland.com\/da\/reserver-ferie-rejser\/sejltur-til-tiniteqilaaq-og-sermilik-isfjord-tasiilaq-ost-gronland\/#primaryimage\",\"url\":\"https:\/\/guidetogreenland.com\/wp-content\/uploads\/2020\/05\/sailing-to-tiniteqilaaq-and-the-sermilik-icefjord-tasiilaq-east-greenland-Guide-to-Greenland9.jpg\",\"contentUrl\":\"https:\/\/guidetogreenland.com\/wp-content\/uploads\/2020\/05\/sailing-to-tiniteqilaaq-and-the-sermilik-icefjord-tasiilaq-east-greenland-Guide-to-Greenland9.jpg\",\"width\":926,\"height\":695},{\"@type\":\"BreadcrumbList\",\"@id\":\"https:\/\/guidetogreenland.com\/da\/reserver-ferie-rejser\/sejltur-til-tiniteqilaaq-og-sermilik-isfjord-tasiilaq-ost-gronland\/#breadcrumb\",\"itemListElement\":[{\"@type\":\"ListItem\",\"position\":1,\"name\":\"Home\",\"item\":\"https:\/\/guidetogreenland.com\/da\/\"},{\"@type\":\"ListItem\",\"position\":2,\"name\":\"Se alle ture\",\"item\":\"https:\/\/guidetogreenland.com\/da\/reserver-ferie-rejser\/\"},{\"@type\":\"ListItem\",\"position\":3,\"name\":\"Sejltur til Tiniteqilaaq og Sermilik Isfjord | Tasiilaq | \u00d8st gr\u00f8nland\"}]},{\"@type\":\"WebSite\",\"@id\":\"https:\/\/guidetogreenland.com\/da\/#website\",\"url\":\"https:\/\/guidetogreenland.com\/da\/\",\"name\":\"Guide to Greenland\",\"description\":\"Largest selection of tours in Greenland\",\"potentialAction\":[{\"@type\":\"SearchAction\",\"target\":{\"@type\":\"EntryPoint\",\"urlTemplate\":\"https:\/\/guidetogreenland.com\/da\/?s={search_term_string}\"},\"query-input\":{\"@type\":\"PropertyValueSpecification\",\"valueRequired\":true,\"valueName\":\"search_term_string\"}}],\"inLanguage\":\"da-DK\"}]}<\/script>\n<!-- \/ Yoast SEO plugin. -->","yoast_head_json":{"title":"Sejltur til Tiniteqilaaq og Sermilik Isfjord | Tasiilaq | \u00d8st gr\u00f8nland | Guide to Greenland","description":"Kom langs dette fascinerende eventyr til landsbyen Tiniteqilaaq p\u00e5 Gr\u00f8nlands \u00f8stkyst. En rejse gennem isfyldte passager!","robots":{"index":"index","follow":"follow","max-snippet":"max-snippet:-1","max-image-preview":"max-image-preview:large","max-video-preview":"max-video-preview:-1"},"canonical":"https:\/\/guidetogreenland.com\/da\/reserver-ferie-rejser\/sejltur-til-tiniteqilaaq-og-sermilik-isfjord-tasiilaq-ost-gronland\/","og_locale":"da_DK","og_type":"article","og_title":"Sejltur til Tiniteqilaaq og Sermilik Isfjord | Tasiilaq | \u00d8st gr\u00f8nland | Guide to Greenland","og_description":"Kom langs dette fascinerende eventyr til landsbyen Tiniteqilaaq p\u00e5 Gr\u00f8nlands \u00f8stkyst. En rejse gennem isfyldte passager!","og_url":"https:\/\/guidetogreenland.com\/da\/reserver-ferie-rejser\/sejltur-til-tiniteqilaaq-og-sermilik-isfjord-tasiilaq-ost-gronland\/","og_site_name":"Guide to Greenland","article_modified_time":"2021-03-15T02:27:35+00:00","og_image":[{"width":926,"height":695,"url":"https:\/\/guidetogreenland.com\/wp-content\/uploads\/2020\/05\/sailing-to-tiniteqilaaq-and-the-sermilik-icefjord-tasiilaq-east-greenland-Guide-to-Greenland9.jpg","type":"image\/jpeg"}],"twitter_card":"summary_large_image","twitter_misc":{"Estimeret l\u00e6setid":"2 minutter"},"schema":{"@context":"https:\/\/schema.org","@graph":[{"@type":"WebPage","@id":"https:\/\/guidetogreenland.com\/da\/reserver-ferie-rejser\/sejltur-til-tiniteqilaaq-og-sermilik-isfjord-tasiilaq-ost-gronland\/","url":"https:\/\/guidetogreenland.com\/da\/reserver-ferie-rejser\/sejltur-til-tiniteqilaaq-og-sermilik-isfjord-tasiilaq-ost-gronland\/","name":"Sejltur til Tiniteqilaaq og Sermilik Isfjord | Tasiilaq | \u00d8st gr\u00f8nland | Guide to Greenland","isPartOf":{"@id":"https:\/\/guidetogreenland.com\/da\/#website"},"primaryImageOfPage":{"@id":"https:\/\/guidetogreenland.com\/da\/reserver-ferie-rejser\/sejltur-til-tiniteqilaaq-og-sermilik-isfjord-tasiilaq-ost-gronland\/#primaryimage"},"image":{"@id":"https:\/\/guidetogreenland.com\/da\/reserver-ferie-rejser\/sejltur-til-tiniteqilaaq-og-sermilik-isfjord-tasiilaq-ost-gronland\/#primaryimage"},"thumbnailUrl":"https:\/\/guidetogreenland.com\/wp-content\/uploads\/2020\/05\/sailing-to-tiniteqilaaq-and-the-sermilik-icefjord-tasiilaq-east-greenland-Guide-to-Greenland9.jpg","datePublished":"2020-06-10T12:27:31+00:00","dateModified":"2021-03-15T02:27:35+00:00","description":"Kom langs dette fascinerende eventyr til landsbyen Tiniteqilaaq p\u00e5 Gr\u00f8nlands \u00f8stkyst. En rejse gennem isfyldte passager!","breadcrumb":{"@id":"https:\/\/guidetogreenland.com\/da\/reserver-ferie-rejser\/sejltur-til-tiniteqilaaq-og-sermilik-isfjord-tasiilaq-ost-gronland\/#breadcrumb"},"inLanguage":"da-DK","potentialAction":[{"@type":"ReadAction","target":["https:\/\/guidetogreenland.com\/da\/reserver-ferie-rejser\/sejltur-til-tiniteqilaaq-og-sermilik-isfjord-tasiilaq-ost-gronland\/"]}]},{"@type":"ImageObject","inLanguage":"da-DK","@id":"https:\/\/guidetogreenland.com\/da\/reserver-ferie-rejser\/sejltur-til-tiniteqilaaq-og-sermilik-isfjord-tasiilaq-ost-gronland\/#primaryimage","url":"https:\/\/guidetogreenland.com\/wp-content\/uploads\/2020\/05\/sailing-to-tiniteqilaaq-and-the-sermilik-icefjord-tasiilaq-east-greenland-Guide-to-Greenland9.jpg","contentUrl":"https:\/\/guidetogreenland.com\/wp-content\/uploads\/2020\/05\/sailing-to-tiniteqilaaq-and-the-sermilik-icefjord-tasiilaq-east-greenland-Guide-to-Greenland9.jpg","width":926,"height":695},{"@type":"BreadcrumbList","@id":"https:\/\/guidetogreenland.com\/da\/reserver-ferie-rejser\/sejltur-til-tiniteqilaaq-og-sermilik-isfjord-tasiilaq-ost-gronland\/#breadcrumb","itemListElement":[{"@type":"ListItem","position":1,"name":"Home","item":"https:\/\/guidetogreenland.com\/da\/"},{"@type":"ListItem","position":2,"name":"Se alle ture","item":"https:\/\/guidetogreenland.com\/da\/reserver-ferie-rejser\/"},{"@type":"ListItem","position":3,"name":"Sejltur til Tiniteqilaaq og Sermilik Isfjord | Tasiilaq | \u00d8st gr\u00f8nland"}]},{"@type":"WebSite","@id":"https:\/\/guidetogreenland.com\/da\/#website","url":"https:\/\/guidetogreenland.com\/da\/","name":"Guide to Greenland","description":"Largest selection of tours in Greenland","potentialAction":[{"@type":"SearchAction","target":{"@type":"EntryPoint","urlTemplate":"https:\/\/guidetogreenland.com\/da\/?s={search_term_string}"},"query-input":{"@type":"PropertyValueSpecification","valueRequired":true,"valueName":"search_term_string"}}],"inLanguage":"da-DK"}]}},"_links":{"self":[{"href":"https:\/\/guidetogreenland.com\/da\/wp-json\/wp\/v2\/product\/16502","targetHints":{"allow":["GET"]}}],"collection":[{"href":"https:\/\/guidetogreenland.com\/da\/wp-json\/wp\/v2\/product"}],"about":[{"href":"https:\/\/guidetogreenland.com\/da\/wp-json\/wp\/v2\/types\/product"}],"replies":[{"embeddable":true,"href":"https:\/\/guidetogreenland.com\/da\/wp-json\/wp\/v2\/comments?post=16502"}],"wp:featuredmedia":[{"embeddable":true,"href":"https:\/\/guidetogreenland.com\/da\/wp-json\/wp\/v2\/media\/16504"}],"wp:attachment":[{"href":"https:\/\/guidetogreenland.com\/da\/wp-json\/wp\/v2\/media?parent=16502"}],"wp:term":[{"taxonomy":"product_brand","embeddable":true,"href":"https:\/\/guidetogreenland.com\/da\/wp-json\/wp\/v2\/product_brand?post=16502"},{"taxonomy":"product_cat","embeddable":true,"href":"https:\/\/guidetogreenland.com\/da\/wp-json\/wp\/v2\/product_cat?post=16502"},{"taxonomy":"product_tag","embeddable":true,"href":"https:\/\/guidetogreenland.com\/da\/wp-json\/wp\/v2\/product_tag?post=16502"}],"curies":[{"name":"wp","href":"https:\/\/api.w.org\/{rel}","templated":true}]}}