{"id":16513,"date":"2020-06-10T12:05:52","date_gmt":"2020-06-10T12:05:52","guid":{"rendered":"https:\/\/guidetogreenland.com\/book-trips-holiday\/sailing-to-karale-knud-rasmussen-glacier-tasiilaq-east-greenland\/"},"modified":"2021-07-01T06:04:09","modified_gmt":"2021-07-01T09:04:09","slug":"sailing-to-karale-knud-rasmussen-glacier-tasiilaq-east-greenland","status":"publish","type":"product","link":"https:\/\/guidetogreenland.com\/da\/reserver-ferie-rejser\/sejltur-til-karale-knud-rasmussen-gletsjer-tasiilaq-ost-gronland\/","title":{"rendered":"Sejltur til Karale &#038; Knud Rasmussen Gletsjer | Tasiilaq | \u00d8st Gr\u00f8nland"},"content":{"rendered":"<p class=\"x-18pep25\">Sejl ind i den sk\u00f8nne \u00d8stgr\u00f8nlandske vildmark og oplev 2 massive gletsjere side om side. Vi drager ind i det fascinerende Arktiske landskab, sejler blandt isbjerge i fantastiske st\u00f8rrelser og former og kommer s\u00e5 t\u00e6t p\u00e5 Karale og Knud Rasmussen gletsjerne som er muligt og sikkert.<\/p>\n<p class=\"x-18pep25\">Turen starter med et hurtigt bes\u00f8g til den ber\u00f8mte Bluie East Two station, i et omr\u00e5de ved navn Ikateq. Stedet bliver ofte bes\u00f8gt af turister og lokale da det tidligere har v\u00e6ret en luftbase under 2. Verdenskrig. Det Amerikanske milit\u00e6r brugte stationen til at tanke deres fly og som skadestue for de s\u00e5rede.<\/p>\n<p class=\"e1imf5dp0 x-jm2771\">Omr\u00e5det blev<span class=\"x-12abj6v e1uuu2lt3\"> ogs\u00e5 brugt til at navigere for SAR operationer og meget vigtigt, at kunne lave bedre vejrudsigter. I dag er det mere kendt som et friluftsmuseum, mest pga. de efterladte faciliteter, som oliet\u00f8nder og k\u00f8ret\u00f8jer, det har flere gange skabt politisk debat i b\u00e5de Danmark og USA, da det essentielt er efterladt skrald. Stedet giver dog en god indsigt i den unikke rolle Gr\u00f8nland spillede under krigen.<\/span><\/p>\n<p class=\"e1imf5dp0 x-jm2771\"><span class=\"x-12abj6v e1uuu2lt3\">Efter en kort tur rundt ved basen sejler vi videre til Sermiligaaq fjorden. Et fortryllende omr\u00e5de med skarpe tinder og to gletsjere der kolliderer mod hinanden. Sermiligaaq betyder &#8220;Den smukke gletsjer fjord&#8221; og lever helt klart op til sit navn!<\/span><\/p>\n<p class=\"e1imf5dp0 x-jm2771\"><span class=\"x-12abj6v e1uuu2lt3\">De to gletsjere, Karale og Knud Rasmussen er begge elegante og massive giganter der pr\u00f8ver at dominerer hinanden. Det er et sted hvor man med n\u00e6sten garanti kommer til at opleve en eller begge af dem k\u00e6lve, et utroligt syn med lyden af torden n\u00e5r isen br\u00e6kker og falder i havet.<\/span><\/p>\n<p class=\"e1imf5dp0 x-jm2771\"><span class=\"x-12abj6v e1uuu2lt3\">Udsigten er helt igennem f\u00e6nomenal men lyden er som intet andet, en smule nervepirrende endda, men du er i sikre h\u00e6nder hos kaptajnen og hans erfaring.\u00a0<\/span><\/p>\n<p class=\"e1imf5dp0 x-jm2771\"><span class=\"x-12abj6v e1uuu2lt3\">Alt efter isforholdene vil vi pr\u00f8ve at g\u00e5 i land i n\u00e6rheden af Knud Rasmussen gletsjeren og nyde vores frokost.<\/span><\/p>\n<p class=\"e1imf5dp0 x-jm2771\"><span class=\"x-12abj6v e1uuu2lt3\">Der er en mulighed for at vandre lidt omkring f\u00f8r vi skal tilbage til Tasiilaq.\u00a0<\/span><\/p>\n<p class=\"e1imf5dp0 x-jm2771\"><span class=\"x-12abj6v e1uuu2lt3\">G\u00e5 ikke glip af denne autentiske og storsl\u00e5ede oplevelse! Tjek afgangene ved at trykke p\u00e5 &#8216;v\u00e6lg en dag&#8217; og book dit n\u00e6ste eventyr.<\/span><\/p>\n","protected":false},"excerpt":{"rendered":"Sejl ind i den sk\u00f8nne \u00d8stgr\u00f8nlandske vildmark og oplev 2 massive gletsjere side om side. Vi drager ind i det fascinerende Arktiske landskab, sejler blandt isbjerge i fantastiske st\u00f8rrelser og former og kommer s\u00e5 t\u00e6t p\u00e5 Karale og Knud Rasmussen gletsjerne som er muligt og sikkert. Turen starter med et hurtigt bes\u00f8g til den ber\u00f8mte&#8230;","protected":false},"featured_media":16514,"comment_status":"open","ping_status":"closed","template":"","meta":[],"product_brand":[],"product_cat":[594,605,614,692,612,593,630,627,643,658],"product_tag":[937],"class_list":{"0":"post-16513","1":"product","2":"type-product","3":"status-publish","4":"has-post-thumbnail","6":"product_cat-baadture","7":"product_cat-dagsture-om-sommeren","8":"product_cat-gletsjer-og-indlandsisen","9":"product_cat-iceberg-icefjord-tours","10":"product_cat-natur-og-dyreliv-i-groenland","11":"product_cat-oplevelser-i-groenland","12":"product_cat-oestgroenland","13":"product_cat-ture-i-bestemte-omraader","14":"product_cat-ture-i-hver-by","15":"product_cat-ture-i-tasiilaq","16":"product_tag-tasiilaq-da","17":"pa_activities-gletscher-udsigt","18":"pa_activities-isbjerg-udsigt","19":"pa_attractions-knud-rasmussen-gletscheren","20":"pa_available-month-juli","21":"pa_available-month-august","22":"pa_available-month-september","23":"pa_destinations-tasiilaq","24":"pa_difficulty-let","25":"pa_duration-8-timer","26":"pa_tour-type-dagsture","27":"yith_shop_vendor-arctic-dream-da","29":"first","30":"instock","31":"virtual","32":"sold-individually","33":"purchasable","34":"product-type-booking"},"acf":[],"yoast_head":"<!-- This site is optimized with the Yoast SEO plugin v25.6 - https:\/\/yoast.com\/wordpress\/plugins\/seo\/ -->\n<title>Sejltur til Karale &amp; Knud Rasmussen Gletsjer | Tasiilaq | \u00d8st Gr\u00f8nland | Guide to Greenland<\/title>\n<meta name=\"description\" content=\"Deltag i en rejse ind i \u00f8rkenen p\u00e5 den store \u00f8stkyst. G\u00e5 ind i det forbl\u00f8ffende arktiske landskab med gletschere, isbjerge og vilde dyr.\" \/>\n<meta name=\"robots\" content=\"index, follow, max-snippet:-1, max-image-preview:large, max-video-preview:-1\" \/>\n<link rel=\"canonical\" href=\"https:\/\/guidetogreenland.com\/da\/reserver-ferie-rejser\/sejltur-til-karale-knud-rasmussen-gletsjer-tasiilaq-ost-gronland\/\" \/>\n<meta property=\"og:locale\" content=\"da_DK\" \/>\n<meta property=\"og:type\" content=\"article\" \/>\n<meta property=\"og:title\" content=\"Sejltur til Karale &amp; Knud Rasmussen Gletsjer | Tasiilaq | \u00d8st Gr\u00f8nland | Guide to Greenland\" \/>\n<meta property=\"og:description\" content=\"Deltag i en rejse ind i \u00f8rkenen p\u00e5 den store \u00f8stkyst. G\u00e5 ind i det forbl\u00f8ffende arktiske landskab med gletschere, isbjerge og vilde dyr.\" \/>\n<meta property=\"og:url\" content=\"https:\/\/guidetogreenland.com\/da\/reserver-ferie-rejser\/sejltur-til-karale-knud-rasmussen-gletsjer-tasiilaq-ost-gronland\/\" \/>\n<meta property=\"og:site_name\" content=\"Guide to Greenland\" \/>\n<meta property=\"article:modified_time\" content=\"2021-07-01T09:04:09+00:00\" \/>\n<meta property=\"og:image\" content=\"https:\/\/guidetogreenland.com\/wp-content\/uploads\/2020\/05\/sailing-to-karale-knud-rasmussen-glacier-tasiilaq-east-greenland-Guide-to-Greenland8.jpg\" \/>\n\t<meta property=\"og:image:width\" content=\"926\" \/>\n\t<meta property=\"og:image:height\" content=\"617\" \/>\n\t<meta property=\"og:image:type\" content=\"image\/jpeg\" \/>\n<meta name=\"twitter:card\" content=\"summary_large_image\" \/>\n<meta name=\"twitter:label1\" content=\"Estimeret l\u00e6setid\" \/>\n\t<meta name=\"twitter:data1\" content=\"2 minutter\" \/>\n<script type=\"application\/ld+json\" class=\"yoast-schema-graph\">{\"@context\":\"https:\/\/schema.org\",\"@graph\":[{\"@type\":\"WebPage\",\"@id\":\"https:\/\/guidetogreenland.com\/da\/reserver-ferie-rejser\/sejltur-til-karale-knud-rasmussen-gletsjer-tasiilaq-ost-gronland\/\",\"url\":\"https:\/\/guidetogreenland.com\/da\/reserver-ferie-rejser\/sejltur-til-karale-knud-rasmussen-gletsjer-tasiilaq-ost-gronland\/\",\"name\":\"Sejltur til Karale & Knud Rasmussen Gletsjer | Tasiilaq | \u00d8st Gr\u00f8nland | Guide to Greenland\",\"isPartOf\":{\"@id\":\"https:\/\/guidetogreenland.com\/da\/#website\"},\"primaryImageOfPage\":{\"@id\":\"https:\/\/guidetogreenland.com\/da\/reserver-ferie-rejser\/sejltur-til-karale-knud-rasmussen-gletsjer-tasiilaq-ost-gronland\/#primaryimage\"},\"image\":{\"@id\":\"https:\/\/guidetogreenland.com\/da\/reserver-ferie-rejser\/sejltur-til-karale-knud-rasmussen-gletsjer-tasiilaq-ost-gronland\/#primaryimage\"},\"thumbnailUrl\":\"https:\/\/guidetogreenland.com\/wp-content\/uploads\/2020\/05\/sailing-to-karale-knud-rasmussen-glacier-tasiilaq-east-greenland-Guide-to-Greenland1.jpg\",\"datePublished\":\"2020-06-10T12:05:52+00:00\",\"dateModified\":\"2021-07-01T09:04:09+00:00\",\"description\":\"Deltag i en rejse ind i \u00f8rkenen p\u00e5 den store \u00f8stkyst. G\u00e5 ind i det forbl\u00f8ffende arktiske landskab med gletschere, isbjerge og vilde dyr.\",\"breadcrumb\":{\"@id\":\"https:\/\/guidetogreenland.com\/da\/reserver-ferie-rejser\/sejltur-til-karale-knud-rasmussen-gletsjer-tasiilaq-ost-gronland\/#breadcrumb\"},\"inLanguage\":\"da-DK\",\"potentialAction\":[{\"@type\":\"ReadAction\",\"target\":[\"https:\/\/guidetogreenland.com\/da\/reserver-ferie-rejser\/sejltur-til-karale-knud-rasmussen-gletsjer-tasiilaq-ost-gronland\/\"]}]},{\"@type\":\"ImageObject\",\"inLanguage\":\"da-DK\",\"@id\":\"https:\/\/guidetogreenland.com\/da\/reserver-ferie-rejser\/sejltur-til-karale-knud-rasmussen-gletsjer-tasiilaq-ost-gronland\/#primaryimage\",\"url\":\"https:\/\/guidetogreenland.com\/wp-content\/uploads\/2020\/05\/sailing-to-karale-knud-rasmussen-glacier-tasiilaq-east-greenland-Guide-to-Greenland1.jpg\",\"contentUrl\":\"https:\/\/guidetogreenland.com\/wp-content\/uploads\/2020\/05\/sailing-to-karale-knud-rasmussen-glacier-tasiilaq-east-greenland-Guide-to-Greenland1.jpg\",\"width\":926,\"height\":617},{\"@type\":\"BreadcrumbList\",\"@id\":\"https:\/\/guidetogreenland.com\/da\/reserver-ferie-rejser\/sejltur-til-karale-knud-rasmussen-gletsjer-tasiilaq-ost-gronland\/#breadcrumb\",\"itemListElement\":[{\"@type\":\"ListItem\",\"position\":1,\"name\":\"Home\",\"item\":\"https:\/\/guidetogreenland.com\/da\/\"},{\"@type\":\"ListItem\",\"position\":2,\"name\":\"Se alle ture\",\"item\":\"https:\/\/guidetogreenland.com\/da\/reserver-ferie-rejser\/\"},{\"@type\":\"ListItem\",\"position\":3,\"name\":\"Sejltur til Karale &#038; Knud Rasmussen Gletsjer | Tasiilaq | \u00d8st Gr\u00f8nland\"}]},{\"@type\":\"WebSite\",\"@id\":\"https:\/\/guidetogreenland.com\/da\/#website\",\"url\":\"https:\/\/guidetogreenland.com\/da\/\",\"name\":\"Guide to Greenland\",\"description\":\"Largest selection of tours in Greenland\",\"potentialAction\":[{\"@type\":\"SearchAction\",\"target\":{\"@type\":\"EntryPoint\",\"urlTemplate\":\"https:\/\/guidetogreenland.com\/da\/?s={search_term_string}\"},\"query-input\":{\"@type\":\"PropertyValueSpecification\",\"valueRequired\":true,\"valueName\":\"search_term_string\"}}],\"inLanguage\":\"da-DK\"}]}<\/script>\n<!-- \/ Yoast SEO plugin. -->","yoast_head_json":{"title":"Sejltur til Karale & Knud Rasmussen Gletsjer | Tasiilaq | \u00d8st Gr\u00f8nland | Guide to Greenland","description":"Deltag i en rejse ind i \u00f8rkenen p\u00e5 den store \u00f8stkyst. G\u00e5 ind i det forbl\u00f8ffende arktiske landskab med gletschere, isbjerge og vilde dyr.","robots":{"index":"index","follow":"follow","max-snippet":"max-snippet:-1","max-image-preview":"max-image-preview:large","max-video-preview":"max-video-preview:-1"},"canonical":"https:\/\/guidetogreenland.com\/da\/reserver-ferie-rejser\/sejltur-til-karale-knud-rasmussen-gletsjer-tasiilaq-ost-gronland\/","og_locale":"da_DK","og_type":"article","og_title":"Sejltur til Karale & Knud Rasmussen Gletsjer | Tasiilaq | \u00d8st Gr\u00f8nland | Guide to Greenland","og_description":"Deltag i en rejse ind i \u00f8rkenen p\u00e5 den store \u00f8stkyst. G\u00e5 ind i det forbl\u00f8ffende arktiske landskab med gletschere, isbjerge og vilde dyr.","og_url":"https:\/\/guidetogreenland.com\/da\/reserver-ferie-rejser\/sejltur-til-karale-knud-rasmussen-gletsjer-tasiilaq-ost-gronland\/","og_site_name":"Guide to Greenland","article_modified_time":"2021-07-01T09:04:09+00:00","og_image":[{"width":926,"height":617,"url":"https:\/\/guidetogreenland.com\/wp-content\/uploads\/2020\/05\/sailing-to-karale-knud-rasmussen-glacier-tasiilaq-east-greenland-Guide-to-Greenland8.jpg","type":"image\/jpeg"}],"twitter_card":"summary_large_image","twitter_misc":{"Estimeret l\u00e6setid":"2 minutter"},"schema":{"@context":"https:\/\/schema.org","@graph":[{"@type":"WebPage","@id":"https:\/\/guidetogreenland.com\/da\/reserver-ferie-rejser\/sejltur-til-karale-knud-rasmussen-gletsjer-tasiilaq-ost-gronland\/","url":"https:\/\/guidetogreenland.com\/da\/reserver-ferie-rejser\/sejltur-til-karale-knud-rasmussen-gletsjer-tasiilaq-ost-gronland\/","name":"Sejltur til Karale & Knud Rasmussen Gletsjer | Tasiilaq | \u00d8st Gr\u00f8nland | Guide to Greenland","isPartOf":{"@id":"https:\/\/guidetogreenland.com\/da\/#website"},"primaryImageOfPage":{"@id":"https:\/\/guidetogreenland.com\/da\/reserver-ferie-rejser\/sejltur-til-karale-knud-rasmussen-gletsjer-tasiilaq-ost-gronland\/#primaryimage"},"image":{"@id":"https:\/\/guidetogreenland.com\/da\/reserver-ferie-rejser\/sejltur-til-karale-knud-rasmussen-gletsjer-tasiilaq-ost-gronland\/#primaryimage"},"thumbnailUrl":"https:\/\/guidetogreenland.com\/wp-content\/uploads\/2020\/05\/sailing-to-karale-knud-rasmussen-glacier-tasiilaq-east-greenland-Guide-to-Greenland1.jpg","datePublished":"2020-06-10T12:05:52+00:00","dateModified":"2021-07-01T09:04:09+00:00","description":"Deltag i en rejse ind i \u00f8rkenen p\u00e5 den store \u00f8stkyst. G\u00e5 ind i det forbl\u00f8ffende arktiske landskab med gletschere, isbjerge og vilde dyr.","breadcrumb":{"@id":"https:\/\/guidetogreenland.com\/da\/reserver-ferie-rejser\/sejltur-til-karale-knud-rasmussen-gletsjer-tasiilaq-ost-gronland\/#breadcrumb"},"inLanguage":"da-DK","potentialAction":[{"@type":"ReadAction","target":["https:\/\/guidetogreenland.com\/da\/reserver-ferie-rejser\/sejltur-til-karale-knud-rasmussen-gletsjer-tasiilaq-ost-gronland\/"]}]},{"@type":"ImageObject","inLanguage":"da-DK","@id":"https:\/\/guidetogreenland.com\/da\/reserver-ferie-rejser\/sejltur-til-karale-knud-rasmussen-gletsjer-tasiilaq-ost-gronland\/#primaryimage","url":"https:\/\/guidetogreenland.com\/wp-content\/uploads\/2020\/05\/sailing-to-karale-knud-rasmussen-glacier-tasiilaq-east-greenland-Guide-to-Greenland1.jpg","contentUrl":"https:\/\/guidetogreenland.com\/wp-content\/uploads\/2020\/05\/sailing-to-karale-knud-rasmussen-glacier-tasiilaq-east-greenland-Guide-to-Greenland1.jpg","width":926,"height":617},{"@type":"BreadcrumbList","@id":"https:\/\/guidetogreenland.com\/da\/reserver-ferie-rejser\/sejltur-til-karale-knud-rasmussen-gletsjer-tasiilaq-ost-gronland\/#breadcrumb","itemListElement":[{"@type":"ListItem","position":1,"name":"Home","item":"https:\/\/guidetogreenland.com\/da\/"},{"@type":"ListItem","position":2,"name":"Se alle ture","item":"https:\/\/guidetogreenland.com\/da\/reserver-ferie-rejser\/"},{"@type":"ListItem","position":3,"name":"Sejltur til Karale &#038; Knud Rasmussen Gletsjer | Tasiilaq | \u00d8st Gr\u00f8nland"}]},{"@type":"WebSite","@id":"https:\/\/guidetogreenland.com\/da\/#website","url":"https:\/\/guidetogreenland.com\/da\/","name":"Guide to Greenland","description":"Largest selection of tours in Greenland","potentialAction":[{"@type":"SearchAction","target":{"@type":"EntryPoint","urlTemplate":"https:\/\/guidetogreenland.com\/da\/?s={search_term_string}"},"query-input":{"@type":"PropertyValueSpecification","valueRequired":true,"valueName":"search_term_string"}}],"inLanguage":"da-DK"}]}},"_links":{"self":[{"href":"https:\/\/guidetogreenland.com\/da\/wp-json\/wp\/v2\/product\/16513","targetHints":{"allow":["GET"]}}],"collection":[{"href":"https:\/\/guidetogreenland.com\/da\/wp-json\/wp\/v2\/product"}],"about":[{"href":"https:\/\/guidetogreenland.com\/da\/wp-json\/wp\/v2\/types\/product"}],"replies":[{"embeddable":true,"href":"https:\/\/guidetogreenland.com\/da\/wp-json\/wp\/v2\/comments?post=16513"}],"wp:featuredmedia":[{"embeddable":true,"href":"https:\/\/guidetogreenland.com\/da\/wp-json\/wp\/v2\/media\/16514"}],"wp:attachment":[{"href":"https:\/\/guidetogreenland.com\/da\/wp-json\/wp\/v2\/media?parent=16513"}],"wp:term":[{"taxonomy":"product_brand","embeddable":true,"href":"https:\/\/guidetogreenland.com\/da\/wp-json\/wp\/v2\/product_brand?post=16513"},{"taxonomy":"product_cat","embeddable":true,"href":"https:\/\/guidetogreenland.com\/da\/wp-json\/wp\/v2\/product_cat?post=16513"},{"taxonomy":"product_tag","embeddable":true,"href":"https:\/\/guidetogreenland.com\/da\/wp-json\/wp\/v2\/product_tag?post=16513"}],"curies":[{"name":"wp","href":"https:\/\/api.w.org\/{rel}","templated":true}]}}