{"id":16523,"date":"2020-07-08T17:30:07","date_gmt":"2020-07-08T17:30:07","guid":{"rendered":"https:\/\/guidetogreenland.com\/book-trips-holiday\/kayaking-tour-from-tasiilaq-east-greenland\/"},"modified":"2025-05-07T14:01:40","modified_gmt":"2025-05-07T17:01:40","slug":"kayaking-tour-from-tasiilaq-east-greenland","status":"publish","type":"product","link":"https:\/\/guidetogreenland.com\/da\/reserver-ferie-rejser\/kajaktur-fra-tasiilaq-ost-gronland\/","title":{"rendered":"Kajaktur fra Tasiilaq | \u00d8st Gr\u00f8nland"},"content":{"rendered":"<p class=\"x-18pep25\">Tag med vores lokale guide p\u00e5 en tur ud i fjorden og kom t\u00e6t p\u00e5 isbjergene uden den mindste lyd fra en motor.<\/p>\n<p class=\"x-18pep25\">At ro i kajak har en enorm kulturel betydning, og siden du er kommet til stedet hvor den kommer fra, kan du opleve hvordan det m\u00e5 have udfoldet sig som j\u00e6ger i Gr\u00f8nland f\u00f8r europ\u00e6erne kom med deres store skibe.<\/p>\n<p class=\"x-18pep25\">Isbjergene flyder lige uden for Tasiilaq og vi tager ud og ror iblandt dem de n\u00e6ste 2-3 timer. Du beh\u00f8ver ingen tidligere erfaring for at komme p\u00e5 denne tur, vi tager det stille og roligt og nyder havets fredfyldte tilv\u00e6relse.<\/p>\n<p class=\"e1imf5dp0 x-jm2771\">Af de f\u00e5 lyde du kan h\u00f8re er en af dem m\u00e5ske lyden af i<span class=\"x-12abj6v e1uuu2lt3\">sbjerge der smelter. N\u00e5r man er s\u00e5 t\u00e6t p\u00e5 havets overflade f\u00f8les det helt surrealistisk at v\u00e6re omgivet af disse hvide isskulpturer. M\u00e6rk den friske arktiske brise i h\u00e5ret og glid roligt gennem det kolde vand mens solen er ved at g\u00e5 ned bag horisonten. Nogle dage er det en eksplosion af farver n\u00e5r solen g\u00e5r ned.<\/span><\/p>\n<p class=\"e1imf5dp0 x-jm2771\"><span class=\"x-12abj6v e1uuu2lt3\">Oplev denne oldgamle m\u00e5de at leve p\u00e5 og udforsk the iset hav uden for Tasiilaq nu! Bare klik p\u00e5 &#8216;v\u00e6lg en dag&#8217; og find en dato der passer dig.<\/span><\/p>\n","protected":false},"excerpt":{"rendered":"Tag med vores lokale guide p\u00e5 en tur ud i fjorden og kom t\u00e6t p\u00e5 isbjergene uden den mindste lyd fra en motor. At ro i kajak har en enorm kulturel betydning, og siden du er kommet til stedet hvor den kommer fra, kan du opleve hvordan det m\u00e5 have udfoldet sig som j\u00e6ger i&#8230;","protected":false},"featured_media":16524,"comment_status":"open","ping_status":"closed","template":"","meta":[],"product_brand":[],"product_cat":[605,692,612,593,630,609,627,643,658],"product_tag":[937],"class_list":{"0":"post-16523","1":"product","2":"type-product","3":"status-publish","4":"has-post-thumbnail","6":"product_cat-dagsture-om-sommeren","7":"product_cat-iceberg-icefjord-tours","8":"product_cat-natur-og-dyreliv-i-groenland","9":"product_cat-oplevelser-i-groenland","10":"product_cat-oestgroenland","11":"product_cat-sup-kayakture","12":"product_cat-ture-i-bestemte-omraader","13":"product_cat-ture-i-hver-by","14":"product_cat-ture-i-tasiilaq","15":"product_tag-tasiilaq-da","16":"pa_activities-kajak-sup","17":"pa_activities-isbjerg-udsigt","18":"pa_destinations-tasiilaq","19":"pa_difficulty-let","20":"pa_duration-2-5-time","21":"pa_tour-type-dagsture","22":"yith_shop_vendor-arctic-dream-da","24":"first","25":"instock","26":"virtual","27":"sold-individually","28":"purchasable","29":"product-type-booking"},"acf":[],"yoast_head":"<!-- This site is optimized with the Yoast SEO plugin v25.6 - https:\/\/yoast.com\/wordpress\/plugins\/seo\/ -->\n<title>Kajaktur fra Tasiilaq | \u00d8st Gr\u00f8nland | Guide to Greenland<\/title>\n<meta name=\"robots\" content=\"index, follow, max-snippet:-1, max-image-preview:large, max-video-preview:-1\" \/>\n<link rel=\"canonical\" href=\"https:\/\/guidetogreenland.com\/da\/reserver-ferie-rejser\/kajaktur-fra-tasiilaq-ost-gronland\/\" \/>\n<meta property=\"og:locale\" content=\"da_DK\" \/>\n<meta property=\"og:type\" content=\"article\" \/>\n<meta property=\"og:title\" content=\"Kajaktur fra Tasiilaq | \u00d8st Gr\u00f8nland | Guide to Greenland\" \/>\n<meta property=\"og:description\" content=\"Tag med vores lokale guide p\u00e5 en tur ud i fjorden og kom t\u00e6t p\u00e5 isbjergene uden den mindste lyd fra en motor. At ro i kajak har en enorm kulturel betydning, og siden du er kommet til stedet hvor den kommer fra, kan du opleve hvordan det m\u00e5 have udfoldet sig som j\u00e6ger i...\" \/>\n<meta property=\"og:url\" content=\"https:\/\/guidetogreenland.com\/da\/reserver-ferie-rejser\/kajaktur-fra-tasiilaq-ost-gronland\/\" \/>\n<meta property=\"og:site_name\" content=\"Guide to Greenland\" \/>\n<meta property=\"article:modified_time\" content=\"2025-05-07T17:01:40+00:00\" \/>\n<meta property=\"og:image\" content=\"https:\/\/guidetogreenland.com\/wp-content\/uploads\/2020\/05\/Kayaking-tour-from-Tasiilaq-East-Greenland-Guide-to-Greenland1.jpg\" \/>\n\t<meta property=\"og:image:width\" content=\"879\" \/>\n\t<meta property=\"og:image:height\" content=\"659\" \/>\n\t<meta property=\"og:image:type\" content=\"image\/jpeg\" \/>\n<meta name=\"twitter:card\" content=\"summary_large_image\" \/>\n<meta name=\"twitter:label1\" content=\"Estimeret l\u00e6setid\" \/>\n\t<meta name=\"twitter:data1\" content=\"1 minut\" \/>\n<script type=\"application\/ld+json\" class=\"yoast-schema-graph\">{\"@context\":\"https:\/\/schema.org\",\"@graph\":[{\"@type\":\"WebPage\",\"@id\":\"https:\/\/guidetogreenland.com\/da\/reserver-ferie-rejser\/kajaktur-fra-tasiilaq-ost-gronland\/\",\"url\":\"https:\/\/guidetogreenland.com\/da\/reserver-ferie-rejser\/kajaktur-fra-tasiilaq-ost-gronland\/\",\"name\":\"Kajaktur fra Tasiilaq | \u00d8st Gr\u00f8nland | Guide to Greenland\",\"isPartOf\":{\"@id\":\"https:\/\/guidetogreenland.com\/da\/#website\"},\"primaryImageOfPage\":{\"@id\":\"https:\/\/guidetogreenland.com\/da\/reserver-ferie-rejser\/kajaktur-fra-tasiilaq-ost-gronland\/#primaryimage\"},\"image\":{\"@id\":\"https:\/\/guidetogreenland.com\/da\/reserver-ferie-rejser\/kajaktur-fra-tasiilaq-ost-gronland\/#primaryimage\"},\"thumbnailUrl\":\"https:\/\/guidetogreenland.com\/wp-content\/uploads\/2020\/05\/Kayaking-tour-from-Tasiilaq-East-Greenland-Guide-to-Greenland1.jpg\",\"datePublished\":\"2020-07-08T17:30:07+00:00\",\"dateModified\":\"2025-05-07T17:01:40+00:00\",\"breadcrumb\":{\"@id\":\"https:\/\/guidetogreenland.com\/da\/reserver-ferie-rejser\/kajaktur-fra-tasiilaq-ost-gronland\/#breadcrumb\"},\"inLanguage\":\"da-DK\",\"potentialAction\":[{\"@type\":\"ReadAction\",\"target\":[\"https:\/\/guidetogreenland.com\/da\/reserver-ferie-rejser\/kajaktur-fra-tasiilaq-ost-gronland\/\"]}]},{\"@type\":\"ImageObject\",\"inLanguage\":\"da-DK\",\"@id\":\"https:\/\/guidetogreenland.com\/da\/reserver-ferie-rejser\/kajaktur-fra-tasiilaq-ost-gronland\/#primaryimage\",\"url\":\"https:\/\/guidetogreenland.com\/wp-content\/uploads\/2020\/05\/Kayaking-tour-from-Tasiilaq-East-Greenland-Guide-to-Greenland1.jpg\",\"contentUrl\":\"https:\/\/guidetogreenland.com\/wp-content\/uploads\/2020\/05\/Kayaking-tour-from-Tasiilaq-East-Greenland-Guide-to-Greenland1.jpg\",\"width\":879,\"height\":659},{\"@type\":\"BreadcrumbList\",\"@id\":\"https:\/\/guidetogreenland.com\/da\/reserver-ferie-rejser\/kajaktur-fra-tasiilaq-ost-gronland\/#breadcrumb\",\"itemListElement\":[{\"@type\":\"ListItem\",\"position\":1,\"name\":\"Home\",\"item\":\"https:\/\/guidetogreenland.com\/da\/\"},{\"@type\":\"ListItem\",\"position\":2,\"name\":\"Se alle ture\",\"item\":\"https:\/\/guidetogreenland.com\/da\/reserver-ferie-rejser\/\"},{\"@type\":\"ListItem\",\"position\":3,\"name\":\"Kajaktur fra Tasiilaq | \u00d8st Gr\u00f8nland\"}]},{\"@type\":\"WebSite\",\"@id\":\"https:\/\/guidetogreenland.com\/da\/#website\",\"url\":\"https:\/\/guidetogreenland.com\/da\/\",\"name\":\"Guide to Greenland\",\"description\":\"Largest selection of tours in Greenland\",\"potentialAction\":[{\"@type\":\"SearchAction\",\"target\":{\"@type\":\"EntryPoint\",\"urlTemplate\":\"https:\/\/guidetogreenland.com\/da\/?s={search_term_string}\"},\"query-input\":{\"@type\":\"PropertyValueSpecification\",\"valueRequired\":true,\"valueName\":\"search_term_string\"}}],\"inLanguage\":\"da-DK\"}]}<\/script>\n<!-- \/ Yoast SEO plugin. -->","yoast_head_json":{"title":"Kajaktur fra Tasiilaq | \u00d8st Gr\u00f8nland | Guide to Greenland","robots":{"index":"index","follow":"follow","max-snippet":"max-snippet:-1","max-image-preview":"max-image-preview:large","max-video-preview":"max-video-preview:-1"},"canonical":"https:\/\/guidetogreenland.com\/da\/reserver-ferie-rejser\/kajaktur-fra-tasiilaq-ost-gronland\/","og_locale":"da_DK","og_type":"article","og_title":"Kajaktur fra Tasiilaq | \u00d8st Gr\u00f8nland | Guide to Greenland","og_description":"Tag med vores lokale guide p\u00e5 en tur ud i fjorden og kom t\u00e6t p\u00e5 isbjergene uden den mindste lyd fra en motor. At ro i kajak har en enorm kulturel betydning, og siden du er kommet til stedet hvor den kommer fra, kan du opleve hvordan det m\u00e5 have udfoldet sig som j\u00e6ger i...","og_url":"https:\/\/guidetogreenland.com\/da\/reserver-ferie-rejser\/kajaktur-fra-tasiilaq-ost-gronland\/","og_site_name":"Guide to Greenland","article_modified_time":"2025-05-07T17:01:40+00:00","og_image":[{"width":879,"height":659,"url":"https:\/\/guidetogreenland.com\/wp-content\/uploads\/2020\/05\/Kayaking-tour-from-Tasiilaq-East-Greenland-Guide-to-Greenland1.jpg","type":"image\/jpeg"}],"twitter_card":"summary_large_image","twitter_misc":{"Estimeret l\u00e6setid":"1 minut"},"schema":{"@context":"https:\/\/schema.org","@graph":[{"@type":"WebPage","@id":"https:\/\/guidetogreenland.com\/da\/reserver-ferie-rejser\/kajaktur-fra-tasiilaq-ost-gronland\/","url":"https:\/\/guidetogreenland.com\/da\/reserver-ferie-rejser\/kajaktur-fra-tasiilaq-ost-gronland\/","name":"Kajaktur fra Tasiilaq | \u00d8st Gr\u00f8nland | Guide to Greenland","isPartOf":{"@id":"https:\/\/guidetogreenland.com\/da\/#website"},"primaryImageOfPage":{"@id":"https:\/\/guidetogreenland.com\/da\/reserver-ferie-rejser\/kajaktur-fra-tasiilaq-ost-gronland\/#primaryimage"},"image":{"@id":"https:\/\/guidetogreenland.com\/da\/reserver-ferie-rejser\/kajaktur-fra-tasiilaq-ost-gronland\/#primaryimage"},"thumbnailUrl":"https:\/\/guidetogreenland.com\/wp-content\/uploads\/2020\/05\/Kayaking-tour-from-Tasiilaq-East-Greenland-Guide-to-Greenland1.jpg","datePublished":"2020-07-08T17:30:07+00:00","dateModified":"2025-05-07T17:01:40+00:00","breadcrumb":{"@id":"https:\/\/guidetogreenland.com\/da\/reserver-ferie-rejser\/kajaktur-fra-tasiilaq-ost-gronland\/#breadcrumb"},"inLanguage":"da-DK","potentialAction":[{"@type":"ReadAction","target":["https:\/\/guidetogreenland.com\/da\/reserver-ferie-rejser\/kajaktur-fra-tasiilaq-ost-gronland\/"]}]},{"@type":"ImageObject","inLanguage":"da-DK","@id":"https:\/\/guidetogreenland.com\/da\/reserver-ferie-rejser\/kajaktur-fra-tasiilaq-ost-gronland\/#primaryimage","url":"https:\/\/guidetogreenland.com\/wp-content\/uploads\/2020\/05\/Kayaking-tour-from-Tasiilaq-East-Greenland-Guide-to-Greenland1.jpg","contentUrl":"https:\/\/guidetogreenland.com\/wp-content\/uploads\/2020\/05\/Kayaking-tour-from-Tasiilaq-East-Greenland-Guide-to-Greenland1.jpg","width":879,"height":659},{"@type":"BreadcrumbList","@id":"https:\/\/guidetogreenland.com\/da\/reserver-ferie-rejser\/kajaktur-fra-tasiilaq-ost-gronland\/#breadcrumb","itemListElement":[{"@type":"ListItem","position":1,"name":"Home","item":"https:\/\/guidetogreenland.com\/da\/"},{"@type":"ListItem","position":2,"name":"Se alle ture","item":"https:\/\/guidetogreenland.com\/da\/reserver-ferie-rejser\/"},{"@type":"ListItem","position":3,"name":"Kajaktur fra Tasiilaq | \u00d8st Gr\u00f8nland"}]},{"@type":"WebSite","@id":"https:\/\/guidetogreenland.com\/da\/#website","url":"https:\/\/guidetogreenland.com\/da\/","name":"Guide to Greenland","description":"Largest selection of tours in Greenland","potentialAction":[{"@type":"SearchAction","target":{"@type":"EntryPoint","urlTemplate":"https:\/\/guidetogreenland.com\/da\/?s={search_term_string}"},"query-input":{"@type":"PropertyValueSpecification","valueRequired":true,"valueName":"search_term_string"}}],"inLanguage":"da-DK"}]}},"_links":{"self":[{"href":"https:\/\/guidetogreenland.com\/da\/wp-json\/wp\/v2\/product\/16523","targetHints":{"allow":["GET"]}}],"collection":[{"href":"https:\/\/guidetogreenland.com\/da\/wp-json\/wp\/v2\/product"}],"about":[{"href":"https:\/\/guidetogreenland.com\/da\/wp-json\/wp\/v2\/types\/product"}],"replies":[{"embeddable":true,"href":"https:\/\/guidetogreenland.com\/da\/wp-json\/wp\/v2\/comments?post=16523"}],"wp:featuredmedia":[{"embeddable":true,"href":"https:\/\/guidetogreenland.com\/da\/wp-json\/wp\/v2\/media\/16524"}],"wp:attachment":[{"href":"https:\/\/guidetogreenland.com\/da\/wp-json\/wp\/v2\/media?parent=16523"}],"wp:term":[{"taxonomy":"product_brand","embeddable":true,"href":"https:\/\/guidetogreenland.com\/da\/wp-json\/wp\/v2\/product_brand?post=16523"},{"taxonomy":"product_cat","embeddable":true,"href":"https:\/\/guidetogreenland.com\/da\/wp-json\/wp\/v2\/product_cat?post=16523"},{"taxonomy":"product_tag","embeddable":true,"href":"https:\/\/guidetogreenland.com\/da\/wp-json\/wp\/v2\/product_tag?post=16523"}],"curies":[{"name":"wp","href":"https:\/\/api.w.org\/{rel}","templated":true}]}}