{"id":16526,"date":"2020-06-10T11:29:11","date_gmt":"2020-06-10T11:29:11","guid":{"rendered":"https:\/\/guidetogreenland.com\/book-trips-holiday\/glacier-adventure-by-boat-tasiilaq-east-greenland\/"},"modified":"2023-06-02T14:50:43","modified_gmt":"2023-06-02T17:50:43","slug":"glacier-adventure-by-boat-tasiilaq-east-greenland","status":"publish","type":"product","link":"https:\/\/guidetogreenland.com\/da\/reserver-ferie-rejser\/gletsjer-eventyr-med-bad-tasiilaq-ostgronland\/","title":{"rendered":"Gletsjer-eventyr med b\u00e5d | Tasiilaq | \u00d8stgr\u00f8nland"},"content":{"rendered":"<p class=\"x-18pep25\">Tag p\u00e5 en vidunderlig\u00a0b\u00e5dtur til Sermilik isfjorden og oplev den f\u00e6nomenale Hann Gletsjer.<\/p>\n<p class=\"x-18pep25\">Turen starter fra Tasiilaq havnen, hvorfra vi sejler syd langs Ammassalik \u00f8en, hvorefter vi stille og roligt bev\u00e6ger os ind i Sermilik isfjorden. En storsl\u00e5et tur blandt isbjerge i alle former og st\u00f8rrelser. Sermilik betyder faktisk &#8220;Den med isen&#8221; og fjorden lever i hvert fald op til sit navn. Mellem hvert hj\u00f8rne er der isbjerge, den ene st\u00f8rre end den anden, hvilket giver folk der rejser i dette omr\u00e5de en fed fornemmelse af hvor sm\u00e5 vi i virkeligheden er blandt havets giganter.<\/p>\n<p class=\"e1imf5dp0 x-jm2771\">Efter en times tid begynder<span class=\"x-12abj6v e1uuu2lt3\"> vi at kunne se den efterladte bygd Ikkatteq der ligger p\u00e5 en lille \u00f8. Du f\u00e5r muligheden for at g\u00e5 i land og udforske bygden, du kan f.eks. g\u00e5 ind og kigge ved den gamle skole\/kirke bygning og se hvordan de gamle klassev\u00e6relser er blevet efterladt med b\u00f8ger og noter. Bygdens udsigt er uden lige og man kan nemt forestille sig hvordan det m\u00e5 have v\u00e6ret at bo her. Her levede man af naturen og begr\u00e6nsede resurser, noget der var livsbekr\u00e6ftende men ogs\u00e5 meget h\u00e5rdt.<\/span><\/p>\n<p class=\"e1imf5dp0 x-jm2771\"><span class=\"x-12abj6v e1uuu2lt3\">Turen forts\u00e6tter herefter op nordp\u00e5 til Johan Pedersen fjorden, hvor vi kommer ind til et fortryllende landskab og det vilde syn af isskulpturer, lysebl\u00e5t vand, og vigtigst af alt, Hann Gletsjeren. Her kan vi n\u00e5 at opleve den k\u00e6lve og sende store stykker is fra Gr\u00f8nlands indlandsis ud i havet.\u00a0<\/span><\/p>\n<p class=\"e1imf5dp0 x-jm2771\"><span class=\"x-12abj6v e1uuu2lt3\">Hvis dette storsl\u00e5ede eventyr lyder som noget for dig, s\u00e5 tag bare og klik p\u00e5 &#8216;v\u00e6lg en dag&#8217; og find en dato der passer dig.<\/span><\/p>\n","protected":false},"excerpt":{"rendered":"Tag p\u00e5 en vidunderlig\u00a0b\u00e5dtur til Sermilik isfjorden og oplev den f\u00e6nomenale Hann Gletsjer. Turen starter fra Tasiilaq havnen, hvorfra vi sejler syd langs Ammassalik \u00f8en, hvorefter vi stille og roligt bev\u00e6ger os ind i Sermilik isfjorden. En storsl\u00e5et tur blandt isbjerge i alle former og st\u00f8rrelser. Sermilik betyder faktisk &#8220;Den med isen&#8221; og fjorden lever&#8230;","protected":false},"featured_media":16528,"comment_status":"open","ping_status":"closed","template":"","meta":[],"product_brand":[],"product_cat":[594,605,614,692,612,593,630],"product_tag":[937],"class_list":{"0":"post-16526","1":"product","2":"type-product","3":"status-publish","4":"has-post-thumbnail","6":"product_cat-baadture","7":"product_cat-dagsture-om-sommeren","8":"product_cat-gletsjer-og-indlandsisen","9":"product_cat-iceberg-icefjord-tours","10":"product_cat-natur-og-dyreliv-i-groenland","11":"product_cat-oplevelser-i-groenland","12":"product_cat-oestgroenland","13":"product_tag-tasiilaq-da","14":"pa_activities-gletscher-udsigt","15":"pa_activities-isbjerg-udsigt","16":"pa_available-month-juli","17":"pa_available-month-august","18":"pa_destinations-tasiilaq","19":"pa_difficulty-let","20":"pa_duration-8-timer","21":"pa_tour-type-dagsture","22":"yith_shop_vendor-arctic-dream-da","24":"first","25":"instock","26":"virtual","27":"sold-individually","28":"purchasable","29":"product-type-booking"},"acf":[],"yoast_head":"<!-- This site is optimized with the Yoast SEO plugin v25.6 - https:\/\/yoast.com\/wordpress\/plugins\/seo\/ -->\n<title>Gletsjer-eventyr med b\u00e5d | Tasiilaq | \u00d8stgr\u00f8nland | Guide to Greenland<\/title>\n<meta name=\"description\" content=\"F\u00e5 den ultimative arktiske oplevelse med Arctic Dream. Bos\u00e6ttelsesvandring, gletscheroverv\u00e5gning og ikke glem det smukke b\u00e5dkrydstogt.\" \/>\n<meta name=\"robots\" content=\"index, follow, max-snippet:-1, max-image-preview:large, max-video-preview:-1\" \/>\n<link rel=\"canonical\" href=\"https:\/\/guidetogreenland.com\/da\/reserver-ferie-rejser\/gletsjer-eventyr-med-bad-tasiilaq-ostgronland\/\" \/>\n<meta property=\"og:locale\" content=\"da_DK\" \/>\n<meta property=\"og:type\" content=\"article\" \/>\n<meta property=\"og:title\" content=\"Gletsjer-eventyr med b\u00e5d | Tasiilaq | \u00d8stgr\u00f8nland | Guide to Greenland\" \/>\n<meta property=\"og:description\" content=\"F\u00e5 den ultimative arktiske oplevelse med Arctic Dream. Bos\u00e6ttelsesvandring, gletscheroverv\u00e5gning og ikke glem det smukke b\u00e5dkrydstogt.\" \/>\n<meta property=\"og:url\" content=\"https:\/\/guidetogreenland.com\/da\/reserver-ferie-rejser\/gletsjer-eventyr-med-bad-tasiilaq-ostgronland\/\" \/>\n<meta property=\"og:site_name\" content=\"Guide to Greenland\" \/>\n<meta property=\"article:modified_time\" content=\"2023-06-02T17:50:43+00:00\" \/>\n<meta property=\"og:image\" content=\"https:\/\/guidetogreenland.com\/wp-content\/uploads\/2020\/05\/glacier-adventure-by-boat-tasiilaq-east-greenland-Guide-to-Greenland11.jpg\" \/>\n\t<meta property=\"og:image:width\" content=\"798\" \/>\n\t<meta property=\"og:image:height\" content=\"531\" \/>\n\t<meta property=\"og:image:type\" content=\"image\/jpeg\" \/>\n<meta name=\"twitter:card\" content=\"summary_large_image\" \/>\n<meta name=\"twitter:label1\" content=\"Estimeret l\u00e6setid\" \/>\n\t<meta name=\"twitter:data1\" content=\"2 minutter\" \/>\n<script type=\"application\/ld+json\" class=\"yoast-schema-graph\">{\"@context\":\"https:\/\/schema.org\",\"@graph\":[{\"@type\":\"WebPage\",\"@id\":\"https:\/\/guidetogreenland.com\/da\/reserver-ferie-rejser\/gletsjer-eventyr-med-bad-tasiilaq-ostgronland\/\",\"url\":\"https:\/\/guidetogreenland.com\/da\/reserver-ferie-rejser\/gletsjer-eventyr-med-bad-tasiilaq-ostgronland\/\",\"name\":\"Gletsjer-eventyr med b\u00e5d | Tasiilaq | \u00d8stgr\u00f8nland | Guide to Greenland\",\"isPartOf\":{\"@id\":\"https:\/\/guidetogreenland.com\/da\/#website\"},\"primaryImageOfPage\":{\"@id\":\"https:\/\/guidetogreenland.com\/da\/reserver-ferie-rejser\/gletsjer-eventyr-med-bad-tasiilaq-ostgronland\/#primaryimage\"},\"image\":{\"@id\":\"https:\/\/guidetogreenland.com\/da\/reserver-ferie-rejser\/gletsjer-eventyr-med-bad-tasiilaq-ostgronland\/#primaryimage\"},\"thumbnailUrl\":\"https:\/\/guidetogreenland.com\/wp-content\/uploads\/2020\/05\/glacier-adventure-by-boat-tasiilaq-east-greenland-Guide-to-Greenland11.jpg\",\"datePublished\":\"2020-06-10T11:29:11+00:00\",\"dateModified\":\"2023-06-02T17:50:43+00:00\",\"description\":\"F\u00e5 den ultimative arktiske oplevelse med Arctic Dream. Bos\u00e6ttelsesvandring, gletscheroverv\u00e5gning og ikke glem det smukke b\u00e5dkrydstogt.\",\"breadcrumb\":{\"@id\":\"https:\/\/guidetogreenland.com\/da\/reserver-ferie-rejser\/gletsjer-eventyr-med-bad-tasiilaq-ostgronland\/#breadcrumb\"},\"inLanguage\":\"da-DK\",\"potentialAction\":[{\"@type\":\"ReadAction\",\"target\":[\"https:\/\/guidetogreenland.com\/da\/reserver-ferie-rejser\/gletsjer-eventyr-med-bad-tasiilaq-ostgronland\/\"]}]},{\"@type\":\"ImageObject\",\"inLanguage\":\"da-DK\",\"@id\":\"https:\/\/guidetogreenland.com\/da\/reserver-ferie-rejser\/gletsjer-eventyr-med-bad-tasiilaq-ostgronland\/#primaryimage\",\"url\":\"https:\/\/guidetogreenland.com\/wp-content\/uploads\/2020\/05\/glacier-adventure-by-boat-tasiilaq-east-greenland-Guide-to-Greenland11.jpg\",\"contentUrl\":\"https:\/\/guidetogreenland.com\/wp-content\/uploads\/2020\/05\/glacier-adventure-by-boat-tasiilaq-east-greenland-Guide-to-Greenland11.jpg\",\"width\":798,\"height\":531},{\"@type\":\"BreadcrumbList\",\"@id\":\"https:\/\/guidetogreenland.com\/da\/reserver-ferie-rejser\/gletsjer-eventyr-med-bad-tasiilaq-ostgronland\/#breadcrumb\",\"itemListElement\":[{\"@type\":\"ListItem\",\"position\":1,\"name\":\"Home\",\"item\":\"https:\/\/guidetogreenland.com\/da\/\"},{\"@type\":\"ListItem\",\"position\":2,\"name\":\"Se alle ture\",\"item\":\"https:\/\/guidetogreenland.com\/da\/reserver-ferie-rejser\/\"},{\"@type\":\"ListItem\",\"position\":3,\"name\":\"Gletsjer-eventyr med b\u00e5d | Tasiilaq | \u00d8stgr\u00f8nland\"}]},{\"@type\":\"WebSite\",\"@id\":\"https:\/\/guidetogreenland.com\/da\/#website\",\"url\":\"https:\/\/guidetogreenland.com\/da\/\",\"name\":\"Guide to Greenland\",\"description\":\"Largest selection of tours in Greenland\",\"potentialAction\":[{\"@type\":\"SearchAction\",\"target\":{\"@type\":\"EntryPoint\",\"urlTemplate\":\"https:\/\/guidetogreenland.com\/da\/?s={search_term_string}\"},\"query-input\":{\"@type\":\"PropertyValueSpecification\",\"valueRequired\":true,\"valueName\":\"search_term_string\"}}],\"inLanguage\":\"da-DK\"}]}<\/script>\n<!-- \/ Yoast SEO plugin. -->","yoast_head_json":{"title":"Gletsjer-eventyr med b\u00e5d | Tasiilaq | \u00d8stgr\u00f8nland | Guide to Greenland","description":"F\u00e5 den ultimative arktiske oplevelse med Arctic Dream. Bos\u00e6ttelsesvandring, gletscheroverv\u00e5gning og ikke glem det smukke b\u00e5dkrydstogt.","robots":{"index":"index","follow":"follow","max-snippet":"max-snippet:-1","max-image-preview":"max-image-preview:large","max-video-preview":"max-video-preview:-1"},"canonical":"https:\/\/guidetogreenland.com\/da\/reserver-ferie-rejser\/gletsjer-eventyr-med-bad-tasiilaq-ostgronland\/","og_locale":"da_DK","og_type":"article","og_title":"Gletsjer-eventyr med b\u00e5d | Tasiilaq | \u00d8stgr\u00f8nland | Guide to Greenland","og_description":"F\u00e5 den ultimative arktiske oplevelse med Arctic Dream. Bos\u00e6ttelsesvandring, gletscheroverv\u00e5gning og ikke glem det smukke b\u00e5dkrydstogt.","og_url":"https:\/\/guidetogreenland.com\/da\/reserver-ferie-rejser\/gletsjer-eventyr-med-bad-tasiilaq-ostgronland\/","og_site_name":"Guide to Greenland","article_modified_time":"2023-06-02T17:50:43+00:00","og_image":[{"width":798,"height":531,"url":"https:\/\/guidetogreenland.com\/wp-content\/uploads\/2020\/05\/glacier-adventure-by-boat-tasiilaq-east-greenland-Guide-to-Greenland11.jpg","type":"image\/jpeg"}],"twitter_card":"summary_large_image","twitter_misc":{"Estimeret l\u00e6setid":"2 minutter"},"schema":{"@context":"https:\/\/schema.org","@graph":[{"@type":"WebPage","@id":"https:\/\/guidetogreenland.com\/da\/reserver-ferie-rejser\/gletsjer-eventyr-med-bad-tasiilaq-ostgronland\/","url":"https:\/\/guidetogreenland.com\/da\/reserver-ferie-rejser\/gletsjer-eventyr-med-bad-tasiilaq-ostgronland\/","name":"Gletsjer-eventyr med b\u00e5d | Tasiilaq | \u00d8stgr\u00f8nland | Guide to Greenland","isPartOf":{"@id":"https:\/\/guidetogreenland.com\/da\/#website"},"primaryImageOfPage":{"@id":"https:\/\/guidetogreenland.com\/da\/reserver-ferie-rejser\/gletsjer-eventyr-med-bad-tasiilaq-ostgronland\/#primaryimage"},"image":{"@id":"https:\/\/guidetogreenland.com\/da\/reserver-ferie-rejser\/gletsjer-eventyr-med-bad-tasiilaq-ostgronland\/#primaryimage"},"thumbnailUrl":"https:\/\/guidetogreenland.com\/wp-content\/uploads\/2020\/05\/glacier-adventure-by-boat-tasiilaq-east-greenland-Guide-to-Greenland11.jpg","datePublished":"2020-06-10T11:29:11+00:00","dateModified":"2023-06-02T17:50:43+00:00","description":"F\u00e5 den ultimative arktiske oplevelse med Arctic Dream. Bos\u00e6ttelsesvandring, gletscheroverv\u00e5gning og ikke glem det smukke b\u00e5dkrydstogt.","breadcrumb":{"@id":"https:\/\/guidetogreenland.com\/da\/reserver-ferie-rejser\/gletsjer-eventyr-med-bad-tasiilaq-ostgronland\/#breadcrumb"},"inLanguage":"da-DK","potentialAction":[{"@type":"ReadAction","target":["https:\/\/guidetogreenland.com\/da\/reserver-ferie-rejser\/gletsjer-eventyr-med-bad-tasiilaq-ostgronland\/"]}]},{"@type":"ImageObject","inLanguage":"da-DK","@id":"https:\/\/guidetogreenland.com\/da\/reserver-ferie-rejser\/gletsjer-eventyr-med-bad-tasiilaq-ostgronland\/#primaryimage","url":"https:\/\/guidetogreenland.com\/wp-content\/uploads\/2020\/05\/glacier-adventure-by-boat-tasiilaq-east-greenland-Guide-to-Greenland11.jpg","contentUrl":"https:\/\/guidetogreenland.com\/wp-content\/uploads\/2020\/05\/glacier-adventure-by-boat-tasiilaq-east-greenland-Guide-to-Greenland11.jpg","width":798,"height":531},{"@type":"BreadcrumbList","@id":"https:\/\/guidetogreenland.com\/da\/reserver-ferie-rejser\/gletsjer-eventyr-med-bad-tasiilaq-ostgronland\/#breadcrumb","itemListElement":[{"@type":"ListItem","position":1,"name":"Home","item":"https:\/\/guidetogreenland.com\/da\/"},{"@type":"ListItem","position":2,"name":"Se alle ture","item":"https:\/\/guidetogreenland.com\/da\/reserver-ferie-rejser\/"},{"@type":"ListItem","position":3,"name":"Gletsjer-eventyr med b\u00e5d | Tasiilaq | \u00d8stgr\u00f8nland"}]},{"@type":"WebSite","@id":"https:\/\/guidetogreenland.com\/da\/#website","url":"https:\/\/guidetogreenland.com\/da\/","name":"Guide to Greenland","description":"Largest selection of tours in Greenland","potentialAction":[{"@type":"SearchAction","target":{"@type":"EntryPoint","urlTemplate":"https:\/\/guidetogreenland.com\/da\/?s={search_term_string}"},"query-input":{"@type":"PropertyValueSpecification","valueRequired":true,"valueName":"search_term_string"}}],"inLanguage":"da-DK"}]}},"_links":{"self":[{"href":"https:\/\/guidetogreenland.com\/da\/wp-json\/wp\/v2\/product\/16526","targetHints":{"allow":["GET"]}}],"collection":[{"href":"https:\/\/guidetogreenland.com\/da\/wp-json\/wp\/v2\/product"}],"about":[{"href":"https:\/\/guidetogreenland.com\/da\/wp-json\/wp\/v2\/types\/product"}],"replies":[{"embeddable":true,"href":"https:\/\/guidetogreenland.com\/da\/wp-json\/wp\/v2\/comments?post=16526"}],"wp:featuredmedia":[{"embeddable":true,"href":"https:\/\/guidetogreenland.com\/da\/wp-json\/wp\/v2\/media\/16528"}],"wp:attachment":[{"href":"https:\/\/guidetogreenland.com\/da\/wp-json\/wp\/v2\/media?parent=16526"}],"wp:term":[{"taxonomy":"product_brand","embeddable":true,"href":"https:\/\/guidetogreenland.com\/da\/wp-json\/wp\/v2\/product_brand?post=16526"},{"taxonomy":"product_cat","embeddable":true,"href":"https:\/\/guidetogreenland.com\/da\/wp-json\/wp\/v2\/product_cat?post=16526"},{"taxonomy":"product_tag","embeddable":true,"href":"https:\/\/guidetogreenland.com\/da\/wp-json\/wp\/v2\/product_tag?post=16526"}],"curies":[{"name":"wp","href":"https:\/\/api.w.org\/{rel}","templated":true}]}}