{"id":16539,"date":"2020-06-11T17:10:59","date_gmt":"2020-06-11T17:10:59","guid":{"rendered":"https:\/\/guidetogreenland.com\/book-trips-holiday\/gate-way-to-greenland-kulusuk-tasiilaq-east-greenland\/"},"modified":"2021-03-15T02:51:17","modified_gmt":"2021-03-15T02:51:17","slug":"gate-way-to-greenland-kulusuk-tasiilaq-east-greenland","status":"publish","type":"product","link":"https:\/\/guidetogreenland.com\/da\/reserver-ferie-rejser\/indgangen-til-ostgronland-kulusuk-tasiilaq-ostgronland\/","title":{"rendered":"Indgangen Til \u00d8stgr\u00f8nland | Kulusuk &#038; Tasiilaq | \u00d8stgr\u00f8nland"},"content":{"rendered":"<div class=\"x-2ruu7e ewhm0490\">\n<div class=\"x-sqsvwz e1hc7val2\">\n<div class=\"x-13o7eu2 e1imf5dp1\">\n<div class=\"x-v4fa7v e1uuu2lt0\">\n<div class=\"x-7xwfhm e1imf5dp0\">\n<p class=\"x-18pep25\">Dette eventyr gennem tiden tager dig til steder, som ingen andre steder!<\/p>\n<p class=\"x-18pep25\">Denne tur tager dig gennem den farverige \u00f8stkyst af Gr\u00f8nland. Turen starter i Kulusuk, hvor du vil blive taget gennem byen og dens historiske baggrund. Der er en lille befolkning p\u00e5 375 indbyggere og bygden er blandt andet kendt som indgangen til \u00d8stgr\u00f8nland.<\/p>\n<p class=\"x-18pep25\">Du overnatter \u00e9n nat i Kulusuk og p\u00e5 anden dag g\u00e5r turen videre til Tasiilaq by. Du vil sejle med b\u00e5d igennem de arktiske farvande. N\u00e5r du er i Tasiilaq, vil du blive indkvarteret p\u00e5 Hotel Angmagssalik, et smukt hotel med en betagende udsigt over byen.<\/p>\n<p class=\"e1imf5dp0 x-jm2771\">Tasiilaq er den s<span class=\"x-12abj6v e1uuu2lt3\">t\u00f8rste by p\u00e5 \u00f8stkysten med ca. 2000 indbyggere. Tasiilaq ligger p\u00e5 en \u00f8, der g\u00e5r under navnet Ammassalik. Her er der masser af muligheder for vandreture, se de skyh\u00f8je bjerge, sejle rundt blandt store isbjerge, se gletsjere af enorm st\u00f8rrelse og kulturelle oplevelser.<\/span><\/p>\n<p class=\"e1imf5dp0 x-jm2771\"><span class=\"x-12abj6v e1uuu2lt3\">Denne tur tager dig til en forladt amerikansk luftbase, gennem isfjorde og lader dig komme t\u00e6t p\u00e5 majest\u00e6tiske gletsjere. Du f\u00e5r lov til at se de lokale lave kunsth\u00e5ndv\u00e6rk, komme p\u00e5 byrundtur og en vandretur gennem den fantastiske Blomsterdal. Denne tur giver dig den ultimative arktiske oplevelse &#8211; at se Gr\u00f8nland i sommers\u00e6sonen. Find dit vandre t\u00f8j frem og medbring dit kamera. Se tilg\u00e6ngeligheden ved at trykke p\u00e5 &#8216;V\u00e6lg en dag&#8217; ovenfor og book dit eventyr nu!<\/span><\/p>\n<\/div>\n<\/div>\n<\/div>\n<\/div>\n<\/div>\n<div>\n<div class=\"x-1bve0ae ewhm0490\">\n<div class=\"x-sqsvwz e1hc7val2\"><\/div>\n<\/div>\n<\/div>\n","protected":false},"excerpt":{"rendered":"Dette eventyr gennem tiden tager dig til steder, som ingen andre steder! Denne tur tager dig gennem den farverige \u00f8stkyst af Gr\u00f8nland. Turen starter i Kulusuk, hvor du vil blive taget gennem byen og dens historiske baggrund. Der er en lille befolkning p\u00e5 375 indbyggere og bygden er blandt andet kendt som indgangen til \u00d8stgr\u00f8nland&#8230;.","protected":false},"featured_media":13051,"comment_status":"open","ping_status":"closed","template":"","meta":[],"product_brand":[],"product_cat":[854],"product_tag":[921,925,935,937],"class_list":{"0":"post-16539","1":"product","2":"type-product","3":"status-publish","4":"has-post-thumbnail","6":"product_cat-uncategorized-da","7":"product_tag-island","8":"product_tag-kulusuk-da","9":"product_tag-reykjavik-da","10":"product_tag-tasiilaq-da","11":"pa_activities-baadtur","12":"pa_activities-groenlandsk-kultur","13":"pa_activities-byrundtur","14":"pa_activities-gletscher-udsigt","15":"pa_activities-isbjerg-udsigt","16":"pa_available-month-juni","17":"pa_available-month-juli","18":"pa_available-month-august","19":"pa_destinations-kulusuk","20":"pa_destinations-tasiilaq","21":"pa_difficulty-let","22":"pa_duration-5-dage","23":"pa_tour-type-flerdags-ture","24":"yith_shop_vendor-nonni-travel-da","25":"yith_booking_service-optional-tour-apusiajik-glacier-per-person","26":"yith_booking_service-single-room-supplement-mandatory-if-travelling-alone-2250","28":"first","29":"instock","30":"virtual","31":"sold-individually","32":"purchasable","33":"product-type-booking"},"acf":[],"yoast_head":"<!-- This site is optimized with the Yoast SEO plugin v25.6 - https:\/\/yoast.com\/wordpress\/plugins\/seo\/ -->\n<title>Indgangen Til \u00d8stgr\u00f8nland | Kulusuk &amp; Tasiilaq | \u00d8stgr\u00f8nland | Guide to Greenland<\/title>\n<meta name=\"description\" content=\"Dette 5-dages eventyr er tilstr\u00e6kkeligt med dit behov for gletscher, gr\u00f8nlandsk historie og kultur. Rejs til Gr\u00f8nland fra Island!\" \/>\n<meta name=\"robots\" content=\"index, follow, max-snippet:-1, max-image-preview:large, max-video-preview:-1\" \/>\n<link rel=\"canonical\" href=\"https:\/\/guidetogreenland.com\/da\/reserver-ferie-rejser\/indgangen-til-ostgronland-kulusuk-tasiilaq-ostgronland\/\" \/>\n<meta property=\"og:locale\" content=\"da_DK\" \/>\n<meta property=\"og:type\" content=\"article\" \/>\n<meta property=\"og:title\" content=\"Indgangen Til \u00d8stgr\u00f8nland | Kulusuk &amp; Tasiilaq | \u00d8stgr\u00f8nland | Guide to Greenland\" \/>\n<meta property=\"og:description\" content=\"Dette 5-dages eventyr er tilstr\u00e6kkeligt med dit behov for gletscher, gr\u00f8nlandsk historie og kultur. Rejs til Gr\u00f8nland fra Island!\" \/>\n<meta property=\"og:url\" content=\"https:\/\/guidetogreenland.com\/da\/reserver-ferie-rejser\/indgangen-til-ostgronland-kulusuk-tasiilaq-ostgronland\/\" \/>\n<meta property=\"og:site_name\" content=\"Guide to Greenland\" \/>\n<meta property=\"article:modified_time\" content=\"2021-03-15T02:51:17+00:00\" \/>\n<meta property=\"og:image\" content=\"https:\/\/guidetogreenland.com\/wp-content\/uploads\/2020\/06\/Tasiilaq-houses-the-King-Oscar-Fjord-and-the-mountain-beyond-during-Summer-Guide-to-Greenland-scaled.jpg\" \/>\n\t<meta property=\"og:image:width\" content=\"2560\" \/>\n\t<meta property=\"og:image:height\" content=\"1405\" \/>\n\t<meta property=\"og:image:type\" content=\"image\/jpeg\" \/>\n<meta name=\"twitter:card\" content=\"summary_large_image\" \/>\n<meta name=\"twitter:label1\" content=\"Estimeret l\u00e6setid\" \/>\n\t<meta name=\"twitter:data1\" content=\"1 minut\" \/>\n<script type=\"application\/ld+json\" class=\"yoast-schema-graph\">{\"@context\":\"https:\/\/schema.org\",\"@graph\":[{\"@type\":\"WebPage\",\"@id\":\"https:\/\/guidetogreenland.com\/da\/reserver-ferie-rejser\/indgangen-til-ostgronland-kulusuk-tasiilaq-ostgronland\/\",\"url\":\"https:\/\/guidetogreenland.com\/da\/reserver-ferie-rejser\/indgangen-til-ostgronland-kulusuk-tasiilaq-ostgronland\/\",\"name\":\"Indgangen Til \u00d8stgr\u00f8nland | Kulusuk & Tasiilaq | \u00d8stgr\u00f8nland | Guide to Greenland\",\"isPartOf\":{\"@id\":\"https:\/\/guidetogreenland.com\/da\/#website\"},\"primaryImageOfPage\":{\"@id\":\"https:\/\/guidetogreenland.com\/da\/reserver-ferie-rejser\/indgangen-til-ostgronland-kulusuk-tasiilaq-ostgronland\/#primaryimage\"},\"image\":{\"@id\":\"https:\/\/guidetogreenland.com\/da\/reserver-ferie-rejser\/indgangen-til-ostgronland-kulusuk-tasiilaq-ostgronland\/#primaryimage\"},\"thumbnailUrl\":\"https:\/\/guidetogreenland.com\/wp-content\/uploads\/2020\/06\/Tasiilaq-houses-the-King-Oscar-Fjord-and-the-mountain-beyond-during-Summer-Guide-to-Greenland-scaled.jpg\",\"datePublished\":\"2020-06-11T17:10:59+00:00\",\"dateModified\":\"2021-03-15T02:51:17+00:00\",\"description\":\"Dette 5-dages eventyr er tilstr\u00e6kkeligt med dit behov for gletscher, gr\u00f8nlandsk historie og kultur. Rejs til Gr\u00f8nland fra Island!\",\"breadcrumb\":{\"@id\":\"https:\/\/guidetogreenland.com\/da\/reserver-ferie-rejser\/indgangen-til-ostgronland-kulusuk-tasiilaq-ostgronland\/#breadcrumb\"},\"inLanguage\":\"da-DK\",\"potentialAction\":[{\"@type\":\"ReadAction\",\"target\":[\"https:\/\/guidetogreenland.com\/da\/reserver-ferie-rejser\/indgangen-til-ostgronland-kulusuk-tasiilaq-ostgronland\/\"]}]},{\"@type\":\"ImageObject\",\"inLanguage\":\"da-DK\",\"@id\":\"https:\/\/guidetogreenland.com\/da\/reserver-ferie-rejser\/indgangen-til-ostgronland-kulusuk-tasiilaq-ostgronland\/#primaryimage\",\"url\":\"https:\/\/guidetogreenland.com\/wp-content\/uploads\/2020\/06\/Tasiilaq-houses-the-King-Oscar-Fjord-and-the-mountain-beyond-during-Summer-Guide-to-Greenland-scaled.jpg\",\"contentUrl\":\"https:\/\/guidetogreenland.com\/wp-content\/uploads\/2020\/06\/Tasiilaq-houses-the-King-Oscar-Fjord-and-the-mountain-beyond-during-Summer-Guide-to-Greenland-scaled.jpg\",\"width\":2560,\"height\":1405},{\"@type\":\"BreadcrumbList\",\"@id\":\"https:\/\/guidetogreenland.com\/da\/reserver-ferie-rejser\/indgangen-til-ostgronland-kulusuk-tasiilaq-ostgronland\/#breadcrumb\",\"itemListElement\":[{\"@type\":\"ListItem\",\"position\":1,\"name\":\"Home\",\"item\":\"https:\/\/guidetogreenland.com\/da\/\"},{\"@type\":\"ListItem\",\"position\":2,\"name\":\"Se alle ture\",\"item\":\"https:\/\/guidetogreenland.com\/da\/reserver-ferie-rejser\/\"},{\"@type\":\"ListItem\",\"position\":3,\"name\":\"Indgangen Til \u00d8stgr\u00f8nland | Kulusuk &#038; Tasiilaq | \u00d8stgr\u00f8nland\"}]},{\"@type\":\"WebSite\",\"@id\":\"https:\/\/guidetogreenland.com\/da\/#website\",\"url\":\"https:\/\/guidetogreenland.com\/da\/\",\"name\":\"Guide to Greenland\",\"description\":\"Largest selection of tours in Greenland\",\"potentialAction\":[{\"@type\":\"SearchAction\",\"target\":{\"@type\":\"EntryPoint\",\"urlTemplate\":\"https:\/\/guidetogreenland.com\/da\/?s={search_term_string}\"},\"query-input\":{\"@type\":\"PropertyValueSpecification\",\"valueRequired\":true,\"valueName\":\"search_term_string\"}}],\"inLanguage\":\"da-DK\"}]}<\/script>\n<!-- \/ Yoast SEO plugin. -->","yoast_head_json":{"title":"Indgangen Til \u00d8stgr\u00f8nland | Kulusuk & Tasiilaq | \u00d8stgr\u00f8nland | Guide to Greenland","description":"Dette 5-dages eventyr er tilstr\u00e6kkeligt med dit behov for gletscher, gr\u00f8nlandsk historie og kultur. Rejs til Gr\u00f8nland fra Island!","robots":{"index":"index","follow":"follow","max-snippet":"max-snippet:-1","max-image-preview":"max-image-preview:large","max-video-preview":"max-video-preview:-1"},"canonical":"https:\/\/guidetogreenland.com\/da\/reserver-ferie-rejser\/indgangen-til-ostgronland-kulusuk-tasiilaq-ostgronland\/","og_locale":"da_DK","og_type":"article","og_title":"Indgangen Til \u00d8stgr\u00f8nland | Kulusuk & Tasiilaq | \u00d8stgr\u00f8nland | Guide to Greenland","og_description":"Dette 5-dages eventyr er tilstr\u00e6kkeligt med dit behov for gletscher, gr\u00f8nlandsk historie og kultur. Rejs til Gr\u00f8nland fra Island!","og_url":"https:\/\/guidetogreenland.com\/da\/reserver-ferie-rejser\/indgangen-til-ostgronland-kulusuk-tasiilaq-ostgronland\/","og_site_name":"Guide to Greenland","article_modified_time":"2021-03-15T02:51:17+00:00","og_image":[{"width":2560,"height":1405,"url":"https:\/\/guidetogreenland.com\/wp-content\/uploads\/2020\/06\/Tasiilaq-houses-the-King-Oscar-Fjord-and-the-mountain-beyond-during-Summer-Guide-to-Greenland-scaled.jpg","type":"image\/jpeg"}],"twitter_card":"summary_large_image","twitter_misc":{"Estimeret l\u00e6setid":"1 minut"},"schema":{"@context":"https:\/\/schema.org","@graph":[{"@type":"WebPage","@id":"https:\/\/guidetogreenland.com\/da\/reserver-ferie-rejser\/indgangen-til-ostgronland-kulusuk-tasiilaq-ostgronland\/","url":"https:\/\/guidetogreenland.com\/da\/reserver-ferie-rejser\/indgangen-til-ostgronland-kulusuk-tasiilaq-ostgronland\/","name":"Indgangen Til \u00d8stgr\u00f8nland | Kulusuk & Tasiilaq | \u00d8stgr\u00f8nland | Guide to Greenland","isPartOf":{"@id":"https:\/\/guidetogreenland.com\/da\/#website"},"primaryImageOfPage":{"@id":"https:\/\/guidetogreenland.com\/da\/reserver-ferie-rejser\/indgangen-til-ostgronland-kulusuk-tasiilaq-ostgronland\/#primaryimage"},"image":{"@id":"https:\/\/guidetogreenland.com\/da\/reserver-ferie-rejser\/indgangen-til-ostgronland-kulusuk-tasiilaq-ostgronland\/#primaryimage"},"thumbnailUrl":"https:\/\/guidetogreenland.com\/wp-content\/uploads\/2020\/06\/Tasiilaq-houses-the-King-Oscar-Fjord-and-the-mountain-beyond-during-Summer-Guide-to-Greenland-scaled.jpg","datePublished":"2020-06-11T17:10:59+00:00","dateModified":"2021-03-15T02:51:17+00:00","description":"Dette 5-dages eventyr er tilstr\u00e6kkeligt med dit behov for gletscher, gr\u00f8nlandsk historie og kultur. Rejs til Gr\u00f8nland fra Island!","breadcrumb":{"@id":"https:\/\/guidetogreenland.com\/da\/reserver-ferie-rejser\/indgangen-til-ostgronland-kulusuk-tasiilaq-ostgronland\/#breadcrumb"},"inLanguage":"da-DK","potentialAction":[{"@type":"ReadAction","target":["https:\/\/guidetogreenland.com\/da\/reserver-ferie-rejser\/indgangen-til-ostgronland-kulusuk-tasiilaq-ostgronland\/"]}]},{"@type":"ImageObject","inLanguage":"da-DK","@id":"https:\/\/guidetogreenland.com\/da\/reserver-ferie-rejser\/indgangen-til-ostgronland-kulusuk-tasiilaq-ostgronland\/#primaryimage","url":"https:\/\/guidetogreenland.com\/wp-content\/uploads\/2020\/06\/Tasiilaq-houses-the-King-Oscar-Fjord-and-the-mountain-beyond-during-Summer-Guide-to-Greenland-scaled.jpg","contentUrl":"https:\/\/guidetogreenland.com\/wp-content\/uploads\/2020\/06\/Tasiilaq-houses-the-King-Oscar-Fjord-and-the-mountain-beyond-during-Summer-Guide-to-Greenland-scaled.jpg","width":2560,"height":1405},{"@type":"BreadcrumbList","@id":"https:\/\/guidetogreenland.com\/da\/reserver-ferie-rejser\/indgangen-til-ostgronland-kulusuk-tasiilaq-ostgronland\/#breadcrumb","itemListElement":[{"@type":"ListItem","position":1,"name":"Home","item":"https:\/\/guidetogreenland.com\/da\/"},{"@type":"ListItem","position":2,"name":"Se alle ture","item":"https:\/\/guidetogreenland.com\/da\/reserver-ferie-rejser\/"},{"@type":"ListItem","position":3,"name":"Indgangen Til \u00d8stgr\u00f8nland | Kulusuk &#038; Tasiilaq | \u00d8stgr\u00f8nland"}]},{"@type":"WebSite","@id":"https:\/\/guidetogreenland.com\/da\/#website","url":"https:\/\/guidetogreenland.com\/da\/","name":"Guide to Greenland","description":"Largest selection of tours in Greenland","potentialAction":[{"@type":"SearchAction","target":{"@type":"EntryPoint","urlTemplate":"https:\/\/guidetogreenland.com\/da\/?s={search_term_string}"},"query-input":{"@type":"PropertyValueSpecification","valueRequired":true,"valueName":"search_term_string"}}],"inLanguage":"da-DK"}]}},"_links":{"self":[{"href":"https:\/\/guidetogreenland.com\/da\/wp-json\/wp\/v2\/product\/16539","targetHints":{"allow":["GET"]}}],"collection":[{"href":"https:\/\/guidetogreenland.com\/da\/wp-json\/wp\/v2\/product"}],"about":[{"href":"https:\/\/guidetogreenland.com\/da\/wp-json\/wp\/v2\/types\/product"}],"replies":[{"embeddable":true,"href":"https:\/\/guidetogreenland.com\/da\/wp-json\/wp\/v2\/comments?post=16539"}],"wp:featuredmedia":[{"embeddable":true,"href":"https:\/\/guidetogreenland.com\/da\/wp-json\/wp\/v2\/media\/13051"}],"wp:attachment":[{"href":"https:\/\/guidetogreenland.com\/da\/wp-json\/wp\/v2\/media?parent=16539"}],"wp:term":[{"taxonomy":"product_brand","embeddable":true,"href":"https:\/\/guidetogreenland.com\/da\/wp-json\/wp\/v2\/product_brand?post=16539"},{"taxonomy":"product_cat","embeddable":true,"href":"https:\/\/guidetogreenland.com\/da\/wp-json\/wp\/v2\/product_cat?post=16539"},{"taxonomy":"product_tag","embeddable":true,"href":"https:\/\/guidetogreenland.com\/da\/wp-json\/wp\/v2\/product_tag?post=16539"}],"curies":[{"name":"wp","href":"https:\/\/api.w.org\/{rel}","templated":true}]}}