{"id":16557,"date":"2020-06-10T11:55:48","date_gmt":"2020-06-10T11:55:48","guid":{"rendered":"https:\/\/guidetogreenland.com\/book-trips-holiday\/experience-traditional-inuit-drum-dancing-tasiilaq-east-greenland\/"},"modified":"2021-03-15T02:54:46","modified_gmt":"2021-03-15T02:54:46","slug":"experience-traditional-inuit-drum-dancing-tasiilaq-east-greenland","status":"publish","type":"product","link":"https:\/\/guidetogreenland.com\/da\/reserver-ferie-rejser\/oplev-traditionel-trommedans-tasiilaq-ostgronland\/","title":{"rendered":"Oplev traditionel trommedans | Tasiilaq | \u00d8stgr\u00f8nland"},"content":{"rendered":"<p class=\"x-18pep25\">Se og lyt til en lokal kunstner udf\u00f8re en trommedans. En trommedans er en blanding af kunst og musik der har eksisteret hos inuitterne i hvert fald de sidste 4500 \u00e5r. Trommedansen blev udf\u00f8rt som underholdning eller i spirituelle ceremonier og for at l\u00f8se interpersonlige konflikter.<\/p>\n<p class=\"x-18pep25\">Trommen, som er lavet enten af ben eller tr\u00e6, ville typisk have isbj\u00f8rne tarmskind, men er i dag langt mere varieret b\u00e5de i st\u00f8rrelse og form, alt efter hvor i Gr\u00f8nland man tager hen.<\/p>\n<p class=\"e1imf5dp0 x-jm2771\">Da mission\u00e6rerne kom i det 18. \u00e5rhundrede blev trommedansen set som en hedensk aktivitet og blev undertrykt de mange f\u00f8lgende \u00e5r der g<span class=\"x-12abj6v e1uuu2lt3\">jorde at trommedansen stort set forsvandt fra det meste af Vestgr\u00f8nland.<\/span><\/p>\n<p class=\"e1imf5dp0 x-jm2771\"><span class=\"x-12abj6v e1uuu2lt3\">Tradition levede heldigvis videre i det h\u00f8je nord og p\u00e5 \u00f8stkysten, s\u00e5 det meste af hvad vi ved i dag kommer fra disse regioner. Selvom der kun er f\u00e5 ud\u00f8vere tilbage i dag, er der kommet en dedikeret gruppe med form\u00e5let om at genoplive denne tradition. Dette sker gennem seminarer og st\u00f8tte til ud\u00f8vere der kan l\u00e6re fra sig i evnerne det kr\u00e6ver at lave disse trommer og udf\u00f8re sangene.<\/span><\/p>\n<p class=\"e1imf5dp0 x-jm2771\"><span class=\"x-12abj6v e1uuu2lt3\">Trommedansen i dag ud\u00f8ves stort set kun til specielle begivenheder s\u00e5 som festivaller, eller anden religi\u00f8se events, der udf\u00f8res endda en trommedans for at starte sessioner i selvstyret.<\/span><\/p>\n<p class=\"e1imf5dp0 x-jm2771\"><span class=\"x-12abj6v e1uuu2lt3\">G\u00e5 ikke glip af denne kulturelle oplevelse og book dit eget show fyldt med historiefort\u00e6lling og traditionel musik. Bare klik p\u00e5 &#8216;v\u00e6lg en dato&#8217; for oven.<\/span><\/p>\n","protected":false},"excerpt":{"rendered":"Se og lyt til en lokal kunstner udf\u00f8re en trommedans. En trommedans er en blanding af kunst og musik der har eksisteret hos inuitterne i hvert fald de sidste 4500 \u00e5r. Trommedansen blev udf\u00f8rt som underholdning eller i spirituelle ceremonier og for at l\u00f8se interpersonlige konflikter. Trommen, som er lavet enten af ben eller tr\u00e6,&#8230;","protected":false},"featured_media":16559,"comment_status":"open","ping_status":"closed","template":"","meta":[],"product_brand":[],"product_cat":[605,622,623,593,630,627,643,658],"product_tag":[937],"class_list":{"0":"post-16557","1":"product","2":"type-product","3":"status-publish","4":"has-post-thumbnail","6":"product_cat-dagsture-om-sommeren","7":"product_cat-groenlandsk-kultur","8":"product_cat-kulturelle-aktiviteter","9":"product_cat-oplevelser-i-groenland","10":"product_cat-oestgroenland","11":"product_cat-ture-i-bestemte-omraader","12":"product_cat-ture-i-hver-by","13":"product_cat-ture-i-tasiilaq","14":"product_tag-tasiilaq-da","15":"pa_activities-groenlandsk-kultur","16":"pa_available-month-juli","17":"pa_available-month-august","18":"pa_destinations-tasiilaq","19":"pa_difficulty-let","20":"pa_duration-0-5-time","21":"pa_tour-type-dagsture","22":"yith_shop_vendor-arctic-dream-da","24":"first","25":"instock","26":"virtual","27":"sold-individually","28":"purchasable","29":"product-type-booking"},"acf":[],"yoast_head":"<!-- This site is optimized with the Yoast SEO plugin v25.6 - https:\/\/yoast.com\/wordpress\/plugins\/seo\/ -->\n<title>Oplev traditionel trommedans | Tasiilaq | \u00d8stgr\u00f8nland | Guide to Greenland<\/title>\n<meta name=\"robots\" content=\"index, follow, max-snippet:-1, max-image-preview:large, max-video-preview:-1\" \/>\n<link rel=\"canonical\" href=\"https:\/\/guidetogreenland.com\/da\/reserver-ferie-rejser\/oplev-traditionel-trommedans-tasiilaq-ostgronland\/\" \/>\n<meta property=\"og:locale\" content=\"da_DK\" \/>\n<meta property=\"og:type\" content=\"article\" \/>\n<meta property=\"og:title\" content=\"Oplev traditionel trommedans | Tasiilaq | \u00d8stgr\u00f8nland | Guide to Greenland\" \/>\n<meta property=\"og:description\" content=\"Se og lyt til en lokal kunstner udf\u00f8re en trommedans. En trommedans er en blanding af kunst og musik der har eksisteret hos inuitterne i hvert fald de sidste 4500 \u00e5r. Trommedansen blev udf\u00f8rt som underholdning eller i spirituelle ceremonier og for at l\u00f8se interpersonlige konflikter. Trommen, som er lavet enten af ben eller tr\u00e6,...\" \/>\n<meta property=\"og:url\" content=\"https:\/\/guidetogreenland.com\/da\/reserver-ferie-rejser\/oplev-traditionel-trommedans-tasiilaq-ostgronland\/\" \/>\n<meta property=\"og:site_name\" content=\"Guide to Greenland\" \/>\n<meta property=\"article:modified_time\" content=\"2021-03-15T02:54:46+00:00\" \/>\n<meta property=\"og:image\" content=\"https:\/\/guidetogreenland.com\/wp-content\/uploads\/2020\/05\/experience-traditional-inuit-drum-dancing-tasiilaq-east-greenland-Guide-to-Greenland8.jpg\" \/>\n\t<meta property=\"og:image:width\" content=\"926\" \/>\n\t<meta property=\"og:image:height\" content=\"1389\" \/>\n\t<meta property=\"og:image:type\" content=\"image\/jpeg\" \/>\n<meta name=\"twitter:card\" content=\"summary_large_image\" \/>\n<meta name=\"twitter:label1\" content=\"Estimeret l\u00e6setid\" \/>\n\t<meta name=\"twitter:data1\" content=\"2 minutter\" \/>\n<script type=\"application\/ld+json\" class=\"yoast-schema-graph\">{\"@context\":\"https:\/\/schema.org\",\"@graph\":[{\"@type\":\"WebPage\",\"@id\":\"https:\/\/guidetogreenland.com\/da\/reserver-ferie-rejser\/oplev-traditionel-trommedans-tasiilaq-ostgronland\/\",\"url\":\"https:\/\/guidetogreenland.com\/da\/reserver-ferie-rejser\/oplev-traditionel-trommedans-tasiilaq-ostgronland\/\",\"name\":\"Oplev traditionel trommedans | Tasiilaq | \u00d8stgr\u00f8nland | Guide to Greenland\",\"isPartOf\":{\"@id\":\"https:\/\/guidetogreenland.com\/da\/#website\"},\"primaryImageOfPage\":{\"@id\":\"https:\/\/guidetogreenland.com\/da\/reserver-ferie-rejser\/oplev-traditionel-trommedans-tasiilaq-ostgronland\/#primaryimage\"},\"image\":{\"@id\":\"https:\/\/guidetogreenland.com\/da\/reserver-ferie-rejser\/oplev-traditionel-trommedans-tasiilaq-ostgronland\/#primaryimage\"},\"thumbnailUrl\":\"https:\/\/guidetogreenland.com\/wp-content\/uploads\/2020\/05\/experience-traditional-inuit-drum-dancing-tasiilaq-east-greenland-Guide-to-Greenland8.jpg\",\"datePublished\":\"2020-06-10T11:55:48+00:00\",\"dateModified\":\"2021-03-15T02:54:46+00:00\",\"breadcrumb\":{\"@id\":\"https:\/\/guidetogreenland.com\/da\/reserver-ferie-rejser\/oplev-traditionel-trommedans-tasiilaq-ostgronland\/#breadcrumb\"},\"inLanguage\":\"da-DK\",\"potentialAction\":[{\"@type\":\"ReadAction\",\"target\":[\"https:\/\/guidetogreenland.com\/da\/reserver-ferie-rejser\/oplev-traditionel-trommedans-tasiilaq-ostgronland\/\"]}]},{\"@type\":\"ImageObject\",\"inLanguage\":\"da-DK\",\"@id\":\"https:\/\/guidetogreenland.com\/da\/reserver-ferie-rejser\/oplev-traditionel-trommedans-tasiilaq-ostgronland\/#primaryimage\",\"url\":\"https:\/\/guidetogreenland.com\/wp-content\/uploads\/2020\/05\/experience-traditional-inuit-drum-dancing-tasiilaq-east-greenland-Guide-to-Greenland8.jpg\",\"contentUrl\":\"https:\/\/guidetogreenland.com\/wp-content\/uploads\/2020\/05\/experience-traditional-inuit-drum-dancing-tasiilaq-east-greenland-Guide-to-Greenland8.jpg\",\"width\":926,\"height\":1389},{\"@type\":\"BreadcrumbList\",\"@id\":\"https:\/\/guidetogreenland.com\/da\/reserver-ferie-rejser\/oplev-traditionel-trommedans-tasiilaq-ostgronland\/#breadcrumb\",\"itemListElement\":[{\"@type\":\"ListItem\",\"position\":1,\"name\":\"Home\",\"item\":\"https:\/\/guidetogreenland.com\/da\/\"},{\"@type\":\"ListItem\",\"position\":2,\"name\":\"Se alle ture\",\"item\":\"https:\/\/guidetogreenland.com\/da\/reserver-ferie-rejser\/\"},{\"@type\":\"ListItem\",\"position\":3,\"name\":\"Oplev traditionel trommedans | Tasiilaq | \u00d8stgr\u00f8nland\"}]},{\"@type\":\"WebSite\",\"@id\":\"https:\/\/guidetogreenland.com\/da\/#website\",\"url\":\"https:\/\/guidetogreenland.com\/da\/\",\"name\":\"Guide to Greenland\",\"description\":\"Largest selection of tours in Greenland\",\"potentialAction\":[{\"@type\":\"SearchAction\",\"target\":{\"@type\":\"EntryPoint\",\"urlTemplate\":\"https:\/\/guidetogreenland.com\/da\/?s={search_term_string}\"},\"query-input\":{\"@type\":\"PropertyValueSpecification\",\"valueRequired\":true,\"valueName\":\"search_term_string\"}}],\"inLanguage\":\"da-DK\"}]}<\/script>\n<!-- \/ Yoast SEO plugin. -->","yoast_head_json":{"title":"Oplev traditionel trommedans | Tasiilaq | \u00d8stgr\u00f8nland | Guide to Greenland","robots":{"index":"index","follow":"follow","max-snippet":"max-snippet:-1","max-image-preview":"max-image-preview:large","max-video-preview":"max-video-preview:-1"},"canonical":"https:\/\/guidetogreenland.com\/da\/reserver-ferie-rejser\/oplev-traditionel-trommedans-tasiilaq-ostgronland\/","og_locale":"da_DK","og_type":"article","og_title":"Oplev traditionel trommedans | Tasiilaq | \u00d8stgr\u00f8nland | Guide to Greenland","og_description":"Se og lyt til en lokal kunstner udf\u00f8re en trommedans. En trommedans er en blanding af kunst og musik der har eksisteret hos inuitterne i hvert fald de sidste 4500 \u00e5r. Trommedansen blev udf\u00f8rt som underholdning eller i spirituelle ceremonier og for at l\u00f8se interpersonlige konflikter. Trommen, som er lavet enten af ben eller tr\u00e6,...","og_url":"https:\/\/guidetogreenland.com\/da\/reserver-ferie-rejser\/oplev-traditionel-trommedans-tasiilaq-ostgronland\/","og_site_name":"Guide to Greenland","article_modified_time":"2021-03-15T02:54:46+00:00","og_image":[{"width":926,"height":1389,"url":"https:\/\/guidetogreenland.com\/wp-content\/uploads\/2020\/05\/experience-traditional-inuit-drum-dancing-tasiilaq-east-greenland-Guide-to-Greenland8.jpg","type":"image\/jpeg"}],"twitter_card":"summary_large_image","twitter_misc":{"Estimeret l\u00e6setid":"2 minutter"},"schema":{"@context":"https:\/\/schema.org","@graph":[{"@type":"WebPage","@id":"https:\/\/guidetogreenland.com\/da\/reserver-ferie-rejser\/oplev-traditionel-trommedans-tasiilaq-ostgronland\/","url":"https:\/\/guidetogreenland.com\/da\/reserver-ferie-rejser\/oplev-traditionel-trommedans-tasiilaq-ostgronland\/","name":"Oplev traditionel trommedans | Tasiilaq | \u00d8stgr\u00f8nland | Guide to Greenland","isPartOf":{"@id":"https:\/\/guidetogreenland.com\/da\/#website"},"primaryImageOfPage":{"@id":"https:\/\/guidetogreenland.com\/da\/reserver-ferie-rejser\/oplev-traditionel-trommedans-tasiilaq-ostgronland\/#primaryimage"},"image":{"@id":"https:\/\/guidetogreenland.com\/da\/reserver-ferie-rejser\/oplev-traditionel-trommedans-tasiilaq-ostgronland\/#primaryimage"},"thumbnailUrl":"https:\/\/guidetogreenland.com\/wp-content\/uploads\/2020\/05\/experience-traditional-inuit-drum-dancing-tasiilaq-east-greenland-Guide-to-Greenland8.jpg","datePublished":"2020-06-10T11:55:48+00:00","dateModified":"2021-03-15T02:54:46+00:00","breadcrumb":{"@id":"https:\/\/guidetogreenland.com\/da\/reserver-ferie-rejser\/oplev-traditionel-trommedans-tasiilaq-ostgronland\/#breadcrumb"},"inLanguage":"da-DK","potentialAction":[{"@type":"ReadAction","target":["https:\/\/guidetogreenland.com\/da\/reserver-ferie-rejser\/oplev-traditionel-trommedans-tasiilaq-ostgronland\/"]}]},{"@type":"ImageObject","inLanguage":"da-DK","@id":"https:\/\/guidetogreenland.com\/da\/reserver-ferie-rejser\/oplev-traditionel-trommedans-tasiilaq-ostgronland\/#primaryimage","url":"https:\/\/guidetogreenland.com\/wp-content\/uploads\/2020\/05\/experience-traditional-inuit-drum-dancing-tasiilaq-east-greenland-Guide-to-Greenland8.jpg","contentUrl":"https:\/\/guidetogreenland.com\/wp-content\/uploads\/2020\/05\/experience-traditional-inuit-drum-dancing-tasiilaq-east-greenland-Guide-to-Greenland8.jpg","width":926,"height":1389},{"@type":"BreadcrumbList","@id":"https:\/\/guidetogreenland.com\/da\/reserver-ferie-rejser\/oplev-traditionel-trommedans-tasiilaq-ostgronland\/#breadcrumb","itemListElement":[{"@type":"ListItem","position":1,"name":"Home","item":"https:\/\/guidetogreenland.com\/da\/"},{"@type":"ListItem","position":2,"name":"Se alle ture","item":"https:\/\/guidetogreenland.com\/da\/reserver-ferie-rejser\/"},{"@type":"ListItem","position":3,"name":"Oplev traditionel trommedans | Tasiilaq | \u00d8stgr\u00f8nland"}]},{"@type":"WebSite","@id":"https:\/\/guidetogreenland.com\/da\/#website","url":"https:\/\/guidetogreenland.com\/da\/","name":"Guide to Greenland","description":"Largest selection of tours in Greenland","potentialAction":[{"@type":"SearchAction","target":{"@type":"EntryPoint","urlTemplate":"https:\/\/guidetogreenland.com\/da\/?s={search_term_string}"},"query-input":{"@type":"PropertyValueSpecification","valueRequired":true,"valueName":"search_term_string"}}],"inLanguage":"da-DK"}]}},"_links":{"self":[{"href":"https:\/\/guidetogreenland.com\/da\/wp-json\/wp\/v2\/product\/16557","targetHints":{"allow":["GET"]}}],"collection":[{"href":"https:\/\/guidetogreenland.com\/da\/wp-json\/wp\/v2\/product"}],"about":[{"href":"https:\/\/guidetogreenland.com\/da\/wp-json\/wp\/v2\/types\/product"}],"replies":[{"embeddable":true,"href":"https:\/\/guidetogreenland.com\/da\/wp-json\/wp\/v2\/comments?post=16557"}],"wp:featuredmedia":[{"embeddable":true,"href":"https:\/\/guidetogreenland.com\/da\/wp-json\/wp\/v2\/media\/16559"}],"wp:attachment":[{"href":"https:\/\/guidetogreenland.com\/da\/wp-json\/wp\/v2\/media?parent=16557"}],"wp:term":[{"taxonomy":"product_brand","embeddable":true,"href":"https:\/\/guidetogreenland.com\/da\/wp-json\/wp\/v2\/product_brand?post=16557"},{"taxonomy":"product_cat","embeddable":true,"href":"https:\/\/guidetogreenland.com\/da\/wp-json\/wp\/v2\/product_cat?post=16557"},{"taxonomy":"product_tag","embeddable":true,"href":"https:\/\/guidetogreenland.com\/da\/wp-json\/wp\/v2\/product_tag?post=16557"}],"curies":[{"name":"wp","href":"https:\/\/api.w.org\/{rel}","templated":true}]}}