{"id":16567,"date":"2020-07-09T14:04:59","date_gmt":"2020-07-09T14:04:59","guid":{"rendered":"https:\/\/guidetogreenland.com\/book-trips-holiday\/east-greenland-photo-exploration-tasiilaq\/"},"modified":"2023-06-02T14:51:04","modified_gmt":"2023-06-02T17:51:04","slug":"reserver-ferie-rejser-fototur-til-ostgronland-tasiilaq","status":"publish","type":"product","link":"https:\/\/guidetogreenland.com\/da\/reserver-ferie-rejser\/fototur-til-ostgronland-tasiilaq\/","title":{"rendered":"Fototur til \u00d8stgr\u00f8nland | Tasiilaq"},"content":{"rendered":"<p class=\"x-18pep25\">Oplev \u00f8st Gr\u00f8nland, gennem din kameralinse med denne vilde 5 dages fototur!<\/p>\n<p class=\"x-18pep25\">P\u00e5 denne tur vil du eksponere dit kamera for arktiske vidundere som\u00a0 gletsjere, isbjerge, tundraen og vilde dyr og planter. Denne tur kan b\u00e5de udf\u00f8res af professionelle og amat\u00f8rer, den gr\u00f8nlandske natur\u00a0kan fanges af alle.<\/p>\n<p class=\"e1imf5dp0 x-jm2771\">\u00d8st Gr\u00f8nland er en fotografs uopdagede paradis. Kystens mange fjorde byder p\u00e5 endel\u00f8se masser af isbjerge, gletsjere i alle st\u00f8rrelse, forladte og beboede bygder. \u00d8st Gr\u00f8nlands top attraktioner er lang fra by og civilisation, og derfor kan du uforstyrret fange den Gr\u00f8nlandske natur og forbedre dine f\u00e6<span class=\"x-12abj6v e1uuu2lt3\">rdigheder inde for fotografi. \u00a0<\/span><\/p>\n<p class=\"e1imf5dp0 x-jm2771\"><span class=\"x-12abj6v e1uuu2lt3\">Over 5 dage, vil du kunne opleve, udforske og unders\u00f8ge \u00d8st Gr\u00f8nlands smukkeste attraktioner \u2013 bes\u00f8g til Aputsiaq, Haan og Knud Rasmussens gletjser venter at blive oplevet, Ammassalik, Ikasagtivaq og \u00a0Johan Pedersen fjord venter p\u00e5 at blive udforsket og bygderne Tinitiqilaaq, Sermiliqaq og forladte Ikateq venter p\u00e5 at blive bes\u00f8gt af dig og dit kamera!<\/span><\/p>\n<p class=\"e1imf5dp0 x-jm2771\"><span class=\"x-12abj6v e1uuu2lt3\">\u00d8st kysten er et n\u00e6sten uforstyrret paradis, hvilket vil g\u00f8re dit foto eventyr helt unikt. P\u00e5 jeres sejlture ud i fjordenes kroge, bliver i oftest kun m\u00f8dt af gr\u00f8nlandske vild dyr og deres spor.<\/span><\/p>\n<p class=\"e1imf5dp0 x-jm2771\"><span class=\"x-12abj6v e1uuu2lt3\">Rul ned p\u00e5 siden, for at se den fulde rejsebeskrivelse.<\/span><\/p>\n<p class=\"e1imf5dp0 x-jm2771\"><span class=\"x-12abj6v e1uuu2lt3\">Pak dine tasker, bind dine vandrest\u00f8vler og medbring dit kamera! For at se turens tilg\u00e6ngelighed tryk \u201dV\u00e6lg en dato\u201d ovenfor.<\/span><\/p>\n","protected":false},"excerpt":{"rendered":"Oplev \u00f8st Gr\u00f8nland, gennem din kameralinse med denne vilde 5 dages fototur! P\u00e5 denne tur vil du eksponere dit kamera for arktiske vidundere som\u00a0 gletsjere, isbjerge, tundraen og vilde dyr og planter. Denne tur kan b\u00e5de udf\u00f8res af professionelle og amat\u00f8rer, den gr\u00f8nlandske natur\u00a0kan fanges af alle. \u00d8st Gr\u00f8nland er en fotografs uopdagede paradis. Kystens&#8230;","protected":false},"featured_media":16569,"comment_status":"open","ping_status":"closed","template":"","meta":[],"product_brand":[],"product_cat":[594,639,614,612,593,630,635,640,627,643,658],"product_tag":[937],"class_list":{"0":"post-16567","1":"product","2":"type-product","3":"status-publish","4":"has-post-thumbnail","6":"product_cat-baadture","7":"product_cat-fototure","8":"product_cat-gletsjer-og-indlandsisen","9":"product_cat-natur-og-dyreliv-i-groenland","10":"product_cat-oplevelser-i-groenland","11":"product_cat-oestgroenland","12":"product_cat-pakkerejser","13":"product_cat-sommerrejser","14":"product_cat-ture-i-bestemte-omraader","15":"product_cat-ture-i-hver-by","16":"product_cat-ture-i-tasiilaq","17":"product_tag-tasiilaq-da","18":"pa_activities-baadtur","19":"pa_activities-gletscher-udsigt","20":"pa_activities-isbjerg-udsigt","21":"pa_activities-midnatssol","22":"pa_activities-bygdebesoeg","23":"pa_activities-fototur","24":"pa_attractions-ammassalik-island-da","25":"pa_attractions-knud-rasmussen-gletscheren","26":"pa_attractions-sermilik-fjord","27":"pa_available-month-september","28":"pa_destinations-kulusuk","29":"pa_difficulty-let","30":"pa_duration-5-dage","31":"pa_tour-type-flerdags-ture","32":"yith_shop_vendor-arctic-dream-da","33":"yith_booking_service-single-room-supplement","35":"first","36":"instock","37":"virtual","38":"sold-individually","39":"purchasable","40":"product-type-booking"},"acf":[],"yoast_head":"<!-- This site is optimized with the Yoast SEO plugin v25.6 - https:\/\/yoast.com\/wordpress\/plugins\/seo\/ -->\n<title>Fototur til \u00d8stgr\u00f8nland | Tasiilaq | Guide to Greenland<\/title>\n<meta name=\"robots\" content=\"index, follow, max-snippet:-1, max-image-preview:large, max-video-preview:-1\" \/>\n<link rel=\"canonical\" href=\"https:\/\/guidetogreenland.com\/da\/reserver-ferie-rejser\/fototur-til-ostgronland-tasiilaq\/\" \/>\n<meta property=\"og:locale\" content=\"da_DK\" \/>\n<meta property=\"og:type\" content=\"article\" \/>\n<meta property=\"og:title\" content=\"Fototur til \u00d8stgr\u00f8nland | Tasiilaq | Guide to Greenland\" \/>\n<meta property=\"og:description\" content=\"Oplev \u00f8st Gr\u00f8nland, gennem din kameralinse med denne vilde 5 dages fototur! P\u00e5 denne tur vil du eksponere dit kamera for arktiske vidundere som\u00a0 gletsjere, isbjerge, tundraen og vilde dyr og planter. Denne tur kan b\u00e5de udf\u00f8res af professionelle og amat\u00f8rer, den gr\u00f8nlandske natur\u00a0kan fanges af alle. \u00d8st Gr\u00f8nland er en fotografs uopdagede paradis. Kystens...\" \/>\n<meta property=\"og:url\" content=\"https:\/\/guidetogreenland.com\/da\/reserver-ferie-rejser\/fototur-til-ostgronland-tasiilaq\/\" \/>\n<meta property=\"og:site_name\" content=\"Guide to Greenland\" \/>\n<meta property=\"article:modified_time\" content=\"2023-06-02T17:51:04+00:00\" \/>\n<meta property=\"og:image\" content=\"https:\/\/guidetogreenland.com\/wp-content\/uploads\/2020\/05\/east-greenland-photo-exploration-tasiilaq-Guide-to-Greenland14.jpg\" \/>\n\t<meta property=\"og:image:width\" content=\"926\" \/>\n\t<meta property=\"og:image:height\" content=\"617\" \/>\n\t<meta property=\"og:image:type\" content=\"image\/jpeg\" \/>\n<meta name=\"twitter:card\" content=\"summary_large_image\" \/>\n<meta name=\"twitter:label1\" content=\"Estimeret l\u00e6setid\" \/>\n\t<meta name=\"twitter:data1\" content=\"1 minut\" \/>\n<script type=\"application\/ld+json\" class=\"yoast-schema-graph\">{\"@context\":\"https:\/\/schema.org\",\"@graph\":[{\"@type\":\"WebPage\",\"@id\":\"https:\/\/guidetogreenland.com\/da\/reserver-ferie-rejser\/fototur-til-ostgronland-tasiilaq\/\",\"url\":\"https:\/\/guidetogreenland.com\/da\/reserver-ferie-rejser\/fototur-til-ostgronland-tasiilaq\/\",\"name\":\"Fototur til \u00d8stgr\u00f8nland | Tasiilaq | Guide to Greenland\",\"isPartOf\":{\"@id\":\"https:\/\/guidetogreenland.com\/da\/#website\"},\"primaryImageOfPage\":{\"@id\":\"https:\/\/guidetogreenland.com\/da\/reserver-ferie-rejser\/fototur-til-ostgronland-tasiilaq\/#primaryimage\"},\"image\":{\"@id\":\"https:\/\/guidetogreenland.com\/da\/reserver-ferie-rejser\/fototur-til-ostgronland-tasiilaq\/#primaryimage\"},\"thumbnailUrl\":\"https:\/\/guidetogreenland.com\/wp-content\/uploads\/2020\/05\/east-greenland-photo-exploration-tasiilaq-Guide-to-Greenland14.jpg\",\"datePublished\":\"2020-07-09T14:04:59+00:00\",\"dateModified\":\"2023-06-02T17:51:04+00:00\",\"breadcrumb\":{\"@id\":\"https:\/\/guidetogreenland.com\/da\/reserver-ferie-rejser\/fototur-til-ostgronland-tasiilaq\/#breadcrumb\"},\"inLanguage\":\"da-DK\",\"potentialAction\":[{\"@type\":\"ReadAction\",\"target\":[\"https:\/\/guidetogreenland.com\/da\/reserver-ferie-rejser\/fototur-til-ostgronland-tasiilaq\/\"]}]},{\"@type\":\"ImageObject\",\"inLanguage\":\"da-DK\",\"@id\":\"https:\/\/guidetogreenland.com\/da\/reserver-ferie-rejser\/fototur-til-ostgronland-tasiilaq\/#primaryimage\",\"url\":\"https:\/\/guidetogreenland.com\/wp-content\/uploads\/2020\/05\/east-greenland-photo-exploration-tasiilaq-Guide-to-Greenland14.jpg\",\"contentUrl\":\"https:\/\/guidetogreenland.com\/wp-content\/uploads\/2020\/05\/east-greenland-photo-exploration-tasiilaq-Guide-to-Greenland14.jpg\",\"width\":926,\"height\":617},{\"@type\":\"BreadcrumbList\",\"@id\":\"https:\/\/guidetogreenland.com\/da\/reserver-ferie-rejser\/fototur-til-ostgronland-tasiilaq\/#breadcrumb\",\"itemListElement\":[{\"@type\":\"ListItem\",\"position\":1,\"name\":\"Home\",\"item\":\"https:\/\/guidetogreenland.com\/da\/\"},{\"@type\":\"ListItem\",\"position\":2,\"name\":\"Se alle ture\",\"item\":\"https:\/\/guidetogreenland.com\/da\/reserver-ferie-rejser\/\"},{\"@type\":\"ListItem\",\"position\":3,\"name\":\"Fototur til \u00d8stgr\u00f8nland | Tasiilaq\"}]},{\"@type\":\"WebSite\",\"@id\":\"https:\/\/guidetogreenland.com\/da\/#website\",\"url\":\"https:\/\/guidetogreenland.com\/da\/\",\"name\":\"Guide to Greenland\",\"description\":\"Largest selection of tours in Greenland\",\"potentialAction\":[{\"@type\":\"SearchAction\",\"target\":{\"@type\":\"EntryPoint\",\"urlTemplate\":\"https:\/\/guidetogreenland.com\/da\/?s={search_term_string}\"},\"query-input\":{\"@type\":\"PropertyValueSpecification\",\"valueRequired\":true,\"valueName\":\"search_term_string\"}}],\"inLanguage\":\"da-DK\"}]}<\/script>\n<!-- \/ Yoast SEO plugin. -->","yoast_head_json":{"title":"Fototur til \u00d8stgr\u00f8nland | Tasiilaq | Guide to Greenland","robots":{"index":"index","follow":"follow","max-snippet":"max-snippet:-1","max-image-preview":"max-image-preview:large","max-video-preview":"max-video-preview:-1"},"canonical":"https:\/\/guidetogreenland.com\/da\/reserver-ferie-rejser\/fototur-til-ostgronland-tasiilaq\/","og_locale":"da_DK","og_type":"article","og_title":"Fototur til \u00d8stgr\u00f8nland | Tasiilaq | Guide to Greenland","og_description":"Oplev \u00f8st Gr\u00f8nland, gennem din kameralinse med denne vilde 5 dages fototur! P\u00e5 denne tur vil du eksponere dit kamera for arktiske vidundere som\u00a0 gletsjere, isbjerge, tundraen og vilde dyr og planter. Denne tur kan b\u00e5de udf\u00f8res af professionelle og amat\u00f8rer, den gr\u00f8nlandske natur\u00a0kan fanges af alle. \u00d8st Gr\u00f8nland er en fotografs uopdagede paradis. Kystens...","og_url":"https:\/\/guidetogreenland.com\/da\/reserver-ferie-rejser\/fototur-til-ostgronland-tasiilaq\/","og_site_name":"Guide to Greenland","article_modified_time":"2023-06-02T17:51:04+00:00","og_image":[{"width":926,"height":617,"url":"https:\/\/guidetogreenland.com\/wp-content\/uploads\/2020\/05\/east-greenland-photo-exploration-tasiilaq-Guide-to-Greenland14.jpg","type":"image\/jpeg"}],"twitter_card":"summary_large_image","twitter_misc":{"Estimeret l\u00e6setid":"1 minut"},"schema":{"@context":"https:\/\/schema.org","@graph":[{"@type":"WebPage","@id":"https:\/\/guidetogreenland.com\/da\/reserver-ferie-rejser\/fototur-til-ostgronland-tasiilaq\/","url":"https:\/\/guidetogreenland.com\/da\/reserver-ferie-rejser\/fototur-til-ostgronland-tasiilaq\/","name":"Fototur til \u00d8stgr\u00f8nland | Tasiilaq | Guide to Greenland","isPartOf":{"@id":"https:\/\/guidetogreenland.com\/da\/#website"},"primaryImageOfPage":{"@id":"https:\/\/guidetogreenland.com\/da\/reserver-ferie-rejser\/fototur-til-ostgronland-tasiilaq\/#primaryimage"},"image":{"@id":"https:\/\/guidetogreenland.com\/da\/reserver-ferie-rejser\/fototur-til-ostgronland-tasiilaq\/#primaryimage"},"thumbnailUrl":"https:\/\/guidetogreenland.com\/wp-content\/uploads\/2020\/05\/east-greenland-photo-exploration-tasiilaq-Guide-to-Greenland14.jpg","datePublished":"2020-07-09T14:04:59+00:00","dateModified":"2023-06-02T17:51:04+00:00","breadcrumb":{"@id":"https:\/\/guidetogreenland.com\/da\/reserver-ferie-rejser\/fototur-til-ostgronland-tasiilaq\/#breadcrumb"},"inLanguage":"da-DK","potentialAction":[{"@type":"ReadAction","target":["https:\/\/guidetogreenland.com\/da\/reserver-ferie-rejser\/fototur-til-ostgronland-tasiilaq\/"]}]},{"@type":"ImageObject","inLanguage":"da-DK","@id":"https:\/\/guidetogreenland.com\/da\/reserver-ferie-rejser\/fototur-til-ostgronland-tasiilaq\/#primaryimage","url":"https:\/\/guidetogreenland.com\/wp-content\/uploads\/2020\/05\/east-greenland-photo-exploration-tasiilaq-Guide-to-Greenland14.jpg","contentUrl":"https:\/\/guidetogreenland.com\/wp-content\/uploads\/2020\/05\/east-greenland-photo-exploration-tasiilaq-Guide-to-Greenland14.jpg","width":926,"height":617},{"@type":"BreadcrumbList","@id":"https:\/\/guidetogreenland.com\/da\/reserver-ferie-rejser\/fototur-til-ostgronland-tasiilaq\/#breadcrumb","itemListElement":[{"@type":"ListItem","position":1,"name":"Home","item":"https:\/\/guidetogreenland.com\/da\/"},{"@type":"ListItem","position":2,"name":"Se alle ture","item":"https:\/\/guidetogreenland.com\/da\/reserver-ferie-rejser\/"},{"@type":"ListItem","position":3,"name":"Fototur til \u00d8stgr\u00f8nland | Tasiilaq"}]},{"@type":"WebSite","@id":"https:\/\/guidetogreenland.com\/da\/#website","url":"https:\/\/guidetogreenland.com\/da\/","name":"Guide to Greenland","description":"Largest selection of tours in Greenland","potentialAction":[{"@type":"SearchAction","target":{"@type":"EntryPoint","urlTemplate":"https:\/\/guidetogreenland.com\/da\/?s={search_term_string}"},"query-input":{"@type":"PropertyValueSpecification","valueRequired":true,"valueName":"search_term_string"}}],"inLanguage":"da-DK"}]}},"_links":{"self":[{"href":"https:\/\/guidetogreenland.com\/da\/wp-json\/wp\/v2\/product\/16567","targetHints":{"allow":["GET"]}}],"collection":[{"href":"https:\/\/guidetogreenland.com\/da\/wp-json\/wp\/v2\/product"}],"about":[{"href":"https:\/\/guidetogreenland.com\/da\/wp-json\/wp\/v2\/types\/product"}],"replies":[{"embeddable":true,"href":"https:\/\/guidetogreenland.com\/da\/wp-json\/wp\/v2\/comments?post=16567"}],"wp:featuredmedia":[{"embeddable":true,"href":"https:\/\/guidetogreenland.com\/da\/wp-json\/wp\/v2\/media\/16569"}],"wp:attachment":[{"href":"https:\/\/guidetogreenland.com\/da\/wp-json\/wp\/v2\/media?parent=16567"}],"wp:term":[{"taxonomy":"product_brand","embeddable":true,"href":"https:\/\/guidetogreenland.com\/da\/wp-json\/wp\/v2\/product_brand?post=16567"},{"taxonomy":"product_cat","embeddable":true,"href":"https:\/\/guidetogreenland.com\/da\/wp-json\/wp\/v2\/product_cat?post=16567"},{"taxonomy":"product_tag","embeddable":true,"href":"https:\/\/guidetogreenland.com\/da\/wp-json\/wp\/v2\/product_tag?post=16567"}],"curies":[{"name":"wp","href":"https:\/\/api.w.org\/{rel}","templated":true}]}}