{"id":16604,"date":"2020-06-10T12:12:08","date_gmt":"2020-06-10T12:12:08","guid":{"rendered":"https:\/\/guidetogreenland.com\/book-trips-holiday\/city-tour-and-hike-to-the-flower-valley-tasiilaq-east-greenland\/"},"modified":"2021-03-15T03:11:58","modified_gmt":"2021-03-15T03:11:58","slug":"city-tour-and-hike-to-the-flower-valley-tasiilaq-east-greenland","status":"publish","type":"product","link":"https:\/\/guidetogreenland.com\/da\/reserver-ferie-rejser\/byrundtur-og-vandretur-til-blomsterdalen-tasiilaq-ostgronland\/","title":{"rendered":"Byrundtur og vandretur til Blomsterdalen | Tasiilaq | \u00d8stgr\u00f8nland"},"content":{"rendered":"<p class=\"e1imf5dp0 x-jm2771\">Tag med p\u00e5 denne byrundtur\u00a0og vandretur til Blomsterdalen, og f\u00e5 den ultimative dagstur med en erfaren guide der kan svare p\u00e5 alle de sp\u00f8rgsm\u00e5l du m\u00e5ske har om Gr\u00f8nland. Den kulturelle del af turen starter fra Arctic Dreams kontor lige over det lokale kunstner v\u00e6rksted &#8220;Stunk&#8221;, lige ned af vejen fra hotellet. Vi tager ind og kigger i workshoppen hvor vi bliver m\u00f8dt a smilende lokale der uden tvivl vil imponere dig med deres h\u00e5ndv\u00e6rk. De svarer gerne p\u00e5 sp\u00f8rgsm\u00e5l men det kan v\u00e6re at guiden lige bliver n\u00f8dt til at overs\u00e6tte. De er ofte ivrige p\u00e5 at fort\u00e6lle historier om Gr\u00f8nland og \u00f8stkysten er <span class=\"x-12abj6v e1uuu2lt3\">kendt for sine dygtige kunstnere.\u00a0<\/span><\/p>\n<p class=\"e1imf5dp0 x-jm2771\"><span class=\"x-12abj6v e1uuu2lt3\">Turen forts\u00e6tter ned af bakken mod den lille k\u00f8bmand og postkontoret, hvor vi m\u00e5ske lige kan kigge ind inden vi tager ned til museet. Museet har en r\u00e6kke af historiske skatte og en meget interessant baggrund du ikke vil undg\u00e5 at h\u00f8re om. Mange af artefakterne er fra hele \u00f8stkysten. Museet var oprindelig en kirke der eventuelt blev for lille for befolkningen.\u00a0<\/span><\/p>\n<p class=\"e1imf5dp0 x-jm2771\"><span class=\"x-12abj6v e1uuu2lt3\">Byrundturen forts\u00e6tter hen mod hospitalet og op til kirken, fra kirken g\u00e5r vi lidt p\u00e5 i h\u00f8jden for at f\u00e5 en flot udsigt over byen og n\u00e6romr\u00e5det. Her fort\u00e6ller vi om de kendte m\u00e6nd der grundlagde Tasiilaq.<\/span><\/p>\n<p class=\"e1imf5dp0 x-jm2771\"><span class=\"x-12abj6v e1uuu2lt3\">Derefter er det p\u00e5 tide at vandre ind i Blomsterdalen, vi stopper forbi turistkontoret Sk\u00e6ven p\u00e5 vejen da de ofte har nogle sp\u00e6ndende souvenirs. Blomsterdalen ligger lige bag kirkeg\u00e5rden, s\u00e5 vi kommer forbi de mange flotte hvide kors tild\u00e6kkede af plastic blomster. Vi f\u00f8lger stien ind i dalen blandt fjelde, s\u00f8er og bakker. Vores m\u00e5l er et lille vandfald, et flot syn og en n\u00e6sten terapeutisk atmosf\u00e6re. Nyd stilheden og det paradis-lignende omr\u00e5de f\u00f8r vi vender tilbage til byen.\u00a0<\/span><\/p>\n<p class=\"e1imf5dp0 x-jm2771\"><span class=\"x-12abj6v e1uuu2lt3\">Tag med p\u00e5 dette hyggelige eventyr, og husk dine vandrestave og vandrest\u00f8vler! Tjek tilg\u00e6ngeligheden ved at klikke p\u00e5 &#8216;v\u00e6lg en dato&#8217; til h\u00f8jre for oven og find en dag der passer dig!<\/span><\/p>\n","protected":false},"excerpt":{"rendered":"Tag med p\u00e5 denne byrundtur\u00a0og vandretur til Blomsterdalen, og f\u00e5 den ultimative dagstur med en erfaren guide der kan svare p\u00e5 alle de sp\u00f8rgsm\u00e5l du m\u00e5ske har om Gr\u00f8nland. Den kulturelle del af turen starter fra Arctic Dreams kontor lige over det lokale kunstner v\u00e6rksted &#8220;Stunk&#8221;, lige ned af vejen fra hotellet. Vi tager ind&#8230;","protected":false},"featured_media":16606,"comment_status":"open","ping_status":"closed","template":"","meta":[],"product_brand":[],"product_cat":[605,622,624,623,593,630,627,643,658,608],"product_tag":[937],"class_list":{"0":"post-16604","1":"product","2":"type-product","3":"status-publish","4":"has-post-thumbnail","6":"product_cat-dagsture-om-sommeren","7":"product_cat-groenlandsk-kultur","8":"product_cat-historiske-ture","9":"product_cat-kulturelle-aktiviteter","10":"product_cat-oplevelser-i-groenland","11":"product_cat-oestgroenland","12":"product_cat-ture-i-bestemte-omraader","13":"product_cat-ture-i-hver-by","14":"product_cat-ture-i-tasiilaq","15":"product_cat-vandre-og-trekkingture","16":"product_tag-tasiilaq-da","17":"pa_activities-gletschervandring","18":"pa_activities-vandretur","19":"pa_activities-byrundtur","20":"pa_available-month-juni","21":"pa_available-month-juli","22":"pa_available-month-august","23":"pa_destinations-tasiilaq","24":"pa_difficulty-moderat","25":"pa_duration-5-timer","26":"pa_tour-type-dagsture","27":"yith_shop_vendor-arctic-dream-da","29":"first","30":"instock","31":"virtual","32":"sold-individually","33":"purchasable","34":"product-type-booking"},"acf":[],"yoast_head":"<!-- This site is optimized with the Yoast SEO plugin v25.6 - https:\/\/yoast.com\/wordpress\/plugins\/seo\/ -->\n<title>Byrundtur og vandretur til Blomsterdalen | Tasiilaq | \u00d8stgr\u00f8nland | Guide to Greenland<\/title>\n<meta name=\"description\" content=\"Bes\u00f8g \u00d8stgr\u00f8nland, Tasiilaq. Blomsterdalen, kulturel oplevelse og Twin Waterfall. Den perfekte tur til dig.\" \/>\n<meta name=\"robots\" content=\"index, follow, max-snippet:-1, max-image-preview:large, max-video-preview:-1\" \/>\n<link rel=\"canonical\" href=\"https:\/\/guidetogreenland.com\/da\/reserver-ferie-rejser\/byrundtur-og-vandretur-til-blomsterdalen-tasiilaq-ostgronland\/\" \/>\n<meta property=\"og:locale\" content=\"da_DK\" \/>\n<meta property=\"og:type\" content=\"article\" \/>\n<meta property=\"og:title\" content=\"Byrundtur og vandretur til Blomsterdalen | Tasiilaq | \u00d8stgr\u00f8nland | Guide to Greenland\" \/>\n<meta property=\"og:description\" content=\"Bes\u00f8g \u00d8stgr\u00f8nland, Tasiilaq. Blomsterdalen, kulturel oplevelse og Twin Waterfall. Den perfekte tur til dig.\" \/>\n<meta property=\"og:url\" content=\"https:\/\/guidetogreenland.com\/da\/reserver-ferie-rejser\/byrundtur-og-vandretur-til-blomsterdalen-tasiilaq-ostgronland\/\" \/>\n<meta property=\"og:site_name\" content=\"Guide to Greenland\" \/>\n<meta property=\"article:modified_time\" content=\"2021-03-15T03:11:58+00:00\" \/>\n<meta property=\"og:image\" content=\"https:\/\/guidetogreenland.com\/wp-content\/uploads\/2020\/05\/city-tour-and-hike-to-the-flower-valley-tasiilaq-east-greenland-Guide-to-Greenland9.jpg\" \/>\n\t<meta property=\"og:image:width\" content=\"798\" \/>\n\t<meta property=\"og:image:height\" content=\"532\" \/>\n\t<meta property=\"og:image:type\" content=\"image\/jpeg\" \/>\n<meta name=\"twitter:card\" content=\"summary_large_image\" \/>\n<meta name=\"twitter:label1\" content=\"Estimeret l\u00e6setid\" \/>\n\t<meta name=\"twitter:data1\" content=\"2 minutter\" \/>\n<script type=\"application\/ld+json\" class=\"yoast-schema-graph\">{\"@context\":\"https:\/\/schema.org\",\"@graph\":[{\"@type\":\"WebPage\",\"@id\":\"https:\/\/guidetogreenland.com\/da\/reserver-ferie-rejser\/byrundtur-og-vandretur-til-blomsterdalen-tasiilaq-ostgronland\/\",\"url\":\"https:\/\/guidetogreenland.com\/da\/reserver-ferie-rejser\/byrundtur-og-vandretur-til-blomsterdalen-tasiilaq-ostgronland\/\",\"name\":\"Byrundtur og vandretur til Blomsterdalen | Tasiilaq | \u00d8stgr\u00f8nland | Guide to Greenland\",\"isPartOf\":{\"@id\":\"https:\/\/guidetogreenland.com\/da\/#website\"},\"primaryImageOfPage\":{\"@id\":\"https:\/\/guidetogreenland.com\/da\/reserver-ferie-rejser\/byrundtur-og-vandretur-til-blomsterdalen-tasiilaq-ostgronland\/#primaryimage\"},\"image\":{\"@id\":\"https:\/\/guidetogreenland.com\/da\/reserver-ferie-rejser\/byrundtur-og-vandretur-til-blomsterdalen-tasiilaq-ostgronland\/#primaryimage\"},\"thumbnailUrl\":\"https:\/\/guidetogreenland.com\/wp-content\/uploads\/2020\/05\/city-tour-and-hike-to-the-flower-valley-tasiilaq-east-greenland-Guide-to-Greenland9.jpg\",\"datePublished\":\"2020-06-10T12:12:08+00:00\",\"dateModified\":\"2021-03-15T03:11:58+00:00\",\"description\":\"Bes\u00f8g \u00d8stgr\u00f8nland, Tasiilaq. Blomsterdalen, kulturel oplevelse og Twin Waterfall. Den perfekte tur til dig.\",\"breadcrumb\":{\"@id\":\"https:\/\/guidetogreenland.com\/da\/reserver-ferie-rejser\/byrundtur-og-vandretur-til-blomsterdalen-tasiilaq-ostgronland\/#breadcrumb\"},\"inLanguage\":\"da-DK\",\"potentialAction\":[{\"@type\":\"ReadAction\",\"target\":[\"https:\/\/guidetogreenland.com\/da\/reserver-ferie-rejser\/byrundtur-og-vandretur-til-blomsterdalen-tasiilaq-ostgronland\/\"]}]},{\"@type\":\"ImageObject\",\"inLanguage\":\"da-DK\",\"@id\":\"https:\/\/guidetogreenland.com\/da\/reserver-ferie-rejser\/byrundtur-og-vandretur-til-blomsterdalen-tasiilaq-ostgronland\/#primaryimage\",\"url\":\"https:\/\/guidetogreenland.com\/wp-content\/uploads\/2020\/05\/city-tour-and-hike-to-the-flower-valley-tasiilaq-east-greenland-Guide-to-Greenland9.jpg\",\"contentUrl\":\"https:\/\/guidetogreenland.com\/wp-content\/uploads\/2020\/05\/city-tour-and-hike-to-the-flower-valley-tasiilaq-east-greenland-Guide-to-Greenland9.jpg\",\"width\":798,\"height\":532},{\"@type\":\"BreadcrumbList\",\"@id\":\"https:\/\/guidetogreenland.com\/da\/reserver-ferie-rejser\/byrundtur-og-vandretur-til-blomsterdalen-tasiilaq-ostgronland\/#breadcrumb\",\"itemListElement\":[{\"@type\":\"ListItem\",\"position\":1,\"name\":\"Home\",\"item\":\"https:\/\/guidetogreenland.com\/da\/\"},{\"@type\":\"ListItem\",\"position\":2,\"name\":\"Se alle ture\",\"item\":\"https:\/\/guidetogreenland.com\/da\/reserver-ferie-rejser\/\"},{\"@type\":\"ListItem\",\"position\":3,\"name\":\"Byrundtur og vandretur til Blomsterdalen | Tasiilaq | \u00d8stgr\u00f8nland\"}]},{\"@type\":\"WebSite\",\"@id\":\"https:\/\/guidetogreenland.com\/da\/#website\",\"url\":\"https:\/\/guidetogreenland.com\/da\/\",\"name\":\"Guide to Greenland\",\"description\":\"Largest selection of tours in Greenland\",\"potentialAction\":[{\"@type\":\"SearchAction\",\"target\":{\"@type\":\"EntryPoint\",\"urlTemplate\":\"https:\/\/guidetogreenland.com\/da\/?s={search_term_string}\"},\"query-input\":{\"@type\":\"PropertyValueSpecification\",\"valueRequired\":true,\"valueName\":\"search_term_string\"}}],\"inLanguage\":\"da-DK\"}]}<\/script>\n<!-- \/ Yoast SEO plugin. -->","yoast_head_json":{"title":"Byrundtur og vandretur til Blomsterdalen | Tasiilaq | \u00d8stgr\u00f8nland | Guide to Greenland","description":"Bes\u00f8g \u00d8stgr\u00f8nland, Tasiilaq. Blomsterdalen, kulturel oplevelse og Twin Waterfall. Den perfekte tur til dig.","robots":{"index":"index","follow":"follow","max-snippet":"max-snippet:-1","max-image-preview":"max-image-preview:large","max-video-preview":"max-video-preview:-1"},"canonical":"https:\/\/guidetogreenland.com\/da\/reserver-ferie-rejser\/byrundtur-og-vandretur-til-blomsterdalen-tasiilaq-ostgronland\/","og_locale":"da_DK","og_type":"article","og_title":"Byrundtur og vandretur til Blomsterdalen | Tasiilaq | \u00d8stgr\u00f8nland | Guide to Greenland","og_description":"Bes\u00f8g \u00d8stgr\u00f8nland, Tasiilaq. Blomsterdalen, kulturel oplevelse og Twin Waterfall. Den perfekte tur til dig.","og_url":"https:\/\/guidetogreenland.com\/da\/reserver-ferie-rejser\/byrundtur-og-vandretur-til-blomsterdalen-tasiilaq-ostgronland\/","og_site_name":"Guide to Greenland","article_modified_time":"2021-03-15T03:11:58+00:00","og_image":[{"width":798,"height":532,"url":"https:\/\/guidetogreenland.com\/wp-content\/uploads\/2020\/05\/city-tour-and-hike-to-the-flower-valley-tasiilaq-east-greenland-Guide-to-Greenland9.jpg","type":"image\/jpeg"}],"twitter_card":"summary_large_image","twitter_misc":{"Estimeret l\u00e6setid":"2 minutter"},"schema":{"@context":"https:\/\/schema.org","@graph":[{"@type":"WebPage","@id":"https:\/\/guidetogreenland.com\/da\/reserver-ferie-rejser\/byrundtur-og-vandretur-til-blomsterdalen-tasiilaq-ostgronland\/","url":"https:\/\/guidetogreenland.com\/da\/reserver-ferie-rejser\/byrundtur-og-vandretur-til-blomsterdalen-tasiilaq-ostgronland\/","name":"Byrundtur og vandretur til Blomsterdalen | Tasiilaq | \u00d8stgr\u00f8nland | Guide to Greenland","isPartOf":{"@id":"https:\/\/guidetogreenland.com\/da\/#website"},"primaryImageOfPage":{"@id":"https:\/\/guidetogreenland.com\/da\/reserver-ferie-rejser\/byrundtur-og-vandretur-til-blomsterdalen-tasiilaq-ostgronland\/#primaryimage"},"image":{"@id":"https:\/\/guidetogreenland.com\/da\/reserver-ferie-rejser\/byrundtur-og-vandretur-til-blomsterdalen-tasiilaq-ostgronland\/#primaryimage"},"thumbnailUrl":"https:\/\/guidetogreenland.com\/wp-content\/uploads\/2020\/05\/city-tour-and-hike-to-the-flower-valley-tasiilaq-east-greenland-Guide-to-Greenland9.jpg","datePublished":"2020-06-10T12:12:08+00:00","dateModified":"2021-03-15T03:11:58+00:00","description":"Bes\u00f8g \u00d8stgr\u00f8nland, Tasiilaq. Blomsterdalen, kulturel oplevelse og Twin Waterfall. Den perfekte tur til dig.","breadcrumb":{"@id":"https:\/\/guidetogreenland.com\/da\/reserver-ferie-rejser\/byrundtur-og-vandretur-til-blomsterdalen-tasiilaq-ostgronland\/#breadcrumb"},"inLanguage":"da-DK","potentialAction":[{"@type":"ReadAction","target":["https:\/\/guidetogreenland.com\/da\/reserver-ferie-rejser\/byrundtur-og-vandretur-til-blomsterdalen-tasiilaq-ostgronland\/"]}]},{"@type":"ImageObject","inLanguage":"da-DK","@id":"https:\/\/guidetogreenland.com\/da\/reserver-ferie-rejser\/byrundtur-og-vandretur-til-blomsterdalen-tasiilaq-ostgronland\/#primaryimage","url":"https:\/\/guidetogreenland.com\/wp-content\/uploads\/2020\/05\/city-tour-and-hike-to-the-flower-valley-tasiilaq-east-greenland-Guide-to-Greenland9.jpg","contentUrl":"https:\/\/guidetogreenland.com\/wp-content\/uploads\/2020\/05\/city-tour-and-hike-to-the-flower-valley-tasiilaq-east-greenland-Guide-to-Greenland9.jpg","width":798,"height":532},{"@type":"BreadcrumbList","@id":"https:\/\/guidetogreenland.com\/da\/reserver-ferie-rejser\/byrundtur-og-vandretur-til-blomsterdalen-tasiilaq-ostgronland\/#breadcrumb","itemListElement":[{"@type":"ListItem","position":1,"name":"Home","item":"https:\/\/guidetogreenland.com\/da\/"},{"@type":"ListItem","position":2,"name":"Se alle ture","item":"https:\/\/guidetogreenland.com\/da\/reserver-ferie-rejser\/"},{"@type":"ListItem","position":3,"name":"Byrundtur og vandretur til Blomsterdalen | Tasiilaq | \u00d8stgr\u00f8nland"}]},{"@type":"WebSite","@id":"https:\/\/guidetogreenland.com\/da\/#website","url":"https:\/\/guidetogreenland.com\/da\/","name":"Guide to Greenland","description":"Largest selection of tours in Greenland","potentialAction":[{"@type":"SearchAction","target":{"@type":"EntryPoint","urlTemplate":"https:\/\/guidetogreenland.com\/da\/?s={search_term_string}"},"query-input":{"@type":"PropertyValueSpecification","valueRequired":true,"valueName":"search_term_string"}}],"inLanguage":"da-DK"}]}},"_links":{"self":[{"href":"https:\/\/guidetogreenland.com\/da\/wp-json\/wp\/v2\/product\/16604","targetHints":{"allow":["GET"]}}],"collection":[{"href":"https:\/\/guidetogreenland.com\/da\/wp-json\/wp\/v2\/product"}],"about":[{"href":"https:\/\/guidetogreenland.com\/da\/wp-json\/wp\/v2\/types\/product"}],"replies":[{"embeddable":true,"href":"https:\/\/guidetogreenland.com\/da\/wp-json\/wp\/v2\/comments?post=16604"}],"wp:featuredmedia":[{"embeddable":true,"href":"https:\/\/guidetogreenland.com\/da\/wp-json\/wp\/v2\/media\/16606"}],"wp:attachment":[{"href":"https:\/\/guidetogreenland.com\/da\/wp-json\/wp\/v2\/media?parent=16604"}],"wp:term":[{"taxonomy":"product_brand","embeddable":true,"href":"https:\/\/guidetogreenland.com\/da\/wp-json\/wp\/v2\/product_brand?post=16604"},{"taxonomy":"product_cat","embeddable":true,"href":"https:\/\/guidetogreenland.com\/da\/wp-json\/wp\/v2\/product_cat?post=16604"},{"taxonomy":"product_tag","embeddable":true,"href":"https:\/\/guidetogreenland.com\/da\/wp-json\/wp\/v2\/product_tag?post=16604"}],"curies":[{"name":"wp","href":"https:\/\/api.w.org\/{rel}","templated":true}]}}