{"id":16615,"date":"2020-06-10T12:01:20","date_gmt":"2020-06-10T12:01:20","guid":{"rendered":"https:\/\/guidetogreenland.com\/book-trips-holiday\/boat-transfer-between-kulusuk-and-tasiilaq-east-greenland\/"},"modified":"2025-08-15T10:27:20","modified_gmt":"2025-08-15T13:27:20","slug":"boat-transfer-between-kulusuk-and-tasiilaq-east-greenland","status":"publish","type":"product","link":"https:\/\/guidetogreenland.com\/da\/reserver-ferie-rejser\/badtransport-mellem-kulusuk-og-tasiilaq-ostgronland\/","title":{"rendered":"B\u00e5dtransport mellem Kulusuk og Tasiilaq | \u00d8stgr\u00f8nland"},"content":{"rendered":"<p class=\"p1\">Leder du efter overkommelig transport mellem Kulusuk og Tasiilaq? I s\u00e5 fald har du fundet den rigtige tur!<\/p>\n<p class=\"p1\">Vi tilbyder nem og overkommelig overf\u00f8rsel fra:<\/p>\n<p class=\"p1\">&#8211; Kulusuk til Tasiilaq<\/p>\n<p class=\"p1\">&#8211; Tasiilaq til Kulusuk<\/p>\n<p class=\"p1\">Havet mellem Tasiilaq og Kulusuk er den \u00f8stgr\u00f8nlandske motorvej i sommerm\u00e5nederne, da lokalbefolkningen l\u00f8ber mellem de to byer i deres b\u00e5de. P\u00e5 din vej passerer du isbjerge, og der er ogs\u00e5 store chancer for arktiske vilde dyr, s\u00e5som hvaler, s\u00e6ler og forskellige fuglearter.<\/p>\n<p class=\"p1\">Transporten tager cirka en time mellem de to byer, men v\u00e6r opm\u00e6rksom p\u00e5, at ruten er afh\u00e6ngig af vejr- og isforhold.<\/p>\n<p class=\"p1\">For at booke transporten skal du v\u00e6lge din dag og bestille din transport i dag.<\/p>\n","protected":false},"excerpt":{"rendered":"Leder du efter overkommelig transport mellem Kulusuk og Tasiilaq? I s\u00e5 fald har du fundet den rigtige tur! Vi tilbyder nem og overkommelig overf\u00f8rsel fra: &#8211; Kulusuk til Tasiilaq &#8211; Tasiilaq til Kulusuk Havet mellem Tasiilaq og Kulusuk er den \u00f8stgr\u00f8nlandske motorvej i sommerm\u00e5nederne, da lokalbefolkningen l\u00f8ber mellem de to byer i deres b\u00e5de. P\u00e5&#8230;","protected":false},"featured_media":16617,"comment_status":"open","ping_status":"closed","template":"","meta":[],"product_brand":[],"product_cat":[594,605,593,630,647,658],"product_tag":[937],"class_list":{"0":"post-16615","1":"product","2":"type-product","3":"status-publish","4":"has-post-thumbnail","6":"product_cat-baadture","7":"product_cat-dagsture-om-sommeren","8":"product_cat-oplevelser-i-groenland","9":"product_cat-oestgroenland","10":"product_cat-ture-i-kulusuk","11":"product_cat-ture-i-tasiilaq","12":"product_tag-tasiilaq-da","13":"pa_activities-baadtur","14":"pa_available-month-juni","15":"pa_available-month-juli","16":"pa_available-month-august","17":"pa_available-month-september","18":"pa_destinations-kulusuk","19":"pa_destinations-tasiilaq","20":"pa_difficulty-let","21":"pa_duration-1-time","22":"pa_tour-type-dagsture","23":"yith_shop_vendor-arctic-dream-da","24":"yith_booking_service-from-kulusuk-to-tasiilaq","25":"yith_booking_service-from-tasiilaq-to-kulusuk","27":"first","28":"instock","29":"virtual","30":"sold-individually","31":"purchasable","32":"product-type-booking"},"acf":[],"yoast_head":"<!-- This site is optimized with the Yoast SEO plugin v25.6 - https:\/\/yoast.com\/wordpress\/plugins\/seo\/ -->\n<title>B\u00e5dtransport mellem Kulusuk og Tasiilaq | \u00d8stgr\u00f8nland | Guide to Greenland<\/title>\n<meta name=\"description\" content=\"Transporter fra Tasiilaq til Kulusuk blandt isbjerge og pukkelhvaler! Den ultimative oplevelse, n\u00e5r du bes\u00f8ger Gr\u00f8nland\" \/>\n<meta name=\"robots\" content=\"index, follow, max-snippet:-1, max-image-preview:large, max-video-preview:-1\" \/>\n<link rel=\"canonical\" href=\"https:\/\/guidetogreenland.com\/da\/reserver-ferie-rejser\/badtransport-mellem-kulusuk-og-tasiilaq-ostgronland\/\" \/>\n<meta property=\"og:locale\" content=\"da_DK\" \/>\n<meta property=\"og:type\" content=\"article\" \/>\n<meta property=\"og:title\" content=\"B\u00e5dtransport mellem Kulusuk og Tasiilaq | \u00d8stgr\u00f8nland | Guide to Greenland\" \/>\n<meta property=\"og:description\" content=\"Transporter fra Tasiilaq til Kulusuk blandt isbjerge og pukkelhvaler! Den ultimative oplevelse, n\u00e5r du bes\u00f8ger Gr\u00f8nland\" \/>\n<meta property=\"og:url\" content=\"https:\/\/guidetogreenland.com\/da\/reserver-ferie-rejser\/badtransport-mellem-kulusuk-og-tasiilaq-ostgronland\/\" \/>\n<meta property=\"og:site_name\" content=\"Guide to Greenland\" \/>\n<meta property=\"article:modified_time\" content=\"2025-08-15T13:27:20+00:00\" \/>\n<meta property=\"og:image\" content=\"https:\/\/guidetogreenland.com\/wp-content\/uploads\/2020\/05\/boat-transfer-between-kulusuk-and-tasiilaq-east-greenland-Guide-to-Greenland7.jpg\" \/>\n\t<meta property=\"og:image:width\" content=\"926\" \/>\n\t<meta property=\"og:image:height\" content=\"614\" \/>\n\t<meta property=\"og:image:type\" content=\"image\/jpeg\" \/>\n<meta name=\"twitter:card\" content=\"summary_large_image\" \/>\n<meta name=\"twitter:label1\" content=\"Estimeret l\u00e6setid\" \/>\n\t<meta name=\"twitter:data1\" content=\"1 minut\" \/>\n<script type=\"application\/ld+json\" class=\"yoast-schema-graph\">{\"@context\":\"https:\/\/schema.org\",\"@graph\":[{\"@type\":\"WebPage\",\"@id\":\"https:\/\/guidetogreenland.com\/da\/reserver-ferie-rejser\/badtransport-mellem-kulusuk-og-tasiilaq-ostgronland\/\",\"url\":\"https:\/\/guidetogreenland.com\/da\/reserver-ferie-rejser\/badtransport-mellem-kulusuk-og-tasiilaq-ostgronland\/\",\"name\":\"B\u00e5dtransport mellem Kulusuk og Tasiilaq | \u00d8stgr\u00f8nland | Guide to Greenland\",\"isPartOf\":{\"@id\":\"https:\/\/guidetogreenland.com\/da\/#website\"},\"primaryImageOfPage\":{\"@id\":\"https:\/\/guidetogreenland.com\/da\/reserver-ferie-rejser\/badtransport-mellem-kulusuk-og-tasiilaq-ostgronland\/#primaryimage\"},\"image\":{\"@id\":\"https:\/\/guidetogreenland.com\/da\/reserver-ferie-rejser\/badtransport-mellem-kulusuk-og-tasiilaq-ostgronland\/#primaryimage\"},\"thumbnailUrl\":\"https:\/\/guidetogreenland.com\/wp-content\/uploads\/2020\/05\/boat-transfer-between-kulusuk-and-tasiilaq-east-greenland-Guide-to-Greenland7.jpg\",\"datePublished\":\"2020-06-10T12:01:20+00:00\",\"dateModified\":\"2025-08-15T13:27:20+00:00\",\"description\":\"Transporter fra Tasiilaq til Kulusuk blandt isbjerge og pukkelhvaler! Den ultimative oplevelse, n\u00e5r du bes\u00f8ger Gr\u00f8nland\",\"breadcrumb\":{\"@id\":\"https:\/\/guidetogreenland.com\/da\/reserver-ferie-rejser\/badtransport-mellem-kulusuk-og-tasiilaq-ostgronland\/#breadcrumb\"},\"inLanguage\":\"da-DK\",\"potentialAction\":[{\"@type\":\"ReadAction\",\"target\":[\"https:\/\/guidetogreenland.com\/da\/reserver-ferie-rejser\/badtransport-mellem-kulusuk-og-tasiilaq-ostgronland\/\"]}]},{\"@type\":\"ImageObject\",\"inLanguage\":\"da-DK\",\"@id\":\"https:\/\/guidetogreenland.com\/da\/reserver-ferie-rejser\/badtransport-mellem-kulusuk-og-tasiilaq-ostgronland\/#primaryimage\",\"url\":\"https:\/\/guidetogreenland.com\/wp-content\/uploads\/2020\/05\/boat-transfer-between-kulusuk-and-tasiilaq-east-greenland-Guide-to-Greenland7.jpg\",\"contentUrl\":\"https:\/\/guidetogreenland.com\/wp-content\/uploads\/2020\/05\/boat-transfer-between-kulusuk-and-tasiilaq-east-greenland-Guide-to-Greenland7.jpg\",\"width\":926,\"height\":614},{\"@type\":\"BreadcrumbList\",\"@id\":\"https:\/\/guidetogreenland.com\/da\/reserver-ferie-rejser\/badtransport-mellem-kulusuk-og-tasiilaq-ostgronland\/#breadcrumb\",\"itemListElement\":[{\"@type\":\"ListItem\",\"position\":1,\"name\":\"Home\",\"item\":\"https:\/\/guidetogreenland.com\/da\/\"},{\"@type\":\"ListItem\",\"position\":2,\"name\":\"Se alle ture\",\"item\":\"https:\/\/guidetogreenland.com\/da\/reserver-ferie-rejser\/\"},{\"@type\":\"ListItem\",\"position\":3,\"name\":\"B\u00e5dtransport mellem Kulusuk og Tasiilaq | \u00d8stgr\u00f8nland\"}]},{\"@type\":\"WebSite\",\"@id\":\"https:\/\/guidetogreenland.com\/da\/#website\",\"url\":\"https:\/\/guidetogreenland.com\/da\/\",\"name\":\"Guide to Greenland\",\"description\":\"Largest selection of tours in Greenland\",\"potentialAction\":[{\"@type\":\"SearchAction\",\"target\":{\"@type\":\"EntryPoint\",\"urlTemplate\":\"https:\/\/guidetogreenland.com\/da\/?s={search_term_string}\"},\"query-input\":{\"@type\":\"PropertyValueSpecification\",\"valueRequired\":true,\"valueName\":\"search_term_string\"}}],\"inLanguage\":\"da-DK\"}]}<\/script>\n<!-- \/ Yoast SEO plugin. -->","yoast_head_json":{"title":"B\u00e5dtransport mellem Kulusuk og Tasiilaq | \u00d8stgr\u00f8nland | Guide to Greenland","description":"Transporter fra Tasiilaq til Kulusuk blandt isbjerge og pukkelhvaler! Den ultimative oplevelse, n\u00e5r du bes\u00f8ger Gr\u00f8nland","robots":{"index":"index","follow":"follow","max-snippet":"max-snippet:-1","max-image-preview":"max-image-preview:large","max-video-preview":"max-video-preview:-1"},"canonical":"https:\/\/guidetogreenland.com\/da\/reserver-ferie-rejser\/badtransport-mellem-kulusuk-og-tasiilaq-ostgronland\/","og_locale":"da_DK","og_type":"article","og_title":"B\u00e5dtransport mellem Kulusuk og Tasiilaq | \u00d8stgr\u00f8nland | Guide to Greenland","og_description":"Transporter fra Tasiilaq til Kulusuk blandt isbjerge og pukkelhvaler! Den ultimative oplevelse, n\u00e5r du bes\u00f8ger Gr\u00f8nland","og_url":"https:\/\/guidetogreenland.com\/da\/reserver-ferie-rejser\/badtransport-mellem-kulusuk-og-tasiilaq-ostgronland\/","og_site_name":"Guide to Greenland","article_modified_time":"2025-08-15T13:27:20+00:00","og_image":[{"width":926,"height":614,"url":"https:\/\/guidetogreenland.com\/wp-content\/uploads\/2020\/05\/boat-transfer-between-kulusuk-and-tasiilaq-east-greenland-Guide-to-Greenland7.jpg","type":"image\/jpeg"}],"twitter_card":"summary_large_image","twitter_misc":{"Estimeret l\u00e6setid":"1 minut"},"schema":{"@context":"https:\/\/schema.org","@graph":[{"@type":"WebPage","@id":"https:\/\/guidetogreenland.com\/da\/reserver-ferie-rejser\/badtransport-mellem-kulusuk-og-tasiilaq-ostgronland\/","url":"https:\/\/guidetogreenland.com\/da\/reserver-ferie-rejser\/badtransport-mellem-kulusuk-og-tasiilaq-ostgronland\/","name":"B\u00e5dtransport mellem Kulusuk og Tasiilaq | \u00d8stgr\u00f8nland | Guide to Greenland","isPartOf":{"@id":"https:\/\/guidetogreenland.com\/da\/#website"},"primaryImageOfPage":{"@id":"https:\/\/guidetogreenland.com\/da\/reserver-ferie-rejser\/badtransport-mellem-kulusuk-og-tasiilaq-ostgronland\/#primaryimage"},"image":{"@id":"https:\/\/guidetogreenland.com\/da\/reserver-ferie-rejser\/badtransport-mellem-kulusuk-og-tasiilaq-ostgronland\/#primaryimage"},"thumbnailUrl":"https:\/\/guidetogreenland.com\/wp-content\/uploads\/2020\/05\/boat-transfer-between-kulusuk-and-tasiilaq-east-greenland-Guide-to-Greenland7.jpg","datePublished":"2020-06-10T12:01:20+00:00","dateModified":"2025-08-15T13:27:20+00:00","description":"Transporter fra Tasiilaq til Kulusuk blandt isbjerge og pukkelhvaler! Den ultimative oplevelse, n\u00e5r du bes\u00f8ger Gr\u00f8nland","breadcrumb":{"@id":"https:\/\/guidetogreenland.com\/da\/reserver-ferie-rejser\/badtransport-mellem-kulusuk-og-tasiilaq-ostgronland\/#breadcrumb"},"inLanguage":"da-DK","potentialAction":[{"@type":"ReadAction","target":["https:\/\/guidetogreenland.com\/da\/reserver-ferie-rejser\/badtransport-mellem-kulusuk-og-tasiilaq-ostgronland\/"]}]},{"@type":"ImageObject","inLanguage":"da-DK","@id":"https:\/\/guidetogreenland.com\/da\/reserver-ferie-rejser\/badtransport-mellem-kulusuk-og-tasiilaq-ostgronland\/#primaryimage","url":"https:\/\/guidetogreenland.com\/wp-content\/uploads\/2020\/05\/boat-transfer-between-kulusuk-and-tasiilaq-east-greenland-Guide-to-Greenland7.jpg","contentUrl":"https:\/\/guidetogreenland.com\/wp-content\/uploads\/2020\/05\/boat-transfer-between-kulusuk-and-tasiilaq-east-greenland-Guide-to-Greenland7.jpg","width":926,"height":614},{"@type":"BreadcrumbList","@id":"https:\/\/guidetogreenland.com\/da\/reserver-ferie-rejser\/badtransport-mellem-kulusuk-og-tasiilaq-ostgronland\/#breadcrumb","itemListElement":[{"@type":"ListItem","position":1,"name":"Home","item":"https:\/\/guidetogreenland.com\/da\/"},{"@type":"ListItem","position":2,"name":"Se alle ture","item":"https:\/\/guidetogreenland.com\/da\/reserver-ferie-rejser\/"},{"@type":"ListItem","position":3,"name":"B\u00e5dtransport mellem Kulusuk og Tasiilaq | \u00d8stgr\u00f8nland"}]},{"@type":"WebSite","@id":"https:\/\/guidetogreenland.com\/da\/#website","url":"https:\/\/guidetogreenland.com\/da\/","name":"Guide to Greenland","description":"Largest selection of tours in Greenland","potentialAction":[{"@type":"SearchAction","target":{"@type":"EntryPoint","urlTemplate":"https:\/\/guidetogreenland.com\/da\/?s={search_term_string}"},"query-input":{"@type":"PropertyValueSpecification","valueRequired":true,"valueName":"search_term_string"}}],"inLanguage":"da-DK"}]}},"_links":{"self":[{"href":"https:\/\/guidetogreenland.com\/da\/wp-json\/wp\/v2\/product\/16615","targetHints":{"allow":["GET"]}}],"collection":[{"href":"https:\/\/guidetogreenland.com\/da\/wp-json\/wp\/v2\/product"}],"about":[{"href":"https:\/\/guidetogreenland.com\/da\/wp-json\/wp\/v2\/types\/product"}],"replies":[{"embeddable":true,"href":"https:\/\/guidetogreenland.com\/da\/wp-json\/wp\/v2\/comments?post=16615"}],"wp:featuredmedia":[{"embeddable":true,"href":"https:\/\/guidetogreenland.com\/da\/wp-json\/wp\/v2\/media\/16617"}],"wp:attachment":[{"href":"https:\/\/guidetogreenland.com\/da\/wp-json\/wp\/v2\/media?parent=16615"}],"wp:term":[{"taxonomy":"product_brand","embeddable":true,"href":"https:\/\/guidetogreenland.com\/da\/wp-json\/wp\/v2\/product_brand?post=16615"},{"taxonomy":"product_cat","embeddable":true,"href":"https:\/\/guidetogreenland.com\/da\/wp-json\/wp\/v2\/product_cat?post=16615"},{"taxonomy":"product_tag","embeddable":true,"href":"https:\/\/guidetogreenland.com\/da\/wp-json\/wp\/v2\/product_tag?post=16615"}],"curies":[{"name":"wp","href":"https:\/\/api.w.org\/{rel}","templated":true}]}}