{"id":16624,"date":"2020-07-06T17:16:57","date_gmt":"2020-07-06T17:16:57","guid":{"rendered":"https:\/\/guidetogreenland.com\/book-trips-holiday\/village-tour-igaliku-narsaq-south-greenland\/"},"modified":"2023-06-02T14:51:34","modified_gmt":"2023-06-02T17:51:34","slug":"village-tour-igaliku-narsaq-south-greenland","status":"publish","type":"product","link":"https:\/\/guidetogreenland.com\/da\/reserver-ferie-rejser\/bygdebesog-igaliku-narsaq-sydgronland\/","title":{"rendered":"Bygdebes\u00f8g | Igaliku | Narsaq | Sydgr\u00f8nland"},"content":{"rendered":"<p class=\"x-18pep25\">Igaliku siges at v\u00e6re Gr\u00f8nlands smukkeste bygd, og stedet er noget helt s\u00e6rligt!<\/p>\n<p class=\"x-18pep25\">Bygden ligger s\u00e5 langt sydp\u00e5, at det giver mulighed for at forts\u00e6tte det landbrug som Erik Den R\u00f8de startede for hundredevis af \u00e5r siden.<\/p>\n<p class=\"e1imf5dp0 x-jm2771\">Bygden lever p\u00e5 landbrug og f\u00e5rehold, som du ogs\u00e5 vil se p\u00e5 denne tur. Turen starter fra Narsaq havn, hvor du vil m\u00f8de kaptajnen for dagen. Du vil blive sejlet igennem de lange fjorde omgivet af gr\u00f8nne pl\u00e6ner, h\u00f8je bjerge og spejlblankt vand. P\u00e5 vejen vil du sikker sejle forbi isbjerge i forskellige st\u00f8rrelser og former, m\u00e5ske endda v\u00e6re s\u00e5 heldig at se pukkelhvaler lege mellem de<span class=\"x-12abj6v e1uuu2lt3\"> blide b\u00f8lger.<\/span><\/p>\n<p class=\"e1imf5dp0 x-jm2771\"><span class=\"x-12abj6v e1uuu2lt3\">Ved ankomst til Igaliku vil du blive m\u00f8dt af den gr\u00f8nne natur og en rungende stilhed. Udforsk de mange forskellige blomster i selskab med f\u00e5r, heste og smilende lokale. Der vil ogs\u00e5 v\u00e6re mulighed for at bes\u00f8ge de gamle nordbo ruiner af Gardar katedral, nogle af de mest vedligeholdte ruiner p\u00e5 Gr\u00f8nland. Grib ogs\u00e5 chancen for at bes\u00f8ge den lokale kirke og se dens flotte udsmykning .<\/span><\/p>\n<p class=\"e1imf5dp0 x-jm2771\"><span class=\"x-12abj6v e1uuu2lt3\">Hvis du er til lidt mere fysisk aktivitet er der ogs\u00e5 v\u00e6re mulighed for at leje en kajak, og komme helt t\u00e6t p\u00e5 havet.<\/span><\/p>\n<p class=\"e1imf5dp0 x-jm2771\"><span class=\"x-12abj6v e1uuu2lt3\">T\u00f8v ikke og grib chancen for denne unikke oplevelse i Sydgr\u00f8nland. Se tilg\u00e6ngeligheden ved at trykke p\u00e5 &#8216;V\u00e6lg en dag&#8217; ovenover og book din tur idag.<\/span><\/p>\n","protected":false},"excerpt":{"rendered":"Igaliku siges at v\u00e6re Gr\u00f8nlands smukkeste bygd, og stedet er noget helt s\u00e6rligt! Bygden ligger s\u00e5 langt sydp\u00e5, at det giver mulighed for at forts\u00e6tte det landbrug som Erik Den R\u00f8de startede for hundredevis af \u00e5r siden. Bygden lever p\u00e5 landbrug og f\u00e5rehold, som du ogs\u00e5 vil se p\u00e5 denne tur. Turen starter fra Narsaq&#8230;","protected":false},"featured_media":16625,"comment_status":"open","ping_status":"closed","template":"","meta":[],"product_brand":[],"product_cat":[594,621,605,623,612,593,625],"product_tag":[],"class_list":{"0":"post-16624","1":"product","2":"type-product","3":"status-publish","4":"has-post-thumbnail","6":"product_cat-baadture","7":"product_cat-charterture","8":"product_cat-dagsture-om-sommeren","9":"product_cat-kulturelle-aktiviteter","10":"product_cat-natur-og-dyreliv-i-groenland","11":"product_cat-oplevelser-i-groenland","12":"product_cat-ture-til-verdensarv-steder-i-groenland","13":"pa_activities-baadtur","14":"pa_activities-bygdebesoeg","15":"pa_attractions-unesco-verdensarv-omraade","16":"pa_attractions-vikinge-ruiner","17":"pa_destinations-narsaq","18":"pa_difficulty-let","19":"pa_duration-1-5-time","20":"pa_tour-type-dagsture","21":"yith_shop_vendor-hkm-travel-da","23":"first","24":"instock","25":"virtual","26":"sold-individually","27":"purchasable","28":"product-type-booking"},"acf":[],"yoast_head":"<!-- This site is optimized with the Yoast SEO plugin v25.6 - https:\/\/yoast.com\/wordpress\/plugins\/seo\/ -->\n<title>Bygdebes\u00f8g | Igaliku | Narsaq | Sydgr\u00f8nland | Guide to Greenland<\/title>\n<meta name=\"description\" content=\"Bes\u00f8g Gr\u00f8nland og oplev den gr\u00f8nlandske kultur p\u00e5 denne bos\u00e6ttelsestur. Dette er til dig, der leder efter et arktisk eventyr.\" \/>\n<meta name=\"robots\" content=\"index, follow, max-snippet:-1, max-image-preview:large, max-video-preview:-1\" \/>\n<link rel=\"canonical\" href=\"https:\/\/guidetogreenland.com\/da\/reserver-ferie-rejser\/bygdebesog-igaliku-narsaq-sydgronland\/\" \/>\n<meta property=\"og:locale\" content=\"da_DK\" \/>\n<meta property=\"og:type\" content=\"article\" \/>\n<meta property=\"og:title\" content=\"Bygdebes\u00f8g | Igaliku | Narsaq | Sydgr\u00f8nland | Guide to Greenland\" \/>\n<meta property=\"og:description\" content=\"Bes\u00f8g Gr\u00f8nland og oplev den gr\u00f8nlandske kultur p\u00e5 denne bos\u00e6ttelsestur. Dette er til dig, der leder efter et arktisk eventyr.\" \/>\n<meta property=\"og:url\" content=\"https:\/\/guidetogreenland.com\/da\/reserver-ferie-rejser\/bygdebesog-igaliku-narsaq-sydgronland\/\" \/>\n<meta property=\"og:site_name\" content=\"Guide to Greenland\" \/>\n<meta property=\"article:modified_time\" content=\"2023-06-02T17:51:34+00:00\" \/>\n<meta property=\"og:image\" content=\"https:\/\/guidetogreenland.com\/wp-content\/uploads\/2020\/05\/village-tour-igaliku-narsaq-south-greenland-Guide-to-Greenland1.jpg\" \/>\n\t<meta property=\"og:image:width\" content=\"1805\" \/>\n\t<meta property=\"og:image:height\" content=\"1174\" \/>\n\t<meta property=\"og:image:type\" content=\"image\/jpeg\" \/>\n<meta name=\"twitter:card\" content=\"summary_large_image\" \/>\n<meta name=\"twitter:label1\" content=\"Estimeret l\u00e6setid\" \/>\n\t<meta name=\"twitter:data1\" content=\"1 minut\" \/>\n<script type=\"application\/ld+json\" class=\"yoast-schema-graph\">{\"@context\":\"https:\/\/schema.org\",\"@graph\":[{\"@type\":\"WebPage\",\"@id\":\"https:\/\/guidetogreenland.com\/da\/reserver-ferie-rejser\/bygdebesog-igaliku-narsaq-sydgronland\/\",\"url\":\"https:\/\/guidetogreenland.com\/da\/reserver-ferie-rejser\/bygdebesog-igaliku-narsaq-sydgronland\/\",\"name\":\"Bygdebes\u00f8g | Igaliku | Narsaq | Sydgr\u00f8nland | Guide to Greenland\",\"isPartOf\":{\"@id\":\"https:\/\/guidetogreenland.com\/da\/#website\"},\"primaryImageOfPage\":{\"@id\":\"https:\/\/guidetogreenland.com\/da\/reserver-ferie-rejser\/bygdebesog-igaliku-narsaq-sydgronland\/#primaryimage\"},\"image\":{\"@id\":\"https:\/\/guidetogreenland.com\/da\/reserver-ferie-rejser\/bygdebesog-igaliku-narsaq-sydgronland\/#primaryimage\"},\"thumbnailUrl\":\"https:\/\/guidetogreenland.com\/wp-content\/uploads\/2020\/05\/village-tour-igaliku-narsaq-south-greenland-Guide-to-Greenland1.jpg\",\"datePublished\":\"2020-07-06T17:16:57+00:00\",\"dateModified\":\"2023-06-02T17:51:34+00:00\",\"description\":\"Bes\u00f8g Gr\u00f8nland og oplev den gr\u00f8nlandske kultur p\u00e5 denne bos\u00e6ttelsestur. Dette er til dig, der leder efter et arktisk eventyr.\",\"breadcrumb\":{\"@id\":\"https:\/\/guidetogreenland.com\/da\/reserver-ferie-rejser\/bygdebesog-igaliku-narsaq-sydgronland\/#breadcrumb\"},\"inLanguage\":\"da-DK\",\"potentialAction\":[{\"@type\":\"ReadAction\",\"target\":[\"https:\/\/guidetogreenland.com\/da\/reserver-ferie-rejser\/bygdebesog-igaliku-narsaq-sydgronland\/\"]}]},{\"@type\":\"ImageObject\",\"inLanguage\":\"da-DK\",\"@id\":\"https:\/\/guidetogreenland.com\/da\/reserver-ferie-rejser\/bygdebesog-igaliku-narsaq-sydgronland\/#primaryimage\",\"url\":\"https:\/\/guidetogreenland.com\/wp-content\/uploads\/2020\/05\/village-tour-igaliku-narsaq-south-greenland-Guide-to-Greenland1.jpg\",\"contentUrl\":\"https:\/\/guidetogreenland.com\/wp-content\/uploads\/2020\/05\/village-tour-igaliku-narsaq-south-greenland-Guide-to-Greenland1.jpg\",\"width\":1805,\"height\":1174},{\"@type\":\"BreadcrumbList\",\"@id\":\"https:\/\/guidetogreenland.com\/da\/reserver-ferie-rejser\/bygdebesog-igaliku-narsaq-sydgronland\/#breadcrumb\",\"itemListElement\":[{\"@type\":\"ListItem\",\"position\":1,\"name\":\"Home\",\"item\":\"https:\/\/guidetogreenland.com\/da\/\"},{\"@type\":\"ListItem\",\"position\":2,\"name\":\"Se alle ture\",\"item\":\"https:\/\/guidetogreenland.com\/da\/reserver-ferie-rejser\/\"},{\"@type\":\"ListItem\",\"position\":3,\"name\":\"Bygdebes\u00f8g | Igaliku | Narsaq | Sydgr\u00f8nland\"}]},{\"@type\":\"WebSite\",\"@id\":\"https:\/\/guidetogreenland.com\/da\/#website\",\"url\":\"https:\/\/guidetogreenland.com\/da\/\",\"name\":\"Guide to Greenland\",\"description\":\"Largest selection of tours in Greenland\",\"potentialAction\":[{\"@type\":\"SearchAction\",\"target\":{\"@type\":\"EntryPoint\",\"urlTemplate\":\"https:\/\/guidetogreenland.com\/da\/?s={search_term_string}\"},\"query-input\":{\"@type\":\"PropertyValueSpecification\",\"valueRequired\":true,\"valueName\":\"search_term_string\"}}],\"inLanguage\":\"da-DK\"}]}<\/script>\n<!-- \/ Yoast SEO plugin. -->","yoast_head_json":{"title":"Bygdebes\u00f8g | Igaliku | Narsaq | Sydgr\u00f8nland | Guide to Greenland","description":"Bes\u00f8g Gr\u00f8nland og oplev den gr\u00f8nlandske kultur p\u00e5 denne bos\u00e6ttelsestur. Dette er til dig, der leder efter et arktisk eventyr.","robots":{"index":"index","follow":"follow","max-snippet":"max-snippet:-1","max-image-preview":"max-image-preview:large","max-video-preview":"max-video-preview:-1"},"canonical":"https:\/\/guidetogreenland.com\/da\/reserver-ferie-rejser\/bygdebesog-igaliku-narsaq-sydgronland\/","og_locale":"da_DK","og_type":"article","og_title":"Bygdebes\u00f8g | Igaliku | Narsaq | Sydgr\u00f8nland | Guide to Greenland","og_description":"Bes\u00f8g Gr\u00f8nland og oplev den gr\u00f8nlandske kultur p\u00e5 denne bos\u00e6ttelsestur. Dette er til dig, der leder efter et arktisk eventyr.","og_url":"https:\/\/guidetogreenland.com\/da\/reserver-ferie-rejser\/bygdebesog-igaliku-narsaq-sydgronland\/","og_site_name":"Guide to Greenland","article_modified_time":"2023-06-02T17:51:34+00:00","og_image":[{"width":1805,"height":1174,"url":"https:\/\/guidetogreenland.com\/wp-content\/uploads\/2020\/05\/village-tour-igaliku-narsaq-south-greenland-Guide-to-Greenland1.jpg","type":"image\/jpeg"}],"twitter_card":"summary_large_image","twitter_misc":{"Estimeret l\u00e6setid":"1 minut"},"schema":{"@context":"https:\/\/schema.org","@graph":[{"@type":"WebPage","@id":"https:\/\/guidetogreenland.com\/da\/reserver-ferie-rejser\/bygdebesog-igaliku-narsaq-sydgronland\/","url":"https:\/\/guidetogreenland.com\/da\/reserver-ferie-rejser\/bygdebesog-igaliku-narsaq-sydgronland\/","name":"Bygdebes\u00f8g | Igaliku | Narsaq | Sydgr\u00f8nland | Guide to Greenland","isPartOf":{"@id":"https:\/\/guidetogreenland.com\/da\/#website"},"primaryImageOfPage":{"@id":"https:\/\/guidetogreenland.com\/da\/reserver-ferie-rejser\/bygdebesog-igaliku-narsaq-sydgronland\/#primaryimage"},"image":{"@id":"https:\/\/guidetogreenland.com\/da\/reserver-ferie-rejser\/bygdebesog-igaliku-narsaq-sydgronland\/#primaryimage"},"thumbnailUrl":"https:\/\/guidetogreenland.com\/wp-content\/uploads\/2020\/05\/village-tour-igaliku-narsaq-south-greenland-Guide-to-Greenland1.jpg","datePublished":"2020-07-06T17:16:57+00:00","dateModified":"2023-06-02T17:51:34+00:00","description":"Bes\u00f8g Gr\u00f8nland og oplev den gr\u00f8nlandske kultur p\u00e5 denne bos\u00e6ttelsestur. Dette er til dig, der leder efter et arktisk eventyr.","breadcrumb":{"@id":"https:\/\/guidetogreenland.com\/da\/reserver-ferie-rejser\/bygdebesog-igaliku-narsaq-sydgronland\/#breadcrumb"},"inLanguage":"da-DK","potentialAction":[{"@type":"ReadAction","target":["https:\/\/guidetogreenland.com\/da\/reserver-ferie-rejser\/bygdebesog-igaliku-narsaq-sydgronland\/"]}]},{"@type":"ImageObject","inLanguage":"da-DK","@id":"https:\/\/guidetogreenland.com\/da\/reserver-ferie-rejser\/bygdebesog-igaliku-narsaq-sydgronland\/#primaryimage","url":"https:\/\/guidetogreenland.com\/wp-content\/uploads\/2020\/05\/village-tour-igaliku-narsaq-south-greenland-Guide-to-Greenland1.jpg","contentUrl":"https:\/\/guidetogreenland.com\/wp-content\/uploads\/2020\/05\/village-tour-igaliku-narsaq-south-greenland-Guide-to-Greenland1.jpg","width":1805,"height":1174},{"@type":"BreadcrumbList","@id":"https:\/\/guidetogreenland.com\/da\/reserver-ferie-rejser\/bygdebesog-igaliku-narsaq-sydgronland\/#breadcrumb","itemListElement":[{"@type":"ListItem","position":1,"name":"Home","item":"https:\/\/guidetogreenland.com\/da\/"},{"@type":"ListItem","position":2,"name":"Se alle ture","item":"https:\/\/guidetogreenland.com\/da\/reserver-ferie-rejser\/"},{"@type":"ListItem","position":3,"name":"Bygdebes\u00f8g | Igaliku | Narsaq | Sydgr\u00f8nland"}]},{"@type":"WebSite","@id":"https:\/\/guidetogreenland.com\/da\/#website","url":"https:\/\/guidetogreenland.com\/da\/","name":"Guide to Greenland","description":"Largest selection of tours in Greenland","potentialAction":[{"@type":"SearchAction","target":{"@type":"EntryPoint","urlTemplate":"https:\/\/guidetogreenland.com\/da\/?s={search_term_string}"},"query-input":{"@type":"PropertyValueSpecification","valueRequired":true,"valueName":"search_term_string"}}],"inLanguage":"da-DK"}]}},"_links":{"self":[{"href":"https:\/\/guidetogreenland.com\/da\/wp-json\/wp\/v2\/product\/16624","targetHints":{"allow":["GET"]}}],"collection":[{"href":"https:\/\/guidetogreenland.com\/da\/wp-json\/wp\/v2\/product"}],"about":[{"href":"https:\/\/guidetogreenland.com\/da\/wp-json\/wp\/v2\/types\/product"}],"replies":[{"embeddable":true,"href":"https:\/\/guidetogreenland.com\/da\/wp-json\/wp\/v2\/comments?post=16624"}],"wp:featuredmedia":[{"embeddable":true,"href":"https:\/\/guidetogreenland.com\/da\/wp-json\/wp\/v2\/media\/16625"}],"wp:attachment":[{"href":"https:\/\/guidetogreenland.com\/da\/wp-json\/wp\/v2\/media?parent=16624"}],"wp:term":[{"taxonomy":"product_brand","embeddable":true,"href":"https:\/\/guidetogreenland.com\/da\/wp-json\/wp\/v2\/product_brand?post=16624"},{"taxonomy":"product_cat","embeddable":true,"href":"https:\/\/guidetogreenland.com\/da\/wp-json\/wp\/v2\/product_cat?post=16624"},{"taxonomy":"product_tag","embeddable":true,"href":"https:\/\/guidetogreenland.com\/da\/wp-json\/wp\/v2\/product_tag?post=16624"}],"curies":[{"name":"wp","href":"https:\/\/api.w.org\/{rel}","templated":true}]}}