{"id":16635,"date":"2020-06-09T17:44:31","date_gmt":"2020-06-09T17:44:31","guid":{"rendered":"https:\/\/guidetogreenland.com\/book-trips-holiday\/uunartoq-hot-springs-private-tour-qaqortoq-south-greenland\/"},"modified":"2021-03-15T03:32:18","modified_gmt":"2021-03-15T03:32:18","slug":"uunartoq-hot-springs-private-tour-qaqortoq-south-greenland","status":"publish","type":"product","link":"https:\/\/guidetogreenland.com\/da\/reserver-ferie-rejser\/uunartoq-varmekilder-qaqortoq-sydgronland\/","title":{"rendered":"Uunartoq Varmekilder | Qaqortoq | Sydgr\u00f8nland"},"content":{"rendered":"<div class=\"x-2ruu7e ewhm0490\">\n<div class=\"x-sqsvwz e1hc7val2\">\n<div class=\"x-13o7eu2 e1imf5dp1\">\n<div class=\"x-v4fa7v e1uuu2lt0\">\n<div class=\"x-7xwfhm e1imf5dp0\">\n<p class=\"x-18pep25\">Se, m\u00e6rk og sv\u00f8m i sydgr\u00f8nlandske varmekilder, med denne 6-timers ekskursion til \u00f8en Uunartoq. Denne tur er for dig, der \u00f8nsker at opleve enest\u00e5ende og unikke, sydgr\u00f8nlandske naturf\u00e6nomener.<\/p>\n<p class=\"x-18pep25\">I Sydgr\u00f8nland vil du finde en oase der giver ro i sj\u00e6len. Uunartoq er placeret p\u00e5 en \u00f8 v\u00e6k fra al civilisation, her finder du naturlige varmekilder, hvor vandet hele \u00e5ret rundt beholder en temperatur p\u00e5 38\u00b0 celsius.<\/p>\n<p class=\"e1imf5dp0 x-jm2771\">Din tur starter ved havnen i Qaqortoq, og tager dig igennem det gr\u00f8nne sydgr\u00f8nlandske landskab. Du vil se de smukke bjerge, passerende isbjerge og hvis du er heldig, m\u00e5ske en hval eller s\u00e6l. Du v<span class=\"x-12abj6v e1uuu2lt3\">il v\u00e6re ledsaget af en lokal kaptajn, der kender farvandene. Selve sejlturen til Uunartoq tager omkring 2\u00bd time, og i denne tid kan du nyde udsigten fra vores opvarmede kabine b\u00e5d, eller sidde p\u00e5 d\u00e6kket.<\/span><\/p>\n<p class=\"e1imf5dp0 x-jm2771\"><span class=\"x-12abj6v e1uuu2lt3\">F\u00f8r du s\u00e6tter dig til rette i det varme vand kan du tage en lille g\u00e5tur i omr\u00e5det. \u00d8en er menneskefri og blev fundet af vikingerne for l\u00e6nge siden. Det siges at \u00f8en er hjems\u00f8gt og derfor har gr\u00f8nl\u00e6nderne ikke bosat sig p\u00e5 en \u00f8en.<\/span><\/p>\n<p class=\"e1imf5dp0 x-jm2771\"><span class=\"x-12abj6v e1uuu2lt3\">N\u00e5r du har kigget dig lidt omkring er det tid til at hoppe i badet\u00f8jet og glide ned i det varme vand mens du nyder den storartede udsigt over fjorden. Fra kilderne, vil du kunne se rejsende isbjerge, og m\u00e5ske hvaler.<\/span><\/p>\n<p class=\"e1imf5dp0 x-jm2771\"><span class=\"x-12abj6v e1uuu2lt3\">Tag din badedragt p\u00e5 og medbring et h\u00e5ndkl\u00e6de, til denne sj\u00e6levarmende tur til Unnartoq. Se tilg\u00e6ngeligheden ved at trykke p\u00e5 &#8216;V\u00e6lg en dag&#8217; og book din tur i dag.<\/span><\/p>\n<\/div>\n<\/div>\n<\/div>\n<\/div>\n<\/div>\n","protected":false},"excerpt":{"rendered":"Se, m\u00e6rk og sv\u00f8m i sydgr\u00f8nlandske varmekilder, med denne 6-timers ekskursion til \u00f8en Uunartoq. Denne tur er for dig, der \u00f8nsker at opleve enest\u00e5ende og unikke, sydgr\u00f8nlandske naturf\u00e6nomener. I Sydgr\u00f8nland vil du finde en oase der giver ro i sj\u00e6len. Uunartoq er placeret p\u00e5 en \u00f8 v\u00e6k fra al civilisation, her finder du naturlige varmekilder,&#8230;","protected":false},"featured_media":12746,"comment_status":"open","ping_status":"closed","template":"","meta":[],"product_brand":[],"product_cat":[594,605,612,593,632,654,615],"product_tag":[932],"class_list":{"0":"post-16635","1":"product","2":"type-product","3":"status-publish","4":"has-post-thumbnail","6":"product_cat-baadture","7":"product_cat-dagsture-om-sommeren","8":"product_cat-natur-og-dyreliv-i-groenland","9":"product_cat-oplevelser-i-groenland","10":"product_cat-sydgroenland","11":"product_cat-ture-i-qaqortoq","12":"product_cat-ture-til-varme-kilder","13":"product_tag-qaqortoq-da","14":"pa_activities-baadtur","15":"pa_activities-hot-spring-bathing-da","16":"pa_attractions-uunartoq-hot-springs-da","17":"pa_available-month-juni","18":"pa_available-month-juli","19":"pa_available-month-august","20":"pa_available-month-september","21":"pa_destinations-qaqortoq","22":"pa_difficulty-let","23":"pa_duration-4-5-time","24":"pa_tour-type-dagsture","26":"first","27":"instock","28":"virtual","29":"sold-individually","30":"purchasable","31":"product-type-booking"},"acf":[],"yoast_head":"<!-- This site is optimized with the Yoast SEO plugin v25.6 - https:\/\/yoast.com\/wordpress\/plugins\/seo\/ -->\n<title>Uunartoq Varmekilder | Qaqortoq | Sydgr\u00f8nland | Guide to Greenland<\/title>\n<meta name=\"description\" content=\"Rejs til Gr\u00f8nland for at se den fantastiske natur og vilde dyr og kombiner din tur med wellness og bes\u00f8g de varme kilder i Sydgr\u00f8nland.\" \/>\n<meta name=\"robots\" content=\"index, follow, max-snippet:-1, max-image-preview:large, max-video-preview:-1\" \/>\n<link rel=\"canonical\" href=\"https:\/\/guidetogreenland.com\/da\/reserver-ferie-rejser\/uunartoq-varmekilder-qaqortoq-sydgronland\/\" \/>\n<meta property=\"og:locale\" content=\"da_DK\" \/>\n<meta property=\"og:type\" content=\"article\" \/>\n<meta property=\"og:title\" content=\"Uunartoq Varmekilder | Qaqortoq | Sydgr\u00f8nland | Guide to Greenland\" \/>\n<meta property=\"og:description\" content=\"Rejs til Gr\u00f8nland for at se den fantastiske natur og vilde dyr og kombiner din tur med wellness og bes\u00f8g de varme kilder i Sydgr\u00f8nland.\" \/>\n<meta property=\"og:url\" content=\"https:\/\/guidetogreenland.com\/da\/reserver-ferie-rejser\/uunartoq-varmekilder-qaqortoq-sydgronland\/\" \/>\n<meta property=\"og:site_name\" content=\"Guide to Greenland\" \/>\n<meta property=\"article:modified_time\" content=\"2021-03-15T03:32:18+00:00\" \/>\n<meta property=\"og:image\" content=\"https:\/\/guidetogreenland.com\/wp-content\/uploads\/2020\/05\/uunartoq-hot-springs-private-tour-qaqortoq-south-greenland-Guide-to-Greenland7.jpeg\" \/>\n\t<meta property=\"og:image:width\" content=\"2073\" \/>\n\t<meta property=\"og:image:height\" content=\"1382\" \/>\n\t<meta property=\"og:image:type\" content=\"image\/jpeg\" \/>\n<meta name=\"twitter:card\" content=\"summary_large_image\" \/>\n<meta name=\"twitter:label1\" content=\"Estimeret l\u00e6setid\" \/>\n\t<meta name=\"twitter:data1\" content=\"2 minutter\" \/>\n<script type=\"application\/ld+json\" class=\"yoast-schema-graph\">{\"@context\":\"https:\/\/schema.org\",\"@graph\":[{\"@type\":\"WebPage\",\"@id\":\"https:\/\/guidetogreenland.com\/da\/reserver-ferie-rejser\/uunartoq-varmekilder-qaqortoq-sydgronland\/\",\"url\":\"https:\/\/guidetogreenland.com\/da\/reserver-ferie-rejser\/uunartoq-varmekilder-qaqortoq-sydgronland\/\",\"name\":\"Uunartoq Varmekilder | Qaqortoq | Sydgr\u00f8nland | Guide to Greenland\",\"isPartOf\":{\"@id\":\"https:\/\/guidetogreenland.com\/da\/#website\"},\"primaryImageOfPage\":{\"@id\":\"https:\/\/guidetogreenland.com\/da\/reserver-ferie-rejser\/uunartoq-varmekilder-qaqortoq-sydgronland\/#primaryimage\"},\"image\":{\"@id\":\"https:\/\/guidetogreenland.com\/da\/reserver-ferie-rejser\/uunartoq-varmekilder-qaqortoq-sydgronland\/#primaryimage\"},\"thumbnailUrl\":\"https:\/\/guidetogreenland.com\/wp-content\/uploads\/2020\/06\/Uunartoq-hot-pool-between-Qaqortoq-and-Nanortalik-in-South-Greenland-summer-Guide-to-Greenland-2-scaled.jpg\",\"datePublished\":\"2020-06-09T17:44:31+00:00\",\"dateModified\":\"2021-03-15T03:32:18+00:00\",\"description\":\"Rejs til Gr\u00f8nland for at se den fantastiske natur og vilde dyr og kombiner din tur med wellness og bes\u00f8g de varme kilder i Sydgr\u00f8nland.\",\"breadcrumb\":{\"@id\":\"https:\/\/guidetogreenland.com\/da\/reserver-ferie-rejser\/uunartoq-varmekilder-qaqortoq-sydgronland\/#breadcrumb\"},\"inLanguage\":\"da-DK\",\"potentialAction\":[{\"@type\":\"ReadAction\",\"target\":[\"https:\/\/guidetogreenland.com\/da\/reserver-ferie-rejser\/uunartoq-varmekilder-qaqortoq-sydgronland\/\"]}]},{\"@type\":\"ImageObject\",\"inLanguage\":\"da-DK\",\"@id\":\"https:\/\/guidetogreenland.com\/da\/reserver-ferie-rejser\/uunartoq-varmekilder-qaqortoq-sydgronland\/#primaryimage\",\"url\":\"https:\/\/guidetogreenland.com\/wp-content\/uploads\/2020\/06\/Uunartoq-hot-pool-between-Qaqortoq-and-Nanortalik-in-South-Greenland-summer-Guide-to-Greenland-2-scaled.jpg\",\"contentUrl\":\"https:\/\/guidetogreenland.com\/wp-content\/uploads\/2020\/06\/Uunartoq-hot-pool-between-Qaqortoq-and-Nanortalik-in-South-Greenland-summer-Guide-to-Greenland-2-scaled.jpg\",\"width\":2560,\"height\":1707},{\"@type\":\"BreadcrumbList\",\"@id\":\"https:\/\/guidetogreenland.com\/da\/reserver-ferie-rejser\/uunartoq-varmekilder-qaqortoq-sydgronland\/#breadcrumb\",\"itemListElement\":[{\"@type\":\"ListItem\",\"position\":1,\"name\":\"Home\",\"item\":\"https:\/\/guidetogreenland.com\/da\/\"},{\"@type\":\"ListItem\",\"position\":2,\"name\":\"Se alle ture\",\"item\":\"https:\/\/guidetogreenland.com\/da\/reserver-ferie-rejser\/\"},{\"@type\":\"ListItem\",\"position\":3,\"name\":\"Uunartoq Varmekilder | Qaqortoq | Sydgr\u00f8nland\"}]},{\"@type\":\"WebSite\",\"@id\":\"https:\/\/guidetogreenland.com\/da\/#website\",\"url\":\"https:\/\/guidetogreenland.com\/da\/\",\"name\":\"Guide to Greenland\",\"description\":\"Largest selection of tours in Greenland\",\"potentialAction\":[{\"@type\":\"SearchAction\",\"target\":{\"@type\":\"EntryPoint\",\"urlTemplate\":\"https:\/\/guidetogreenland.com\/da\/?s={search_term_string}\"},\"query-input\":{\"@type\":\"PropertyValueSpecification\",\"valueRequired\":true,\"valueName\":\"search_term_string\"}}],\"inLanguage\":\"da-DK\"}]}<\/script>\n<!-- \/ Yoast SEO plugin. -->","yoast_head_json":{"title":"Uunartoq Varmekilder | Qaqortoq | Sydgr\u00f8nland | Guide to Greenland","description":"Rejs til Gr\u00f8nland for at se den fantastiske natur og vilde dyr og kombiner din tur med wellness og bes\u00f8g de varme kilder i Sydgr\u00f8nland.","robots":{"index":"index","follow":"follow","max-snippet":"max-snippet:-1","max-image-preview":"max-image-preview:large","max-video-preview":"max-video-preview:-1"},"canonical":"https:\/\/guidetogreenland.com\/da\/reserver-ferie-rejser\/uunartoq-varmekilder-qaqortoq-sydgronland\/","og_locale":"da_DK","og_type":"article","og_title":"Uunartoq Varmekilder | Qaqortoq | Sydgr\u00f8nland | Guide to Greenland","og_description":"Rejs til Gr\u00f8nland for at se den fantastiske natur og vilde dyr og kombiner din tur med wellness og bes\u00f8g de varme kilder i Sydgr\u00f8nland.","og_url":"https:\/\/guidetogreenland.com\/da\/reserver-ferie-rejser\/uunartoq-varmekilder-qaqortoq-sydgronland\/","og_site_name":"Guide to Greenland","article_modified_time":"2021-03-15T03:32:18+00:00","og_image":[{"width":2073,"height":1382,"url":"https:\/\/guidetogreenland.com\/wp-content\/uploads\/2020\/05\/uunartoq-hot-springs-private-tour-qaqortoq-south-greenland-Guide-to-Greenland7.jpeg","type":"image\/jpeg"}],"twitter_card":"summary_large_image","twitter_misc":{"Estimeret l\u00e6setid":"2 minutter"},"schema":{"@context":"https:\/\/schema.org","@graph":[{"@type":"WebPage","@id":"https:\/\/guidetogreenland.com\/da\/reserver-ferie-rejser\/uunartoq-varmekilder-qaqortoq-sydgronland\/","url":"https:\/\/guidetogreenland.com\/da\/reserver-ferie-rejser\/uunartoq-varmekilder-qaqortoq-sydgronland\/","name":"Uunartoq Varmekilder | Qaqortoq | Sydgr\u00f8nland | Guide to Greenland","isPartOf":{"@id":"https:\/\/guidetogreenland.com\/da\/#website"},"primaryImageOfPage":{"@id":"https:\/\/guidetogreenland.com\/da\/reserver-ferie-rejser\/uunartoq-varmekilder-qaqortoq-sydgronland\/#primaryimage"},"image":{"@id":"https:\/\/guidetogreenland.com\/da\/reserver-ferie-rejser\/uunartoq-varmekilder-qaqortoq-sydgronland\/#primaryimage"},"thumbnailUrl":"https:\/\/guidetogreenland.com\/wp-content\/uploads\/2020\/06\/Uunartoq-hot-pool-between-Qaqortoq-and-Nanortalik-in-South-Greenland-summer-Guide-to-Greenland-2-scaled.jpg","datePublished":"2020-06-09T17:44:31+00:00","dateModified":"2021-03-15T03:32:18+00:00","description":"Rejs til Gr\u00f8nland for at se den fantastiske natur og vilde dyr og kombiner din tur med wellness og bes\u00f8g de varme kilder i Sydgr\u00f8nland.","breadcrumb":{"@id":"https:\/\/guidetogreenland.com\/da\/reserver-ferie-rejser\/uunartoq-varmekilder-qaqortoq-sydgronland\/#breadcrumb"},"inLanguage":"da-DK","potentialAction":[{"@type":"ReadAction","target":["https:\/\/guidetogreenland.com\/da\/reserver-ferie-rejser\/uunartoq-varmekilder-qaqortoq-sydgronland\/"]}]},{"@type":"ImageObject","inLanguage":"da-DK","@id":"https:\/\/guidetogreenland.com\/da\/reserver-ferie-rejser\/uunartoq-varmekilder-qaqortoq-sydgronland\/#primaryimage","url":"https:\/\/guidetogreenland.com\/wp-content\/uploads\/2020\/06\/Uunartoq-hot-pool-between-Qaqortoq-and-Nanortalik-in-South-Greenland-summer-Guide-to-Greenland-2-scaled.jpg","contentUrl":"https:\/\/guidetogreenland.com\/wp-content\/uploads\/2020\/06\/Uunartoq-hot-pool-between-Qaqortoq-and-Nanortalik-in-South-Greenland-summer-Guide-to-Greenland-2-scaled.jpg","width":2560,"height":1707},{"@type":"BreadcrumbList","@id":"https:\/\/guidetogreenland.com\/da\/reserver-ferie-rejser\/uunartoq-varmekilder-qaqortoq-sydgronland\/#breadcrumb","itemListElement":[{"@type":"ListItem","position":1,"name":"Home","item":"https:\/\/guidetogreenland.com\/da\/"},{"@type":"ListItem","position":2,"name":"Se alle ture","item":"https:\/\/guidetogreenland.com\/da\/reserver-ferie-rejser\/"},{"@type":"ListItem","position":3,"name":"Uunartoq Varmekilder | Qaqortoq | Sydgr\u00f8nland"}]},{"@type":"WebSite","@id":"https:\/\/guidetogreenland.com\/da\/#website","url":"https:\/\/guidetogreenland.com\/da\/","name":"Guide to Greenland","description":"Largest selection of tours in Greenland","potentialAction":[{"@type":"SearchAction","target":{"@type":"EntryPoint","urlTemplate":"https:\/\/guidetogreenland.com\/da\/?s={search_term_string}"},"query-input":{"@type":"PropertyValueSpecification","valueRequired":true,"valueName":"search_term_string"}}],"inLanguage":"da-DK"}]}},"_links":{"self":[{"href":"https:\/\/guidetogreenland.com\/da\/wp-json\/wp\/v2\/product\/16635","targetHints":{"allow":["GET"]}}],"collection":[{"href":"https:\/\/guidetogreenland.com\/da\/wp-json\/wp\/v2\/product"}],"about":[{"href":"https:\/\/guidetogreenland.com\/da\/wp-json\/wp\/v2\/types\/product"}],"replies":[{"embeddable":true,"href":"https:\/\/guidetogreenland.com\/da\/wp-json\/wp\/v2\/comments?post=16635"}],"wp:featuredmedia":[{"embeddable":true,"href":"https:\/\/guidetogreenland.com\/da\/wp-json\/wp\/v2\/media\/12746"}],"wp:attachment":[{"href":"https:\/\/guidetogreenland.com\/da\/wp-json\/wp\/v2\/media?parent=16635"}],"wp:term":[{"taxonomy":"product_brand","embeddable":true,"href":"https:\/\/guidetogreenland.com\/da\/wp-json\/wp\/v2\/product_brand?post=16635"},{"taxonomy":"product_cat","embeddable":true,"href":"https:\/\/guidetogreenland.com\/da\/wp-json\/wp\/v2\/product_cat?post=16635"},{"taxonomy":"product_tag","embeddable":true,"href":"https:\/\/guidetogreenland.com\/da\/wp-json\/wp\/v2\/product_tag?post=16635"}],"curies":[{"name":"wp","href":"https:\/\/api.w.org\/{rel}","templated":true}]}}