{"id":16644,"date":"2020-07-06T17:46:56","date_gmt":"2020-07-06T17:46:56","guid":{"rendered":"https:\/\/guidetogreenland.com\/book-trips-holiday\/uunartoq-hot-spring-adventure-nanortalik-south-greenland\/"},"modified":"2026-02-26T17:00:29","modified_gmt":"2026-02-26T20:00:29","slug":"uunartoq-hot-spring-adventure-nanortalik-south-greenland","status":"publish","type":"product","link":"https:\/\/guidetogreenland.com\/da\/reserver-ferie-rejser\/uunartoq-varme-kilder-eventyr-nanortalik-sydgronland\/","title":{"rendered":"Uunartoq Varme kilder Eventyr | Nanortalik | Sydgr\u00f8nland"},"content":{"rendered":"<p class=\"x-18pep25\">Kom med p\u00e5 dette eventyr og oplev velv\u00e6re p\u00e5 gr\u00f8nlandsk man\u00e9r! Dette er den perfekte m\u00e5de at kombinere naturoplevelser p\u00e5. Du vil opleve at sejle i det gr\u00f8nlandske farvand ved Nanortalik og f\u00f8le den n\u00e6rende varme n\u00e5r du s\u00e6tter dig i varmekilden i Uunartoq.<\/p>\n<p class=\"e1imf5dp0 x-jm2771\">Dit eventyr starter ved Nanortalik havn, hvor du og dine medrejsende vil m\u00f8de b\u00e5dens kaptajn, komme ombord og sejle ud af havnen. Du vil sejle ud fra Nanortalik&#8217;s r\u00e5, n\u00f8gne og stejle bjerge og ind i det frugtbare og gr\u00f8nne landskab, som Sydgr\u00f8nland er kendt for. Husk at holde \u00f8jnene \u00e5bne p\u00e5 turen, da du kan v\u00e6re heldig at blive hilset vel<span class=\"x-12abj6v e1uuu2lt3\">kommen af pukkelhvaler, der leger mellem de blide b\u00f8lger.<\/span><\/p>\n<p class=\"e1imf5dp0 x-jm2771\"><span class=\"x-12abj6v e1uuu2lt3\">Du kan st\u00e5 p\u00e5 d\u00e6kket og nyde den friske arktiske luft eller sidde i den varme salon og nyde panoramaudsigten over fjorden og det smukke landskab.<\/span><\/p>\n<p class=\"e1imf5dp0 x-jm2771\"><span class=\"x-12abj6v e1uuu2lt3\">Efter en times sejlads vil du ankomme til Uunartoq \u00f8en, der ligger ensomt mellem de spektakul\u00e6re bjerge. Varmekilderne siges at have v\u00e6ret brugt af nordboerne til at hele krigs-s\u00e5r og sygdom. Der har aldrig boet mennesker p\u00e5 \u00f8en, da de gamle inuit historier siger, at \u00f8en er hjems\u00f8gt og at sp\u00f8gelser vil komme frem, n\u00e5r t\u00e5gen l\u00e6gger sig i omr\u00e5det. I dag er \u00f8en kun hjems\u00f8gt af sin sk\u00f8nhed.<\/span><\/p>\n<p class=\"e1imf5dp0 x-jm2771\"><span class=\"x-12abj6v e1uuu2lt3\">P\u00e5 land er der en lille sti, der leder til varmekilden. Skift til badet\u00f8j og hop i vandet. Sid i det varme livsgivende vand og nyd udsigten over fjorden, hvor du vil se isbjergene flyde stille forbi p\u00e5 deres rejse mod det store hav. Hvis du \u00f8nsker det, kan du medbringe noget koldt og brusende at nyde i varmekilden &#8211; champagne, sodavand eller noget andet efter din smag.<\/span><\/p>\n<p class=\"e1imf5dp0 x-jm2771\"><span class=\"x-12abj6v e1uuu2lt3\">Pak dit badet\u00f8j og kom med p\u00e5 denne tur pakket med velv\u00e6re, mystik og natur! Se tilg\u00e6ngeligheden ved at trykke p\u00e5 &#8216;V\u00e6lg en dag&#8217; ovenover og bestil din tur i dag.<\/span><\/p>\n","protected":false},"excerpt":{"rendered":"Kom med p\u00e5 dette eventyr og oplev velv\u00e6re p\u00e5 gr\u00f8nlandsk man\u00e9r! Dette er den perfekte m\u00e5de at kombinere naturoplevelser p\u00e5. Du vil opleve at sejle i det gr\u00f8nlandske farvand ved Nanortalik og f\u00f8le den n\u00e6rende varme n\u00e5r du s\u00e6tter dig i varmekilden i Uunartoq. Dit eventyr starter ved Nanortalik havn, hvor du og dine medrejsende&#8230;","protected":false},"featured_media":16646,"comment_status":"open","ping_status":"closed","template":"","meta":[],"product_brand":[],"product_cat":[594,621,612,632,615],"product_tag":[927],"class_list":{"0":"post-16644","1":"product","2":"type-product","3":"status-publish","4":"has-post-thumbnail","6":"product_cat-baadture","7":"product_cat-charterture","8":"product_cat-natur-og-dyreliv-i-groenland","9":"product_cat-sydgroenland","10":"product_cat-ture-til-varme-kilder","11":"product_tag-nanortalik-da","12":"pa_activities-baadtur","13":"pa_activities-hot-spring-bathing-da","14":"pa_attractions-uunartoq-hot-springs-da","15":"pa_destinations-nanortalik","16":"pa_difficulty-let","17":"pa_duration-4-timer","18":"pa_tour-type-dagsture","19":"yith_shop_vendor-tasermiut-camp-da","21":"first","22":"instock","23":"virtual","24":"sold-individually","25":"purchasable","26":"product-type-booking"},"acf":[],"yoast_head":"<!-- This site is optimized with the Yoast SEO plugin v25.6 - https:\/\/yoast.com\/wordpress\/plugins\/seo\/ -->\n<title>Uunartoq Varme kilder Eventyr | Nanortalik | Sydgr\u00f8nland | Guide to Greenland<\/title>\n<meta name=\"description\" content=\"Arktiske varme kilder venter p\u00e5 dig. Rejs til Sydgr\u00f8nland, oplev hvalsafari og isbjerge, mens du bader!\" \/>\n<meta name=\"robots\" content=\"index, follow, max-snippet:-1, max-image-preview:large, max-video-preview:-1\" \/>\n<link rel=\"canonical\" href=\"https:\/\/guidetogreenland.com\/da\/reserver-ferie-rejser\/uunartoq-varme-kilder-eventyr-nanortalik-sydgronland\/\" \/>\n<meta property=\"og:locale\" content=\"da_DK\" \/>\n<meta property=\"og:type\" content=\"article\" \/>\n<meta property=\"og:title\" content=\"Uunartoq Varme kilder Eventyr | Nanortalik | Sydgr\u00f8nland | Guide to Greenland\" \/>\n<meta property=\"og:description\" content=\"Arktiske varme kilder venter p\u00e5 dig. Rejs til Sydgr\u00f8nland, oplev hvalsafari og isbjerge, mens du bader!\" \/>\n<meta property=\"og:url\" content=\"https:\/\/guidetogreenland.com\/da\/reserver-ferie-rejser\/uunartoq-varme-kilder-eventyr-nanortalik-sydgronland\/\" \/>\n<meta property=\"og:site_name\" content=\"Guide to Greenland\" \/>\n<meta property=\"article:modified_time\" content=\"2026-02-26T20:00:29+00:00\" \/>\n<meta property=\"og:image\" content=\"https:\/\/guidetogreenland.com\/wp-content\/uploads\/2020\/05\/uunartoq-hot-spring-adventure-nanortalik-south-greenland-Guide-to-Greenland9.jpg\" \/>\n\t<meta property=\"og:image:width\" content=\"1753\" \/>\n\t<meta property=\"og:image:height\" content=\"1185\" \/>\n\t<meta property=\"og:image:type\" content=\"image\/jpeg\" \/>\n<meta name=\"twitter:card\" content=\"summary_large_image\" \/>\n<meta name=\"twitter:label1\" content=\"Estimeret l\u00e6setid\" \/>\n\t<meta name=\"twitter:data1\" content=\"2 minutter\" \/>\n<script type=\"application\/ld+json\" class=\"yoast-schema-graph\">{\"@context\":\"https:\/\/schema.org\",\"@graph\":[{\"@type\":\"WebPage\",\"@id\":\"https:\/\/guidetogreenland.com\/da\/reserver-ferie-rejser\/uunartoq-varme-kilder-eventyr-nanortalik-sydgronland\/\",\"url\":\"https:\/\/guidetogreenland.com\/da\/reserver-ferie-rejser\/uunartoq-varme-kilder-eventyr-nanortalik-sydgronland\/\",\"name\":\"Uunartoq Varme kilder Eventyr | Nanortalik | Sydgr\u00f8nland | Guide to Greenland\",\"isPartOf\":{\"@id\":\"https:\/\/guidetogreenland.com\/da\/#website\"},\"primaryImageOfPage\":{\"@id\":\"https:\/\/guidetogreenland.com\/da\/reserver-ferie-rejser\/uunartoq-varme-kilder-eventyr-nanortalik-sydgronland\/#primaryimage\"},\"image\":{\"@id\":\"https:\/\/guidetogreenland.com\/da\/reserver-ferie-rejser\/uunartoq-varme-kilder-eventyr-nanortalik-sydgronland\/#primaryimage\"},\"thumbnailUrl\":\"https:\/\/guidetogreenland.com\/wp-content\/uploads\/2020\/05\/uunartoq-hot-spring-adventure-nanortalik-south-greenland-Guide-to-Greenland9.jpg\",\"datePublished\":\"2020-07-06T17:46:56+00:00\",\"dateModified\":\"2026-02-26T20:00:29+00:00\",\"description\":\"Arktiske varme kilder venter p\u00e5 dig. Rejs til Sydgr\u00f8nland, oplev hvalsafari og isbjerge, mens du bader!\",\"breadcrumb\":{\"@id\":\"https:\/\/guidetogreenland.com\/da\/reserver-ferie-rejser\/uunartoq-varme-kilder-eventyr-nanortalik-sydgronland\/#breadcrumb\"},\"inLanguage\":\"da-DK\",\"potentialAction\":[{\"@type\":\"ReadAction\",\"target\":[\"https:\/\/guidetogreenland.com\/da\/reserver-ferie-rejser\/uunartoq-varme-kilder-eventyr-nanortalik-sydgronland\/\"]}]},{\"@type\":\"ImageObject\",\"inLanguage\":\"da-DK\",\"@id\":\"https:\/\/guidetogreenland.com\/da\/reserver-ferie-rejser\/uunartoq-varme-kilder-eventyr-nanortalik-sydgronland\/#primaryimage\",\"url\":\"https:\/\/guidetogreenland.com\/wp-content\/uploads\/2020\/05\/uunartoq-hot-spring-adventure-nanortalik-south-greenland-Guide-to-Greenland9.jpg\",\"contentUrl\":\"https:\/\/guidetogreenland.com\/wp-content\/uploads\/2020\/05\/uunartoq-hot-spring-adventure-nanortalik-south-greenland-Guide-to-Greenland9.jpg\",\"width\":1753,\"height\":1185},{\"@type\":\"BreadcrumbList\",\"@id\":\"https:\/\/guidetogreenland.com\/da\/reserver-ferie-rejser\/uunartoq-varme-kilder-eventyr-nanortalik-sydgronland\/#breadcrumb\",\"itemListElement\":[{\"@type\":\"ListItem\",\"position\":1,\"name\":\"Home\",\"item\":\"https:\/\/guidetogreenland.com\/da\/\"},{\"@type\":\"ListItem\",\"position\":2,\"name\":\"Se alle ture\",\"item\":\"https:\/\/guidetogreenland.com\/da\/reserver-ferie-rejser\/\"},{\"@type\":\"ListItem\",\"position\":3,\"name\":\"Uunartoq Varme kilder Eventyr | Nanortalik | Sydgr\u00f8nland\"}]},{\"@type\":\"WebSite\",\"@id\":\"https:\/\/guidetogreenland.com\/da\/#website\",\"url\":\"https:\/\/guidetogreenland.com\/da\/\",\"name\":\"Guide to Greenland\",\"description\":\"Largest selection of tours in Greenland\",\"potentialAction\":[{\"@type\":\"SearchAction\",\"target\":{\"@type\":\"EntryPoint\",\"urlTemplate\":\"https:\/\/guidetogreenland.com\/da\/?s={search_term_string}\"},\"query-input\":{\"@type\":\"PropertyValueSpecification\",\"valueRequired\":true,\"valueName\":\"search_term_string\"}}],\"inLanguage\":\"da-DK\"}]}<\/script>\n<!-- \/ Yoast SEO plugin. -->","yoast_head_json":{"title":"Uunartoq Varme kilder Eventyr | Nanortalik | Sydgr\u00f8nland | Guide to Greenland","description":"Arktiske varme kilder venter p\u00e5 dig. Rejs til Sydgr\u00f8nland, oplev hvalsafari og isbjerge, mens du bader!","robots":{"index":"index","follow":"follow","max-snippet":"max-snippet:-1","max-image-preview":"max-image-preview:large","max-video-preview":"max-video-preview:-1"},"canonical":"https:\/\/guidetogreenland.com\/da\/reserver-ferie-rejser\/uunartoq-varme-kilder-eventyr-nanortalik-sydgronland\/","og_locale":"da_DK","og_type":"article","og_title":"Uunartoq Varme kilder Eventyr | Nanortalik | Sydgr\u00f8nland | Guide to Greenland","og_description":"Arktiske varme kilder venter p\u00e5 dig. Rejs til Sydgr\u00f8nland, oplev hvalsafari og isbjerge, mens du bader!","og_url":"https:\/\/guidetogreenland.com\/da\/reserver-ferie-rejser\/uunartoq-varme-kilder-eventyr-nanortalik-sydgronland\/","og_site_name":"Guide to Greenland","article_modified_time":"2026-02-26T20:00:29+00:00","og_image":[{"width":1753,"height":1185,"url":"https:\/\/guidetogreenland.com\/wp-content\/uploads\/2020\/05\/uunartoq-hot-spring-adventure-nanortalik-south-greenland-Guide-to-Greenland9.jpg","type":"image\/jpeg"}],"twitter_card":"summary_large_image","twitter_misc":{"Estimeret l\u00e6setid":"2 minutter"},"schema":{"@context":"https:\/\/schema.org","@graph":[{"@type":"WebPage","@id":"https:\/\/guidetogreenland.com\/da\/reserver-ferie-rejser\/uunartoq-varme-kilder-eventyr-nanortalik-sydgronland\/","url":"https:\/\/guidetogreenland.com\/da\/reserver-ferie-rejser\/uunartoq-varme-kilder-eventyr-nanortalik-sydgronland\/","name":"Uunartoq Varme kilder Eventyr | Nanortalik | Sydgr\u00f8nland | Guide to Greenland","isPartOf":{"@id":"https:\/\/guidetogreenland.com\/da\/#website"},"primaryImageOfPage":{"@id":"https:\/\/guidetogreenland.com\/da\/reserver-ferie-rejser\/uunartoq-varme-kilder-eventyr-nanortalik-sydgronland\/#primaryimage"},"image":{"@id":"https:\/\/guidetogreenland.com\/da\/reserver-ferie-rejser\/uunartoq-varme-kilder-eventyr-nanortalik-sydgronland\/#primaryimage"},"thumbnailUrl":"https:\/\/guidetogreenland.com\/wp-content\/uploads\/2020\/05\/uunartoq-hot-spring-adventure-nanortalik-south-greenland-Guide-to-Greenland9.jpg","datePublished":"2020-07-06T17:46:56+00:00","dateModified":"2026-02-26T20:00:29+00:00","description":"Arktiske varme kilder venter p\u00e5 dig. Rejs til Sydgr\u00f8nland, oplev hvalsafari og isbjerge, mens du bader!","breadcrumb":{"@id":"https:\/\/guidetogreenland.com\/da\/reserver-ferie-rejser\/uunartoq-varme-kilder-eventyr-nanortalik-sydgronland\/#breadcrumb"},"inLanguage":"da-DK","potentialAction":[{"@type":"ReadAction","target":["https:\/\/guidetogreenland.com\/da\/reserver-ferie-rejser\/uunartoq-varme-kilder-eventyr-nanortalik-sydgronland\/"]}]},{"@type":"ImageObject","inLanguage":"da-DK","@id":"https:\/\/guidetogreenland.com\/da\/reserver-ferie-rejser\/uunartoq-varme-kilder-eventyr-nanortalik-sydgronland\/#primaryimage","url":"https:\/\/guidetogreenland.com\/wp-content\/uploads\/2020\/05\/uunartoq-hot-spring-adventure-nanortalik-south-greenland-Guide-to-Greenland9.jpg","contentUrl":"https:\/\/guidetogreenland.com\/wp-content\/uploads\/2020\/05\/uunartoq-hot-spring-adventure-nanortalik-south-greenland-Guide-to-Greenland9.jpg","width":1753,"height":1185},{"@type":"BreadcrumbList","@id":"https:\/\/guidetogreenland.com\/da\/reserver-ferie-rejser\/uunartoq-varme-kilder-eventyr-nanortalik-sydgronland\/#breadcrumb","itemListElement":[{"@type":"ListItem","position":1,"name":"Home","item":"https:\/\/guidetogreenland.com\/da\/"},{"@type":"ListItem","position":2,"name":"Se alle ture","item":"https:\/\/guidetogreenland.com\/da\/reserver-ferie-rejser\/"},{"@type":"ListItem","position":3,"name":"Uunartoq Varme kilder Eventyr | Nanortalik | Sydgr\u00f8nland"}]},{"@type":"WebSite","@id":"https:\/\/guidetogreenland.com\/da\/#website","url":"https:\/\/guidetogreenland.com\/da\/","name":"Guide to Greenland","description":"Largest selection of tours in Greenland","potentialAction":[{"@type":"SearchAction","target":{"@type":"EntryPoint","urlTemplate":"https:\/\/guidetogreenland.com\/da\/?s={search_term_string}"},"query-input":{"@type":"PropertyValueSpecification","valueRequired":true,"valueName":"search_term_string"}}],"inLanguage":"da-DK"}]}},"_links":{"self":[{"href":"https:\/\/guidetogreenland.com\/da\/wp-json\/wp\/v2\/product\/16644","targetHints":{"allow":["GET"]}}],"collection":[{"href":"https:\/\/guidetogreenland.com\/da\/wp-json\/wp\/v2\/product"}],"about":[{"href":"https:\/\/guidetogreenland.com\/da\/wp-json\/wp\/v2\/types\/product"}],"replies":[{"embeddable":true,"href":"https:\/\/guidetogreenland.com\/da\/wp-json\/wp\/v2\/comments?post=16644"}],"wp:featuredmedia":[{"embeddable":true,"href":"https:\/\/guidetogreenland.com\/da\/wp-json\/wp\/v2\/media\/16646"}],"wp:attachment":[{"href":"https:\/\/guidetogreenland.com\/da\/wp-json\/wp\/v2\/media?parent=16644"}],"wp:term":[{"taxonomy":"product_brand","embeddable":true,"href":"https:\/\/guidetogreenland.com\/da\/wp-json\/wp\/v2\/product_brand?post=16644"},{"taxonomy":"product_cat","embeddable":true,"href":"https:\/\/guidetogreenland.com\/da\/wp-json\/wp\/v2\/product_cat?post=16644"},{"taxonomy":"product_tag","embeddable":true,"href":"https:\/\/guidetogreenland.com\/da\/wp-json\/wp\/v2\/product_tag?post=16644"}],"curies":[{"name":"wp","href":"https:\/\/api.w.org\/{rel}","templated":true}]}}