{"id":16655,"date":"2020-06-11T12:06:52","date_gmt":"2020-06-11T12:06:52","guid":{"rendered":"https:\/\/guidetogreenland.com\/book-trips-holiday\/unesco-package-south-greenland\/"},"modified":"2021-03-15T23:34:40","modified_gmt":"2021-03-15T23:34:40","slug":"unesco-package-south-greenland","status":"publish","type":"product","link":"https:\/\/guidetogreenland.com\/da\/reserver-ferie-rejser\/unesco-pakke-syd-gronland\/","title":{"rendered":"UNESCO Pakke | Syd Gr\u00f8nland"},"content":{"rendered":"<p class=\"x-18pep25\">Se \u00e9t af Gr\u00f8nlands mest charmerende sider, Sydgr\u00f8nland. I Sydgr\u00f8nland er der 5 specifikke steder som er blevet optaget p\u00e5 UNESCOs verdensarvsliste, Disse steder repr\u00e6senterer den unikke arktiske landbrugshistorie som er startet af Nordboerne der bosatte sig i Gr\u00f8nland i 900-tallet. P\u00e5 denne tur har du mulighed for at se 3 af stederne p\u00e5 UNESCO\u2019s liste: Hvals\u00f8, som har den bedst bevarede Nordbo kirke &#8211; Igaliku, som er en meget familievenlig f\u00e5reholder bygd og Qassiarsuk, en bygd hvis omr\u00e5de er id\u00e9el til vandreture.<\/p>\n<p class=\"e1imf5dp0 x-jm2771\">Derudover kommer i til Qaqortoq, som er den st\u00f8rste by i Sydgr\u00f8nland. Byen er pyn<span class=\"x-12abj6v e1uuu2lt3\">tet med den permanente udstilling \u201cSten og Menneske\u201d, som best\u00e5r af over 30 kunstneriske skulpturer overalt i byen. Kunstv\u00e6rkerne er lavet af 18 nordiske kunstnere, og mange af skulpturer er lavet direkte ud af grundfjeldet og klipper, meget permanent! Qaqortoq er rig p\u00e5 traditioner, kultur og historier. Man kan eventuelt bes\u00f8ge Great Greenland, som er et sted hvor s\u00e6lskind bliver bearbejdet til flotte luffer eller tasker (osv.) b\u00e5de til m\u00e6nd og til kvinder. I bymidten finder man landets eneste springvand lige ved siden af lokalmuseet, som har en sp\u00e6ndende samling af tupilakker og andre ting.<\/span><\/p>\n<p class=\"e1imf5dp0 x-jm2771\"><span class=\"x-12abj6v e1uuu2lt3\">P\u00e5 denne 4 dages tur vil du kunne opleve charmen af den sydlige del af Gr\u00f8nland. Dit f\u00f8rste m\u00f8de med syden vil v\u00e6re Narsarsuaq og i vil med det samme komme i m\u00f8de med den smukke og farverige natur under sejlturen til Qaqortoq, som vil vare omkring 2 timer, hvor man sejler blandt isbjerge og kan v\u00e6re s\u00e5 heldig at se s\u00e6ler eller hvaler. Dagen efter g\u00e5r turen videre til den f\u00f8rste af UNESCO\u2019s liste, kirkeruinen Hvals\u00f8. F\u00f8r i sejler tilbage til Qaqortoq f\u00e5r i masser af tid til at g\u00e5 rundt og nyde naturen. Nydelsen af at v\u00e6re ude i naturen er kun lige startet her, det n\u00e6ste dage kommer ogs\u00e5 til at v\u00e6re udend\u00f8rs hvor i sejler og g\u00e5r p\u00e5 opdagelse efter flere nordboruiner.<\/span><\/p>\n<p class=\"e1imf5dp0 x-jm2771\"><span class=\"x-12abj6v e1uuu2lt3\">Vi har arrangeret et helt unikt program for dig, s\u00e5 hvad venter du p\u00e5? Tjek dine muligheder ved at trykke p\u00e5 \u2018v\u00e6lg en dato\u2019 ovenfor.<\/span><\/p>\n","protected":false},"excerpt":{"rendered":"Se \u00e9t af Gr\u00f8nlands mest charmerende sider, Sydgr\u00f8nland. I Sydgr\u00f8nland er der 5 specifikke steder som er blevet optaget p\u00e5 UNESCOs verdensarvsliste, Disse steder repr\u00e6senterer den unikke arktiske landbrugshistorie som er startet af Nordboerne der bosatte sig i Gr\u00f8nland i 900-tallet. P\u00e5 denne tur har du mulighed for at se 3 af stederne p\u00e5 UNESCO\u2019s&#8230;","protected":false},"featured_media":16656,"comment_status":"open","ping_status":"closed","template":"","meta":[],"product_brand":[],"product_cat":[594,624,612,635,640,632,625],"product_tag":[929,932],"class_list":{"0":"post-16655","1":"product","2":"type-product","3":"status-publish","4":"has-post-thumbnail","6":"product_cat-baadture","7":"product_cat-historiske-ture","8":"product_cat-natur-og-dyreliv-i-groenland","9":"product_cat-pakkerejser","10":"product_cat-sommerrejser","11":"product_cat-sydgroenland","12":"product_cat-ture-til-verdensarv-steder-i-groenland","13":"product_tag-narsarsuaq-da","14":"product_tag-qaqortoq-da","15":"pa_activities-baadtur","16":"pa_activities-bygdebesoeg","17":"pa_activities-unesco-omraade","18":"pa_attractions-igaliku","19":"pa_attractions-qassiarsuk","20":"pa_available-month-juni","21":"pa_available-month-juli","22":"pa_available-month-august","23":"pa_available-month-september","24":"pa_destinations-narsarsuaq","25":"pa_destinations-qaqortoq","26":"pa_difficulty-let","27":"pa_duration-4-dage","28":"pa_tour-type-pakkerejser","29":"yith_shop_vendor-tupilak-travel-da","31":"first","32":"instock","33":"virtual","34":"sold-individually","35":"purchasable","36":"product-type-booking"},"acf":[],"yoast_head":"<!-- This site is optimized with the Yoast SEO plugin v25.6 - https:\/\/yoast.com\/wordpress\/plugins\/seo\/ -->\n<title>UNESCO Pakke | Syd Gr\u00f8nland | Guide to Greenland<\/title>\n<meta name=\"robots\" content=\"index, follow, max-snippet:-1, max-image-preview:large, max-video-preview:-1\" \/>\n<link rel=\"canonical\" href=\"https:\/\/guidetogreenland.com\/da\/reserver-ferie-rejser\/unesco-pakke-syd-gronland\/\" \/>\n<meta property=\"og:locale\" content=\"da_DK\" \/>\n<meta property=\"og:type\" content=\"article\" \/>\n<meta property=\"og:title\" content=\"UNESCO Pakke | Syd Gr\u00f8nland | Guide to Greenland\" \/>\n<meta property=\"og:description\" content=\"Se \u00e9t af Gr\u00f8nlands mest charmerende sider, Sydgr\u00f8nland. I Sydgr\u00f8nland er der 5 specifikke steder som er blevet optaget p\u00e5 UNESCOs verdensarvsliste, Disse steder repr\u00e6senterer den unikke arktiske landbrugshistorie som er startet af Nordboerne der bosatte sig i Gr\u00f8nland i 900-tallet. P\u00e5 denne tur har du mulighed for at se 3 af stederne p\u00e5 UNESCO\u2019s...\" \/>\n<meta property=\"og:url\" content=\"https:\/\/guidetogreenland.com\/da\/reserver-ferie-rejser\/unesco-pakke-syd-gronland\/\" \/>\n<meta property=\"og:site_name\" content=\"Guide to Greenland\" \/>\n<meta property=\"article:modified_time\" content=\"2021-03-15T23:34:40+00:00\" \/>\n<meta property=\"og:image\" content=\"https:\/\/guidetogreenland.com\/wp-content\/uploads\/2020\/05\/unesco-package-south-greenland-Guide-to-Greenland1.jpg\" \/>\n\t<meta property=\"og:image:width\" content=\"926\" \/>\n\t<meta property=\"og:image:height\" content=\"618\" \/>\n\t<meta property=\"og:image:type\" content=\"image\/jpeg\" \/>\n<meta name=\"twitter:card\" content=\"summary_large_image\" \/>\n<meta name=\"twitter:label1\" content=\"Estimeret l\u00e6setid\" \/>\n\t<meta name=\"twitter:data1\" content=\"2 minutter\" \/>\n<script type=\"application\/ld+json\" class=\"yoast-schema-graph\">{\"@context\":\"https:\/\/schema.org\",\"@graph\":[{\"@type\":\"WebPage\",\"@id\":\"https:\/\/guidetogreenland.com\/da\/reserver-ferie-rejser\/unesco-pakke-syd-gronland\/\",\"url\":\"https:\/\/guidetogreenland.com\/da\/reserver-ferie-rejser\/unesco-pakke-syd-gronland\/\",\"name\":\"UNESCO Pakke | Syd Gr\u00f8nland | Guide to Greenland\",\"isPartOf\":{\"@id\":\"https:\/\/guidetogreenland.com\/da\/#website\"},\"primaryImageOfPage\":{\"@id\":\"https:\/\/guidetogreenland.com\/da\/reserver-ferie-rejser\/unesco-pakke-syd-gronland\/#primaryimage\"},\"image\":{\"@id\":\"https:\/\/guidetogreenland.com\/da\/reserver-ferie-rejser\/unesco-pakke-syd-gronland\/#primaryimage\"},\"thumbnailUrl\":\"https:\/\/guidetogreenland.com\/wp-content\/uploads\/2020\/05\/unesco-package-south-greenland-Guide-to-Greenland1.jpg\",\"datePublished\":\"2020-06-11T12:06:52+00:00\",\"dateModified\":\"2021-03-15T23:34:40+00:00\",\"breadcrumb\":{\"@id\":\"https:\/\/guidetogreenland.com\/da\/reserver-ferie-rejser\/unesco-pakke-syd-gronland\/#breadcrumb\"},\"inLanguage\":\"da-DK\",\"potentialAction\":[{\"@type\":\"ReadAction\",\"target\":[\"https:\/\/guidetogreenland.com\/da\/reserver-ferie-rejser\/unesco-pakke-syd-gronland\/\"]}]},{\"@type\":\"ImageObject\",\"inLanguage\":\"da-DK\",\"@id\":\"https:\/\/guidetogreenland.com\/da\/reserver-ferie-rejser\/unesco-pakke-syd-gronland\/#primaryimage\",\"url\":\"https:\/\/guidetogreenland.com\/wp-content\/uploads\/2020\/05\/unesco-package-south-greenland-Guide-to-Greenland1.jpg\",\"contentUrl\":\"https:\/\/guidetogreenland.com\/wp-content\/uploads\/2020\/05\/unesco-package-south-greenland-Guide-to-Greenland1.jpg\",\"width\":926,\"height\":618},{\"@type\":\"BreadcrumbList\",\"@id\":\"https:\/\/guidetogreenland.com\/da\/reserver-ferie-rejser\/unesco-pakke-syd-gronland\/#breadcrumb\",\"itemListElement\":[{\"@type\":\"ListItem\",\"position\":1,\"name\":\"Home\",\"item\":\"https:\/\/guidetogreenland.com\/da\/\"},{\"@type\":\"ListItem\",\"position\":2,\"name\":\"Se alle ture\",\"item\":\"https:\/\/guidetogreenland.com\/da\/reserver-ferie-rejser\/\"},{\"@type\":\"ListItem\",\"position\":3,\"name\":\"UNESCO Pakke | Syd Gr\u00f8nland\"}]},{\"@type\":\"WebSite\",\"@id\":\"https:\/\/guidetogreenland.com\/da\/#website\",\"url\":\"https:\/\/guidetogreenland.com\/da\/\",\"name\":\"Guide to Greenland\",\"description\":\"Largest selection of tours in Greenland\",\"potentialAction\":[{\"@type\":\"SearchAction\",\"target\":{\"@type\":\"EntryPoint\",\"urlTemplate\":\"https:\/\/guidetogreenland.com\/da\/?s={search_term_string}\"},\"query-input\":{\"@type\":\"PropertyValueSpecification\",\"valueRequired\":true,\"valueName\":\"search_term_string\"}}],\"inLanguage\":\"da-DK\"}]}<\/script>\n<!-- \/ Yoast SEO plugin. -->","yoast_head_json":{"title":"UNESCO Pakke | Syd Gr\u00f8nland | Guide to Greenland","robots":{"index":"index","follow":"follow","max-snippet":"max-snippet:-1","max-image-preview":"max-image-preview:large","max-video-preview":"max-video-preview:-1"},"canonical":"https:\/\/guidetogreenland.com\/da\/reserver-ferie-rejser\/unesco-pakke-syd-gronland\/","og_locale":"da_DK","og_type":"article","og_title":"UNESCO Pakke | Syd Gr\u00f8nland | Guide to Greenland","og_description":"Se \u00e9t af Gr\u00f8nlands mest charmerende sider, Sydgr\u00f8nland. I Sydgr\u00f8nland er der 5 specifikke steder som er blevet optaget p\u00e5 UNESCOs verdensarvsliste, Disse steder repr\u00e6senterer den unikke arktiske landbrugshistorie som er startet af Nordboerne der bosatte sig i Gr\u00f8nland i 900-tallet. P\u00e5 denne tur har du mulighed for at se 3 af stederne p\u00e5 UNESCO\u2019s...","og_url":"https:\/\/guidetogreenland.com\/da\/reserver-ferie-rejser\/unesco-pakke-syd-gronland\/","og_site_name":"Guide to Greenland","article_modified_time":"2021-03-15T23:34:40+00:00","og_image":[{"width":926,"height":618,"url":"https:\/\/guidetogreenland.com\/wp-content\/uploads\/2020\/05\/unesco-package-south-greenland-Guide-to-Greenland1.jpg","type":"image\/jpeg"}],"twitter_card":"summary_large_image","twitter_misc":{"Estimeret l\u00e6setid":"2 minutter"},"schema":{"@context":"https:\/\/schema.org","@graph":[{"@type":"WebPage","@id":"https:\/\/guidetogreenland.com\/da\/reserver-ferie-rejser\/unesco-pakke-syd-gronland\/","url":"https:\/\/guidetogreenland.com\/da\/reserver-ferie-rejser\/unesco-pakke-syd-gronland\/","name":"UNESCO Pakke | Syd Gr\u00f8nland | Guide to Greenland","isPartOf":{"@id":"https:\/\/guidetogreenland.com\/da\/#website"},"primaryImageOfPage":{"@id":"https:\/\/guidetogreenland.com\/da\/reserver-ferie-rejser\/unesco-pakke-syd-gronland\/#primaryimage"},"image":{"@id":"https:\/\/guidetogreenland.com\/da\/reserver-ferie-rejser\/unesco-pakke-syd-gronland\/#primaryimage"},"thumbnailUrl":"https:\/\/guidetogreenland.com\/wp-content\/uploads\/2020\/05\/unesco-package-south-greenland-Guide-to-Greenland1.jpg","datePublished":"2020-06-11T12:06:52+00:00","dateModified":"2021-03-15T23:34:40+00:00","breadcrumb":{"@id":"https:\/\/guidetogreenland.com\/da\/reserver-ferie-rejser\/unesco-pakke-syd-gronland\/#breadcrumb"},"inLanguage":"da-DK","potentialAction":[{"@type":"ReadAction","target":["https:\/\/guidetogreenland.com\/da\/reserver-ferie-rejser\/unesco-pakke-syd-gronland\/"]}]},{"@type":"ImageObject","inLanguage":"da-DK","@id":"https:\/\/guidetogreenland.com\/da\/reserver-ferie-rejser\/unesco-pakke-syd-gronland\/#primaryimage","url":"https:\/\/guidetogreenland.com\/wp-content\/uploads\/2020\/05\/unesco-package-south-greenland-Guide-to-Greenland1.jpg","contentUrl":"https:\/\/guidetogreenland.com\/wp-content\/uploads\/2020\/05\/unesco-package-south-greenland-Guide-to-Greenland1.jpg","width":926,"height":618},{"@type":"BreadcrumbList","@id":"https:\/\/guidetogreenland.com\/da\/reserver-ferie-rejser\/unesco-pakke-syd-gronland\/#breadcrumb","itemListElement":[{"@type":"ListItem","position":1,"name":"Home","item":"https:\/\/guidetogreenland.com\/da\/"},{"@type":"ListItem","position":2,"name":"Se alle ture","item":"https:\/\/guidetogreenland.com\/da\/reserver-ferie-rejser\/"},{"@type":"ListItem","position":3,"name":"UNESCO Pakke | Syd Gr\u00f8nland"}]},{"@type":"WebSite","@id":"https:\/\/guidetogreenland.com\/da\/#website","url":"https:\/\/guidetogreenland.com\/da\/","name":"Guide to Greenland","description":"Largest selection of tours in Greenland","potentialAction":[{"@type":"SearchAction","target":{"@type":"EntryPoint","urlTemplate":"https:\/\/guidetogreenland.com\/da\/?s={search_term_string}"},"query-input":{"@type":"PropertyValueSpecification","valueRequired":true,"valueName":"search_term_string"}}],"inLanguage":"da-DK"}]}},"_links":{"self":[{"href":"https:\/\/guidetogreenland.com\/da\/wp-json\/wp\/v2\/product\/16655","targetHints":{"allow":["GET"]}}],"collection":[{"href":"https:\/\/guidetogreenland.com\/da\/wp-json\/wp\/v2\/product"}],"about":[{"href":"https:\/\/guidetogreenland.com\/da\/wp-json\/wp\/v2\/types\/product"}],"replies":[{"embeddable":true,"href":"https:\/\/guidetogreenland.com\/da\/wp-json\/wp\/v2\/comments?post=16655"}],"wp:featuredmedia":[{"embeddable":true,"href":"https:\/\/guidetogreenland.com\/da\/wp-json\/wp\/v2\/media\/16656"}],"wp:attachment":[{"href":"https:\/\/guidetogreenland.com\/da\/wp-json\/wp\/v2\/media?parent=16655"}],"wp:term":[{"taxonomy":"product_brand","embeddable":true,"href":"https:\/\/guidetogreenland.com\/da\/wp-json\/wp\/v2\/product_brand?post=16655"},{"taxonomy":"product_cat","embeddable":true,"href":"https:\/\/guidetogreenland.com\/da\/wp-json\/wp\/v2\/product_cat?post=16655"},{"taxonomy":"product_tag","embeddable":true,"href":"https:\/\/guidetogreenland.com\/da\/wp-json\/wp\/v2\/product_tag?post=16655"}],"curies":[{"name":"wp","href":"https:\/\/api.w.org\/{rel}","templated":true}]}}