{"id":16658,"date":"2020-06-10T16:00:18","date_gmt":"2020-06-10T16:00:18","guid":{"rendered":"https:\/\/guidetogreenland.com\/book-trips-holiday\/unesco-package-1-south-greenland\/"},"modified":"2023-11-27T15:45:02","modified_gmt":"2023-11-27T18:45:02","slug":"unesco-package-1-south-greenland","status":"publish","type":"product","link":"https:\/\/guidetogreenland.com\/da\/reserver-ferie-rejser\/unesco-5-dags-pakkerejse-sydgronland\/","title":{"rendered":"UNESCO 5 dags pakkerejse | Sydgr\u00f8nland"},"content":{"rendered":"<p class=\"x-18pep25\">Se Gr\u00f8nland fra den mest charmerende side, nemlig Sydgr\u00f8nland. I Sydgr\u00f8nland er der 5 specifikke steder som er ligger inde for det nye UNESCO verdensarvsomr\u00e5de, som repr\u00e6senterer den unikke arktiske landbrugshistorie som blev startet af Nordboerne der bosatte sig i Gr\u00f8nland i 900-tallet. P\u00e5 denne tur kommer du ud og oplever 3 af stederne: Hvals\u00f8, som har den mest velbevaret Nordbo kirke &#8211; Igaliku, som er en meget familievenlig f\u00e5reholder bygd og Qassiarsuk, den \u00e6ldste bygd der ligger i et omr\u00e5de som er id\u00e9el til vandreture.<\/p>\n<p class=\"e1imf5dp0 x-jm2771\">Vi starter med at sejle til Qaqortoq, som er den st\u00f8rste by i Sydgr\u00f8nla<span class=\"x-12abj6v e1uuu2lt3\">nd. Byen er pyntet med den permanente udstilling \u201cSten og Menneske\u201d, som best\u00e5r af over 30 kunstneriske skulpturer overalt i byen. Kunstv\u00e6rkerne er lavet af 18 nordiske kunstnere, og mange af skulpturerne er lavet direkte ud af grundfjeldet og klipperne, meget permanent! Qaqortoq er rig p\u00e5 traditioner, kultur og historie. Man kan eventuelt tage hen og bes\u00f8ge Great Greenland, som er et sted hvor s\u00e6lskind bliver bearbejdet til flotte luffer eller tasker til ham og hende. I bymidten finder man landets eneste springvand lige ved siden af lokalmuseet, som har en sp\u00e6ndende samling af tupilakker og mange andre ting.<\/span><\/p>\n<p class=\"e1imf5dp0 x-jm2771\"><span class=\"x-12abj6v e1uuu2lt3\">Dit f\u00f8rste m\u00f8de med syden vil v\u00e6re Narsarsuaq og vi vil med det samme komme i m\u00f8de med den smukke og farverige natur under sejlturen til Qaqortoq, som varer omkring 2 timer. Her er der n\u00e6sten altid isbjerge p\u00e5 vejen og du kan v\u00e6re heldig at se s\u00e6ler eller hvaler. N\u00e6ste dag g\u00e5r turen til kirkeruinen Hvals\u00f8. F\u00f8r i sejler tilbage til Qaqortoq f\u00e5r i masser af tid til at g\u00e5 rundt og nyde naturen. Nydelsen af at v\u00e6re ude i naturen er kun lige startet her, de n\u00e6ste dage kommer ogs\u00e5 til at v\u00e6re udend\u00f8rs og tage p\u00e5 opdagelser efter flere nordboruiner. P\u00e5 denne 5 dages tur vil du kunne opleve charmen af den sydlige del af Gr\u00f8nland med en tur til isfjorden som afslutning.<\/span><\/p>\n<p class=\"e1imf5dp0 x-jm2771\"><span class=\"x-12abj6v e1uuu2lt3\">Tjek mulighederne for denne fantastiske pakke, ved at trykke p\u00e5 \u2018v\u00e6lg en dato\u2019 for oven.<\/span><\/p>\n","protected":false},"excerpt":{"rendered":"Se Gr\u00f8nland fra den mest charmerende side, nemlig Sydgr\u00f8nland. I Sydgr\u00f8nland er der 5 specifikke steder som er ligger inde for det nye UNESCO verdensarvsomr\u00e5de, som repr\u00e6senterer den unikke arktiske landbrugshistorie som blev startet af Nordboerne der bosatte sig i Gr\u00f8nland i 900-tallet. P\u00e5 denne tur kommer du ud og oplever 3 af stederne: Hvals\u00f8,&#8230;","protected":false},"featured_media":12603,"comment_status":"open","ping_status":"closed","template":"","meta":[],"product_brand":[],"product_cat":[594,622,624,692,623,612,635,640,632,654,625],"product_tag":[932],"class_list":{"0":"post-16658","1":"product","2":"type-product","3":"status-publish","4":"has-post-thumbnail","6":"product_cat-baadture","7":"product_cat-groenlandsk-kultur","8":"product_cat-historiske-ture","9":"product_cat-iceberg-icefjord-tours","10":"product_cat-kulturelle-aktiviteter","11":"product_cat-natur-og-dyreliv-i-groenland","12":"product_cat-pakkerejser","13":"product_cat-sommerrejser","14":"product_cat-sydgroenland","15":"product_cat-ture-i-qaqortoq","16":"product_cat-ture-til-verdensarv-steder-i-groenland","17":"product_tag-qaqortoq-da","18":"pa_activities-baadtur","19":"pa_activities-gletscher-udsigt","20":"pa_activities-isbjerg-udsigt","21":"pa_activities-bygdebesoeg","22":"pa_activities-unesco-omraade","23":"pa_attractions-igaliku","24":"pa_attractions-qassiarsuk","25":"pa_attractions-qooroq-icefjord","26":"pa_available-month-juni","27":"pa_available-month-juli","28":"pa_available-month-august","29":"pa_available-month-september","30":"pa_destinations-qaqortoq","31":"pa_difficulty-let","32":"pa_duration-5-dage","33":"pa_tour-type-pakkerejser","34":"yith_booking_service-single-supplement-private-facilities-2865dkk","36":"first","37":"instock","38":"virtual","39":"sold-individually","40":"purchasable","41":"product-type-booking"},"acf":[],"yoast_head":"<!-- This site is optimized with the Yoast SEO plugin v25.6 - https:\/\/yoast.com\/wordpress\/plugins\/seo\/ -->\n<title>UNESCO 5 dags pakkerejse | Sydgr\u00f8nland | Guide to Greenland<\/title>\n<meta name=\"robots\" content=\"index, follow, max-snippet:-1, max-image-preview:large, max-video-preview:-1\" \/>\n<link rel=\"canonical\" href=\"https:\/\/guidetogreenland.com\/da\/reserver-ferie-rejser\/unesco-5-dags-pakkerejse-sydgronland\/\" \/>\n<meta property=\"og:locale\" content=\"da_DK\" \/>\n<meta property=\"og:type\" content=\"article\" \/>\n<meta property=\"og:title\" content=\"UNESCO 5 dags pakkerejse | Sydgr\u00f8nland | Guide to Greenland\" \/>\n<meta property=\"og:description\" content=\"Se Gr\u00f8nland fra den mest charmerende side, nemlig Sydgr\u00f8nland. I Sydgr\u00f8nland er der 5 specifikke steder som er ligger inde for det nye UNESCO verdensarvsomr\u00e5de, som repr\u00e6senterer den unikke arktiske landbrugshistorie som blev startet af Nordboerne der bosatte sig i Gr\u00f8nland i 900-tallet. P\u00e5 denne tur kommer du ud og oplever 3 af stederne: Hvals\u00f8,...\" \/>\n<meta property=\"og:url\" content=\"https:\/\/guidetogreenland.com\/da\/reserver-ferie-rejser\/unesco-5-dags-pakkerejse-sydgronland\/\" \/>\n<meta property=\"og:site_name\" content=\"Guide to Greenland\" \/>\n<meta property=\"article:modified_time\" content=\"2023-11-27T18:45:02+00:00\" \/>\n<meta property=\"og:image\" content=\"https:\/\/guidetogreenland.com\/wp-content\/uploads\/2020\/05\/unesco-package-1-south-greenland-Guide-to-Greenland9.jpg\" \/>\n\t<meta property=\"og:image:width\" content=\"798\" \/>\n\t<meta property=\"og:image:height\" content=\"599\" \/>\n\t<meta property=\"og:image:type\" content=\"image\/jpeg\" \/>\n<meta name=\"twitter:card\" content=\"summary_large_image\" \/>\n<meta name=\"twitter:label1\" content=\"Estimeret l\u00e6setid\" \/>\n\t<meta name=\"twitter:data1\" content=\"2 minutter\" \/>\n<script type=\"application\/ld+json\" class=\"yoast-schema-graph\">{\"@context\":\"https:\/\/schema.org\",\"@graph\":[{\"@type\":\"WebPage\",\"@id\":\"https:\/\/guidetogreenland.com\/da\/reserver-ferie-rejser\/unesco-5-dags-pakkerejse-sydgronland\/\",\"url\":\"https:\/\/guidetogreenland.com\/da\/reserver-ferie-rejser\/unesco-5-dags-pakkerejse-sydgronland\/\",\"name\":\"UNESCO 5 dags pakkerejse | Sydgr\u00f8nland | Guide to Greenland\",\"isPartOf\":{\"@id\":\"https:\/\/guidetogreenland.com\/da\/#website\"},\"primaryImageOfPage\":{\"@id\":\"https:\/\/guidetogreenland.com\/da\/reserver-ferie-rejser\/unesco-5-dags-pakkerejse-sydgronland\/#primaryimage\"},\"image\":{\"@id\":\"https:\/\/guidetogreenland.com\/da\/reserver-ferie-rejser\/unesco-5-dags-pakkerejse-sydgronland\/#primaryimage\"},\"thumbnailUrl\":\"https:\/\/guidetogreenland.com\/wp-content\/uploads\/2020\/10\/Hvalsey-Church-from-the-outside-Qaqortoq-Guide-to-Greenland-scaled.jpg\",\"datePublished\":\"2020-06-10T16:00:18+00:00\",\"dateModified\":\"2023-11-27T18:45:02+00:00\",\"breadcrumb\":{\"@id\":\"https:\/\/guidetogreenland.com\/da\/reserver-ferie-rejser\/unesco-5-dags-pakkerejse-sydgronland\/#breadcrumb\"},\"inLanguage\":\"da-DK\",\"potentialAction\":[{\"@type\":\"ReadAction\",\"target\":[\"https:\/\/guidetogreenland.com\/da\/reserver-ferie-rejser\/unesco-5-dags-pakkerejse-sydgronland\/\"]}]},{\"@type\":\"ImageObject\",\"inLanguage\":\"da-DK\",\"@id\":\"https:\/\/guidetogreenland.com\/da\/reserver-ferie-rejser\/unesco-5-dags-pakkerejse-sydgronland\/#primaryimage\",\"url\":\"https:\/\/guidetogreenland.com\/wp-content\/uploads\/2020\/10\/Hvalsey-Church-from-the-outside-Qaqortoq-Guide-to-Greenland-scaled.jpg\",\"contentUrl\":\"https:\/\/guidetogreenland.com\/wp-content\/uploads\/2020\/10\/Hvalsey-Church-from-the-outside-Qaqortoq-Guide-to-Greenland-scaled.jpg\",\"width\":2560,\"height\":1707,\"caption\":\"Overview of the residential area near Hvalsey Church - Qaqortoq\"},{\"@type\":\"BreadcrumbList\",\"@id\":\"https:\/\/guidetogreenland.com\/da\/reserver-ferie-rejser\/unesco-5-dags-pakkerejse-sydgronland\/#breadcrumb\",\"itemListElement\":[{\"@type\":\"ListItem\",\"position\":1,\"name\":\"Home\",\"item\":\"https:\/\/guidetogreenland.com\/da\/\"},{\"@type\":\"ListItem\",\"position\":2,\"name\":\"Se alle ture\",\"item\":\"https:\/\/guidetogreenland.com\/da\/reserver-ferie-rejser\/\"},{\"@type\":\"ListItem\",\"position\":3,\"name\":\"UNESCO 5 dags pakkerejse | Sydgr\u00f8nland\"}]},{\"@type\":\"WebSite\",\"@id\":\"https:\/\/guidetogreenland.com\/da\/#website\",\"url\":\"https:\/\/guidetogreenland.com\/da\/\",\"name\":\"Guide to Greenland\",\"description\":\"Largest selection of tours in Greenland\",\"potentialAction\":[{\"@type\":\"SearchAction\",\"target\":{\"@type\":\"EntryPoint\",\"urlTemplate\":\"https:\/\/guidetogreenland.com\/da\/?s={search_term_string}\"},\"query-input\":{\"@type\":\"PropertyValueSpecification\",\"valueRequired\":true,\"valueName\":\"search_term_string\"}}],\"inLanguage\":\"da-DK\"}]}<\/script>\n<!-- \/ Yoast SEO plugin. -->","yoast_head_json":{"title":"UNESCO 5 dags pakkerejse | Sydgr\u00f8nland | Guide to Greenland","robots":{"index":"index","follow":"follow","max-snippet":"max-snippet:-1","max-image-preview":"max-image-preview:large","max-video-preview":"max-video-preview:-1"},"canonical":"https:\/\/guidetogreenland.com\/da\/reserver-ferie-rejser\/unesco-5-dags-pakkerejse-sydgronland\/","og_locale":"da_DK","og_type":"article","og_title":"UNESCO 5 dags pakkerejse | Sydgr\u00f8nland | Guide to Greenland","og_description":"Se Gr\u00f8nland fra den mest charmerende side, nemlig Sydgr\u00f8nland. I Sydgr\u00f8nland er der 5 specifikke steder som er ligger inde for det nye UNESCO verdensarvsomr\u00e5de, som repr\u00e6senterer den unikke arktiske landbrugshistorie som blev startet af Nordboerne der bosatte sig i Gr\u00f8nland i 900-tallet. P\u00e5 denne tur kommer du ud og oplever 3 af stederne: Hvals\u00f8,...","og_url":"https:\/\/guidetogreenland.com\/da\/reserver-ferie-rejser\/unesco-5-dags-pakkerejse-sydgronland\/","og_site_name":"Guide to Greenland","article_modified_time":"2023-11-27T18:45:02+00:00","og_image":[{"width":798,"height":599,"url":"https:\/\/guidetogreenland.com\/wp-content\/uploads\/2020\/05\/unesco-package-1-south-greenland-Guide-to-Greenland9.jpg","type":"image\/jpeg"}],"twitter_card":"summary_large_image","twitter_misc":{"Estimeret l\u00e6setid":"2 minutter"},"schema":{"@context":"https:\/\/schema.org","@graph":[{"@type":"WebPage","@id":"https:\/\/guidetogreenland.com\/da\/reserver-ferie-rejser\/unesco-5-dags-pakkerejse-sydgronland\/","url":"https:\/\/guidetogreenland.com\/da\/reserver-ferie-rejser\/unesco-5-dags-pakkerejse-sydgronland\/","name":"UNESCO 5 dags pakkerejse | Sydgr\u00f8nland | Guide to Greenland","isPartOf":{"@id":"https:\/\/guidetogreenland.com\/da\/#website"},"primaryImageOfPage":{"@id":"https:\/\/guidetogreenland.com\/da\/reserver-ferie-rejser\/unesco-5-dags-pakkerejse-sydgronland\/#primaryimage"},"image":{"@id":"https:\/\/guidetogreenland.com\/da\/reserver-ferie-rejser\/unesco-5-dags-pakkerejse-sydgronland\/#primaryimage"},"thumbnailUrl":"https:\/\/guidetogreenland.com\/wp-content\/uploads\/2020\/10\/Hvalsey-Church-from-the-outside-Qaqortoq-Guide-to-Greenland-scaled.jpg","datePublished":"2020-06-10T16:00:18+00:00","dateModified":"2023-11-27T18:45:02+00:00","breadcrumb":{"@id":"https:\/\/guidetogreenland.com\/da\/reserver-ferie-rejser\/unesco-5-dags-pakkerejse-sydgronland\/#breadcrumb"},"inLanguage":"da-DK","potentialAction":[{"@type":"ReadAction","target":["https:\/\/guidetogreenland.com\/da\/reserver-ferie-rejser\/unesco-5-dags-pakkerejse-sydgronland\/"]}]},{"@type":"ImageObject","inLanguage":"da-DK","@id":"https:\/\/guidetogreenland.com\/da\/reserver-ferie-rejser\/unesco-5-dags-pakkerejse-sydgronland\/#primaryimage","url":"https:\/\/guidetogreenland.com\/wp-content\/uploads\/2020\/10\/Hvalsey-Church-from-the-outside-Qaqortoq-Guide-to-Greenland-scaled.jpg","contentUrl":"https:\/\/guidetogreenland.com\/wp-content\/uploads\/2020\/10\/Hvalsey-Church-from-the-outside-Qaqortoq-Guide-to-Greenland-scaled.jpg","width":2560,"height":1707,"caption":"Overview of the residential area near Hvalsey Church - Qaqortoq"},{"@type":"BreadcrumbList","@id":"https:\/\/guidetogreenland.com\/da\/reserver-ferie-rejser\/unesco-5-dags-pakkerejse-sydgronland\/#breadcrumb","itemListElement":[{"@type":"ListItem","position":1,"name":"Home","item":"https:\/\/guidetogreenland.com\/da\/"},{"@type":"ListItem","position":2,"name":"Se alle ture","item":"https:\/\/guidetogreenland.com\/da\/reserver-ferie-rejser\/"},{"@type":"ListItem","position":3,"name":"UNESCO 5 dags pakkerejse | Sydgr\u00f8nland"}]},{"@type":"WebSite","@id":"https:\/\/guidetogreenland.com\/da\/#website","url":"https:\/\/guidetogreenland.com\/da\/","name":"Guide to Greenland","description":"Largest selection of tours in Greenland","potentialAction":[{"@type":"SearchAction","target":{"@type":"EntryPoint","urlTemplate":"https:\/\/guidetogreenland.com\/da\/?s={search_term_string}"},"query-input":{"@type":"PropertyValueSpecification","valueRequired":true,"valueName":"search_term_string"}}],"inLanguage":"da-DK"}]}},"_links":{"self":[{"href":"https:\/\/guidetogreenland.com\/da\/wp-json\/wp\/v2\/product\/16658","targetHints":{"allow":["GET"]}}],"collection":[{"href":"https:\/\/guidetogreenland.com\/da\/wp-json\/wp\/v2\/product"}],"about":[{"href":"https:\/\/guidetogreenland.com\/da\/wp-json\/wp\/v2\/types\/product"}],"replies":[{"embeddable":true,"href":"https:\/\/guidetogreenland.com\/da\/wp-json\/wp\/v2\/comments?post=16658"}],"wp:featuredmedia":[{"embeddable":true,"href":"https:\/\/guidetogreenland.com\/da\/wp-json\/wp\/v2\/media\/12603"}],"wp:attachment":[{"href":"https:\/\/guidetogreenland.com\/da\/wp-json\/wp\/v2\/media?parent=16658"}],"wp:term":[{"taxonomy":"product_brand","embeddable":true,"href":"https:\/\/guidetogreenland.com\/da\/wp-json\/wp\/v2\/product_brand?post=16658"},{"taxonomy":"product_cat","embeddable":true,"href":"https:\/\/guidetogreenland.com\/da\/wp-json\/wp\/v2\/product_cat?post=16658"},{"taxonomy":"product_tag","embeddable":true,"href":"https:\/\/guidetogreenland.com\/da\/wp-json\/wp\/v2\/product_tag?post=16658"}],"curies":[{"name":"wp","href":"https:\/\/api.w.org\/{rel}","templated":true}]}}