{"id":16671,"date":"2020-07-07T13:04:36","date_gmt":"2020-07-07T13:04:36","guid":{"rendered":"https:\/\/guidetogreenland.com\/book-trips-holiday\/tasermiut-fjord-exploring-nanortalik-south-greenland\/"},"modified":"2023-06-02T14:52:42","modified_gmt":"2023-06-02T17:52:42","slug":"tasermiut-fjord-exploring-nanortalik-south-greenland","status":"publish","type":"product","link":"https:\/\/guidetogreenland.com\/da\/reserver-ferie-rejser\/ga-pa-opdagelse-i-tasermiut-fjord-nanortalik-south-greenland\/","title":{"rendered":"G\u00e5 p\u00e5 opdagelse i Tasermiut Fjord | Nanortalik | South Greenland"},"content":{"rendered":"<p class=\"x-18pep25\">Kom med p\u00e5 dette eventyr gennem den smukke Tasermiut Fjord. Hvor du vil kunne opleve den unikke natur af Sydgr\u00f8nland af gr\u00f8nne enge, sky h\u00f8je bjerge og se smukke gletsjer v\u00e6gge af massiv st\u00f8rrelse. Dette er for enhver der \u00f8nsker at opleve det bedste af Sydgr\u00f8nland og det smukke gr\u00f8nne landskab og samtidig opleve k\u00e6mpe isbjerge og m\u00e5ske endda opleve en gletsjer k\u00e6lve.<\/p>\n<p class=\"e1imf5dp0 x-jm2771\">Du m\u00f8der din kaptajn, der vil give en kort introduktion samt sikkerheden ombord p\u00e5 b\u00e5den og turen forude. Sammen vil vi sejle ud af Nanortalik havn med kurs ind i den massive Tasermiut Fjord. F\u00f8rste destination for dagen er til den<span class=\"x-12abj6v e1uuu2lt3\"> charmerende lille bygd Tasiusaq der har sin egen lille bugt og omringet af uds\u00f8gt natur. Her vil du have tid til at g\u00e5 rundt mellem de farverige huse og hilse p\u00e5 de omkring 80 lokale, mens du nyder den rolige atmosf\u00e6re der pr\u00e6ger bygden. Her vil du blandt andet kunne l\u00e6re lidt mere om livet i en traditionel gr\u00f8nlandsk bygd og se dagligdagen for de venlige lokale.<\/span><\/p>\n<p class=\"e1imf5dp0 x-jm2771\"><span class=\"x-12abj6v e1uuu2lt3\">N\u00e6ste stop for dagen er til Tasermiut bjerget hvor vi vil pr\u00f8ve vores fiskeheld. Her vil du kunne s\u00e6tte din t\u00e5lmodighed p\u00e5 en pr\u00f8ve, og nyde dine smukke omgivelser mens du venter p\u00e5 bid. Dette er for alle i alle aldre, for b\u00e5de erfarne fisker s\u00e5vel som nybegyndere. Din kaptajn er klar til at hj\u00e6lpe dig, n\u00e5r du f\u00e5r bid og l\u00e6re dig hvordan du renser din fangst.<\/span><\/p>\n<p class=\"e1imf5dp0 x-jm2771\"><span class=\"x-12abj6v e1uuu2lt3\">Efter vi har brugt et par timer p\u00e5 at fiske, vil vi forts\u00e6tte turen til det sidste stop, enden af en fantastisk gletsjer. Gletsjere bliver dannet af den massive ismasse, Gr\u00f8nlands indlandsis. 80% af hele Gr\u00f8nlands overflade er is, hvor det er umuligt at bo. Det forklarer hvorfor mange bygder og byer er p\u00e5 kystlinjen hele vejen rundt i Gr\u00f8nland.<\/span><\/p>\n<p class=\"e1imf5dp0 x-jm2771\"><span class=\"x-12abj6v e1uuu2lt3\">Ved ankomst til gletsjeren vil vi bruge tid til at nyde det fantastiske syn. L\u00e6g m\u00e6rke til dens mange farver og forestil dig hvor lille en del af indlandsisen, der st\u00e5r stolt foran dig. Hvis vi er heldige, vil vi m\u00e5ske endda kunne opleve den vidunderlige gletsjer k\u00e6lve. En helt urealistisk oplevelse, da det er m\u00e5den de mange is skulpturer bliver lavet. Lyden alene er b\u00e5de forskr\u00e6kkende men ogs\u00e5 helt unik. Et k\u00e6mpe brag efterfulgt af is klodsen der rammer vandoverfladen. Heldigvis er du i de sikre h\u00e6nder af din kaptajn, der tager sig af at holde en rimelig distance fra gletsjeren, s\u00e5 du kan nyde denne unikke oplevelse i fred og ro.<\/span><\/p>\n<p class=\"e1imf5dp0 x-jm2771\"><span class=\"x-12abj6v e1uuu2lt3\">G\u00e5 ikke glip af denne uforglemmelige oplevelse udenfor Nanortalik. Se tilg\u00e6ngeligheden ved at trykke p\u00e5 &#8216;V\u00e6lg en dag&#8217; og book din tur i dag.<\/span><\/p>\n","protected":false},"excerpt":{"rendered":"Kom med p\u00e5 dette eventyr gennem den smukke Tasermiut Fjord. Hvor du vil kunne opleve den unikke natur af Sydgr\u00f8nland af gr\u00f8nne enge, sky h\u00f8je bjerge og se smukke gletsjer v\u00e6gge af massiv st\u00f8rrelse. Dette er for enhver der \u00f8nsker at opleve det bedste af Sydgr\u00f8nland og det smukke gr\u00f8nne landskab og samtidig opleve k\u00e6mpe&#8230;","protected":false},"featured_media":16673,"comment_status":"open","ping_status":"closed","template":"","meta":[],"product_brand":[],"product_cat":[594,621,614,623,612,632,649],"product_tag":[927],"class_list":{"0":"post-16671","1":"product","2":"type-product","3":"status-publish","4":"has-post-thumbnail","6":"product_cat-baadture","7":"product_cat-charterture","8":"product_cat-gletsjer-og-indlandsisen","9":"product_cat-kulturelle-aktiviteter","10":"product_cat-natur-og-dyreliv-i-groenland","11":"product_cat-sydgroenland","12":"product_cat-ture-i-nanortalik","13":"product_tag-nanortalik-da","14":"pa_activities-baadtur","15":"pa_activities-fiskeri","16":"pa_activities-groenlandsk-kultur","17":"pa_activities-gletscher-udsigt","18":"pa_activities-bygdebesoeg","19":"pa_attractions-indlandsisen","20":"pa_destinations-nanortalik","21":"pa_difficulty-let","22":"pa_duration-3-timer","23":"pa_tour-type-dagsture","24":"yith_shop_vendor-tasermiut-camp-da","26":"first","27":"instock","28":"virtual","29":"sold-individually","30":"purchasable","31":"product-type-booking"},"acf":[],"yoast_head":"<!-- This site is optimized with the Yoast SEO plugin v25.6 - https:\/\/yoast.com\/wordpress\/plugins\/seo\/ -->\n<title>G\u00e5 p\u00e5 opdagelse i Tasermiut Fjord | Nanortalik | South Greenland | Guide to Greenland<\/title>\n<meta name=\"description\" content=\"Denne tur er for dig, der s\u00f8ger efter arktiske vidundere. Den gr\u00f8nlandske iskappe, isbjerge og pukkelhvaler venter p\u00e5 dig i Tasermiut-fjorden!\" \/>\n<meta name=\"robots\" content=\"index, follow, max-snippet:-1, max-image-preview:large, max-video-preview:-1\" \/>\n<link rel=\"canonical\" href=\"https:\/\/guidetogreenland.com\/da\/reserver-ferie-rejser\/ga-pa-opdagelse-i-tasermiut-fjord-nanortalik-south-greenland\/\" \/>\n<meta property=\"og:locale\" content=\"da_DK\" \/>\n<meta property=\"og:type\" content=\"article\" \/>\n<meta property=\"og:title\" content=\"G\u00e5 p\u00e5 opdagelse i Tasermiut Fjord | Nanortalik | South Greenland | Guide to Greenland\" \/>\n<meta property=\"og:description\" content=\"Denne tur er for dig, der s\u00f8ger efter arktiske vidundere. Den gr\u00f8nlandske iskappe, isbjerge og pukkelhvaler venter p\u00e5 dig i Tasermiut-fjorden!\" \/>\n<meta property=\"og:url\" content=\"https:\/\/guidetogreenland.com\/da\/reserver-ferie-rejser\/ga-pa-opdagelse-i-tasermiut-fjord-nanortalik-south-greenland\/\" \/>\n<meta property=\"og:site_name\" content=\"Guide to Greenland\" \/>\n<meta property=\"article:modified_time\" content=\"2023-06-02T17:52:42+00:00\" \/>\n<meta property=\"og:image\" content=\"https:\/\/guidetogreenland.com\/wp-content\/uploads\/2020\/05\/tasermiut-fjord-exploring-nanortalik-south-greenland-Guide-to-Greenland13.jpg\" \/>\n\t<meta property=\"og:image:width\" content=\"1580\" \/>\n\t<meta property=\"og:image:height\" content=\"1185\" \/>\n\t<meta property=\"og:image:type\" content=\"image\/jpeg\" \/>\n<meta name=\"twitter:card\" content=\"summary_large_image\" \/>\n<meta name=\"twitter:label1\" content=\"Estimeret l\u00e6setid\" \/>\n\t<meta name=\"twitter:data1\" content=\"2 minutter\" \/>\n<script type=\"application\/ld+json\" class=\"yoast-schema-graph\">{\"@context\":\"https:\/\/schema.org\",\"@graph\":[{\"@type\":\"WebPage\",\"@id\":\"https:\/\/guidetogreenland.com\/da\/reserver-ferie-rejser\/ga-pa-opdagelse-i-tasermiut-fjord-nanortalik-south-greenland\/\",\"url\":\"https:\/\/guidetogreenland.com\/da\/reserver-ferie-rejser\/ga-pa-opdagelse-i-tasermiut-fjord-nanortalik-south-greenland\/\",\"name\":\"G\u00e5 p\u00e5 opdagelse i Tasermiut Fjord | Nanortalik | South Greenland | Guide to Greenland\",\"isPartOf\":{\"@id\":\"https:\/\/guidetogreenland.com\/da\/#website\"},\"primaryImageOfPage\":{\"@id\":\"https:\/\/guidetogreenland.com\/da\/reserver-ferie-rejser\/ga-pa-opdagelse-i-tasermiut-fjord-nanortalik-south-greenland\/#primaryimage\"},\"image\":{\"@id\":\"https:\/\/guidetogreenland.com\/da\/reserver-ferie-rejser\/ga-pa-opdagelse-i-tasermiut-fjord-nanortalik-south-greenland\/#primaryimage\"},\"thumbnailUrl\":\"https:\/\/guidetogreenland.com\/wp-content\/uploads\/2020\/05\/tasermiut-fjord-exploring-nanortalik-south-greenland-Guide-to-Greenland13.jpg\",\"datePublished\":\"2020-07-07T13:04:36+00:00\",\"dateModified\":\"2023-06-02T17:52:42+00:00\",\"description\":\"Denne tur er for dig, der s\u00f8ger efter arktiske vidundere. Den gr\u00f8nlandske iskappe, isbjerge og pukkelhvaler venter p\u00e5 dig i Tasermiut-fjorden!\",\"breadcrumb\":{\"@id\":\"https:\/\/guidetogreenland.com\/da\/reserver-ferie-rejser\/ga-pa-opdagelse-i-tasermiut-fjord-nanortalik-south-greenland\/#breadcrumb\"},\"inLanguage\":\"da-DK\",\"potentialAction\":[{\"@type\":\"ReadAction\",\"target\":[\"https:\/\/guidetogreenland.com\/da\/reserver-ferie-rejser\/ga-pa-opdagelse-i-tasermiut-fjord-nanortalik-south-greenland\/\"]}]},{\"@type\":\"ImageObject\",\"inLanguage\":\"da-DK\",\"@id\":\"https:\/\/guidetogreenland.com\/da\/reserver-ferie-rejser\/ga-pa-opdagelse-i-tasermiut-fjord-nanortalik-south-greenland\/#primaryimage\",\"url\":\"https:\/\/guidetogreenland.com\/wp-content\/uploads\/2020\/05\/tasermiut-fjord-exploring-nanortalik-south-greenland-Guide-to-Greenland13.jpg\",\"contentUrl\":\"https:\/\/guidetogreenland.com\/wp-content\/uploads\/2020\/05\/tasermiut-fjord-exploring-nanortalik-south-greenland-Guide-to-Greenland13.jpg\",\"width\":1580,\"height\":1185},{\"@type\":\"BreadcrumbList\",\"@id\":\"https:\/\/guidetogreenland.com\/da\/reserver-ferie-rejser\/ga-pa-opdagelse-i-tasermiut-fjord-nanortalik-south-greenland\/#breadcrumb\",\"itemListElement\":[{\"@type\":\"ListItem\",\"position\":1,\"name\":\"Home\",\"item\":\"https:\/\/guidetogreenland.com\/da\/\"},{\"@type\":\"ListItem\",\"position\":2,\"name\":\"Se alle ture\",\"item\":\"https:\/\/guidetogreenland.com\/da\/reserver-ferie-rejser\/\"},{\"@type\":\"ListItem\",\"position\":3,\"name\":\"G\u00e5 p\u00e5 opdagelse i Tasermiut Fjord | Nanortalik | South Greenland\"}]},{\"@type\":\"WebSite\",\"@id\":\"https:\/\/guidetogreenland.com\/da\/#website\",\"url\":\"https:\/\/guidetogreenland.com\/da\/\",\"name\":\"Guide to Greenland\",\"description\":\"Largest selection of tours in Greenland\",\"potentialAction\":[{\"@type\":\"SearchAction\",\"target\":{\"@type\":\"EntryPoint\",\"urlTemplate\":\"https:\/\/guidetogreenland.com\/da\/?s={search_term_string}\"},\"query-input\":{\"@type\":\"PropertyValueSpecification\",\"valueRequired\":true,\"valueName\":\"search_term_string\"}}],\"inLanguage\":\"da-DK\"}]}<\/script>\n<!-- \/ Yoast SEO plugin. -->","yoast_head_json":{"title":"G\u00e5 p\u00e5 opdagelse i Tasermiut Fjord | Nanortalik | South Greenland | Guide to Greenland","description":"Denne tur er for dig, der s\u00f8ger efter arktiske vidundere. Den gr\u00f8nlandske iskappe, isbjerge og pukkelhvaler venter p\u00e5 dig i Tasermiut-fjorden!","robots":{"index":"index","follow":"follow","max-snippet":"max-snippet:-1","max-image-preview":"max-image-preview:large","max-video-preview":"max-video-preview:-1"},"canonical":"https:\/\/guidetogreenland.com\/da\/reserver-ferie-rejser\/ga-pa-opdagelse-i-tasermiut-fjord-nanortalik-south-greenland\/","og_locale":"da_DK","og_type":"article","og_title":"G\u00e5 p\u00e5 opdagelse i Tasermiut Fjord | Nanortalik | South Greenland | Guide to Greenland","og_description":"Denne tur er for dig, der s\u00f8ger efter arktiske vidundere. Den gr\u00f8nlandske iskappe, isbjerge og pukkelhvaler venter p\u00e5 dig i Tasermiut-fjorden!","og_url":"https:\/\/guidetogreenland.com\/da\/reserver-ferie-rejser\/ga-pa-opdagelse-i-tasermiut-fjord-nanortalik-south-greenland\/","og_site_name":"Guide to Greenland","article_modified_time":"2023-06-02T17:52:42+00:00","og_image":[{"width":1580,"height":1185,"url":"https:\/\/guidetogreenland.com\/wp-content\/uploads\/2020\/05\/tasermiut-fjord-exploring-nanortalik-south-greenland-Guide-to-Greenland13.jpg","type":"image\/jpeg"}],"twitter_card":"summary_large_image","twitter_misc":{"Estimeret l\u00e6setid":"2 minutter"},"schema":{"@context":"https:\/\/schema.org","@graph":[{"@type":"WebPage","@id":"https:\/\/guidetogreenland.com\/da\/reserver-ferie-rejser\/ga-pa-opdagelse-i-tasermiut-fjord-nanortalik-south-greenland\/","url":"https:\/\/guidetogreenland.com\/da\/reserver-ferie-rejser\/ga-pa-opdagelse-i-tasermiut-fjord-nanortalik-south-greenland\/","name":"G\u00e5 p\u00e5 opdagelse i Tasermiut Fjord | Nanortalik | South Greenland | Guide to Greenland","isPartOf":{"@id":"https:\/\/guidetogreenland.com\/da\/#website"},"primaryImageOfPage":{"@id":"https:\/\/guidetogreenland.com\/da\/reserver-ferie-rejser\/ga-pa-opdagelse-i-tasermiut-fjord-nanortalik-south-greenland\/#primaryimage"},"image":{"@id":"https:\/\/guidetogreenland.com\/da\/reserver-ferie-rejser\/ga-pa-opdagelse-i-tasermiut-fjord-nanortalik-south-greenland\/#primaryimage"},"thumbnailUrl":"https:\/\/guidetogreenland.com\/wp-content\/uploads\/2020\/05\/tasermiut-fjord-exploring-nanortalik-south-greenland-Guide-to-Greenland13.jpg","datePublished":"2020-07-07T13:04:36+00:00","dateModified":"2023-06-02T17:52:42+00:00","description":"Denne tur er for dig, der s\u00f8ger efter arktiske vidundere. Den gr\u00f8nlandske iskappe, isbjerge og pukkelhvaler venter p\u00e5 dig i Tasermiut-fjorden!","breadcrumb":{"@id":"https:\/\/guidetogreenland.com\/da\/reserver-ferie-rejser\/ga-pa-opdagelse-i-tasermiut-fjord-nanortalik-south-greenland\/#breadcrumb"},"inLanguage":"da-DK","potentialAction":[{"@type":"ReadAction","target":["https:\/\/guidetogreenland.com\/da\/reserver-ferie-rejser\/ga-pa-opdagelse-i-tasermiut-fjord-nanortalik-south-greenland\/"]}]},{"@type":"ImageObject","inLanguage":"da-DK","@id":"https:\/\/guidetogreenland.com\/da\/reserver-ferie-rejser\/ga-pa-opdagelse-i-tasermiut-fjord-nanortalik-south-greenland\/#primaryimage","url":"https:\/\/guidetogreenland.com\/wp-content\/uploads\/2020\/05\/tasermiut-fjord-exploring-nanortalik-south-greenland-Guide-to-Greenland13.jpg","contentUrl":"https:\/\/guidetogreenland.com\/wp-content\/uploads\/2020\/05\/tasermiut-fjord-exploring-nanortalik-south-greenland-Guide-to-Greenland13.jpg","width":1580,"height":1185},{"@type":"BreadcrumbList","@id":"https:\/\/guidetogreenland.com\/da\/reserver-ferie-rejser\/ga-pa-opdagelse-i-tasermiut-fjord-nanortalik-south-greenland\/#breadcrumb","itemListElement":[{"@type":"ListItem","position":1,"name":"Home","item":"https:\/\/guidetogreenland.com\/da\/"},{"@type":"ListItem","position":2,"name":"Se alle ture","item":"https:\/\/guidetogreenland.com\/da\/reserver-ferie-rejser\/"},{"@type":"ListItem","position":3,"name":"G\u00e5 p\u00e5 opdagelse i Tasermiut Fjord | Nanortalik | South Greenland"}]},{"@type":"WebSite","@id":"https:\/\/guidetogreenland.com\/da\/#website","url":"https:\/\/guidetogreenland.com\/da\/","name":"Guide to Greenland","description":"Largest selection of tours in Greenland","potentialAction":[{"@type":"SearchAction","target":{"@type":"EntryPoint","urlTemplate":"https:\/\/guidetogreenland.com\/da\/?s={search_term_string}"},"query-input":{"@type":"PropertyValueSpecification","valueRequired":true,"valueName":"search_term_string"}}],"inLanguage":"da-DK"}]}},"_links":{"self":[{"href":"https:\/\/guidetogreenland.com\/da\/wp-json\/wp\/v2\/product\/16671","targetHints":{"allow":["GET"]}}],"collection":[{"href":"https:\/\/guidetogreenland.com\/da\/wp-json\/wp\/v2\/product"}],"about":[{"href":"https:\/\/guidetogreenland.com\/da\/wp-json\/wp\/v2\/types\/product"}],"replies":[{"embeddable":true,"href":"https:\/\/guidetogreenland.com\/da\/wp-json\/wp\/v2\/comments?post=16671"}],"wp:featuredmedia":[{"embeddable":true,"href":"https:\/\/guidetogreenland.com\/da\/wp-json\/wp\/v2\/media\/16673"}],"wp:attachment":[{"href":"https:\/\/guidetogreenland.com\/da\/wp-json\/wp\/v2\/media?parent=16671"}],"wp:term":[{"taxonomy":"product_brand","embeddable":true,"href":"https:\/\/guidetogreenland.com\/da\/wp-json\/wp\/v2\/product_brand?post=16671"},{"taxonomy":"product_cat","embeddable":true,"href":"https:\/\/guidetogreenland.com\/da\/wp-json\/wp\/v2\/product_cat?post=16671"},{"taxonomy":"product_tag","embeddable":true,"href":"https:\/\/guidetogreenland.com\/da\/wp-json\/wp\/v2\/product_tag?post=16671"}],"curies":[{"name":"wp","href":"https:\/\/api.w.org\/{rel}","templated":true}]}}