{"id":16686,"date":"2020-07-07T13:13:03","date_gmt":"2020-07-07T13:13:03","guid":{"rendered":"https:\/\/guidetogreenland.com\/book-trips-holiday\/tasermiut-camp-nanortalik-south-greenland\/"},"modified":"2021-03-16T00:05:19","modified_gmt":"2021-03-16T00:05:19","slug":"tasermiut-camp-nanortalik-south-greenland","status":"publish","type":"product","link":"https:\/\/guidetogreenland.com\/da\/reserver-ferie-rejser\/tasermiut-camp-nanortalik-sydgronland\/","title":{"rendered":"Tasermiut Camp | Nanortalik | Sydgr\u00f8nland"},"content":{"rendered":"<p class=\"x-18pep25\">Rejs med ind dybt i Tasermiut fjorden og udforsk den uimodst\u00e5elig smukke natur.<\/p>\n<p class=\"x-18pep25\">Fjorden er kendt for dens skyh\u00f8je bjerge, der bliver flot reflekteret p\u00e5 fjordens stille overflade. Du vil opleve den indlandsisen p\u00e5 n\u00e6rt hold og en gr\u00f8nlandsk skov, der kun findes i Sydgr\u00f8nland. Det er sv\u00e6rt ikke at elske Gr\u00f8nlands natur og hvis du altid har haft lyst til at opleve den, s\u00e5 kom med p\u00e5 dette eventyr hvor du sejler gennem de smukke fjorde omkring Nanortalik og f\u00e5r den unikke mulighed for at overnatte p\u00e5 en lejr i de sk\u00f8nne omgivelser.<\/p>\n<p class=\"e1imf5dp0 x-jm2771\">P\u00e5 denne tur vil du sejle fra Nanortalik havn, videre ind i Tasermi<span class=\"x-12abj6v e1uuu2lt3\">ut fjord, hvor lejren bliver stillet lejren, derefter vil programmet byde p\u00e5 vandreture til Kuusuaq skoven og til en af indlandsisens grene, hvor du vil opleve de m\u00e6gtige naturkr\u00e6fter Gr\u00f8nland har at byde p\u00e5. Dagsplanen for denne to dags tur vil du finde nedenfor.<\/span><\/p>\n<p class=\"e1imf5dp0 x-jm2771\"><span class=\"x-12abj6v e1uuu2lt3\">Find din indre oplevelsesrejsende frem, tr\u00e6k huen langt ned over \u00f8rerne og kom med p\u00e5 dette fantastiske eventyr. Se tilg\u00e6ngeligheden ved at trykke p\u00e5 &#8216;V\u00e6lg en dag&#8217; ovenover og bestil din tur i dag.<\/span><\/p>\n","protected":false},"excerpt":{"rendered":"Rejs med ind dybt i Tasermiut fjorden og udforsk den uimodst\u00e5elig smukke natur. Fjorden er kendt for dens skyh\u00f8je bjerge, der bliver flot reflekteret p\u00e5 fjordens stille overflade. Du vil opleve den indlandsisen p\u00e5 n\u00e6rt hold og en gr\u00f8nlandsk skov, der kun findes i Sydgr\u00f8nland. Det er sv\u00e6rt ikke at elske Gr\u00f8nlands natur og hvis&#8230;","protected":false},"featured_media":16688,"comment_status":"open","ping_status":"closed","template":"","meta":[],"product_brand":[],"product_cat":[594,614,623,612,593,632],"product_tag":[927],"class_list":{"0":"post-16686","1":"product","2":"type-product","3":"status-publish","4":"has-post-thumbnail","6":"product_cat-baadture","7":"product_cat-gletsjer-og-indlandsisen","8":"product_cat-kulturelle-aktiviteter","9":"product_cat-natur-og-dyreliv-i-groenland","10":"product_cat-oplevelser-i-groenland","11":"product_cat-sydgroenland","12":"product_tag-nanortalik-da","13":"pa_activities-camping","14":"pa_activities-fiskeri","15":"pa_activities-groenlandsk-kultur","16":"pa_activities-gletscher-udsigt","17":"pa_activities-bygdebesoeg","18":"pa_attractions-indlandsisen","19":"pa_destinations-nanortalik","20":"pa_difficulty-let","21":"pa_duration-2-dage","22":"pa_tour-type-flerdags-ture","23":"yith_shop_vendor-tasermiut-camp-da","25":"first","26":"instock","27":"virtual","28":"sold-individually","29":"purchasable","30":"product-type-booking"},"acf":[],"yoast_head":"<!-- This site is optimized with the Yoast SEO plugin v25.6 - https:\/\/yoast.com\/wordpress\/plugins\/seo\/ -->\n<title>Tasermiut Camp | Nanortalik | Sydgr\u00f8nland | Guide to Greenland<\/title>\n<meta name=\"description\" content=\"En overnatning p\u00e5 den arktiske tundra i Sydgr\u00f8nland. Et arktisk krydstogt for dig, nysgerrig efter den gr\u00f8nlandske iskappe og pukkelhvaler!\" \/>\n<meta name=\"robots\" content=\"index, follow, max-snippet:-1, max-image-preview:large, max-video-preview:-1\" \/>\n<link rel=\"canonical\" href=\"https:\/\/guidetogreenland.com\/da\/reserver-ferie-rejser\/tasermiut-camp-nanortalik-sydgronland\/\" \/>\n<meta property=\"og:locale\" content=\"da_DK\" \/>\n<meta property=\"og:type\" content=\"article\" \/>\n<meta property=\"og:title\" content=\"Tasermiut Camp | Nanortalik | Sydgr\u00f8nland | Guide to Greenland\" \/>\n<meta property=\"og:description\" content=\"En overnatning p\u00e5 den arktiske tundra i Sydgr\u00f8nland. Et arktisk krydstogt for dig, nysgerrig efter den gr\u00f8nlandske iskappe og pukkelhvaler!\" \/>\n<meta property=\"og:url\" content=\"https:\/\/guidetogreenland.com\/da\/reserver-ferie-rejser\/tasermiut-camp-nanortalik-sydgronland\/\" \/>\n<meta property=\"og:site_name\" content=\"Guide to Greenland\" \/>\n<meta property=\"article:modified_time\" content=\"2021-03-16T00:05:19+00:00\" \/>\n<meta property=\"og:image\" content=\"https:\/\/guidetogreenland.com\/wp-content\/uploads\/2020\/05\/tasermiut-camp-nanortalik-south-greenland-Guide-to-Greenland31.jpg\" \/>\n\t<meta property=\"og:image:width\" content=\"1580\" \/>\n\t<meta property=\"og:image:height\" content=\"1185\" \/>\n\t<meta property=\"og:image:type\" content=\"image\/jpeg\" \/>\n<meta name=\"twitter:card\" content=\"summary_large_image\" \/>\n<meta name=\"twitter:label1\" content=\"Estimeret l\u00e6setid\" \/>\n\t<meta name=\"twitter:data1\" content=\"1 minut\" \/>\n<script type=\"application\/ld+json\" class=\"yoast-schema-graph\">{\"@context\":\"https:\/\/schema.org\",\"@graph\":[{\"@type\":\"WebPage\",\"@id\":\"https:\/\/guidetogreenland.com\/da\/reserver-ferie-rejser\/tasermiut-camp-nanortalik-sydgronland\/\",\"url\":\"https:\/\/guidetogreenland.com\/da\/reserver-ferie-rejser\/tasermiut-camp-nanortalik-sydgronland\/\",\"name\":\"Tasermiut Camp | Nanortalik | Sydgr\u00f8nland | Guide to Greenland\",\"isPartOf\":{\"@id\":\"https:\/\/guidetogreenland.com\/da\/#website\"},\"primaryImageOfPage\":{\"@id\":\"https:\/\/guidetogreenland.com\/da\/reserver-ferie-rejser\/tasermiut-camp-nanortalik-sydgronland\/#primaryimage\"},\"image\":{\"@id\":\"https:\/\/guidetogreenland.com\/da\/reserver-ferie-rejser\/tasermiut-camp-nanortalik-sydgronland\/#primaryimage\"},\"thumbnailUrl\":\"https:\/\/guidetogreenland.com\/wp-content\/uploads\/2020\/05\/tasermiut-camp-nanortalik-south-greenland-Guide-to-Greenland31.jpg\",\"datePublished\":\"2020-07-07T13:13:03+00:00\",\"dateModified\":\"2021-03-16T00:05:19+00:00\",\"description\":\"En overnatning p\u00e5 den arktiske tundra i Sydgr\u00f8nland. Et arktisk krydstogt for dig, nysgerrig efter den gr\u00f8nlandske iskappe og pukkelhvaler!\",\"breadcrumb\":{\"@id\":\"https:\/\/guidetogreenland.com\/da\/reserver-ferie-rejser\/tasermiut-camp-nanortalik-sydgronland\/#breadcrumb\"},\"inLanguage\":\"da-DK\",\"potentialAction\":[{\"@type\":\"ReadAction\",\"target\":[\"https:\/\/guidetogreenland.com\/da\/reserver-ferie-rejser\/tasermiut-camp-nanortalik-sydgronland\/\"]}]},{\"@type\":\"ImageObject\",\"inLanguage\":\"da-DK\",\"@id\":\"https:\/\/guidetogreenland.com\/da\/reserver-ferie-rejser\/tasermiut-camp-nanortalik-sydgronland\/#primaryimage\",\"url\":\"https:\/\/guidetogreenland.com\/wp-content\/uploads\/2020\/05\/tasermiut-camp-nanortalik-south-greenland-Guide-to-Greenland31.jpg\",\"contentUrl\":\"https:\/\/guidetogreenland.com\/wp-content\/uploads\/2020\/05\/tasermiut-camp-nanortalik-south-greenland-Guide-to-Greenland31.jpg\",\"width\":1580,\"height\":1185},{\"@type\":\"BreadcrumbList\",\"@id\":\"https:\/\/guidetogreenland.com\/da\/reserver-ferie-rejser\/tasermiut-camp-nanortalik-sydgronland\/#breadcrumb\",\"itemListElement\":[{\"@type\":\"ListItem\",\"position\":1,\"name\":\"Home\",\"item\":\"https:\/\/guidetogreenland.com\/da\/\"},{\"@type\":\"ListItem\",\"position\":2,\"name\":\"Se alle ture\",\"item\":\"https:\/\/guidetogreenland.com\/da\/reserver-ferie-rejser\/\"},{\"@type\":\"ListItem\",\"position\":3,\"name\":\"Tasermiut Camp | Nanortalik | Sydgr\u00f8nland\"}]},{\"@type\":\"WebSite\",\"@id\":\"https:\/\/guidetogreenland.com\/da\/#website\",\"url\":\"https:\/\/guidetogreenland.com\/da\/\",\"name\":\"Guide to Greenland\",\"description\":\"Largest selection of tours in Greenland\",\"potentialAction\":[{\"@type\":\"SearchAction\",\"target\":{\"@type\":\"EntryPoint\",\"urlTemplate\":\"https:\/\/guidetogreenland.com\/da\/?s={search_term_string}\"},\"query-input\":{\"@type\":\"PropertyValueSpecification\",\"valueRequired\":true,\"valueName\":\"search_term_string\"}}],\"inLanguage\":\"da-DK\"}]}<\/script>\n<!-- \/ Yoast SEO plugin. -->","yoast_head_json":{"title":"Tasermiut Camp | Nanortalik | Sydgr\u00f8nland | Guide to Greenland","description":"En overnatning p\u00e5 den arktiske tundra i Sydgr\u00f8nland. Et arktisk krydstogt for dig, nysgerrig efter den gr\u00f8nlandske iskappe og pukkelhvaler!","robots":{"index":"index","follow":"follow","max-snippet":"max-snippet:-1","max-image-preview":"max-image-preview:large","max-video-preview":"max-video-preview:-1"},"canonical":"https:\/\/guidetogreenland.com\/da\/reserver-ferie-rejser\/tasermiut-camp-nanortalik-sydgronland\/","og_locale":"da_DK","og_type":"article","og_title":"Tasermiut Camp | Nanortalik | Sydgr\u00f8nland | Guide to Greenland","og_description":"En overnatning p\u00e5 den arktiske tundra i Sydgr\u00f8nland. Et arktisk krydstogt for dig, nysgerrig efter den gr\u00f8nlandske iskappe og pukkelhvaler!","og_url":"https:\/\/guidetogreenland.com\/da\/reserver-ferie-rejser\/tasermiut-camp-nanortalik-sydgronland\/","og_site_name":"Guide to Greenland","article_modified_time":"2021-03-16T00:05:19+00:00","og_image":[{"width":1580,"height":1185,"url":"https:\/\/guidetogreenland.com\/wp-content\/uploads\/2020\/05\/tasermiut-camp-nanortalik-south-greenland-Guide-to-Greenland31.jpg","type":"image\/jpeg"}],"twitter_card":"summary_large_image","twitter_misc":{"Estimeret l\u00e6setid":"1 minut"},"schema":{"@context":"https:\/\/schema.org","@graph":[{"@type":"WebPage","@id":"https:\/\/guidetogreenland.com\/da\/reserver-ferie-rejser\/tasermiut-camp-nanortalik-sydgronland\/","url":"https:\/\/guidetogreenland.com\/da\/reserver-ferie-rejser\/tasermiut-camp-nanortalik-sydgronland\/","name":"Tasermiut Camp | Nanortalik | Sydgr\u00f8nland | Guide to Greenland","isPartOf":{"@id":"https:\/\/guidetogreenland.com\/da\/#website"},"primaryImageOfPage":{"@id":"https:\/\/guidetogreenland.com\/da\/reserver-ferie-rejser\/tasermiut-camp-nanortalik-sydgronland\/#primaryimage"},"image":{"@id":"https:\/\/guidetogreenland.com\/da\/reserver-ferie-rejser\/tasermiut-camp-nanortalik-sydgronland\/#primaryimage"},"thumbnailUrl":"https:\/\/guidetogreenland.com\/wp-content\/uploads\/2020\/05\/tasermiut-camp-nanortalik-south-greenland-Guide-to-Greenland31.jpg","datePublished":"2020-07-07T13:13:03+00:00","dateModified":"2021-03-16T00:05:19+00:00","description":"En overnatning p\u00e5 den arktiske tundra i Sydgr\u00f8nland. Et arktisk krydstogt for dig, nysgerrig efter den gr\u00f8nlandske iskappe og pukkelhvaler!","breadcrumb":{"@id":"https:\/\/guidetogreenland.com\/da\/reserver-ferie-rejser\/tasermiut-camp-nanortalik-sydgronland\/#breadcrumb"},"inLanguage":"da-DK","potentialAction":[{"@type":"ReadAction","target":["https:\/\/guidetogreenland.com\/da\/reserver-ferie-rejser\/tasermiut-camp-nanortalik-sydgronland\/"]}]},{"@type":"ImageObject","inLanguage":"da-DK","@id":"https:\/\/guidetogreenland.com\/da\/reserver-ferie-rejser\/tasermiut-camp-nanortalik-sydgronland\/#primaryimage","url":"https:\/\/guidetogreenland.com\/wp-content\/uploads\/2020\/05\/tasermiut-camp-nanortalik-south-greenland-Guide-to-Greenland31.jpg","contentUrl":"https:\/\/guidetogreenland.com\/wp-content\/uploads\/2020\/05\/tasermiut-camp-nanortalik-south-greenland-Guide-to-Greenland31.jpg","width":1580,"height":1185},{"@type":"BreadcrumbList","@id":"https:\/\/guidetogreenland.com\/da\/reserver-ferie-rejser\/tasermiut-camp-nanortalik-sydgronland\/#breadcrumb","itemListElement":[{"@type":"ListItem","position":1,"name":"Home","item":"https:\/\/guidetogreenland.com\/da\/"},{"@type":"ListItem","position":2,"name":"Se alle ture","item":"https:\/\/guidetogreenland.com\/da\/reserver-ferie-rejser\/"},{"@type":"ListItem","position":3,"name":"Tasermiut Camp | Nanortalik | Sydgr\u00f8nland"}]},{"@type":"WebSite","@id":"https:\/\/guidetogreenland.com\/da\/#website","url":"https:\/\/guidetogreenland.com\/da\/","name":"Guide to Greenland","description":"Largest selection of tours in Greenland","potentialAction":[{"@type":"SearchAction","target":{"@type":"EntryPoint","urlTemplate":"https:\/\/guidetogreenland.com\/da\/?s={search_term_string}"},"query-input":{"@type":"PropertyValueSpecification","valueRequired":true,"valueName":"search_term_string"}}],"inLanguage":"da-DK"}]}},"_links":{"self":[{"href":"https:\/\/guidetogreenland.com\/da\/wp-json\/wp\/v2\/product\/16686","targetHints":{"allow":["GET"]}}],"collection":[{"href":"https:\/\/guidetogreenland.com\/da\/wp-json\/wp\/v2\/product"}],"about":[{"href":"https:\/\/guidetogreenland.com\/da\/wp-json\/wp\/v2\/types\/product"}],"replies":[{"embeddable":true,"href":"https:\/\/guidetogreenland.com\/da\/wp-json\/wp\/v2\/comments?post=16686"}],"wp:featuredmedia":[{"embeddable":true,"href":"https:\/\/guidetogreenland.com\/da\/wp-json\/wp\/v2\/media\/16688"}],"wp:attachment":[{"href":"https:\/\/guidetogreenland.com\/da\/wp-json\/wp\/v2\/media?parent=16686"}],"wp:term":[{"taxonomy":"product_brand","embeddable":true,"href":"https:\/\/guidetogreenland.com\/da\/wp-json\/wp\/v2\/product_brand?post=16686"},{"taxonomy":"product_cat","embeddable":true,"href":"https:\/\/guidetogreenland.com\/da\/wp-json\/wp\/v2\/product_cat?post=16686"},{"taxonomy":"product_tag","embeddable":true,"href":"https:\/\/guidetogreenland.com\/da\/wp-json\/wp\/v2\/product_tag?post=16686"}],"curies":[{"name":"wp","href":"https:\/\/api.w.org\/{rel}","templated":true}]}}