{"id":16720,"date":"2020-06-11T17:53:14","date_gmt":"2020-06-11T17:53:14","guid":{"rendered":"https:\/\/guidetogreenland.com\/book-trips-holiday\/south-greenland-grand-adventure-8-days\/"},"modified":"2021-03-16T00:14:08","modified_gmt":"2021-03-16T00:14:08","slug":"south-greenland-grand-adventure-8-days","status":"publish","type":"product","link":"https:\/\/guidetogreenland.com\/da\/reserver-ferie-rejser\/sydgronlands-store-eventyr-8-dage\/","title":{"rendered":"Sydgr\u00f8nlands Store Eventyr | 8 Dage"},"content":{"rendered":"<p class=\"x-18pep25\">Kom med p\u00e5 denne 8-dags tur rundt i Sydgr\u00f8nland og oplev de mange sp\u00e6ndende sev\u00e6rdigheder omr\u00e5det har at byde p\u00e5. P\u00e5 turen vil du kunne opleve kulturelle aktiviteter, vandreture gennem det uber\u00f8rte landskab, bes\u00f8ge ruiner, f\u00e5 et historisk indblik og sejle forbi betagende isbjerge. Dette er for alle, der har lyst til at udforske Gr\u00f8nlands storesl\u00e5ede, mystiske natur. Du vil kunne bes\u00f8ge de lokale bygder og opleve kontrasten til de st\u00f8rre byer og alle steder m\u00f8de de venlige lokale.<\/p>\n<p class=\"e1imf5dp0 x-jm2771\">Turen inkluderer en hel uge af oplevelser, hvor du vil l\u00e6re Gr\u00f8nland bedre at kende p\u00e5 to m\u00e5der. Den ene er Gr\u00f8nland<span class=\"x-12abj6v e1uuu2lt3\">s betagende natur med k\u00e6mpe gletsjere som du vil pr\u00f8ve at vandre p\u00e5, isbjergene i fjordene og det flotte landskab. Den anden er de vidunderlige mennesker og lokale traditioner i byerne Narsaq eller Qaqortoq, samt i de idylliske bygder som Igaliku eller Qassiarsuk. I omr\u00e5det finder du ogs\u00e5 mange af de gamle ruiner fra vikingernes tid i Gr\u00f8nland.<\/span><\/p>\n<p class=\"e1imf5dp0 x-jm2771\"><span class=\"x-12abj6v e1uuu2lt3\">Gr\u00f8nland er et land, hvor der n\u00e6sten ikke er nogen infrastruktur p\u00e5 land, derfor m\u00e5 man ty til b\u00e5d om sommeren og i dette omr\u00e5de, snescooter om vinteren. Kom med p\u00e5 denne autentiske tur gennem Sydgr\u00f8nland. Se tilg\u00e6ngeligheden ved at trykke p\u00e5 &#8216;Tilf\u00f8j til din indk\u00f8bskurv&#8217; og book din tur i dag.<\/span><\/p>\n","protected":false},"excerpt":{"rendered":"Kom med p\u00e5 denne 8-dags tur rundt i Sydgr\u00f8nland og oplev de mange sp\u00e6ndende sev\u00e6rdigheder omr\u00e5det har at byde p\u00e5. P\u00e5 turen vil du kunne opleve kulturelle aktiviteter, vandreture gennem det uber\u00f8rte landskab, bes\u00f8ge ruiner, f\u00e5 et historisk indblik og sejle forbi betagende isbjerge. Dette er for alle, der har lyst til at udforske Gr\u00f8nlands&#8230;","protected":false},"featured_media":16722,"comment_status":"open","ping_status":"closed","template":"","meta":[],"product_brand":[],"product_cat":[854],"product_tag":[],"class_list":{"0":"post-16720","1":"product","2":"type-product","3":"status-publish","4":"has-post-thumbnail","6":"product_cat-uncategorized-da","7":"pa_activities-baadtur","8":"pa_activities-vandretur","9":"pa_activities-groenlandsk-kultur","10":"pa_activities-byrundtur","11":"pa_activities-gletscher-udsigt","12":"pa_activities-bygdebesoeg","13":"pa_attractions-blomsterdalen-tasiilaq-da","14":"pa_attractions-indlandsisen","15":"pa_attractions-qooroq-icefjord","16":"pa_attractions-sermilik-fjord","17":"pa_attractions-unesco-verdensarv-omraade","18":"pa_attractions-uunartoq-hot-springs-da","19":"pa_attractions-vikinge-ruiner","20":"pa_available-month-juli","21":"pa_available-month-august","22":"pa_destinations-narsarsuaq","23":"pa_difficulty-moderat","24":"pa_duration-8-dage","25":"pa_tour-type-flerdags-ture","26":"yith_shop_vendor-gj-travel-da","27":"yith_booking_service-departure-from-copenhagen-per-person","28":"yith_booking_service-single-room-supplement-mandatory-if-travelling-alone-2650","30":"first","31":"instock","32":"virtual","33":"sold-individually","34":"purchasable","35":"product-type-booking"},"acf":[],"yoast_head":"<!-- This site is optimized with the Yoast SEO plugin v25.6 - https:\/\/yoast.com\/wordpress\/plugins\/seo\/ -->\n<title>Sydgr\u00f8nlands Store Eventyr | 8 Dage | Guide to Greenland<\/title>\n<meta name=\"description\" content=\"En uge med gletschervandring, kraftig arktisk tundra og inuitkultur skal udforskes p\u00e5 denne tur. Bes\u00f8g Gr\u00f8nland fra Keflavik!\" \/>\n<meta name=\"robots\" content=\"index, follow, max-snippet:-1, max-image-preview:large, max-video-preview:-1\" \/>\n<link rel=\"canonical\" href=\"https:\/\/guidetogreenland.com\/da\/reserver-ferie-rejser\/sydgronlands-store-eventyr-8-dage\/\" \/>\n<meta property=\"og:locale\" content=\"da_DK\" \/>\n<meta property=\"og:type\" content=\"article\" \/>\n<meta property=\"og:title\" content=\"Sydgr\u00f8nlands Store Eventyr | 8 Dage | Guide to Greenland\" \/>\n<meta property=\"og:description\" content=\"En uge med gletschervandring, kraftig arktisk tundra og inuitkultur skal udforskes p\u00e5 denne tur. Bes\u00f8g Gr\u00f8nland fra Keflavik!\" \/>\n<meta property=\"og:url\" content=\"https:\/\/guidetogreenland.com\/da\/reserver-ferie-rejser\/sydgronlands-store-eventyr-8-dage\/\" \/>\n<meta property=\"og:site_name\" content=\"Guide to Greenland\" \/>\n<meta property=\"article:modified_time\" content=\"2021-03-16T00:14:08+00:00\" \/>\n<meta property=\"og:image\" content=\"https:\/\/guidetogreenland.com\/wp-content\/uploads\/2020\/05\/south-greenland-grand-adventure-8-days-day-Guide-to-Greenland14.jpg\" \/>\n\t<meta property=\"og:image:width\" content=\"926\" \/>\n\t<meta property=\"og:image:height\" content=\"463\" \/>\n\t<meta property=\"og:image:type\" content=\"image\/jpeg\" \/>\n<meta name=\"twitter:card\" content=\"summary_large_image\" \/>\n<meta name=\"twitter:label1\" content=\"Estimeret l\u00e6setid\" \/>\n\t<meta name=\"twitter:data1\" content=\"1 minut\" \/>\n<script type=\"application\/ld+json\" class=\"yoast-schema-graph\">{\"@context\":\"https:\/\/schema.org\",\"@graph\":[{\"@type\":\"WebPage\",\"@id\":\"https:\/\/guidetogreenland.com\/da\/reserver-ferie-rejser\/sydgronlands-store-eventyr-8-dage\/\",\"url\":\"https:\/\/guidetogreenland.com\/da\/reserver-ferie-rejser\/sydgronlands-store-eventyr-8-dage\/\",\"name\":\"Sydgr\u00f8nlands Store Eventyr | 8 Dage | Guide to Greenland\",\"isPartOf\":{\"@id\":\"https:\/\/guidetogreenland.com\/da\/#website\"},\"primaryImageOfPage\":{\"@id\":\"https:\/\/guidetogreenland.com\/da\/reserver-ferie-rejser\/sydgronlands-store-eventyr-8-dage\/#primaryimage\"},\"image\":{\"@id\":\"https:\/\/guidetogreenland.com\/da\/reserver-ferie-rejser\/sydgronlands-store-eventyr-8-dage\/#primaryimage\"},\"thumbnailUrl\":\"https:\/\/guidetogreenland.com\/wp-content\/uploads\/2020\/05\/south-greenland-grand-adventure-8-days-day-Guide-to-Greenland14.jpg\",\"datePublished\":\"2020-06-11T17:53:14+00:00\",\"dateModified\":\"2021-03-16T00:14:08+00:00\",\"description\":\"En uge med gletschervandring, kraftig arktisk tundra og inuitkultur skal udforskes p\u00e5 denne tur. Bes\u00f8g Gr\u00f8nland fra Keflavik!\",\"breadcrumb\":{\"@id\":\"https:\/\/guidetogreenland.com\/da\/reserver-ferie-rejser\/sydgronlands-store-eventyr-8-dage\/#breadcrumb\"},\"inLanguage\":\"da-DK\",\"potentialAction\":[{\"@type\":\"ReadAction\",\"target\":[\"https:\/\/guidetogreenland.com\/da\/reserver-ferie-rejser\/sydgronlands-store-eventyr-8-dage\/\"]}]},{\"@type\":\"ImageObject\",\"inLanguage\":\"da-DK\",\"@id\":\"https:\/\/guidetogreenland.com\/da\/reserver-ferie-rejser\/sydgronlands-store-eventyr-8-dage\/#primaryimage\",\"url\":\"https:\/\/guidetogreenland.com\/wp-content\/uploads\/2020\/05\/south-greenland-grand-adventure-8-days-day-Guide-to-Greenland14.jpg\",\"contentUrl\":\"https:\/\/guidetogreenland.com\/wp-content\/uploads\/2020\/05\/south-greenland-grand-adventure-8-days-day-Guide-to-Greenland14.jpg\",\"width\":926,\"height\":463},{\"@type\":\"BreadcrumbList\",\"@id\":\"https:\/\/guidetogreenland.com\/da\/reserver-ferie-rejser\/sydgronlands-store-eventyr-8-dage\/#breadcrumb\",\"itemListElement\":[{\"@type\":\"ListItem\",\"position\":1,\"name\":\"Home\",\"item\":\"https:\/\/guidetogreenland.com\/da\/\"},{\"@type\":\"ListItem\",\"position\":2,\"name\":\"Se alle ture\",\"item\":\"https:\/\/guidetogreenland.com\/da\/reserver-ferie-rejser\/\"},{\"@type\":\"ListItem\",\"position\":3,\"name\":\"Sydgr\u00f8nlands Store Eventyr | 8 Dage\"}]},{\"@type\":\"WebSite\",\"@id\":\"https:\/\/guidetogreenland.com\/da\/#website\",\"url\":\"https:\/\/guidetogreenland.com\/da\/\",\"name\":\"Guide to Greenland\",\"description\":\"Largest selection of tours in Greenland\",\"potentialAction\":[{\"@type\":\"SearchAction\",\"target\":{\"@type\":\"EntryPoint\",\"urlTemplate\":\"https:\/\/guidetogreenland.com\/da\/?s={search_term_string}\"},\"query-input\":{\"@type\":\"PropertyValueSpecification\",\"valueRequired\":true,\"valueName\":\"search_term_string\"}}],\"inLanguage\":\"da-DK\"}]}<\/script>\n<!-- \/ Yoast SEO plugin. -->","yoast_head_json":{"title":"Sydgr\u00f8nlands Store Eventyr | 8 Dage | Guide to Greenland","description":"En uge med gletschervandring, kraftig arktisk tundra og inuitkultur skal udforskes p\u00e5 denne tur. Bes\u00f8g Gr\u00f8nland fra Keflavik!","robots":{"index":"index","follow":"follow","max-snippet":"max-snippet:-1","max-image-preview":"max-image-preview:large","max-video-preview":"max-video-preview:-1"},"canonical":"https:\/\/guidetogreenland.com\/da\/reserver-ferie-rejser\/sydgronlands-store-eventyr-8-dage\/","og_locale":"da_DK","og_type":"article","og_title":"Sydgr\u00f8nlands Store Eventyr | 8 Dage | Guide to Greenland","og_description":"En uge med gletschervandring, kraftig arktisk tundra og inuitkultur skal udforskes p\u00e5 denne tur. Bes\u00f8g Gr\u00f8nland fra Keflavik!","og_url":"https:\/\/guidetogreenland.com\/da\/reserver-ferie-rejser\/sydgronlands-store-eventyr-8-dage\/","og_site_name":"Guide to Greenland","article_modified_time":"2021-03-16T00:14:08+00:00","og_image":[{"width":926,"height":463,"url":"https:\/\/guidetogreenland.com\/wp-content\/uploads\/2020\/05\/south-greenland-grand-adventure-8-days-day-Guide-to-Greenland14.jpg","type":"image\/jpeg"}],"twitter_card":"summary_large_image","twitter_misc":{"Estimeret l\u00e6setid":"1 minut"},"schema":{"@context":"https:\/\/schema.org","@graph":[{"@type":"WebPage","@id":"https:\/\/guidetogreenland.com\/da\/reserver-ferie-rejser\/sydgronlands-store-eventyr-8-dage\/","url":"https:\/\/guidetogreenland.com\/da\/reserver-ferie-rejser\/sydgronlands-store-eventyr-8-dage\/","name":"Sydgr\u00f8nlands Store Eventyr | 8 Dage | Guide to Greenland","isPartOf":{"@id":"https:\/\/guidetogreenland.com\/da\/#website"},"primaryImageOfPage":{"@id":"https:\/\/guidetogreenland.com\/da\/reserver-ferie-rejser\/sydgronlands-store-eventyr-8-dage\/#primaryimage"},"image":{"@id":"https:\/\/guidetogreenland.com\/da\/reserver-ferie-rejser\/sydgronlands-store-eventyr-8-dage\/#primaryimage"},"thumbnailUrl":"https:\/\/guidetogreenland.com\/wp-content\/uploads\/2020\/05\/south-greenland-grand-adventure-8-days-day-Guide-to-Greenland14.jpg","datePublished":"2020-06-11T17:53:14+00:00","dateModified":"2021-03-16T00:14:08+00:00","description":"En uge med gletschervandring, kraftig arktisk tundra og inuitkultur skal udforskes p\u00e5 denne tur. Bes\u00f8g Gr\u00f8nland fra Keflavik!","breadcrumb":{"@id":"https:\/\/guidetogreenland.com\/da\/reserver-ferie-rejser\/sydgronlands-store-eventyr-8-dage\/#breadcrumb"},"inLanguage":"da-DK","potentialAction":[{"@type":"ReadAction","target":["https:\/\/guidetogreenland.com\/da\/reserver-ferie-rejser\/sydgronlands-store-eventyr-8-dage\/"]}]},{"@type":"ImageObject","inLanguage":"da-DK","@id":"https:\/\/guidetogreenland.com\/da\/reserver-ferie-rejser\/sydgronlands-store-eventyr-8-dage\/#primaryimage","url":"https:\/\/guidetogreenland.com\/wp-content\/uploads\/2020\/05\/south-greenland-grand-adventure-8-days-day-Guide-to-Greenland14.jpg","contentUrl":"https:\/\/guidetogreenland.com\/wp-content\/uploads\/2020\/05\/south-greenland-grand-adventure-8-days-day-Guide-to-Greenland14.jpg","width":926,"height":463},{"@type":"BreadcrumbList","@id":"https:\/\/guidetogreenland.com\/da\/reserver-ferie-rejser\/sydgronlands-store-eventyr-8-dage\/#breadcrumb","itemListElement":[{"@type":"ListItem","position":1,"name":"Home","item":"https:\/\/guidetogreenland.com\/da\/"},{"@type":"ListItem","position":2,"name":"Se alle ture","item":"https:\/\/guidetogreenland.com\/da\/reserver-ferie-rejser\/"},{"@type":"ListItem","position":3,"name":"Sydgr\u00f8nlands Store Eventyr | 8 Dage"}]},{"@type":"WebSite","@id":"https:\/\/guidetogreenland.com\/da\/#website","url":"https:\/\/guidetogreenland.com\/da\/","name":"Guide to Greenland","description":"Largest selection of tours in Greenland","potentialAction":[{"@type":"SearchAction","target":{"@type":"EntryPoint","urlTemplate":"https:\/\/guidetogreenland.com\/da\/?s={search_term_string}"},"query-input":{"@type":"PropertyValueSpecification","valueRequired":true,"valueName":"search_term_string"}}],"inLanguage":"da-DK"}]}},"_links":{"self":[{"href":"https:\/\/guidetogreenland.com\/da\/wp-json\/wp\/v2\/product\/16720","targetHints":{"allow":["GET"]}}],"collection":[{"href":"https:\/\/guidetogreenland.com\/da\/wp-json\/wp\/v2\/product"}],"about":[{"href":"https:\/\/guidetogreenland.com\/da\/wp-json\/wp\/v2\/types\/product"}],"replies":[{"embeddable":true,"href":"https:\/\/guidetogreenland.com\/da\/wp-json\/wp\/v2\/comments?post=16720"}],"wp:featuredmedia":[{"embeddable":true,"href":"https:\/\/guidetogreenland.com\/da\/wp-json\/wp\/v2\/media\/16722"}],"wp:attachment":[{"href":"https:\/\/guidetogreenland.com\/da\/wp-json\/wp\/v2\/media?parent=16720"}],"wp:term":[{"taxonomy":"product_brand","embeddable":true,"href":"https:\/\/guidetogreenland.com\/da\/wp-json\/wp\/v2\/product_brand?post=16720"},{"taxonomy":"product_cat","embeddable":true,"href":"https:\/\/guidetogreenland.com\/da\/wp-json\/wp\/v2\/product_cat?post=16720"},{"taxonomy":"product_tag","embeddable":true,"href":"https:\/\/guidetogreenland.com\/da\/wp-json\/wp\/v2\/product_tag?post=16720"}],"curies":[{"name":"wp","href":"https:\/\/api.w.org\/{rel}","templated":true}]}}