{"id":16737,"date":"2020-06-12T13:09:25","date_gmt":"2020-06-12T13:09:25","guid":{"rendered":"https:\/\/guidetogreenland.com\/book-trips-holiday\/best-of-south-greenland-8-days-narsaq\/"},"modified":"2023-06-02T14:53:10","modified_gmt":"2023-06-02T17:53:10","slug":"best-of-south-greenland-8-days-narsaq","status":"publish","type":"product","link":"https:\/\/guidetogreenland.com\/da\/reserver-ferie-rejser\/det-bedste-af-sydgronland-8-dage-narsaq\/","title":{"rendered":"Det Bedste af Sydgr\u00f8nland | 8 Dage | Narsaq"},"content":{"rendered":"<p class=\"x-18pep25\">Det bedste af Sydgr\u00f8nland er hvad der venter dig p\u00e5 dette 8 dages eventyr.<\/p>\n<p class=\"x-18pep25\">Kom med p\u00e5 en sydgr\u00f8nlandsk oplevelsesrejse, et eventyr til havs og p\u00e5 land. Kombinationen af de to er hvad der g\u00f8r det til et rigtigt gr\u00f8nlandsk eventyr. Turen er for alle der elsker mystikken der omgiver Sydgr\u00f8nland. Sydgr\u00f8nland tilbyder en fantastisk mulighed for b\u00e5de at se gletsjere, isbjerge og det utrolig frugtbare landskab.<\/p>\n<p class=\"e1imf5dp0 x-jm2771\">Sydgr\u00f8nland er anderledes end resten af Gr\u00f8nland ved at der ikke er s\u00e5 langt imellem bygderne, s\u00e5 man p\u00e5 kortere tid kan rejse imellem de forskellige steder, s\u00e5 med b\u00e5d og til fods. De n\u00e6ste 8 d<span class=\"x-12abj6v e1uuu2lt3\">age vil blive brugt p\u00e5 at udforske Erik Den R\u00f8de&#8217;s fjord. Erik Den R\u00f8de slog sig ned i Gr\u00f8nland for over 1000 \u00e5r siden og gav landet dets navn, det bliver sagt at han stadig hjems\u00f8ger fjordene i Sydgr\u00f8nland, som hans legende lever videre. Fjorden gemmer p\u00e5 mange skatte &#8211; de gamle nordbo ruiner, varme kilder og gletsjere.<\/span><\/p>\n<p class=\"e1imf5dp0 x-jm2771\"><span class=\"x-12abj6v e1uuu2lt3\">Eventyret tager dig til flere destinationer rundt i Sydgr\u00f8nland, som beskrevet i rejsebeskrivelsen. Turen inkluderer daglige b\u00e5dture og overnatning. Du og dine medrejsende kommer til at overnatte i den charmerende by Narsaq i g\u00e6stehuset Niviarsiaq, i en idyllisk beliggenhed, hvor hestene st\u00e5r roligt og gr\u00e6sser udenfor. Du vil overnatte i et dobbeltv\u00e6relse med en dobbeltseng eller to enkeltsenge. Hvis du er interesseret i at have et v\u00e6relse for dig selv, kan du booke enkelt v\u00e6relse som ekstra. Eventyret foreg\u00e5r p\u00e5 en Flipper 630 HT, en b\u00e5d med 6 siddepladser.<\/span><\/p>\n<p class=\"e1imf5dp0 x-jm2771\"><span class=\"x-12abj6v e1uuu2lt3\">Find dine vandrest\u00f8vler frem og husk kameraet! Se tilg\u00e6ngeligheden ved at trykke p\u00e5 &#8216;V\u00e6lg dato&#8217; ovenover og book din tur nu.<\/span><\/p>\n","protected":false},"excerpt":{"rendered":"Det bedste af Sydgr\u00f8nland er hvad der venter dig p\u00e5 dette 8 dages eventyr. Kom med p\u00e5 en sydgr\u00f8nlandsk oplevelsesrejse, et eventyr til havs og p\u00e5 land. Kombinationen af de to er hvad der g\u00f8r det til et rigtigt gr\u00f8nlandsk eventyr. Turen er for alle der elsker mystikken der omgiver Sydgr\u00f8nland. Sydgr\u00f8nland tilbyder en fantastisk&#8230;","protected":false},"featured_media":16762,"comment_status":"open","ping_status":"closed","template":"","meta":[],"product_brand":[],"product_cat":[614,593,635,640,632,615,625],"product_tag":[],"class_list":{"0":"post-16737","1":"product","2":"type-product","3":"status-publish","4":"has-post-thumbnail","6":"product_cat-gletsjer-og-indlandsisen","7":"product_cat-oplevelser-i-groenland","8":"product_cat-pakkerejser","9":"product_cat-sommerrejser","10":"product_cat-sydgroenland","11":"product_cat-ture-til-varme-kilder","12":"product_cat-ture-til-verdensarv-steder-i-groenland","13":"pa_activities-baadtur","14":"pa_activities-fiskeri","15":"pa_activities-groenlandsk-kultur","16":"pa_activities-gletscher-udsigt","17":"pa_activities-hot-spring-bathing-da","18":"pa_activities-isbjerg-udsigt","19":"pa_activities-hval-safari","20":"pa_activities-bygdebesoeg","21":"pa_attractions-qooroq-icefjord","22":"pa_attractions-unesco-verdensarv-omraade","23":"pa_attractions-uunartoq-hot-springs-da","24":"pa_attractions-vikinge-ruiner","25":"pa_available-month-juni","26":"pa_available-month-juli","27":"pa_available-month-august","28":"pa_available-month-september","29":"pa_destinations-narsaq","30":"pa_difficulty-moderat","31":"pa_duration-8-dage","32":"pa_tour-type-flerdags-ture","33":"yith_shop_vendor-hkm-travel-da","35":"first","36":"instock","37":"virtual","38":"sold-individually","39":"purchasable","40":"product-type-booking"},"acf":[],"yoast_head":"<!-- This site is optimized with the Yoast SEO plugin v25.6 - https:\/\/yoast.com\/wordpress\/plugins\/seo\/ -->\n<title>Det Bedste af Sydgr\u00f8nland | 8 Dage | Narsaq | Guide to Greenland<\/title>\n<meta name=\"description\" content=\"Oplev gletsjere, isbjerge, arktiske varme kilder og skove fra Narsaq. Et 8-dages eventyr for dig, der elsker Gr\u00f8nland!\" \/>\n<meta name=\"robots\" content=\"index, follow, max-snippet:-1, max-image-preview:large, max-video-preview:-1\" \/>\n<link rel=\"canonical\" href=\"https:\/\/guidetogreenland.com\/da\/reserver-ferie-rejser\/det-bedste-af-sydgronland-8-dage-narsaq\/\" \/>\n<meta property=\"og:locale\" content=\"da_DK\" \/>\n<meta property=\"og:type\" content=\"article\" \/>\n<meta property=\"og:title\" content=\"Det Bedste af Sydgr\u00f8nland | 8 Dage | Narsaq | Guide to Greenland\" \/>\n<meta property=\"og:description\" content=\"Oplev gletsjere, isbjerge, arktiske varme kilder og skove fra Narsaq. Et 8-dages eventyr for dig, der elsker Gr\u00f8nland!\" \/>\n<meta property=\"og:url\" content=\"https:\/\/guidetogreenland.com\/da\/reserver-ferie-rejser\/det-bedste-af-sydgronland-8-dage-narsaq\/\" \/>\n<meta property=\"og:site_name\" content=\"Guide to Greenland\" \/>\n<meta property=\"article:modified_time\" content=\"2023-06-02T17:53:10+00:00\" \/>\n<meta property=\"og:image\" content=\"https:\/\/guidetogreenland.com\/wp-content\/uploads\/2020\/05\/best-of-south-greenland-8-days-narsaq-Guide-to-Greenland25.jpg\" \/>\n\t<meta property=\"og:image:width\" content=\"798\" \/>\n\t<meta property=\"og:image:height\" content=\"533\" \/>\n\t<meta property=\"og:image:type\" content=\"image\/jpeg\" \/>\n<meta name=\"twitter:card\" content=\"summary_large_image\" \/>\n<meta name=\"twitter:label1\" content=\"Estimeret l\u00e6setid\" \/>\n\t<meta name=\"twitter:data1\" content=\"2 minutter\" \/>\n<script type=\"application\/ld+json\" class=\"yoast-schema-graph\">{\"@context\":\"https:\/\/schema.org\",\"@graph\":[{\"@type\":\"WebPage\",\"@id\":\"https:\/\/guidetogreenland.com\/da\/reserver-ferie-rejser\/det-bedste-af-sydgronland-8-dage-narsaq\/\",\"url\":\"https:\/\/guidetogreenland.com\/da\/reserver-ferie-rejser\/det-bedste-af-sydgronland-8-dage-narsaq\/\",\"name\":\"Det Bedste af Sydgr\u00f8nland | 8 Dage | Narsaq | Guide to Greenland\",\"isPartOf\":{\"@id\":\"https:\/\/guidetogreenland.com\/da\/#website\"},\"primaryImageOfPage\":{\"@id\":\"https:\/\/guidetogreenland.com\/da\/reserver-ferie-rejser\/det-bedste-af-sydgronland-8-dage-narsaq\/#primaryimage\"},\"image\":{\"@id\":\"https:\/\/guidetogreenland.com\/da\/reserver-ferie-rejser\/det-bedste-af-sydgronland-8-dage-narsaq\/#primaryimage\"},\"thumbnailUrl\":\"https:\/\/guidetogreenland.com\/wp-content\/uploads\/2020\/05\/best-of-south-greenland-8-days-narsaq-Guide-to-Greenland25.jpg\",\"datePublished\":\"2020-06-12T13:09:25+00:00\",\"dateModified\":\"2023-06-02T17:53:10+00:00\",\"description\":\"Oplev gletsjere, isbjerge, arktiske varme kilder og skove fra Narsaq. Et 8-dages eventyr for dig, der elsker Gr\u00f8nland!\",\"breadcrumb\":{\"@id\":\"https:\/\/guidetogreenland.com\/da\/reserver-ferie-rejser\/det-bedste-af-sydgronland-8-dage-narsaq\/#breadcrumb\"},\"inLanguage\":\"da-DK\",\"potentialAction\":[{\"@type\":\"ReadAction\",\"target\":[\"https:\/\/guidetogreenland.com\/da\/reserver-ferie-rejser\/det-bedste-af-sydgronland-8-dage-narsaq\/\"]}]},{\"@type\":\"ImageObject\",\"inLanguage\":\"da-DK\",\"@id\":\"https:\/\/guidetogreenland.com\/da\/reserver-ferie-rejser\/det-bedste-af-sydgronland-8-dage-narsaq\/#primaryimage\",\"url\":\"https:\/\/guidetogreenland.com\/wp-content\/uploads\/2020\/05\/best-of-south-greenland-8-days-narsaq-Guide-to-Greenland25.jpg\",\"contentUrl\":\"https:\/\/guidetogreenland.com\/wp-content\/uploads\/2020\/05\/best-of-south-greenland-8-days-narsaq-Guide-to-Greenland25.jpg\",\"width\":798,\"height\":533},{\"@type\":\"BreadcrumbList\",\"@id\":\"https:\/\/guidetogreenland.com\/da\/reserver-ferie-rejser\/det-bedste-af-sydgronland-8-dage-narsaq\/#breadcrumb\",\"itemListElement\":[{\"@type\":\"ListItem\",\"position\":1,\"name\":\"Home\",\"item\":\"https:\/\/guidetogreenland.com\/da\/\"},{\"@type\":\"ListItem\",\"position\":2,\"name\":\"Se alle ture\",\"item\":\"https:\/\/guidetogreenland.com\/da\/reserver-ferie-rejser\/\"},{\"@type\":\"ListItem\",\"position\":3,\"name\":\"Det Bedste af Sydgr\u00f8nland | 8 Dage | Narsaq\"}]},{\"@type\":\"WebSite\",\"@id\":\"https:\/\/guidetogreenland.com\/da\/#website\",\"url\":\"https:\/\/guidetogreenland.com\/da\/\",\"name\":\"Guide to Greenland\",\"description\":\"Largest selection of tours in Greenland\",\"potentialAction\":[{\"@type\":\"SearchAction\",\"target\":{\"@type\":\"EntryPoint\",\"urlTemplate\":\"https:\/\/guidetogreenland.com\/da\/?s={search_term_string}\"},\"query-input\":{\"@type\":\"PropertyValueSpecification\",\"valueRequired\":true,\"valueName\":\"search_term_string\"}}],\"inLanguage\":\"da-DK\"}]}<\/script>\n<!-- \/ Yoast SEO plugin. -->","yoast_head_json":{"title":"Det Bedste af Sydgr\u00f8nland | 8 Dage | Narsaq | Guide to Greenland","description":"Oplev gletsjere, isbjerge, arktiske varme kilder og skove fra Narsaq. Et 8-dages eventyr for dig, der elsker Gr\u00f8nland!","robots":{"index":"index","follow":"follow","max-snippet":"max-snippet:-1","max-image-preview":"max-image-preview:large","max-video-preview":"max-video-preview:-1"},"canonical":"https:\/\/guidetogreenland.com\/da\/reserver-ferie-rejser\/det-bedste-af-sydgronland-8-dage-narsaq\/","og_locale":"da_DK","og_type":"article","og_title":"Det Bedste af Sydgr\u00f8nland | 8 Dage | Narsaq | Guide to Greenland","og_description":"Oplev gletsjere, isbjerge, arktiske varme kilder og skove fra Narsaq. Et 8-dages eventyr for dig, der elsker Gr\u00f8nland!","og_url":"https:\/\/guidetogreenland.com\/da\/reserver-ferie-rejser\/det-bedste-af-sydgronland-8-dage-narsaq\/","og_site_name":"Guide to Greenland","article_modified_time":"2023-06-02T17:53:10+00:00","og_image":[{"width":798,"height":533,"url":"https:\/\/guidetogreenland.com\/wp-content\/uploads\/2020\/05\/best-of-south-greenland-8-days-narsaq-Guide-to-Greenland25.jpg","type":"image\/jpeg"}],"twitter_card":"summary_large_image","twitter_misc":{"Estimeret l\u00e6setid":"2 minutter"},"schema":{"@context":"https:\/\/schema.org","@graph":[{"@type":"WebPage","@id":"https:\/\/guidetogreenland.com\/da\/reserver-ferie-rejser\/det-bedste-af-sydgronland-8-dage-narsaq\/","url":"https:\/\/guidetogreenland.com\/da\/reserver-ferie-rejser\/det-bedste-af-sydgronland-8-dage-narsaq\/","name":"Det Bedste af Sydgr\u00f8nland | 8 Dage | Narsaq | Guide to Greenland","isPartOf":{"@id":"https:\/\/guidetogreenland.com\/da\/#website"},"primaryImageOfPage":{"@id":"https:\/\/guidetogreenland.com\/da\/reserver-ferie-rejser\/det-bedste-af-sydgronland-8-dage-narsaq\/#primaryimage"},"image":{"@id":"https:\/\/guidetogreenland.com\/da\/reserver-ferie-rejser\/det-bedste-af-sydgronland-8-dage-narsaq\/#primaryimage"},"thumbnailUrl":"https:\/\/guidetogreenland.com\/wp-content\/uploads\/2020\/05\/best-of-south-greenland-8-days-narsaq-Guide-to-Greenland25.jpg","datePublished":"2020-06-12T13:09:25+00:00","dateModified":"2023-06-02T17:53:10+00:00","description":"Oplev gletsjere, isbjerge, arktiske varme kilder og skove fra Narsaq. Et 8-dages eventyr for dig, der elsker Gr\u00f8nland!","breadcrumb":{"@id":"https:\/\/guidetogreenland.com\/da\/reserver-ferie-rejser\/det-bedste-af-sydgronland-8-dage-narsaq\/#breadcrumb"},"inLanguage":"da-DK","potentialAction":[{"@type":"ReadAction","target":["https:\/\/guidetogreenland.com\/da\/reserver-ferie-rejser\/det-bedste-af-sydgronland-8-dage-narsaq\/"]}]},{"@type":"ImageObject","inLanguage":"da-DK","@id":"https:\/\/guidetogreenland.com\/da\/reserver-ferie-rejser\/det-bedste-af-sydgronland-8-dage-narsaq\/#primaryimage","url":"https:\/\/guidetogreenland.com\/wp-content\/uploads\/2020\/05\/best-of-south-greenland-8-days-narsaq-Guide-to-Greenland25.jpg","contentUrl":"https:\/\/guidetogreenland.com\/wp-content\/uploads\/2020\/05\/best-of-south-greenland-8-days-narsaq-Guide-to-Greenland25.jpg","width":798,"height":533},{"@type":"BreadcrumbList","@id":"https:\/\/guidetogreenland.com\/da\/reserver-ferie-rejser\/det-bedste-af-sydgronland-8-dage-narsaq\/#breadcrumb","itemListElement":[{"@type":"ListItem","position":1,"name":"Home","item":"https:\/\/guidetogreenland.com\/da\/"},{"@type":"ListItem","position":2,"name":"Se alle ture","item":"https:\/\/guidetogreenland.com\/da\/reserver-ferie-rejser\/"},{"@type":"ListItem","position":3,"name":"Det Bedste af Sydgr\u00f8nland | 8 Dage | Narsaq"}]},{"@type":"WebSite","@id":"https:\/\/guidetogreenland.com\/da\/#website","url":"https:\/\/guidetogreenland.com\/da\/","name":"Guide to Greenland","description":"Largest selection of tours in Greenland","potentialAction":[{"@type":"SearchAction","target":{"@type":"EntryPoint","urlTemplate":"https:\/\/guidetogreenland.com\/da\/?s={search_term_string}"},"query-input":{"@type":"PropertyValueSpecification","valueRequired":true,"valueName":"search_term_string"}}],"inLanguage":"da-DK"}]}},"_links":{"self":[{"href":"https:\/\/guidetogreenland.com\/da\/wp-json\/wp\/v2\/product\/16737","targetHints":{"allow":["GET"]}}],"collection":[{"href":"https:\/\/guidetogreenland.com\/da\/wp-json\/wp\/v2\/product"}],"about":[{"href":"https:\/\/guidetogreenland.com\/da\/wp-json\/wp\/v2\/types\/product"}],"replies":[{"embeddable":true,"href":"https:\/\/guidetogreenland.com\/da\/wp-json\/wp\/v2\/comments?post=16737"}],"wp:featuredmedia":[{"embeddable":true,"href":"https:\/\/guidetogreenland.com\/da\/wp-json\/wp\/v2\/media\/16762"}],"wp:attachment":[{"href":"https:\/\/guidetogreenland.com\/da\/wp-json\/wp\/v2\/media?parent=16737"}],"wp:term":[{"taxonomy":"product_brand","embeddable":true,"href":"https:\/\/guidetogreenland.com\/da\/wp-json\/wp\/v2\/product_brand?post=16737"},{"taxonomy":"product_cat","embeddable":true,"href":"https:\/\/guidetogreenland.com\/da\/wp-json\/wp\/v2\/product_cat?post=16737"},{"taxonomy":"product_tag","embeddable":true,"href":"https:\/\/guidetogreenland.com\/da\/wp-json\/wp\/v2\/product_tag?post=16737"}],"curies":[{"name":"wp","href":"https:\/\/api.w.org\/{rel}","templated":true}]}}