{"id":16764,"date":"2020-07-28T13:47:18","date_gmt":"2020-07-28T13:47:18","guid":{"rendered":"https:\/\/guidetogreenland.com\/book-trips-holiday\/boat-charter-narsaq-south-greenland\/"},"modified":"2021-03-16T00:37:28","modified_gmt":"2021-03-16T00:37:28","slug":"boat-charter-narsaq-south-greenland","status":"publish","type":"product","link":"https:\/\/guidetogreenland.com\/da\/reserver-ferie-rejser\/bad-charter-narsaq-sydgronland\/","title":{"rendered":"B\u00e5d Charter | Narsaq | Sydgr\u00f8nland"},"content":{"rendered":"<p class=\"x-18pep25\">Skr\u00e6ddersy dit eget sydgr\u00f8nlandske eventyr med fra Narsaq. HKM Travel tilbyder mange forskellige tur-muligheder rundt i Erik Den R\u00f8de&#8217;s fjord. Bes\u00f8g en aktiv gletsjer, bad i eksotiske varmekilder p\u00e5 Uunartoq \u00f8, se gamle nordbo ruiner eller tag p\u00e5 en simpel fisketur efter torsk eller \u00f8rred. HKM Travel arrangerer ogs\u00e5 jagt efter rensdyr og moskus i jagts\u00e6sonen. Charterturen inkluderer 1 times sejllads for 1.500, som ogs\u00e5 inkluderer 1 til 6 passagerer. Yderligere timer koster 1.500 kr. Dette er for dig og dine medrejsende, der ikke g\u00e5r p\u00e5 kompromis med eventyr og tid. Hvis der er andre ting du \u00f8nsker at opleve er Guide to Greenland og HKM Travel klar til at vejlede, inspirere og hj\u00e6lpe dig til at finde den perfekte tur.<\/p>\n<p class=\"e1imf5dp0 x-jm2771\">Se tilg\u00e6ngeligheden ved at trykke p\u00e5 &#8216;V\u00e6lg dato&#8217; ovenover.<\/p>\n","protected":false},"excerpt":{"rendered":"Skr\u00e6ddersy dit eget sydgr\u00f8nlandske eventyr med fra Narsaq. HKM Travel tilbyder mange forskellige tur-muligheder rundt i Erik Den R\u00f8de&#8217;s fjord. Bes\u00f8g en aktiv gletsjer, bad i eksotiske varmekilder p\u00e5 Uunartoq \u00f8, se gamle nordbo ruiner eller tag p\u00e5 en simpel fisketur efter torsk eller \u00f8rred. HKM Travel arrangerer ogs\u00e5 jagt efter rensdyr og moskus i&#8230;","protected":false},"featured_media":16765,"comment_status":"open","ping_status":"closed","template":"","meta":[],"product_brand":[],"product_cat":[594,621,605,593],"product_tag":[],"class_list":{"0":"post-16764","1":"product","2":"type-product","3":"status-publish","4":"has-post-thumbnail","6":"product_cat-baadture","7":"product_cat-charterture","8":"product_cat-dagsture-om-sommeren","9":"product_cat-oplevelser-i-groenland","10":"pa_activities-baadtur","11":"pa_destinations-narsaq","12":"pa_difficulty-let","13":"pa_duration-1-5-time","14":"pa_tour-type-dagsture","15":"yith_shop_vendor-hkm-travel-da","17":"first","18":"instock","19":"virtual","20":"sold-individually","21":"purchasable","22":"product-type-booking"},"acf":[],"yoast_head":"<!-- This site is optimized with the Yoast SEO plugin v25.6 - https:\/\/yoast.com\/wordpress\/plugins\/seo\/ -->\n<title>B\u00e5d Charter | Narsaq | Sydgr\u00f8nland | Guide to Greenland<\/title>\n<meta name=\"description\" content=\"Vil du sejle de gr\u00f8nlandske have i selskab med isbjerge, pukkelhvaler og s\u00e6ler? S\u00e5 er dette b\u00e5dcharter kun noget for dig.\" \/>\n<meta name=\"robots\" content=\"index, follow, max-snippet:-1, max-image-preview:large, max-video-preview:-1\" \/>\n<link rel=\"canonical\" href=\"https:\/\/guidetogreenland.com\/da\/reserver-ferie-rejser\/bad-charter-narsaq-sydgronland\/\" \/>\n<meta property=\"og:locale\" content=\"da_DK\" \/>\n<meta property=\"og:type\" content=\"article\" \/>\n<meta property=\"og:title\" content=\"B\u00e5d Charter | Narsaq | Sydgr\u00f8nland | Guide to Greenland\" \/>\n<meta property=\"og:description\" content=\"Vil du sejle de gr\u00f8nlandske have i selskab med isbjerge, pukkelhvaler og s\u00e6ler? S\u00e5 er dette b\u00e5dcharter kun noget for dig.\" \/>\n<meta property=\"og:url\" content=\"https:\/\/guidetogreenland.com\/da\/reserver-ferie-rejser\/bad-charter-narsaq-sydgronland\/\" \/>\n<meta property=\"og:site_name\" content=\"Guide to Greenland\" \/>\n<meta property=\"article:modified_time\" content=\"2021-03-16T00:37:28+00:00\" \/>\n<meta property=\"og:image\" content=\"https:\/\/guidetogreenland.com\/wp-content\/uploads\/2020\/05\/Boat-Charter-Narsaq-South-Greenland-Guide-to-Greenland1.jpeg\" \/>\n\t<meta property=\"og:image:width\" content=\"439\" \/>\n\t<meta property=\"og:image:height\" content=\"659\" \/>\n\t<meta property=\"og:image:type\" content=\"image\/jpeg\" \/>\n<meta name=\"twitter:card\" content=\"summary_large_image\" \/>\n<meta name=\"twitter:label1\" content=\"Estimeret l\u00e6setid\" \/>\n\t<meta name=\"twitter:data1\" content=\"1 minut\" \/>\n<script type=\"application\/ld+json\" class=\"yoast-schema-graph\">{\"@context\":\"https:\/\/schema.org\",\"@graph\":[{\"@type\":\"WebPage\",\"@id\":\"https:\/\/guidetogreenland.com\/da\/reserver-ferie-rejser\/bad-charter-narsaq-sydgronland\/\",\"url\":\"https:\/\/guidetogreenland.com\/da\/reserver-ferie-rejser\/bad-charter-narsaq-sydgronland\/\",\"name\":\"B\u00e5d Charter | Narsaq | Sydgr\u00f8nland | Guide to Greenland\",\"isPartOf\":{\"@id\":\"https:\/\/guidetogreenland.com\/da\/#website\"},\"primaryImageOfPage\":{\"@id\":\"https:\/\/guidetogreenland.com\/da\/reserver-ferie-rejser\/bad-charter-narsaq-sydgronland\/#primaryimage\"},\"image\":{\"@id\":\"https:\/\/guidetogreenland.com\/da\/reserver-ferie-rejser\/bad-charter-narsaq-sydgronland\/#primaryimage\"},\"thumbnailUrl\":\"https:\/\/guidetogreenland.com\/wp-content\/uploads\/2020\/05\/Boat-Charter-Narsaq-South-Greenland-Guide-to-Greenland1.jpeg\",\"datePublished\":\"2020-07-28T13:47:18+00:00\",\"dateModified\":\"2021-03-16T00:37:28+00:00\",\"description\":\"Vil du sejle de gr\u00f8nlandske have i selskab med isbjerge, pukkelhvaler og s\u00e6ler? S\u00e5 er dette b\u00e5dcharter kun noget for dig.\",\"breadcrumb\":{\"@id\":\"https:\/\/guidetogreenland.com\/da\/reserver-ferie-rejser\/bad-charter-narsaq-sydgronland\/#breadcrumb\"},\"inLanguage\":\"da-DK\",\"potentialAction\":[{\"@type\":\"ReadAction\",\"target\":[\"https:\/\/guidetogreenland.com\/da\/reserver-ferie-rejser\/bad-charter-narsaq-sydgronland\/\"]}]},{\"@type\":\"ImageObject\",\"inLanguage\":\"da-DK\",\"@id\":\"https:\/\/guidetogreenland.com\/da\/reserver-ferie-rejser\/bad-charter-narsaq-sydgronland\/#primaryimage\",\"url\":\"https:\/\/guidetogreenland.com\/wp-content\/uploads\/2020\/05\/Boat-Charter-Narsaq-South-Greenland-Guide-to-Greenland1.jpeg\",\"contentUrl\":\"https:\/\/guidetogreenland.com\/wp-content\/uploads\/2020\/05\/Boat-Charter-Narsaq-South-Greenland-Guide-to-Greenland1.jpeg\",\"width\":439,\"height\":659},{\"@type\":\"BreadcrumbList\",\"@id\":\"https:\/\/guidetogreenland.com\/da\/reserver-ferie-rejser\/bad-charter-narsaq-sydgronland\/#breadcrumb\",\"itemListElement\":[{\"@type\":\"ListItem\",\"position\":1,\"name\":\"Home\",\"item\":\"https:\/\/guidetogreenland.com\/da\/\"},{\"@type\":\"ListItem\",\"position\":2,\"name\":\"Se alle ture\",\"item\":\"https:\/\/guidetogreenland.com\/da\/reserver-ferie-rejser\/\"},{\"@type\":\"ListItem\",\"position\":3,\"name\":\"B\u00e5d Charter | Narsaq | Sydgr\u00f8nland\"}]},{\"@type\":\"WebSite\",\"@id\":\"https:\/\/guidetogreenland.com\/da\/#website\",\"url\":\"https:\/\/guidetogreenland.com\/da\/\",\"name\":\"Guide to Greenland\",\"description\":\"Largest selection of tours in Greenland\",\"potentialAction\":[{\"@type\":\"SearchAction\",\"target\":{\"@type\":\"EntryPoint\",\"urlTemplate\":\"https:\/\/guidetogreenland.com\/da\/?s={search_term_string}\"},\"query-input\":{\"@type\":\"PropertyValueSpecification\",\"valueRequired\":true,\"valueName\":\"search_term_string\"}}],\"inLanguage\":\"da-DK\"}]}<\/script>\n<!-- \/ Yoast SEO plugin. -->","yoast_head_json":{"title":"B\u00e5d Charter | Narsaq | Sydgr\u00f8nland | Guide to Greenland","description":"Vil du sejle de gr\u00f8nlandske have i selskab med isbjerge, pukkelhvaler og s\u00e6ler? S\u00e5 er dette b\u00e5dcharter kun noget for dig.","robots":{"index":"index","follow":"follow","max-snippet":"max-snippet:-1","max-image-preview":"max-image-preview:large","max-video-preview":"max-video-preview:-1"},"canonical":"https:\/\/guidetogreenland.com\/da\/reserver-ferie-rejser\/bad-charter-narsaq-sydgronland\/","og_locale":"da_DK","og_type":"article","og_title":"B\u00e5d Charter | Narsaq | Sydgr\u00f8nland | Guide to Greenland","og_description":"Vil du sejle de gr\u00f8nlandske have i selskab med isbjerge, pukkelhvaler og s\u00e6ler? S\u00e5 er dette b\u00e5dcharter kun noget for dig.","og_url":"https:\/\/guidetogreenland.com\/da\/reserver-ferie-rejser\/bad-charter-narsaq-sydgronland\/","og_site_name":"Guide to Greenland","article_modified_time":"2021-03-16T00:37:28+00:00","og_image":[{"width":439,"height":659,"url":"https:\/\/guidetogreenland.com\/wp-content\/uploads\/2020\/05\/Boat-Charter-Narsaq-South-Greenland-Guide-to-Greenland1.jpeg","type":"image\/jpeg"}],"twitter_card":"summary_large_image","twitter_misc":{"Estimeret l\u00e6setid":"1 minut"},"schema":{"@context":"https:\/\/schema.org","@graph":[{"@type":"WebPage","@id":"https:\/\/guidetogreenland.com\/da\/reserver-ferie-rejser\/bad-charter-narsaq-sydgronland\/","url":"https:\/\/guidetogreenland.com\/da\/reserver-ferie-rejser\/bad-charter-narsaq-sydgronland\/","name":"B\u00e5d Charter | Narsaq | Sydgr\u00f8nland | Guide to Greenland","isPartOf":{"@id":"https:\/\/guidetogreenland.com\/da\/#website"},"primaryImageOfPage":{"@id":"https:\/\/guidetogreenland.com\/da\/reserver-ferie-rejser\/bad-charter-narsaq-sydgronland\/#primaryimage"},"image":{"@id":"https:\/\/guidetogreenland.com\/da\/reserver-ferie-rejser\/bad-charter-narsaq-sydgronland\/#primaryimage"},"thumbnailUrl":"https:\/\/guidetogreenland.com\/wp-content\/uploads\/2020\/05\/Boat-Charter-Narsaq-South-Greenland-Guide-to-Greenland1.jpeg","datePublished":"2020-07-28T13:47:18+00:00","dateModified":"2021-03-16T00:37:28+00:00","description":"Vil du sejle de gr\u00f8nlandske have i selskab med isbjerge, pukkelhvaler og s\u00e6ler? S\u00e5 er dette b\u00e5dcharter kun noget for dig.","breadcrumb":{"@id":"https:\/\/guidetogreenland.com\/da\/reserver-ferie-rejser\/bad-charter-narsaq-sydgronland\/#breadcrumb"},"inLanguage":"da-DK","potentialAction":[{"@type":"ReadAction","target":["https:\/\/guidetogreenland.com\/da\/reserver-ferie-rejser\/bad-charter-narsaq-sydgronland\/"]}]},{"@type":"ImageObject","inLanguage":"da-DK","@id":"https:\/\/guidetogreenland.com\/da\/reserver-ferie-rejser\/bad-charter-narsaq-sydgronland\/#primaryimage","url":"https:\/\/guidetogreenland.com\/wp-content\/uploads\/2020\/05\/Boat-Charter-Narsaq-South-Greenland-Guide-to-Greenland1.jpeg","contentUrl":"https:\/\/guidetogreenland.com\/wp-content\/uploads\/2020\/05\/Boat-Charter-Narsaq-South-Greenland-Guide-to-Greenland1.jpeg","width":439,"height":659},{"@type":"BreadcrumbList","@id":"https:\/\/guidetogreenland.com\/da\/reserver-ferie-rejser\/bad-charter-narsaq-sydgronland\/#breadcrumb","itemListElement":[{"@type":"ListItem","position":1,"name":"Home","item":"https:\/\/guidetogreenland.com\/da\/"},{"@type":"ListItem","position":2,"name":"Se alle ture","item":"https:\/\/guidetogreenland.com\/da\/reserver-ferie-rejser\/"},{"@type":"ListItem","position":3,"name":"B\u00e5d Charter | Narsaq | Sydgr\u00f8nland"}]},{"@type":"WebSite","@id":"https:\/\/guidetogreenland.com\/da\/#website","url":"https:\/\/guidetogreenland.com\/da\/","name":"Guide to Greenland","description":"Largest selection of tours in Greenland","potentialAction":[{"@type":"SearchAction","target":{"@type":"EntryPoint","urlTemplate":"https:\/\/guidetogreenland.com\/da\/?s={search_term_string}"},"query-input":{"@type":"PropertyValueSpecification","valueRequired":true,"valueName":"search_term_string"}}],"inLanguage":"da-DK"}]}},"_links":{"self":[{"href":"https:\/\/guidetogreenland.com\/da\/wp-json\/wp\/v2\/product\/16764","targetHints":{"allow":["GET"]}}],"collection":[{"href":"https:\/\/guidetogreenland.com\/da\/wp-json\/wp\/v2\/product"}],"about":[{"href":"https:\/\/guidetogreenland.com\/da\/wp-json\/wp\/v2\/types\/product"}],"replies":[{"embeddable":true,"href":"https:\/\/guidetogreenland.com\/da\/wp-json\/wp\/v2\/comments?post=16764"}],"wp:featuredmedia":[{"embeddable":true,"href":"https:\/\/guidetogreenland.com\/da\/wp-json\/wp\/v2\/media\/16765"}],"wp:attachment":[{"href":"https:\/\/guidetogreenland.com\/da\/wp-json\/wp\/v2\/media?parent=16764"}],"wp:term":[{"taxonomy":"product_brand","embeddable":true,"href":"https:\/\/guidetogreenland.com\/da\/wp-json\/wp\/v2\/product_brand?post=16764"},{"taxonomy":"product_cat","embeddable":true,"href":"https:\/\/guidetogreenland.com\/da\/wp-json\/wp\/v2\/product_cat?post=16764"},{"taxonomy":"product_tag","embeddable":true,"href":"https:\/\/guidetogreenland.com\/da\/wp-json\/wp\/v2\/product_tag?post=16764"}],"curies":[{"name":"wp","href":"https:\/\/api.w.org\/{rel}","templated":true}]}}