{"id":16780,"date":"2020-06-09T17:48:43","date_gmt":"2020-06-09T17:48:43","guid":{"rendered":"https:\/\/guidetogreenland.com\/book-trips-holiday\/experience-the-fascinating-igaliku-settlement-private-tour-qaqortoq-south-greenland\/"},"modified":"2021-03-16T00:44:03","modified_gmt":"2021-03-16T00:44:03","slug":"experience-the-fascinating-igaliku-settlement-private-tour-qaqortoq-south-greenland","status":"publish","type":"product","link":"https:\/\/guidetogreenland.com\/da\/reserver-ferie-rejser\/oplev-hyggelige-igaliku-qaqortoq-sydgronland\/","title":{"rendered":"Oplev Hyggelige Igaliku | Qaqortoq | Sydgr\u00f8nland"},"content":{"rendered":"<p class=\"x-18pep25\">N\u00e5r du er i Sydgr\u00f8nland m\u00e5 du benytte chancen til at bes\u00f8ge de hyggelige sm\u00e5 bygder, der ligger spredt rundt i det smukke gr\u00f8nne landskab, der omgiver de dybe fjorde. P\u00e5 denne 5-timers ekskursion, vil du kunne opleve en af\u00a0Sydgr\u00f8nlands top attraktioner &#8211; denne charmerende landbrugsbygd, Igaliko.<\/p>\n<p class=\"x-18pep25\">Igaliku er en hyggelig landbrugsbygd, der er idyllisk placeret imellem de gr\u00f8nne bakker med en baggrund af sned\u00e6kkede bjergtoppe. Om sommeren er stedet et paradis. Du kan opleve freden langt fra alle verdens storbyer, her vil du kun h\u00f8re f\u00e5rene gr\u00e6sse p\u00e5 de blomsterd\u00e6kkede enge.<\/p>\n<p class=\"e1imf5dp0 x-jm2771\">Ud over den smukke natur,<span class=\"x-12abj6v e1uuu2lt3\"> s\u00e5 er stedet ogs\u00e5 fuldt af historie. Dette er stedet hvor Nordboerne omkring \u00e5r 1100 grundlagde Gardar katedralen for biskoppen. I dag er ruinerne en k\u00e6mpe turist attraktion, et af de mest kendte friluftmuseer i Gr\u00f8nland. Stedet er ogs\u00e5 det f\u00f8rste sted i Gr\u00f8nland hvor landbrug blev muligt, da den norske bondemand Anders Olsen slog sig ned i 1782 sammen med sin kone Tuperna.<\/span><\/p>\n<p class=\"e1imf5dp0 x-jm2771\"><span class=\"x-12abj6v e1uuu2lt3\">Din tur starter p\u00e5 Qaqortoq havn, hvor du bliver budt velkommen af en lokal kaptajn. N\u00e5r du er if\u00f8rt en redningsvest, sejler b\u00e5den! Herfra venter en kort sejltur, og kaptajnen stopper b\u00e5den ved\u00a0Itilleq.\u00a0\u00a0Her venter en lille g\u00e5tur p\u00e5 45-minutter, langs det de lokale kalder &#8216;Kongevejen&#8217;, men turen f\u00f8les ikke s\u00e5 lang med den vidunderlige udsigt i alle retninger.<\/span><\/p>\n<p class=\"e1imf5dp0 x-jm2771\"><span class=\"x-12abj6v e1uuu2lt3\">I Igaliko, har du frie h\u00e6nder til at opleve det du vil. Unders\u00f8g det gamle\u00a0Gardar katedral, drik en kop kaffe eller snak med en lokal, om livet i Erik Den R\u00f8des Fjord.\u00a0<\/span><\/p>\n<p class=\"e1imf5dp0 x-jm2771\"><span class=\"x-12abj6v e1uuu2lt3\">Kom med p\u00e5 denne fantastiske tur til Igaliku, b\u00e5de kultur og smuk natur. Se tilg\u00e6ngeligheden ved at trykke p\u00e5 &#8216;V\u00e6lg en dag&#8217; og book din tur i dag.<\/span><\/p>\n","protected":false},"excerpt":{"rendered":"N\u00e5r du er i Sydgr\u00f8nland m\u00e5 du benytte chancen til at bes\u00f8ge de hyggelige sm\u00e5 bygder, der ligger spredt rundt i det smukke gr\u00f8nne landskab, der omgiver de dybe fjorde. P\u00e5 denne 5-timers ekskursion, vil du kunne opleve en af\u00a0Sydgr\u00f8nlands top attraktioner &#8211; denne charmerende landbrugsbygd, Igaliko. Igaliku er en hyggelig landbrugsbygd, der er idyllisk&#8230;","protected":false},"featured_media":16782,"comment_status":"open","ping_status":"closed","template":"","meta":[],"product_brand":[],"product_cat":[594,621,605,622,624,612,593,632,627,643,654,625],"product_tag":[932],"class_list":{"0":"post-16780","1":"product","2":"type-product","3":"status-publish","4":"has-post-thumbnail","6":"product_cat-baadture","7":"product_cat-charterture","8":"product_cat-dagsture-om-sommeren","9":"product_cat-groenlandsk-kultur","10":"product_cat-historiske-ture","11":"product_cat-natur-og-dyreliv-i-groenland","12":"product_cat-oplevelser-i-groenland","13":"product_cat-sydgroenland","14":"product_cat-ture-i-bestemte-omraader","15":"product_cat-ture-i-hver-by","16":"product_cat-ture-i-qaqortoq","17":"product_cat-ture-til-verdensarv-steder-i-groenland","18":"product_tag-qaqortoq-da","19":"pa_activities-baadtur","20":"pa_activities-bygdebesoeg","21":"pa_activities-unesco-omraade","22":"pa_attractions-unesco-verdensarv-omraade","23":"pa_attractions-vikinge-ruiner","24":"pa_available-month-maj","25":"pa_available-month-juni","26":"pa_available-month-juli","27":"pa_available-month-august","28":"pa_available-month-september","29":"pa_destinations-qaqortoq","30":"pa_difficulty-let","31":"pa_duration-5-timer","32":"pa_tour-type-dagsture","33":"yith_shop_vendor-60-north-da","35":"first","36":"instock","37":"virtual","38":"sold-individually","39":"purchasable","40":"product-type-booking"},"acf":[],"yoast_head":"<!-- This site is optimized with the Yoast SEO plugin v25.6 - https:\/\/yoast.com\/wordpress\/plugins\/seo\/ -->\n<title>Oplev Hyggelige Igaliku | Qaqortoq | Sydgr\u00f8nland | Guide to Greenland<\/title>\n<meta name=\"description\" content=\"Bes\u00f8g en hyggelig f\u00e5reg\u00e5rd og sejle gennem fjordene for at opleve Sydgr\u00f8nlands smukke natur og dyreliv.\" \/>\n<meta name=\"robots\" content=\"index, follow, max-snippet:-1, max-image-preview:large, max-video-preview:-1\" \/>\n<link rel=\"canonical\" href=\"https:\/\/guidetogreenland.com\/da\/reserver-ferie-rejser\/oplev-hyggelige-igaliku-qaqortoq-sydgronland\/\" \/>\n<meta property=\"og:locale\" content=\"da_DK\" \/>\n<meta property=\"og:type\" content=\"article\" \/>\n<meta property=\"og:title\" content=\"Oplev Hyggelige Igaliku | Qaqortoq | Sydgr\u00f8nland | Guide to Greenland\" \/>\n<meta property=\"og:description\" content=\"Bes\u00f8g en hyggelig f\u00e5reg\u00e5rd og sejle gennem fjordene for at opleve Sydgr\u00f8nlands smukke natur og dyreliv.\" \/>\n<meta property=\"og:url\" content=\"https:\/\/guidetogreenland.com\/da\/reserver-ferie-rejser\/oplev-hyggelige-igaliku-qaqortoq-sydgronland\/\" \/>\n<meta property=\"og:site_name\" content=\"Guide to Greenland\" \/>\n<meta property=\"article:modified_time\" content=\"2021-03-16T00:44:03+00:00\" \/>\n<meta property=\"og:image\" content=\"https:\/\/guidetogreenland.com\/wp-content\/uploads\/2020\/05\/experience-the-fascinating-igaliku-settlement-private-tour-qaqortoq-south-greenland-Guide-to-Greenland7.jpeg\" \/>\n\t<meta property=\"og:image:width\" content=\"2073\" \/>\n\t<meta property=\"og:image:height\" content=\"1382\" \/>\n\t<meta property=\"og:image:type\" content=\"image\/jpeg\" \/>\n<meta name=\"twitter:card\" content=\"summary_large_image\" \/>\n<meta name=\"twitter:label1\" content=\"Estimeret l\u00e6setid\" \/>\n\t<meta name=\"twitter:data1\" content=\"2 minutter\" \/>\n<script type=\"application\/ld+json\" class=\"yoast-schema-graph\">{\"@context\":\"https:\/\/schema.org\",\"@graph\":[{\"@type\":\"WebPage\",\"@id\":\"https:\/\/guidetogreenland.com\/da\/reserver-ferie-rejser\/oplev-hyggelige-igaliku-qaqortoq-sydgronland\/\",\"url\":\"https:\/\/guidetogreenland.com\/da\/reserver-ferie-rejser\/oplev-hyggelige-igaliku-qaqortoq-sydgronland\/\",\"name\":\"Oplev Hyggelige Igaliku | Qaqortoq | Sydgr\u00f8nland | Guide to Greenland\",\"isPartOf\":{\"@id\":\"https:\/\/guidetogreenland.com\/da\/#website\"},\"primaryImageOfPage\":{\"@id\":\"https:\/\/guidetogreenland.com\/da\/reserver-ferie-rejser\/oplev-hyggelige-igaliku-qaqortoq-sydgronland\/#primaryimage\"},\"image\":{\"@id\":\"https:\/\/guidetogreenland.com\/da\/reserver-ferie-rejser\/oplev-hyggelige-igaliku-qaqortoq-sydgronland\/#primaryimage\"},\"thumbnailUrl\":\"https:\/\/guidetogreenland.com\/wp-content\/uploads\/2020\/05\/experience-the-fascinating-igaliku-settlement-private-tour-qaqortoq-south-greenland-Guide-to-Greenland7.jpeg\",\"datePublished\":\"2020-06-09T17:48:43+00:00\",\"dateModified\":\"2021-03-16T00:44:03+00:00\",\"description\":\"Bes\u00f8g en hyggelig f\u00e5reg\u00e5rd og sejle gennem fjordene for at opleve Sydgr\u00f8nlands smukke natur og dyreliv.\",\"breadcrumb\":{\"@id\":\"https:\/\/guidetogreenland.com\/da\/reserver-ferie-rejser\/oplev-hyggelige-igaliku-qaqortoq-sydgronland\/#breadcrumb\"},\"inLanguage\":\"da-DK\",\"potentialAction\":[{\"@type\":\"ReadAction\",\"target\":[\"https:\/\/guidetogreenland.com\/da\/reserver-ferie-rejser\/oplev-hyggelige-igaliku-qaqortoq-sydgronland\/\"]}]},{\"@type\":\"ImageObject\",\"inLanguage\":\"da-DK\",\"@id\":\"https:\/\/guidetogreenland.com\/da\/reserver-ferie-rejser\/oplev-hyggelige-igaliku-qaqortoq-sydgronland\/#primaryimage\",\"url\":\"https:\/\/guidetogreenland.com\/wp-content\/uploads\/2020\/05\/experience-the-fascinating-igaliku-settlement-private-tour-qaqortoq-south-greenland-Guide-to-Greenland7.jpeg\",\"contentUrl\":\"https:\/\/guidetogreenland.com\/wp-content\/uploads\/2020\/05\/experience-the-fascinating-igaliku-settlement-private-tour-qaqortoq-south-greenland-Guide-to-Greenland7.jpeg\",\"width\":2073,\"height\":1382},{\"@type\":\"BreadcrumbList\",\"@id\":\"https:\/\/guidetogreenland.com\/da\/reserver-ferie-rejser\/oplev-hyggelige-igaliku-qaqortoq-sydgronland\/#breadcrumb\",\"itemListElement\":[{\"@type\":\"ListItem\",\"position\":1,\"name\":\"Home\",\"item\":\"https:\/\/guidetogreenland.com\/da\/\"},{\"@type\":\"ListItem\",\"position\":2,\"name\":\"Se alle ture\",\"item\":\"https:\/\/guidetogreenland.com\/da\/reserver-ferie-rejser\/\"},{\"@type\":\"ListItem\",\"position\":3,\"name\":\"Oplev Hyggelige Igaliku | Qaqortoq | Sydgr\u00f8nland\"}]},{\"@type\":\"WebSite\",\"@id\":\"https:\/\/guidetogreenland.com\/da\/#website\",\"url\":\"https:\/\/guidetogreenland.com\/da\/\",\"name\":\"Guide to Greenland\",\"description\":\"Largest selection of tours in Greenland\",\"potentialAction\":[{\"@type\":\"SearchAction\",\"target\":{\"@type\":\"EntryPoint\",\"urlTemplate\":\"https:\/\/guidetogreenland.com\/da\/?s={search_term_string}\"},\"query-input\":{\"@type\":\"PropertyValueSpecification\",\"valueRequired\":true,\"valueName\":\"search_term_string\"}}],\"inLanguage\":\"da-DK\"}]}<\/script>\n<!-- \/ Yoast SEO plugin. -->","yoast_head_json":{"title":"Oplev Hyggelige Igaliku | Qaqortoq | Sydgr\u00f8nland | Guide to Greenland","description":"Bes\u00f8g en hyggelig f\u00e5reg\u00e5rd og sejle gennem fjordene for at opleve Sydgr\u00f8nlands smukke natur og dyreliv.","robots":{"index":"index","follow":"follow","max-snippet":"max-snippet:-1","max-image-preview":"max-image-preview:large","max-video-preview":"max-video-preview:-1"},"canonical":"https:\/\/guidetogreenland.com\/da\/reserver-ferie-rejser\/oplev-hyggelige-igaliku-qaqortoq-sydgronland\/","og_locale":"da_DK","og_type":"article","og_title":"Oplev Hyggelige Igaliku | Qaqortoq | Sydgr\u00f8nland | Guide to Greenland","og_description":"Bes\u00f8g en hyggelig f\u00e5reg\u00e5rd og sejle gennem fjordene for at opleve Sydgr\u00f8nlands smukke natur og dyreliv.","og_url":"https:\/\/guidetogreenland.com\/da\/reserver-ferie-rejser\/oplev-hyggelige-igaliku-qaqortoq-sydgronland\/","og_site_name":"Guide to Greenland","article_modified_time":"2021-03-16T00:44:03+00:00","og_image":[{"width":2073,"height":1382,"url":"https:\/\/guidetogreenland.com\/wp-content\/uploads\/2020\/05\/experience-the-fascinating-igaliku-settlement-private-tour-qaqortoq-south-greenland-Guide-to-Greenland7.jpeg","type":"image\/jpeg"}],"twitter_card":"summary_large_image","twitter_misc":{"Estimeret l\u00e6setid":"2 minutter"},"schema":{"@context":"https:\/\/schema.org","@graph":[{"@type":"WebPage","@id":"https:\/\/guidetogreenland.com\/da\/reserver-ferie-rejser\/oplev-hyggelige-igaliku-qaqortoq-sydgronland\/","url":"https:\/\/guidetogreenland.com\/da\/reserver-ferie-rejser\/oplev-hyggelige-igaliku-qaqortoq-sydgronland\/","name":"Oplev Hyggelige Igaliku | Qaqortoq | Sydgr\u00f8nland | Guide to Greenland","isPartOf":{"@id":"https:\/\/guidetogreenland.com\/da\/#website"},"primaryImageOfPage":{"@id":"https:\/\/guidetogreenland.com\/da\/reserver-ferie-rejser\/oplev-hyggelige-igaliku-qaqortoq-sydgronland\/#primaryimage"},"image":{"@id":"https:\/\/guidetogreenland.com\/da\/reserver-ferie-rejser\/oplev-hyggelige-igaliku-qaqortoq-sydgronland\/#primaryimage"},"thumbnailUrl":"https:\/\/guidetogreenland.com\/wp-content\/uploads\/2020\/05\/experience-the-fascinating-igaliku-settlement-private-tour-qaqortoq-south-greenland-Guide-to-Greenland7.jpeg","datePublished":"2020-06-09T17:48:43+00:00","dateModified":"2021-03-16T00:44:03+00:00","description":"Bes\u00f8g en hyggelig f\u00e5reg\u00e5rd og sejle gennem fjordene for at opleve Sydgr\u00f8nlands smukke natur og dyreliv.","breadcrumb":{"@id":"https:\/\/guidetogreenland.com\/da\/reserver-ferie-rejser\/oplev-hyggelige-igaliku-qaqortoq-sydgronland\/#breadcrumb"},"inLanguage":"da-DK","potentialAction":[{"@type":"ReadAction","target":["https:\/\/guidetogreenland.com\/da\/reserver-ferie-rejser\/oplev-hyggelige-igaliku-qaqortoq-sydgronland\/"]}]},{"@type":"ImageObject","inLanguage":"da-DK","@id":"https:\/\/guidetogreenland.com\/da\/reserver-ferie-rejser\/oplev-hyggelige-igaliku-qaqortoq-sydgronland\/#primaryimage","url":"https:\/\/guidetogreenland.com\/wp-content\/uploads\/2020\/05\/experience-the-fascinating-igaliku-settlement-private-tour-qaqortoq-south-greenland-Guide-to-Greenland7.jpeg","contentUrl":"https:\/\/guidetogreenland.com\/wp-content\/uploads\/2020\/05\/experience-the-fascinating-igaliku-settlement-private-tour-qaqortoq-south-greenland-Guide-to-Greenland7.jpeg","width":2073,"height":1382},{"@type":"BreadcrumbList","@id":"https:\/\/guidetogreenland.com\/da\/reserver-ferie-rejser\/oplev-hyggelige-igaliku-qaqortoq-sydgronland\/#breadcrumb","itemListElement":[{"@type":"ListItem","position":1,"name":"Home","item":"https:\/\/guidetogreenland.com\/da\/"},{"@type":"ListItem","position":2,"name":"Se alle ture","item":"https:\/\/guidetogreenland.com\/da\/reserver-ferie-rejser\/"},{"@type":"ListItem","position":3,"name":"Oplev Hyggelige Igaliku | Qaqortoq | Sydgr\u00f8nland"}]},{"@type":"WebSite","@id":"https:\/\/guidetogreenland.com\/da\/#website","url":"https:\/\/guidetogreenland.com\/da\/","name":"Guide to Greenland","description":"Largest selection of tours in Greenland","potentialAction":[{"@type":"SearchAction","target":{"@type":"EntryPoint","urlTemplate":"https:\/\/guidetogreenland.com\/da\/?s={search_term_string}"},"query-input":{"@type":"PropertyValueSpecification","valueRequired":true,"valueName":"search_term_string"}}],"inLanguage":"da-DK"}]}},"_links":{"self":[{"href":"https:\/\/guidetogreenland.com\/da\/wp-json\/wp\/v2\/product\/16780","targetHints":{"allow":["GET"]}}],"collection":[{"href":"https:\/\/guidetogreenland.com\/da\/wp-json\/wp\/v2\/product"}],"about":[{"href":"https:\/\/guidetogreenland.com\/da\/wp-json\/wp\/v2\/types\/product"}],"replies":[{"embeddable":true,"href":"https:\/\/guidetogreenland.com\/da\/wp-json\/wp\/v2\/comments?post=16780"}],"wp:featuredmedia":[{"embeddable":true,"href":"https:\/\/guidetogreenland.com\/da\/wp-json\/wp\/v2\/media\/16782"}],"wp:attachment":[{"href":"https:\/\/guidetogreenland.com\/da\/wp-json\/wp\/v2\/media?parent=16780"}],"wp:term":[{"taxonomy":"product_brand","embeddable":true,"href":"https:\/\/guidetogreenland.com\/da\/wp-json\/wp\/v2\/product_brand?post=16780"},{"taxonomy":"product_cat","embeddable":true,"href":"https:\/\/guidetogreenland.com\/da\/wp-json\/wp\/v2\/product_cat?post=16780"},{"taxonomy":"product_tag","embeddable":true,"href":"https:\/\/guidetogreenland.com\/da\/wp-json\/wp\/v2\/product_tag?post=16780"}],"curies":[{"name":"wp","href":"https:\/\/api.w.org\/{rel}","templated":true}]}}