{"id":16789,"date":"2020-06-09T17:51:35","date_gmt":"2020-06-09T17:51:35","guid":{"rendered":"https:\/\/guidetogreenland.com\/book-trips-holiday\/explore-the-norse-viking-ruins-private-tour-qaqortoq-south-greenland\/"},"modified":"2021-03-16T00:47:37","modified_gmt":"2021-03-16T00:47:37","slug":"explore-the-norse-viking-ruins-private-tour-qaqortoq-south-greenland","status":"publish","type":"product","link":"https:\/\/guidetogreenland.com\/da\/reserver-ferie-rejser\/udforsk-nordbo-ruiner-qaqortoq-sydgronland\/","title":{"rendered":"Udforsk Nordbo Ruiner | Qaqortoq | Sydgr\u00f8nland"},"content":{"rendered":"<p class=\"x-18pep25\">Oplev Qaqortoqs historiske perler, og g\u00e5 i nordboernes fodspor p\u00e5 denne to-timers ekskursion! Turen tager dig ind i Qaqortoqs fjord system, til viking bygden Austurbygd, s\u00e5 du kan opleve de velbevarede Hvals\u00f8 kirke ruiner.<\/p>\n<p class=\"e1imf5dp0 x-jm2771\">Det gr\u00f8nne landskab, der omgiver Qaqortoq er fuld af historiske perler. P\u00e5 denne tur, vil du kunne opleve, det sted hvor vikingerne, ledet af Erik den R\u00f8de, slog sig ned da de kom til Gr\u00f8nland i \u00e5r 985 &#8211; de kaldte stedet Austurbygd. Det var s\u00e5ledes p\u00e5 denne grund at den f\u00f8rste kristne kirke i Gr\u00f8nland blev bygget i 1300-tallet. Du kan den dag i dag se ruinerne fra denne kirke<span class=\"x-12abj6v e1uuu2lt3\">.<\/span><\/p>\n<p class=\"e1imf5dp0 x-jm2771\"><span class=\"x-12abj6v e1uuu2lt3\">Din tur starter p\u00e5 Qaqortoq havn, hvor du bliver budt velkommen af den lokale kaptajn, der sikkert skal transportere dig og dine medrejsende, ind i det omgivende fjordsystem. N\u00e5r du har if\u00f8rt dig en redningsvest, kan din tur rigtigt begynde!<\/span><\/p>\n<p class=\"e1imf5dp0 x-jm2771\"><span class=\"x-12abj6v e1uuu2lt3\">Hvalsey siges ogs\u00e5 at v\u00e6re stedet hvor der blev k\u00e6mpet en \u00e5ben krig mellem nordbo lederen Ungortoq og inuit lederen K&#8217;aissape. If\u00f8lge sagnet ledede inuit folket et stort angreb p\u00e5 Hvals\u00f8, og \u00a0br\u00e6ndte nordboernes huse ned. Nordbo lederen Ungortoq klarede dog at flygte med sin familie, men var fanget ved Kap Farvel efter en langt jagt.<\/span><\/p>\n<p class=\"e1imf5dp0 x-jm2771\"><span class=\"x-12abj6v e1uuu2lt3\">De historiske sev\u00e6rdigheder er dog kun en lille del af turen, for p\u00e5 samme tid f\u00e5r du lov til at nyde den sk\u00f8nne natur med lysende gr\u00f8nne bakker, nogle stejle og andre med bl\u00f8dere former. Nyd synet af vandet i fjorden og hvis du er heldig kan det v\u00e6re, at du kan f\u00e5 \u00f8je p\u00e5 en hval eller s\u00e6l p\u00e5 turen.<\/span><\/p>\n<p class=\"e1imf5dp0 x-jm2771\"><span class=\"x-12abj6v e1uuu2lt3\">Ved ankomst til Austurbygd, giver du dig til at unders\u00f8ge de gamle kirke ruiner. Landskabet er frodigt, og sp\u00e6kket med gr\u00e6ssende f\u00e5r. De m\u00f8rke stenv\u00e6gge der indrammer Austurbygd, og det gr\u00f8nne bakkelandskab, skaber de perfekte rammer for hvad den sydgr\u00f8nlandske natur har at byde p\u00e5.<\/span><\/p>\n<p class=\"e1imf5dp0 x-jm2771\"><span class=\"x-12abj6v e1uuu2lt3\">Find eventyrlysten frem og kom med p\u00e5 denne historiske tur! Se tilg\u00e6ngeligheden ved at trykke p\u00e5 &#8216;V\u00e6lg en dag&#8217; og book din tur i dag.<\/span><\/p>\n","protected":false},"excerpt":{"rendered":"Oplev Qaqortoqs historiske perler, og g\u00e5 i nordboernes fodspor p\u00e5 denne to-timers ekskursion! Turen tager dig ind i Qaqortoqs fjord system, til viking bygden Austurbygd, s\u00e5 du kan opleve de velbevarede Hvals\u00f8 kirke ruiner. Det gr\u00f8nne landskab, der omgiver Qaqortoq er fuld af historiske perler. P\u00e5 denne tur, vil du kunne opleve, det sted hvor&#8230;","protected":false},"featured_media":12616,"comment_status":"open","ping_status":"closed","template":"","meta":[],"product_brand":[],"product_cat":[594,605,624,623,612,593,632,654,625],"product_tag":[932],"class_list":{"0":"post-16789","1":"product","2":"type-product","3":"status-publish","4":"has-post-thumbnail","6":"product_cat-baadture","7":"product_cat-dagsture-om-sommeren","8":"product_cat-historiske-ture","9":"product_cat-kulturelle-aktiviteter","10":"product_cat-natur-og-dyreliv-i-groenland","11":"product_cat-oplevelser-i-groenland","12":"product_cat-sydgroenland","13":"product_cat-ture-i-qaqortoq","14":"product_cat-ture-til-verdensarv-steder-i-groenland","15":"product_tag-qaqortoq-da","16":"pa_activities-baadtur","17":"pa_attractions-unesco-verdensarv-omraade","18":"pa_available-month-juni","19":"pa_available-month-juli","20":"pa_available-month-august","21":"pa_available-month-september","22":"pa_destinations-qaqortoq","23":"pa_difficulty-let","24":"pa_duration-2-timer","25":"pa_tour-type-dagsture","26":"yith_booking_service-additional-hours-6","28":"first","29":"instock","30":"virtual","31":"sold-individually","32":"purchasable","33":"product-type-booking"},"acf":[],"yoast_head":"<!-- This site is optimized with the Yoast SEO plugin v25.6 - https:\/\/yoast.com\/wordpress\/plugins\/seo\/ -->\n<title>Udforsk Nordbo Ruiner | Qaqortoq | Sydgr\u00f8nland | Guide to Greenland<\/title>\n<meta name=\"description\" content=\"Oplev de nordiske bos\u00e6tters historie og den storsl\u00e5ede omgivende natur p\u00e5 denne fantastiske tur med Qaqortoq Water Taxi.\" \/>\n<meta name=\"robots\" content=\"index, follow, max-snippet:-1, max-image-preview:large, max-video-preview:-1\" \/>\n<link rel=\"canonical\" href=\"https:\/\/guidetogreenland.com\/da\/reserver-ferie-rejser\/udforsk-nordbo-ruiner-qaqortoq-sydgronland\/\" \/>\n<meta property=\"og:locale\" content=\"da_DK\" \/>\n<meta property=\"og:type\" content=\"article\" \/>\n<meta property=\"og:title\" content=\"Udforsk Nordbo Ruiner | Qaqortoq | Sydgr\u00f8nland | Guide to Greenland\" \/>\n<meta property=\"og:description\" content=\"Oplev de nordiske bos\u00e6tters historie og den storsl\u00e5ede omgivende natur p\u00e5 denne fantastiske tur med Qaqortoq Water Taxi.\" \/>\n<meta property=\"og:url\" content=\"https:\/\/guidetogreenland.com\/da\/reserver-ferie-rejser\/udforsk-nordbo-ruiner-qaqortoq-sydgronland\/\" \/>\n<meta property=\"og:site_name\" content=\"Guide to Greenland\" \/>\n<meta property=\"article:modified_time\" content=\"2021-03-16T00:47:37+00:00\" \/>\n<meta property=\"og:image\" content=\"https:\/\/guidetogreenland.com\/wp-content\/uploads\/2020\/10\/Hvalsey-Church-Qaqortoq-Guide-to-Greenland-scaled.jpg\" \/>\n\t<meta property=\"og:image:width\" content=\"2560\" \/>\n\t<meta property=\"og:image:height\" content=\"1707\" \/>\n\t<meta property=\"og:image:type\" content=\"image\/jpeg\" \/>\n<meta name=\"twitter:card\" content=\"summary_large_image\" \/>\n<meta name=\"twitter:label1\" content=\"Estimeret l\u00e6setid\" \/>\n\t<meta name=\"twitter:data1\" content=\"2 minutter\" \/>\n<script type=\"application\/ld+json\" class=\"yoast-schema-graph\">{\"@context\":\"https:\/\/schema.org\",\"@graph\":[{\"@type\":\"WebPage\",\"@id\":\"https:\/\/guidetogreenland.com\/da\/reserver-ferie-rejser\/udforsk-nordbo-ruiner-qaqortoq-sydgronland\/\",\"url\":\"https:\/\/guidetogreenland.com\/da\/reserver-ferie-rejser\/udforsk-nordbo-ruiner-qaqortoq-sydgronland\/\",\"name\":\"Udforsk Nordbo Ruiner | Qaqortoq | Sydgr\u00f8nland | Guide to Greenland\",\"isPartOf\":{\"@id\":\"https:\/\/guidetogreenland.com\/da\/#website\"},\"primaryImageOfPage\":{\"@id\":\"https:\/\/guidetogreenland.com\/da\/reserver-ferie-rejser\/udforsk-nordbo-ruiner-qaqortoq-sydgronland\/#primaryimage\"},\"image\":{\"@id\":\"https:\/\/guidetogreenland.com\/da\/reserver-ferie-rejser\/udforsk-nordbo-ruiner-qaqortoq-sydgronland\/#primaryimage\"},\"thumbnailUrl\":\"https:\/\/guidetogreenland.com\/wp-content\/uploads\/2020\/10\/Hvalsey-Church-Qaqortoq-Guide-to-Greenland-scaled.jpg\",\"datePublished\":\"2020-06-09T17:51:35+00:00\",\"dateModified\":\"2021-03-16T00:47:37+00:00\",\"description\":\"Oplev de nordiske bos\u00e6tters historie og den storsl\u00e5ede omgivende natur p\u00e5 denne fantastiske tur med Qaqortoq Water Taxi.\",\"breadcrumb\":{\"@id\":\"https:\/\/guidetogreenland.com\/da\/reserver-ferie-rejser\/udforsk-nordbo-ruiner-qaqortoq-sydgronland\/#breadcrumb\"},\"inLanguage\":\"da-DK\",\"potentialAction\":[{\"@type\":\"ReadAction\",\"target\":[\"https:\/\/guidetogreenland.com\/da\/reserver-ferie-rejser\/udforsk-nordbo-ruiner-qaqortoq-sydgronland\/\"]}]},{\"@type\":\"ImageObject\",\"inLanguage\":\"da-DK\",\"@id\":\"https:\/\/guidetogreenland.com\/da\/reserver-ferie-rejser\/udforsk-nordbo-ruiner-qaqortoq-sydgronland\/#primaryimage\",\"url\":\"https:\/\/guidetogreenland.com\/wp-content\/uploads\/2020\/10\/Hvalsey-Church-Qaqortoq-Guide-to-Greenland-scaled.jpg\",\"contentUrl\":\"https:\/\/guidetogreenland.com\/wp-content\/uploads\/2020\/10\/Hvalsey-Church-Qaqortoq-Guide-to-Greenland-scaled.jpg\",\"width\":2560,\"height\":1707,\"caption\":\"Hvalsey Church - Qaqortoq\"},{\"@type\":\"BreadcrumbList\",\"@id\":\"https:\/\/guidetogreenland.com\/da\/reserver-ferie-rejser\/udforsk-nordbo-ruiner-qaqortoq-sydgronland\/#breadcrumb\",\"itemListElement\":[{\"@type\":\"ListItem\",\"position\":1,\"name\":\"Home\",\"item\":\"https:\/\/guidetogreenland.com\/da\/\"},{\"@type\":\"ListItem\",\"position\":2,\"name\":\"Se alle ture\",\"item\":\"https:\/\/guidetogreenland.com\/da\/reserver-ferie-rejser\/\"},{\"@type\":\"ListItem\",\"position\":3,\"name\":\"Udforsk Nordbo Ruiner | Qaqortoq | Sydgr\u00f8nland\"}]},{\"@type\":\"WebSite\",\"@id\":\"https:\/\/guidetogreenland.com\/da\/#website\",\"url\":\"https:\/\/guidetogreenland.com\/da\/\",\"name\":\"Guide to Greenland\",\"description\":\"Largest selection of tours in Greenland\",\"potentialAction\":[{\"@type\":\"SearchAction\",\"target\":{\"@type\":\"EntryPoint\",\"urlTemplate\":\"https:\/\/guidetogreenland.com\/da\/?s={search_term_string}\"},\"query-input\":{\"@type\":\"PropertyValueSpecification\",\"valueRequired\":true,\"valueName\":\"search_term_string\"}}],\"inLanguage\":\"da-DK\"}]}<\/script>\n<!-- \/ Yoast SEO plugin. -->","yoast_head_json":{"title":"Udforsk Nordbo Ruiner | Qaqortoq | Sydgr\u00f8nland | Guide to Greenland","description":"Oplev de nordiske bos\u00e6tters historie og den storsl\u00e5ede omgivende natur p\u00e5 denne fantastiske tur med Qaqortoq Water Taxi.","robots":{"index":"index","follow":"follow","max-snippet":"max-snippet:-1","max-image-preview":"max-image-preview:large","max-video-preview":"max-video-preview:-1"},"canonical":"https:\/\/guidetogreenland.com\/da\/reserver-ferie-rejser\/udforsk-nordbo-ruiner-qaqortoq-sydgronland\/","og_locale":"da_DK","og_type":"article","og_title":"Udforsk Nordbo Ruiner | Qaqortoq | Sydgr\u00f8nland | Guide to Greenland","og_description":"Oplev de nordiske bos\u00e6tters historie og den storsl\u00e5ede omgivende natur p\u00e5 denne fantastiske tur med Qaqortoq Water Taxi.","og_url":"https:\/\/guidetogreenland.com\/da\/reserver-ferie-rejser\/udforsk-nordbo-ruiner-qaqortoq-sydgronland\/","og_site_name":"Guide to Greenland","article_modified_time":"2021-03-16T00:47:37+00:00","og_image":[{"width":2560,"height":1707,"url":"https:\/\/guidetogreenland.com\/wp-content\/uploads\/2020\/10\/Hvalsey-Church-Qaqortoq-Guide-to-Greenland-scaled.jpg","type":"image\/jpeg"}],"twitter_card":"summary_large_image","twitter_misc":{"Estimeret l\u00e6setid":"2 minutter"},"schema":{"@context":"https:\/\/schema.org","@graph":[{"@type":"WebPage","@id":"https:\/\/guidetogreenland.com\/da\/reserver-ferie-rejser\/udforsk-nordbo-ruiner-qaqortoq-sydgronland\/","url":"https:\/\/guidetogreenland.com\/da\/reserver-ferie-rejser\/udforsk-nordbo-ruiner-qaqortoq-sydgronland\/","name":"Udforsk Nordbo Ruiner | Qaqortoq | Sydgr\u00f8nland | Guide to Greenland","isPartOf":{"@id":"https:\/\/guidetogreenland.com\/da\/#website"},"primaryImageOfPage":{"@id":"https:\/\/guidetogreenland.com\/da\/reserver-ferie-rejser\/udforsk-nordbo-ruiner-qaqortoq-sydgronland\/#primaryimage"},"image":{"@id":"https:\/\/guidetogreenland.com\/da\/reserver-ferie-rejser\/udforsk-nordbo-ruiner-qaqortoq-sydgronland\/#primaryimage"},"thumbnailUrl":"https:\/\/guidetogreenland.com\/wp-content\/uploads\/2020\/10\/Hvalsey-Church-Qaqortoq-Guide-to-Greenland-scaled.jpg","datePublished":"2020-06-09T17:51:35+00:00","dateModified":"2021-03-16T00:47:37+00:00","description":"Oplev de nordiske bos\u00e6tters historie og den storsl\u00e5ede omgivende natur p\u00e5 denne fantastiske tur med Qaqortoq Water Taxi.","breadcrumb":{"@id":"https:\/\/guidetogreenland.com\/da\/reserver-ferie-rejser\/udforsk-nordbo-ruiner-qaqortoq-sydgronland\/#breadcrumb"},"inLanguage":"da-DK","potentialAction":[{"@type":"ReadAction","target":["https:\/\/guidetogreenland.com\/da\/reserver-ferie-rejser\/udforsk-nordbo-ruiner-qaqortoq-sydgronland\/"]}]},{"@type":"ImageObject","inLanguage":"da-DK","@id":"https:\/\/guidetogreenland.com\/da\/reserver-ferie-rejser\/udforsk-nordbo-ruiner-qaqortoq-sydgronland\/#primaryimage","url":"https:\/\/guidetogreenland.com\/wp-content\/uploads\/2020\/10\/Hvalsey-Church-Qaqortoq-Guide-to-Greenland-scaled.jpg","contentUrl":"https:\/\/guidetogreenland.com\/wp-content\/uploads\/2020\/10\/Hvalsey-Church-Qaqortoq-Guide-to-Greenland-scaled.jpg","width":2560,"height":1707,"caption":"Hvalsey Church - Qaqortoq"},{"@type":"BreadcrumbList","@id":"https:\/\/guidetogreenland.com\/da\/reserver-ferie-rejser\/udforsk-nordbo-ruiner-qaqortoq-sydgronland\/#breadcrumb","itemListElement":[{"@type":"ListItem","position":1,"name":"Home","item":"https:\/\/guidetogreenland.com\/da\/"},{"@type":"ListItem","position":2,"name":"Se alle ture","item":"https:\/\/guidetogreenland.com\/da\/reserver-ferie-rejser\/"},{"@type":"ListItem","position":3,"name":"Udforsk Nordbo Ruiner | Qaqortoq | Sydgr\u00f8nland"}]},{"@type":"WebSite","@id":"https:\/\/guidetogreenland.com\/da\/#website","url":"https:\/\/guidetogreenland.com\/da\/","name":"Guide to Greenland","description":"Largest selection of tours in Greenland","potentialAction":[{"@type":"SearchAction","target":{"@type":"EntryPoint","urlTemplate":"https:\/\/guidetogreenland.com\/da\/?s={search_term_string}"},"query-input":{"@type":"PropertyValueSpecification","valueRequired":true,"valueName":"search_term_string"}}],"inLanguage":"da-DK"}]}},"_links":{"self":[{"href":"https:\/\/guidetogreenland.com\/da\/wp-json\/wp\/v2\/product\/16789","targetHints":{"allow":["GET"]}}],"collection":[{"href":"https:\/\/guidetogreenland.com\/da\/wp-json\/wp\/v2\/product"}],"about":[{"href":"https:\/\/guidetogreenland.com\/da\/wp-json\/wp\/v2\/types\/product"}],"replies":[{"embeddable":true,"href":"https:\/\/guidetogreenland.com\/da\/wp-json\/wp\/v2\/comments?post=16789"}],"wp:featuredmedia":[{"embeddable":true,"href":"https:\/\/guidetogreenland.com\/da\/wp-json\/wp\/v2\/media\/12616"}],"wp:attachment":[{"href":"https:\/\/guidetogreenland.com\/da\/wp-json\/wp\/v2\/media?parent=16789"}],"wp:term":[{"taxonomy":"product_brand","embeddable":true,"href":"https:\/\/guidetogreenland.com\/da\/wp-json\/wp\/v2\/product_brand?post=16789"},{"taxonomy":"product_cat","embeddable":true,"href":"https:\/\/guidetogreenland.com\/da\/wp-json\/wp\/v2\/product_cat?post=16789"},{"taxonomy":"product_tag","embeddable":true,"href":"https:\/\/guidetogreenland.com\/da\/wp-json\/wp\/v2\/product_tag?post=16789"}],"curies":[{"name":"wp","href":"https:\/\/api.w.org\/{rel}","templated":true}]}}