{"id":16796,"date":"2020-06-11T14:09:04","date_gmt":"2020-06-11T14:09:04","guid":{"rendered":"https:\/\/guidetogreenland.com\/book-trips-holiday\/ice-big-walls-hot-spring-south-greenland-explorer\/"},"modified":"2021-03-16T00:58:02","modified_gmt":"2021-03-16T00:58:02","slug":"ice-big-walls-hot-spring-south-greenland-explorer","status":"publish","type":"product","link":"https:\/\/guidetogreenland.com\/da\/reserver-ferie-rejser\/is-stejle-tinder-og-varme-kilder-eventyr-i-sydgronland\/","title":{"rendered":"Is, stejle tinder og varme kilder | Eventyr i Sydgr\u00f8nland"},"content":{"rendered":"<p class=\"x-18pep25\">Vil du bes\u00f8ge landet\u00a0d\u00e6kket af\u00a0is? Landet der er kommet p\u00e5 UNESCOs verdensarvsliste? Bes\u00f8ge landet kun de heldige f\u00e5 f\u00e5r at se? Kom! Det er det hele v\u00e6rd!<\/p>\n<p class=\"x-18pep25\">P\u00e5 denne 15-dages tur kommer du ikke til at spilde tiden mens du rejser rundt i Gr\u00f8nland. Vi lover at i f\u00e5r set alle Sydgr\u00f8nlands skjulte perler.<\/p>\n<p class=\"x-18pep25\">Du kommer til at vandre og klatre op til udsigtspunkter hvorfra man kan se gletsjere, stejle tinder og masser af isbjerge.<\/p>\n<p class=\"x-18pep25\">Du kommer til at forlade landjorden for at ro i kajak, ude i det dybe bl\u00e5 vand blandt isbjerge.<\/p>\n<p class=\"x-18pep25\">Du kommer til at bes\u00f8ge bygder og byer der giver en dyb indsigt i hverdagen for Gr\u00f8nl\u00e6nderne, deres kultur og traditioner.<\/p>\n<p class=\"x-18pep25\">Du kommer til at bade i varme kilder hvor isbjerge og hvaler sv\u00f8mmer rundt, blot 500 meter v\u00e6k.<\/p>\n<p class=\"e1imf5dp0 x-jm2771\">F\u00e5 det meste ud af din ferie &#8211; g\u00f8r dig selv en tjeneste: Tag p\u00e5 denne tur! Gr\u00f8nland venter p\u00e5 dig!<\/p>\n","protected":false},"excerpt":{"rendered":"Vil du bes\u00f8ge landet\u00a0d\u00e6kket af\u00a0is? Landet der er kommet p\u00e5 UNESCOs verdensarvsliste? Bes\u00f8ge landet kun de heldige f\u00e5 f\u00e5r at se? Kom! Det er det hele v\u00e6rd! P\u00e5 denne 15-dages tur kommer du ikke til at spilde tiden mens du rejser rundt i Gr\u00f8nland. Vi lover at i f\u00e5r set alle Sydgr\u00f8nlands skjulte perler. Du&#8230;","protected":false},"featured_media":16798,"comment_status":"open","ping_status":"closed","template":"","meta":[],"product_brand":[],"product_cat":[637,622,612,593,635,640,609,632,627,649,650,651,654,625,608],"product_tag":[927,928,929,932,935],"class_list":{"0":"post-16796","1":"product","2":"type-product","3":"status-publish","4":"has-post-thumbnail","6":"product_cat-fra-island-til-groenland","7":"product_cat-groenlandsk-kultur","8":"product_cat-natur-og-dyreliv-i-groenland","9":"product_cat-oplevelser-i-groenland","10":"product_cat-pakkerejser","11":"product_cat-sommerrejser","12":"product_cat-sup-kayakture","13":"product_cat-sydgroenland","14":"product_cat-ture-i-bestemte-omraader","15":"product_cat-ture-i-nanortalik","16":"product_cat-ture-i-narsaq","17":"product_cat-ture-i-narsarsuaq","18":"product_cat-ture-i-qaqortoq","19":"product_cat-ture-til-verdensarv-steder-i-groenland","20":"product_cat-vandre-og-trekkingture","21":"product_tag-nanortalik-da","22":"product_tag-narsaq-da","23":"product_tag-narsarsuaq-da","24":"product_tag-qaqortoq-da","25":"product_tag-reykjavik-da","26":"pa_activities-gletschervandring","27":"pa_activities-kajak-sup","28":"pa_activities-camping","29":"pa_activities-vandretur","30":"pa_activities-groenlandsk-kultur","31":"pa_activities-byrundtur","32":"pa_activities-gletscher-udsigt","33":"pa_activities-isbjerg-udsigt","34":"pa_activities-dyreliv-safari","35":"pa_activities-bygdebesoeg","36":"pa_attractions-igaliku","37":"pa_attractions-qassiarsuk","38":"pa_attractions-qooroq-icefjord","39":"pa_attractions-unesco-verdensarv-omraade","40":"pa_attractions-uunartoq-hot-springs-da","41":"pa_attractions-vikinge-ruiner","42":"pa_available-month-juli","43":"pa_available-month-august","44":"pa_destinations-fra-island","45":"pa_difficulty-haard","46":"pa_duration-15-days-da","47":"pa_tour-type-pakkerejser","48":"yith_shop_vendor-tasermiut-da","49":"yith_booking_service-optional-kayak-excursion-2hr","50":"yith_booking_service-optional-qooroq-icefjord-excursion","52":"first","53":"instock","54":"virtual","55":"sold-individually","56":"purchasable","57":"product-type-booking"},"acf":[],"yoast_head":"<!-- This site is optimized with the Yoast SEO plugin v25.6 - https:\/\/yoast.com\/wordpress\/plugins\/seo\/ -->\n<title>Is, stejle tinder og varme kilder | Eventyr i Sydgr\u00f8nland | Guide to Greenland<\/title>\n<meta name=\"robots\" content=\"index, follow, max-snippet:-1, max-image-preview:large, max-video-preview:-1\" \/>\n<link rel=\"canonical\" href=\"https:\/\/guidetogreenland.com\/da\/reserver-ferie-rejser\/is-stejle-tinder-og-varme-kilder-eventyr-i-sydgronland\/\" \/>\n<meta property=\"og:locale\" content=\"da_DK\" \/>\n<meta property=\"og:type\" content=\"article\" \/>\n<meta property=\"og:title\" content=\"Is, stejle tinder og varme kilder | Eventyr i Sydgr\u00f8nland | Guide to Greenland\" \/>\n<meta property=\"og:description\" content=\"Vil du bes\u00f8ge landet\u00a0d\u00e6kket af\u00a0is? Landet der er kommet p\u00e5 UNESCOs verdensarvsliste? Bes\u00f8ge landet kun de heldige f\u00e5 f\u00e5r at se? Kom! Det er det hele v\u00e6rd! P\u00e5 denne 15-dages tur kommer du ikke til at spilde tiden mens du rejser rundt i Gr\u00f8nland. Vi lover at i f\u00e5r set alle Sydgr\u00f8nlands skjulte perler. Du...\" \/>\n<meta property=\"og:url\" content=\"https:\/\/guidetogreenland.com\/da\/reserver-ferie-rejser\/is-stejle-tinder-og-varme-kilder-eventyr-i-sydgronland\/\" \/>\n<meta property=\"og:site_name\" content=\"Guide to Greenland\" \/>\n<meta property=\"article:modified_time\" content=\"2021-03-16T00:58:02+00:00\" \/>\n<meta property=\"og:image\" content=\"https:\/\/guidetogreenland.com\/wp-content\/uploads\/2020\/05\/ice-big-walls-hot-spring-south-greenland-explorer-Guide-to-Greenland20.jpg\" \/>\n\t<meta property=\"og:image:width\" content=\"798\" \/>\n\t<meta property=\"og:image:height\" content=\"599\" \/>\n\t<meta property=\"og:image:type\" content=\"image\/jpeg\" \/>\n<meta name=\"twitter:card\" content=\"summary_large_image\" \/>\n<meta name=\"twitter:label1\" content=\"Estimeret l\u00e6setid\" \/>\n\t<meta name=\"twitter:data1\" content=\"1 minut\" \/>\n<script type=\"application\/ld+json\" class=\"yoast-schema-graph\">{\"@context\":\"https:\/\/schema.org\",\"@graph\":[{\"@type\":\"WebPage\",\"@id\":\"https:\/\/guidetogreenland.com\/da\/reserver-ferie-rejser\/is-stejle-tinder-og-varme-kilder-eventyr-i-sydgronland\/\",\"url\":\"https:\/\/guidetogreenland.com\/da\/reserver-ferie-rejser\/is-stejle-tinder-og-varme-kilder-eventyr-i-sydgronland\/\",\"name\":\"Is, stejle tinder og varme kilder | Eventyr i Sydgr\u00f8nland | Guide to Greenland\",\"isPartOf\":{\"@id\":\"https:\/\/guidetogreenland.com\/da\/#website\"},\"primaryImageOfPage\":{\"@id\":\"https:\/\/guidetogreenland.com\/da\/reserver-ferie-rejser\/is-stejle-tinder-og-varme-kilder-eventyr-i-sydgronland\/#primaryimage\"},\"image\":{\"@id\":\"https:\/\/guidetogreenland.com\/da\/reserver-ferie-rejser\/is-stejle-tinder-og-varme-kilder-eventyr-i-sydgronland\/#primaryimage\"},\"thumbnailUrl\":\"https:\/\/guidetogreenland.com\/wp-content\/uploads\/2020\/05\/ice-big-walls-hot-spring-south-greenland-explorer-Guide-to-Greenland20.jpg\",\"datePublished\":\"2020-06-11T14:09:04+00:00\",\"dateModified\":\"2021-03-16T00:58:02+00:00\",\"breadcrumb\":{\"@id\":\"https:\/\/guidetogreenland.com\/da\/reserver-ferie-rejser\/is-stejle-tinder-og-varme-kilder-eventyr-i-sydgronland\/#breadcrumb\"},\"inLanguage\":\"da-DK\",\"potentialAction\":[{\"@type\":\"ReadAction\",\"target\":[\"https:\/\/guidetogreenland.com\/da\/reserver-ferie-rejser\/is-stejle-tinder-og-varme-kilder-eventyr-i-sydgronland\/\"]}]},{\"@type\":\"ImageObject\",\"inLanguage\":\"da-DK\",\"@id\":\"https:\/\/guidetogreenland.com\/da\/reserver-ferie-rejser\/is-stejle-tinder-og-varme-kilder-eventyr-i-sydgronland\/#primaryimage\",\"url\":\"https:\/\/guidetogreenland.com\/wp-content\/uploads\/2020\/05\/ice-big-walls-hot-spring-south-greenland-explorer-Guide-to-Greenland20.jpg\",\"contentUrl\":\"https:\/\/guidetogreenland.com\/wp-content\/uploads\/2020\/05\/ice-big-walls-hot-spring-south-greenland-explorer-Guide-to-Greenland20.jpg\",\"width\":798,\"height\":599},{\"@type\":\"BreadcrumbList\",\"@id\":\"https:\/\/guidetogreenland.com\/da\/reserver-ferie-rejser\/is-stejle-tinder-og-varme-kilder-eventyr-i-sydgronland\/#breadcrumb\",\"itemListElement\":[{\"@type\":\"ListItem\",\"position\":1,\"name\":\"Home\",\"item\":\"https:\/\/guidetogreenland.com\/da\/\"},{\"@type\":\"ListItem\",\"position\":2,\"name\":\"Se alle ture\",\"item\":\"https:\/\/guidetogreenland.com\/da\/reserver-ferie-rejser\/\"},{\"@type\":\"ListItem\",\"position\":3,\"name\":\"Is, stejle tinder og varme kilder | Eventyr i Sydgr\u00f8nland\"}]},{\"@type\":\"WebSite\",\"@id\":\"https:\/\/guidetogreenland.com\/da\/#website\",\"url\":\"https:\/\/guidetogreenland.com\/da\/\",\"name\":\"Guide to Greenland\",\"description\":\"Largest selection of tours in Greenland\",\"potentialAction\":[{\"@type\":\"SearchAction\",\"target\":{\"@type\":\"EntryPoint\",\"urlTemplate\":\"https:\/\/guidetogreenland.com\/da\/?s={search_term_string}\"},\"query-input\":{\"@type\":\"PropertyValueSpecification\",\"valueRequired\":true,\"valueName\":\"search_term_string\"}}],\"inLanguage\":\"da-DK\"}]}<\/script>\n<!-- \/ Yoast SEO plugin. -->","yoast_head_json":{"title":"Is, stejle tinder og varme kilder | Eventyr i Sydgr\u00f8nland | Guide to Greenland","robots":{"index":"index","follow":"follow","max-snippet":"max-snippet:-1","max-image-preview":"max-image-preview:large","max-video-preview":"max-video-preview:-1"},"canonical":"https:\/\/guidetogreenland.com\/da\/reserver-ferie-rejser\/is-stejle-tinder-og-varme-kilder-eventyr-i-sydgronland\/","og_locale":"da_DK","og_type":"article","og_title":"Is, stejle tinder og varme kilder | Eventyr i Sydgr\u00f8nland | Guide to Greenland","og_description":"Vil du bes\u00f8ge landet\u00a0d\u00e6kket af\u00a0is? Landet der er kommet p\u00e5 UNESCOs verdensarvsliste? Bes\u00f8ge landet kun de heldige f\u00e5 f\u00e5r at se? Kom! Det er det hele v\u00e6rd! P\u00e5 denne 15-dages tur kommer du ikke til at spilde tiden mens du rejser rundt i Gr\u00f8nland. Vi lover at i f\u00e5r set alle Sydgr\u00f8nlands skjulte perler. Du...","og_url":"https:\/\/guidetogreenland.com\/da\/reserver-ferie-rejser\/is-stejle-tinder-og-varme-kilder-eventyr-i-sydgronland\/","og_site_name":"Guide to Greenland","article_modified_time":"2021-03-16T00:58:02+00:00","og_image":[{"width":798,"height":599,"url":"https:\/\/guidetogreenland.com\/wp-content\/uploads\/2020\/05\/ice-big-walls-hot-spring-south-greenland-explorer-Guide-to-Greenland20.jpg","type":"image\/jpeg"}],"twitter_card":"summary_large_image","twitter_misc":{"Estimeret l\u00e6setid":"1 minut"},"schema":{"@context":"https:\/\/schema.org","@graph":[{"@type":"WebPage","@id":"https:\/\/guidetogreenland.com\/da\/reserver-ferie-rejser\/is-stejle-tinder-og-varme-kilder-eventyr-i-sydgronland\/","url":"https:\/\/guidetogreenland.com\/da\/reserver-ferie-rejser\/is-stejle-tinder-og-varme-kilder-eventyr-i-sydgronland\/","name":"Is, stejle tinder og varme kilder | Eventyr i Sydgr\u00f8nland | Guide to Greenland","isPartOf":{"@id":"https:\/\/guidetogreenland.com\/da\/#website"},"primaryImageOfPage":{"@id":"https:\/\/guidetogreenland.com\/da\/reserver-ferie-rejser\/is-stejle-tinder-og-varme-kilder-eventyr-i-sydgronland\/#primaryimage"},"image":{"@id":"https:\/\/guidetogreenland.com\/da\/reserver-ferie-rejser\/is-stejle-tinder-og-varme-kilder-eventyr-i-sydgronland\/#primaryimage"},"thumbnailUrl":"https:\/\/guidetogreenland.com\/wp-content\/uploads\/2020\/05\/ice-big-walls-hot-spring-south-greenland-explorer-Guide-to-Greenland20.jpg","datePublished":"2020-06-11T14:09:04+00:00","dateModified":"2021-03-16T00:58:02+00:00","breadcrumb":{"@id":"https:\/\/guidetogreenland.com\/da\/reserver-ferie-rejser\/is-stejle-tinder-og-varme-kilder-eventyr-i-sydgronland\/#breadcrumb"},"inLanguage":"da-DK","potentialAction":[{"@type":"ReadAction","target":["https:\/\/guidetogreenland.com\/da\/reserver-ferie-rejser\/is-stejle-tinder-og-varme-kilder-eventyr-i-sydgronland\/"]}]},{"@type":"ImageObject","inLanguage":"da-DK","@id":"https:\/\/guidetogreenland.com\/da\/reserver-ferie-rejser\/is-stejle-tinder-og-varme-kilder-eventyr-i-sydgronland\/#primaryimage","url":"https:\/\/guidetogreenland.com\/wp-content\/uploads\/2020\/05\/ice-big-walls-hot-spring-south-greenland-explorer-Guide-to-Greenland20.jpg","contentUrl":"https:\/\/guidetogreenland.com\/wp-content\/uploads\/2020\/05\/ice-big-walls-hot-spring-south-greenland-explorer-Guide-to-Greenland20.jpg","width":798,"height":599},{"@type":"BreadcrumbList","@id":"https:\/\/guidetogreenland.com\/da\/reserver-ferie-rejser\/is-stejle-tinder-og-varme-kilder-eventyr-i-sydgronland\/#breadcrumb","itemListElement":[{"@type":"ListItem","position":1,"name":"Home","item":"https:\/\/guidetogreenland.com\/da\/"},{"@type":"ListItem","position":2,"name":"Se alle ture","item":"https:\/\/guidetogreenland.com\/da\/reserver-ferie-rejser\/"},{"@type":"ListItem","position":3,"name":"Is, stejle tinder og varme kilder | Eventyr i Sydgr\u00f8nland"}]},{"@type":"WebSite","@id":"https:\/\/guidetogreenland.com\/da\/#website","url":"https:\/\/guidetogreenland.com\/da\/","name":"Guide to Greenland","description":"Largest selection of tours in Greenland","potentialAction":[{"@type":"SearchAction","target":{"@type":"EntryPoint","urlTemplate":"https:\/\/guidetogreenland.com\/da\/?s={search_term_string}"},"query-input":{"@type":"PropertyValueSpecification","valueRequired":true,"valueName":"search_term_string"}}],"inLanguage":"da-DK"}]}},"_links":{"self":[{"href":"https:\/\/guidetogreenland.com\/da\/wp-json\/wp\/v2\/product\/16796","targetHints":{"allow":["GET"]}}],"collection":[{"href":"https:\/\/guidetogreenland.com\/da\/wp-json\/wp\/v2\/product"}],"about":[{"href":"https:\/\/guidetogreenland.com\/da\/wp-json\/wp\/v2\/types\/product"}],"replies":[{"embeddable":true,"href":"https:\/\/guidetogreenland.com\/da\/wp-json\/wp\/v2\/comments?post=16796"}],"wp:featuredmedia":[{"embeddable":true,"href":"https:\/\/guidetogreenland.com\/da\/wp-json\/wp\/v2\/media\/16798"}],"wp:attachment":[{"href":"https:\/\/guidetogreenland.com\/da\/wp-json\/wp\/v2\/media?parent=16796"}],"wp:term":[{"taxonomy":"product_brand","embeddable":true,"href":"https:\/\/guidetogreenland.com\/da\/wp-json\/wp\/v2\/product_brand?post=16796"},{"taxonomy":"product_cat","embeddable":true,"href":"https:\/\/guidetogreenland.com\/da\/wp-json\/wp\/v2\/product_cat?post=16796"},{"taxonomy":"product_tag","embeddable":true,"href":"https:\/\/guidetogreenland.com\/da\/wp-json\/wp\/v2\/product_tag?post=16796"}],"curies":[{"name":"wp","href":"https:\/\/api.w.org\/{rel}","templated":true}]}}