{"id":20255,"date":"2021-08-10T12:29:54","date_gmt":"2021-08-10T15:29:32","guid":{"rendered":"https:\/\/guidetogreenland.com\/?post_type=product&#038;p=20255"},"modified":"2025-10-23T03:23:17","modified_gmt":"2025-10-23T06:23:17","slug":"det-store-iseventyr-12-dage-diskobugten-vestgroenland","status":"publish","type":"product","link":"https:\/\/guidetogreenland.com\/da\/reserver-ferie-rejser\/det-store-iseventyr-12-dage-diskobugten-vestgronland\/","title":{"rendered":"Det Store Iseventyr  | 12 dage | Diskobugten &#038; Vestgr\u00f8nland"},"content":{"rendered":"<p class=\"p1\">Oplev Kangerlussuaq, Disko\u00f8en, Ilulissat, Isfjorden og Gletsjeren Eqi p\u00e5 12 isfyldte dage.<\/p>\n<p class=\"p1\">Vil du opleve nogen af Gr\u00f8nlands st\u00f8rste og mest is fyldte attraktioner, isbjergene den k\u00e6lvende isbr\u00e6 Eqi og isfjorden ved Ilulissat, og samtidig se det autentiske Gr\u00f8nland med fangst og fiskeri, s\u00e5 er dette rejsen for dig. Oplev det moderne Gr\u00f8nland, side om side med den gamle kultur i nogle af byerne i Diskobugten.<\/p>\n<p class=\"p1\">Der er garanti for at se isbjerge i alle st\u00f8rrelser og former, samt gode muligheder for at se det mangfoldige gr\u00f8nlandske dyreliv, som f.eks. hvaler, s\u00e6ler, fugle og moskusokser.<\/p>\n<p class=\"p1\">Turen tager udgangspunkt i omr\u00e5det omkring Gr\u00f8nlands st\u00f8rste atlantlufthavn, Kangerlussuaq. Her k\u00f8rer vi ind til indlandisen og g\u00e5r op p\u00e5 den et sikkert sted. Her kan man fornemme hvor uendelig stor Gr\u00f8nlands iskappe i virkeligheden er. Er vi heldige, m\u00f8der vi m\u00e5ske en polarr\u00e6v, et rensdyr eller en moskusokse p\u00e5 vejen.<\/p>\n<p class=\"p1\">S\u00e5 g\u00e5r turen videre til Disko\u00f8en, hvor vi g\u00f8r ophold i tre dage. Byen Qeqertarsuaq (Tidligere kaldet Godhavn p\u00e5 dansk) er omkranset af h\u00f8je fjelde og en utrolig gr\u00f8n vegetation her langt nord for polar cirklen. Med den unikke placering p\u00e5 selve Disko\u00f8en, er der fine muligheder for vandreture ud fra denne gamle hvalfangerby.<\/p>\n<p class=\"p1\">N\u00e6ste stop er Ilulissat, byen ved isen. Byen ligger t\u00e6t p\u00e5 Ilulissat Isfjord der er optaget p\u00e5 UNESCO\u2019s Verdensarvliste. Fra mundingen af isfjorden flyder isbjergene ud, og danner en ny horisont af is hver dag, \u00e5ret rundt.<\/p>\n<p class=\"p1\">Herefter g\u00e5r turen til den k\u00e6lvende gletsjer Eqi, hvor vi indkvarteres i hyttebyen Glacier Lodge Eqi lige overfor hvor isen k\u00e6lver. Et ubeskriveligt naturscenario, der skal opleves for at forst\u00e5s.<\/p>\n<p class=\"p1\">Rejsen slutter tilbage i Ilulissat, og du har med garanti set is og isbjerge i alle former, indlandsisen og en k\u00e6lvende gletsjer samt nogen af de flotteste steder i Diskobugten.<\/p>\n<p class=\"p1\">Til og med juli er der midnatssol i Diskobugten der kan opleves p\u00e5 en aftensejltur mellem isbjergene i fjorden. Der er dog stadig masser af lys d\u00f8gnet rundt indtil udgangen af august.<\/p>\n<p class=\"p1\">P\u00e5 turen m\u00f8der du vores dygtige guider, der byder dig velkommen og viser dig nogle af Gr\u00f8nlands bedste oplevelser lokalt p\u00e5 vores guidede ture, der alle er inklusive i prisen.<\/p>\n<p class=\"p1\">Turen udf\u00f8res i sommerm\u00e5nederne juni, juli og august.<\/p>\n<p>Klik p\u00e5 fanen &#8220;Daglig Rejseplan&#8221; for at l\u00e6se mere information om hver dag p\u00e5 turen, og reserver derefter din plads p\u00e5 dette\u00a0 unikke iseventyr til Gr\u00f8nland, ved at klikke p\u00e5 &#8220;BOOK NU&#8221;.<\/p>\n","protected":false},"excerpt":{"rendered":"Oplev Kangerlussuaq, Disko\u00f8en, Ilulissat, Isfjorden og Gletsjeren Eqi p\u00e5 12 isfyldte dage. Vil du opleve nogen af Gr\u00f8nlands st\u00f8rste og mest is fyldte attraktioner, isbjergene den k\u00e6lvende isbr\u00e6 Eqi og isfjorden ved Ilulissat, og samtidig se det autentiske Gr\u00f8nland med fangst og fiskeri, s\u00e5 er dette rejsen for dig. Oplev det moderne Gr\u00f8nland, side om&#8230;","protected":false},"featured_media":12538,"comment_status":"open","ping_status":"closed","template":"","meta":[],"product_brand":[],"product_cat":[628,594,629,636,614,622,692,617,623,612,593,635,640,627,643,644,652,656,625,633],"product_tag":[919,893,934],"class_list":{"0":"post-20255","1":"product","2":"type-product","3":"status-publish","4":"has-post-thumbnail","6":"product_cat-arctic-circle-trail","7":"product_cat-baadture","8":"product_cat-disko-bugten","9":"product_cat-fra-danmark-til-groenland","10":"product_cat-gletsjer-og-indlandsisen","11":"product_cat-groenlandsk-kultur","12":"product_cat-iceberg-icefjord-tours","13":"product_cat-ilulissat-isfjord-ture","14":"product_cat-kulturelle-aktiviteter","15":"product_cat-natur-og-dyreliv-i-groenland","16":"product_cat-oplevelser-i-groenland","17":"product_cat-pakkerejser","18":"product_cat-sommerrejser","19":"product_cat-ture-i-bestemte-omraader","20":"product_cat-ture-i-hver-by","21":"product_cat-ture-i-ilulissat","22":"product_cat-ture-i-nuuk","23":"product_cat-ture-i-qeqartarsuaq","24":"product_cat-ture-til-verdensarv-steder-i-groenland","25":"product_cat-vestgroenland","26":"product_tag-ilulissat-da","27":"product_tag-nuuk-da","28":"product_tag-qeqertarsuaq-da","29":"pa_activities-baadtur","30":"pa_activities-gletschervandring","31":"pa_activities-gletscher-udsigt","32":"pa_activities-isbjerg-udsigt","33":"pa_activities-hval-safari","34":"pa_activities-bygdebesoeg","35":"pa_activities-unesco-omraade","36":"pa_attractions-ilulissat-icefjord","37":"pa_attractions-unesco-verdensarv-omraade","38":"pa_attractions-disko-bay-da","39":"pa_available-month-juli","40":"pa_available-month-august","41":"pa_difficulty-let","42":"pa_duration-12-dage","43":"pa_tour-type-pakkerejser","44":"yith_booking_service-6-excursions-package-4800-dkk-per-person","45":"yith_booking_service-7-hours-adventure-day-in-oqaatsut-kayaking-included","46":"yith_booking_service-helicopter-tour-icefjord-and-glacier-from-above-15-hours","47":"yith_booking_service-single-traveller-supplement-for-12-days","49":"first","50":"instock","51":"featured","52":"virtual","53":"sold-individually","54":"purchasable","55":"product-type-booking"},"acf":[],"yoast_head":"<!-- This site is optimized with the Yoast SEO plugin v25.6 - https:\/\/yoast.com\/wordpress\/plugins\/seo\/ -->\n<title>Det Store Iseventyr | 12 dage | Diskobugten &amp; Vestgr\u00f8nland | Guide to Greenland<\/title>\n<meta name=\"description\" content=\"Witness Greenland&#039;s ice spectacles on this 12-day package, including the Ice Cap, Ilulissat Icefjord, the Eqi Glacier, and Disko Island.\" \/>\n<meta name=\"robots\" content=\"index, follow, max-snippet:-1, max-image-preview:large, max-video-preview:-1\" \/>\n<link rel=\"canonical\" href=\"https:\/\/guidetogreenland.com\/da\/reserver-ferie-rejser\/det-store-iseventyr-12-dage-diskobugten-vestgronland\/\" \/>\n<meta property=\"og:locale\" content=\"da_DK\" \/>\n<meta property=\"og:type\" content=\"article\" \/>\n<meta property=\"og:title\" content=\"Det Store Iseventyr | 12 dage | Diskobugten &amp; Vestgr\u00f8nland | Guide to Greenland\" \/>\n<meta property=\"og:description\" content=\"Witness Greenland&#039;s ice spectacles on this 12-day package, including the Ice Cap, Ilulissat Icefjord, the Eqi Glacier, and Disko Island.\" \/>\n<meta property=\"og:url\" content=\"https:\/\/guidetogreenland.com\/da\/reserver-ferie-rejser\/det-store-iseventyr-12-dage-diskobugten-vestgronland\/\" \/>\n<meta property=\"og:site_name\" content=\"Guide to Greenland\" \/>\n<meta property=\"article:modified_time\" content=\"2025-10-23T06:23:17+00:00\" \/>\n<meta property=\"og:image\" content=\"https:\/\/guidetogreenland.com\/wp-content\/uploads\/2021\/07\/the-great-ice-adventure-12-days-disko-bay-west-greenland-15-scaled.jpg\" \/>\n\t<meta property=\"og:image:width\" content=\"2560\" \/>\n\t<meta property=\"og:image:height\" content=\"1707\" \/>\n\t<meta property=\"og:image:type\" content=\"image\/jpeg\" \/>\n<meta name=\"twitter:card\" content=\"summary_large_image\" \/>\n<meta name=\"twitter:label1\" content=\"Estimeret l\u00e6setid\" \/>\n\t<meta name=\"twitter:data1\" content=\"2 minutter\" \/>\n<script type=\"application\/ld+json\" class=\"yoast-schema-graph\">{\"@context\":\"https:\/\/schema.org\",\"@graph\":[{\"@type\":\"WebPage\",\"@id\":\"https:\/\/guidetogreenland.com\/da\/reserver-ferie-rejser\/det-store-iseventyr-12-dage-diskobugten-vestgronland\/\",\"url\":\"https:\/\/guidetogreenland.com\/da\/reserver-ferie-rejser\/det-store-iseventyr-12-dage-diskobugten-vestgronland\/\",\"name\":\"Det Store Iseventyr | 12 dage | Diskobugten & Vestgr\u00f8nland | Guide to Greenland\",\"isPartOf\":{\"@id\":\"https:\/\/guidetogreenland.com\/da\/#website\"},\"primaryImageOfPage\":{\"@id\":\"https:\/\/guidetogreenland.com\/da\/reserver-ferie-rejser\/det-store-iseventyr-12-dage-diskobugten-vestgronland\/#primaryimage\"},\"image\":{\"@id\":\"https:\/\/guidetogreenland.com\/da\/reserver-ferie-rejser\/det-store-iseventyr-12-dage-diskobugten-vestgronland\/#primaryimage\"},\"thumbnailUrl\":\"https:\/\/guidetogreenland.com\/wp-content\/uploads\/2020\/06\/Hiking-View-the-Eqip-Sermia-Eqi-glacier-face-from-near-Eqi-Lodge-Ilulissat-Greenland.jpg\",\"datePublished\":\"2021-08-10T15:29:32+00:00\",\"dateModified\":\"2025-10-23T06:23:17+00:00\",\"description\":\"Witness Greenland's ice spectacles on this 12-day package, including the Ice Cap, Ilulissat Icefjord, the Eqi Glacier, and Disko Island.\",\"breadcrumb\":{\"@id\":\"https:\/\/guidetogreenland.com\/da\/reserver-ferie-rejser\/det-store-iseventyr-12-dage-diskobugten-vestgronland\/#breadcrumb\"},\"inLanguage\":\"da-DK\",\"potentialAction\":[{\"@type\":\"ReadAction\",\"target\":[\"https:\/\/guidetogreenland.com\/da\/reserver-ferie-rejser\/det-store-iseventyr-12-dage-diskobugten-vestgronland\/\"]}]},{\"@type\":\"ImageObject\",\"inLanguage\":\"da-DK\",\"@id\":\"https:\/\/guidetogreenland.com\/da\/reserver-ferie-rejser\/det-store-iseventyr-12-dage-diskobugten-vestgronland\/#primaryimage\",\"url\":\"https:\/\/guidetogreenland.com\/wp-content\/uploads\/2020\/06\/Hiking-View-the-Eqip-Sermia-Eqi-glacier-face-from-near-Eqi-Lodge-Ilulissat-Greenland.jpg\",\"contentUrl\":\"https:\/\/guidetogreenland.com\/wp-content\/uploads\/2020\/06\/Hiking-View-the-Eqip-Sermia-Eqi-glacier-face-from-near-Eqi-Lodge-Ilulissat-Greenland.jpg\",\"width\":1600,\"height\":1067},{\"@type\":\"BreadcrumbList\",\"@id\":\"https:\/\/guidetogreenland.com\/da\/reserver-ferie-rejser\/det-store-iseventyr-12-dage-diskobugten-vestgronland\/#breadcrumb\",\"itemListElement\":[{\"@type\":\"ListItem\",\"position\":1,\"name\":\"Home\",\"item\":\"https:\/\/guidetogreenland.com\/da\/\"},{\"@type\":\"ListItem\",\"position\":2,\"name\":\"Se alle ture\",\"item\":\"https:\/\/guidetogreenland.com\/da\/reserver-ferie-rejser\/\"},{\"@type\":\"ListItem\",\"position\":3,\"name\":\"Det Store Iseventyr | 12 dage | Diskobugten &#038; Vestgr\u00f8nland\"}]},{\"@type\":\"WebSite\",\"@id\":\"https:\/\/guidetogreenland.com\/da\/#website\",\"url\":\"https:\/\/guidetogreenland.com\/da\/\",\"name\":\"Guide to Greenland\",\"description\":\"Largest selection of tours in Greenland\",\"potentialAction\":[{\"@type\":\"SearchAction\",\"target\":{\"@type\":\"EntryPoint\",\"urlTemplate\":\"https:\/\/guidetogreenland.com\/da\/?s={search_term_string}\"},\"query-input\":{\"@type\":\"PropertyValueSpecification\",\"valueRequired\":true,\"valueName\":\"search_term_string\"}}],\"inLanguage\":\"da-DK\"}]}<\/script>\n<!-- \/ Yoast SEO plugin. -->","yoast_head_json":{"title":"Det Store Iseventyr | 12 dage | Diskobugten & Vestgr\u00f8nland | Guide to Greenland","description":"Witness Greenland's ice spectacles on this 12-day package, including the Ice Cap, Ilulissat Icefjord, the Eqi Glacier, and Disko Island.","robots":{"index":"index","follow":"follow","max-snippet":"max-snippet:-1","max-image-preview":"max-image-preview:large","max-video-preview":"max-video-preview:-1"},"canonical":"https:\/\/guidetogreenland.com\/da\/reserver-ferie-rejser\/det-store-iseventyr-12-dage-diskobugten-vestgronland\/","og_locale":"da_DK","og_type":"article","og_title":"Det Store Iseventyr | 12 dage | Diskobugten & Vestgr\u00f8nland | Guide to Greenland","og_description":"Witness Greenland's ice spectacles on this 12-day package, including the Ice Cap, Ilulissat Icefjord, the Eqi Glacier, and Disko Island.","og_url":"https:\/\/guidetogreenland.com\/da\/reserver-ferie-rejser\/det-store-iseventyr-12-dage-diskobugten-vestgronland\/","og_site_name":"Guide to Greenland","article_modified_time":"2025-10-23T06:23:17+00:00","og_image":[{"width":2560,"height":1707,"url":"https:\/\/guidetogreenland.com\/wp-content\/uploads\/2021\/07\/the-great-ice-adventure-12-days-disko-bay-west-greenland-15-scaled.jpg","type":"image\/jpeg"}],"twitter_card":"summary_large_image","twitter_misc":{"Estimeret l\u00e6setid":"2 minutter"},"schema":{"@context":"https:\/\/schema.org","@graph":[{"@type":"WebPage","@id":"https:\/\/guidetogreenland.com\/da\/reserver-ferie-rejser\/det-store-iseventyr-12-dage-diskobugten-vestgronland\/","url":"https:\/\/guidetogreenland.com\/da\/reserver-ferie-rejser\/det-store-iseventyr-12-dage-diskobugten-vestgronland\/","name":"Det Store Iseventyr | 12 dage | Diskobugten & Vestgr\u00f8nland | Guide to Greenland","isPartOf":{"@id":"https:\/\/guidetogreenland.com\/da\/#website"},"primaryImageOfPage":{"@id":"https:\/\/guidetogreenland.com\/da\/reserver-ferie-rejser\/det-store-iseventyr-12-dage-diskobugten-vestgronland\/#primaryimage"},"image":{"@id":"https:\/\/guidetogreenland.com\/da\/reserver-ferie-rejser\/det-store-iseventyr-12-dage-diskobugten-vestgronland\/#primaryimage"},"thumbnailUrl":"https:\/\/guidetogreenland.com\/wp-content\/uploads\/2020\/06\/Hiking-View-the-Eqip-Sermia-Eqi-glacier-face-from-near-Eqi-Lodge-Ilulissat-Greenland.jpg","datePublished":"2021-08-10T15:29:32+00:00","dateModified":"2025-10-23T06:23:17+00:00","description":"Witness Greenland's ice spectacles on this 12-day package, including the Ice Cap, Ilulissat Icefjord, the Eqi Glacier, and Disko Island.","breadcrumb":{"@id":"https:\/\/guidetogreenland.com\/da\/reserver-ferie-rejser\/det-store-iseventyr-12-dage-diskobugten-vestgronland\/#breadcrumb"},"inLanguage":"da-DK","potentialAction":[{"@type":"ReadAction","target":["https:\/\/guidetogreenland.com\/da\/reserver-ferie-rejser\/det-store-iseventyr-12-dage-diskobugten-vestgronland\/"]}]},{"@type":"ImageObject","inLanguage":"da-DK","@id":"https:\/\/guidetogreenland.com\/da\/reserver-ferie-rejser\/det-store-iseventyr-12-dage-diskobugten-vestgronland\/#primaryimage","url":"https:\/\/guidetogreenland.com\/wp-content\/uploads\/2020\/06\/Hiking-View-the-Eqip-Sermia-Eqi-glacier-face-from-near-Eqi-Lodge-Ilulissat-Greenland.jpg","contentUrl":"https:\/\/guidetogreenland.com\/wp-content\/uploads\/2020\/06\/Hiking-View-the-Eqip-Sermia-Eqi-glacier-face-from-near-Eqi-Lodge-Ilulissat-Greenland.jpg","width":1600,"height":1067},{"@type":"BreadcrumbList","@id":"https:\/\/guidetogreenland.com\/da\/reserver-ferie-rejser\/det-store-iseventyr-12-dage-diskobugten-vestgronland\/#breadcrumb","itemListElement":[{"@type":"ListItem","position":1,"name":"Home","item":"https:\/\/guidetogreenland.com\/da\/"},{"@type":"ListItem","position":2,"name":"Se alle ture","item":"https:\/\/guidetogreenland.com\/da\/reserver-ferie-rejser\/"},{"@type":"ListItem","position":3,"name":"Det Store Iseventyr | 12 dage | Diskobugten &#038; Vestgr\u00f8nland"}]},{"@type":"WebSite","@id":"https:\/\/guidetogreenland.com\/da\/#website","url":"https:\/\/guidetogreenland.com\/da\/","name":"Guide to Greenland","description":"Largest selection of tours in Greenland","potentialAction":[{"@type":"SearchAction","target":{"@type":"EntryPoint","urlTemplate":"https:\/\/guidetogreenland.com\/da\/?s={search_term_string}"},"query-input":{"@type":"PropertyValueSpecification","valueRequired":true,"valueName":"search_term_string"}}],"inLanguage":"da-DK"}]}},"_links":{"self":[{"href":"https:\/\/guidetogreenland.com\/da\/wp-json\/wp\/v2\/product\/20255","targetHints":{"allow":["GET"]}}],"collection":[{"href":"https:\/\/guidetogreenland.com\/da\/wp-json\/wp\/v2\/product"}],"about":[{"href":"https:\/\/guidetogreenland.com\/da\/wp-json\/wp\/v2\/types\/product"}],"replies":[{"embeddable":true,"href":"https:\/\/guidetogreenland.com\/da\/wp-json\/wp\/v2\/comments?post=20255"}],"wp:featuredmedia":[{"embeddable":true,"href":"https:\/\/guidetogreenland.com\/da\/wp-json\/wp\/v2\/media\/12538"}],"wp:attachment":[{"href":"https:\/\/guidetogreenland.com\/da\/wp-json\/wp\/v2\/media?parent=20255"}],"wp:term":[{"taxonomy":"product_brand","embeddable":true,"href":"https:\/\/guidetogreenland.com\/da\/wp-json\/wp\/v2\/product_brand?post=20255"},{"taxonomy":"product_cat","embeddable":true,"href":"https:\/\/guidetogreenland.com\/da\/wp-json\/wp\/v2\/product_cat?post=20255"},{"taxonomy":"product_tag","embeddable":true,"href":"https:\/\/guidetogreenland.com\/da\/wp-json\/wp\/v2\/product_tag?post=20255"}],"curies":[{"name":"wp","href":"https:\/\/api.w.org\/{rel}","templated":true}]}}