{"id":32950,"date":"2023-02-20T15:37:41","date_gmt":"2023-02-20T18:37:41","guid":{"rendered":"https:\/\/guidetogreenland.com\/book-trips-holiday\/glamping-at-camp-kangiusaq-nuuk-west-greenland\/"},"modified":"2025-11-10T08:12:37","modified_gmt":"2025-11-10T11:12:37","slug":"glamping-at-camp-kangiusaq-nuuk-west-greenland","status":"publish","type":"product","link":"https:\/\/guidetogreenland.com\/da\/reserver-ferie-rejser\/eksklusiv-glamping-i-nuuk-fjord-vestgronland\/","title":{"rendered":"Eksklusiv glamping i Nuuk Fjord | Vestgr\u00f8nland"},"content":{"rendered":"<p><strong>Denne oplevelse er et must, hvis du virkelig vil opleve den vilde og fantastiske gr\u00f8nlandske natur langt v\u00e6k fra byen, men stadig gerne vil have komfort i verdensklasse!<\/strong><\/p>\n<p><span style=\"font-weight: 400;\">Turen starter ved Kolonihavnen ved siden af Nationalmuseet i Nuuk kl. 09:00. Derfra sejler du mod Nuuk Isfjord. En meget smuk sejltur, hvor du f\u00e5r chancen for at se isbjerge og i det hele taget fantastisk natur hele vejen til lejren.<\/span><\/p>\n<p><span style=\"font-weight: 400;\">N\u00e5r du ankommer vil du blive m\u00f8dt af guiderne p\u00e5 campen (som taler engelsk og dansk). Derfra vil de give dig en hurtig rundtur i omr\u00e5det og give dig al relevant information til dit ophold.<\/span><\/p>\n<p><span style=\"font-weight: 400;\">Der vil blive serveret aftensmad mellem 18-20 i det store telt, som kan nydes inde eller ude med en fantastisk udsigt. Den efterf\u00f8lgende morgen kan morgenmaden nydes mellem 08-09.<\/span><\/p>\n<p><span style=\"font-weight: 400;\">Under dit ophold er det ogs\u00e5 muligt at tage ud p\u00e5 en paddleboard- eller kajaktur, fiske, eller tage p\u00e5 vandretur til et vandfald eller flere udsigtspunkter, hvorfra du kan se isfjorden.<\/span><\/p>\n<p><span style=\"font-weight: 400;\">Du sejler tilbage til Nuuk kl. 14:00 eller 17:30 &#8211; alt efter hvad du foretr\u00e6kker!<\/span><\/p>\n<p><strong>Bem\u00e6rk, at det ogs\u00e5 er muligt at bo i glamping-lejren i to n\u00e6tter.<\/strong><\/p>\n<p><span style=\"font-weight: 400;\">N\u00e5r man skal til glamping-lejren, er det vigtigt at huske, at den ligger midt i vildmarken. Medbring derfor gode vandresko og passende p\u00e5kl\u00e6dning til udelivet og forvent al slags vejr. Teltene er opvarmede og hvert telt har en dobbeltseng med tykke dyner og puder.<\/span><\/p>\n<p><strong>Bem\u00e6rk venligst:<\/strong> Hvis du har nogen allergier, s\u00e5 lad os vide det s\u00e5 hurtigt som muligt!<\/p>\n<p>For at reservere dit eksklusive glamping-ophold skal du v\u00e6lge din rejsedato og klikke <strong>\u2018Book Nu\u2019<\/strong>.<\/p>\n","protected":false},"excerpt":{"rendered":"Denne oplevelse er et must, hvis du virkelig vil opleve den vilde og fantastiske gr\u00f8nlandske natur langt v\u00e6k fra byen, men stadig gerne vil have komfort i verdensklasse! Turen starter ved Kolonihavnen ved siden af Nationalmuseet i Nuuk kl. 09:00. Derfra sejler du mod Nuuk Isfjord. En meget smuk sejltur, hvor du f\u00e5r chancen for&#8230;","protected":false},"featured_media":73762,"comment_status":"open","ping_status":"closed","template":"","meta":[],"product_brand":[],"product_cat":[594,605,612,640,652,633],"product_tag":[893],"class_list":{"0":"post-32950","1":"product","2":"type-product","3":"status-publish","4":"has-post-thumbnail","6":"product_cat-baadture","7":"product_cat-dagsture-om-sommeren","8":"product_cat-natur-og-dyreliv-i-groenland","9":"product_cat-sommerrejser","10":"product_cat-ture-i-nuuk","11":"product_cat-vestgroenland","12":"product_tag-nuuk-da","13":"pa_activities-baadtur","14":"pa_activities-camping","15":"pa_activities-isbjerg-udsigt","16":"pa_attractions-nuuk-fjord","17":"pa_available-month-juni","18":"pa_available-month-juli","19":"pa_available-month-august","20":"pa_available-month-september","21":"pa_destinations-nuuk","22":"pa_difficulty-let","23":"pa_duration-2-dage","24":"pa_tour-type-flerdags-ture","25":"yith_shop_vendor-nuuk-water-taxi-da","26":"yith_booking_service-1-extra-night","28":"first","29":"instock","30":"virtual","31":"sold-individually","32":"purchasable","33":"product-type-booking"},"acf":[],"yoast_head":"<!-- This site is optimized with the Yoast SEO plugin v25.6 - https:\/\/yoast.com\/wordpress\/plugins\/seo\/ -->\n<title>Eksklusiv glamping i Nuuk Fjord | Guide to Greenland<\/title>\n<meta name=\"description\" content=\"Denne tur er til dig, som \u00f8nsker at opleve Gr\u00f8nlands vilde og fantastiske natur langt v\u00e6k fra bylivet - men i et verdenklasse setup! Se glampingtur her \u00bb\" \/>\n<meta name=\"robots\" content=\"index, follow, max-snippet:-1, max-image-preview:large, max-video-preview:-1\" \/>\n<link rel=\"canonical\" href=\"https:\/\/guidetogreenland.com\/da\/reserver-ferie-rejser\/eksklusiv-glamping-i-nuuk-fjord-vestgronland\/\" \/>\n<meta property=\"og:locale\" content=\"da_DK\" \/>\n<meta property=\"og:type\" content=\"article\" \/>\n<meta property=\"og:title\" content=\"Eksklusiv glamping i Nuuk Fjord | Guide to Greenland\" \/>\n<meta property=\"og:description\" content=\"Denne tur er til dig, som \u00f8nsker at opleve Gr\u00f8nlands vilde og fantastiske natur langt v\u00e6k fra bylivet - men i et verdenklasse setup! Se glampingtur her \u00bb\" \/>\n<meta property=\"og:url\" content=\"https:\/\/guidetogreenland.com\/da\/reserver-ferie-rejser\/eksklusiv-glamping-i-nuuk-fjord-vestgronland\/\" \/>\n<meta property=\"og:site_name\" content=\"Guide to Greenland\" \/>\n<meta property=\"article:modified_time\" content=\"2025-11-10T11:12:37+00:00\" \/>\n<meta property=\"og:image\" content=\"https:\/\/guidetogreenland.com\/wp-content\/uploads\/2023\/02\/Relaxing-Luxury-Glamping-Stay-in-Nuuk-Fjord-scaled.jpg\" \/>\n\t<meta property=\"og:image:width\" content=\"2560\" \/>\n\t<meta property=\"og:image:height\" content=\"1920\" \/>\n\t<meta property=\"og:image:type\" content=\"image\/jpeg\" \/>\n<meta name=\"twitter:card\" content=\"summary_large_image\" \/>\n<meta name=\"twitter:label1\" content=\"Estimeret l\u00e6setid\" \/>\n\t<meta name=\"twitter:data1\" content=\"2 minutter\" \/>\n<script type=\"application\/ld+json\" class=\"yoast-schema-graph\">{\"@context\":\"https:\/\/schema.org\",\"@graph\":[{\"@type\":\"WebPage\",\"@id\":\"https:\/\/guidetogreenland.com\/da\/reserver-ferie-rejser\/eksklusiv-glamping-i-nuuk-fjord-vestgronland\/\",\"url\":\"https:\/\/guidetogreenland.com\/da\/reserver-ferie-rejser\/eksklusiv-glamping-i-nuuk-fjord-vestgronland\/\",\"name\":\"Eksklusiv glamping i Nuuk Fjord | Guide to Greenland\",\"isPartOf\":{\"@id\":\"https:\/\/guidetogreenland.com\/da\/#website\"},\"primaryImageOfPage\":{\"@id\":\"https:\/\/guidetogreenland.com\/da\/reserver-ferie-rejser\/eksklusiv-glamping-i-nuuk-fjord-vestgronland\/#primaryimage\"},\"image\":{\"@id\":\"https:\/\/guidetogreenland.com\/da\/reserver-ferie-rejser\/eksklusiv-glamping-i-nuuk-fjord-vestgronland\/#primaryimage\"},\"thumbnailUrl\":\"https:\/\/guidetogreenland.com\/wp-content\/uploads\/2023\/02\/Relaxing-Luxury-Glamping-Stay-in-Nuuk-Fjord-scaled.jpg\",\"datePublished\":\"2023-02-20T18:37:41+00:00\",\"dateModified\":\"2025-11-10T11:12:37+00:00\",\"description\":\"Denne tur er til dig, som \u00f8nsker at opleve Gr\u00f8nlands vilde og fantastiske natur langt v\u00e6k fra bylivet - men i et verdenklasse setup! Se glampingtur her \u00bb\",\"breadcrumb\":{\"@id\":\"https:\/\/guidetogreenland.com\/da\/reserver-ferie-rejser\/eksklusiv-glamping-i-nuuk-fjord-vestgronland\/#breadcrumb\"},\"inLanguage\":\"da-DK\",\"potentialAction\":[{\"@type\":\"ReadAction\",\"target\":[\"https:\/\/guidetogreenland.com\/da\/reserver-ferie-rejser\/eksklusiv-glamping-i-nuuk-fjord-vestgronland\/\"]}]},{\"@type\":\"ImageObject\",\"inLanguage\":\"da-DK\",\"@id\":\"https:\/\/guidetogreenland.com\/da\/reserver-ferie-rejser\/eksklusiv-glamping-i-nuuk-fjord-vestgronland\/#primaryimage\",\"url\":\"https:\/\/guidetogreenland.com\/wp-content\/uploads\/2023\/02\/Relaxing-Luxury-Glamping-Stay-in-Nuuk-Fjord-scaled.jpg\",\"contentUrl\":\"https:\/\/guidetogreenland.com\/wp-content\/uploads\/2023\/02\/Relaxing-Luxury-Glamping-Stay-in-Nuuk-Fjord-scaled.jpg\",\"width\":2560,\"height\":1920,\"caption\":\"default\"},{\"@type\":\"BreadcrumbList\",\"@id\":\"https:\/\/guidetogreenland.com\/da\/reserver-ferie-rejser\/eksklusiv-glamping-i-nuuk-fjord-vestgronland\/#breadcrumb\",\"itemListElement\":[{\"@type\":\"ListItem\",\"position\":1,\"name\":\"Home\",\"item\":\"https:\/\/guidetogreenland.com\/da\/\"},{\"@type\":\"ListItem\",\"position\":2,\"name\":\"Se alle ture\",\"item\":\"https:\/\/guidetogreenland.com\/da\/reserver-ferie-rejser\/\"},{\"@type\":\"ListItem\",\"position\":3,\"name\":\"Eksklusiv glamping i Nuuk Fjord | Vestgr\u00f8nland\"}]},{\"@type\":\"WebSite\",\"@id\":\"https:\/\/guidetogreenland.com\/da\/#website\",\"url\":\"https:\/\/guidetogreenland.com\/da\/\",\"name\":\"Guide to Greenland\",\"description\":\"Largest selection of tours in Greenland\",\"potentialAction\":[{\"@type\":\"SearchAction\",\"target\":{\"@type\":\"EntryPoint\",\"urlTemplate\":\"https:\/\/guidetogreenland.com\/da\/?s={search_term_string}\"},\"query-input\":{\"@type\":\"PropertyValueSpecification\",\"valueRequired\":true,\"valueName\":\"search_term_string\"}}],\"inLanguage\":\"da-DK\"}]}<\/script>\n<!-- \/ Yoast SEO plugin. -->","yoast_head_json":{"title":"Eksklusiv glamping i Nuuk Fjord | Guide to Greenland","description":"Denne tur er til dig, som \u00f8nsker at opleve Gr\u00f8nlands vilde og fantastiske natur langt v\u00e6k fra bylivet - men i et verdenklasse setup! Se glampingtur her \u00bb","robots":{"index":"index","follow":"follow","max-snippet":"max-snippet:-1","max-image-preview":"max-image-preview:large","max-video-preview":"max-video-preview:-1"},"canonical":"https:\/\/guidetogreenland.com\/da\/reserver-ferie-rejser\/eksklusiv-glamping-i-nuuk-fjord-vestgronland\/","og_locale":"da_DK","og_type":"article","og_title":"Eksklusiv glamping i Nuuk Fjord | Guide to Greenland","og_description":"Denne tur er til dig, som \u00f8nsker at opleve Gr\u00f8nlands vilde og fantastiske natur langt v\u00e6k fra bylivet - men i et verdenklasse setup! Se glampingtur her \u00bb","og_url":"https:\/\/guidetogreenland.com\/da\/reserver-ferie-rejser\/eksklusiv-glamping-i-nuuk-fjord-vestgronland\/","og_site_name":"Guide to Greenland","article_modified_time":"2025-11-10T11:12:37+00:00","og_image":[{"width":2560,"height":1920,"url":"https:\/\/guidetogreenland.com\/wp-content\/uploads\/2023\/02\/Relaxing-Luxury-Glamping-Stay-in-Nuuk-Fjord-scaled.jpg","type":"image\/jpeg"}],"twitter_card":"summary_large_image","twitter_misc":{"Estimeret l\u00e6setid":"2 minutter"},"schema":{"@context":"https:\/\/schema.org","@graph":[{"@type":"WebPage","@id":"https:\/\/guidetogreenland.com\/da\/reserver-ferie-rejser\/eksklusiv-glamping-i-nuuk-fjord-vestgronland\/","url":"https:\/\/guidetogreenland.com\/da\/reserver-ferie-rejser\/eksklusiv-glamping-i-nuuk-fjord-vestgronland\/","name":"Eksklusiv glamping i Nuuk Fjord | Guide to Greenland","isPartOf":{"@id":"https:\/\/guidetogreenland.com\/da\/#website"},"primaryImageOfPage":{"@id":"https:\/\/guidetogreenland.com\/da\/reserver-ferie-rejser\/eksklusiv-glamping-i-nuuk-fjord-vestgronland\/#primaryimage"},"image":{"@id":"https:\/\/guidetogreenland.com\/da\/reserver-ferie-rejser\/eksklusiv-glamping-i-nuuk-fjord-vestgronland\/#primaryimage"},"thumbnailUrl":"https:\/\/guidetogreenland.com\/wp-content\/uploads\/2023\/02\/Relaxing-Luxury-Glamping-Stay-in-Nuuk-Fjord-scaled.jpg","datePublished":"2023-02-20T18:37:41+00:00","dateModified":"2025-11-10T11:12:37+00:00","description":"Denne tur er til dig, som \u00f8nsker at opleve Gr\u00f8nlands vilde og fantastiske natur langt v\u00e6k fra bylivet - men i et verdenklasse setup! Se glampingtur her \u00bb","breadcrumb":{"@id":"https:\/\/guidetogreenland.com\/da\/reserver-ferie-rejser\/eksklusiv-glamping-i-nuuk-fjord-vestgronland\/#breadcrumb"},"inLanguage":"da-DK","potentialAction":[{"@type":"ReadAction","target":["https:\/\/guidetogreenland.com\/da\/reserver-ferie-rejser\/eksklusiv-glamping-i-nuuk-fjord-vestgronland\/"]}]},{"@type":"ImageObject","inLanguage":"da-DK","@id":"https:\/\/guidetogreenland.com\/da\/reserver-ferie-rejser\/eksklusiv-glamping-i-nuuk-fjord-vestgronland\/#primaryimage","url":"https:\/\/guidetogreenland.com\/wp-content\/uploads\/2023\/02\/Relaxing-Luxury-Glamping-Stay-in-Nuuk-Fjord-scaled.jpg","contentUrl":"https:\/\/guidetogreenland.com\/wp-content\/uploads\/2023\/02\/Relaxing-Luxury-Glamping-Stay-in-Nuuk-Fjord-scaled.jpg","width":2560,"height":1920,"caption":"default"},{"@type":"BreadcrumbList","@id":"https:\/\/guidetogreenland.com\/da\/reserver-ferie-rejser\/eksklusiv-glamping-i-nuuk-fjord-vestgronland\/#breadcrumb","itemListElement":[{"@type":"ListItem","position":1,"name":"Home","item":"https:\/\/guidetogreenland.com\/da\/"},{"@type":"ListItem","position":2,"name":"Se alle ture","item":"https:\/\/guidetogreenland.com\/da\/reserver-ferie-rejser\/"},{"@type":"ListItem","position":3,"name":"Eksklusiv glamping i Nuuk Fjord | Vestgr\u00f8nland"}]},{"@type":"WebSite","@id":"https:\/\/guidetogreenland.com\/da\/#website","url":"https:\/\/guidetogreenland.com\/da\/","name":"Guide to Greenland","description":"Largest selection of tours in Greenland","potentialAction":[{"@type":"SearchAction","target":{"@type":"EntryPoint","urlTemplate":"https:\/\/guidetogreenland.com\/da\/?s={search_term_string}"},"query-input":{"@type":"PropertyValueSpecification","valueRequired":true,"valueName":"search_term_string"}}],"inLanguage":"da-DK"}]}},"_links":{"self":[{"href":"https:\/\/guidetogreenland.com\/da\/wp-json\/wp\/v2\/product\/32950","targetHints":{"allow":["GET"]}}],"collection":[{"href":"https:\/\/guidetogreenland.com\/da\/wp-json\/wp\/v2\/product"}],"about":[{"href":"https:\/\/guidetogreenland.com\/da\/wp-json\/wp\/v2\/types\/product"}],"replies":[{"embeddable":true,"href":"https:\/\/guidetogreenland.com\/da\/wp-json\/wp\/v2\/comments?post=32950"}],"wp:featuredmedia":[{"embeddable":true,"href":"https:\/\/guidetogreenland.com\/da\/wp-json\/wp\/v2\/media\/73762"}],"wp:attachment":[{"href":"https:\/\/guidetogreenland.com\/da\/wp-json\/wp\/v2\/media?parent=32950"}],"wp:term":[{"taxonomy":"product_brand","embeddable":true,"href":"https:\/\/guidetogreenland.com\/da\/wp-json\/wp\/v2\/product_brand?post=32950"},{"taxonomy":"product_cat","embeddable":true,"href":"https:\/\/guidetogreenland.com\/da\/wp-json\/wp\/v2\/product_cat?post=32950"},{"taxonomy":"product_tag","embeddable":true,"href":"https:\/\/guidetogreenland.com\/da\/wp-json\/wp\/v2\/product_tag?post=32950"}],"curies":[{"name":"wp","href":"https:\/\/api.w.org\/{rel}","templated":true}]}}