{"id":34852,"date":"2023-04-28T10:46:04","date_gmt":"2023-04-28T13:46:04","guid":{"rendered":"https:\/\/guidetogreenland.com\/book-trips-holiday\/mountain-ridge-hike-nuuk\/"},"modified":"2024-11-05T13:57:18","modified_gmt":"2024-11-05T16:57:18","slug":"mountain-ridge-hike-nuuk","status":"publish","type":"product","link":"https:\/\/guidetogreenland.com\/da\/reserver-ferie-rejser\/vandretur-langs-bjergkam-nuuk\/","title":{"rendered":"Vandretur langs bjergkam | Nuuk"},"content":{"rendered":"<p>Denne tur er for dem, som leder efter et spektakul\u00e6rt heldagseventyr. Du g\u00e5r langs en bjergkam med en fantastisk udsigt og vil blive bel\u00f8nnet med en fantastisk 360 graders udsigt ved Kangilia.<\/p>\n<p>Denne udsigt vil give dig et nyt perspektiv p\u00e5 det store bagland i Nuuk og fjordene i Gr\u00f8nland. Det er ret enest\u00e5ende! De enorme afstande, de dybe fjorde med t\u00e5rnh\u00f8je bjergtoppe, den friske arktiske luft!<\/p>\n<p>Turen begynder i udkanten af Nuuk, og bringer dig lige ud i vildmarken, hvor du vandrer mellem bjerge og s\u00f8er. Det er en j\u00e6vn stigning, som kan f\u00e5 dig til at arbejde lidt h\u00e5rdere, men vi garanterer dig, at den bliver smukkere for hvert skridt du g\u00e5r!<\/p>\n<p>V\u00e6lg din foretrukne dato og klik p\u00e5 <strong>BOOK NU<\/strong>.<\/p>\n","protected":false},"excerpt":{"rendered":"Denne tur er for dem, som leder efter et spektakul\u00e6rt heldagseventyr. Du g\u00e5r langs en bjergkam med en fantastisk udsigt og vil blive bel\u00f8nnet med en fantastisk 360 graders udsigt ved Kangilia. Denne udsigt vil give dig et nyt perspektiv p\u00e5 det store bagland i Nuuk og fjordene i Gr\u00f8nland. Det er ret enest\u00e5ende! De&#8230;","protected":false},"featured_media":34778,"comment_status":"open","ping_status":"closed","template":"","meta":[],"product_brand":[],"product_cat":[605,606,593,611,1068,652,608,633],"product_tag":[893],"class_list":{"0":"post-34852","1":"product","2":"type-product","3":"status-publish","4":"has-post-thumbnail","6":"product_cat-dagsture-om-sommeren","7":"product_cat-dagsture-om-vinteren","8":"product_cat-oplevelser-i-groenland","9":"product_cat-ski-og-sneskoture","10":"product_cat-dagsture","11":"product_cat-ture-i-nuuk","12":"product_cat-vandre-og-trekkingture","13":"product_cat-vestgroenland","14":"product_tag-nuuk-da","15":"pa_activities-gletschervandring","16":"pa_activities-vandretur","17":"pa_activities-snesko","18":"pa_attractions-kangilia-da","19":"pa_attractions-quassussuaq-lille-malene","20":"pa_available-month-januar","21":"pa_available-month-februar","22":"pa_available-month-marts","23":"pa_available-month-april","24":"pa_available-month-maj","25":"pa_available-month-juni","26":"pa_available-month-juli","27":"pa_available-month-august","28":"pa_available-month-september","29":"pa_available-month-oktober","30":"pa_available-month-november","31":"pa_available-month-december","32":"pa_destinations-nuuk","33":"pa_difficulty-haard","34":"pa_duration-8-timer","35":"pa_tour-type-dagsture","36":"yith_shop_vendor-two-ravens-da","38":"first","39":"instock","40":"virtual","41":"sold-individually","42":"purchasable","43":"product-type-booking"},"acf":[],"yoast_head":"<!-- This site is optimized with the Yoast SEO plugin v25.6 - https:\/\/yoast.com\/wordpress\/plugins\/seo\/ -->\n<title>Vandretur langs bjergkam i Nuuks bagland | Guide to Greenland<\/title>\n<meta name=\"description\" content=\"Denne tur er for dem, som leder efter et heldagseventyr i Nuuk. Du g\u00e5r langs en bjergkam med en fantastisk udsigt. Se turen her \u00bb\" \/>\n<meta name=\"robots\" content=\"index, follow, max-snippet:-1, max-image-preview:large, max-video-preview:-1\" \/>\n<link rel=\"canonical\" href=\"https:\/\/guidetogreenland.com\/da\/reserver-ferie-rejser\/vandretur-langs-bjergkam-nuuk\/\" \/>\n<meta property=\"og:locale\" content=\"da_DK\" \/>\n<meta property=\"og:type\" content=\"article\" \/>\n<meta property=\"og:title\" content=\"Vandretur langs bjergkam i Nuuks bagland | Guide to Greenland\" \/>\n<meta property=\"og:description\" content=\"Denne tur er for dem, som leder efter et heldagseventyr i Nuuk. Du g\u00e5r langs en bjergkam med en fantastisk udsigt. Se turen her \u00bb\" \/>\n<meta property=\"og:url\" content=\"https:\/\/guidetogreenland.com\/da\/reserver-ferie-rejser\/vandretur-langs-bjergkam-nuuk\/\" \/>\n<meta property=\"og:site_name\" content=\"Guide to Greenland\" \/>\n<meta property=\"article:modified_time\" content=\"2024-11-05T16:57:18+00:00\" \/>\n<meta property=\"og:image\" content=\"https:\/\/guidetogreenland.com\/wp-content\/uploads\/2023\/04\/Mountain-ridge-hike-Guide-to-Greenland-Two-Ravenstour-full-day-snowshoe-hike-to-kangilia-1.jpeg\" \/>\n\t<meta property=\"og:image:width\" content=\"500\" \/>\n\t<meta property=\"og:image:height\" content=\"300\" \/>\n\t<meta property=\"og:image:type\" content=\"image\/jpeg\" \/>\n<meta name=\"twitter:card\" content=\"summary_large_image\" \/>\n<meta name=\"twitter:label1\" content=\"Estimeret l\u00e6setid\" \/>\n\t<meta name=\"twitter:data1\" content=\"1 minut\" \/>\n<script type=\"application\/ld+json\" class=\"yoast-schema-graph\">{\"@context\":\"https:\/\/schema.org\",\"@graph\":[{\"@type\":\"WebPage\",\"@id\":\"https:\/\/guidetogreenland.com\/da\/reserver-ferie-rejser\/vandretur-langs-bjergkam-nuuk\/\",\"url\":\"https:\/\/guidetogreenland.com\/da\/reserver-ferie-rejser\/vandretur-langs-bjergkam-nuuk\/\",\"name\":\"Vandretur langs bjergkam i Nuuks bagland | Guide to Greenland\",\"isPartOf\":{\"@id\":\"https:\/\/guidetogreenland.com\/da\/#website\"},\"primaryImageOfPage\":{\"@id\":\"https:\/\/guidetogreenland.com\/da\/reserver-ferie-rejser\/vandretur-langs-bjergkam-nuuk\/#primaryimage\"},\"image\":{\"@id\":\"https:\/\/guidetogreenland.com\/da\/reserver-ferie-rejser\/vandretur-langs-bjergkam-nuuk\/#primaryimage\"},\"thumbnailUrl\":\"https:\/\/guidetogreenland.com\/wp-content\/uploads\/2023\/04\/Mountain-ridge-hike-Guide-to-Greenland-Two-Ravenstour-full-day-snowshoe-hike-to-kangilia-1.jpeg\",\"datePublished\":\"2023-04-28T13:46:04+00:00\",\"dateModified\":\"2024-11-05T16:57:18+00:00\",\"description\":\"Denne tur er for dem, som leder efter et heldagseventyr i Nuuk. Du g\u00e5r langs en bjergkam med en fantastisk udsigt. Se turen her \u00bb\",\"breadcrumb\":{\"@id\":\"https:\/\/guidetogreenland.com\/da\/reserver-ferie-rejser\/vandretur-langs-bjergkam-nuuk\/#breadcrumb\"},\"inLanguage\":\"da-DK\",\"potentialAction\":[{\"@type\":\"ReadAction\",\"target\":[\"https:\/\/guidetogreenland.com\/da\/reserver-ferie-rejser\/vandretur-langs-bjergkam-nuuk\/\"]}]},{\"@type\":\"ImageObject\",\"inLanguage\":\"da-DK\",\"@id\":\"https:\/\/guidetogreenland.com\/da\/reserver-ferie-rejser\/vandretur-langs-bjergkam-nuuk\/#primaryimage\",\"url\":\"https:\/\/guidetogreenland.com\/wp-content\/uploads\/2023\/04\/Mountain-ridge-hike-Guide-to-Greenland-Two-Ravenstour-full-day-snowshoe-hike-to-kangilia-1.jpeg\",\"contentUrl\":\"https:\/\/guidetogreenland.com\/wp-content\/uploads\/2023\/04\/Mountain-ridge-hike-Guide-to-Greenland-Two-Ravenstour-full-day-snowshoe-hike-to-kangilia-1.jpeg\",\"width\":500,\"height\":300},{\"@type\":\"BreadcrumbList\",\"@id\":\"https:\/\/guidetogreenland.com\/da\/reserver-ferie-rejser\/vandretur-langs-bjergkam-nuuk\/#breadcrumb\",\"itemListElement\":[{\"@type\":\"ListItem\",\"position\":1,\"name\":\"Home\",\"item\":\"https:\/\/guidetogreenland.com\/da\/\"},{\"@type\":\"ListItem\",\"position\":2,\"name\":\"Se alle ture\",\"item\":\"https:\/\/guidetogreenland.com\/da\/reserver-ferie-rejser\/\"},{\"@type\":\"ListItem\",\"position\":3,\"name\":\"Vandretur langs bjergkam | Nuuk\"}]},{\"@type\":\"WebSite\",\"@id\":\"https:\/\/guidetogreenland.com\/da\/#website\",\"url\":\"https:\/\/guidetogreenland.com\/da\/\",\"name\":\"Guide to Greenland\",\"description\":\"Largest selection of tours in Greenland\",\"potentialAction\":[{\"@type\":\"SearchAction\",\"target\":{\"@type\":\"EntryPoint\",\"urlTemplate\":\"https:\/\/guidetogreenland.com\/da\/?s={search_term_string}\"},\"query-input\":{\"@type\":\"PropertyValueSpecification\",\"valueRequired\":true,\"valueName\":\"search_term_string\"}}],\"inLanguage\":\"da-DK\"}]}<\/script>\n<!-- \/ Yoast SEO plugin. -->","yoast_head_json":{"title":"Vandretur langs bjergkam i Nuuks bagland | Guide to Greenland","description":"Denne tur er for dem, som leder efter et heldagseventyr i Nuuk. Du g\u00e5r langs en bjergkam med en fantastisk udsigt. Se turen her \u00bb","robots":{"index":"index","follow":"follow","max-snippet":"max-snippet:-1","max-image-preview":"max-image-preview:large","max-video-preview":"max-video-preview:-1"},"canonical":"https:\/\/guidetogreenland.com\/da\/reserver-ferie-rejser\/vandretur-langs-bjergkam-nuuk\/","og_locale":"da_DK","og_type":"article","og_title":"Vandretur langs bjergkam i Nuuks bagland | Guide to Greenland","og_description":"Denne tur er for dem, som leder efter et heldagseventyr i Nuuk. Du g\u00e5r langs en bjergkam med en fantastisk udsigt. Se turen her \u00bb","og_url":"https:\/\/guidetogreenland.com\/da\/reserver-ferie-rejser\/vandretur-langs-bjergkam-nuuk\/","og_site_name":"Guide to Greenland","article_modified_time":"2024-11-05T16:57:18+00:00","og_image":[{"width":500,"height":300,"url":"https:\/\/guidetogreenland.com\/wp-content\/uploads\/2023\/04\/Mountain-ridge-hike-Guide-to-Greenland-Two-Ravenstour-full-day-snowshoe-hike-to-kangilia-1.jpeg","type":"image\/jpeg"}],"twitter_card":"summary_large_image","twitter_misc":{"Estimeret l\u00e6setid":"1 minut"},"schema":{"@context":"https:\/\/schema.org","@graph":[{"@type":"WebPage","@id":"https:\/\/guidetogreenland.com\/da\/reserver-ferie-rejser\/vandretur-langs-bjergkam-nuuk\/","url":"https:\/\/guidetogreenland.com\/da\/reserver-ferie-rejser\/vandretur-langs-bjergkam-nuuk\/","name":"Vandretur langs bjergkam i Nuuks bagland | Guide to Greenland","isPartOf":{"@id":"https:\/\/guidetogreenland.com\/da\/#website"},"primaryImageOfPage":{"@id":"https:\/\/guidetogreenland.com\/da\/reserver-ferie-rejser\/vandretur-langs-bjergkam-nuuk\/#primaryimage"},"image":{"@id":"https:\/\/guidetogreenland.com\/da\/reserver-ferie-rejser\/vandretur-langs-bjergkam-nuuk\/#primaryimage"},"thumbnailUrl":"https:\/\/guidetogreenland.com\/wp-content\/uploads\/2023\/04\/Mountain-ridge-hike-Guide-to-Greenland-Two-Ravenstour-full-day-snowshoe-hike-to-kangilia-1.jpeg","datePublished":"2023-04-28T13:46:04+00:00","dateModified":"2024-11-05T16:57:18+00:00","description":"Denne tur er for dem, som leder efter et heldagseventyr i Nuuk. Du g\u00e5r langs en bjergkam med en fantastisk udsigt. Se turen her \u00bb","breadcrumb":{"@id":"https:\/\/guidetogreenland.com\/da\/reserver-ferie-rejser\/vandretur-langs-bjergkam-nuuk\/#breadcrumb"},"inLanguage":"da-DK","potentialAction":[{"@type":"ReadAction","target":["https:\/\/guidetogreenland.com\/da\/reserver-ferie-rejser\/vandretur-langs-bjergkam-nuuk\/"]}]},{"@type":"ImageObject","inLanguage":"da-DK","@id":"https:\/\/guidetogreenland.com\/da\/reserver-ferie-rejser\/vandretur-langs-bjergkam-nuuk\/#primaryimage","url":"https:\/\/guidetogreenland.com\/wp-content\/uploads\/2023\/04\/Mountain-ridge-hike-Guide-to-Greenland-Two-Ravenstour-full-day-snowshoe-hike-to-kangilia-1.jpeg","contentUrl":"https:\/\/guidetogreenland.com\/wp-content\/uploads\/2023\/04\/Mountain-ridge-hike-Guide-to-Greenland-Two-Ravenstour-full-day-snowshoe-hike-to-kangilia-1.jpeg","width":500,"height":300},{"@type":"BreadcrumbList","@id":"https:\/\/guidetogreenland.com\/da\/reserver-ferie-rejser\/vandretur-langs-bjergkam-nuuk\/#breadcrumb","itemListElement":[{"@type":"ListItem","position":1,"name":"Home","item":"https:\/\/guidetogreenland.com\/da\/"},{"@type":"ListItem","position":2,"name":"Se alle ture","item":"https:\/\/guidetogreenland.com\/da\/reserver-ferie-rejser\/"},{"@type":"ListItem","position":3,"name":"Vandretur langs bjergkam | Nuuk"}]},{"@type":"WebSite","@id":"https:\/\/guidetogreenland.com\/da\/#website","url":"https:\/\/guidetogreenland.com\/da\/","name":"Guide to Greenland","description":"Largest selection of tours in Greenland","potentialAction":[{"@type":"SearchAction","target":{"@type":"EntryPoint","urlTemplate":"https:\/\/guidetogreenland.com\/da\/?s={search_term_string}"},"query-input":{"@type":"PropertyValueSpecification","valueRequired":true,"valueName":"search_term_string"}}],"inLanguage":"da-DK"}]}},"_links":{"self":[{"href":"https:\/\/guidetogreenland.com\/da\/wp-json\/wp\/v2\/product\/34852","targetHints":{"allow":["GET"]}}],"collection":[{"href":"https:\/\/guidetogreenland.com\/da\/wp-json\/wp\/v2\/product"}],"about":[{"href":"https:\/\/guidetogreenland.com\/da\/wp-json\/wp\/v2\/types\/product"}],"replies":[{"embeddable":true,"href":"https:\/\/guidetogreenland.com\/da\/wp-json\/wp\/v2\/comments?post=34852"}],"wp:featuredmedia":[{"embeddable":true,"href":"https:\/\/guidetogreenland.com\/da\/wp-json\/wp\/v2\/media\/34778"}],"wp:attachment":[{"href":"https:\/\/guidetogreenland.com\/da\/wp-json\/wp\/v2\/media?parent=34852"}],"wp:term":[{"taxonomy":"product_brand","embeddable":true,"href":"https:\/\/guidetogreenland.com\/da\/wp-json\/wp\/v2\/product_brand?post=34852"},{"taxonomy":"product_cat","embeddable":true,"href":"https:\/\/guidetogreenland.com\/da\/wp-json\/wp\/v2\/product_cat?post=34852"},{"taxonomy":"product_tag","embeddable":true,"href":"https:\/\/guidetogreenland.com\/da\/wp-json\/wp\/v2\/product_tag?post=34852"}],"curies":[{"name":"wp","href":"https:\/\/api.w.org\/{rel}","templated":true}]}}