{"id":35682,"date":"2022-04-26T13:33:19","date_gmt":"2022-04-26T16:33:19","guid":{"rendered":"https:\/\/guidetogreenland.com\/book-trips-holiday\/whale-safari-in-nuuk-west-greenland\/"},"modified":"2025-10-20T13:22:30","modified_gmt":"2025-10-20T16:22:30","slug":"whale-safari-in-nuuk-west-greenland","status":"publish","type":"product","link":"https:\/\/guidetogreenland.com\/da\/reserver-ferie-rejser\/hvalsafari-i-nuuk-vestgronland\/","title":{"rendered":"Hvalsafari i Nuuk | Vestgr\u00f8nland"},"content":{"rendered":"<p>Hvis du planl\u00e6gger at bes\u00f8ge Nuuk mellem maj og september, og har et \u00f8nske om at se de majest\u00e6tiske pukkelhvaler, er denne tur uden tvivl noget for dig!<\/p>\n<p>Denne tur tager dig ud i det betagende landskab i Nuuk Fjord med det form\u00e5l at finde pukkelhvaler. Der er selvf\u00f8lgelig ingen garanti for at finde dem, da de frit kan sv\u00f8mme, hvor det passer dem. Ikke desto mindre vil denne tur uanset hvad v\u00e6re en fantastisk oplevelse.<\/p>\n<p>Nuuk Fjorden er et perfekt sted for pukkelhvaler, da den er 600 meter dyb og rig p\u00e5 fisk, og j\u00e6gere m\u00e5 ikke jage dem i fjorden, som er det eneste sted i Gr\u00f8nland, hvor vores store venner kan sv\u00f8mme i fred.<\/p>\n<p>De kan hovedsageligt ses fra juni til september, da de tilbringer resten af tiden i Caribien og andre varmere steder, hvor de yngler om vinteren. De kan blive op til 18 meter lange og veje op til 30 tons, og du kan nemt genkende dem p\u00e5 deres smukke hale. Og n\u00e5r du ser dem, vil de feje dine f\u00f8dder v\u00e6k under dig!<\/p>\n<p>P\u00e5 sejlturen kan du v\u00e6re ude p\u00e5 d\u00e6kket eller v\u00e6re inde i den varme kahyt med den lokale kaptajn og guiderne og nyde en god snak og drikke te, kaffe og varm chokolade.<\/p>\n<p>V\u00e6lg en afgang der passer dig, og tryk p\u00e5 <strong>Book nu<\/strong> for at reservere din plads p\u00e5 turen.<\/p>\n","protected":false},"excerpt":{"rendered":"Hvis du planl\u00e6gger at bes\u00f8ge Nuuk mellem maj og september, og har et \u00f8nske om at se de majest\u00e6tiske pukkelhvaler, er denne tur uden tvivl noget for dig! Denne tur tager dig ud i det betagende landskab i Nuuk Fjord med det form\u00e5l at finde pukkelhvaler. Der er selvf\u00f8lgelig ingen garanti for at finde dem,&#8230;","protected":false},"featured_media":25882,"comment_status":"open","ping_status":"closed","template":"","meta":[],"product_brand":[],"product_cat":[594,605,620,652,633],"product_tag":[],"class_list":{"0":"post-35682","1":"product","2":"type-product","3":"status-publish","4":"has-post-thumbnail","6":"product_cat-baadture","7":"product_cat-dagsture-om-sommeren","8":"product_cat-hvalsafari-ture","9":"product_cat-ture-i-nuuk","10":"product_cat-vestgroenland","11":"pa_activities-baadtur","12":"pa_activities-dyreliv-safari","13":"pa_activities-hval-safari","14":"pa_attractions-nuuk-fjord","15":"pa_available-month-juni","16":"pa_available-month-juli","17":"pa_available-month-august","18":"pa_destinations-nuuk","19":"pa_difficulty-let","20":"pa_duration-3-timer","21":"pa_tour-type-dagsture","22":"yith_shop_vendor-nuuk-water-taxi-da","24":"first","25":"instock","26":"virtual","27":"sold-individually","28":"purchasable","29":"product-type-booking"},"acf":[],"yoast_head":"<!-- This site is optimized with the Yoast SEO plugin v25.6 - https:\/\/yoast.com\/wordpress\/plugins\/seo\/ -->\n<title>Hvalsafari i fantastiske Nuuk Fjorden | Guide to Greenland<\/title>\n<meta name=\"description\" content=\"Hvis du skal bes\u00f8ge Nuuk mellem maj og september og \u00f8nsker at se pukkelhvaler, er denne tur til dig. L\u00e6s om vores hvalsafari-tur i Nuuk her \u00bb\" \/>\n<meta name=\"robots\" content=\"index, follow, max-snippet:-1, max-image-preview:large, max-video-preview:-1\" \/>\n<link rel=\"canonical\" href=\"https:\/\/guidetogreenland.com\/da\/reserver-ferie-rejser\/hvalsafari-i-nuuk-vestgronland\/\" \/>\n<meta property=\"og:locale\" content=\"da_DK\" \/>\n<meta property=\"og:type\" content=\"article\" \/>\n<meta property=\"og:title\" content=\"Hvalsafari i fantastiske Nuuk Fjorden | Guide to Greenland\" \/>\n<meta property=\"og:description\" content=\"Hvis du skal bes\u00f8ge Nuuk mellem maj og september og \u00f8nsker at se pukkelhvaler, er denne tur til dig. L\u00e6s om vores hvalsafari-tur i Nuuk her \u00bb\" \/>\n<meta property=\"og:url\" content=\"https:\/\/guidetogreenland.com\/da\/reserver-ferie-rejser\/hvalsafari-i-nuuk-vestgronland\/\" \/>\n<meta property=\"og:site_name\" content=\"Guide to Greenland\" \/>\n<meta property=\"article:modified_time\" content=\"2025-10-20T16:22:30+00:00\" \/>\n<meta property=\"og:image\" content=\"https:\/\/guidetogreenland.com\/wp-content\/uploads\/2022\/04\/whale-watching-Nuuk-Guide-to-Greenland.jpeg\" \/>\n\t<meta property=\"og:image:width\" content=\"1660\" \/>\n\t<meta property=\"og:image:height\" content=\"1128\" \/>\n\t<meta property=\"og:image:type\" content=\"image\/jpeg\" \/>\n<meta name=\"twitter:card\" content=\"summary_large_image\" \/>\n<meta name=\"twitter:label1\" content=\"Estimeret l\u00e6setid\" \/>\n\t<meta name=\"twitter:data1\" content=\"2 minutter\" \/>\n<script type=\"application\/ld+json\" class=\"yoast-schema-graph\">{\"@context\":\"https:\/\/schema.org\",\"@graph\":[{\"@type\":\"WebPage\",\"@id\":\"https:\/\/guidetogreenland.com\/da\/reserver-ferie-rejser\/hvalsafari-i-nuuk-vestgronland\/\",\"url\":\"https:\/\/guidetogreenland.com\/da\/reserver-ferie-rejser\/hvalsafari-i-nuuk-vestgronland\/\",\"name\":\"Hvalsafari i fantastiske Nuuk Fjorden | Guide to Greenland\",\"isPartOf\":{\"@id\":\"https:\/\/guidetogreenland.com\/da\/#website\"},\"primaryImageOfPage\":{\"@id\":\"https:\/\/guidetogreenland.com\/da\/reserver-ferie-rejser\/hvalsafari-i-nuuk-vestgronland\/#primaryimage\"},\"image\":{\"@id\":\"https:\/\/guidetogreenland.com\/da\/reserver-ferie-rejser\/hvalsafari-i-nuuk-vestgronland\/#primaryimage\"},\"thumbnailUrl\":\"https:\/\/guidetogreenland.com\/wp-content\/uploads\/2022\/04\/whale-watching-Nuuk-Guide-to-Greenland.jpeg\",\"datePublished\":\"2022-04-26T16:33:19+00:00\",\"dateModified\":\"2025-10-20T16:22:30+00:00\",\"description\":\"Hvis du skal bes\u00f8ge Nuuk mellem maj og september og \u00f8nsker at se pukkelhvaler, er denne tur til dig. L\u00e6s om vores hvalsafari-tur i Nuuk her \u00bb\",\"breadcrumb\":{\"@id\":\"https:\/\/guidetogreenland.com\/da\/reserver-ferie-rejser\/hvalsafari-i-nuuk-vestgronland\/#breadcrumb\"},\"inLanguage\":\"da-DK\",\"potentialAction\":[{\"@type\":\"ReadAction\",\"target\":[\"https:\/\/guidetogreenland.com\/da\/reserver-ferie-rejser\/hvalsafari-i-nuuk-vestgronland\/\"]}]},{\"@type\":\"ImageObject\",\"inLanguage\":\"da-DK\",\"@id\":\"https:\/\/guidetogreenland.com\/da\/reserver-ferie-rejser\/hvalsafari-i-nuuk-vestgronland\/#primaryimage\",\"url\":\"https:\/\/guidetogreenland.com\/wp-content\/uploads\/2022\/04\/whale-watching-Nuuk-Guide-to-Greenland.jpeg\",\"contentUrl\":\"https:\/\/guidetogreenland.com\/wp-content\/uploads\/2022\/04\/whale-watching-Nuuk-Guide-to-Greenland.jpeg\",\"width\":1660,\"height\":1128,\"caption\":\"whale watching, Humback whale tailNuuk Guide to Greenland\"},{\"@type\":\"BreadcrumbList\",\"@id\":\"https:\/\/guidetogreenland.com\/da\/reserver-ferie-rejser\/hvalsafari-i-nuuk-vestgronland\/#breadcrumb\",\"itemListElement\":[{\"@type\":\"ListItem\",\"position\":1,\"name\":\"Home\",\"item\":\"https:\/\/guidetogreenland.com\/da\/\"},{\"@type\":\"ListItem\",\"position\":2,\"name\":\"Se alle ture\",\"item\":\"https:\/\/guidetogreenland.com\/da\/reserver-ferie-rejser\/\"},{\"@type\":\"ListItem\",\"position\":3,\"name\":\"Hvalsafari i Nuuk | Vestgr\u00f8nland\"}]},{\"@type\":\"WebSite\",\"@id\":\"https:\/\/guidetogreenland.com\/da\/#website\",\"url\":\"https:\/\/guidetogreenland.com\/da\/\",\"name\":\"Guide to Greenland\",\"description\":\"Largest selection of tours in Greenland\",\"potentialAction\":[{\"@type\":\"SearchAction\",\"target\":{\"@type\":\"EntryPoint\",\"urlTemplate\":\"https:\/\/guidetogreenland.com\/da\/?s={search_term_string}\"},\"query-input\":{\"@type\":\"PropertyValueSpecification\",\"valueRequired\":true,\"valueName\":\"search_term_string\"}}],\"inLanguage\":\"da-DK\"}]}<\/script>\n<!-- \/ Yoast SEO plugin. -->","yoast_head_json":{"title":"Hvalsafari i fantastiske Nuuk Fjorden | Guide to Greenland","description":"Hvis du skal bes\u00f8ge Nuuk mellem maj og september og \u00f8nsker at se pukkelhvaler, er denne tur til dig. L\u00e6s om vores hvalsafari-tur i Nuuk her \u00bb","robots":{"index":"index","follow":"follow","max-snippet":"max-snippet:-1","max-image-preview":"max-image-preview:large","max-video-preview":"max-video-preview:-1"},"canonical":"https:\/\/guidetogreenland.com\/da\/reserver-ferie-rejser\/hvalsafari-i-nuuk-vestgronland\/","og_locale":"da_DK","og_type":"article","og_title":"Hvalsafari i fantastiske Nuuk Fjorden | Guide to Greenland","og_description":"Hvis du skal bes\u00f8ge Nuuk mellem maj og september og \u00f8nsker at se pukkelhvaler, er denne tur til dig. L\u00e6s om vores hvalsafari-tur i Nuuk her \u00bb","og_url":"https:\/\/guidetogreenland.com\/da\/reserver-ferie-rejser\/hvalsafari-i-nuuk-vestgronland\/","og_site_name":"Guide to Greenland","article_modified_time":"2025-10-20T16:22:30+00:00","og_image":[{"width":1660,"height":1128,"url":"https:\/\/guidetogreenland.com\/wp-content\/uploads\/2022\/04\/whale-watching-Nuuk-Guide-to-Greenland.jpeg","type":"image\/jpeg"}],"twitter_card":"summary_large_image","twitter_misc":{"Estimeret l\u00e6setid":"2 minutter"},"schema":{"@context":"https:\/\/schema.org","@graph":[{"@type":"WebPage","@id":"https:\/\/guidetogreenland.com\/da\/reserver-ferie-rejser\/hvalsafari-i-nuuk-vestgronland\/","url":"https:\/\/guidetogreenland.com\/da\/reserver-ferie-rejser\/hvalsafari-i-nuuk-vestgronland\/","name":"Hvalsafari i fantastiske Nuuk Fjorden | Guide to Greenland","isPartOf":{"@id":"https:\/\/guidetogreenland.com\/da\/#website"},"primaryImageOfPage":{"@id":"https:\/\/guidetogreenland.com\/da\/reserver-ferie-rejser\/hvalsafari-i-nuuk-vestgronland\/#primaryimage"},"image":{"@id":"https:\/\/guidetogreenland.com\/da\/reserver-ferie-rejser\/hvalsafari-i-nuuk-vestgronland\/#primaryimage"},"thumbnailUrl":"https:\/\/guidetogreenland.com\/wp-content\/uploads\/2022\/04\/whale-watching-Nuuk-Guide-to-Greenland.jpeg","datePublished":"2022-04-26T16:33:19+00:00","dateModified":"2025-10-20T16:22:30+00:00","description":"Hvis du skal bes\u00f8ge Nuuk mellem maj og september og \u00f8nsker at se pukkelhvaler, er denne tur til dig. L\u00e6s om vores hvalsafari-tur i Nuuk her \u00bb","breadcrumb":{"@id":"https:\/\/guidetogreenland.com\/da\/reserver-ferie-rejser\/hvalsafari-i-nuuk-vestgronland\/#breadcrumb"},"inLanguage":"da-DK","potentialAction":[{"@type":"ReadAction","target":["https:\/\/guidetogreenland.com\/da\/reserver-ferie-rejser\/hvalsafari-i-nuuk-vestgronland\/"]}]},{"@type":"ImageObject","inLanguage":"da-DK","@id":"https:\/\/guidetogreenland.com\/da\/reserver-ferie-rejser\/hvalsafari-i-nuuk-vestgronland\/#primaryimage","url":"https:\/\/guidetogreenland.com\/wp-content\/uploads\/2022\/04\/whale-watching-Nuuk-Guide-to-Greenland.jpeg","contentUrl":"https:\/\/guidetogreenland.com\/wp-content\/uploads\/2022\/04\/whale-watching-Nuuk-Guide-to-Greenland.jpeg","width":1660,"height":1128,"caption":"whale watching, Humback whale tailNuuk Guide to Greenland"},{"@type":"BreadcrumbList","@id":"https:\/\/guidetogreenland.com\/da\/reserver-ferie-rejser\/hvalsafari-i-nuuk-vestgronland\/#breadcrumb","itemListElement":[{"@type":"ListItem","position":1,"name":"Home","item":"https:\/\/guidetogreenland.com\/da\/"},{"@type":"ListItem","position":2,"name":"Se alle ture","item":"https:\/\/guidetogreenland.com\/da\/reserver-ferie-rejser\/"},{"@type":"ListItem","position":3,"name":"Hvalsafari i Nuuk | Vestgr\u00f8nland"}]},{"@type":"WebSite","@id":"https:\/\/guidetogreenland.com\/da\/#website","url":"https:\/\/guidetogreenland.com\/da\/","name":"Guide to Greenland","description":"Largest selection of tours in Greenland","potentialAction":[{"@type":"SearchAction","target":{"@type":"EntryPoint","urlTemplate":"https:\/\/guidetogreenland.com\/da\/?s={search_term_string}"},"query-input":{"@type":"PropertyValueSpecification","valueRequired":true,"valueName":"search_term_string"}}],"inLanguage":"da-DK"}]}},"_links":{"self":[{"href":"https:\/\/guidetogreenland.com\/da\/wp-json\/wp\/v2\/product\/35682","targetHints":{"allow":["GET"]}}],"collection":[{"href":"https:\/\/guidetogreenland.com\/da\/wp-json\/wp\/v2\/product"}],"about":[{"href":"https:\/\/guidetogreenland.com\/da\/wp-json\/wp\/v2\/types\/product"}],"replies":[{"embeddable":true,"href":"https:\/\/guidetogreenland.com\/da\/wp-json\/wp\/v2\/comments?post=35682"}],"wp:featuredmedia":[{"embeddable":true,"href":"https:\/\/guidetogreenland.com\/da\/wp-json\/wp\/v2\/media\/25882"}],"wp:attachment":[{"href":"https:\/\/guidetogreenland.com\/da\/wp-json\/wp\/v2\/media?parent=35682"}],"wp:term":[{"taxonomy":"product_brand","embeddable":true,"href":"https:\/\/guidetogreenland.com\/da\/wp-json\/wp\/v2\/product_brand?post=35682"},{"taxonomy":"product_cat","embeddable":true,"href":"https:\/\/guidetogreenland.com\/da\/wp-json\/wp\/v2\/product_cat?post=35682"},{"taxonomy":"product_tag","embeddable":true,"href":"https:\/\/guidetogreenland.com\/da\/wp-json\/wp\/v2\/product_tag?post=35682"}],"curies":[{"name":"wp","href":"https:\/\/api.w.org\/{rel}","templated":true}]}}