{"id":36559,"date":"2020-06-12T14:05:51","date_gmt":"2020-06-12T14:05:51","guid":{"rendered":"https:\/\/guidetogreenland.com\/book-trips-holiday\/gift-card-for-all-tours-in-greenland\/"},"modified":"2026-03-11T08:55:24","modified_gmt":"2026-03-11T11:55:24","slug":"gift-card-for-all-tours-in-greenland","status":"publish","type":"product","link":"https:\/\/guidetogreenland.com\/da\/reserver-ferie-rejser\/gavekort-til-alle-ture-i-gronland\/","title":{"rendered":"Gavekort til alle ture i Gr\u00f8nland"},"content":{"rendered":"<p>Har du familie eller venner, der planl\u00e6gger en rejse til Gr\u00f8nland eller bor der?<br \/><\/br><\/p>\n<p>Fork\u00e6l dem med en uforglemmelig oplevelse med et Guide to Greenland-gavekort.<br \/><\/br><\/p>\n<p>Vi tilbyder det st\u00f8rste udvalg af ture fra hele Gr\u00f8nland, og kortet kan bruges til at k\u00f8be en hvilken som helst tur p\u00e5 vores hjemmeside.<br \/><\/br><\/p>\n<p>Kortet er gyldigt for enhver dato efter k\u00f8bet, og giver modtageren ret til at bruge op til det angivne bel\u00f8b p\u00e5 ture, der er booket via Guide to Greenland-webstedet.<br \/><\/br><\/p>\n<p>Hvis modtageren v\u00e6lger en tur, der koster mere end v\u00e6rdien af gavekortet, beder vi vedkommende om betalingsbalancen, n\u00e5r vi modtager deres anmodning.<br \/><\/br><\/p>\n<p>V\u00e6lg dit gavekortbel\u00f8b og bel\u00f8b, og klik p\u00e5 <strong>&#8216;Book nu&#8217;<\/strong>\u00a0for at bestille.<\/p>\n","protected":false},"excerpt":{"rendered":"Har du familie eller venner, der planl\u00e6gger en rejse til Gr\u00f8nland eller bor der? Fork\u00e6l dem med en uforglemmelig oplevelse med et Guide to Greenland-gavekort. Vi tilbyder det st\u00f8rste udvalg af ture fra hele Gr\u00f8nland, og kortet kan bruges til at k\u00f8be en hvilken som helst tur p\u00e5 vores hjemmeside. Kortet er gyldigt for enhver&#8230;","protected":false},"featured_media":36561,"comment_status":"open","ping_status":"closed","template":"","meta":[],"product_brand":[],"product_cat":[854],"product_tag":[918,1093,1094,1095,921,924,926,928,929,893,930,931,932,933,935,936,937,939],"class_list":{"0":"post-36559","1":"product","2":"type-product","3":"status-publish","4":"has-post-thumbnail","6":"product_cat-uncategorized-da","7":"product_tag-aasisaat","8":"product_tag-gift-da","9":"product_tag-gift-card-da","10":"product_tag-giftcard-da","11":"product_tag-island","12":"product_tag-kangerlussuaq-da","13":"product_tag-maniitsoq-da","14":"product_tag-narsaq-da","15":"product_tag-narsarsuaq-da","16":"product_tag-nuuk-da","17":"product_tag-paamiut-da","18":"product_tag-qaanaaq-da","19":"product_tag-qaqortoq-da","20":"product_tag-qasigiannguit-da","21":"product_tag-reykjavik-da","22":"product_tag-sisimiut-da","23":"product_tag-tasiilaq-da","24":"product_tag-uummannaq-da","25":"yith_shop_vendor-guide-to-greenland-da","26":"yith_booking_service-additional-200-dkk","27":"yith_booking_service-additional-300dkk","28":"yith_booking_service-additional-50-dkk","29":"yith_booking_service-additional-500dkk","31":"first","32":"instock","33":"virtual","34":"sold-individually","35":"purchasable","36":"product-type-booking"},"acf":[],"yoast_head":"<!-- This site is optimized with the Yoast SEO plugin v25.6 - https:\/\/yoast.com\/wordpress\/plugins\/seo\/ -->\n<title>Gavekort til rejseoplevelser og ture i Gr\u00f8nland I Guide to Greenland<\/title>\n<meta name=\"robots\" content=\"index, follow, max-snippet:-1, max-image-preview:large, max-video-preview:-1\" \/>\n<link rel=\"canonical\" href=\"https:\/\/guidetogreenland.com\/da\/reserver-ferie-rejser\/gavekort-til-alle-ture-i-gronland\/\" \/>\n<meta property=\"og:locale\" content=\"da_DK\" \/>\n<meta property=\"og:type\" content=\"article\" \/>\n<meta property=\"og:title\" content=\"Gavekort til rejseoplevelser og ture i Gr\u00f8nland I Guide to Greenland\" \/>\n<meta property=\"og:description\" content=\"Har du familie eller venner, der planl\u00e6gger en rejse til Gr\u00f8nland eller bor der? Fork\u00e6l dem med en uforglemmelig oplevelse med et Guide to Greenland-gavekort. Vi tilbyder det st\u00f8rste udvalg af ture fra hele Gr\u00f8nland, og kortet kan bruges til at k\u00f8be en hvilken som helst tur p\u00e5 vores hjemmeside. Kortet er gyldigt for enhver...\" \/>\n<meta property=\"og:url\" content=\"https:\/\/guidetogreenland.com\/da\/reserver-ferie-rejser\/gavekort-til-alle-ture-i-gronland\/\" \/>\n<meta property=\"og:site_name\" content=\"Guide to Greenland\" \/>\n<meta property=\"article:modified_time\" content=\"2026-03-11T11:55:24+00:00\" \/>\n<meta property=\"og:image\" content=\"https:\/\/guidetogreenland.com\/wp-content\/uploads\/2020\/05\/gift-card-for-all-tours-in-greenland-Guide-to-Greenland8.jpg\" \/>\n\t<meta property=\"og:image:width\" content=\"926\" \/>\n\t<meta property=\"og:image:height\" content=\"1158\" \/>\n\t<meta property=\"og:image:type\" content=\"image\/jpeg\" \/>\n<meta name=\"twitter:card\" content=\"summary_large_image\" \/>\n<meta name=\"twitter:label1\" content=\"Estimeret l\u00e6setid\" \/>\n\t<meta name=\"twitter:data1\" content=\"1 minut\" \/>\n<script type=\"application\/ld+json\" class=\"yoast-schema-graph\">{\"@context\":\"https:\/\/schema.org\",\"@graph\":[{\"@type\":\"WebPage\",\"@id\":\"https:\/\/guidetogreenland.com\/da\/reserver-ferie-rejser\/gavekort-til-alle-ture-i-gronland\/\",\"url\":\"https:\/\/guidetogreenland.com\/da\/reserver-ferie-rejser\/gavekort-til-alle-ture-i-gronland\/\",\"name\":\"Gavekort til rejseoplevelser og ture i Gr\u00f8nland I Guide to Greenland\",\"isPartOf\":{\"@id\":\"https:\/\/guidetogreenland.com\/da\/#website\"},\"primaryImageOfPage\":{\"@id\":\"https:\/\/guidetogreenland.com\/da\/reserver-ferie-rejser\/gavekort-til-alle-ture-i-gronland\/#primaryimage\"},\"image\":{\"@id\":\"https:\/\/guidetogreenland.com\/da\/reserver-ferie-rejser\/gavekort-til-alle-ture-i-gronland\/#primaryimage\"},\"thumbnailUrl\":\"https:\/\/guidetogreenland.com\/wp-content\/uploads\/2020\/05\/gift-card-for-all-tours-in-greenland-Guide-to-Greenland8.jpg\",\"datePublished\":\"2020-06-12T14:05:51+00:00\",\"dateModified\":\"2026-03-11T11:55:24+00:00\",\"breadcrumb\":{\"@id\":\"https:\/\/guidetogreenland.com\/da\/reserver-ferie-rejser\/gavekort-til-alle-ture-i-gronland\/#breadcrumb\"},\"inLanguage\":\"da-DK\",\"potentialAction\":[{\"@type\":\"ReadAction\",\"target\":[\"https:\/\/guidetogreenland.com\/da\/reserver-ferie-rejser\/gavekort-til-alle-ture-i-gronland\/\"]}]},{\"@type\":\"ImageObject\",\"inLanguage\":\"da-DK\",\"@id\":\"https:\/\/guidetogreenland.com\/da\/reserver-ferie-rejser\/gavekort-til-alle-ture-i-gronland\/#primaryimage\",\"url\":\"https:\/\/guidetogreenland.com\/wp-content\/uploads\/2020\/05\/gift-card-for-all-tours-in-greenland-Guide-to-Greenland8.jpg\",\"contentUrl\":\"https:\/\/guidetogreenland.com\/wp-content\/uploads\/2020\/05\/gift-card-for-all-tours-in-greenland-Guide-to-Greenland8.jpg\",\"width\":926,\"height\":1158},{\"@type\":\"BreadcrumbList\",\"@id\":\"https:\/\/guidetogreenland.com\/da\/reserver-ferie-rejser\/gavekort-til-alle-ture-i-gronland\/#breadcrumb\",\"itemListElement\":[{\"@type\":\"ListItem\",\"position\":1,\"name\":\"Home\",\"item\":\"https:\/\/guidetogreenland.com\/da\/\"},{\"@type\":\"ListItem\",\"position\":2,\"name\":\"Se alle ture\",\"item\":\"https:\/\/guidetogreenland.com\/da\/reserver-ferie-rejser\/\"},{\"@type\":\"ListItem\",\"position\":3,\"name\":\"Gavekort til alle ture i Gr\u00f8nland\"}]},{\"@type\":\"WebSite\",\"@id\":\"https:\/\/guidetogreenland.com\/da\/#website\",\"url\":\"https:\/\/guidetogreenland.com\/da\/\",\"name\":\"Guide to Greenland\",\"description\":\"Largest selection of tours in Greenland\",\"potentialAction\":[{\"@type\":\"SearchAction\",\"target\":{\"@type\":\"EntryPoint\",\"urlTemplate\":\"https:\/\/guidetogreenland.com\/da\/?s={search_term_string}\"},\"query-input\":{\"@type\":\"PropertyValueSpecification\",\"valueRequired\":true,\"valueName\":\"search_term_string\"}}],\"inLanguage\":\"da-DK\"}]}<\/script>\n<!-- \/ Yoast SEO plugin. -->","yoast_head_json":{"title":"Gavekort til rejseoplevelser og ture i Gr\u00f8nland I Guide to Greenland","robots":{"index":"index","follow":"follow","max-snippet":"max-snippet:-1","max-image-preview":"max-image-preview:large","max-video-preview":"max-video-preview:-1"},"canonical":"https:\/\/guidetogreenland.com\/da\/reserver-ferie-rejser\/gavekort-til-alle-ture-i-gronland\/","og_locale":"da_DK","og_type":"article","og_title":"Gavekort til rejseoplevelser og ture i Gr\u00f8nland I Guide to Greenland","og_description":"Har du familie eller venner, der planl\u00e6gger en rejse til Gr\u00f8nland eller bor der? Fork\u00e6l dem med en uforglemmelig oplevelse med et Guide to Greenland-gavekort. Vi tilbyder det st\u00f8rste udvalg af ture fra hele Gr\u00f8nland, og kortet kan bruges til at k\u00f8be en hvilken som helst tur p\u00e5 vores hjemmeside. Kortet er gyldigt for enhver...","og_url":"https:\/\/guidetogreenland.com\/da\/reserver-ferie-rejser\/gavekort-til-alle-ture-i-gronland\/","og_site_name":"Guide to Greenland","article_modified_time":"2026-03-11T11:55:24+00:00","og_image":[{"width":926,"height":1158,"url":"https:\/\/guidetogreenland.com\/wp-content\/uploads\/2020\/05\/gift-card-for-all-tours-in-greenland-Guide-to-Greenland8.jpg","type":"image\/jpeg"}],"twitter_card":"summary_large_image","twitter_misc":{"Estimeret l\u00e6setid":"1 minut"},"schema":{"@context":"https:\/\/schema.org","@graph":[{"@type":"WebPage","@id":"https:\/\/guidetogreenland.com\/da\/reserver-ferie-rejser\/gavekort-til-alle-ture-i-gronland\/","url":"https:\/\/guidetogreenland.com\/da\/reserver-ferie-rejser\/gavekort-til-alle-ture-i-gronland\/","name":"Gavekort til rejseoplevelser og ture i Gr\u00f8nland I Guide to Greenland","isPartOf":{"@id":"https:\/\/guidetogreenland.com\/da\/#website"},"primaryImageOfPage":{"@id":"https:\/\/guidetogreenland.com\/da\/reserver-ferie-rejser\/gavekort-til-alle-ture-i-gronland\/#primaryimage"},"image":{"@id":"https:\/\/guidetogreenland.com\/da\/reserver-ferie-rejser\/gavekort-til-alle-ture-i-gronland\/#primaryimage"},"thumbnailUrl":"https:\/\/guidetogreenland.com\/wp-content\/uploads\/2020\/05\/gift-card-for-all-tours-in-greenland-Guide-to-Greenland8.jpg","datePublished":"2020-06-12T14:05:51+00:00","dateModified":"2026-03-11T11:55:24+00:00","breadcrumb":{"@id":"https:\/\/guidetogreenland.com\/da\/reserver-ferie-rejser\/gavekort-til-alle-ture-i-gronland\/#breadcrumb"},"inLanguage":"da-DK","potentialAction":[{"@type":"ReadAction","target":["https:\/\/guidetogreenland.com\/da\/reserver-ferie-rejser\/gavekort-til-alle-ture-i-gronland\/"]}]},{"@type":"ImageObject","inLanguage":"da-DK","@id":"https:\/\/guidetogreenland.com\/da\/reserver-ferie-rejser\/gavekort-til-alle-ture-i-gronland\/#primaryimage","url":"https:\/\/guidetogreenland.com\/wp-content\/uploads\/2020\/05\/gift-card-for-all-tours-in-greenland-Guide-to-Greenland8.jpg","contentUrl":"https:\/\/guidetogreenland.com\/wp-content\/uploads\/2020\/05\/gift-card-for-all-tours-in-greenland-Guide-to-Greenland8.jpg","width":926,"height":1158},{"@type":"BreadcrumbList","@id":"https:\/\/guidetogreenland.com\/da\/reserver-ferie-rejser\/gavekort-til-alle-ture-i-gronland\/#breadcrumb","itemListElement":[{"@type":"ListItem","position":1,"name":"Home","item":"https:\/\/guidetogreenland.com\/da\/"},{"@type":"ListItem","position":2,"name":"Se alle ture","item":"https:\/\/guidetogreenland.com\/da\/reserver-ferie-rejser\/"},{"@type":"ListItem","position":3,"name":"Gavekort til alle ture i Gr\u00f8nland"}]},{"@type":"WebSite","@id":"https:\/\/guidetogreenland.com\/da\/#website","url":"https:\/\/guidetogreenland.com\/da\/","name":"Guide to Greenland","description":"Largest selection of tours in Greenland","potentialAction":[{"@type":"SearchAction","target":{"@type":"EntryPoint","urlTemplate":"https:\/\/guidetogreenland.com\/da\/?s={search_term_string}"},"query-input":{"@type":"PropertyValueSpecification","valueRequired":true,"valueName":"search_term_string"}}],"inLanguage":"da-DK"}]}},"_links":{"self":[{"href":"https:\/\/guidetogreenland.com\/da\/wp-json\/wp\/v2\/product\/36559","targetHints":{"allow":["GET"]}}],"collection":[{"href":"https:\/\/guidetogreenland.com\/da\/wp-json\/wp\/v2\/product"}],"about":[{"href":"https:\/\/guidetogreenland.com\/da\/wp-json\/wp\/v2\/types\/product"}],"replies":[{"embeddable":true,"href":"https:\/\/guidetogreenland.com\/da\/wp-json\/wp\/v2\/comments?post=36559"}],"wp:featuredmedia":[{"embeddable":true,"href":"https:\/\/guidetogreenland.com\/da\/wp-json\/wp\/v2\/media\/36561"}],"wp:attachment":[{"href":"https:\/\/guidetogreenland.com\/da\/wp-json\/wp\/v2\/media?parent=36559"}],"wp:term":[{"taxonomy":"product_brand","embeddable":true,"href":"https:\/\/guidetogreenland.com\/da\/wp-json\/wp\/v2\/product_brand?post=36559"},{"taxonomy":"product_cat","embeddable":true,"href":"https:\/\/guidetogreenland.com\/da\/wp-json\/wp\/v2\/product_cat?post=36559"},{"taxonomy":"product_tag","embeddable":true,"href":"https:\/\/guidetogreenland.com\/da\/wp-json\/wp\/v2\/product_tag?post=36559"}],"curies":[{"name":"wp","href":"https:\/\/api.w.org\/{rel}","templated":true}]}}