{"id":36993,"date":"2022-07-14T09:12:51","date_gmt":"2022-07-14T12:12:51","guid":{"rendered":"https:\/\/guidetogreenland.com\/book-trips-holiday\/hike-to-the-glacier-lagoon-paakitsoq-ilulissat-disko-bay\/"},"modified":"2023-07-03T11:41:44","modified_gmt":"2023-07-03T14:41:44","slug":"vandretur-til-gletsjerlagunen-og-paakitsoq","status":"publish","type":"product","link":"https:\/\/guidetogreenland.com\/da\/reserver-ferie-rejser\/vandretur-til-gletsjerlagunen-paakitsoq-ilulissat-diskobugten\/","title":{"rendered":"Vandretur til Gletsjerlagunen &#038; Paakitsoq | Ilulissat | Diskobugten"},"content":{"rendered":"<p class=\"p1\"><strong>Oplev indlandsisen i Gr\u00f8nland ved at komme med p\u00e5 denne heldagstur med afgang fra Ilulissat, Diskobugten. Denne tur er uden tvivl en til bucket-listen: Du vil skue ud over den massive indlandsis, mens du er omringet af fjorde og is i den gr\u00f8nlandske natur.<\/strong><\/p>\n<p class=\"p1\">Indlandsisen d\u00e6kker 80 procent af landets overflade. P\u00e5 trods af indlandsisens omfattende d\u00e6kning er den kun tilg\u00e6ngelig fra f\u00e5 steder, og af denne grund har vi skr\u00e6ddersyet denne tur til at se det utrolige naturf\u00e6nomen.<\/p>\n<p class=\"p1\">Vi m\u00f8des i byens centrum og g\u00f8r sammen klar til eventyret! Herfra begiver vi os ud p\u00e5 havet i ca. 1,5 til 2 timer, inden vi ankommer til Paakitsoq Fjord. Du skal sejle gennem fjordens smalle passager og ankommer til gletsjertungen, der flyder ned til havoverfladen.<\/p>\n<p class=\"p1\">I selskab med en uddannet guide g\u00e5r du i land og starter din 5-timers fantastiske vandretur. Den f\u00f8rste del af vandringen g\u00e5r op ad bakke i uj\u00e6vnt terr\u00e6n &#8211; en kr\u00e6vende, men givende udfordring. N\u00e5r du har erobret vandreturen op ad bakke, bliver du bel\u00f8nnet med en panoramaudsigt over Gr\u00f8nlands indlandsis, som er et syn, du sent vil glemme. Vandet i fjorden er en magisk bl\u00e5 farve, fra al den silt, der stammer fra gletsjertungen.<\/p>\n<p class=\"p1\">Vi holder en frokostpause og nyder udsigten, hvorefter vi vender tilbage til b\u00e5den for at komme tilbage til Ilulissat.<\/p>\n<p class=\"p1\">Oplev magien ved Gr\u00f8nlands indlandsis p\u00e5 denne heldagstur ved at v\u00e6lge din afrejsedag og tryk p\u00e5 <strong>Book Nu<\/strong>.<\/p>\n","protected":false},"excerpt":{"rendered":"Oplev indlandsisen i Gr\u00f8nland ved at komme med p\u00e5 denne heldagstur med afgang fra Ilulissat, Diskobugten. Denne tur er uden tvivl en til bucket-listen: Du vil skue ud over den massive indlandsis, mens du er omringet af fjorde og is i den gr\u00f8nlandske natur. Indlandsisen d\u00e6kker 80 procent af landets overflade. P\u00e5 trods af indlandsisens&#8230;","protected":false},"featured_media":36184,"comment_status":"open","ping_status":"closed","template":"","meta":[],"product_brand":[],"product_cat":[605,629,614,612,593,627,643,644,608],"product_tag":[919],"class_list":{"0":"post-36993","1":"product","2":"type-product","3":"status-publish","4":"has-post-thumbnail","6":"product_cat-dagsture-om-sommeren","7":"product_cat-disko-bugten","8":"product_cat-gletsjer-og-indlandsisen","9":"product_cat-natur-og-dyreliv-i-groenland","10":"product_cat-oplevelser-i-groenland","11":"product_cat-ture-i-bestemte-omraader","12":"product_cat-ture-i-hver-by","13":"product_cat-ture-i-ilulissat","14":"product_cat-vandre-og-trekkingture","15":"product_tag-ilulissat-da","16":"pa_activities-baadtur","17":"pa_activities-gletschervandring","18":"pa_activities-vandretur","19":"pa_activities-gletscher-udsigt","20":"pa_attractions-indlandsisen","21":"pa_attractions-disko-bay-da","22":"pa_available-month-juni","23":"pa_available-month-juli","24":"pa_available-month-august","25":"pa_available-month-september","26":"pa_destinations-ilulissat","27":"pa_difficulty-haard","28":"pa_duration-9-hours-da","29":"pa_tour-type-dagsture","30":"yith_shop_vendor-ilulissat-adventure-da","32":"first","33":"instock","34":"virtual","35":"sold-individually","36":"purchasable","37":"product-type-booking"},"acf":[],"yoast_head":"<!-- This site is optimized with the Yoast SEO plugin v25.6 - https:\/\/yoast.com\/wordpress\/plugins\/seo\/ -->\n<title>Vandretur til Gletsjerlagunen &amp; Paakitsoq | Guide to Greenland<\/title>\n<meta name=\"description\" content=\"Oplev Gr\u00f8nlands indlandsis ved at deltage i denne vandre- og sejtur med afgang fra Ilulissat. Se over et vidunder i Arktis, Indlandsisen. Se tur \u00bb\" \/>\n<meta name=\"robots\" content=\"index, follow, max-snippet:-1, max-image-preview:large, max-video-preview:-1\" \/>\n<link rel=\"canonical\" href=\"https:\/\/guidetogreenland.com\/da\/reserver-ferie-rejser\/vandretur-til-gletsjerlagunen-paakitsoq-ilulissat-diskobugten\/\" \/>\n<meta property=\"og:locale\" content=\"da_DK\" \/>\n<meta property=\"og:type\" content=\"article\" \/>\n<meta property=\"og:title\" content=\"Vandretur til Gletsjerlagunen &amp; Paakitsoq | Guide to Greenland\" \/>\n<meta property=\"og:description\" content=\"Oplev Gr\u00f8nlands indlandsis ved at deltage i denne vandre- og sejtur med afgang fra Ilulissat. Se over et vidunder i Arktis, Indlandsisen. Se tur \u00bb\" \/>\n<meta property=\"og:url\" content=\"https:\/\/guidetogreenland.com\/da\/reserver-ferie-rejser\/vandretur-til-gletsjerlagunen-paakitsoq-ilulissat-diskobugten\/\" \/>\n<meta property=\"og:site_name\" content=\"Guide to Greenland\" \/>\n<meta property=\"article:modified_time\" content=\"2023-07-03T14:41:44+00:00\" \/>\n<meta property=\"og:image\" content=\"https:\/\/guidetogreenland.com\/wp-content\/uploads\/2022\/07\/Hike-to-The-Glacier-lagoon-Paakitsoq-Ilulissat-Disko-Bay-Guide-to-Greenland-.jpg\" \/>\n\t<meta property=\"og:image:width\" content=\"1280\" \/>\n\t<meta property=\"og:image:height\" content=\"960\" \/>\n\t<meta property=\"og:image:type\" content=\"image\/jpeg\" \/>\n<meta name=\"twitter:card\" content=\"summary_large_image\" \/>\n<meta name=\"twitter:label1\" content=\"Estimeret l\u00e6setid\" \/>\n\t<meta name=\"twitter:data1\" content=\"2 minutter\" \/>\n<script type=\"application\/ld+json\" class=\"yoast-schema-graph\">{\"@context\":\"https:\/\/schema.org\",\"@graph\":[{\"@type\":\"WebPage\",\"@id\":\"https:\/\/guidetogreenland.com\/da\/reserver-ferie-rejser\/vandretur-til-gletsjerlagunen-paakitsoq-ilulissat-diskobugten\/\",\"url\":\"https:\/\/guidetogreenland.com\/da\/reserver-ferie-rejser\/vandretur-til-gletsjerlagunen-paakitsoq-ilulissat-diskobugten\/\",\"name\":\"Vandretur til Gletsjerlagunen & Paakitsoq | Guide to Greenland\",\"isPartOf\":{\"@id\":\"https:\/\/guidetogreenland.com\/da\/#website\"},\"primaryImageOfPage\":{\"@id\":\"https:\/\/guidetogreenland.com\/da\/reserver-ferie-rejser\/vandretur-til-gletsjerlagunen-paakitsoq-ilulissat-diskobugten\/#primaryimage\"},\"image\":{\"@id\":\"https:\/\/guidetogreenland.com\/da\/reserver-ferie-rejser\/vandretur-til-gletsjerlagunen-paakitsoq-ilulissat-diskobugten\/#primaryimage\"},\"thumbnailUrl\":\"https:\/\/guidetogreenland.com\/wp-content\/uploads\/2022\/07\/Hike-to-The-Glacier-lagoon-Paakitsoq-Ilulissat-Disko-Bay-Guide-to-Greenland-.jpg\",\"datePublished\":\"2022-07-14T12:12:51+00:00\",\"dateModified\":\"2023-07-03T14:41:44+00:00\",\"description\":\"Oplev Gr\u00f8nlands indlandsis ved at deltage i denne vandre- og sejtur med afgang fra Ilulissat. Se over et vidunder i Arktis, Indlandsisen. Se tur \u00bb\",\"breadcrumb\":{\"@id\":\"https:\/\/guidetogreenland.com\/da\/reserver-ferie-rejser\/vandretur-til-gletsjerlagunen-paakitsoq-ilulissat-diskobugten\/#breadcrumb\"},\"inLanguage\":\"da-DK\",\"potentialAction\":[{\"@type\":\"ReadAction\",\"target\":[\"https:\/\/guidetogreenland.com\/da\/reserver-ferie-rejser\/vandretur-til-gletsjerlagunen-paakitsoq-ilulissat-diskobugten\/\"]}]},{\"@type\":\"ImageObject\",\"inLanguage\":\"da-DK\",\"@id\":\"https:\/\/guidetogreenland.com\/da\/reserver-ferie-rejser\/vandretur-til-gletsjerlagunen-paakitsoq-ilulissat-diskobugten\/#primaryimage\",\"url\":\"https:\/\/guidetogreenland.com\/wp-content\/uploads\/2022\/07\/Hike-to-The-Glacier-lagoon-Paakitsoq-Ilulissat-Disko-Bay-Guide-to-Greenland-.jpg\",\"contentUrl\":\"https:\/\/guidetogreenland.com\/wp-content\/uploads\/2022\/07\/Hike-to-The-Glacier-lagoon-Paakitsoq-Ilulissat-Disko-Bay-Guide-to-Greenland-.jpg\",\"width\":1280,\"height\":960},{\"@type\":\"BreadcrumbList\",\"@id\":\"https:\/\/guidetogreenland.com\/da\/reserver-ferie-rejser\/vandretur-til-gletsjerlagunen-paakitsoq-ilulissat-diskobugten\/#breadcrumb\",\"itemListElement\":[{\"@type\":\"ListItem\",\"position\":1,\"name\":\"Home\",\"item\":\"https:\/\/guidetogreenland.com\/da\/\"},{\"@type\":\"ListItem\",\"position\":2,\"name\":\"Se alle ture\",\"item\":\"https:\/\/guidetogreenland.com\/da\/reserver-ferie-rejser\/\"},{\"@type\":\"ListItem\",\"position\":3,\"name\":\"Vandretur til Gletsjerlagunen &#038; Paakitsoq | Ilulissat | Diskobugten\"}]},{\"@type\":\"WebSite\",\"@id\":\"https:\/\/guidetogreenland.com\/da\/#website\",\"url\":\"https:\/\/guidetogreenland.com\/da\/\",\"name\":\"Guide to Greenland\",\"description\":\"Largest selection of tours in Greenland\",\"potentialAction\":[{\"@type\":\"SearchAction\",\"target\":{\"@type\":\"EntryPoint\",\"urlTemplate\":\"https:\/\/guidetogreenland.com\/da\/?s={search_term_string}\"},\"query-input\":{\"@type\":\"PropertyValueSpecification\",\"valueRequired\":true,\"valueName\":\"search_term_string\"}}],\"inLanguage\":\"da-DK\"}]}<\/script>\n<!-- \/ Yoast SEO plugin. -->","yoast_head_json":{"title":"Vandretur til Gletsjerlagunen & Paakitsoq | Guide to Greenland","description":"Oplev Gr\u00f8nlands indlandsis ved at deltage i denne vandre- og sejtur med afgang fra Ilulissat. Se over et vidunder i Arktis, Indlandsisen. Se tur \u00bb","robots":{"index":"index","follow":"follow","max-snippet":"max-snippet:-1","max-image-preview":"max-image-preview:large","max-video-preview":"max-video-preview:-1"},"canonical":"https:\/\/guidetogreenland.com\/da\/reserver-ferie-rejser\/vandretur-til-gletsjerlagunen-paakitsoq-ilulissat-diskobugten\/","og_locale":"da_DK","og_type":"article","og_title":"Vandretur til Gletsjerlagunen & Paakitsoq | Guide to Greenland","og_description":"Oplev Gr\u00f8nlands indlandsis ved at deltage i denne vandre- og sejtur med afgang fra Ilulissat. Se over et vidunder i Arktis, Indlandsisen. Se tur \u00bb","og_url":"https:\/\/guidetogreenland.com\/da\/reserver-ferie-rejser\/vandretur-til-gletsjerlagunen-paakitsoq-ilulissat-diskobugten\/","og_site_name":"Guide to Greenland","article_modified_time":"2023-07-03T14:41:44+00:00","og_image":[{"width":1280,"height":960,"url":"https:\/\/guidetogreenland.com\/wp-content\/uploads\/2022\/07\/Hike-to-The-Glacier-lagoon-Paakitsoq-Ilulissat-Disko-Bay-Guide-to-Greenland-.jpg","type":"image\/jpeg"}],"twitter_card":"summary_large_image","twitter_misc":{"Estimeret l\u00e6setid":"2 minutter"},"schema":{"@context":"https:\/\/schema.org","@graph":[{"@type":"WebPage","@id":"https:\/\/guidetogreenland.com\/da\/reserver-ferie-rejser\/vandretur-til-gletsjerlagunen-paakitsoq-ilulissat-diskobugten\/","url":"https:\/\/guidetogreenland.com\/da\/reserver-ferie-rejser\/vandretur-til-gletsjerlagunen-paakitsoq-ilulissat-diskobugten\/","name":"Vandretur til Gletsjerlagunen & Paakitsoq | Guide to Greenland","isPartOf":{"@id":"https:\/\/guidetogreenland.com\/da\/#website"},"primaryImageOfPage":{"@id":"https:\/\/guidetogreenland.com\/da\/reserver-ferie-rejser\/vandretur-til-gletsjerlagunen-paakitsoq-ilulissat-diskobugten\/#primaryimage"},"image":{"@id":"https:\/\/guidetogreenland.com\/da\/reserver-ferie-rejser\/vandretur-til-gletsjerlagunen-paakitsoq-ilulissat-diskobugten\/#primaryimage"},"thumbnailUrl":"https:\/\/guidetogreenland.com\/wp-content\/uploads\/2022\/07\/Hike-to-The-Glacier-lagoon-Paakitsoq-Ilulissat-Disko-Bay-Guide-to-Greenland-.jpg","datePublished":"2022-07-14T12:12:51+00:00","dateModified":"2023-07-03T14:41:44+00:00","description":"Oplev Gr\u00f8nlands indlandsis ved at deltage i denne vandre- og sejtur med afgang fra Ilulissat. Se over et vidunder i Arktis, Indlandsisen. Se tur \u00bb","breadcrumb":{"@id":"https:\/\/guidetogreenland.com\/da\/reserver-ferie-rejser\/vandretur-til-gletsjerlagunen-paakitsoq-ilulissat-diskobugten\/#breadcrumb"},"inLanguage":"da-DK","potentialAction":[{"@type":"ReadAction","target":["https:\/\/guidetogreenland.com\/da\/reserver-ferie-rejser\/vandretur-til-gletsjerlagunen-paakitsoq-ilulissat-diskobugten\/"]}]},{"@type":"ImageObject","inLanguage":"da-DK","@id":"https:\/\/guidetogreenland.com\/da\/reserver-ferie-rejser\/vandretur-til-gletsjerlagunen-paakitsoq-ilulissat-diskobugten\/#primaryimage","url":"https:\/\/guidetogreenland.com\/wp-content\/uploads\/2022\/07\/Hike-to-The-Glacier-lagoon-Paakitsoq-Ilulissat-Disko-Bay-Guide-to-Greenland-.jpg","contentUrl":"https:\/\/guidetogreenland.com\/wp-content\/uploads\/2022\/07\/Hike-to-The-Glacier-lagoon-Paakitsoq-Ilulissat-Disko-Bay-Guide-to-Greenland-.jpg","width":1280,"height":960},{"@type":"BreadcrumbList","@id":"https:\/\/guidetogreenland.com\/da\/reserver-ferie-rejser\/vandretur-til-gletsjerlagunen-paakitsoq-ilulissat-diskobugten\/#breadcrumb","itemListElement":[{"@type":"ListItem","position":1,"name":"Home","item":"https:\/\/guidetogreenland.com\/da\/"},{"@type":"ListItem","position":2,"name":"Se alle ture","item":"https:\/\/guidetogreenland.com\/da\/reserver-ferie-rejser\/"},{"@type":"ListItem","position":3,"name":"Vandretur til Gletsjerlagunen &#038; Paakitsoq | Ilulissat | Diskobugten"}]},{"@type":"WebSite","@id":"https:\/\/guidetogreenland.com\/da\/#website","url":"https:\/\/guidetogreenland.com\/da\/","name":"Guide to Greenland","description":"Largest selection of tours in Greenland","potentialAction":[{"@type":"SearchAction","target":{"@type":"EntryPoint","urlTemplate":"https:\/\/guidetogreenland.com\/da\/?s={search_term_string}"},"query-input":{"@type":"PropertyValueSpecification","valueRequired":true,"valueName":"search_term_string"}}],"inLanguage":"da-DK"}]}},"_links":{"self":[{"href":"https:\/\/guidetogreenland.com\/da\/wp-json\/wp\/v2\/product\/36993","targetHints":{"allow":["GET"]}}],"collection":[{"href":"https:\/\/guidetogreenland.com\/da\/wp-json\/wp\/v2\/product"}],"about":[{"href":"https:\/\/guidetogreenland.com\/da\/wp-json\/wp\/v2\/types\/product"}],"replies":[{"embeddable":true,"href":"https:\/\/guidetogreenland.com\/da\/wp-json\/wp\/v2\/comments?post=36993"}],"wp:featuredmedia":[{"embeddable":true,"href":"https:\/\/guidetogreenland.com\/da\/wp-json\/wp\/v2\/media\/36184"}],"wp:attachment":[{"href":"https:\/\/guidetogreenland.com\/da\/wp-json\/wp\/v2\/media?parent=36993"}],"wp:term":[{"taxonomy":"product_brand","embeddable":true,"href":"https:\/\/guidetogreenland.com\/da\/wp-json\/wp\/v2\/product_brand?post=36993"},{"taxonomy":"product_cat","embeddable":true,"href":"https:\/\/guidetogreenland.com\/da\/wp-json\/wp\/v2\/product_cat?post=36993"},{"taxonomy":"product_tag","embeddable":true,"href":"https:\/\/guidetogreenland.com\/da\/wp-json\/wp\/v2\/product_tag?post=36993"}],"curies":[{"name":"wp","href":"https:\/\/api.w.org\/{rel}","templated":true}]}}