{"id":39739,"date":"2020-06-11T13:36:17","date_gmt":"2020-06-11T13:36:17","guid":{"rendered":"https:\/\/guidetogreenland.com\/book-trips-holiday\/highlights-of-the-arctic-winter-in-5-days-ilulissat-disko-bay\/"},"modified":"2025-09-03T03:22:44","modified_gmt":"2025-09-03T06:22:44","slug":"highlights-of-the-arctic-winter-in-5-days-ilulissat-disko-bay","status":"publish","type":"product","link":"https:\/\/guidetogreenland.com\/da\/reserver-ferie-rejser\/hojdepunkter-fra-den-arktiske-vinter-pa-5-dage-ilulissat-diskobugten\/","title":{"rendered":"H\u00f8jdepunkter fra den arktiske vinter p\u00e5 5 dage | Ilulissat | Diskobugten"},"content":{"rendered":"<p>Har du lyst til at opleve Ilulissat Isfjord, som er en del af UNESCOs verdensarvsliste? Har du v\u00e6ret nysgerrig efter, hvordan en arktisk vinter er? Tag med os p\u00e5 denne 5-dages tur, hvor du vil opleve alle de bedste h\u00f8jdepunkter i en arktisk vinter p\u00e5 et af de mest ber\u00f8mte steder i Gr\u00f8nland.<\/p>\n<p>Denne tur byder p\u00e5 et arktisk eventyr, hvor du rejser med snesko, snescooter, hundesl\u00e6de og b\u00e5d for at udforske omr\u00e5det omkring Gr\u00f8nlands 3. st\u00f8rste by.<\/p>\n<p>Under dit 5-dages bes\u00f8g vil du se den utrolige Ilulissat Isfjord fra oven og fra vandet, udforske baglandet omkring byen via en moderne (snescooter) og gammel (hundesl\u00e6de) form for vintertransport i Arktis, og f\u00e5 mulighed for at overv\u00e6re et af h\u00f8jdepunkterne i \u00e5rets m\u00f8rkere m\u00e5neder \u2013 det farverige og dansende nordlys.<\/p>\n<p>Klik p\u00e5 fanen &#8216;Daglig rejseplan&#8217; for at l\u00e6se mere information om hver dag p\u00e5 turen, og reserv\u00e9r derefter din plads p\u00e5 dette eventyr i og omkring Ilulissat ved at klikke p\u00e5 &#8216;<strong>Book nu<\/strong>&#8216;.<\/p>\n<div class=\"s16\"><\/div>\n","protected":false},"excerpt":{"rendered":"Har du lyst til at opleve Ilulissat Isfjord, som er en del af UNESCOs verdensarvsliste? Har du v\u00e6ret nysgerrig efter, hvordan en arktisk vinter er? Tag med os p\u00e5 denne 5-dages tur, hvor du vil opleve alle de bedste h\u00f8jdepunkter i en arktisk vinter p\u00e5 et af de mest ber\u00f8mte steder i Gr\u00f8nland. Denne tur&#8230;","protected":false},"featured_media":39741,"comment_status":"open","ping_status":"closed","template":"","meta":[],"product_brand":[],"product_cat":[610,594,629,622,607,692,617,612,619,593,635,611,627,643,644,625,641],"product_tag":[919],"class_list":{"0":"post-39739","1":"product","2":"type-product","3":"status-publish","4":"has-post-thumbnail","6":"product_cat-atv-og-snescooterture","7":"product_cat-baadture","8":"product_cat-disko-bugten","9":"product_cat-groenlandsk-kultur","10":"product_cat-hundeslaedeture","11":"product_cat-iceberg-icefjord-tours","12":"product_cat-ilulissat-isfjord-ture","13":"product_cat-natur-og-dyreliv-i-groenland","14":"product_cat-nordlys-ture","15":"product_cat-oplevelser-i-groenland","16":"product_cat-pakkerejser","17":"product_cat-ski-og-sneskoture","18":"product_cat-ture-i-bestemte-omraader","19":"product_cat-ture-i-hver-by","20":"product_cat-ture-i-ilulissat","21":"product_cat-ture-til-verdensarv-steder-i-groenland","22":"product_cat-vinterrejser","23":"product_tag-ilulissat-da","24":"pa_activities-groenlandsk-kultur","25":"pa_activities-isbjerg-udsigt","26":"pa_activities-nordlys","27":"pa_activities-snescooter","28":"pa_activities-snesko","29":"pa_attractions-ilulissat-icefjord","30":"pa_available-month-januar","31":"pa_available-month-februar","32":"pa_available-month-marts","33":"pa_available-month-april","34":"pa_destinations-ilulissat","35":"pa_difficulty-let","36":"pa_duration-5-dage","37":"pa_tour-type-flerdags-ture","38":"yith_shop_vendor-ilulissat-adventure-da","39":"yith_booking_service-dogsled-tour-upgrade-to-4-hours-per-person","40":"yith_booking_service-single-traveller-supplement","42":"first","43":"instock","44":"virtual","45":"sold-individually","46":"purchasable","47":"product-type-booking"},"acf":[],"yoast_head":"<!-- This site is optimized with the Yoast SEO plugin v25.6 - https:\/\/yoast.com\/wordpress\/plugins\/seo\/ -->\n<title>5-dages arktisk eventyr i og omkring Ilulissat | Guide to Greenland<\/title>\n<meta name=\"description\" content=\"Oplev UNESCOs verdensarvsliste, Ilulissat Isfjord, p\u00e5 dette 5-dages arktiske eventyr! Oplev en gr\u00f8nlandsk vinter med denne tur. L\u00e6s mere her \u00bb\" \/>\n<meta name=\"robots\" content=\"index, follow, max-snippet:-1, max-image-preview:large, max-video-preview:-1\" \/>\n<link rel=\"canonical\" href=\"https:\/\/guidetogreenland.com\/da\/reserver-ferie-rejser\/hojdepunkter-fra-den-arktiske-vinter-pa-5-dage-ilulissat-diskobugten\/\" \/>\n<meta property=\"og:locale\" content=\"da_DK\" \/>\n<meta property=\"og:type\" content=\"article\" \/>\n<meta property=\"og:title\" content=\"5-dages arktisk eventyr i og omkring Ilulissat | Guide to Greenland\" \/>\n<meta property=\"og:description\" content=\"Oplev UNESCOs verdensarvsliste, Ilulissat Isfjord, p\u00e5 dette 5-dages arktiske eventyr! Oplev en gr\u00f8nlandsk vinter med denne tur. L\u00e6s mere her \u00bb\" \/>\n<meta property=\"og:url\" content=\"https:\/\/guidetogreenland.com\/da\/reserver-ferie-rejser\/hojdepunkter-fra-den-arktiske-vinter-pa-5-dage-ilulissat-diskobugten\/\" \/>\n<meta property=\"og:site_name\" content=\"Guide to Greenland\" \/>\n<meta property=\"article:modified_time\" content=\"2025-09-03T06:22:44+00:00\" \/>\n<meta property=\"og:image\" content=\"https:\/\/guidetogreenland.com\/wp-content\/uploads\/2020\/05\/highlights-of-the-arctic-winter-in-5-days-ilulissat-disko-bay-Guide-to-Greenland17.jpg\" \/>\n\t<meta property=\"og:image:width\" content=\"926\" \/>\n\t<meta property=\"og:image:height\" content=\"617\" \/>\n\t<meta property=\"og:image:type\" content=\"image\/jpeg\" \/>\n<meta name=\"twitter:card\" content=\"summary_large_image\" \/>\n<meta name=\"twitter:label1\" content=\"Estimeret l\u00e6setid\" \/>\n\t<meta name=\"twitter:data1\" content=\"1 minut\" \/>\n<script type=\"application\/ld+json\" class=\"yoast-schema-graph\">{\"@context\":\"https:\/\/schema.org\",\"@graph\":[{\"@type\":\"WebPage\",\"@id\":\"https:\/\/guidetogreenland.com\/da\/reserver-ferie-rejser\/hojdepunkter-fra-den-arktiske-vinter-pa-5-dage-ilulissat-diskobugten\/\",\"url\":\"https:\/\/guidetogreenland.com\/da\/reserver-ferie-rejser\/hojdepunkter-fra-den-arktiske-vinter-pa-5-dage-ilulissat-diskobugten\/\",\"name\":\"5-dages arktisk eventyr i og omkring Ilulissat | Guide to Greenland\",\"isPartOf\":{\"@id\":\"https:\/\/guidetogreenland.com\/da\/#website\"},\"primaryImageOfPage\":{\"@id\":\"https:\/\/guidetogreenland.com\/da\/reserver-ferie-rejser\/hojdepunkter-fra-den-arktiske-vinter-pa-5-dage-ilulissat-diskobugten\/#primaryimage\"},\"image\":{\"@id\":\"https:\/\/guidetogreenland.com\/da\/reserver-ferie-rejser\/hojdepunkter-fra-den-arktiske-vinter-pa-5-dage-ilulissat-diskobugten\/#primaryimage\"},\"thumbnailUrl\":\"https:\/\/guidetogreenland.com\/wp-content\/uploads\/2020\/05\/highlights-of-the-arctic-winter-in-5-days-ilulissat-disko-bay-Guide-to-Greenland17.jpg\",\"datePublished\":\"2020-06-11T13:36:17+00:00\",\"dateModified\":\"2025-09-03T06:22:44+00:00\",\"description\":\"Oplev UNESCOs verdensarvsliste, Ilulissat Isfjord, p\u00e5 dette 5-dages arktiske eventyr! Oplev en gr\u00f8nlandsk vinter med denne tur. L\u00e6s mere her \u00bb\",\"breadcrumb\":{\"@id\":\"https:\/\/guidetogreenland.com\/da\/reserver-ferie-rejser\/hojdepunkter-fra-den-arktiske-vinter-pa-5-dage-ilulissat-diskobugten\/#breadcrumb\"},\"inLanguage\":\"da-DK\",\"potentialAction\":[{\"@type\":\"ReadAction\",\"target\":[\"https:\/\/guidetogreenland.com\/da\/reserver-ferie-rejser\/hojdepunkter-fra-den-arktiske-vinter-pa-5-dage-ilulissat-diskobugten\/\"]}]},{\"@type\":\"ImageObject\",\"inLanguage\":\"da-DK\",\"@id\":\"https:\/\/guidetogreenland.com\/da\/reserver-ferie-rejser\/hojdepunkter-fra-den-arktiske-vinter-pa-5-dage-ilulissat-diskobugten\/#primaryimage\",\"url\":\"https:\/\/guidetogreenland.com\/wp-content\/uploads\/2020\/05\/highlights-of-the-arctic-winter-in-5-days-ilulissat-disko-bay-Guide-to-Greenland17.jpg\",\"contentUrl\":\"https:\/\/guidetogreenland.com\/wp-content\/uploads\/2020\/05\/highlights-of-the-arctic-winter-in-5-days-ilulissat-disko-bay-Guide-to-Greenland17.jpg\",\"width\":926,\"height\":617},{\"@type\":\"BreadcrumbList\",\"@id\":\"https:\/\/guidetogreenland.com\/da\/reserver-ferie-rejser\/hojdepunkter-fra-den-arktiske-vinter-pa-5-dage-ilulissat-diskobugten\/#breadcrumb\",\"itemListElement\":[{\"@type\":\"ListItem\",\"position\":1,\"name\":\"Home\",\"item\":\"https:\/\/guidetogreenland.com\/da\/\"},{\"@type\":\"ListItem\",\"position\":2,\"name\":\"Se alle ture\",\"item\":\"https:\/\/guidetogreenland.com\/da\/reserver-ferie-rejser\/\"},{\"@type\":\"ListItem\",\"position\":3,\"name\":\"H\u00f8jdepunkter fra den arktiske vinter p\u00e5 5 dage | Ilulissat | Diskobugten\"}]},{\"@type\":\"WebSite\",\"@id\":\"https:\/\/guidetogreenland.com\/da\/#website\",\"url\":\"https:\/\/guidetogreenland.com\/da\/\",\"name\":\"Guide to Greenland\",\"description\":\"Largest selection of tours in Greenland\",\"potentialAction\":[{\"@type\":\"SearchAction\",\"target\":{\"@type\":\"EntryPoint\",\"urlTemplate\":\"https:\/\/guidetogreenland.com\/da\/?s={search_term_string}\"},\"query-input\":{\"@type\":\"PropertyValueSpecification\",\"valueRequired\":true,\"valueName\":\"search_term_string\"}}],\"inLanguage\":\"da-DK\"}]}<\/script>\n<!-- \/ Yoast SEO plugin. -->","yoast_head_json":{"title":"5-dages arktisk eventyr i og omkring Ilulissat | Guide to Greenland","description":"Oplev UNESCOs verdensarvsliste, Ilulissat Isfjord, p\u00e5 dette 5-dages arktiske eventyr! Oplev en gr\u00f8nlandsk vinter med denne tur. L\u00e6s mere her \u00bb","robots":{"index":"index","follow":"follow","max-snippet":"max-snippet:-1","max-image-preview":"max-image-preview:large","max-video-preview":"max-video-preview:-1"},"canonical":"https:\/\/guidetogreenland.com\/da\/reserver-ferie-rejser\/hojdepunkter-fra-den-arktiske-vinter-pa-5-dage-ilulissat-diskobugten\/","og_locale":"da_DK","og_type":"article","og_title":"5-dages arktisk eventyr i og omkring Ilulissat | Guide to Greenland","og_description":"Oplev UNESCOs verdensarvsliste, Ilulissat Isfjord, p\u00e5 dette 5-dages arktiske eventyr! Oplev en gr\u00f8nlandsk vinter med denne tur. L\u00e6s mere her \u00bb","og_url":"https:\/\/guidetogreenland.com\/da\/reserver-ferie-rejser\/hojdepunkter-fra-den-arktiske-vinter-pa-5-dage-ilulissat-diskobugten\/","og_site_name":"Guide to Greenland","article_modified_time":"2025-09-03T06:22:44+00:00","og_image":[{"width":926,"height":617,"url":"https:\/\/guidetogreenland.com\/wp-content\/uploads\/2020\/05\/highlights-of-the-arctic-winter-in-5-days-ilulissat-disko-bay-Guide-to-Greenland17.jpg","type":"image\/jpeg"}],"twitter_card":"summary_large_image","twitter_misc":{"Estimeret l\u00e6setid":"1 minut"},"schema":{"@context":"https:\/\/schema.org","@graph":[{"@type":"WebPage","@id":"https:\/\/guidetogreenland.com\/da\/reserver-ferie-rejser\/hojdepunkter-fra-den-arktiske-vinter-pa-5-dage-ilulissat-diskobugten\/","url":"https:\/\/guidetogreenland.com\/da\/reserver-ferie-rejser\/hojdepunkter-fra-den-arktiske-vinter-pa-5-dage-ilulissat-diskobugten\/","name":"5-dages arktisk eventyr i og omkring Ilulissat | Guide to Greenland","isPartOf":{"@id":"https:\/\/guidetogreenland.com\/da\/#website"},"primaryImageOfPage":{"@id":"https:\/\/guidetogreenland.com\/da\/reserver-ferie-rejser\/hojdepunkter-fra-den-arktiske-vinter-pa-5-dage-ilulissat-diskobugten\/#primaryimage"},"image":{"@id":"https:\/\/guidetogreenland.com\/da\/reserver-ferie-rejser\/hojdepunkter-fra-den-arktiske-vinter-pa-5-dage-ilulissat-diskobugten\/#primaryimage"},"thumbnailUrl":"https:\/\/guidetogreenland.com\/wp-content\/uploads\/2020\/05\/highlights-of-the-arctic-winter-in-5-days-ilulissat-disko-bay-Guide-to-Greenland17.jpg","datePublished":"2020-06-11T13:36:17+00:00","dateModified":"2025-09-03T06:22:44+00:00","description":"Oplev UNESCOs verdensarvsliste, Ilulissat Isfjord, p\u00e5 dette 5-dages arktiske eventyr! Oplev en gr\u00f8nlandsk vinter med denne tur. L\u00e6s mere her \u00bb","breadcrumb":{"@id":"https:\/\/guidetogreenland.com\/da\/reserver-ferie-rejser\/hojdepunkter-fra-den-arktiske-vinter-pa-5-dage-ilulissat-diskobugten\/#breadcrumb"},"inLanguage":"da-DK","potentialAction":[{"@type":"ReadAction","target":["https:\/\/guidetogreenland.com\/da\/reserver-ferie-rejser\/hojdepunkter-fra-den-arktiske-vinter-pa-5-dage-ilulissat-diskobugten\/"]}]},{"@type":"ImageObject","inLanguage":"da-DK","@id":"https:\/\/guidetogreenland.com\/da\/reserver-ferie-rejser\/hojdepunkter-fra-den-arktiske-vinter-pa-5-dage-ilulissat-diskobugten\/#primaryimage","url":"https:\/\/guidetogreenland.com\/wp-content\/uploads\/2020\/05\/highlights-of-the-arctic-winter-in-5-days-ilulissat-disko-bay-Guide-to-Greenland17.jpg","contentUrl":"https:\/\/guidetogreenland.com\/wp-content\/uploads\/2020\/05\/highlights-of-the-arctic-winter-in-5-days-ilulissat-disko-bay-Guide-to-Greenland17.jpg","width":926,"height":617},{"@type":"BreadcrumbList","@id":"https:\/\/guidetogreenland.com\/da\/reserver-ferie-rejser\/hojdepunkter-fra-den-arktiske-vinter-pa-5-dage-ilulissat-diskobugten\/#breadcrumb","itemListElement":[{"@type":"ListItem","position":1,"name":"Home","item":"https:\/\/guidetogreenland.com\/da\/"},{"@type":"ListItem","position":2,"name":"Se alle ture","item":"https:\/\/guidetogreenland.com\/da\/reserver-ferie-rejser\/"},{"@type":"ListItem","position":3,"name":"H\u00f8jdepunkter fra den arktiske vinter p\u00e5 5 dage | Ilulissat | Diskobugten"}]},{"@type":"WebSite","@id":"https:\/\/guidetogreenland.com\/da\/#website","url":"https:\/\/guidetogreenland.com\/da\/","name":"Guide to Greenland","description":"Largest selection of tours in Greenland","potentialAction":[{"@type":"SearchAction","target":{"@type":"EntryPoint","urlTemplate":"https:\/\/guidetogreenland.com\/da\/?s={search_term_string}"},"query-input":{"@type":"PropertyValueSpecification","valueRequired":true,"valueName":"search_term_string"}}],"inLanguage":"da-DK"}]}},"_links":{"self":[{"href":"https:\/\/guidetogreenland.com\/da\/wp-json\/wp\/v2\/product\/39739","targetHints":{"allow":["GET"]}}],"collection":[{"href":"https:\/\/guidetogreenland.com\/da\/wp-json\/wp\/v2\/product"}],"about":[{"href":"https:\/\/guidetogreenland.com\/da\/wp-json\/wp\/v2\/types\/product"}],"replies":[{"embeddable":true,"href":"https:\/\/guidetogreenland.com\/da\/wp-json\/wp\/v2\/comments?post=39739"}],"wp:featuredmedia":[{"embeddable":true,"href":"https:\/\/guidetogreenland.com\/da\/wp-json\/wp\/v2\/media\/39741"}],"wp:attachment":[{"href":"https:\/\/guidetogreenland.com\/da\/wp-json\/wp\/v2\/media?parent=39739"}],"wp:term":[{"taxonomy":"product_brand","embeddable":true,"href":"https:\/\/guidetogreenland.com\/da\/wp-json\/wp\/v2\/product_brand?post=39739"},{"taxonomy":"product_cat","embeddable":true,"href":"https:\/\/guidetogreenland.com\/da\/wp-json\/wp\/v2\/product_cat?post=39739"},{"taxonomy":"product_tag","embeddable":true,"href":"https:\/\/guidetogreenland.com\/da\/wp-json\/wp\/v2\/product_tag?post=39739"}],"curies":[{"name":"wp","href":"https:\/\/api.w.org\/{rel}","templated":true}]}}