{"id":40130,"date":"2022-07-13T12:42:31","date_gmt":"2022-07-13T15:42:31","guid":{"rendered":"https:\/\/guidetogreenland.com\/book-trips-holiday\/experience-life-on-a-reindeer-station-8-days-south-greenland\/"},"modified":"2024-09-13T17:12:52","modified_gmt":"2024-09-13T20:12:52","slug":"experience-life-on-a-reindeer-station-8-days-south-greenland","status":"publish","type":"product","link":"https:\/\/guidetogreenland.com\/da\/reserver-ferie-rejser\/oplev-livet-pa-en-rensdyrstation-8-dage-sydgronland\/","title":{"rendered":"Oplev livet p\u00e5 en rensdyrstation | 8 dage | Sydgr\u00f8nland"},"content":{"rendered":"<p>Kom med p\u00e5 en eventyr p\u00e5 en af de vildeste og mest afsidesliggende g\u00e5rde p\u00e5 jorden. Oplev vandreture, fiskeri, gletsjere, arktisk dyreliv og nyd vores friske lokale mad.<\/p>\n<p>P\u00e5 Isortoq rensdyrstation tror vi p\u00e5 selvforsyning og livet af jorden. Vi s\u00e6tter ogs\u00e5 stor pris p\u00e5 god mad! Vi fanger, r\u00f8ger og forbereder vores egen fisk, vores rensdyr strejfer frit omkring p\u00e5 bakkerne, og vi samler tang og arktiske urter for at give vores mad en unik smag.<\/p>\n<p>Tilbring dine dage med at vandre gennem arktiske bakker og dale med udsigt til Gr\u00f8nlands indlandsis. Undervejs holder vi \u00f8je med dyrelivet, herunder moskusokser, rensdyr, arktiske harer og hav\u00f8rne. Vi sejler ogs\u00e5 til fronten af en gletsjer og ser, hvordan den kalver ned i havet, f\u00f8r vi vandrer op p\u00e5 isen med en kvalificeret gletsjerguide for at udforske de utrolige isformationer.<\/p>\n<p>Du vil bo i komfortabel indkvartering p\u00e5 Isortoq-stationen. Mens du er p\u00e5 g\u00e5rden, f\u00e5r du mulighed for at l\u00e6re om rensdyrpleje, \u00f8ve dine f\u00e6rdigheder i fiskeri og urteindsamling og pr\u00f8ve kr\u00e6fter af med knivsk\u00e6ring og andre traditionelle f\u00e6rdigheder. Vi vil ogs\u00e5 guide dig p\u00e5 en overnatningstur, hvor du bor p\u00e5 en gammel inuit-sommerplads og camper ved havet med utrolig udsigt til isbjerge.<\/p>\n<p>Klik p\u00e5 &#8220;Daglig rejseplan&#8221; for at l\u00e6se mere information om hver dag p\u00e5 turen, og reserv\u00e9r derefter dit ophold p\u00e5 Isortoq rensdyrstation ved at klikke p\u00e5 &#8220;<strong>Book nu<\/strong>&#8220;.<\/p>\n","protected":false},"excerpt":{"rendered":"Kom med p\u00e5 en eventyr p\u00e5 en af de vildeste og mest afsidesliggende g\u00e5rde p\u00e5 jorden. Oplev vandreture, fiskeri, gletsjere, arktisk dyreliv og nyd vores friske lokale mad. P\u00e5 Isortoq rensdyrstation tror vi p\u00e5 selvforsyning og livet af jorden. Vi s\u00e6tter ogs\u00e5 stor pris p\u00e5 god mad! Vi fanger, r\u00f8ger og forbereder vores egen fisk,&#8230;","protected":false},"featured_media":27239,"comment_status":"open","ping_status":"closed","template":"","meta":[],"product_brand":[],"product_cat":[594,613,614,692,623,593,635,640,632,651,608],"product_tag":[],"class_list":{"0":"post-40130","1":"product","2":"type-product","3":"status-publish","4":"has-post-thumbnail","6":"product_cat-baadture","7":"product_cat-fisketure","8":"product_cat-gletsjer-og-indlandsisen","9":"product_cat-iceberg-icefjord-tours","10":"product_cat-kulturelle-aktiviteter","11":"product_cat-oplevelser-i-groenland","12":"product_cat-pakkerejser","13":"product_cat-sommerrejser","14":"product_cat-sydgroenland","15":"product_cat-ture-i-narsarsuaq","16":"product_cat-vandre-og-trekkingture","17":"pa_activities-baadtur","18":"pa_activities-camping","19":"pa_activities-vandretur","20":"pa_activities-madsmagning","21":"pa_activities-fiskeri","22":"pa_activities-groenlandsk-kultur","23":"pa_activities-gletscher-udsigt","24":"pa_activities-isbjerg-udsigt","25":"pa_activities-dyreliv-safari","26":"pa_available-month-juni","27":"pa_available-month-juli","28":"pa_available-month-august","29":"pa_available-month-september","30":"pa_destinations-narsarsuaq","31":"pa_difficulty-moderat","32":"pa_duration-8-dage","33":"pa_tour-type-flerdags-ture","35":"first","36":"instock","37":"virtual","38":"sold-individually","39":"purchasable","40":"product-type-booking"},"acf":[],"yoast_head":"<!-- This site is optimized with the Yoast SEO plugin v25.6 - https:\/\/yoast.com\/wordpress\/plugins\/seo\/ -->\n<title>Oplev livet p\u00e5 en rensdyrstation i 8 dage | Guide to Greenland<\/title>\n<meta name=\"description\" content=\"Once in a lifetime experience in Greenland! Go hiking, sailing, learn how to fish, and see the glacier, and wildlife of Greenland!\" \/>\n<meta name=\"robots\" content=\"index, follow, max-snippet:-1, max-image-preview:large, max-video-preview:-1\" \/>\n<link rel=\"canonical\" href=\"https:\/\/guidetogreenland.com\/da\/reserver-ferie-rejser\/oplev-livet-pa-en-rensdyrstation-8-dage-sydgronland\/\" \/>\n<meta property=\"og:locale\" content=\"da_DK\" \/>\n<meta property=\"og:type\" content=\"article\" \/>\n<meta property=\"og:title\" content=\"Oplev livet p\u00e5 en rensdyrstation i 8 dage | Guide to Greenland\" \/>\n<meta property=\"og:description\" content=\"Once in a lifetime experience in Greenland! Go hiking, sailing, learn how to fish, and see the glacier, and wildlife of Greenland!\" \/>\n<meta property=\"og:url\" content=\"https:\/\/guidetogreenland.com\/da\/reserver-ferie-rejser\/oplev-livet-pa-en-rensdyrstation-8-dage-sydgronland\/\" \/>\n<meta property=\"og:site_name\" content=\"Guide to Greenland\" \/>\n<meta property=\"article:modified_time\" content=\"2024-09-13T20:12:52+00:00\" \/>\n<meta property=\"og:image\" content=\"https:\/\/guidetogreenland.com\/wp-content\/uploads\/2022\/06\/Day-2-hiking-fjord-views-Experience-Life-on-a-Reindeer-Station-South-Greenland-scaled.jpg\" \/>\n\t<meta property=\"og:image:width\" content=\"2560\" \/>\n\t<meta property=\"og:image:height\" content=\"1707\" \/>\n\t<meta property=\"og:image:type\" content=\"image\/jpeg\" \/>\n<meta name=\"twitter:card\" content=\"summary_large_image\" \/>\n<meta name=\"twitter:label1\" content=\"Estimeret l\u00e6setid\" \/>\n\t<meta name=\"twitter:data1\" content=\"1 minut\" \/>\n<script type=\"application\/ld+json\" class=\"yoast-schema-graph\">{\"@context\":\"https:\/\/schema.org\",\"@graph\":[{\"@type\":\"WebPage\",\"@id\":\"https:\/\/guidetogreenland.com\/da\/reserver-ferie-rejser\/oplev-livet-pa-en-rensdyrstation-8-dage-sydgronland\/\",\"url\":\"https:\/\/guidetogreenland.com\/da\/reserver-ferie-rejser\/oplev-livet-pa-en-rensdyrstation-8-dage-sydgronland\/\",\"name\":\"Oplev livet p\u00e5 en rensdyrstation i 8 dage | Guide to Greenland\",\"isPartOf\":{\"@id\":\"https:\/\/guidetogreenland.com\/da\/#website\"},\"primaryImageOfPage\":{\"@id\":\"https:\/\/guidetogreenland.com\/da\/reserver-ferie-rejser\/oplev-livet-pa-en-rensdyrstation-8-dage-sydgronland\/#primaryimage\"},\"image\":{\"@id\":\"https:\/\/guidetogreenland.com\/da\/reserver-ferie-rejser\/oplev-livet-pa-en-rensdyrstation-8-dage-sydgronland\/#primaryimage\"},\"thumbnailUrl\":\"https:\/\/guidetogreenland.com\/wp-content\/uploads\/2022\/06\/Day-2-hiking-fjord-views-Experience-Life-on-a-Reindeer-Station-South-Greenland-scaled.jpg\",\"datePublished\":\"2022-07-13T15:42:31+00:00\",\"dateModified\":\"2024-09-13T20:12:52+00:00\",\"description\":\"Once in a lifetime experience in Greenland! Go hiking, sailing, learn how to fish, and see the glacier, and wildlife of Greenland!\",\"breadcrumb\":{\"@id\":\"https:\/\/guidetogreenland.com\/da\/reserver-ferie-rejser\/oplev-livet-pa-en-rensdyrstation-8-dage-sydgronland\/#breadcrumb\"},\"inLanguage\":\"da-DK\",\"potentialAction\":[{\"@type\":\"ReadAction\",\"target\":[\"https:\/\/guidetogreenland.com\/da\/reserver-ferie-rejser\/oplev-livet-pa-en-rensdyrstation-8-dage-sydgronland\/\"]}]},{\"@type\":\"ImageObject\",\"inLanguage\":\"da-DK\",\"@id\":\"https:\/\/guidetogreenland.com\/da\/reserver-ferie-rejser\/oplev-livet-pa-en-rensdyrstation-8-dage-sydgronland\/#primaryimage\",\"url\":\"https:\/\/guidetogreenland.com\/wp-content\/uploads\/2022\/06\/Day-2-hiking-fjord-views-Experience-Life-on-a-Reindeer-Station-South-Greenland-scaled.jpg\",\"contentUrl\":\"https:\/\/guidetogreenland.com\/wp-content\/uploads\/2022\/06\/Day-2-hiking-fjord-views-Experience-Life-on-a-Reindeer-Station-South-Greenland-scaled.jpg\",\"width\":2560,\"height\":1707,\"caption\":\"Day 2 hiking fjord views - Experience Life on a Reindeer Station | South Greenland\"},{\"@type\":\"BreadcrumbList\",\"@id\":\"https:\/\/guidetogreenland.com\/da\/reserver-ferie-rejser\/oplev-livet-pa-en-rensdyrstation-8-dage-sydgronland\/#breadcrumb\",\"itemListElement\":[{\"@type\":\"ListItem\",\"position\":1,\"name\":\"Home\",\"item\":\"https:\/\/guidetogreenland.com\/da\/\"},{\"@type\":\"ListItem\",\"position\":2,\"name\":\"Se alle ture\",\"item\":\"https:\/\/guidetogreenland.com\/da\/reserver-ferie-rejser\/\"},{\"@type\":\"ListItem\",\"position\":3,\"name\":\"Oplev livet p\u00e5 en rensdyrstation | 8 dage | Sydgr\u00f8nland\"}]},{\"@type\":\"WebSite\",\"@id\":\"https:\/\/guidetogreenland.com\/da\/#website\",\"url\":\"https:\/\/guidetogreenland.com\/da\/\",\"name\":\"Guide to Greenland\",\"description\":\"Largest selection of tours in Greenland\",\"potentialAction\":[{\"@type\":\"SearchAction\",\"target\":{\"@type\":\"EntryPoint\",\"urlTemplate\":\"https:\/\/guidetogreenland.com\/da\/?s={search_term_string}\"},\"query-input\":{\"@type\":\"PropertyValueSpecification\",\"valueRequired\":true,\"valueName\":\"search_term_string\"}}],\"inLanguage\":\"da-DK\"}]}<\/script>\n<!-- \/ Yoast SEO plugin. -->","yoast_head_json":{"title":"Oplev livet p\u00e5 en rensdyrstation i 8 dage | Guide to Greenland","description":"Once in a lifetime experience in Greenland! Go hiking, sailing, learn how to fish, and see the glacier, and wildlife of Greenland!","robots":{"index":"index","follow":"follow","max-snippet":"max-snippet:-1","max-image-preview":"max-image-preview:large","max-video-preview":"max-video-preview:-1"},"canonical":"https:\/\/guidetogreenland.com\/da\/reserver-ferie-rejser\/oplev-livet-pa-en-rensdyrstation-8-dage-sydgronland\/","og_locale":"da_DK","og_type":"article","og_title":"Oplev livet p\u00e5 en rensdyrstation i 8 dage | Guide to Greenland","og_description":"Once in a lifetime experience in Greenland! Go hiking, sailing, learn how to fish, and see the glacier, and wildlife of Greenland!","og_url":"https:\/\/guidetogreenland.com\/da\/reserver-ferie-rejser\/oplev-livet-pa-en-rensdyrstation-8-dage-sydgronland\/","og_site_name":"Guide to Greenland","article_modified_time":"2024-09-13T20:12:52+00:00","og_image":[{"width":2560,"height":1707,"url":"https:\/\/guidetogreenland.com\/wp-content\/uploads\/2022\/06\/Day-2-hiking-fjord-views-Experience-Life-on-a-Reindeer-Station-South-Greenland-scaled.jpg","type":"image\/jpeg"}],"twitter_card":"summary_large_image","twitter_misc":{"Estimeret l\u00e6setid":"1 minut"},"schema":{"@context":"https:\/\/schema.org","@graph":[{"@type":"WebPage","@id":"https:\/\/guidetogreenland.com\/da\/reserver-ferie-rejser\/oplev-livet-pa-en-rensdyrstation-8-dage-sydgronland\/","url":"https:\/\/guidetogreenland.com\/da\/reserver-ferie-rejser\/oplev-livet-pa-en-rensdyrstation-8-dage-sydgronland\/","name":"Oplev livet p\u00e5 en rensdyrstation i 8 dage | Guide to Greenland","isPartOf":{"@id":"https:\/\/guidetogreenland.com\/da\/#website"},"primaryImageOfPage":{"@id":"https:\/\/guidetogreenland.com\/da\/reserver-ferie-rejser\/oplev-livet-pa-en-rensdyrstation-8-dage-sydgronland\/#primaryimage"},"image":{"@id":"https:\/\/guidetogreenland.com\/da\/reserver-ferie-rejser\/oplev-livet-pa-en-rensdyrstation-8-dage-sydgronland\/#primaryimage"},"thumbnailUrl":"https:\/\/guidetogreenland.com\/wp-content\/uploads\/2022\/06\/Day-2-hiking-fjord-views-Experience-Life-on-a-Reindeer-Station-South-Greenland-scaled.jpg","datePublished":"2022-07-13T15:42:31+00:00","dateModified":"2024-09-13T20:12:52+00:00","description":"Once in a lifetime experience in Greenland! Go hiking, sailing, learn how to fish, and see the glacier, and wildlife of Greenland!","breadcrumb":{"@id":"https:\/\/guidetogreenland.com\/da\/reserver-ferie-rejser\/oplev-livet-pa-en-rensdyrstation-8-dage-sydgronland\/#breadcrumb"},"inLanguage":"da-DK","potentialAction":[{"@type":"ReadAction","target":["https:\/\/guidetogreenland.com\/da\/reserver-ferie-rejser\/oplev-livet-pa-en-rensdyrstation-8-dage-sydgronland\/"]}]},{"@type":"ImageObject","inLanguage":"da-DK","@id":"https:\/\/guidetogreenland.com\/da\/reserver-ferie-rejser\/oplev-livet-pa-en-rensdyrstation-8-dage-sydgronland\/#primaryimage","url":"https:\/\/guidetogreenland.com\/wp-content\/uploads\/2022\/06\/Day-2-hiking-fjord-views-Experience-Life-on-a-Reindeer-Station-South-Greenland-scaled.jpg","contentUrl":"https:\/\/guidetogreenland.com\/wp-content\/uploads\/2022\/06\/Day-2-hiking-fjord-views-Experience-Life-on-a-Reindeer-Station-South-Greenland-scaled.jpg","width":2560,"height":1707,"caption":"Day 2 hiking fjord views - Experience Life on a Reindeer Station | South Greenland"},{"@type":"BreadcrumbList","@id":"https:\/\/guidetogreenland.com\/da\/reserver-ferie-rejser\/oplev-livet-pa-en-rensdyrstation-8-dage-sydgronland\/#breadcrumb","itemListElement":[{"@type":"ListItem","position":1,"name":"Home","item":"https:\/\/guidetogreenland.com\/da\/"},{"@type":"ListItem","position":2,"name":"Se alle ture","item":"https:\/\/guidetogreenland.com\/da\/reserver-ferie-rejser\/"},{"@type":"ListItem","position":3,"name":"Oplev livet p\u00e5 en rensdyrstation | 8 dage | Sydgr\u00f8nland"}]},{"@type":"WebSite","@id":"https:\/\/guidetogreenland.com\/da\/#website","url":"https:\/\/guidetogreenland.com\/da\/","name":"Guide to Greenland","description":"Largest selection of tours in Greenland","potentialAction":[{"@type":"SearchAction","target":{"@type":"EntryPoint","urlTemplate":"https:\/\/guidetogreenland.com\/da\/?s={search_term_string}"},"query-input":{"@type":"PropertyValueSpecification","valueRequired":true,"valueName":"search_term_string"}}],"inLanguage":"da-DK"}]}},"_links":{"self":[{"href":"https:\/\/guidetogreenland.com\/da\/wp-json\/wp\/v2\/product\/40130","targetHints":{"allow":["GET"]}}],"collection":[{"href":"https:\/\/guidetogreenland.com\/da\/wp-json\/wp\/v2\/product"}],"about":[{"href":"https:\/\/guidetogreenland.com\/da\/wp-json\/wp\/v2\/types\/product"}],"replies":[{"embeddable":true,"href":"https:\/\/guidetogreenland.com\/da\/wp-json\/wp\/v2\/comments?post=40130"}],"wp:featuredmedia":[{"embeddable":true,"href":"https:\/\/guidetogreenland.com\/da\/wp-json\/wp\/v2\/media\/27239"}],"wp:attachment":[{"href":"https:\/\/guidetogreenland.com\/da\/wp-json\/wp\/v2\/media?parent=40130"}],"wp:term":[{"taxonomy":"product_brand","embeddable":true,"href":"https:\/\/guidetogreenland.com\/da\/wp-json\/wp\/v2\/product_brand?post=40130"},{"taxonomy":"product_cat","embeddable":true,"href":"https:\/\/guidetogreenland.com\/da\/wp-json\/wp\/v2\/product_cat?post=40130"},{"taxonomy":"product_tag","embeddable":true,"href":"https:\/\/guidetogreenland.com\/da\/wp-json\/wp\/v2\/product_tag?post=40130"}],"curies":[{"name":"wp","href":"https:\/\/api.w.org\/{rel}","templated":true}]}}