{"id":40245,"date":"2023-09-13T08:08:58","date_gmt":"2023-09-13T11:08:58","guid":{"rendered":"https:\/\/guidetogreenland.com\/book-trips-holiday\/snowshoe-hike-and-restaurant-h8-oqaatsut-disko-bay\/"},"modified":"2024-03-27T09:06:21","modified_gmt":"2024-03-27T12:06:21","slug":"snowshoe-hike-and-restaurant-h8-oqaatsut-disko-bay","status":"publish","type":"product","link":"https:\/\/guidetogreenland.com\/da\/reserver-ferie-rejser\/sneskovandring-og-frokost-pa-restaurant-h8-oqaatsut-diskobugten\/","title":{"rendered":"Sneskovandring og frokost p\u00e5 Restaurant H8 | Oqaatsut | Diskobugten"},"content":{"rendered":"<p><span style=\"font-weight: 400;\">Tag dit varmeste overt\u00f8j p\u00e5 til denne 6-timers sneskovandring rundt om den fjerne bos\u00e6ttelse Oqaatsut! Din tur vil starte i Ilulissat og inkludere alt det bedste af vintereventyr i Gr\u00f8nland: sejlads, sneskovandring og en bel\u00f8nnende frokost!<\/span><\/p>\n<p><span style=\"font-weight: 400;\">Oqaatsut er en lille bos\u00e6ttelse med cirka 30 indbyggere, beliggende 20 kilometer nord for Ilulissat. Oqaatsut ligger langt inde i Diskobugten og er kendt for sin spektakul\u00e6re sk\u00f8nhed og farverige tr\u00e6huse. Bos\u00e6ttelsen er omgivet af den enorme og uber\u00f8rte natur i det frosne tundra, hvilket giver de perfekte betingelser for sneskovandring!<\/span><\/p>\n<p><span style=\"font-weight: 400;\">Fra Ilulissat havn bliver du transporteret gennem det smukke hav med drivende isbjerge, der passerer p\u00e5 deres rejse fra Ilulissat Isfjord.<\/span><\/p>\n<p><span style=\"font-weight: 400;\">P\u00e5 grund af den barske og kolde vinter i Gr\u00f8nland vil vandet omkring Oqaatsut havn v\u00e6re frossent. Af denne grund vil b\u00e5den s\u00e6tte dig af ved kanten af havisen, og du vil f\u00e5 den fantastiske oplevelse at g\u00e5 p\u00e5 havisen. V\u00e6rten fra H8 vil hj\u00e6lpe dig sikkert over den frosne bugt og ind i bos\u00e6ttelsen, hvis det er n\u00f8dvendigt. Det er helt sikkert at g\u00e5 p\u00e5 isen og noget, du aldrig vil glemme!<\/span><\/p>\n<p><span style=\"font-weight: 400;\">N\u00e5r du ankommer til Restaurant H8, vil v\u00e6rten udstyre dig med et par snesko, og n\u00e5r du er klar, begynder din rejse ind i den utrolige vildmark &#8211; nu er det kun dig og naturen.<\/span><\/p>\n<p><span style=\"font-weight: 400;\">Vores guide vil vise dig de bedste udsigtspunkter og fort\u00e6lle dig historier om livet i bos\u00e6ttelsen og hvordan bos\u00e6ttelsen opstod. Efter lidt vandring stopper du til en velfortjent pause, hvor din guide serverer en varm drik.<\/span><\/p>\n<p><span style=\"font-weight: 400;\">Efter ca. 1-1,5 timer vender du tilbage til Restaurant H8, hvor du kan varme dig op igen.<\/span><\/p>\n<p><span style=\"font-weight: 400;\">Hvis du er klar til det, vil der ogs\u00e5 v\u00e6re tid til at udforske den smukke bos\u00e6ttelse p\u00e5 egen h\u00e5nd.<\/span><\/p>\n<p><span style=\"font-weight: 400;\">Endelig vil der blive serveret frokost eller middag p\u00e5 den hyggelige restaurant. Her kan du nyde en smuk udsigt over Oqaatsut-bugten, inden du sejler tilbage til Ilulissat.<\/span><\/p>\n<p><span style=\"font-weight: 400;\">Restauranten vil servere m\u00e5ltider med fisk eller k\u00f8d fra den gr\u00f8nlandske natur p\u00e5 en moderne og enkel m\u00e5de. Hvis du har nogen allergier eller andre pr\u00e6ferencer vedr\u00f8rende middag\/frokost, bedes du kontakte os.<\/span><\/p>\n<p><span style=\"font-weight: 400;\">Er du klar til en uforglemmelig tur i de smukke og snekl\u00e6dte omgivelser i Oqaatsut?<\/span><\/p>\n<p><span style=\"font-weight: 400;\">Reserv\u00e9r din plads p\u00e5 denne smukke sneskovandring ved at v\u00e6lge din rejsedato og klikke p\u00e5 &#8220;<\/span><b>Book Nu<\/b><span style=\"font-weight: 400;\">&#8220;.<\/span><\/p>\n","protected":false},"excerpt":{"rendered":"Tag dit varmeste overt\u00f8j p\u00e5 til denne 6-timers sneskovandring rundt om den fjerne bos\u00e6ttelse Oqaatsut! Din tur vil starte i Ilulissat og inkludere alt det bedste af vintereventyr i Gr\u00f8nland: sejlads, sneskovandring og en bel\u00f8nnende frokost! Oqaatsut er en lille bos\u00e6ttelse med cirka 30 indbyggere, beliggende 20 kilometer nord for Ilulissat. Oqaatsut ligger langt inde&#8230;","protected":false},"featured_media":38638,"comment_status":"open","ping_status":"closed","template":"","meta":[],"product_brand":[],"product_cat":[594,606,629,611,1068,644,608],"product_tag":[919,1110],"class_list":{"0":"post-40245","1":"product","2":"type-product","3":"status-publish","4":"has-post-thumbnail","6":"product_cat-baadture","7":"product_cat-dagsture-om-vinteren","8":"product_cat-disko-bugten","9":"product_cat-ski-og-sneskoture","10":"product_cat-dagsture","11":"product_cat-ture-i-ilulissat","12":"product_cat-vandre-og-trekkingture","13":"product_tag-ilulissat-da","14":"product_tag-oqaatsut-da","15":"pa_activities-baadtur","16":"pa_activities-snesko","17":"pa_attractions-oqaatsut","18":"pa_attractions-disko-bay-da","19":"pa_available-month-februar","20":"pa_available-month-marts","21":"pa_available-month-april","22":"pa_destinations-ilulissat","23":"pa_difficulty-moderat","24":"pa_duration-9-hours-da","25":"pa_tour-type-dagsture","26":"yith_shop_vendor-albatros-ilulissat-da","28":"first","29":"instock","30":"virtual","31":"sold-individually","32":"purchasable","33":"product-type-booking"},"acf":[],"yoast_head":"<!-- This site is optimized with the Yoast SEO plugin v25.6 - https:\/\/yoast.com\/wordpress\/plugins\/seo\/ -->\n<title>Sneskovandring og frokost p\u00e5 Restaurant H8 | Guide to Greenland<\/title>\n<meta name=\"robots\" content=\"index, follow, max-snippet:-1, max-image-preview:large, max-video-preview:-1\" \/>\n<link rel=\"canonical\" href=\"https:\/\/guidetogreenland.com\/da\/reserver-ferie-rejser\/sneskovandring-og-frokost-pa-restaurant-h8-oqaatsut-diskobugten\/\" \/>\n<meta property=\"og:locale\" content=\"da_DK\" \/>\n<meta property=\"og:type\" content=\"article\" \/>\n<meta property=\"og:title\" content=\"Sneskovandring og frokost p\u00e5 Restaurant H8 | Guide to Greenland\" \/>\n<meta property=\"og:description\" content=\"Tag dit varmeste overt\u00f8j p\u00e5 til denne 6-timers sneskovandring rundt om den fjerne bos\u00e6ttelse Oqaatsut! Din tur vil starte i Ilulissat og inkludere alt det bedste af vintereventyr i Gr\u00f8nland: sejlads, sneskovandring og en bel\u00f8nnende frokost! Oqaatsut er en lille bos\u00e6ttelse med cirka 30 indbyggere, beliggende 20 kilometer nord for Ilulissat. Oqaatsut ligger langt inde...\" \/>\n<meta property=\"og:url\" content=\"https:\/\/guidetogreenland.com\/da\/reserver-ferie-rejser\/sneskovandring-og-frokost-pa-restaurant-h8-oqaatsut-diskobugten\/\" \/>\n<meta property=\"og:site_name\" content=\"Guide to Greenland\" \/>\n<meta property=\"article:modified_time\" content=\"2024-03-27T12:06:21+00:00\" \/>\n<meta property=\"og:image\" content=\"https:\/\/guidetogreenland.com\/wp-content\/uploads\/2023\/08\/Experiance-Snowshoe-hike-Oqatsut-Diskobay6.jpg\" \/>\n\t<meta property=\"og:image:width\" content=\"2134\" \/>\n\t<meta property=\"og:image:height\" content=\"1410\" \/>\n\t<meta property=\"og:image:type\" content=\"image\/jpeg\" \/>\n<meta name=\"twitter:card\" content=\"summary_large_image\" \/>\n<meta name=\"twitter:label1\" content=\"Estimeret l\u00e6setid\" \/>\n\t<meta name=\"twitter:data1\" content=\"2 minutter\" \/>\n<script type=\"application\/ld+json\" class=\"yoast-schema-graph\">{\"@context\":\"https:\/\/schema.org\",\"@graph\":[{\"@type\":\"WebPage\",\"@id\":\"https:\/\/guidetogreenland.com\/da\/reserver-ferie-rejser\/sneskovandring-og-frokost-pa-restaurant-h8-oqaatsut-diskobugten\/\",\"url\":\"https:\/\/guidetogreenland.com\/da\/reserver-ferie-rejser\/sneskovandring-og-frokost-pa-restaurant-h8-oqaatsut-diskobugten\/\",\"name\":\"Sneskovandring og frokost p\u00e5 Restaurant H8 | Guide to Greenland\",\"isPartOf\":{\"@id\":\"https:\/\/guidetogreenland.com\/da\/#website\"},\"primaryImageOfPage\":{\"@id\":\"https:\/\/guidetogreenland.com\/da\/reserver-ferie-rejser\/sneskovandring-og-frokost-pa-restaurant-h8-oqaatsut-diskobugten\/#primaryimage\"},\"image\":{\"@id\":\"https:\/\/guidetogreenland.com\/da\/reserver-ferie-rejser\/sneskovandring-og-frokost-pa-restaurant-h8-oqaatsut-diskobugten\/#primaryimage\"},\"thumbnailUrl\":\"https:\/\/guidetogreenland.com\/wp-content\/uploads\/2023\/08\/Experiance-Snowshoe-hike-Oqatsut-Diskobay6.jpg\",\"datePublished\":\"2023-09-13T11:08:58+00:00\",\"dateModified\":\"2024-03-27T12:06:21+00:00\",\"breadcrumb\":{\"@id\":\"https:\/\/guidetogreenland.com\/da\/reserver-ferie-rejser\/sneskovandring-og-frokost-pa-restaurant-h8-oqaatsut-diskobugten\/#breadcrumb\"},\"inLanguage\":\"da-DK\",\"potentialAction\":[{\"@type\":\"ReadAction\",\"target\":[\"https:\/\/guidetogreenland.com\/da\/reserver-ferie-rejser\/sneskovandring-og-frokost-pa-restaurant-h8-oqaatsut-diskobugten\/\"]}]},{\"@type\":\"ImageObject\",\"inLanguage\":\"da-DK\",\"@id\":\"https:\/\/guidetogreenland.com\/da\/reserver-ferie-rejser\/sneskovandring-og-frokost-pa-restaurant-h8-oqaatsut-diskobugten\/#primaryimage\",\"url\":\"https:\/\/guidetogreenland.com\/wp-content\/uploads\/2023\/08\/Experiance-Snowshoe-hike-Oqatsut-Diskobay6.jpg\",\"contentUrl\":\"https:\/\/guidetogreenland.com\/wp-content\/uploads\/2023\/08\/Experiance-Snowshoe-hike-Oqatsut-Diskobay6.jpg\",\"width\":2134,\"height\":1410,\"caption\":\"snowshoe hike Oqatsut in Diskobay\"},{\"@type\":\"BreadcrumbList\",\"@id\":\"https:\/\/guidetogreenland.com\/da\/reserver-ferie-rejser\/sneskovandring-og-frokost-pa-restaurant-h8-oqaatsut-diskobugten\/#breadcrumb\",\"itemListElement\":[{\"@type\":\"ListItem\",\"position\":1,\"name\":\"Home\",\"item\":\"https:\/\/guidetogreenland.com\/da\/\"},{\"@type\":\"ListItem\",\"position\":2,\"name\":\"Se alle ture\",\"item\":\"https:\/\/guidetogreenland.com\/da\/reserver-ferie-rejser\/\"},{\"@type\":\"ListItem\",\"position\":3,\"name\":\"Sneskovandring og frokost p\u00e5 Restaurant H8 | Oqaatsut | Diskobugten\"}]},{\"@type\":\"WebSite\",\"@id\":\"https:\/\/guidetogreenland.com\/da\/#website\",\"url\":\"https:\/\/guidetogreenland.com\/da\/\",\"name\":\"Guide to Greenland\",\"description\":\"Largest selection of tours in Greenland\",\"potentialAction\":[{\"@type\":\"SearchAction\",\"target\":{\"@type\":\"EntryPoint\",\"urlTemplate\":\"https:\/\/guidetogreenland.com\/da\/?s={search_term_string}\"},\"query-input\":{\"@type\":\"PropertyValueSpecification\",\"valueRequired\":true,\"valueName\":\"search_term_string\"}}],\"inLanguage\":\"da-DK\"}]}<\/script>\n<!-- \/ Yoast SEO plugin. -->","yoast_head_json":{"title":"Sneskovandring og frokost p\u00e5 Restaurant H8 | Guide to Greenland","robots":{"index":"index","follow":"follow","max-snippet":"max-snippet:-1","max-image-preview":"max-image-preview:large","max-video-preview":"max-video-preview:-1"},"canonical":"https:\/\/guidetogreenland.com\/da\/reserver-ferie-rejser\/sneskovandring-og-frokost-pa-restaurant-h8-oqaatsut-diskobugten\/","og_locale":"da_DK","og_type":"article","og_title":"Sneskovandring og frokost p\u00e5 Restaurant H8 | Guide to Greenland","og_description":"Tag dit varmeste overt\u00f8j p\u00e5 til denne 6-timers sneskovandring rundt om den fjerne bos\u00e6ttelse Oqaatsut! Din tur vil starte i Ilulissat og inkludere alt det bedste af vintereventyr i Gr\u00f8nland: sejlads, sneskovandring og en bel\u00f8nnende frokost! Oqaatsut er en lille bos\u00e6ttelse med cirka 30 indbyggere, beliggende 20 kilometer nord for Ilulissat. Oqaatsut ligger langt inde...","og_url":"https:\/\/guidetogreenland.com\/da\/reserver-ferie-rejser\/sneskovandring-og-frokost-pa-restaurant-h8-oqaatsut-diskobugten\/","og_site_name":"Guide to Greenland","article_modified_time":"2024-03-27T12:06:21+00:00","og_image":[{"width":2134,"height":1410,"url":"https:\/\/guidetogreenland.com\/wp-content\/uploads\/2023\/08\/Experiance-Snowshoe-hike-Oqatsut-Diskobay6.jpg","type":"image\/jpeg"}],"twitter_card":"summary_large_image","twitter_misc":{"Estimeret l\u00e6setid":"2 minutter"},"schema":{"@context":"https:\/\/schema.org","@graph":[{"@type":"WebPage","@id":"https:\/\/guidetogreenland.com\/da\/reserver-ferie-rejser\/sneskovandring-og-frokost-pa-restaurant-h8-oqaatsut-diskobugten\/","url":"https:\/\/guidetogreenland.com\/da\/reserver-ferie-rejser\/sneskovandring-og-frokost-pa-restaurant-h8-oqaatsut-diskobugten\/","name":"Sneskovandring og frokost p\u00e5 Restaurant H8 | Guide to Greenland","isPartOf":{"@id":"https:\/\/guidetogreenland.com\/da\/#website"},"primaryImageOfPage":{"@id":"https:\/\/guidetogreenland.com\/da\/reserver-ferie-rejser\/sneskovandring-og-frokost-pa-restaurant-h8-oqaatsut-diskobugten\/#primaryimage"},"image":{"@id":"https:\/\/guidetogreenland.com\/da\/reserver-ferie-rejser\/sneskovandring-og-frokost-pa-restaurant-h8-oqaatsut-diskobugten\/#primaryimage"},"thumbnailUrl":"https:\/\/guidetogreenland.com\/wp-content\/uploads\/2023\/08\/Experiance-Snowshoe-hike-Oqatsut-Diskobay6.jpg","datePublished":"2023-09-13T11:08:58+00:00","dateModified":"2024-03-27T12:06:21+00:00","breadcrumb":{"@id":"https:\/\/guidetogreenland.com\/da\/reserver-ferie-rejser\/sneskovandring-og-frokost-pa-restaurant-h8-oqaatsut-diskobugten\/#breadcrumb"},"inLanguage":"da-DK","potentialAction":[{"@type":"ReadAction","target":["https:\/\/guidetogreenland.com\/da\/reserver-ferie-rejser\/sneskovandring-og-frokost-pa-restaurant-h8-oqaatsut-diskobugten\/"]}]},{"@type":"ImageObject","inLanguage":"da-DK","@id":"https:\/\/guidetogreenland.com\/da\/reserver-ferie-rejser\/sneskovandring-og-frokost-pa-restaurant-h8-oqaatsut-diskobugten\/#primaryimage","url":"https:\/\/guidetogreenland.com\/wp-content\/uploads\/2023\/08\/Experiance-Snowshoe-hike-Oqatsut-Diskobay6.jpg","contentUrl":"https:\/\/guidetogreenland.com\/wp-content\/uploads\/2023\/08\/Experiance-Snowshoe-hike-Oqatsut-Diskobay6.jpg","width":2134,"height":1410,"caption":"snowshoe hike Oqatsut in Diskobay"},{"@type":"BreadcrumbList","@id":"https:\/\/guidetogreenland.com\/da\/reserver-ferie-rejser\/sneskovandring-og-frokost-pa-restaurant-h8-oqaatsut-diskobugten\/#breadcrumb","itemListElement":[{"@type":"ListItem","position":1,"name":"Home","item":"https:\/\/guidetogreenland.com\/da\/"},{"@type":"ListItem","position":2,"name":"Se alle ture","item":"https:\/\/guidetogreenland.com\/da\/reserver-ferie-rejser\/"},{"@type":"ListItem","position":3,"name":"Sneskovandring og frokost p\u00e5 Restaurant H8 | Oqaatsut | Diskobugten"}]},{"@type":"WebSite","@id":"https:\/\/guidetogreenland.com\/da\/#website","url":"https:\/\/guidetogreenland.com\/da\/","name":"Guide to Greenland","description":"Largest selection of tours in Greenland","potentialAction":[{"@type":"SearchAction","target":{"@type":"EntryPoint","urlTemplate":"https:\/\/guidetogreenland.com\/da\/?s={search_term_string}"},"query-input":{"@type":"PropertyValueSpecification","valueRequired":true,"valueName":"search_term_string"}}],"inLanguage":"da-DK"}]}},"_links":{"self":[{"href":"https:\/\/guidetogreenland.com\/da\/wp-json\/wp\/v2\/product\/40245","targetHints":{"allow":["GET"]}}],"collection":[{"href":"https:\/\/guidetogreenland.com\/da\/wp-json\/wp\/v2\/product"}],"about":[{"href":"https:\/\/guidetogreenland.com\/da\/wp-json\/wp\/v2\/types\/product"}],"replies":[{"embeddable":true,"href":"https:\/\/guidetogreenland.com\/da\/wp-json\/wp\/v2\/comments?post=40245"}],"wp:featuredmedia":[{"embeddable":true,"href":"https:\/\/guidetogreenland.com\/da\/wp-json\/wp\/v2\/media\/38638"}],"wp:attachment":[{"href":"https:\/\/guidetogreenland.com\/da\/wp-json\/wp\/v2\/media?parent=40245"}],"wp:term":[{"taxonomy":"product_brand","embeddable":true,"href":"https:\/\/guidetogreenland.com\/da\/wp-json\/wp\/v2\/product_brand?post=40245"},{"taxonomy":"product_cat","embeddable":true,"href":"https:\/\/guidetogreenland.com\/da\/wp-json\/wp\/v2\/product_cat?post=40245"},{"taxonomy":"product_tag","embeddable":true,"href":"https:\/\/guidetogreenland.com\/da\/wp-json\/wp\/v2\/product_tag?post=40245"}],"curies":[{"name":"wp","href":"https:\/\/api.w.org\/{rel}","templated":true}]}}