{"id":40464,"date":"2023-11-29T12:11:12","date_gmt":"2023-11-29T15:11:12","guid":{"rendered":"https:\/\/guidetogreenland.com\/book-trips-holiday\/sleep-beneath-the-arctic-sky-in-an-aurora-glass-igloo-nuuk\/"},"modified":"2026-03-16T04:13:48","modified_gmt":"2026-03-16T07:13:48","slug":"sleep-beneath-the-arctic-sky-in-an-aurora-glass-igloo-nuuk","status":"publish","type":"product","link":"https:\/\/guidetogreenland.com\/da\/reserver-ferie-rejser\/sov-under-den-arktiske-himmel-i-en-aurora-glas-iglo-nuuk\/","title":{"rendered":"Sov under den arktiske himmel i en Aurora Glas-iglo | Nuuk"},"content":{"rendered":"<p>Pr\u00f8v en autentisk overnatningsoplevelse i en Aurora Glas-iglo i Nuuk! Dette er en vaske\u00e6gte indend\u00f8rs oplevelse, der garanterer gode minder, mens du udforsker de smukke landskaber i Gr\u00f8nland &#8211; uanset vejrforholdene!<\/p>\n<p>Den charmerende og intime glas-iglo har et veludstyret tek\u00f8kken, komfur, elkedel, toilet, drikkevand og varme- og k\u00f8lefunktioner, hvilket skaber de perfekte rammer for en hyggelig oplevelse. Derudover er der et bord der kan klappes ned, s\u00e5 du kan nyde din inkluderede morgenmad og andre m\u00e5ltider i sengen, mens du nyder udsigten.<\/p>\n<p>H\u00f8jdepunktet ligger utvivlsomt i det 180-graders glasvindue, der giver en panoramaudsigt fra din varme og bl\u00f8de seng.<\/p>\n<p>Afh\u00e6ngigt af \u00e5rstiden (og vejrprognosen) kan du se alt fra fortryllende nordlys til smukke solnedgange og langsomt drivende isbjerge, der passerer forbi. Derudover viser landskabet sig fra sin bedste side med det majest\u00e6tiske bjerg Sermitsiaq og Nordlandet.<\/p>\n<p>Du kan ogs\u00e5 fork\u00e6le dig selv med god mad i den tilh\u00f8rende restaurant, hvor du kan k\u00f8be frokost og aftensmad.<\/p>\n<p>For at g\u00f8re oplevelsen endnu mere ekstraordin\u00e6r, er det ogs\u00e5 muligt at reservere en sauna med vindue og et udend\u00f8rs spabad.<\/p>\n<p>V\u00e6lg dagen(e) for dit ophold i Aurora Glas-iglo og tryk p\u00e5 &#8216;<strong>Book nu<\/strong>&#8216;.<\/p>\n<p><strong>Bem\u00e6rk!<\/strong> Der er i alt tre Aurora Glas-igloer.<\/p>\n","protected":false},"excerpt":{"rendered":"Pr\u00f8v en autentisk overnatningsoplevelse i en Aurora Glas-iglo i Nuuk! Dette er en vaske\u00e6gte indend\u00f8rs oplevelse, der garanterer gode minder, mens du udforsker de smukke landskaber i Gr\u00f8nland &#8211; uanset vejrforholdene! Den charmerende og intime glas-iglo har et veludstyret tek\u00f8kken, komfur, elkedel, toilet, drikkevand og varme- og k\u00f8lefunktioner, hvilket skaber de perfekte rammer for en&#8230;","protected":false},"featured_media":40437,"comment_status":"open","ping_status":"closed","template":"","meta":[],"product_brand":[],"product_cat":[1173,619,1068,652,633],"product_tag":[893],"class_list":{"0":"post-40464","1":"product","2":"type-product","3":"status-publish","4":"has-post-thumbnail","6":"product_cat-arktisk-spa","7":"product_cat-nordlys-ture","8":"product_cat-dagsture","9":"product_cat-ture-i-nuuk","10":"product_cat-vestgroenland","11":"product_tag-nuuk-da","12":"pa_activities-camping","13":"pa_activities-nordlys","14":"pa_attractions-nordlys","15":"pa_available-month-januar","16":"pa_available-month-februar","17":"pa_available-month-marts","18":"pa_available-month-april","19":"pa_available-month-maj","20":"pa_available-month-juni","21":"pa_available-month-juli","22":"pa_available-month-august","23":"pa_available-month-september","24":"pa_available-month-oktober","25":"pa_available-month-november","26":"pa_available-month-december","27":"pa_destinations-nuuk","28":"pa_difficulty-let","29":"pa_duration-1-day-da","30":"pa_tour-type-flerdags-ture","31":"yith_shop_vendor-inuktravel-da","32":"yith_booking_service-spa","34":"first","35":"instock","36":"virtual","37":"sold-individually","38":"purchasable","39":"product-type-booking"},"acf":[],"yoast_head":"<!-- This site is optimized with the Yoast SEO plugin v25.6 - https:\/\/yoast.com\/wordpress\/plugins\/seo\/ -->\n<title>Sov under den arktiske himmel i en Aurora Glas-iglo | Nuuk<\/title>\n<meta name=\"description\" content=\"Tag p\u00e5 en ekstraordin\u00e6r overnatningsoplevelse i en Aurora Glas-iglo i Nuuk. L\u00e6s mere om et ophold i en Aurora Glas-iglo her \u00bb\" \/>\n<meta name=\"robots\" content=\"index, follow, max-snippet:-1, max-image-preview:large, max-video-preview:-1\" \/>\n<link rel=\"canonical\" href=\"https:\/\/guidetogreenland.com\/da\/reserver-ferie-rejser\/sov-under-den-arktiske-himmel-i-en-aurora-glas-iglo-nuuk\/\" \/>\n<meta property=\"og:locale\" content=\"da_DK\" \/>\n<meta property=\"og:type\" content=\"article\" \/>\n<meta property=\"og:title\" content=\"Sov under den arktiske himmel i en Aurora Glas-iglo | Nuuk\" \/>\n<meta property=\"og:description\" content=\"Tag p\u00e5 en ekstraordin\u00e6r overnatningsoplevelse i en Aurora Glas-iglo i Nuuk. L\u00e6s mere om et ophold i en Aurora Glas-iglo her \u00bb\" \/>\n<meta property=\"og:url\" content=\"https:\/\/guidetogreenland.com\/da\/reserver-ferie-rejser\/sov-under-den-arktiske-himmel-i-en-aurora-glas-iglo-nuuk\/\" \/>\n<meta property=\"og:site_name\" content=\"Guide to Greenland\" \/>\n<meta property=\"article:modified_time\" content=\"2026-03-16T07:13:48+00:00\" \/>\n<meta property=\"og:image\" content=\"https:\/\/guidetogreenland.com\/wp-content\/uploads\/2023\/11\/Iglo-1-min-scaled.jpg\" \/>\n\t<meta property=\"og:image:width\" content=\"2560\" \/>\n\t<meta property=\"og:image:height\" content=\"1707\" \/>\n\t<meta property=\"og:image:type\" content=\"image\/jpeg\" \/>\n<meta name=\"twitter:card\" content=\"summary_large_image\" \/>\n<meta name=\"twitter:label1\" content=\"Estimeret l\u00e6setid\" \/>\n\t<meta name=\"twitter:data1\" content=\"1 minut\" \/>\n<script type=\"application\/ld+json\" class=\"yoast-schema-graph\">{\"@context\":\"https:\/\/schema.org\",\"@graph\":[{\"@type\":\"WebPage\",\"@id\":\"https:\/\/guidetogreenland.com\/da\/reserver-ferie-rejser\/sov-under-den-arktiske-himmel-i-en-aurora-glas-iglo-nuuk\/\",\"url\":\"https:\/\/guidetogreenland.com\/da\/reserver-ferie-rejser\/sov-under-den-arktiske-himmel-i-en-aurora-glas-iglo-nuuk\/\",\"name\":\"Sov under den arktiske himmel i en Aurora Glas-iglo | Nuuk\",\"isPartOf\":{\"@id\":\"https:\/\/guidetogreenland.com\/da\/#website\"},\"primaryImageOfPage\":{\"@id\":\"https:\/\/guidetogreenland.com\/da\/reserver-ferie-rejser\/sov-under-den-arktiske-himmel-i-en-aurora-glas-iglo-nuuk\/#primaryimage\"},\"image\":{\"@id\":\"https:\/\/guidetogreenland.com\/da\/reserver-ferie-rejser\/sov-under-den-arktiske-himmel-i-en-aurora-glas-iglo-nuuk\/#primaryimage\"},\"thumbnailUrl\":\"https:\/\/guidetogreenland.com\/wp-content\/uploads\/2023\/11\/Iglo-1-min-scaled.jpg\",\"datePublished\":\"2023-11-29T15:11:12+00:00\",\"dateModified\":\"2026-03-16T07:13:48+00:00\",\"description\":\"Tag p\u00e5 en ekstraordin\u00e6r overnatningsoplevelse i en Aurora Glas-iglo i Nuuk. L\u00e6s mere om et ophold i en Aurora Glas-iglo her \u00bb\",\"breadcrumb\":{\"@id\":\"https:\/\/guidetogreenland.com\/da\/reserver-ferie-rejser\/sov-under-den-arktiske-himmel-i-en-aurora-glas-iglo-nuuk\/#breadcrumb\"},\"inLanguage\":\"da-DK\",\"potentialAction\":[{\"@type\":\"ReadAction\",\"target\":[\"https:\/\/guidetogreenland.com\/da\/reserver-ferie-rejser\/sov-under-den-arktiske-himmel-i-en-aurora-glas-iglo-nuuk\/\"]}]},{\"@type\":\"ImageObject\",\"inLanguage\":\"da-DK\",\"@id\":\"https:\/\/guidetogreenland.com\/da\/reserver-ferie-rejser\/sov-under-den-arktiske-himmel-i-en-aurora-glas-iglo-nuuk\/#primaryimage\",\"url\":\"https:\/\/guidetogreenland.com\/wp-content\/uploads\/2023\/11\/Iglo-1-min-scaled.jpg\",\"contentUrl\":\"https:\/\/guidetogreenland.com\/wp-content\/uploads\/2023\/11\/Iglo-1-min-scaled.jpg\",\"width\":2560,\"height\":1707},{\"@type\":\"BreadcrumbList\",\"@id\":\"https:\/\/guidetogreenland.com\/da\/reserver-ferie-rejser\/sov-under-den-arktiske-himmel-i-en-aurora-glas-iglo-nuuk\/#breadcrumb\",\"itemListElement\":[{\"@type\":\"ListItem\",\"position\":1,\"name\":\"Home\",\"item\":\"https:\/\/guidetogreenland.com\/da\/\"},{\"@type\":\"ListItem\",\"position\":2,\"name\":\"Se alle ture\",\"item\":\"https:\/\/guidetogreenland.com\/da\/reserver-ferie-rejser\/\"},{\"@type\":\"ListItem\",\"position\":3,\"name\":\"Sov under den arktiske himmel i en Aurora Glas-iglo | Nuuk\"}]},{\"@type\":\"WebSite\",\"@id\":\"https:\/\/guidetogreenland.com\/da\/#website\",\"url\":\"https:\/\/guidetogreenland.com\/da\/\",\"name\":\"Guide to Greenland\",\"description\":\"Largest selection of tours in Greenland\",\"potentialAction\":[{\"@type\":\"SearchAction\",\"target\":{\"@type\":\"EntryPoint\",\"urlTemplate\":\"https:\/\/guidetogreenland.com\/da\/?s={search_term_string}\"},\"query-input\":{\"@type\":\"PropertyValueSpecification\",\"valueRequired\":true,\"valueName\":\"search_term_string\"}}],\"inLanguage\":\"da-DK\"}]}<\/script>\n<!-- \/ Yoast SEO plugin. -->","yoast_head_json":{"title":"Sov under den arktiske himmel i en Aurora Glas-iglo | Nuuk","description":"Tag p\u00e5 en ekstraordin\u00e6r overnatningsoplevelse i en Aurora Glas-iglo i Nuuk. L\u00e6s mere om et ophold i en Aurora Glas-iglo her \u00bb","robots":{"index":"index","follow":"follow","max-snippet":"max-snippet:-1","max-image-preview":"max-image-preview:large","max-video-preview":"max-video-preview:-1"},"canonical":"https:\/\/guidetogreenland.com\/da\/reserver-ferie-rejser\/sov-under-den-arktiske-himmel-i-en-aurora-glas-iglo-nuuk\/","og_locale":"da_DK","og_type":"article","og_title":"Sov under den arktiske himmel i en Aurora Glas-iglo | Nuuk","og_description":"Tag p\u00e5 en ekstraordin\u00e6r overnatningsoplevelse i en Aurora Glas-iglo i Nuuk. L\u00e6s mere om et ophold i en Aurora Glas-iglo her \u00bb","og_url":"https:\/\/guidetogreenland.com\/da\/reserver-ferie-rejser\/sov-under-den-arktiske-himmel-i-en-aurora-glas-iglo-nuuk\/","og_site_name":"Guide to Greenland","article_modified_time":"2026-03-16T07:13:48+00:00","og_image":[{"width":2560,"height":1707,"url":"https:\/\/guidetogreenland.com\/wp-content\/uploads\/2023\/11\/Iglo-1-min-scaled.jpg","type":"image\/jpeg"}],"twitter_card":"summary_large_image","twitter_misc":{"Estimeret l\u00e6setid":"1 minut"},"schema":{"@context":"https:\/\/schema.org","@graph":[{"@type":"WebPage","@id":"https:\/\/guidetogreenland.com\/da\/reserver-ferie-rejser\/sov-under-den-arktiske-himmel-i-en-aurora-glas-iglo-nuuk\/","url":"https:\/\/guidetogreenland.com\/da\/reserver-ferie-rejser\/sov-under-den-arktiske-himmel-i-en-aurora-glas-iglo-nuuk\/","name":"Sov under den arktiske himmel i en Aurora Glas-iglo | Nuuk","isPartOf":{"@id":"https:\/\/guidetogreenland.com\/da\/#website"},"primaryImageOfPage":{"@id":"https:\/\/guidetogreenland.com\/da\/reserver-ferie-rejser\/sov-under-den-arktiske-himmel-i-en-aurora-glas-iglo-nuuk\/#primaryimage"},"image":{"@id":"https:\/\/guidetogreenland.com\/da\/reserver-ferie-rejser\/sov-under-den-arktiske-himmel-i-en-aurora-glas-iglo-nuuk\/#primaryimage"},"thumbnailUrl":"https:\/\/guidetogreenland.com\/wp-content\/uploads\/2023\/11\/Iglo-1-min-scaled.jpg","datePublished":"2023-11-29T15:11:12+00:00","dateModified":"2026-03-16T07:13:48+00:00","description":"Tag p\u00e5 en ekstraordin\u00e6r overnatningsoplevelse i en Aurora Glas-iglo i Nuuk. L\u00e6s mere om et ophold i en Aurora Glas-iglo her \u00bb","breadcrumb":{"@id":"https:\/\/guidetogreenland.com\/da\/reserver-ferie-rejser\/sov-under-den-arktiske-himmel-i-en-aurora-glas-iglo-nuuk\/#breadcrumb"},"inLanguage":"da-DK","potentialAction":[{"@type":"ReadAction","target":["https:\/\/guidetogreenland.com\/da\/reserver-ferie-rejser\/sov-under-den-arktiske-himmel-i-en-aurora-glas-iglo-nuuk\/"]}]},{"@type":"ImageObject","inLanguage":"da-DK","@id":"https:\/\/guidetogreenland.com\/da\/reserver-ferie-rejser\/sov-under-den-arktiske-himmel-i-en-aurora-glas-iglo-nuuk\/#primaryimage","url":"https:\/\/guidetogreenland.com\/wp-content\/uploads\/2023\/11\/Iglo-1-min-scaled.jpg","contentUrl":"https:\/\/guidetogreenland.com\/wp-content\/uploads\/2023\/11\/Iglo-1-min-scaled.jpg","width":2560,"height":1707},{"@type":"BreadcrumbList","@id":"https:\/\/guidetogreenland.com\/da\/reserver-ferie-rejser\/sov-under-den-arktiske-himmel-i-en-aurora-glas-iglo-nuuk\/#breadcrumb","itemListElement":[{"@type":"ListItem","position":1,"name":"Home","item":"https:\/\/guidetogreenland.com\/da\/"},{"@type":"ListItem","position":2,"name":"Se alle ture","item":"https:\/\/guidetogreenland.com\/da\/reserver-ferie-rejser\/"},{"@type":"ListItem","position":3,"name":"Sov under den arktiske himmel i en Aurora Glas-iglo | Nuuk"}]},{"@type":"WebSite","@id":"https:\/\/guidetogreenland.com\/da\/#website","url":"https:\/\/guidetogreenland.com\/da\/","name":"Guide to Greenland","description":"Largest selection of tours in Greenland","potentialAction":[{"@type":"SearchAction","target":{"@type":"EntryPoint","urlTemplate":"https:\/\/guidetogreenland.com\/da\/?s={search_term_string}"},"query-input":{"@type":"PropertyValueSpecification","valueRequired":true,"valueName":"search_term_string"}}],"inLanguage":"da-DK"}]}},"_links":{"self":[{"href":"https:\/\/guidetogreenland.com\/da\/wp-json\/wp\/v2\/product\/40464","targetHints":{"allow":["GET"]}}],"collection":[{"href":"https:\/\/guidetogreenland.com\/da\/wp-json\/wp\/v2\/product"}],"about":[{"href":"https:\/\/guidetogreenland.com\/da\/wp-json\/wp\/v2\/types\/product"}],"replies":[{"embeddable":true,"href":"https:\/\/guidetogreenland.com\/da\/wp-json\/wp\/v2\/comments?post=40464"}],"wp:featuredmedia":[{"embeddable":true,"href":"https:\/\/guidetogreenland.com\/da\/wp-json\/wp\/v2\/media\/40437"}],"wp:attachment":[{"href":"https:\/\/guidetogreenland.com\/da\/wp-json\/wp\/v2\/media?parent=40464"}],"wp:term":[{"taxonomy":"product_brand","embeddable":true,"href":"https:\/\/guidetogreenland.com\/da\/wp-json\/wp\/v2\/product_brand?post=40464"},{"taxonomy":"product_cat","embeddable":true,"href":"https:\/\/guidetogreenland.com\/da\/wp-json\/wp\/v2\/product_cat?post=40464"},{"taxonomy":"product_tag","embeddable":true,"href":"https:\/\/guidetogreenland.com\/da\/wp-json\/wp\/v2\/product_tag?post=40464"}],"curies":[{"name":"wp","href":"https:\/\/api.w.org\/{rel}","templated":true}]}}