{"id":40598,"date":"2023-12-15T10:03:39","date_gmt":"2023-12-15T13:03:39","guid":{"rendered":"https:\/\/guidetogreenland.com\/?post_type=product&#038;p=40598"},"modified":"2026-03-17T14:07:05","modified_gmt":"2026-03-17T17:07:05","slug":"nordlys-til-soes-ilulissat-diskobugten","status":"publish","type":"product","link":"https:\/\/guidetogreenland.com\/da\/reserver-ferie-rejser\/nordlys-til-sos-ilulissat-diskobugten\/","title":{"rendered":"Nordlys til s\u00f8s | Ilulissat | Diskobugten"},"content":{"rendered":"<p class=\"p1\">Hvis du rejser til Ilulissat om vinteren, er der gode chancer for at opleve det fortryllende nordlys. Tag med p\u00e5 denne sejltur, hvor vi sejler ud i Diskobugten p\u00e5 jagten efter det dansende gr\u00f8nne lys i himlen.<\/p>\n<p class=\"p1\">N\u00e5r vi kommer v\u00e6k fra byens lys, bliver oplevelsen af nordlyset meget mere tydelig og klar. Vi vil g\u00f8re flere stop undervejs for at nyde nordlyset, imens isbjerge skyder op i baggrunden. P\u00e5 en god dag kan vi ogs\u00e5 v\u00e6re heldige at se nordlyset i flere forskellige farver. Det er normalt mest i gr\u00f8nne og gule nuancer &#8211; og med en svag farve af lilla nederst.<\/p>\n<p class=\"p1\">Nordlyset er her \u00e5ret rundt, men p\u00e5 grund af midnatssolen kan f\u00e6nomenet kun ses i vinterm\u00e5nederne i det arktiske Gr\u00f8nland. Tag med p\u00e5 denne sejltur i jagten p\u00e5 det magiske nordlys ved at klikke p\u00e5 \u2018Book nu\u2019.<\/p>\n","protected":false},"excerpt":{"rendered":"Hvis du rejser til Ilulissat om vinteren, er der gode chancer for at opleve det fortryllende nordlys. Tag med p\u00e5 denne sejltur, hvor vi sejler ud i Diskobugten p\u00e5 jagten efter det dansende gr\u00f8nne lys i himlen. N\u00e5r vi kommer v\u00e6k fra byens lys, bliver oplevelsen af nordlyset meget mere tydelig og klar. Vi vil&#8230;","protected":false},"featured_media":40601,"comment_status":"open","ping_status":"closed","template":"","meta":[],"product_brand":[],"product_cat":[594,606,629,617,619,1068,644],"product_tag":[919],"class_list":{"0":"post-40598","1":"product","2":"type-product","3":"status-publish","4":"has-post-thumbnail","6":"product_cat-baadture","7":"product_cat-dagsture-om-vinteren","8":"product_cat-disko-bugten","9":"product_cat-ilulissat-isfjord-ture","10":"product_cat-nordlys-ture","11":"product_cat-dagsture","12":"product_cat-ture-i-ilulissat","13":"product_tag-ilulissat-da","14":"pa_activities-baadtur","15":"pa_activities-isbjerg-udsigt","16":"pa_activities-nordlys","17":"pa_attractions-diskobugt","18":"pa_attractions-ilulissat-isfjord-da","19":"pa_attractions-nordlys","20":"pa_available-month-januar","21":"pa_available-month-februar","22":"pa_available-month-november","23":"pa_available-month-december","24":"pa_destinations-ilulissat","25":"pa_difficulty-let","26":"pa_duration-2-timer","27":"pa_tour-type-dagsture","29":"first","30":"instock","31":"virtual","32":"sold-individually","33":"purchasable","34":"product-type-booking"},"acf":[],"yoast_head":"<!-- This site is optimized with the Yoast SEO plugin v25.6 - https:\/\/yoast.com\/wordpress\/plugins\/seo\/ -->\n<title>Nordlys til s\u00f8s | Ilulissat | Diskobugten | Guide to Greenland<\/title>\n<meta name=\"robots\" content=\"index, follow, max-snippet:-1, max-image-preview:large, max-video-preview:-1\" \/>\n<link rel=\"canonical\" href=\"https:\/\/guidetogreenland.com\/da\/reserver-ferie-rejser\/nordlys-til-sos-ilulissat-diskobugten\/\" \/>\n<meta property=\"og:locale\" content=\"da_DK\" \/>\n<meta property=\"og:type\" content=\"article\" \/>\n<meta property=\"og:title\" content=\"Nordlys til s\u00f8s | Ilulissat | Diskobugten | Guide to Greenland\" \/>\n<meta property=\"og:description\" content=\"Hvis du rejser til Ilulissat om vinteren, er der gode chancer for at opleve det fortryllende nordlys. Tag med p\u00e5 denne sejltur, hvor vi sejler ud i Diskobugten p\u00e5 jagten efter det dansende gr\u00f8nne lys i himlen. N\u00e5r vi kommer v\u00e6k fra byens lys, bliver oplevelsen af nordlyset meget mere tydelig og klar. Vi vil...\" \/>\n<meta property=\"og:url\" content=\"https:\/\/guidetogreenland.com\/da\/reserver-ferie-rejser\/nordlys-til-sos-ilulissat-diskobugten\/\" \/>\n<meta property=\"og:site_name\" content=\"Guide to Greenland\" \/>\n<meta property=\"article:modified_time\" content=\"2026-03-17T17:07:05+00:00\" \/>\n<meta property=\"og:image\" content=\"https:\/\/guidetogreenland.com\/wp-content\/uploads\/2023\/12\/Greenland-northern-lights-scaled.7379e0ede3625a0caedc.jpg\" \/>\n\t<meta property=\"og:image:width\" content=\"400\" \/>\n\t<meta property=\"og:image:height\" content=\"500\" \/>\n\t<meta property=\"og:image:type\" content=\"image\/jpeg\" \/>\n<meta name=\"twitter:card\" content=\"summary_large_image\" \/>\n<meta name=\"twitter:label1\" content=\"Estimeret l\u00e6setid\" \/>\n\t<meta name=\"twitter:data1\" content=\"1 minut\" \/>\n<script type=\"application\/ld+json\" class=\"yoast-schema-graph\">{\"@context\":\"https:\/\/schema.org\",\"@graph\":[{\"@type\":\"WebPage\",\"@id\":\"https:\/\/guidetogreenland.com\/da\/reserver-ferie-rejser\/nordlys-til-sos-ilulissat-diskobugten\/\",\"url\":\"https:\/\/guidetogreenland.com\/da\/reserver-ferie-rejser\/nordlys-til-sos-ilulissat-diskobugten\/\",\"name\":\"Nordlys til s\u00f8s | Ilulissat | Diskobugten | Guide to Greenland\",\"isPartOf\":{\"@id\":\"https:\/\/guidetogreenland.com\/da\/#website\"},\"primaryImageOfPage\":{\"@id\":\"https:\/\/guidetogreenland.com\/da\/reserver-ferie-rejser\/nordlys-til-sos-ilulissat-diskobugten\/#primaryimage\"},\"image\":{\"@id\":\"https:\/\/guidetogreenland.com\/da\/reserver-ferie-rejser\/nordlys-til-sos-ilulissat-diskobugten\/#primaryimage\"},\"thumbnailUrl\":\"https:\/\/guidetogreenland.com\/wp-content\/uploads\/2023\/12\/Greenland-northern-lights-scaled.7379e0ede3625a0caedc.jpg\",\"datePublished\":\"2023-12-15T13:03:39+00:00\",\"dateModified\":\"2026-03-17T17:07:05+00:00\",\"breadcrumb\":{\"@id\":\"https:\/\/guidetogreenland.com\/da\/reserver-ferie-rejser\/nordlys-til-sos-ilulissat-diskobugten\/#breadcrumb\"},\"inLanguage\":\"da-DK\",\"potentialAction\":[{\"@type\":\"ReadAction\",\"target\":[\"https:\/\/guidetogreenland.com\/da\/reserver-ferie-rejser\/nordlys-til-sos-ilulissat-diskobugten\/\"]}]},{\"@type\":\"ImageObject\",\"inLanguage\":\"da-DK\",\"@id\":\"https:\/\/guidetogreenland.com\/da\/reserver-ferie-rejser\/nordlys-til-sos-ilulissat-diskobugten\/#primaryimage\",\"url\":\"https:\/\/guidetogreenland.com\/wp-content\/uploads\/2023\/12\/Greenland-northern-lights-scaled.7379e0ede3625a0caedc.jpg\",\"contentUrl\":\"https:\/\/guidetogreenland.com\/wp-content\/uploads\/2023\/12\/Greenland-northern-lights-scaled.7379e0ede3625a0caedc.jpg\",\"width\":400,\"height\":500},{\"@type\":\"BreadcrumbList\",\"@id\":\"https:\/\/guidetogreenland.com\/da\/reserver-ferie-rejser\/nordlys-til-sos-ilulissat-diskobugten\/#breadcrumb\",\"itemListElement\":[{\"@type\":\"ListItem\",\"position\":1,\"name\":\"Home\",\"item\":\"https:\/\/guidetogreenland.com\/da\/\"},{\"@type\":\"ListItem\",\"position\":2,\"name\":\"Se alle ture\",\"item\":\"https:\/\/guidetogreenland.com\/da\/reserver-ferie-rejser\/\"},{\"@type\":\"ListItem\",\"position\":3,\"name\":\"Nordlys til s\u00f8s | Ilulissat | Diskobugten\"}]},{\"@type\":\"WebSite\",\"@id\":\"https:\/\/guidetogreenland.com\/da\/#website\",\"url\":\"https:\/\/guidetogreenland.com\/da\/\",\"name\":\"Guide to Greenland\",\"description\":\"Largest selection of tours in Greenland\",\"potentialAction\":[{\"@type\":\"SearchAction\",\"target\":{\"@type\":\"EntryPoint\",\"urlTemplate\":\"https:\/\/guidetogreenland.com\/da\/?s={search_term_string}\"},\"query-input\":{\"@type\":\"PropertyValueSpecification\",\"valueRequired\":true,\"valueName\":\"search_term_string\"}}],\"inLanguage\":\"da-DK\"}]}<\/script>\n<!-- \/ Yoast SEO plugin. -->","yoast_head_json":{"title":"Nordlys til s\u00f8s | Ilulissat | Diskobugten | Guide to Greenland","robots":{"index":"index","follow":"follow","max-snippet":"max-snippet:-1","max-image-preview":"max-image-preview:large","max-video-preview":"max-video-preview:-1"},"canonical":"https:\/\/guidetogreenland.com\/da\/reserver-ferie-rejser\/nordlys-til-sos-ilulissat-diskobugten\/","og_locale":"da_DK","og_type":"article","og_title":"Nordlys til s\u00f8s | Ilulissat | Diskobugten | Guide to Greenland","og_description":"Hvis du rejser til Ilulissat om vinteren, er der gode chancer for at opleve det fortryllende nordlys. Tag med p\u00e5 denne sejltur, hvor vi sejler ud i Diskobugten p\u00e5 jagten efter det dansende gr\u00f8nne lys i himlen. N\u00e5r vi kommer v\u00e6k fra byens lys, bliver oplevelsen af nordlyset meget mere tydelig og klar. Vi vil...","og_url":"https:\/\/guidetogreenland.com\/da\/reserver-ferie-rejser\/nordlys-til-sos-ilulissat-diskobugten\/","og_site_name":"Guide to Greenland","article_modified_time":"2026-03-17T17:07:05+00:00","og_image":[{"width":400,"height":500,"url":"https:\/\/guidetogreenland.com\/wp-content\/uploads\/2023\/12\/Greenland-northern-lights-scaled.7379e0ede3625a0caedc.jpg","type":"image\/jpeg"}],"twitter_card":"summary_large_image","twitter_misc":{"Estimeret l\u00e6setid":"1 minut"},"schema":{"@context":"https:\/\/schema.org","@graph":[{"@type":"WebPage","@id":"https:\/\/guidetogreenland.com\/da\/reserver-ferie-rejser\/nordlys-til-sos-ilulissat-diskobugten\/","url":"https:\/\/guidetogreenland.com\/da\/reserver-ferie-rejser\/nordlys-til-sos-ilulissat-diskobugten\/","name":"Nordlys til s\u00f8s | Ilulissat | Diskobugten | Guide to Greenland","isPartOf":{"@id":"https:\/\/guidetogreenland.com\/da\/#website"},"primaryImageOfPage":{"@id":"https:\/\/guidetogreenland.com\/da\/reserver-ferie-rejser\/nordlys-til-sos-ilulissat-diskobugten\/#primaryimage"},"image":{"@id":"https:\/\/guidetogreenland.com\/da\/reserver-ferie-rejser\/nordlys-til-sos-ilulissat-diskobugten\/#primaryimage"},"thumbnailUrl":"https:\/\/guidetogreenland.com\/wp-content\/uploads\/2023\/12\/Greenland-northern-lights-scaled.7379e0ede3625a0caedc.jpg","datePublished":"2023-12-15T13:03:39+00:00","dateModified":"2026-03-17T17:07:05+00:00","breadcrumb":{"@id":"https:\/\/guidetogreenland.com\/da\/reserver-ferie-rejser\/nordlys-til-sos-ilulissat-diskobugten\/#breadcrumb"},"inLanguage":"da-DK","potentialAction":[{"@type":"ReadAction","target":["https:\/\/guidetogreenland.com\/da\/reserver-ferie-rejser\/nordlys-til-sos-ilulissat-diskobugten\/"]}]},{"@type":"ImageObject","inLanguage":"da-DK","@id":"https:\/\/guidetogreenland.com\/da\/reserver-ferie-rejser\/nordlys-til-sos-ilulissat-diskobugten\/#primaryimage","url":"https:\/\/guidetogreenland.com\/wp-content\/uploads\/2023\/12\/Greenland-northern-lights-scaled.7379e0ede3625a0caedc.jpg","contentUrl":"https:\/\/guidetogreenland.com\/wp-content\/uploads\/2023\/12\/Greenland-northern-lights-scaled.7379e0ede3625a0caedc.jpg","width":400,"height":500},{"@type":"BreadcrumbList","@id":"https:\/\/guidetogreenland.com\/da\/reserver-ferie-rejser\/nordlys-til-sos-ilulissat-diskobugten\/#breadcrumb","itemListElement":[{"@type":"ListItem","position":1,"name":"Home","item":"https:\/\/guidetogreenland.com\/da\/"},{"@type":"ListItem","position":2,"name":"Se alle ture","item":"https:\/\/guidetogreenland.com\/da\/reserver-ferie-rejser\/"},{"@type":"ListItem","position":3,"name":"Nordlys til s\u00f8s | Ilulissat | Diskobugten"}]},{"@type":"WebSite","@id":"https:\/\/guidetogreenland.com\/da\/#website","url":"https:\/\/guidetogreenland.com\/da\/","name":"Guide to Greenland","description":"Largest selection of tours in Greenland","potentialAction":[{"@type":"SearchAction","target":{"@type":"EntryPoint","urlTemplate":"https:\/\/guidetogreenland.com\/da\/?s={search_term_string}"},"query-input":{"@type":"PropertyValueSpecification","valueRequired":true,"valueName":"search_term_string"}}],"inLanguage":"da-DK"}]}},"_links":{"self":[{"href":"https:\/\/guidetogreenland.com\/da\/wp-json\/wp\/v2\/product\/40598","targetHints":{"allow":["GET"]}}],"collection":[{"href":"https:\/\/guidetogreenland.com\/da\/wp-json\/wp\/v2\/product"}],"about":[{"href":"https:\/\/guidetogreenland.com\/da\/wp-json\/wp\/v2\/types\/product"}],"replies":[{"embeddable":true,"href":"https:\/\/guidetogreenland.com\/da\/wp-json\/wp\/v2\/comments?post=40598"}],"wp:featuredmedia":[{"embeddable":true,"href":"https:\/\/guidetogreenland.com\/da\/wp-json\/wp\/v2\/media\/40601"}],"wp:attachment":[{"href":"https:\/\/guidetogreenland.com\/da\/wp-json\/wp\/v2\/media?parent=40598"}],"wp:term":[{"taxonomy":"product_brand","embeddable":true,"href":"https:\/\/guidetogreenland.com\/da\/wp-json\/wp\/v2\/product_brand?post=40598"},{"taxonomy":"product_cat","embeddable":true,"href":"https:\/\/guidetogreenland.com\/da\/wp-json\/wp\/v2\/product_cat?post=40598"},{"taxonomy":"product_tag","embeddable":true,"href":"https:\/\/guidetogreenland.com\/da\/wp-json\/wp\/v2\/product_tag?post=40598"}],"curies":[{"name":"wp","href":"https:\/\/api.w.org\/{rel}","templated":true}]}}