{"id":42819,"date":"2024-03-25T11:58:31","date_gmt":"2024-03-25T14:58:31","guid":{"rendered":"https:\/\/guidetogreenland.com\/book-trips-holiday\/scenic-boat-excursion-with-whales-fjords-nuuk\/"},"modified":"2025-10-14T03:23:12","modified_gmt":"2025-10-14T06:23:12","slug":"scenic-boat-excursion-with-whales-fjords-nuuk","status":"publish","type":"product","link":"https:\/\/guidetogreenland.com\/da\/reserver-ferie-rejser\/sejlads-under-solnedgang-nuuk\/","title":{"rendered":"Sejlads under solnedgang | Nuuk"},"content":{"rendered":"<p>Nyd de lange dage og udforsk Nuuk Fjord under midnatssolen! Perfekt tur for fotografer og solnedgangselskere!<\/p>\n<p>Fra den 20. maj til den 23. juli kan du nyde lange, 20-timers dage, som giver dig mere tid til at udforske Nuuk.<\/p>\n<p>Fordyb dig i de betagende landskaber i fjordene, prydet med gletsjerskulpturede bjerge, kaskadevandfald og lejlighedsvise isbjerge, der alle bidrager til Gr\u00f8nlands s\u00e6rpr\u00e6g.<\/p>\n<p>Selvom vi altid h\u00e5ber at spotte vilde dyr som elegante pukkelhvaler i deres naturlige habitat, giver naturen ingen garantier, og hver ekspedition udfolder sig p\u00e5 sin egen unikke m\u00e5de.<\/p>\n<p>Nyd komforten og pladsen p\u00e5 vores b\u00e5d, udstyret med opvarmet kabine og toilet faciliteter, mens du sipper varme drikke som kaffe, te og varm chokolade.<\/p>\n<p>Ledet af vores dygtige kaptajn og guide, er din sikkerhed og forn\u00f8jelse vores prioritet p\u00e5 denne bem\u00e6rkelsesv\u00e6rdige eventyr. Grib chancen for at opdage Gr\u00f8nlands spektakul\u00e6re vildmark p\u00e5 denne tur ved at klikke p\u00e5 &#8216;<strong>Book nu<\/strong>&#8216;.<\/p>\n","protected":false},"excerpt":{"rendered":"Nyd de lange dage og udforsk Nuuk Fjord under midnatssolen! Perfekt tur for fotografer og solnedgangselskere! Fra den 20. maj til den 23. juli kan du nyde lange, 20-timers dage, som giver dig mere tid til at udforske Nuuk. Fordyb dig i de betagende landskaber i fjordene, prydet med gletsjerskulpturede bjerge, kaskadevandfald og lejlighedsvise isbjerge,&#8230;","protected":false},"featured_media":46254,"comment_status":"open","ping_status":"closed","template":"","meta":[],"product_brand":[],"product_cat":[594,605,620,593,1068,652,633],"product_tag":[893],"class_list":{"0":"post-42819","1":"product","2":"type-product","3":"status-publish","4":"has-post-thumbnail","6":"product_cat-baadture","7":"product_cat-dagsture-om-sommeren","8":"product_cat-hvalsafari-ture","9":"product_cat-oplevelser-i-groenland","10":"product_cat-dagsture","11":"product_cat-ture-i-nuuk","12":"product_cat-vestgroenland","13":"product_tag-nuuk-da","14":"pa_activities-baadtur","15":"pa_activities-dyreliv-safari","16":"pa_attractions-nuuk-fjord","17":"pa_available-month-maj","18":"pa_available-month-juni","19":"pa_available-month-juli","20":"pa_destinations-nuuk","21":"pa_difficulty-let","22":"pa_duration-2-timer","23":"pa_tour-type-dagsture","24":"yith_shop_vendor-nuuk-water-taxi-da","26":"first","27":"instock","28":"virtual","29":"sold-individually","30":"purchasable","31":"product-type-booking"},"acf":[],"yoast_head":"<!-- This site is optimized with the Yoast SEO plugin v25.6 - https:\/\/yoast.com\/wordpress\/plugins\/seo\/ -->\n<title>5-timers hvalsafari i Nuuk Fjorden | Guide to Greenland<\/title>\n<meta name=\"robots\" content=\"index, follow, max-snippet:-1, max-image-preview:large, max-video-preview:-1\" \/>\n<link rel=\"canonical\" href=\"https:\/\/guidetogreenland.com\/da\/reserver-ferie-rejser\/sejlads-under-solnedgang-nuuk\/\" \/>\n<meta property=\"og:locale\" content=\"da_DK\" \/>\n<meta property=\"og:type\" content=\"article\" \/>\n<meta property=\"og:title\" content=\"5-timers hvalsafari i Nuuk Fjorden | Guide to Greenland\" \/>\n<meta property=\"og:description\" content=\"Nyd de lange dage og udforsk Nuuk Fjord under midnatssolen! Perfekt tur for fotografer og solnedgangselskere! Fra den 20. maj til den 23. juli kan du nyde lange, 20-timers dage, som giver dig mere tid til at udforske Nuuk. Fordyb dig i de betagende landskaber i fjordene, prydet med gletsjerskulpturede bjerge, kaskadevandfald og lejlighedsvise isbjerge,...\" \/>\n<meta property=\"og:url\" content=\"https:\/\/guidetogreenland.com\/da\/reserver-ferie-rejser\/sejlads-under-solnedgang-nuuk\/\" \/>\n<meta property=\"og:site_name\" content=\"Guide to Greenland\" \/>\n<meta property=\"article:modified_time\" content=\"2025-10-14T06:23:12+00:00\" \/>\n<meta property=\"og:image\" content=\"https:\/\/guidetogreenland.com\/wp-content\/uploads\/2020\/05\/nuuk-the-worlds-smallest-capital-4-day-package-tour-from-iceland-to-greenland-day-Guide-to-Greenland6.jpg\" \/>\n\t<meta property=\"og:image:width\" content=\"879\" \/>\n\t<meta property=\"og:image:height\" content=\"659\" \/>\n\t<meta property=\"og:image:type\" content=\"image\/jpeg\" \/>\n<meta name=\"twitter:card\" content=\"summary_large_image\" \/>\n<meta name=\"twitter:label1\" content=\"Estimeret l\u00e6setid\" \/>\n\t<meta name=\"twitter:data1\" content=\"1 minut\" \/>\n<script type=\"application\/ld+json\" class=\"yoast-schema-graph\">{\"@context\":\"https:\/\/schema.org\",\"@graph\":[{\"@type\":\"WebPage\",\"@id\":\"https:\/\/guidetogreenland.com\/da\/reserver-ferie-rejser\/sejlads-under-solnedgang-nuuk\/\",\"url\":\"https:\/\/guidetogreenland.com\/da\/reserver-ferie-rejser\/sejlads-under-solnedgang-nuuk\/\",\"name\":\"5-timers hvalsafari i Nuuk Fjorden | Guide to Greenland\",\"isPartOf\":{\"@id\":\"https:\/\/guidetogreenland.com\/da\/#website\"},\"primaryImageOfPage\":{\"@id\":\"https:\/\/guidetogreenland.com\/da\/reserver-ferie-rejser\/sejlads-under-solnedgang-nuuk\/#primaryimage\"},\"image\":{\"@id\":\"https:\/\/guidetogreenland.com\/da\/reserver-ferie-rejser\/sejlads-under-solnedgang-nuuk\/#primaryimage\"},\"thumbnailUrl\":\"https:\/\/guidetogreenland.com\/wp-content\/uploads\/2020\/05\/nuuk-the-worlds-smallest-capital-4-day-package-tour-from-iceland-to-greenland-day-Guide-to-Greenland6.jpg\",\"datePublished\":\"2024-03-25T14:58:31+00:00\",\"dateModified\":\"2025-10-14T06:23:12+00:00\",\"breadcrumb\":{\"@id\":\"https:\/\/guidetogreenland.com\/da\/reserver-ferie-rejser\/sejlads-under-solnedgang-nuuk\/#breadcrumb\"},\"inLanguage\":\"da-DK\",\"potentialAction\":[{\"@type\":\"ReadAction\",\"target\":[\"https:\/\/guidetogreenland.com\/da\/reserver-ferie-rejser\/sejlads-under-solnedgang-nuuk\/\"]}]},{\"@type\":\"ImageObject\",\"inLanguage\":\"da-DK\",\"@id\":\"https:\/\/guidetogreenland.com\/da\/reserver-ferie-rejser\/sejlads-under-solnedgang-nuuk\/#primaryimage\",\"url\":\"https:\/\/guidetogreenland.com\/wp-content\/uploads\/2020\/05\/nuuk-the-worlds-smallest-capital-4-day-package-tour-from-iceland-to-greenland-day-Guide-to-Greenland6.jpg\",\"contentUrl\":\"https:\/\/guidetogreenland.com\/wp-content\/uploads\/2020\/05\/nuuk-the-worlds-smallest-capital-4-day-package-tour-from-iceland-to-greenland-day-Guide-to-Greenland6.jpg\",\"width\":879,\"height\":659},{\"@type\":\"BreadcrumbList\",\"@id\":\"https:\/\/guidetogreenland.com\/da\/reserver-ferie-rejser\/sejlads-under-solnedgang-nuuk\/#breadcrumb\",\"itemListElement\":[{\"@type\":\"ListItem\",\"position\":1,\"name\":\"Home\",\"item\":\"https:\/\/guidetogreenland.com\/da\/\"},{\"@type\":\"ListItem\",\"position\":2,\"name\":\"Se alle ture\",\"item\":\"https:\/\/guidetogreenland.com\/da\/reserver-ferie-rejser\/\"},{\"@type\":\"ListItem\",\"position\":3,\"name\":\"Sejlads under solnedgang | Nuuk\"}]},{\"@type\":\"WebSite\",\"@id\":\"https:\/\/guidetogreenland.com\/da\/#website\",\"url\":\"https:\/\/guidetogreenland.com\/da\/\",\"name\":\"Guide to Greenland\",\"description\":\"Largest selection of tours in Greenland\",\"potentialAction\":[{\"@type\":\"SearchAction\",\"target\":{\"@type\":\"EntryPoint\",\"urlTemplate\":\"https:\/\/guidetogreenland.com\/da\/?s={search_term_string}\"},\"query-input\":{\"@type\":\"PropertyValueSpecification\",\"valueRequired\":true,\"valueName\":\"search_term_string\"}}],\"inLanguage\":\"da-DK\"}]}<\/script>\n<!-- \/ Yoast SEO plugin. -->","yoast_head_json":{"title":"5-timers hvalsafari i Nuuk Fjorden | Guide to Greenland","robots":{"index":"index","follow":"follow","max-snippet":"max-snippet:-1","max-image-preview":"max-image-preview:large","max-video-preview":"max-video-preview:-1"},"canonical":"https:\/\/guidetogreenland.com\/da\/reserver-ferie-rejser\/sejlads-under-solnedgang-nuuk\/","og_locale":"da_DK","og_type":"article","og_title":"5-timers hvalsafari i Nuuk Fjorden | Guide to Greenland","og_description":"Nyd de lange dage og udforsk Nuuk Fjord under midnatssolen! Perfekt tur for fotografer og solnedgangselskere! Fra den 20. maj til den 23. juli kan du nyde lange, 20-timers dage, som giver dig mere tid til at udforske Nuuk. Fordyb dig i de betagende landskaber i fjordene, prydet med gletsjerskulpturede bjerge, kaskadevandfald og lejlighedsvise isbjerge,...","og_url":"https:\/\/guidetogreenland.com\/da\/reserver-ferie-rejser\/sejlads-under-solnedgang-nuuk\/","og_site_name":"Guide to Greenland","article_modified_time":"2025-10-14T06:23:12+00:00","og_image":[{"width":879,"height":659,"url":"https:\/\/guidetogreenland.com\/wp-content\/uploads\/2020\/05\/nuuk-the-worlds-smallest-capital-4-day-package-tour-from-iceland-to-greenland-day-Guide-to-Greenland6.jpg","type":"image\/jpeg"}],"twitter_card":"summary_large_image","twitter_misc":{"Estimeret l\u00e6setid":"1 minut"},"schema":{"@context":"https:\/\/schema.org","@graph":[{"@type":"WebPage","@id":"https:\/\/guidetogreenland.com\/da\/reserver-ferie-rejser\/sejlads-under-solnedgang-nuuk\/","url":"https:\/\/guidetogreenland.com\/da\/reserver-ferie-rejser\/sejlads-under-solnedgang-nuuk\/","name":"5-timers hvalsafari i Nuuk Fjorden | Guide to Greenland","isPartOf":{"@id":"https:\/\/guidetogreenland.com\/da\/#website"},"primaryImageOfPage":{"@id":"https:\/\/guidetogreenland.com\/da\/reserver-ferie-rejser\/sejlads-under-solnedgang-nuuk\/#primaryimage"},"image":{"@id":"https:\/\/guidetogreenland.com\/da\/reserver-ferie-rejser\/sejlads-under-solnedgang-nuuk\/#primaryimage"},"thumbnailUrl":"https:\/\/guidetogreenland.com\/wp-content\/uploads\/2020\/05\/nuuk-the-worlds-smallest-capital-4-day-package-tour-from-iceland-to-greenland-day-Guide-to-Greenland6.jpg","datePublished":"2024-03-25T14:58:31+00:00","dateModified":"2025-10-14T06:23:12+00:00","breadcrumb":{"@id":"https:\/\/guidetogreenland.com\/da\/reserver-ferie-rejser\/sejlads-under-solnedgang-nuuk\/#breadcrumb"},"inLanguage":"da-DK","potentialAction":[{"@type":"ReadAction","target":["https:\/\/guidetogreenland.com\/da\/reserver-ferie-rejser\/sejlads-under-solnedgang-nuuk\/"]}]},{"@type":"ImageObject","inLanguage":"da-DK","@id":"https:\/\/guidetogreenland.com\/da\/reserver-ferie-rejser\/sejlads-under-solnedgang-nuuk\/#primaryimage","url":"https:\/\/guidetogreenland.com\/wp-content\/uploads\/2020\/05\/nuuk-the-worlds-smallest-capital-4-day-package-tour-from-iceland-to-greenland-day-Guide-to-Greenland6.jpg","contentUrl":"https:\/\/guidetogreenland.com\/wp-content\/uploads\/2020\/05\/nuuk-the-worlds-smallest-capital-4-day-package-tour-from-iceland-to-greenland-day-Guide-to-Greenland6.jpg","width":879,"height":659},{"@type":"BreadcrumbList","@id":"https:\/\/guidetogreenland.com\/da\/reserver-ferie-rejser\/sejlads-under-solnedgang-nuuk\/#breadcrumb","itemListElement":[{"@type":"ListItem","position":1,"name":"Home","item":"https:\/\/guidetogreenland.com\/da\/"},{"@type":"ListItem","position":2,"name":"Se alle ture","item":"https:\/\/guidetogreenland.com\/da\/reserver-ferie-rejser\/"},{"@type":"ListItem","position":3,"name":"Sejlads under solnedgang | Nuuk"}]},{"@type":"WebSite","@id":"https:\/\/guidetogreenland.com\/da\/#website","url":"https:\/\/guidetogreenland.com\/da\/","name":"Guide to Greenland","description":"Largest selection of tours in Greenland","potentialAction":[{"@type":"SearchAction","target":{"@type":"EntryPoint","urlTemplate":"https:\/\/guidetogreenland.com\/da\/?s={search_term_string}"},"query-input":{"@type":"PropertyValueSpecification","valueRequired":true,"valueName":"search_term_string"}}],"inLanguage":"da-DK"}]}},"_links":{"self":[{"href":"https:\/\/guidetogreenland.com\/da\/wp-json\/wp\/v2\/product\/42819","targetHints":{"allow":["GET"]}}],"collection":[{"href":"https:\/\/guidetogreenland.com\/da\/wp-json\/wp\/v2\/product"}],"about":[{"href":"https:\/\/guidetogreenland.com\/da\/wp-json\/wp\/v2\/types\/product"}],"replies":[{"embeddable":true,"href":"https:\/\/guidetogreenland.com\/da\/wp-json\/wp\/v2\/comments?post=42819"}],"wp:featuredmedia":[{"embeddable":true,"href":"https:\/\/guidetogreenland.com\/da\/wp-json\/wp\/v2\/media\/46254"}],"wp:attachment":[{"href":"https:\/\/guidetogreenland.com\/da\/wp-json\/wp\/v2\/media?parent=42819"}],"wp:term":[{"taxonomy":"product_brand","embeddable":true,"href":"https:\/\/guidetogreenland.com\/da\/wp-json\/wp\/v2\/product_brand?post=42819"},{"taxonomy":"product_cat","embeddable":true,"href":"https:\/\/guidetogreenland.com\/da\/wp-json\/wp\/v2\/product_cat?post=42819"},{"taxonomy":"product_tag","embeddable":true,"href":"https:\/\/guidetogreenland.com\/da\/wp-json\/wp\/v2\/product_tag?post=42819"}],"curies":[{"name":"wp","href":"https:\/\/api.w.org\/{rel}","templated":true}]}}