{"id":43038,"date":"2024-04-03T12:42:07","date_gmt":"2024-04-03T15:42:07","guid":{"rendered":"https:\/\/guidetogreenland.com\/book-trips-holiday\/snowshoeing-and-backcountry-sleepover-nuuk\/"},"modified":"2024-04-03T13:20:04","modified_gmt":"2024-04-03T16:20:04","slug":"snowshoeing-and-backcountry-sleepover-nuuk","status":"publish","type":"product","link":"https:\/\/guidetogreenland.com\/da\/reserver-ferie-rejser\/snesko-tur-og-overnatning-i-baglandet-nuuk\/","title":{"rendered":"Snesko-tur og overnatning i baglandet | Nuuk"},"content":{"rendered":"<p>Kom med os p\u00e5 en snesko-tur ind i det smukke bagland n\u00e6r Nuuk, hvor du vil tilbringe en nat i telt blandt h\u00f8je bjerge og flotte fjorde. Vores rejse starter ved byens kant, hvilket hurtigt transporterer dig til den arktiske vildmark, langt fra byens kaos. Her i dette vilde landskab, vil vi hygge os i telte for natten. Vores guide vil tilberede et m\u00e5ltid med lokale ingredienser, dele historier fra jagten og fordybe sig i oprindelsen af vores gr\u00f8nlandske middag.<\/p>\n<p>Forestil dig at hoppe ned i en varm sovepose, omgivet af lyden af vinden og det blide flagren af teltet, mens du og dine venner deler historier. P\u00e5 n\u00e6tter, hvor himlen er klar, er vi p\u00e5 det ideelle sted for at se nordlys, uden lys fra byen til at \u00f8del\u00e6gge udsigten. Om morgenen vil vi nyde morgenmad med kaffe eller te lavet af sne, som vi har smeltet, hvorefter vi vender tilbage til vores normale liv, b\u00e6rende p\u00e5 uforglemmelige minder og historier at fort\u00e6lle.<\/p>\n<p>Kom med p\u00e5 denne tur ved at klikke p\u00e5 &#8216;<strong>Book nu<\/strong>&#8216;.<\/p>\n","protected":false},"excerpt":{"rendered":"Kom med os p\u00e5 en snesko-tur ind i det smukke bagland n\u00e6r Nuuk, hvor du vil tilbringe en nat i telt blandt h\u00f8je bjerge og flotte fjorde. Vores rejse starter ved byens kant, hvilket hurtigt transporterer dig til den arktiske vildmark, langt fra byens kaos. Her i dette vilde landskab, vil vi hygge os i&#8230;","protected":false},"featured_media":43036,"comment_status":"open","ping_status":"closed","template":"","meta":[],"product_brand":[],"product_cat":[],"product_tag":[],"class_list":{"0":"post-43038","1":"product","2":"type-product","3":"status-publish","4":"has-post-thumbnail","6":"pa_activities-camping","7":"pa_activities-nordlys","8":"pa_activities-snesko","9":"pa_attractions-quassussuaq-lille-malene","10":"pa_available-month-januar","11":"pa_available-month-februar","12":"pa_available-month-marts","13":"pa_available-month-april","14":"pa_available-month-maj","15":"pa_available-month-september","16":"pa_available-month-oktober","17":"pa_available-month-november","18":"pa_available-month-december","19":"pa_destinations-nuuk","20":"pa_difficulty-moderat","21":"pa_duration-2-dage","22":"pa_tour-type-flerdags-ture","23":"yith_shop_vendor-two-ravens-da","25":"first","26":"instock","27":"virtual","28":"sold-individually","29":"purchasable","30":"product-type-booking"},"acf":[],"yoast_head":"<!-- This site is optimized with the Yoast SEO plugin v25.6 - https:\/\/yoast.com\/wordpress\/plugins\/seo\/ -->\n<title>Snesko-tur og overnatning i baglandet | Nuuk | Guide to Greenland<\/title>\n<meta name=\"robots\" content=\"index, follow, max-snippet:-1, max-image-preview:large, max-video-preview:-1\" \/>\n<link rel=\"canonical\" href=\"https:\/\/guidetogreenland.com\/da\/reserver-ferie-rejser\/snesko-tur-og-overnatning-i-baglandet-nuuk\/\" \/>\n<meta property=\"og:locale\" content=\"da_DK\" \/>\n<meta property=\"og:type\" content=\"article\" \/>\n<meta property=\"og:title\" content=\"Snesko-tur og overnatning i baglandet | Nuuk | Guide to Greenland\" \/>\n<meta property=\"og:description\" content=\"Kom med os p\u00e5 en snesko-tur ind i det smukke bagland n\u00e6r Nuuk, hvor du vil tilbringe en nat i telt blandt h\u00f8je bjerge og flotte fjorde. Vores rejse starter ved byens kant, hvilket hurtigt transporterer dig til den arktiske vildmark, langt fra byens kaos. Her i dette vilde landskab, vil vi hygge os i...\" \/>\n<meta property=\"og:url\" content=\"https:\/\/guidetogreenland.com\/da\/reserver-ferie-rejser\/snesko-tur-og-overnatning-i-baglandet-nuuk\/\" \/>\n<meta property=\"og:site_name\" content=\"Guide to Greenland\" \/>\n<meta property=\"article:modified_time\" content=\"2024-04-03T16:20:04+00:00\" \/>\n<meta property=\"og:image\" content=\"https:\/\/guidetogreenland.com\/wp-content\/uploads\/2024\/04\/2.jpg\" \/>\n\t<meta property=\"og:image:width\" content=\"1200\" \/>\n\t<meta property=\"og:image:height\" content=\"1000\" \/>\n\t<meta property=\"og:image:type\" content=\"image\/jpeg\" \/>\n<meta name=\"twitter:card\" content=\"summary_large_image\" \/>\n<meta name=\"twitter:label1\" content=\"Estimeret l\u00e6setid\" \/>\n\t<meta name=\"twitter:data1\" content=\"1 minut\" \/>\n<script type=\"application\/ld+json\" class=\"yoast-schema-graph\">{\"@context\":\"https:\/\/schema.org\",\"@graph\":[{\"@type\":\"WebPage\",\"@id\":\"https:\/\/guidetogreenland.com\/da\/reserver-ferie-rejser\/snesko-tur-og-overnatning-i-baglandet-nuuk\/\",\"url\":\"https:\/\/guidetogreenland.com\/da\/reserver-ferie-rejser\/snesko-tur-og-overnatning-i-baglandet-nuuk\/\",\"name\":\"Snesko-tur og overnatning i baglandet | Nuuk | Guide to Greenland\",\"isPartOf\":{\"@id\":\"https:\/\/guidetogreenland.com\/da\/#website\"},\"primaryImageOfPage\":{\"@id\":\"https:\/\/guidetogreenland.com\/da\/reserver-ferie-rejser\/snesko-tur-og-overnatning-i-baglandet-nuuk\/#primaryimage\"},\"image\":{\"@id\":\"https:\/\/guidetogreenland.com\/da\/reserver-ferie-rejser\/snesko-tur-og-overnatning-i-baglandet-nuuk\/#primaryimage\"},\"thumbnailUrl\":\"https:\/\/guidetogreenland.com\/wp-content\/uploads\/2024\/04\/2.jpg\",\"datePublished\":\"2024-04-03T15:42:07+00:00\",\"dateModified\":\"2024-04-03T16:20:04+00:00\",\"breadcrumb\":{\"@id\":\"https:\/\/guidetogreenland.com\/da\/reserver-ferie-rejser\/snesko-tur-og-overnatning-i-baglandet-nuuk\/#breadcrumb\"},\"inLanguage\":\"da-DK\",\"potentialAction\":[{\"@type\":\"ReadAction\",\"target\":[\"https:\/\/guidetogreenland.com\/da\/reserver-ferie-rejser\/snesko-tur-og-overnatning-i-baglandet-nuuk\/\"]}]},{\"@type\":\"ImageObject\",\"inLanguage\":\"da-DK\",\"@id\":\"https:\/\/guidetogreenland.com\/da\/reserver-ferie-rejser\/snesko-tur-og-overnatning-i-baglandet-nuuk\/#primaryimage\",\"url\":\"https:\/\/guidetogreenland.com\/wp-content\/uploads\/2024\/04\/2.jpg\",\"contentUrl\":\"https:\/\/guidetogreenland.com\/wp-content\/uploads\/2024\/04\/2.jpg\",\"width\":1200,\"height\":1000,\"caption\":\"Snowshoe and camping in snow in nuuk\"},{\"@type\":\"BreadcrumbList\",\"@id\":\"https:\/\/guidetogreenland.com\/da\/reserver-ferie-rejser\/snesko-tur-og-overnatning-i-baglandet-nuuk\/#breadcrumb\",\"itemListElement\":[{\"@type\":\"ListItem\",\"position\":1,\"name\":\"Home\",\"item\":\"https:\/\/guidetogreenland.com\/da\/\"},{\"@type\":\"ListItem\",\"position\":2,\"name\":\"Se alle ture\",\"item\":\"https:\/\/guidetogreenland.com\/da\/reserver-ferie-rejser\/\"},{\"@type\":\"ListItem\",\"position\":3,\"name\":\"Snesko-tur og overnatning i baglandet | Nuuk\"}]},{\"@type\":\"WebSite\",\"@id\":\"https:\/\/guidetogreenland.com\/da\/#website\",\"url\":\"https:\/\/guidetogreenland.com\/da\/\",\"name\":\"Guide to Greenland\",\"description\":\"Largest selection of tours in Greenland\",\"potentialAction\":[{\"@type\":\"SearchAction\",\"target\":{\"@type\":\"EntryPoint\",\"urlTemplate\":\"https:\/\/guidetogreenland.com\/da\/?s={search_term_string}\"},\"query-input\":{\"@type\":\"PropertyValueSpecification\",\"valueRequired\":true,\"valueName\":\"search_term_string\"}}],\"inLanguage\":\"da-DK\"}]}<\/script>\n<!-- \/ Yoast SEO plugin. -->","yoast_head_json":{"title":"Snesko-tur og overnatning i baglandet | Nuuk | Guide to Greenland","robots":{"index":"index","follow":"follow","max-snippet":"max-snippet:-1","max-image-preview":"max-image-preview:large","max-video-preview":"max-video-preview:-1"},"canonical":"https:\/\/guidetogreenland.com\/da\/reserver-ferie-rejser\/snesko-tur-og-overnatning-i-baglandet-nuuk\/","og_locale":"da_DK","og_type":"article","og_title":"Snesko-tur og overnatning i baglandet | Nuuk | Guide to Greenland","og_description":"Kom med os p\u00e5 en snesko-tur ind i det smukke bagland n\u00e6r Nuuk, hvor du vil tilbringe en nat i telt blandt h\u00f8je bjerge og flotte fjorde. Vores rejse starter ved byens kant, hvilket hurtigt transporterer dig til den arktiske vildmark, langt fra byens kaos. Her i dette vilde landskab, vil vi hygge os i...","og_url":"https:\/\/guidetogreenland.com\/da\/reserver-ferie-rejser\/snesko-tur-og-overnatning-i-baglandet-nuuk\/","og_site_name":"Guide to Greenland","article_modified_time":"2024-04-03T16:20:04+00:00","og_image":[{"width":1200,"height":1000,"url":"https:\/\/guidetogreenland.com\/wp-content\/uploads\/2024\/04\/2.jpg","type":"image\/jpeg"}],"twitter_card":"summary_large_image","twitter_misc":{"Estimeret l\u00e6setid":"1 minut"},"schema":{"@context":"https:\/\/schema.org","@graph":[{"@type":"WebPage","@id":"https:\/\/guidetogreenland.com\/da\/reserver-ferie-rejser\/snesko-tur-og-overnatning-i-baglandet-nuuk\/","url":"https:\/\/guidetogreenland.com\/da\/reserver-ferie-rejser\/snesko-tur-og-overnatning-i-baglandet-nuuk\/","name":"Snesko-tur og overnatning i baglandet | Nuuk | Guide to Greenland","isPartOf":{"@id":"https:\/\/guidetogreenland.com\/da\/#website"},"primaryImageOfPage":{"@id":"https:\/\/guidetogreenland.com\/da\/reserver-ferie-rejser\/snesko-tur-og-overnatning-i-baglandet-nuuk\/#primaryimage"},"image":{"@id":"https:\/\/guidetogreenland.com\/da\/reserver-ferie-rejser\/snesko-tur-og-overnatning-i-baglandet-nuuk\/#primaryimage"},"thumbnailUrl":"https:\/\/guidetogreenland.com\/wp-content\/uploads\/2024\/04\/2.jpg","datePublished":"2024-04-03T15:42:07+00:00","dateModified":"2024-04-03T16:20:04+00:00","breadcrumb":{"@id":"https:\/\/guidetogreenland.com\/da\/reserver-ferie-rejser\/snesko-tur-og-overnatning-i-baglandet-nuuk\/#breadcrumb"},"inLanguage":"da-DK","potentialAction":[{"@type":"ReadAction","target":["https:\/\/guidetogreenland.com\/da\/reserver-ferie-rejser\/snesko-tur-og-overnatning-i-baglandet-nuuk\/"]}]},{"@type":"ImageObject","inLanguage":"da-DK","@id":"https:\/\/guidetogreenland.com\/da\/reserver-ferie-rejser\/snesko-tur-og-overnatning-i-baglandet-nuuk\/#primaryimage","url":"https:\/\/guidetogreenland.com\/wp-content\/uploads\/2024\/04\/2.jpg","contentUrl":"https:\/\/guidetogreenland.com\/wp-content\/uploads\/2024\/04\/2.jpg","width":1200,"height":1000,"caption":"Snowshoe and camping in snow in nuuk"},{"@type":"BreadcrumbList","@id":"https:\/\/guidetogreenland.com\/da\/reserver-ferie-rejser\/snesko-tur-og-overnatning-i-baglandet-nuuk\/#breadcrumb","itemListElement":[{"@type":"ListItem","position":1,"name":"Home","item":"https:\/\/guidetogreenland.com\/da\/"},{"@type":"ListItem","position":2,"name":"Se alle ture","item":"https:\/\/guidetogreenland.com\/da\/reserver-ferie-rejser\/"},{"@type":"ListItem","position":3,"name":"Snesko-tur og overnatning i baglandet | Nuuk"}]},{"@type":"WebSite","@id":"https:\/\/guidetogreenland.com\/da\/#website","url":"https:\/\/guidetogreenland.com\/da\/","name":"Guide to Greenland","description":"Largest selection of tours in Greenland","potentialAction":[{"@type":"SearchAction","target":{"@type":"EntryPoint","urlTemplate":"https:\/\/guidetogreenland.com\/da\/?s={search_term_string}"},"query-input":{"@type":"PropertyValueSpecification","valueRequired":true,"valueName":"search_term_string"}}],"inLanguage":"da-DK"}]}},"_links":{"self":[{"href":"https:\/\/guidetogreenland.com\/da\/wp-json\/wp\/v2\/product\/43038","targetHints":{"allow":["GET"]}}],"collection":[{"href":"https:\/\/guidetogreenland.com\/da\/wp-json\/wp\/v2\/product"}],"about":[{"href":"https:\/\/guidetogreenland.com\/da\/wp-json\/wp\/v2\/types\/product"}],"replies":[{"embeddable":true,"href":"https:\/\/guidetogreenland.com\/da\/wp-json\/wp\/v2\/comments?post=43038"}],"wp:featuredmedia":[{"embeddable":true,"href":"https:\/\/guidetogreenland.com\/da\/wp-json\/wp\/v2\/media\/43036"}],"wp:attachment":[{"href":"https:\/\/guidetogreenland.com\/da\/wp-json\/wp\/v2\/media?parent=43038"}],"wp:term":[{"taxonomy":"product_brand","embeddable":true,"href":"https:\/\/guidetogreenland.com\/da\/wp-json\/wp\/v2\/product_brand?post=43038"},{"taxonomy":"product_cat","embeddable":true,"href":"https:\/\/guidetogreenland.com\/da\/wp-json\/wp\/v2\/product_cat?post=43038"},{"taxonomy":"product_tag","embeddable":true,"href":"https:\/\/guidetogreenland.com\/da\/wp-json\/wp\/v2\/product_tag?post=43038"}],"curies":[{"name":"wp","href":"https:\/\/api.w.org\/{rel}","templated":true}]}}