{"id":57256,"date":"2024-06-14T14:05:17","date_gmt":"2024-06-14T17:05:17","guid":{"rendered":"https:\/\/guidetogreenland.com\/book-trips-holiday\/private-combined-boat-kayaking-tour-by-the-icefjord-ilulissat\/"},"modified":"2025-11-20T10:27:14","modified_gmt":"2025-11-20T13:27:14","slug":"private-combined-boat-kayaking-tour-by-the-icefjord-ilulissat","status":"publish","type":"product","link":"https:\/\/guidetogreenland.com\/da\/reserver-ferie-rejser\/kombineret-isfjordsejlads-og-kajak-ilulissat\/","title":{"rendered":"Kombineret isfjordsejlads og kajak | Ilulissat"},"content":{"rendered":"<p><span style=\"font-weight: 400;\">Hvis du \u00f8nsker den ultimative oplevelse p\u00e5 vandet og vil nyde den betagende udsigt over Ilulissat Isfjord fra b\u00e5de b\u00e5d og kajak, er denne tur perfekt for dig!<\/span><\/p>\n<p><span style=\"font-weight: 400;\">Vi begynder vores eventyr med en b\u00e5dtur fra Ilulissat til isfjorden. Undervejs kan du nyde den smukke udsigt, mens vores lokale guide deler fascinerende fort\u00e6llinger om isfjorden, livet i Ilulissat og andre sp\u00e6ndende historier om omr\u00e5det.<\/span><\/p>\n<p><span style=\"font-weight: 400;\">Efter at have sejlet rundt i cirka en time blandt de gigantiske isbjerge, vil vi sammen finde det bedste sted til kajaksejlads mellem isbjergene.<\/span><\/p>\n<p><span style=\"font-weight: 400;\">Du vil modtage instruktioner og blive udstyret med det rette kajakudstyr, der er velegnet til kajaksejlads i Arktis. Herefter vil guiden hj\u00e6lpe dig med at komme sikkert i kajakken fra b\u00e5den. For din sikkerhed vil guiden f\u00f8lge dig fra b\u00e5den. Vi bruger enkeltkajakker, som er specielt designet til at v\u00e6re stabile og nemme at bruge, s\u00e5 ogs\u00e5 begyndere kan deltage i denne tur.<\/span><\/p>\n<p><span style=\"font-weight: 400;\">Du vil nyde mindst 1 times kajaksejlads med udsigt over majest\u00e6tiske isbjerge, der kommer fra Sermeq Kujalleq gletsjeren. Hvis vi er heldige at spotte hvaler undervejs, vil vi selvf\u00f8lgelig stoppe og observere disse fascinerende dyr.<\/span><\/p>\n<p><span style=\"font-weight: 400;\">Efter kajaksejladsen g\u00e5r vi ombord p\u00e5 b\u00e5den igen og sejler tilbage til Ilulissat.<\/span><\/p>\n<p><span style=\"font-weight: 400;\">V\u00e6lg din \u00f8nskede dato og deltag i denne kombinerede b\u00e5d- og kajaktur til Ilulissat isfjord!<\/span><\/p>\n","protected":false},"excerpt":{"rendered":"Hvis du \u00f8nsker den ultimative oplevelse p\u00e5 vandet og vil nyde den betagende udsigt over Ilulissat Isfjord fra b\u00e5de b\u00e5d og kajak, er denne tur perfekt for dig! Vi begynder vores eventyr med en b\u00e5dtur fra Ilulissat til isfjorden. Undervejs kan du nyde den smukke udsigt, mens vores lokale guide deler fascinerende fort\u00e6llinger om isfjorden,&#8230;","protected":false},"featured_media":56788,"comment_status":"open","ping_status":"closed","template":"","meta":[],"product_brand":[],"product_cat":[605,692,618,593,609,644],"product_tag":[919],"class_list":{"0":"post-57256","1":"product","2":"type-product","3":"status-publish","4":"has-post-thumbnail","6":"product_cat-dagsture-om-sommeren","7":"product_cat-iceberg-icefjord-tours","8":"product_cat-midnatssol-ture","9":"product_cat-oplevelser-i-groenland","10":"product_cat-sup-kayakture","11":"product_cat-ture-i-ilulissat","12":"product_tag-ilulissat-da","13":"pa_activities-baadtur","14":"pa_activities-kajak-sup","15":"pa_attractions-ilulissat-icefjord","16":"pa_attractions-disko-bay-da","17":"pa_available-month-maj","18":"pa_available-month-juni","19":"pa_available-month-juli","20":"pa_available-month-august","21":"pa_available-month-september","22":"pa_destinations-ilulissat","23":"pa_difficulty-moderat","24":"pa_duration-3-timer","25":"pa_tour-type-dagsture","27":"first","28":"instock","29":"virtual","30":"sold-individually","31":"purchasable","32":"product-type-booking"},"acf":[],"yoast_head":"<!-- This site is optimized with the Yoast SEO plugin v25.6 - https:\/\/yoast.com\/wordpress\/plugins\/seo\/ -->\n<title>Kombineret isfjordsejlads og kajak | Ilulissat | Guide to Greenland<\/title>\n<meta name=\"robots\" content=\"index, follow, max-snippet:-1, max-image-preview:large, max-video-preview:-1\" \/>\n<link rel=\"canonical\" href=\"https:\/\/guidetogreenland.com\/da\/reserver-ferie-rejser\/kombineret-isfjordsejlads-og-kajak-ilulissat\/\" \/>\n<meta property=\"og:locale\" content=\"da_DK\" \/>\n<meta property=\"og:type\" content=\"article\" \/>\n<meta property=\"og:title\" content=\"Kombineret isfjordsejlads og kajak | Ilulissat | Guide to Greenland\" \/>\n<meta property=\"og:description\" content=\"Hvis du \u00f8nsker den ultimative oplevelse p\u00e5 vandet og vil nyde den betagende udsigt over Ilulissat Isfjord fra b\u00e5de b\u00e5d og kajak, er denne tur perfekt for dig! Vi begynder vores eventyr med en b\u00e5dtur fra Ilulissat til isfjorden. Undervejs kan du nyde den smukke udsigt, mens vores lokale guide deler fascinerende fort\u00e6llinger om isfjorden,...\" \/>\n<meta property=\"og:url\" content=\"https:\/\/guidetogreenland.com\/da\/reserver-ferie-rejser\/kombineret-isfjordsejlads-og-kajak-ilulissat\/\" \/>\n<meta property=\"og:site_name\" content=\"Guide to Greenland\" \/>\n<meta property=\"article:modified_time\" content=\"2025-11-20T13:27:14+00:00\" \/>\n<meta property=\"og:image\" content=\"https:\/\/guidetogreenland.com\/wp-content\/uploads\/2024\/06\/Sailing-Ilulissat-Guide-to-Greenland.jpeg\" \/>\n\t<meta property=\"og:image:width\" content=\"720\" \/>\n\t<meta property=\"og:image:height\" content=\"540\" \/>\n\t<meta property=\"og:image:type\" content=\"image\/jpeg\" \/>\n<meta name=\"twitter:card\" content=\"summary_large_image\" \/>\n<meta name=\"twitter:label1\" content=\"Estimeret l\u00e6setid\" \/>\n\t<meta name=\"twitter:data1\" content=\"1 minut\" \/>\n<script type=\"application\/ld+json\" class=\"yoast-schema-graph\">{\"@context\":\"https:\/\/schema.org\",\"@graph\":[{\"@type\":\"WebPage\",\"@id\":\"https:\/\/guidetogreenland.com\/da\/reserver-ferie-rejser\/kombineret-isfjordsejlads-og-kajak-ilulissat\/\",\"url\":\"https:\/\/guidetogreenland.com\/da\/reserver-ferie-rejser\/kombineret-isfjordsejlads-og-kajak-ilulissat\/\",\"name\":\"Kombineret isfjordsejlads og kajak | Ilulissat | Guide to Greenland\",\"isPartOf\":{\"@id\":\"https:\/\/guidetogreenland.com\/da\/#website\"},\"primaryImageOfPage\":{\"@id\":\"https:\/\/guidetogreenland.com\/da\/reserver-ferie-rejser\/kombineret-isfjordsejlads-og-kajak-ilulissat\/#primaryimage\"},\"image\":{\"@id\":\"https:\/\/guidetogreenland.com\/da\/reserver-ferie-rejser\/kombineret-isfjordsejlads-og-kajak-ilulissat\/#primaryimage\"},\"thumbnailUrl\":\"https:\/\/guidetogreenland.com\/wp-content\/uploads\/2024\/06\/Sailing-Ilulissat-Guide-to-Greenland.jpeg\",\"datePublished\":\"2024-06-14T17:05:17+00:00\",\"dateModified\":\"2025-11-20T13:27:14+00:00\",\"breadcrumb\":{\"@id\":\"https:\/\/guidetogreenland.com\/da\/reserver-ferie-rejser\/kombineret-isfjordsejlads-og-kajak-ilulissat\/#breadcrumb\"},\"inLanguage\":\"da-DK\",\"potentialAction\":[{\"@type\":\"ReadAction\",\"target\":[\"https:\/\/guidetogreenland.com\/da\/reserver-ferie-rejser\/kombineret-isfjordsejlads-og-kajak-ilulissat\/\"]}]},{\"@type\":\"ImageObject\",\"inLanguage\":\"da-DK\",\"@id\":\"https:\/\/guidetogreenland.com\/da\/reserver-ferie-rejser\/kombineret-isfjordsejlads-og-kajak-ilulissat\/#primaryimage\",\"url\":\"https:\/\/guidetogreenland.com\/wp-content\/uploads\/2024\/06\/Sailing-Ilulissat-Guide-to-Greenland.jpeg\",\"contentUrl\":\"https:\/\/guidetogreenland.com\/wp-content\/uploads\/2024\/06\/Sailing-Ilulissat-Guide-to-Greenland.jpeg\",\"width\":720,\"height\":540},{\"@type\":\"BreadcrumbList\",\"@id\":\"https:\/\/guidetogreenland.com\/da\/reserver-ferie-rejser\/kombineret-isfjordsejlads-og-kajak-ilulissat\/#breadcrumb\",\"itemListElement\":[{\"@type\":\"ListItem\",\"position\":1,\"name\":\"Home\",\"item\":\"https:\/\/guidetogreenland.com\/da\/\"},{\"@type\":\"ListItem\",\"position\":2,\"name\":\"Se alle ture\",\"item\":\"https:\/\/guidetogreenland.com\/da\/reserver-ferie-rejser\/\"},{\"@type\":\"ListItem\",\"position\":3,\"name\":\"Kombineret isfjordsejlads og kajak | Ilulissat\"}]},{\"@type\":\"WebSite\",\"@id\":\"https:\/\/guidetogreenland.com\/da\/#website\",\"url\":\"https:\/\/guidetogreenland.com\/da\/\",\"name\":\"Guide to Greenland\",\"description\":\"Largest selection of tours in Greenland\",\"potentialAction\":[{\"@type\":\"SearchAction\",\"target\":{\"@type\":\"EntryPoint\",\"urlTemplate\":\"https:\/\/guidetogreenland.com\/da\/?s={search_term_string}\"},\"query-input\":{\"@type\":\"PropertyValueSpecification\",\"valueRequired\":true,\"valueName\":\"search_term_string\"}}],\"inLanguage\":\"da-DK\"}]}<\/script>\n<!-- \/ Yoast SEO plugin. -->","yoast_head_json":{"title":"Kombineret isfjordsejlads og kajak | Ilulissat | Guide to Greenland","robots":{"index":"index","follow":"follow","max-snippet":"max-snippet:-1","max-image-preview":"max-image-preview:large","max-video-preview":"max-video-preview:-1"},"canonical":"https:\/\/guidetogreenland.com\/da\/reserver-ferie-rejser\/kombineret-isfjordsejlads-og-kajak-ilulissat\/","og_locale":"da_DK","og_type":"article","og_title":"Kombineret isfjordsejlads og kajak | Ilulissat | Guide to Greenland","og_description":"Hvis du \u00f8nsker den ultimative oplevelse p\u00e5 vandet og vil nyde den betagende udsigt over Ilulissat Isfjord fra b\u00e5de b\u00e5d og kajak, er denne tur perfekt for dig! Vi begynder vores eventyr med en b\u00e5dtur fra Ilulissat til isfjorden. Undervejs kan du nyde den smukke udsigt, mens vores lokale guide deler fascinerende fort\u00e6llinger om isfjorden,...","og_url":"https:\/\/guidetogreenland.com\/da\/reserver-ferie-rejser\/kombineret-isfjordsejlads-og-kajak-ilulissat\/","og_site_name":"Guide to Greenland","article_modified_time":"2025-11-20T13:27:14+00:00","og_image":[{"width":720,"height":540,"url":"https:\/\/guidetogreenland.com\/wp-content\/uploads\/2024\/06\/Sailing-Ilulissat-Guide-to-Greenland.jpeg","type":"image\/jpeg"}],"twitter_card":"summary_large_image","twitter_misc":{"Estimeret l\u00e6setid":"1 minut"},"schema":{"@context":"https:\/\/schema.org","@graph":[{"@type":"WebPage","@id":"https:\/\/guidetogreenland.com\/da\/reserver-ferie-rejser\/kombineret-isfjordsejlads-og-kajak-ilulissat\/","url":"https:\/\/guidetogreenland.com\/da\/reserver-ferie-rejser\/kombineret-isfjordsejlads-og-kajak-ilulissat\/","name":"Kombineret isfjordsejlads og kajak | Ilulissat | Guide to Greenland","isPartOf":{"@id":"https:\/\/guidetogreenland.com\/da\/#website"},"primaryImageOfPage":{"@id":"https:\/\/guidetogreenland.com\/da\/reserver-ferie-rejser\/kombineret-isfjordsejlads-og-kajak-ilulissat\/#primaryimage"},"image":{"@id":"https:\/\/guidetogreenland.com\/da\/reserver-ferie-rejser\/kombineret-isfjordsejlads-og-kajak-ilulissat\/#primaryimage"},"thumbnailUrl":"https:\/\/guidetogreenland.com\/wp-content\/uploads\/2024\/06\/Sailing-Ilulissat-Guide-to-Greenland.jpeg","datePublished":"2024-06-14T17:05:17+00:00","dateModified":"2025-11-20T13:27:14+00:00","breadcrumb":{"@id":"https:\/\/guidetogreenland.com\/da\/reserver-ferie-rejser\/kombineret-isfjordsejlads-og-kajak-ilulissat\/#breadcrumb"},"inLanguage":"da-DK","potentialAction":[{"@type":"ReadAction","target":["https:\/\/guidetogreenland.com\/da\/reserver-ferie-rejser\/kombineret-isfjordsejlads-og-kajak-ilulissat\/"]}]},{"@type":"ImageObject","inLanguage":"da-DK","@id":"https:\/\/guidetogreenland.com\/da\/reserver-ferie-rejser\/kombineret-isfjordsejlads-og-kajak-ilulissat\/#primaryimage","url":"https:\/\/guidetogreenland.com\/wp-content\/uploads\/2024\/06\/Sailing-Ilulissat-Guide-to-Greenland.jpeg","contentUrl":"https:\/\/guidetogreenland.com\/wp-content\/uploads\/2024\/06\/Sailing-Ilulissat-Guide-to-Greenland.jpeg","width":720,"height":540},{"@type":"BreadcrumbList","@id":"https:\/\/guidetogreenland.com\/da\/reserver-ferie-rejser\/kombineret-isfjordsejlads-og-kajak-ilulissat\/#breadcrumb","itemListElement":[{"@type":"ListItem","position":1,"name":"Home","item":"https:\/\/guidetogreenland.com\/da\/"},{"@type":"ListItem","position":2,"name":"Se alle ture","item":"https:\/\/guidetogreenland.com\/da\/reserver-ferie-rejser\/"},{"@type":"ListItem","position":3,"name":"Kombineret isfjordsejlads og kajak | Ilulissat"}]},{"@type":"WebSite","@id":"https:\/\/guidetogreenland.com\/da\/#website","url":"https:\/\/guidetogreenland.com\/da\/","name":"Guide to Greenland","description":"Largest selection of tours in Greenland","potentialAction":[{"@type":"SearchAction","target":{"@type":"EntryPoint","urlTemplate":"https:\/\/guidetogreenland.com\/da\/?s={search_term_string}"},"query-input":{"@type":"PropertyValueSpecification","valueRequired":true,"valueName":"search_term_string"}}],"inLanguage":"da-DK"}]}},"_links":{"self":[{"href":"https:\/\/guidetogreenland.com\/da\/wp-json\/wp\/v2\/product\/57256","targetHints":{"allow":["GET"]}}],"collection":[{"href":"https:\/\/guidetogreenland.com\/da\/wp-json\/wp\/v2\/product"}],"about":[{"href":"https:\/\/guidetogreenland.com\/da\/wp-json\/wp\/v2\/types\/product"}],"replies":[{"embeddable":true,"href":"https:\/\/guidetogreenland.com\/da\/wp-json\/wp\/v2\/comments?post=57256"}],"wp:featuredmedia":[{"embeddable":true,"href":"https:\/\/guidetogreenland.com\/da\/wp-json\/wp\/v2\/media\/56788"}],"wp:attachment":[{"href":"https:\/\/guidetogreenland.com\/da\/wp-json\/wp\/v2\/media?parent=57256"}],"wp:term":[{"taxonomy":"product_brand","embeddable":true,"href":"https:\/\/guidetogreenland.com\/da\/wp-json\/wp\/v2\/product_brand?post=57256"},{"taxonomy":"product_cat","embeddable":true,"href":"https:\/\/guidetogreenland.com\/da\/wp-json\/wp\/v2\/product_cat?post=57256"},{"taxonomy":"product_tag","embeddable":true,"href":"https:\/\/guidetogreenland.com\/da\/wp-json\/wp\/v2\/product_tag?post=57256"}],"curies":[{"name":"wp","href":"https:\/\/api.w.org\/{rel}","templated":true}]}}