{"id":57259,"date":"2024-06-20T13:11:10","date_gmt":"2024-06-20T16:11:10","guid":{"rendered":"https:\/\/guidetogreenland.com\/book-trips-holiday\/private-kayak-tour-in-ilulissat-icefjord-from-the-boat-ilulissat\/"},"modified":"2025-11-07T03:22:43","modified_gmt":"2025-11-07T06:22:43","slug":"private-kayak-tour-in-ilulissat-icefjord-from-the-boat-ilulissat","status":"publish","type":"product","link":"https:\/\/guidetogreenland.com\/da\/reserver-ferie-rejser\/privat-kajaktur-ved-isfjorden-fra-bad-ilulissat\/","title":{"rendered":"Privat kajaktur ved isfjorden fra b\u00e5d | Ilulissat"},"content":{"rendered":"<p><span style=\"font-weight: 400;\">Nyd at ro kajak mellem isbjerge i den UNESCO-listede Ilulissat isfjord, hvilket vil v\u00e6re en oplevelse for livet.<\/span><\/p>\n<p><span style=\"font-weight: 400;\">Vi medbringer kajakker og alt n\u00f8dvendigt udstyr i vores \u00e5bne b\u00e5d og sejler ud til isfjorden. Sammen med dig finder vi det perfekte sted til kajaksejlads, hvor du kan nyde den enest\u00e5ende natur.<\/span><\/p>\n<p><span style=\"font-weight: 400;\">Derefter vil du blive kl\u00e6dt p\u00e5 til kajaksejlads i arktiske vande! Din guide vil give dig en hurtig introduktion til kajaksejlads og hj\u00e6lpe dig med at komme fra b\u00e5den til kajakken. Guiden vil f\u00f8lge dig i b\u00e5den.<\/span><\/p>\n<p><span style=\"font-weight: 400;\">Du vil nyde mindst 1 times kajaksejlads med majest\u00e6tiske udsigter over isbjergene. Hvis vi er heldige, kan vi endda se hvaler eller s\u00e6ler sv\u00f8mme blandt isbjergene.<\/span><\/p>\n<p><span style=\"font-weight: 400;\">Denne tur er egnet for alle &#8211; fra begyndere til erfarne kajakroere. Da det altid er en privat tur, tilpasser vi turen efter dine \u00f8nsker og behov.<\/span><\/p>\n<p><span style=\"font-weight: 400;\">Vi bruger kun enkeltkajakker, men vores kajakker er specielt designet, s\u00e5 nybegyndere ogs\u00e5 kan deltage. De er utroligt stabile og meget nemme at bruge.<\/span><\/p>\n<p><span style=\"font-weight: 400;\">Du kan deltage alene eller invitere dine venner og familie. P\u00e5 denne tur kan vi have en maksimumsgruppe p\u00e5 5 personer.<\/span><\/p>\n<p><span style=\"font-weight: 400;\"><strong>Book din tur nu<\/strong> og deltag i en privat kajaktur i Ilulissat isfjord.<\/span><\/p>\n","protected":false},"excerpt":{"rendered":"Nyd at ro kajak mellem isbjerge i den UNESCO-listede Ilulissat isfjord, hvilket vil v\u00e6re en oplevelse for livet. Vi medbringer kajakker og alt n\u00f8dvendigt udstyr i vores \u00e5bne b\u00e5d og sejler ud til isfjorden. Sammen med dig finder vi det perfekte sted til kajaksejlads, hvor du kan nyde den enest\u00e5ende natur. Derefter vil du blive&#8230;","protected":false},"featured_media":57019,"comment_status":"open","ping_status":"closed","template":"","meta":[],"product_brand":[],"product_cat":[594,605,629,692,617,618,593,609,1068,644],"product_tag":[919],"class_list":{"0":"post-57259","1":"product","2":"type-product","3":"status-publish","4":"has-post-thumbnail","6":"product_cat-baadture","7":"product_cat-dagsture-om-sommeren","8":"product_cat-disko-bugten","9":"product_cat-iceberg-icefjord-tours","10":"product_cat-ilulissat-isfjord-ture","11":"product_cat-midnatssol-ture","12":"product_cat-oplevelser-i-groenland","13":"product_cat-sup-kayakture","14":"product_cat-dagsture","15":"product_cat-ture-i-ilulissat","16":"product_tag-ilulissat-da","17":"pa_activities-baadtur","18":"pa_activities-kajak-sup","19":"pa_attractions-ilulissat-icefjord","20":"pa_available-month-maj","21":"pa_available-month-juni","22":"pa_available-month-juli","23":"pa_available-month-august","24":"pa_available-month-september","25":"pa_destinations-ilulissat","26":"pa_difficulty-moderat","27":"pa_duration-2-timer","28":"pa_tour-type-dagsture","30":"first","31":"instock","32":"sold-individually","33":"shipping-taxable","34":"purchasable","35":"product-type-booking"},"acf":[],"yoast_head":"<!-- This site is optimized with the Yoast SEO plugin v25.6 - https:\/\/yoast.com\/wordpress\/plugins\/seo\/ -->\n<title>Privat kajaktur ved isfjorden fra b\u00e5d | Ilulissat | Guide to Greenland<\/title>\n<meta name=\"robots\" content=\"index, follow, max-snippet:-1, max-image-preview:large, max-video-preview:-1\" \/>\n<link rel=\"canonical\" href=\"https:\/\/guidetogreenland.com\/da\/reserver-ferie-rejser\/privat-kajaktur-ved-isfjorden-fra-bad-ilulissat\/\" \/>\n<meta property=\"og:locale\" content=\"da_DK\" \/>\n<meta property=\"og:type\" content=\"article\" \/>\n<meta property=\"og:title\" content=\"Privat kajaktur ved isfjorden fra b\u00e5d | Ilulissat | Guide to Greenland\" \/>\n<meta property=\"og:description\" content=\"Nyd at ro kajak mellem isbjerge i den UNESCO-listede Ilulissat isfjord, hvilket vil v\u00e6re en oplevelse for livet. Vi medbringer kajakker og alt n\u00f8dvendigt udstyr i vores \u00e5bne b\u00e5d og sejler ud til isfjorden. Sammen med dig finder vi det perfekte sted til kajaksejlads, hvor du kan nyde den enest\u00e5ende natur. Derefter vil du blive...\" \/>\n<meta property=\"og:url\" content=\"https:\/\/guidetogreenland.com\/da\/reserver-ferie-rejser\/privat-kajaktur-ved-isfjorden-fra-bad-ilulissat\/\" \/>\n<meta property=\"og:site_name\" content=\"Guide to Greenland\" \/>\n<meta property=\"article:modified_time\" content=\"2025-11-07T06:22:43+00:00\" \/>\n<meta property=\"og:image\" content=\"https:\/\/guidetogreenland.com\/wp-content\/uploads\/2024\/06\/Kayaking-Ilulissat-Guide-to-Greenland-6E8B1A1A-591A-4A70-AF82-20964A83B316-scaled.jpeg\" \/>\n\t<meta property=\"og:image:width\" content=\"2560\" \/>\n\t<meta property=\"og:image:height\" content=\"1440\" \/>\n\t<meta property=\"og:image:type\" content=\"image\/jpeg\" \/>\n<meta name=\"twitter:card\" content=\"summary_large_image\" \/>\n<meta name=\"twitter:label1\" content=\"Estimeret l\u00e6setid\" \/>\n\t<meta name=\"twitter:data1\" content=\"1 minut\" \/>\n<script type=\"application\/ld+json\" class=\"yoast-schema-graph\">{\"@context\":\"https:\/\/schema.org\",\"@graph\":[{\"@type\":\"WebPage\",\"@id\":\"https:\/\/guidetogreenland.com\/da\/reserver-ferie-rejser\/privat-kajaktur-ved-isfjorden-fra-bad-ilulissat\/\",\"url\":\"https:\/\/guidetogreenland.com\/da\/reserver-ferie-rejser\/privat-kajaktur-ved-isfjorden-fra-bad-ilulissat\/\",\"name\":\"Privat kajaktur ved isfjorden fra b\u00e5d | Ilulissat | Guide to Greenland\",\"isPartOf\":{\"@id\":\"https:\/\/guidetogreenland.com\/da\/#website\"},\"primaryImageOfPage\":{\"@id\":\"https:\/\/guidetogreenland.com\/da\/reserver-ferie-rejser\/privat-kajaktur-ved-isfjorden-fra-bad-ilulissat\/#primaryimage\"},\"image\":{\"@id\":\"https:\/\/guidetogreenland.com\/da\/reserver-ferie-rejser\/privat-kajaktur-ved-isfjorden-fra-bad-ilulissat\/#primaryimage\"},\"thumbnailUrl\":\"https:\/\/guidetogreenland.com\/wp-content\/uploads\/2024\/06\/Kayaking-Ilulissat-Guide-to-Greenland-6E8B1A1A-591A-4A70-AF82-20964A83B316-scaled.jpeg\",\"datePublished\":\"2024-06-20T16:11:10+00:00\",\"dateModified\":\"2025-11-07T06:22:43+00:00\",\"breadcrumb\":{\"@id\":\"https:\/\/guidetogreenland.com\/da\/reserver-ferie-rejser\/privat-kajaktur-ved-isfjorden-fra-bad-ilulissat\/#breadcrumb\"},\"inLanguage\":\"da-DK\",\"potentialAction\":[{\"@type\":\"ReadAction\",\"target\":[\"https:\/\/guidetogreenland.com\/da\/reserver-ferie-rejser\/privat-kajaktur-ved-isfjorden-fra-bad-ilulissat\/\"]}]},{\"@type\":\"ImageObject\",\"inLanguage\":\"da-DK\",\"@id\":\"https:\/\/guidetogreenland.com\/da\/reserver-ferie-rejser\/privat-kajaktur-ved-isfjorden-fra-bad-ilulissat\/#primaryimage\",\"url\":\"https:\/\/guidetogreenland.com\/wp-content\/uploads\/2024\/06\/Kayaking-Ilulissat-Guide-to-Greenland-6E8B1A1A-591A-4A70-AF82-20964A83B316-scaled.jpeg\",\"contentUrl\":\"https:\/\/guidetogreenland.com\/wp-content\/uploads\/2024\/06\/Kayaking-Ilulissat-Guide-to-Greenland-6E8B1A1A-591A-4A70-AF82-20964A83B316-scaled.jpeg\",\"width\":2560,\"height\":1440},{\"@type\":\"BreadcrumbList\",\"@id\":\"https:\/\/guidetogreenland.com\/da\/reserver-ferie-rejser\/privat-kajaktur-ved-isfjorden-fra-bad-ilulissat\/#breadcrumb\",\"itemListElement\":[{\"@type\":\"ListItem\",\"position\":1,\"name\":\"Home\",\"item\":\"https:\/\/guidetogreenland.com\/da\/\"},{\"@type\":\"ListItem\",\"position\":2,\"name\":\"Se alle ture\",\"item\":\"https:\/\/guidetogreenland.com\/da\/reserver-ferie-rejser\/\"},{\"@type\":\"ListItem\",\"position\":3,\"name\":\"Privat kajaktur ved isfjorden fra b\u00e5d | Ilulissat\"}]},{\"@type\":\"WebSite\",\"@id\":\"https:\/\/guidetogreenland.com\/da\/#website\",\"url\":\"https:\/\/guidetogreenland.com\/da\/\",\"name\":\"Guide to Greenland\",\"description\":\"Largest selection of tours in Greenland\",\"potentialAction\":[{\"@type\":\"SearchAction\",\"target\":{\"@type\":\"EntryPoint\",\"urlTemplate\":\"https:\/\/guidetogreenland.com\/da\/?s={search_term_string}\"},\"query-input\":{\"@type\":\"PropertyValueSpecification\",\"valueRequired\":true,\"valueName\":\"search_term_string\"}}],\"inLanguage\":\"da-DK\"}]}<\/script>\n<!-- \/ Yoast SEO plugin. -->","yoast_head_json":{"title":"Privat kajaktur ved isfjorden fra b\u00e5d | Ilulissat | Guide to Greenland","robots":{"index":"index","follow":"follow","max-snippet":"max-snippet:-1","max-image-preview":"max-image-preview:large","max-video-preview":"max-video-preview:-1"},"canonical":"https:\/\/guidetogreenland.com\/da\/reserver-ferie-rejser\/privat-kajaktur-ved-isfjorden-fra-bad-ilulissat\/","og_locale":"da_DK","og_type":"article","og_title":"Privat kajaktur ved isfjorden fra b\u00e5d | Ilulissat | Guide to Greenland","og_description":"Nyd at ro kajak mellem isbjerge i den UNESCO-listede Ilulissat isfjord, hvilket vil v\u00e6re en oplevelse for livet. Vi medbringer kajakker og alt n\u00f8dvendigt udstyr i vores \u00e5bne b\u00e5d og sejler ud til isfjorden. Sammen med dig finder vi det perfekte sted til kajaksejlads, hvor du kan nyde den enest\u00e5ende natur. Derefter vil du blive...","og_url":"https:\/\/guidetogreenland.com\/da\/reserver-ferie-rejser\/privat-kajaktur-ved-isfjorden-fra-bad-ilulissat\/","og_site_name":"Guide to Greenland","article_modified_time":"2025-11-07T06:22:43+00:00","og_image":[{"width":2560,"height":1440,"url":"https:\/\/guidetogreenland.com\/wp-content\/uploads\/2024\/06\/Kayaking-Ilulissat-Guide-to-Greenland-6E8B1A1A-591A-4A70-AF82-20964A83B316-scaled.jpeg","type":"image\/jpeg"}],"twitter_card":"summary_large_image","twitter_misc":{"Estimeret l\u00e6setid":"1 minut"},"schema":{"@context":"https:\/\/schema.org","@graph":[{"@type":"WebPage","@id":"https:\/\/guidetogreenland.com\/da\/reserver-ferie-rejser\/privat-kajaktur-ved-isfjorden-fra-bad-ilulissat\/","url":"https:\/\/guidetogreenland.com\/da\/reserver-ferie-rejser\/privat-kajaktur-ved-isfjorden-fra-bad-ilulissat\/","name":"Privat kajaktur ved isfjorden fra b\u00e5d | Ilulissat | Guide to Greenland","isPartOf":{"@id":"https:\/\/guidetogreenland.com\/da\/#website"},"primaryImageOfPage":{"@id":"https:\/\/guidetogreenland.com\/da\/reserver-ferie-rejser\/privat-kajaktur-ved-isfjorden-fra-bad-ilulissat\/#primaryimage"},"image":{"@id":"https:\/\/guidetogreenland.com\/da\/reserver-ferie-rejser\/privat-kajaktur-ved-isfjorden-fra-bad-ilulissat\/#primaryimage"},"thumbnailUrl":"https:\/\/guidetogreenland.com\/wp-content\/uploads\/2024\/06\/Kayaking-Ilulissat-Guide-to-Greenland-6E8B1A1A-591A-4A70-AF82-20964A83B316-scaled.jpeg","datePublished":"2024-06-20T16:11:10+00:00","dateModified":"2025-11-07T06:22:43+00:00","breadcrumb":{"@id":"https:\/\/guidetogreenland.com\/da\/reserver-ferie-rejser\/privat-kajaktur-ved-isfjorden-fra-bad-ilulissat\/#breadcrumb"},"inLanguage":"da-DK","potentialAction":[{"@type":"ReadAction","target":["https:\/\/guidetogreenland.com\/da\/reserver-ferie-rejser\/privat-kajaktur-ved-isfjorden-fra-bad-ilulissat\/"]}]},{"@type":"ImageObject","inLanguage":"da-DK","@id":"https:\/\/guidetogreenland.com\/da\/reserver-ferie-rejser\/privat-kajaktur-ved-isfjorden-fra-bad-ilulissat\/#primaryimage","url":"https:\/\/guidetogreenland.com\/wp-content\/uploads\/2024\/06\/Kayaking-Ilulissat-Guide-to-Greenland-6E8B1A1A-591A-4A70-AF82-20964A83B316-scaled.jpeg","contentUrl":"https:\/\/guidetogreenland.com\/wp-content\/uploads\/2024\/06\/Kayaking-Ilulissat-Guide-to-Greenland-6E8B1A1A-591A-4A70-AF82-20964A83B316-scaled.jpeg","width":2560,"height":1440},{"@type":"BreadcrumbList","@id":"https:\/\/guidetogreenland.com\/da\/reserver-ferie-rejser\/privat-kajaktur-ved-isfjorden-fra-bad-ilulissat\/#breadcrumb","itemListElement":[{"@type":"ListItem","position":1,"name":"Home","item":"https:\/\/guidetogreenland.com\/da\/"},{"@type":"ListItem","position":2,"name":"Se alle ture","item":"https:\/\/guidetogreenland.com\/da\/reserver-ferie-rejser\/"},{"@type":"ListItem","position":3,"name":"Privat kajaktur ved isfjorden fra b\u00e5d | Ilulissat"}]},{"@type":"WebSite","@id":"https:\/\/guidetogreenland.com\/da\/#website","url":"https:\/\/guidetogreenland.com\/da\/","name":"Guide to Greenland","description":"Largest selection of tours in Greenland","potentialAction":[{"@type":"SearchAction","target":{"@type":"EntryPoint","urlTemplate":"https:\/\/guidetogreenland.com\/da\/?s={search_term_string}"},"query-input":{"@type":"PropertyValueSpecification","valueRequired":true,"valueName":"search_term_string"}}],"inLanguage":"da-DK"}]}},"_links":{"self":[{"href":"https:\/\/guidetogreenland.com\/da\/wp-json\/wp\/v2\/product\/57259","targetHints":{"allow":["GET"]}}],"collection":[{"href":"https:\/\/guidetogreenland.com\/da\/wp-json\/wp\/v2\/product"}],"about":[{"href":"https:\/\/guidetogreenland.com\/da\/wp-json\/wp\/v2\/types\/product"}],"replies":[{"embeddable":true,"href":"https:\/\/guidetogreenland.com\/da\/wp-json\/wp\/v2\/comments?post=57259"}],"wp:featuredmedia":[{"embeddable":true,"href":"https:\/\/guidetogreenland.com\/da\/wp-json\/wp\/v2\/media\/57019"}],"wp:attachment":[{"href":"https:\/\/guidetogreenland.com\/da\/wp-json\/wp\/v2\/media?parent=57259"}],"wp:term":[{"taxonomy":"product_brand","embeddable":true,"href":"https:\/\/guidetogreenland.com\/da\/wp-json\/wp\/v2\/product_brand?post=57259"},{"taxonomy":"product_cat","embeddable":true,"href":"https:\/\/guidetogreenland.com\/da\/wp-json\/wp\/v2\/product_cat?post=57259"},{"taxonomy":"product_tag","embeddable":true,"href":"https:\/\/guidetogreenland.com\/da\/wp-json\/wp\/v2\/product_tag?post=57259"}],"curies":[{"name":"wp","href":"https:\/\/api.w.org\/{rel}","templated":true}]}}