{"id":57322,"date":"2024-06-20T13:16:19","date_gmt":"2024-06-20T16:16:19","guid":{"rendered":"https:\/\/guidetogreenland.com\/book-trips-holiday\/private-stand-up-paddle-in-ilulissat-icefjord-from-the-boat-ilulissat\/"},"modified":"2024-06-26T09:47:27","modified_gmt":"2024-06-26T12:47:27","slug":"private-stand-up-paddle-in-ilulissat-icefjord-from-the-boat-ilulissat","status":"publish","type":"product","link":"https:\/\/guidetogreenland.com\/da\/reserver-ferie-rejser\/privat-stand-up-paddle-tur-ved-isfjorden-fra-bad-ilulissat\/","title":{"rendered":"Privat Stand up paddle-tur ved isfjorden fra b\u00e5d | Ilulissat"},"content":{"rendered":"<p><span style=\"font-weight: 400;\">Kan du forestille dig at glide lydl\u00f8st gennem det spejlblanke hav, omgivet af gigantiske isbjerge? Forestil dig at nyde den storsl\u00e5ede udsigt over Ilulissat Isfjord og den totale stilhed, mens du padler.<\/span><\/p>\n<p><span style=\"font-weight: 400;\">Deltag i denne tur og f\u00e5 en unik oplevelse ved isfjorden p\u00e5 vores private og personlige stand-up paddleboard (SUP) tur. Dit eventyr begynder i havnen, hvor guiden vil m\u00f8de dig.<\/span><\/p>\n<p><span style=\"font-weight: 400;\">Vi tager paddleboards, t\u00f8rdragter og andet n\u00f8dvendigt udstyr med i b\u00e5den og sejler ud mod isfjorden.<\/span><\/p>\n<p><span style=\"font-weight: 400;\">N\u00e5r vi kommer t\u00e6ttere p\u00e5 isfjorden og finder et smukt sted at padle, vil du blive kl\u00e6dt p\u00e5 med passende udstyr egnet til arktiske forhold. Derefter vil guiden introducere dig til SUP og hvordan man padler. N\u00e5r du f\u00f8ler dig klar til at komme p\u00e5 boardet, vil guiden hj\u00e6lpe dig med at komme fra b\u00e5den og over p\u00e5 paddleboardet. Vi vil hj\u00e6lpe, guide og instruere dig undervejs.<\/span><\/p>\n<p><span style=\"font-weight: 400;\">I den n\u00e6ste time kan du frit padle, mens guiden f\u00f8lger dig med b\u00e5den. Du beh\u00f8ver ikke n\u00f8dvendigvis at st\u00e5 p\u00e5 boardet; du kan ogs\u00e5 kn\u00e6le og tage et minut eller mere for at nyde udsigten og stilheden. Hvis du er heldig, kan vi ogs\u00e5 spotte nogle s\u00e6ler eller hvaler p\u00e5 turen!<\/span><\/p>\n<p><span style=\"font-weight: 400;\">Du kan deltage alene eller invitere dine venner og familie. P\u00e5 denne tur kan vi have en maksimumsgruppe p\u00e5 4 personer.<\/span><\/p>\n<p><span style=\"font-weight: 400;\">V\u00e6lg den dato og tid, du gerne vil p\u00e5 SUP-tur, og book dit eventyr nu!<\/span><\/p>\n","protected":false},"excerpt":{"rendered":"Kan du forestille dig at glide lydl\u00f8st gennem det spejlblanke hav, omgivet af gigantiske isbjerge? Forestil dig at nyde den storsl\u00e5ede udsigt over Ilulissat Isfjord og den totale stilhed, mens du padler. Deltag i denne tur og f\u00e5 en unik oplevelse ved isfjorden p\u00e5 vores private og personlige stand-up paddleboard (SUP) tur. Dit eventyr begynder&#8230;","protected":false},"featured_media":57051,"comment_status":"open","ping_status":"closed","template":"","meta":[],"product_brand":[],"product_cat":[594,605,629,692,617,618,593,609,1068,644],"product_tag":[919],"class_list":{"0":"post-57322","1":"product","2":"type-product","3":"status-publish","4":"has-post-thumbnail","6":"product_cat-baadture","7":"product_cat-dagsture-om-sommeren","8":"product_cat-disko-bugten","9":"product_cat-iceberg-icefjord-tours","10":"product_cat-ilulissat-isfjord-ture","11":"product_cat-midnatssol-ture","12":"product_cat-oplevelser-i-groenland","13":"product_cat-sup-kayakture","14":"product_cat-dagsture","15":"product_cat-ture-i-ilulissat","16":"product_tag-ilulissat-da","17":"pa_activities-baadtur","18":"pa_activities-kajak-sup","19":"pa_attractions-ilulissat-icefjord","20":"pa_available-month-maj","21":"pa_available-month-juni","22":"pa_available-month-juli","23":"pa_available-month-august","24":"pa_available-month-september","25":"pa_destinations-ilulissat","26":"pa_difficulty-moderat","27":"pa_duration-2-timer","28":"pa_tour-type-dagsture","30":"first","31":"instock","32":"sold-individually","33":"shipping-taxable","34":"purchasable","35":"product-type-booking"},"acf":[],"yoast_head":"<!-- This site is optimized with the Yoast SEO plugin v25.6 - https:\/\/yoast.com\/wordpress\/plugins\/seo\/ -->\n<title>Privat Stand up paddle-tur ved isfjorden fra b\u00e5d | Ilulissat | Guide to Greenland<\/title>\n<meta name=\"robots\" content=\"index, follow, max-snippet:-1, max-image-preview:large, max-video-preview:-1\" \/>\n<link rel=\"canonical\" href=\"https:\/\/guidetogreenland.com\/da\/reserver-ferie-rejser\/privat-stand-up-paddle-tur-ved-isfjorden-fra-bad-ilulissat\/\" \/>\n<meta property=\"og:locale\" content=\"da_DK\" \/>\n<meta property=\"og:type\" content=\"article\" \/>\n<meta property=\"og:title\" content=\"Privat Stand up paddle-tur ved isfjorden fra b\u00e5d | Ilulissat | Guide to Greenland\" \/>\n<meta property=\"og:description\" content=\"Kan du forestille dig at glide lydl\u00f8st gennem det spejlblanke hav, omgivet af gigantiske isbjerge? Forestil dig at nyde den storsl\u00e5ede udsigt over Ilulissat Isfjord og den totale stilhed, mens du padler. Deltag i denne tur og f\u00e5 en unik oplevelse ved isfjorden p\u00e5 vores private og personlige stand-up paddleboard (SUP) tur. Dit eventyr begynder...\" \/>\n<meta property=\"og:url\" content=\"https:\/\/guidetogreenland.com\/da\/reserver-ferie-rejser\/privat-stand-up-paddle-tur-ved-isfjorden-fra-bad-ilulissat\/\" \/>\n<meta property=\"og:site_name\" content=\"Guide to Greenland\" \/>\n<meta property=\"article:modified_time\" content=\"2024-06-26T12:47:27+00:00\" \/>\n<meta property=\"og:image\" content=\"https:\/\/guidetogreenland.com\/wp-content\/uploads\/2024\/06\/SUP-in-Ilulissat-Icefjord-Guide-to-Greenland.jpeg\" \/>\n\t<meta property=\"og:image:width\" content=\"1504\" \/>\n\t<meta property=\"og:image:height\" content=\"1127\" \/>\n\t<meta property=\"og:image:type\" content=\"image\/jpeg\" \/>\n<meta name=\"twitter:card\" content=\"summary_large_image\" \/>\n<meta name=\"twitter:label1\" content=\"Estimeret l\u00e6setid\" \/>\n\t<meta name=\"twitter:data1\" content=\"2 minutter\" \/>\n<script type=\"application\/ld+json\" class=\"yoast-schema-graph\">{\"@context\":\"https:\/\/schema.org\",\"@graph\":[{\"@type\":\"WebPage\",\"@id\":\"https:\/\/guidetogreenland.com\/da\/reserver-ferie-rejser\/privat-stand-up-paddle-tur-ved-isfjorden-fra-bad-ilulissat\/\",\"url\":\"https:\/\/guidetogreenland.com\/da\/reserver-ferie-rejser\/privat-stand-up-paddle-tur-ved-isfjorden-fra-bad-ilulissat\/\",\"name\":\"Privat Stand up paddle-tur ved isfjorden fra b\u00e5d | Ilulissat | Guide to Greenland\",\"isPartOf\":{\"@id\":\"https:\/\/guidetogreenland.com\/da\/#website\"},\"primaryImageOfPage\":{\"@id\":\"https:\/\/guidetogreenland.com\/da\/reserver-ferie-rejser\/privat-stand-up-paddle-tur-ved-isfjorden-fra-bad-ilulissat\/#primaryimage\"},\"image\":{\"@id\":\"https:\/\/guidetogreenland.com\/da\/reserver-ferie-rejser\/privat-stand-up-paddle-tur-ved-isfjorden-fra-bad-ilulissat\/#primaryimage\"},\"thumbnailUrl\":\"https:\/\/guidetogreenland.com\/wp-content\/uploads\/2024\/06\/SUP-in-Ilulissat-Icefjord-Guide-to-Greenland.jpeg\",\"datePublished\":\"2024-06-20T16:16:19+00:00\",\"dateModified\":\"2024-06-26T12:47:27+00:00\",\"breadcrumb\":{\"@id\":\"https:\/\/guidetogreenland.com\/da\/reserver-ferie-rejser\/privat-stand-up-paddle-tur-ved-isfjorden-fra-bad-ilulissat\/#breadcrumb\"},\"inLanguage\":\"da-DK\",\"potentialAction\":[{\"@type\":\"ReadAction\",\"target\":[\"https:\/\/guidetogreenland.com\/da\/reserver-ferie-rejser\/privat-stand-up-paddle-tur-ved-isfjorden-fra-bad-ilulissat\/\"]}]},{\"@type\":\"ImageObject\",\"inLanguage\":\"da-DK\",\"@id\":\"https:\/\/guidetogreenland.com\/da\/reserver-ferie-rejser\/privat-stand-up-paddle-tur-ved-isfjorden-fra-bad-ilulissat\/#primaryimage\",\"url\":\"https:\/\/guidetogreenland.com\/wp-content\/uploads\/2024\/06\/SUP-in-Ilulissat-Icefjord-Guide-to-Greenland.jpeg\",\"contentUrl\":\"https:\/\/guidetogreenland.com\/wp-content\/uploads\/2024\/06\/SUP-in-Ilulissat-Icefjord-Guide-to-Greenland.jpeg\",\"width\":1504,\"height\":1127},{\"@type\":\"BreadcrumbList\",\"@id\":\"https:\/\/guidetogreenland.com\/da\/reserver-ferie-rejser\/privat-stand-up-paddle-tur-ved-isfjorden-fra-bad-ilulissat\/#breadcrumb\",\"itemListElement\":[{\"@type\":\"ListItem\",\"position\":1,\"name\":\"Home\",\"item\":\"https:\/\/guidetogreenland.com\/da\/\"},{\"@type\":\"ListItem\",\"position\":2,\"name\":\"Se alle ture\",\"item\":\"https:\/\/guidetogreenland.com\/da\/reserver-ferie-rejser\/\"},{\"@type\":\"ListItem\",\"position\":3,\"name\":\"Privat Stand up paddle-tur ved isfjorden fra b\u00e5d | Ilulissat\"}]},{\"@type\":\"WebSite\",\"@id\":\"https:\/\/guidetogreenland.com\/da\/#website\",\"url\":\"https:\/\/guidetogreenland.com\/da\/\",\"name\":\"Guide to Greenland\",\"description\":\"Largest selection of tours in Greenland\",\"potentialAction\":[{\"@type\":\"SearchAction\",\"target\":{\"@type\":\"EntryPoint\",\"urlTemplate\":\"https:\/\/guidetogreenland.com\/da\/?s={search_term_string}\"},\"query-input\":{\"@type\":\"PropertyValueSpecification\",\"valueRequired\":true,\"valueName\":\"search_term_string\"}}],\"inLanguage\":\"da-DK\"}]}<\/script>\n<!-- \/ Yoast SEO plugin. -->","yoast_head_json":{"title":"Privat Stand up paddle-tur ved isfjorden fra b\u00e5d | Ilulissat | Guide to Greenland","robots":{"index":"index","follow":"follow","max-snippet":"max-snippet:-1","max-image-preview":"max-image-preview:large","max-video-preview":"max-video-preview:-1"},"canonical":"https:\/\/guidetogreenland.com\/da\/reserver-ferie-rejser\/privat-stand-up-paddle-tur-ved-isfjorden-fra-bad-ilulissat\/","og_locale":"da_DK","og_type":"article","og_title":"Privat Stand up paddle-tur ved isfjorden fra b\u00e5d | Ilulissat | Guide to Greenland","og_description":"Kan du forestille dig at glide lydl\u00f8st gennem det spejlblanke hav, omgivet af gigantiske isbjerge? Forestil dig at nyde den storsl\u00e5ede udsigt over Ilulissat Isfjord og den totale stilhed, mens du padler. Deltag i denne tur og f\u00e5 en unik oplevelse ved isfjorden p\u00e5 vores private og personlige stand-up paddleboard (SUP) tur. Dit eventyr begynder...","og_url":"https:\/\/guidetogreenland.com\/da\/reserver-ferie-rejser\/privat-stand-up-paddle-tur-ved-isfjorden-fra-bad-ilulissat\/","og_site_name":"Guide to Greenland","article_modified_time":"2024-06-26T12:47:27+00:00","og_image":[{"width":1504,"height":1127,"url":"https:\/\/guidetogreenland.com\/wp-content\/uploads\/2024\/06\/SUP-in-Ilulissat-Icefjord-Guide-to-Greenland.jpeg","type":"image\/jpeg"}],"twitter_card":"summary_large_image","twitter_misc":{"Estimeret l\u00e6setid":"2 minutter"},"schema":{"@context":"https:\/\/schema.org","@graph":[{"@type":"WebPage","@id":"https:\/\/guidetogreenland.com\/da\/reserver-ferie-rejser\/privat-stand-up-paddle-tur-ved-isfjorden-fra-bad-ilulissat\/","url":"https:\/\/guidetogreenland.com\/da\/reserver-ferie-rejser\/privat-stand-up-paddle-tur-ved-isfjorden-fra-bad-ilulissat\/","name":"Privat Stand up paddle-tur ved isfjorden fra b\u00e5d | Ilulissat | Guide to Greenland","isPartOf":{"@id":"https:\/\/guidetogreenland.com\/da\/#website"},"primaryImageOfPage":{"@id":"https:\/\/guidetogreenland.com\/da\/reserver-ferie-rejser\/privat-stand-up-paddle-tur-ved-isfjorden-fra-bad-ilulissat\/#primaryimage"},"image":{"@id":"https:\/\/guidetogreenland.com\/da\/reserver-ferie-rejser\/privat-stand-up-paddle-tur-ved-isfjorden-fra-bad-ilulissat\/#primaryimage"},"thumbnailUrl":"https:\/\/guidetogreenland.com\/wp-content\/uploads\/2024\/06\/SUP-in-Ilulissat-Icefjord-Guide-to-Greenland.jpeg","datePublished":"2024-06-20T16:16:19+00:00","dateModified":"2024-06-26T12:47:27+00:00","breadcrumb":{"@id":"https:\/\/guidetogreenland.com\/da\/reserver-ferie-rejser\/privat-stand-up-paddle-tur-ved-isfjorden-fra-bad-ilulissat\/#breadcrumb"},"inLanguage":"da-DK","potentialAction":[{"@type":"ReadAction","target":["https:\/\/guidetogreenland.com\/da\/reserver-ferie-rejser\/privat-stand-up-paddle-tur-ved-isfjorden-fra-bad-ilulissat\/"]}]},{"@type":"ImageObject","inLanguage":"da-DK","@id":"https:\/\/guidetogreenland.com\/da\/reserver-ferie-rejser\/privat-stand-up-paddle-tur-ved-isfjorden-fra-bad-ilulissat\/#primaryimage","url":"https:\/\/guidetogreenland.com\/wp-content\/uploads\/2024\/06\/SUP-in-Ilulissat-Icefjord-Guide-to-Greenland.jpeg","contentUrl":"https:\/\/guidetogreenland.com\/wp-content\/uploads\/2024\/06\/SUP-in-Ilulissat-Icefjord-Guide-to-Greenland.jpeg","width":1504,"height":1127},{"@type":"BreadcrumbList","@id":"https:\/\/guidetogreenland.com\/da\/reserver-ferie-rejser\/privat-stand-up-paddle-tur-ved-isfjorden-fra-bad-ilulissat\/#breadcrumb","itemListElement":[{"@type":"ListItem","position":1,"name":"Home","item":"https:\/\/guidetogreenland.com\/da\/"},{"@type":"ListItem","position":2,"name":"Se alle ture","item":"https:\/\/guidetogreenland.com\/da\/reserver-ferie-rejser\/"},{"@type":"ListItem","position":3,"name":"Privat Stand up paddle-tur ved isfjorden fra b\u00e5d | Ilulissat"}]},{"@type":"WebSite","@id":"https:\/\/guidetogreenland.com\/da\/#website","url":"https:\/\/guidetogreenland.com\/da\/","name":"Guide to Greenland","description":"Largest selection of tours in Greenland","potentialAction":[{"@type":"SearchAction","target":{"@type":"EntryPoint","urlTemplate":"https:\/\/guidetogreenland.com\/da\/?s={search_term_string}"},"query-input":{"@type":"PropertyValueSpecification","valueRequired":true,"valueName":"search_term_string"}}],"inLanguage":"da-DK"}]}},"_links":{"self":[{"href":"https:\/\/guidetogreenland.com\/da\/wp-json\/wp\/v2\/product\/57322","targetHints":{"allow":["GET"]}}],"collection":[{"href":"https:\/\/guidetogreenland.com\/da\/wp-json\/wp\/v2\/product"}],"about":[{"href":"https:\/\/guidetogreenland.com\/da\/wp-json\/wp\/v2\/types\/product"}],"replies":[{"embeddable":true,"href":"https:\/\/guidetogreenland.com\/da\/wp-json\/wp\/v2\/comments?post=57322"}],"wp:featuredmedia":[{"embeddable":true,"href":"https:\/\/guidetogreenland.com\/da\/wp-json\/wp\/v2\/media\/57051"}],"wp:attachment":[{"href":"https:\/\/guidetogreenland.com\/da\/wp-json\/wp\/v2\/media?parent=57322"}],"wp:term":[{"taxonomy":"product_brand","embeddable":true,"href":"https:\/\/guidetogreenland.com\/da\/wp-json\/wp\/v2\/product_brand?post=57322"},{"taxonomy":"product_cat","embeddable":true,"href":"https:\/\/guidetogreenland.com\/da\/wp-json\/wp\/v2\/product_cat?post=57322"},{"taxonomy":"product_tag","embeddable":true,"href":"https:\/\/guidetogreenland.com\/da\/wp-json\/wp\/v2\/product_tag?post=57322"}],"curies":[{"name":"wp","href":"https:\/\/api.w.org\/{rel}","templated":true}]}}