{"id":44482,"date":"2024-04-23T08:27:14","date_gmt":"2024-04-23T11:27:14","guid":{"rendered":"https:\/\/guidetogreenland.com\/?page_id=44482"},"modified":"2024-11-14T11:51:15","modified_gmt":"2024-11-14T14:51:15","slug":"home-de","status":"publish","type":"page","link":"https:\/\/guidetogreenland.com\/de\/","title":{"rendered":"Home (DE)"},"content":{"rendered":"","protected":false},"excerpt":{"rendered":"","protected":false},"author":1,"featured_media":60928,"parent":0,"menu_order":0,"comment_status":"closed","ping_status":"closed","template":"template-demo.php","meta":{"footnotes":""},"class_list":["post-44482","page","type-page","status-publish","has-post-thumbnail","hentry"],"acf":[],"yoast_head":"<!-- This site is optimized with the Yoast SEO plugin v25.6 - https:\/\/yoast.com\/wordpress\/plugins\/seo\/ -->\n<title>Guide to Greenland | Tagestouren &amp; Urlaubspakete in Gr\u00f6nland<\/title>\n<meta name=\"description\" content=\"Planen Sie Ihre Reise nach Gr\u00f6nland mit uns - einfach und sofort buchbar! Entdecken Sie hier unsere gro\u00dfe Auswahl an Tagestouren &amp; Urlaubspaketen in Gr\u00f6nland\" \/>\n<meta name=\"robots\" content=\"index, follow, max-snippet:-1, max-image-preview:large, max-video-preview:-1\" \/>\n<link rel=\"canonical\" href=\"https:\/\/guidetogreenland.com\/de\/\" \/>\n<meta property=\"og:locale\" content=\"de_DE\" \/>\n<meta property=\"og:type\" content=\"article\" \/>\n<meta property=\"og:title\" content=\"Guide to Greenland | Tagestouren &amp; Urlaubspakete in Gr\u00f6nland\" \/>\n<meta property=\"og:description\" content=\"Planen Sie Ihre Reise nach Gr\u00f6nland mit uns - einfach und sofort buchbar! Entdecken Sie hier unsere gro\u00dfe Auswahl an Tagestouren &amp; Urlaubspaketen in Gr\u00f6nland\" \/>\n<meta property=\"og:url\" content=\"https:\/\/guidetogreenland.com\/de\/\" \/>\n<meta property=\"og:site_name\" content=\"Guide to Greenland\" \/>\n<meta property=\"article:modified_time\" content=\"2024-11-14T14:51:15+00:00\" \/>\n<meta property=\"og:image\" content=\"https:\/\/guidetogreenland.com\/wp-content\/uploads\/2024\/10\/Nuuk-colorful-houses-scaled.jpg\" \/>\n\t<meta property=\"og:image:width\" content=\"2560\" \/>\n\t<meta property=\"og:image:height\" content=\"1920\" \/>\n\t<meta property=\"og:image:type\" content=\"image\/jpeg\" \/>\n<meta name=\"twitter:card\" content=\"summary_large_image\" \/>\n<script type=\"application\/ld+json\" class=\"yoast-schema-graph\">{\"@context\":\"https:\/\/schema.org\",\"@graph\":[{\"@type\":\"WebPage\",\"@id\":\"https:\/\/guidetogreenland.com\/de\/\",\"url\":\"https:\/\/guidetogreenland.com\/de\/\",\"name\":\"Guide to Greenland | Tagestouren & Urlaubspakete in Gr\u00f6nland\",\"isPartOf\":{\"@id\":\"https:\/\/guidetogreenland.com\/de\/#website\"},\"primaryImageOfPage\":{\"@id\":\"https:\/\/guidetogreenland.com\/de\/#primaryimage\"},\"image\":{\"@id\":\"https:\/\/guidetogreenland.com\/de\/#primaryimage\"},\"thumbnailUrl\":\"https:\/\/guidetogreenland.com\/wp-content\/uploads\/2024\/10\/Nuuk-colorful-houses-scaled.jpg\",\"datePublished\":\"2024-04-23T11:27:14+00:00\",\"dateModified\":\"2024-11-14T14:51:15+00:00\",\"description\":\"Planen Sie Ihre Reise nach Gr\u00f6nland mit uns - einfach und sofort buchbar! Entdecken Sie hier unsere gro\u00dfe Auswahl an Tagestouren & Urlaubspaketen in Gr\u00f6nland\",\"breadcrumb\":{\"@id\":\"https:\/\/guidetogreenland.com\/de\/#breadcrumb\"},\"inLanguage\":\"de\",\"potentialAction\":[{\"@type\":\"ReadAction\",\"target\":[\"https:\/\/guidetogreenland.com\/de\/\"]}]},{\"@type\":\"ImageObject\",\"inLanguage\":\"de\",\"@id\":\"https:\/\/guidetogreenland.com\/de\/#primaryimage\",\"url\":\"https:\/\/guidetogreenland.com\/wp-content\/uploads\/2024\/10\/Nuuk-colorful-houses-scaled.jpg\",\"contentUrl\":\"https:\/\/guidetogreenland.com\/wp-content\/uploads\/2024\/10\/Nuuk-colorful-houses-scaled.jpg\",\"width\":2560,\"height\":1920},{\"@type\":\"BreadcrumbList\",\"@id\":\"https:\/\/guidetogreenland.com\/de\/#breadcrumb\",\"itemListElement\":[{\"@type\":\"ListItem\",\"position\":1,\"name\":\"Home\",\"item\":\"https:\/\/guidetogreenland.com\/de\/\"},{\"@type\":\"ListItem\",\"position\":2,\"name\":\"Home (DE)\"}]},{\"@type\":\"WebSite\",\"@id\":\"https:\/\/guidetogreenland.com\/de\/#website\",\"url\":\"https:\/\/guidetogreenland.com\/de\/\",\"name\":\"Guide to Greenland\",\"description\":\"Largest selection of tours in Greenland\",\"potentialAction\":[{\"@type\":\"SearchAction\",\"target\":{\"@type\":\"EntryPoint\",\"urlTemplate\":\"https:\/\/guidetogreenland.com\/de\/?s={search_term_string}\"},\"query-input\":{\"@type\":\"PropertyValueSpecification\",\"valueRequired\":true,\"valueName\":\"search_term_string\"}}],\"inLanguage\":\"de\"}]}<\/script>\n<!-- \/ Yoast SEO plugin. -->","yoast_head_json":{"title":"Guide to Greenland | Tagestouren & Urlaubspakete in Gr\u00f6nland","description":"Planen Sie Ihre Reise nach Gr\u00f6nland mit uns - einfach und sofort buchbar! Entdecken Sie hier unsere gro\u00dfe Auswahl an Tagestouren & Urlaubspaketen in Gr\u00f6nland","robots":{"index":"index","follow":"follow","max-snippet":"max-snippet:-1","max-image-preview":"max-image-preview:large","max-video-preview":"max-video-preview:-1"},"canonical":"https:\/\/guidetogreenland.com\/de\/","og_locale":"de_DE","og_type":"article","og_title":"Guide to Greenland | Tagestouren & Urlaubspakete in Gr\u00f6nland","og_description":"Planen Sie Ihre Reise nach Gr\u00f6nland mit uns - einfach und sofort buchbar! Entdecken Sie hier unsere gro\u00dfe Auswahl an Tagestouren & Urlaubspaketen in Gr\u00f6nland","og_url":"https:\/\/guidetogreenland.com\/de\/","og_site_name":"Guide to Greenland","article_modified_time":"2024-11-14T14:51:15+00:00","og_image":[{"width":2560,"height":1920,"url":"https:\/\/guidetogreenland.com\/wp-content\/uploads\/2024\/10\/Nuuk-colorful-houses-scaled.jpg","type":"image\/jpeg"}],"twitter_card":"summary_large_image","schema":{"@context":"https:\/\/schema.org","@graph":[{"@type":"WebPage","@id":"https:\/\/guidetogreenland.com\/de\/","url":"https:\/\/guidetogreenland.com\/de\/","name":"Guide to Greenland | Tagestouren & Urlaubspakete in Gr\u00f6nland","isPartOf":{"@id":"https:\/\/guidetogreenland.com\/de\/#website"},"primaryImageOfPage":{"@id":"https:\/\/guidetogreenland.com\/de\/#primaryimage"},"image":{"@id":"https:\/\/guidetogreenland.com\/de\/#primaryimage"},"thumbnailUrl":"https:\/\/guidetogreenland.com\/wp-content\/uploads\/2024\/10\/Nuuk-colorful-houses-scaled.jpg","datePublished":"2024-04-23T11:27:14+00:00","dateModified":"2024-11-14T14:51:15+00:00","description":"Planen Sie Ihre Reise nach Gr\u00f6nland mit uns - einfach und sofort buchbar! Entdecken Sie hier unsere gro\u00dfe Auswahl an Tagestouren & Urlaubspaketen in Gr\u00f6nland","breadcrumb":{"@id":"https:\/\/guidetogreenland.com\/de\/#breadcrumb"},"inLanguage":"de","potentialAction":[{"@type":"ReadAction","target":["https:\/\/guidetogreenland.com\/de\/"]}]},{"@type":"ImageObject","inLanguage":"de","@id":"https:\/\/guidetogreenland.com\/de\/#primaryimage","url":"https:\/\/guidetogreenland.com\/wp-content\/uploads\/2024\/10\/Nuuk-colorful-houses-scaled.jpg","contentUrl":"https:\/\/guidetogreenland.com\/wp-content\/uploads\/2024\/10\/Nuuk-colorful-houses-scaled.jpg","width":2560,"height":1920},{"@type":"BreadcrumbList","@id":"https:\/\/guidetogreenland.com\/de\/#breadcrumb","itemListElement":[{"@type":"ListItem","position":1,"name":"Home","item":"https:\/\/guidetogreenland.com\/de\/"},{"@type":"ListItem","position":2,"name":"Home (DE)"}]},{"@type":"WebSite","@id":"https:\/\/guidetogreenland.com\/de\/#website","url":"https:\/\/guidetogreenland.com\/de\/","name":"Guide to Greenland","description":"Largest selection of tours in Greenland","potentialAction":[{"@type":"SearchAction","target":{"@type":"EntryPoint","urlTemplate":"https:\/\/guidetogreenland.com\/de\/?s={search_term_string}"},"query-input":{"@type":"PropertyValueSpecification","valueRequired":true,"valueName":"search_term_string"}}],"inLanguage":"de"}]}},"_links":{"self":[{"href":"https:\/\/guidetogreenland.com\/de\/wp-json\/wp\/v2\/pages\/44482","targetHints":{"allow":["GET"]}}],"collection":[{"href":"https:\/\/guidetogreenland.com\/de\/wp-json\/wp\/v2\/pages"}],"about":[{"href":"https:\/\/guidetogreenland.com\/de\/wp-json\/wp\/v2\/types\/page"}],"author":[{"embeddable":true,"href":"https:\/\/guidetogreenland.com\/de\/wp-json\/wp\/v2\/users\/1"}],"replies":[{"embeddable":true,"href":"https:\/\/guidetogreenland.com\/de\/wp-json\/wp\/v2\/comments?post=44482"}],"version-history":[{"count":9,"href":"https:\/\/guidetogreenland.com\/de\/wp-json\/wp\/v2\/pages\/44482\/revisions"}],"predecessor-version":[{"id":61734,"href":"https:\/\/guidetogreenland.com\/de\/wp-json\/wp\/v2\/pages\/44482\/revisions\/61734"}],"wp:featuredmedia":[{"embeddable":true,"href":"https:\/\/guidetogreenland.com\/de\/wp-json\/wp\/v2\/media\/60928"}],"wp:attachment":[{"href":"https:\/\/guidetogreenland.com\/de\/wp-json\/wp\/v2\/media?parent=44482"}],"curies":[{"name":"wp","href":"https:\/\/api.w.org\/{rel}","templated":true}]}}