{"id":56221,"date":"2020-06-15T16:50:28","date_gmt":"2020-06-15T16:50:28","guid":{"rendered":"https:\/\/guidetogreenland.com\/how-to-get-to-greenland\/"},"modified":"2025-12-17T05:41:54","modified_gmt":"2025-12-17T08:41:54","slug":"wie-man-nach-groenland-reist","status":"publish","type":"page","link":"https:\/\/guidetogreenland.com\/de\/wie-man-nach-groenland-reist\/","title":{"rendered":"Wie man nach Gr\u00f6nland reist"},"content":{"rendered":"\n<p class=\"has-text-align-center\">Die gr\u00f6\u00dfte Insel der Welt ist leicht zu erreichen, aber es gibt nur wenige M\u00f6glichkeiten, um dorthin zu gelangen. Es gibt keine Br\u00fccken, Tunnel oder F\u00e4hren, die die Insel mit anderen L\u00e4ndern verbinden, also m\u00fcssen Sie fliegen. Insbesondere m\u00fcssen Sie entweder von D\u00e4nemark oder von Island aus fliegen. Derzeit gibt es keine Fl\u00fcge von Nordamerika oder anderen europ\u00e4ischen L\u00e4ndern.<\/p>\n\n\n\n<div style=\"height:45px\" aria-hidden=\"true\" class=\"wp-block-spacer\"><\/div>\n\n\n\n<h2 class=\"wp-block-heading has-text-align-center\"><span class=\"ez-toc-section\" id=\"Fluege_nach_Groenland\"><\/span>Fl\u00fcge nach Gr\u00f6nland<span class=\"ez-toc-section-end\"><\/span><\/h2>\n\n\n\n<p class=\"has-text-align-center\">Um nach Gr\u00f6nland zu fliegen, haben Sie die Wahl zwischen zwei Fluggesellschaften<\/p>\n\n\n\n<div class=\"wp-block-columns is-layout-flex wp-container-core-columns-is-layout-9d6595d7 wp-block-columns-is-layout-flex\">\n<div class=\"wp-block-column is-vertically-aligned-center is-layout-flow wp-block-column-is-layout-flow\">\n<figure class=\"wp-block-image\"><a href=\"https:\/\/www.airgreenland.com\/?utm_source=guidetogreenland&amp;utm_medium=referral\" target=\"_blank\" rel=\"noopener\"><img decoding=\"async\" src=\"https:\/\/guidetogreenland.com\/wp-content\/uploads\/elementor\/thumbs\/air_greenland_logo-300dpi-1-scaled-otszajjhm1fpga75rn870zxl9qjwuw6hel57i6z4lc.jpg\" alt=\"air_greenland_logo-300dpi (1)\" title=\"air_greenland_logo-300dpi (1)\"\/><\/a><\/figure>\n<\/div>\n\n\n\n<div class=\"wp-block-column is-vertically-aligned-center is-layout-flow wp-block-column-is-layout-flow\">\n<figure class=\"wp-block-gallery has-nested-images columns-default is-cropped wp-block-gallery-1 is-layout-flex wp-block-gallery-is-layout-flex\">\n<figure class=\"wp-block-image size-large\"><a href=\"https:\/\/www.icelandair.com\/en-us\/flights\/flights-to-greenland\" target=\"_blank\" rel=\"noreferrer noopener\"><img decoding=\"async\" data-id=\"36138\" src=\"https:\/\/guidetogreenland.com\/wp-content\/uploads\/2023\/06\/Icelandair-Logo_Screen_HEX_Color_Positive_Transparent-700x183.jpg\" alt=\"\" class=\"wp-image-36138\"\/><\/a><\/figure>\n<\/figure>\n<\/div>\n<\/div>\n\n\n\n<div style=\"height:45px\" aria-hidden=\"true\" class=\"wp-block-spacer\"><\/div>\n\n\n\n<h2 class=\"wp-block-heading has-text-align-center\"><span class=\"ez-toc-section\" id=\"Icelandair\"><\/span>Icelandair<span class=\"ez-toc-section-end\"><\/span><\/h2>\n\n\n\n<p><a href=\"https:\/\/www.icelandair.com\/\" target=\"_blank\" rel=\"noreferrer noopener\">Icelandair<\/a>\u00a0fliegt vom internationalen Flughafen Keflavik (KEF) direkt zu verschiedenen Orten in Gr\u00f6nland. Im Sommer gibt es t\u00e4gliche Fl\u00fcge nach Kulusuk (KUS) an der Ostk\u00fcste und an die Westk\u00fcste: Ilulissat (JAV) im Norden, Nuuk (GOH) in der Mitte und Narsarsuaq (UAK) im S\u00fcden. Im Winter werden vor allem Kulusuk (KUS) und Nuuk (GOH) angeflogen.<\/p>\n\n\n\n<p><\/p>\n\n\n\n<p> <a href=\"https:\/\/www.icelandair.com\/\" target=\"_blank\" rel=\"noreferrer noopener nofollow\">Icelandair<\/a> bietet Fl\u00fcge von Island nach Gr\u00f6nland an, mit reibungslosen Flugverbindungen von allen Zielen in den USA und Europa.<\/p>\n\n\n\n<figure class=\"wp-block-gallery has-nested-images columns-default is-cropped wp-block-gallery-2 is-layout-flex wp-block-gallery-is-layout-flex\">\n<figure class=\"wp-block-image size-large\"><a href=\"https:\/\/guidetogreenland.com\/wp-content\/uploads\/2023\/06\/Routemap-IcelandAir-Guide-to-Greenland-1252x525-v02-1.jpg\"><img loading=\"lazy\" decoding=\"async\" width=\"700\" height=\"294\" data-id=\"36140\" src=\"https:\/\/guidetogreenland.com\/wp-content\/uploads\/2023\/06\/Routemap-IcelandAir-Guide-to-Greenland-1252x525-v02-1-700x294.jpg\" alt=\"\" class=\"wp-image-36140\" srcset=\"https:\/\/guidetogreenland.com\/wp-content\/uploads\/2023\/06\/Routemap-IcelandAir-Guide-to-Greenland-1252x525-v02-1-700x294.jpg 700w, https:\/\/guidetogreenland.com\/wp-content\/uploads\/2023\/06\/Routemap-IcelandAir-Guide-to-Greenland-1252x525-v02-1-500x210.jpg 500w, https:\/\/guidetogreenland.com\/wp-content\/uploads\/2023\/06\/Routemap-IcelandAir-Guide-to-Greenland-1252x525-v02-1-701x294.jpg 701w, https:\/\/guidetogreenland.com\/wp-content\/uploads\/2023\/06\/Routemap-IcelandAir-Guide-to-Greenland-1252x525-v02-1-250x105.jpg 250w, https:\/\/guidetogreenland.com\/wp-content\/uploads\/2023\/06\/Routemap-IcelandAir-Guide-to-Greenland-1252x525-v02-1-768x322.jpg 768w, https:\/\/guidetogreenland.com\/wp-content\/uploads\/2023\/06\/Routemap-IcelandAir-Guide-to-Greenland-1252x525-v02-1-120x50.jpg 120w, https:\/\/guidetogreenland.com\/wp-content\/uploads\/2023\/06\/Routemap-IcelandAir-Guide-to-Greenland-1252x525-v02-1-595xh.jpg 595w, https:\/\/guidetogreenland.com\/wp-content\/uploads\/2023\/06\/Routemap-IcelandAir-Guide-to-Greenland-1252x525-v02-1.jpg 1252w\" sizes=\"auto, (max-width: 700px) 100vw, 700px\" \/><\/a><\/figure>\n<\/figure>\n\n\n\n<div style=\"height:45px\" aria-hidden=\"true\" class=\"wp-block-spacer\"><\/div>\n\n\n\n<h2 class=\"wp-block-heading has-text-align-center\"><span class=\"ez-toc-section\" id=\"Air_Greenland\"><\/span>Air Greenland<span class=\"ez-toc-section-end\"><\/span><\/h2>\n\n\n\n<p class=\"has-text-align-center\"><a href=\"http:\/\/www.airgreenland.com\/?utm_source=guidetogreenland&amp;utm_medium=referral\" target=\"_blank\" rel=\"noreferrer noopener\">Air Greenland\u00a0<\/a>ist die nationale Fluggesellschaft Gr\u00f6nlands und verf\u00fcgt \u00fcber mehr als 50 Jahre Erfahrung mit Fl\u00fcgen unter extremen arktischen Bedingungen. Sie betreibt die Hauptverbindung nach Gr\u00f6nland zwischen Kopenhagen und Kangerlussuaq mit bis zu 10 Fl\u00fcgen pro Woche im Sommer. Au\u00dferdem gibt es Direktfl\u00fcge vom isl\u00e4ndischen Flughafen Keflavik (KEF) nach Nuuk (ganzj\u00e4hrig), vom Flughafen Keflavik (KEF) nach Ilulissat (nur im Sommer) und vom Flughafen Kopenhagen (CPH) nach Narsarsuaq (UAK) (ebenfalls nur im Sommer).<\/p>\n\n\n\n<p class=\"has-text-align-center\">Wie auch immer Sie nach Gr\u00f6nland reisen, <a href=\"http:\/\/www.airgreenland.com\/?utm_source=guidetogreenland&amp;utm_medium=referral\" target=\"_blank\" rel=\"noreferrer noopener\">Air Greenland<\/a> ist die einzige Fluggesellschaft, die Sie w\u00e4hrend Ihres Aufenthalts von Ort zu Ort fliegen wird. Mit einer Flotte von Hubschraubern und Kleinflugzeugen verbindet Air Greenland Siedlungen mit mindestens 50 Einwohnern mit dem Rest des Landes.<\/p>\n\n\n\n<figure class=\"wp-block-image\"><img decoding=\"async\" src=\"https:\/\/guidetogreenland.com\/wp-content\/uploads\/2020\/06\/Listen-to-Greenlandic-music-when-you-fly-Air-Greenland-Guide-to-Greenland-5-1024x576.jpeg\" alt=\"\"\/><\/figure>\n\n\n\n<div style=\"height:45px\" aria-hidden=\"true\" class=\"wp-block-spacer\"><\/div>\n\n\n\n<h2 class=\"wp-block-heading has-text-align-center\"><span class=\"ez-toc-section\" id=\"Haeufig_gestellte_Fragen\"><\/span><br>H\u00e4ufig gestellte Fragen<span class=\"ez-toc-section-end\"><\/span><\/h2>\n\n\n\n<h3 class=\"wp-block-heading has-text-align-center\">1. Wie viel kostet die Reise nach Gr\u00f6nland?<\/h3>\n\n\n\n<p class=\"has-text-align-center\">Der Durchschnittspreis f\u00fcr ein Standard-Economy-R\u00fcckflugticket liegt je nach Saison zwischen 3.000 und 5.000 D\u00e4nischen Kronen (DKK). Das entspricht ungef\u00e4hr 500-800 USD oder 400-670 EUR. Bitte beachten Sie, dass dies nur f\u00fcr den internationalen Direktflug gilt, der Sie m\u00f6glicherweise nicht an Ihr endg\u00fcltiges Ziel bringt. Weiterfl\u00fcge innerhalb Gr\u00f6nlands sind darin nicht enthalten.<\/p>\n\n\n\n<h3 class=\"wp-block-heading has-text-align-center\">2. Wie viel kostet es, innerhalb Gr\u00f6nlands zu reisen?<\/h3>\n\n\n\n<p>In Gr\u00f6nland gibt es keine Stra\u00dfen. Wenn Sie mehrere Orte besuchen oder von Ihrem internationalen Landepunkt aus an Ihr gew\u00fcnschtes Ziel gelangen m\u00f6chten, haben Sie nur die M\u00f6glichkeit, ein Schiff zu nehmen (was nicht immer m\u00f6glich ist) oder zu fliegen. Je nachdem, wo Sie hinwollen, kann dies den gleichen oder sogar einen h\u00f6heren Preis als Ihre internationalen Fl\u00fcge nach Gr\u00f6nland kosten. Aus diesem Grund (und um \u00dcberraschungen zu vermeiden) entscheiden sich viele Menschen f\u00fcr ein <a href=\"https:\/\/guidetogreenland.com\/book-trips-holiday\/vacation-packages\/\">Urlaubspaket<\/a>, das Fl\u00fcge, Hotels und Aktivit\u00e4ten inklusive hat. Wenn Sie die Westk\u00fcste Gr\u00f6nlands besuchen m\u00f6chten, gibt es noch eine weitere M\u00f6glichkeit f\u00fcr eine Langstreckenreise.<\/p>\n\n\n\n<p><\/p>\n\n\n\n<p class=\"has-text-align-center\">Die <a href=\"https:\/\/aul.gl\/en\/experience-greenland\/\">Sarfaq Ittuk-Passagierf\u00e4hre<\/a> verkehrt einmal w\u00f6chentlich zwischen Ilulissat im Norden und Qaqortoq im S\u00fcden, wobei sie in allen gr\u00f6\u00dferen St\u00e4dten und einigen kleinen Siedlungen dazwischen Halt macht. Die F\u00e4hre verkehrt von April bis Januar und ist eine hervorragende M\u00f6glichkeit, Gr\u00f6nland zu bereisen und Einheimische zu treffen, wenn man die Zeit dazu hat.<\/p>\n\n\n\n<h3 class=\"wp-block-heading has-text-align-center\">3. Brauche ich ein Touristenvisum, um Gr\u00f6nland zu besuchen?<\/h3>\n\n\n\n<p>Ein normales Schengen-Visum ist f\u00fcr Reisen nach Gr\u00f6nland nicht g\u00fcltig. Gr\u00f6nland ist zwar nicht Teil des Schengener Abkommens, geh\u00f6rt aber zum D\u00e4nischen Reich. Wenn Sie also kein Touristenvisum f\u00fcr die Einreise nach D\u00e4nemark ben\u00f6tigen, brauchen Sie auch kein Visum f\u00fcr die Einreise nach Gr\u00f6nland. Wenn Sie jedoch ein Visum f\u00fcr die Einreise nach D\u00e4nemark ben\u00f6tigen, sollten Sie in Ihrem Antrag angeben, dass Sie auch nach Gr\u00f6nland reisen m\u00f6chten, damit Ihnen das richtige Visum ausgestellt wird.<\/p>\n\n\n\n<p><\/p>\n\n\n\n<p class=\"has-text-align-center\">Am besten informieren Sie sich auf der <a href=\"https:\/\/www.nyidanmark.dk\/en-GB\/You-want-to-apply\/Short-stay-visa\/Visa-to-the-Faroe-Island-or-Greenland\" target=\"_blank\" rel=\"noreferrer noopener\">New to Denmark website<\/a> \u00fcber die aktuellsten Informationen zu den Visabestimmungen.<\/p>\n\n\n\n<figure class=\"wp-block-image\"><img decoding=\"async\" src=\"https:\/\/guidetogreenland.com\/wp-content\/uploads\/2020\/04\/Toke-Br\u00f8dsgaard-Cruise-ship-in-front-of-Sermitsiaq-mountain-approaching-Nuuk-summer-Greenland-1024x683.jpg\" alt=\"\"\/><\/figure>\n\n\n\n<div style=\"height:45px\" aria-hidden=\"true\" class=\"wp-block-spacer\"><\/div>\n\n\n\n<h3 class=\"wp-block-heading has-text-align-center\">4. Gibt es eine F\u00e4hre zwischen Island und Gr\u00f6nland?<\/h3>\n\n\n\n<p class=\"has-text-align-center\">Es gibt keine F\u00e4hren von anderen L\u00e4ndern nach Gr\u00f6nland. Die einzige M\u00f6glichkeit, mit dem Schiff nach Gr\u00f6nland zu gelangen, ist eine transatlantische Kreuzfahrt, die Gr\u00f6nland einschlie\u00dft. Innerhalb Gr\u00f6nlands ist die <a href=\"https:\/\/aul.gl\/en\/experience-greenland\/\" target=\"_blank\" rel=\"noreferrer noopener\">Sarfaq Ittuk<\/a>\u00a0die einzige Passagierf\u00e4hre.\u00a0<\/p>\n\n\n\n<h3 class=\"wp-block-heading has-text-align-center\">5. Gibt es in Gr\u00f6nland Autobahnen?<\/h3>\n\n\n\n<p class=\"has-text-align-center\">Nein. Es gibt \u00fcberhaupt keine Stra\u00dfen zwischen den St\u00e4dten, Ortschaften und Siedlungen in Gr\u00f6nland. Jede Stadt ist wie eine Insel, die entweder von Bergen, Wasser oder Eis umgeben ist, und die einzige M\u00f6glichkeit, zwischen ihnen zu reisen, besteht darin, entweder ein Boot zu nehmen (was nicht immer m\u00f6glich ist) oder zu fliegen. Es gibt einige wenige Orte, an denen kleine Siedlungen so nahe an einer Stadt liegen, dass man sie zu Fu\u00df (im Sommer) oder mit Skiern, Schneemobilen oder Hundeschlitten (nur oberhalb des Polarkreises und in Ostgr\u00f6nland) im Winter erreichen kann. Im hohen Norden ist es auch m\u00f6glich, \u00fcber das Meereis zu fahren, um nahe gelegene Orte zu erreichen.<\/p>\n","protected":false},"excerpt":{"rendered":"Die gr\u00f6\u00dfte Insel der Welt ist leicht zu erreichen, aber es gibt nur wenige M\u00f6glichkeiten, um dorthin zu gelangen. Es gibt keine Br\u00fccken, Tunnel oder F\u00e4hren, die die Insel mit anderen L\u00e4ndern verbinden, also m\u00fcssen Sie fliegen. Insbesondere m\u00fcssen Sie entweder von D\u00e4nemark oder von Island aus fliegen. Derzeit gibt es keine Fl\u00fcge von Nordamerika&#8230;","protected":false},"author":140,"featured_media":49718,"parent":0,"menu_order":0,"comment_status":"closed","ping_status":"closed","template":"template-page.php","meta":{"footnotes":""},"class_list":["post-56221","page","type-page","status-publish","has-post-thumbnail","hentry"],"acf":[],"yoast_head":"<!-- This site is optimized with the Yoast SEO plugin v25.6 - https:\/\/yoast.com\/wordpress\/plugins\/seo\/ -->\n<title>Wie man nach Gr\u00f6nland reist | Guide to Greenland<\/title>\n<meta name=\"description\" content=\"Gr\u00f6nland ist leicht zu erreichen, aber die M\u00f6glichkeiten, dorthin zu gelangen, sind begrenzt. Es gibt keine F\u00e4hren, die mit anderen L\u00e4ndern verbunden sind, also muss man fliegen oder eine Kreuzfahrt machen.\" \/>\n<meta name=\"robots\" content=\"index, follow, max-snippet:-1, max-image-preview:large, max-video-preview:-1\" \/>\n<link rel=\"canonical\" href=\"https:\/\/guidetogreenland.com\/de\/wie-man-nach-groenland-reist\/\" \/>\n<meta property=\"og:locale\" content=\"de_DE\" \/>\n<meta property=\"og:type\" content=\"article\" \/>\n<meta property=\"og:title\" content=\"Wie man nach Gr\u00f6nland reist | Guide to Greenland\" \/>\n<meta property=\"og:description\" content=\"Gr\u00f6nland ist leicht zu erreichen, aber die M\u00f6glichkeiten, dorthin zu gelangen, sind begrenzt. Es gibt keine F\u00e4hren, die mit anderen L\u00e4ndern verbunden sind, also muss man fliegen oder eine Kreuzfahrt machen.\" \/>\n<meta property=\"og:url\" content=\"https:\/\/guidetogreenland.com\/de\/wie-man-nach-groenland-reist\/\" \/>\n<meta property=\"og:site_name\" content=\"Guide to Greenland\" \/>\n<meta property=\"article:modified_time\" content=\"2025-12-17T08:41:54+00:00\" \/>\n<meta property=\"og:image\" content=\"https:\/\/guidetogreenland.com\/wp-content\/uploads\/2020\/06\/Air-Greenland-plane-in-Ilulissat-transportation-Guide-to-Greenland-scaled.jpg\" \/>\n\t<meta property=\"og:image:width\" content=\"2560\" \/>\n\t<meta property=\"og:image:height\" content=\"1707\" \/>\n\t<meta property=\"og:image:type\" content=\"image\/jpeg\" \/>\n<meta name=\"twitter:card\" content=\"summary_large_image\" \/>\n<meta name=\"twitter:label1\" content=\"Gesch\u00e4tzte Lesezeit\" \/>\n\t<meta name=\"twitter:data1\" content=\"5\u00a0Minuten\" \/>\n<script type=\"application\/ld+json\" class=\"yoast-schema-graph\">{\"@context\":\"https:\/\/schema.org\",\"@graph\":[{\"@type\":\"WebPage\",\"@id\":\"https:\/\/guidetogreenland.com\/de\/wie-man-nach-groenland-reist\/\",\"url\":\"https:\/\/guidetogreenland.com\/de\/wie-man-nach-groenland-reist\/\",\"name\":\"Wie man nach Gr\u00f6nland reist | Guide to Greenland\",\"isPartOf\":{\"@id\":\"https:\/\/guidetogreenland.com\/de\/#website\"},\"primaryImageOfPage\":{\"@id\":\"https:\/\/guidetogreenland.com\/de\/wie-man-nach-groenland-reist\/#primaryimage\"},\"image\":{\"@id\":\"https:\/\/guidetogreenland.com\/de\/wie-man-nach-groenland-reist\/#primaryimage\"},\"thumbnailUrl\":\"https:\/\/guidetogreenland.com\/wp-content\/uploads\/2020\/06\/Air-Greenland-plane-in-Ilulissat-transportation-Guide-to-Greenland-scaled.jpg\",\"datePublished\":\"2020-06-15T16:50:28+00:00\",\"dateModified\":\"2025-12-17T08:41:54+00:00\",\"description\":\"Gr\u00f6nland ist leicht zu erreichen, aber die M\u00f6glichkeiten, dorthin zu gelangen, sind begrenzt. Es gibt keine F\u00e4hren, die mit anderen L\u00e4ndern verbunden sind, also muss man fliegen oder eine Kreuzfahrt machen.\",\"breadcrumb\":{\"@id\":\"https:\/\/guidetogreenland.com\/de\/wie-man-nach-groenland-reist\/#breadcrumb\"},\"inLanguage\":\"de\",\"potentialAction\":[{\"@type\":\"ReadAction\",\"target\":[\"https:\/\/guidetogreenland.com\/de\/wie-man-nach-groenland-reist\/\"]}]},{\"@type\":\"ImageObject\",\"inLanguage\":\"de\",\"@id\":\"https:\/\/guidetogreenland.com\/de\/wie-man-nach-groenland-reist\/#primaryimage\",\"url\":\"https:\/\/guidetogreenland.com\/wp-content\/uploads\/2020\/06\/Air-Greenland-plane-in-Ilulissat-transportation-Guide-to-Greenland-scaled.jpg\",\"contentUrl\":\"https:\/\/guidetogreenland.com\/wp-content\/uploads\/2020\/06\/Air-Greenland-plane-in-Ilulissat-transportation-Guide-to-Greenland-scaled.jpg\",\"width\":2560,\"height\":1707},{\"@type\":\"BreadcrumbList\",\"@id\":\"https:\/\/guidetogreenland.com\/de\/wie-man-nach-groenland-reist\/#breadcrumb\",\"itemListElement\":[{\"@type\":\"ListItem\",\"position\":1,\"name\":\"Home\",\"item\":\"https:\/\/guidetogreenland.com\/de\/\"},{\"@type\":\"ListItem\",\"position\":2,\"name\":\"Wie man nach Gr\u00f6nland reist\"}]},{\"@type\":\"WebSite\",\"@id\":\"https:\/\/guidetogreenland.com\/de\/#website\",\"url\":\"https:\/\/guidetogreenland.com\/de\/\",\"name\":\"Guide to Greenland\",\"description\":\"Largest selection of tours in Greenland\",\"potentialAction\":[{\"@type\":\"SearchAction\",\"target\":{\"@type\":\"EntryPoint\",\"urlTemplate\":\"https:\/\/guidetogreenland.com\/de\/?s={search_term_string}\"},\"query-input\":{\"@type\":\"PropertyValueSpecification\",\"valueRequired\":true,\"valueName\":\"search_term_string\"}}],\"inLanguage\":\"de\"}]}<\/script>\n<!-- \/ Yoast SEO plugin. -->","yoast_head_json":{"title":"Wie man nach Gr\u00f6nland reist | Guide to Greenland","description":"Gr\u00f6nland ist leicht zu erreichen, aber die M\u00f6glichkeiten, dorthin zu gelangen, sind begrenzt. Es gibt keine F\u00e4hren, die mit anderen L\u00e4ndern verbunden sind, also muss man fliegen oder eine Kreuzfahrt machen.","robots":{"index":"index","follow":"follow","max-snippet":"max-snippet:-1","max-image-preview":"max-image-preview:large","max-video-preview":"max-video-preview:-1"},"canonical":"https:\/\/guidetogreenland.com\/de\/wie-man-nach-groenland-reist\/","og_locale":"de_DE","og_type":"article","og_title":"Wie man nach Gr\u00f6nland reist | Guide to Greenland","og_description":"Gr\u00f6nland ist leicht zu erreichen, aber die M\u00f6glichkeiten, dorthin zu gelangen, sind begrenzt. Es gibt keine F\u00e4hren, die mit anderen L\u00e4ndern verbunden sind, also muss man fliegen oder eine Kreuzfahrt machen.","og_url":"https:\/\/guidetogreenland.com\/de\/wie-man-nach-groenland-reist\/","og_site_name":"Guide to Greenland","article_modified_time":"2025-12-17T08:41:54+00:00","og_image":[{"width":2560,"height":1707,"url":"https:\/\/guidetogreenland.com\/wp-content\/uploads\/2020\/06\/Air-Greenland-plane-in-Ilulissat-transportation-Guide-to-Greenland-scaled.jpg","type":"image\/jpeg"}],"twitter_card":"summary_large_image","twitter_misc":{"Gesch\u00e4tzte Lesezeit":"5\u00a0Minuten"},"schema":{"@context":"https:\/\/schema.org","@graph":[{"@type":"WebPage","@id":"https:\/\/guidetogreenland.com\/de\/wie-man-nach-groenland-reist\/","url":"https:\/\/guidetogreenland.com\/de\/wie-man-nach-groenland-reist\/","name":"Wie man nach Gr\u00f6nland reist | Guide to Greenland","isPartOf":{"@id":"https:\/\/guidetogreenland.com\/de\/#website"},"primaryImageOfPage":{"@id":"https:\/\/guidetogreenland.com\/de\/wie-man-nach-groenland-reist\/#primaryimage"},"image":{"@id":"https:\/\/guidetogreenland.com\/de\/wie-man-nach-groenland-reist\/#primaryimage"},"thumbnailUrl":"https:\/\/guidetogreenland.com\/wp-content\/uploads\/2020\/06\/Air-Greenland-plane-in-Ilulissat-transportation-Guide-to-Greenland-scaled.jpg","datePublished":"2020-06-15T16:50:28+00:00","dateModified":"2025-12-17T08:41:54+00:00","description":"Gr\u00f6nland ist leicht zu erreichen, aber die M\u00f6glichkeiten, dorthin zu gelangen, sind begrenzt. Es gibt keine F\u00e4hren, die mit anderen L\u00e4ndern verbunden sind, also muss man fliegen oder eine Kreuzfahrt machen.","breadcrumb":{"@id":"https:\/\/guidetogreenland.com\/de\/wie-man-nach-groenland-reist\/#breadcrumb"},"inLanguage":"de","potentialAction":[{"@type":"ReadAction","target":["https:\/\/guidetogreenland.com\/de\/wie-man-nach-groenland-reist\/"]}]},{"@type":"ImageObject","inLanguage":"de","@id":"https:\/\/guidetogreenland.com\/de\/wie-man-nach-groenland-reist\/#primaryimage","url":"https:\/\/guidetogreenland.com\/wp-content\/uploads\/2020\/06\/Air-Greenland-plane-in-Ilulissat-transportation-Guide-to-Greenland-scaled.jpg","contentUrl":"https:\/\/guidetogreenland.com\/wp-content\/uploads\/2020\/06\/Air-Greenland-plane-in-Ilulissat-transportation-Guide-to-Greenland-scaled.jpg","width":2560,"height":1707},{"@type":"BreadcrumbList","@id":"https:\/\/guidetogreenland.com\/de\/wie-man-nach-groenland-reist\/#breadcrumb","itemListElement":[{"@type":"ListItem","position":1,"name":"Home","item":"https:\/\/guidetogreenland.com\/de\/"},{"@type":"ListItem","position":2,"name":"Wie man nach Gr\u00f6nland reist"}]},{"@type":"WebSite","@id":"https:\/\/guidetogreenland.com\/de\/#website","url":"https:\/\/guidetogreenland.com\/de\/","name":"Guide to Greenland","description":"Largest selection of tours in Greenland","potentialAction":[{"@type":"SearchAction","target":{"@type":"EntryPoint","urlTemplate":"https:\/\/guidetogreenland.com\/de\/?s={search_term_string}"},"query-input":{"@type":"PropertyValueSpecification","valueRequired":true,"valueName":"search_term_string"}}],"inLanguage":"de"}]}},"_links":{"self":[{"href":"https:\/\/guidetogreenland.com\/de\/wp-json\/wp\/v2\/pages\/56221","targetHints":{"allow":["GET"]}}],"collection":[{"href":"https:\/\/guidetogreenland.com\/de\/wp-json\/wp\/v2\/pages"}],"about":[{"href":"https:\/\/guidetogreenland.com\/de\/wp-json\/wp\/v2\/types\/page"}],"author":[{"embeddable":true,"href":"https:\/\/guidetogreenland.com\/de\/wp-json\/wp\/v2\/users\/140"}],"replies":[{"embeddable":true,"href":"https:\/\/guidetogreenland.com\/de\/wp-json\/wp\/v2\/comments?post=56221"}],"version-history":[{"count":1,"href":"https:\/\/guidetogreenland.com\/de\/wp-json\/wp\/v2\/pages\/56221\/revisions"}],"predecessor-version":[{"id":56223,"href":"https:\/\/guidetogreenland.com\/de\/wp-json\/wp\/v2\/pages\/56221\/revisions\/56223"}],"wp:featuredmedia":[{"embeddable":true,"href":"https:\/\/guidetogreenland.com\/de\/wp-json\/wp\/v2\/media\/49718"}],"wp:attachment":[{"href":"https:\/\/guidetogreenland.com\/de\/wp-json\/wp\/v2\/media?parent=56221"}],"curies":[{"name":"wp","href":"https:\/\/api.w.org\/{rel}","templated":true}]}}