{"id":58982,"date":"2024-07-31T17:49:53","date_gmt":"2024-07-31T20:49:53","guid":{"rendered":"https:\/\/guidetogreenland.com\/?page_id=58982"},"modified":"2024-07-31T17:51:45","modified_gmt":"2024-07-31T20:51:45","slug":"servicebedingungen-tour-seite","status":"publish","type":"page","link":"https:\/\/guidetogreenland.com\/de\/servicebedingungen-tour-seite\/","title":{"rendered":"Servicebedingungen &#8211; Tour Seite"},"content":{"rendered":"\n<p>Unsere Kunden sind das A und O von Guide to Greenland, daher bem\u00fchen wir uns sehr, Ihnen den bestm\u00f6glichen Service zu bieten. Wir sind in Gr\u00f6nland ans\u00e4ssig und arbeiten mit allen Beteiligten der gr\u00f6nl\u00e4ndischen Tourismusbranche zusammen. Wir sind daher in der Lage, schnell auf \u00c4nderungen oder neue W\u00fcnsche zu reagieren, damit Sie die Reise Ihres Lebens erleben k\u00f6nnen.<\/p>\n\n\n\n<p><strong>FR\u00dcH BUCHEN<\/strong><br>Je fr\u00fcher Sie Ihre Reise buchen, desto g\u00fcnstiger sind die Preise und desto wahrscheinlicher ist es, dass Sie die gew\u00fcnschte Reise zu den gew\u00fcnschten Daten\/Zeiten buchen k\u00f6nnen.<\/p>\n\n\n\n<p><strong>Pauschalreisen<\/strong> k\u00f6nnen bereits mehr als ein halbes Jahr im Voraus ausverkauft sein (beachten Sie, dass der Gr\u00f6nland-Reisef\u00fchrer keine internationalen Fl\u00fcge in den Pauschalangeboten enth\u00e4lt, es sei denn, sie kommen von Island oder D\u00e4nemark).<\/p>\n\n\n\n<p><strong>Tagesausfl\u00fcge<\/strong> k\u00f6nnen bereits kurz vor Ihrem Ankunftsdatum ausverkauft sein, bei beliebten Reisezielen k\u00f6nnen bestimmte Daten\/Zeiten sogar Monate im Voraus ausverkauft sein. Wir empfehlen Ihnen, sich alle Angebote zu sichern, indem Sie sie rechtzeitig vor Ihrer Reise buchen.<\/p>\n\n\n\n<p><strong>STORNIERUNGEN<br><\/strong>Alle Stornierungen m\u00fcssen per E-Mail erfolgen.<\/p>\n\n\n\n<p>Obwohl Guide to Greenland bestrebt ist, seinen Kunden im Falle einer Stornierung den besten Schutz und Service zu bieten, sind wir gezwungen, Stornierungsgeb\u00fchren zu erheben. Dies entspricht den Gesch\u00e4ftspraktiken der gr\u00f6nl\u00e4ndischen Reisebranche. Einzelheiten finden Sie in unseren allgemeinen Stornierungsbedingungen.<\/p>\n","protected":false},"excerpt":{"rendered":"Unsere Kunden sind das A und O von Guide to Greenland, daher bem\u00fchen wir uns sehr, Ihnen den bestm\u00f6glichen Service zu bieten. Wir sind in Gr\u00f6nland ans\u00e4ssig und arbeiten mit allen Beteiligten der gr\u00f6nl\u00e4ndischen Tourismusbranche zusammen. Wir sind daher in der Lage, schnell auf \u00c4nderungen oder neue W\u00fcnsche zu reagieren, damit Sie die Reise Ihres&#8230;","protected":false},"author":1,"featured_media":0,"parent":0,"menu_order":0,"comment_status":"closed","ping_status":"closed","template":"","meta":{"footnotes":""},"class_list":["post-58982","page","type-page","status-publish","hentry"],"acf":[],"yoast_head":"<!-- This site is optimized with the Yoast SEO plugin v25.6 - https:\/\/yoast.com\/wordpress\/plugins\/seo\/ -->\n<title>Servicebedingungen - Tour Seite | Guide to Greenland<\/title>\n<meta name=\"robots\" content=\"index, follow, max-snippet:-1, max-image-preview:large, max-video-preview:-1\" \/>\n<link rel=\"canonical\" href=\"https:\/\/guidetogreenland.com\/de\/servicebedingungen-tour-seite\/\" \/>\n<meta property=\"og:locale\" content=\"de_DE\" \/>\n<meta property=\"og:type\" content=\"article\" \/>\n<meta property=\"og:title\" content=\"Servicebedingungen - Tour Seite | Guide to Greenland\" \/>\n<meta property=\"og:description\" content=\"Unsere Kunden sind das A und O von Guide to Greenland, daher bem\u00fchen wir uns sehr, Ihnen den bestm\u00f6glichen Service zu bieten. Wir sind in Gr\u00f6nland ans\u00e4ssig und arbeiten mit allen Beteiligten der gr\u00f6nl\u00e4ndischen Tourismusbranche zusammen. Wir sind daher in der Lage, schnell auf \u00c4nderungen oder neue W\u00fcnsche zu reagieren, damit Sie die Reise Ihres...\" \/>\n<meta property=\"og:url\" content=\"https:\/\/guidetogreenland.com\/de\/servicebedingungen-tour-seite\/\" \/>\n<meta property=\"og:site_name\" content=\"Guide to Greenland\" \/>\n<meta property=\"article:modified_time\" content=\"2024-07-31T20:51:45+00:00\" \/>\n<meta name=\"twitter:card\" content=\"summary_large_image\" \/>\n<meta name=\"twitter:label1\" content=\"Gesch\u00e4tzte Lesezeit\" \/>\n\t<meta name=\"twitter:data1\" content=\"1\u00a0Minute\" \/>\n<script type=\"application\/ld+json\" class=\"yoast-schema-graph\">{\"@context\":\"https:\/\/schema.org\",\"@graph\":[{\"@type\":\"WebPage\",\"@id\":\"https:\/\/guidetogreenland.com\/de\/servicebedingungen-tour-seite\/\",\"url\":\"https:\/\/guidetogreenland.com\/de\/servicebedingungen-tour-seite\/\",\"name\":\"Servicebedingungen - Tour Seite | Guide to Greenland\",\"isPartOf\":{\"@id\":\"https:\/\/guidetogreenland.com\/de\/#website\"},\"datePublished\":\"2024-07-31T20:49:53+00:00\",\"dateModified\":\"2024-07-31T20:51:45+00:00\",\"breadcrumb\":{\"@id\":\"https:\/\/guidetogreenland.com\/de\/servicebedingungen-tour-seite\/#breadcrumb\"},\"inLanguage\":\"de\",\"potentialAction\":[{\"@type\":\"ReadAction\",\"target\":[\"https:\/\/guidetogreenland.com\/de\/servicebedingungen-tour-seite\/\"]}]},{\"@type\":\"BreadcrumbList\",\"@id\":\"https:\/\/guidetogreenland.com\/de\/servicebedingungen-tour-seite\/#breadcrumb\",\"itemListElement\":[{\"@type\":\"ListItem\",\"position\":1,\"name\":\"Home\",\"item\":\"https:\/\/guidetogreenland.com\/de\/\"},{\"@type\":\"ListItem\",\"position\":2,\"name\":\"Servicebedingungen &#8211; Tour Seite\"}]},{\"@type\":\"WebSite\",\"@id\":\"https:\/\/guidetogreenland.com\/de\/#website\",\"url\":\"https:\/\/guidetogreenland.com\/de\/\",\"name\":\"Guide to Greenland\",\"description\":\"Largest selection of tours in Greenland\",\"potentialAction\":[{\"@type\":\"SearchAction\",\"target\":{\"@type\":\"EntryPoint\",\"urlTemplate\":\"https:\/\/guidetogreenland.com\/de\/?s={search_term_string}\"},\"query-input\":{\"@type\":\"PropertyValueSpecification\",\"valueRequired\":true,\"valueName\":\"search_term_string\"}}],\"inLanguage\":\"de\"}]}<\/script>\n<!-- \/ Yoast SEO plugin. -->","yoast_head_json":{"title":"Servicebedingungen - Tour Seite | Guide to Greenland","robots":{"index":"index","follow":"follow","max-snippet":"max-snippet:-1","max-image-preview":"max-image-preview:large","max-video-preview":"max-video-preview:-1"},"canonical":"https:\/\/guidetogreenland.com\/de\/servicebedingungen-tour-seite\/","og_locale":"de_DE","og_type":"article","og_title":"Servicebedingungen - Tour Seite | Guide to Greenland","og_description":"Unsere Kunden sind das A und O von Guide to Greenland, daher bem\u00fchen wir uns sehr, Ihnen den bestm\u00f6glichen Service zu bieten. Wir sind in Gr\u00f6nland ans\u00e4ssig und arbeiten mit allen Beteiligten der gr\u00f6nl\u00e4ndischen Tourismusbranche zusammen. Wir sind daher in der Lage, schnell auf \u00c4nderungen oder neue W\u00fcnsche zu reagieren, damit Sie die Reise Ihres...","og_url":"https:\/\/guidetogreenland.com\/de\/servicebedingungen-tour-seite\/","og_site_name":"Guide to Greenland","article_modified_time":"2024-07-31T20:51:45+00:00","twitter_card":"summary_large_image","twitter_misc":{"Gesch\u00e4tzte Lesezeit":"1\u00a0Minute"},"schema":{"@context":"https:\/\/schema.org","@graph":[{"@type":"WebPage","@id":"https:\/\/guidetogreenland.com\/de\/servicebedingungen-tour-seite\/","url":"https:\/\/guidetogreenland.com\/de\/servicebedingungen-tour-seite\/","name":"Servicebedingungen - Tour Seite | Guide to Greenland","isPartOf":{"@id":"https:\/\/guidetogreenland.com\/de\/#website"},"datePublished":"2024-07-31T20:49:53+00:00","dateModified":"2024-07-31T20:51:45+00:00","breadcrumb":{"@id":"https:\/\/guidetogreenland.com\/de\/servicebedingungen-tour-seite\/#breadcrumb"},"inLanguage":"de","potentialAction":[{"@type":"ReadAction","target":["https:\/\/guidetogreenland.com\/de\/servicebedingungen-tour-seite\/"]}]},{"@type":"BreadcrumbList","@id":"https:\/\/guidetogreenland.com\/de\/servicebedingungen-tour-seite\/#breadcrumb","itemListElement":[{"@type":"ListItem","position":1,"name":"Home","item":"https:\/\/guidetogreenland.com\/de\/"},{"@type":"ListItem","position":2,"name":"Servicebedingungen &#8211; Tour Seite"}]},{"@type":"WebSite","@id":"https:\/\/guidetogreenland.com\/de\/#website","url":"https:\/\/guidetogreenland.com\/de\/","name":"Guide to Greenland","description":"Largest selection of tours in Greenland","potentialAction":[{"@type":"SearchAction","target":{"@type":"EntryPoint","urlTemplate":"https:\/\/guidetogreenland.com\/de\/?s={search_term_string}"},"query-input":{"@type":"PropertyValueSpecification","valueRequired":true,"valueName":"search_term_string"}}],"inLanguage":"de"}]}},"_links":{"self":[{"href":"https:\/\/guidetogreenland.com\/de\/wp-json\/wp\/v2\/pages\/58982","targetHints":{"allow":["GET"]}}],"collection":[{"href":"https:\/\/guidetogreenland.com\/de\/wp-json\/wp\/v2\/pages"}],"about":[{"href":"https:\/\/guidetogreenland.com\/de\/wp-json\/wp\/v2\/types\/page"}],"author":[{"embeddable":true,"href":"https:\/\/guidetogreenland.com\/de\/wp-json\/wp\/v2\/users\/1"}],"replies":[{"embeddable":true,"href":"https:\/\/guidetogreenland.com\/de\/wp-json\/wp\/v2\/comments?post=58982"}],"version-history":[{"count":5,"href":"https:\/\/guidetogreenland.com\/de\/wp-json\/wp\/v2\/pages\/58982\/revisions"}],"predecessor-version":[{"id":58990,"href":"https:\/\/guidetogreenland.com\/de\/wp-json\/wp\/v2\/pages\/58982\/revisions\/58990"}],"wp:attachment":[{"href":"https:\/\/guidetogreenland.com\/de\/wp-json\/wp\/v2\/media?parent=58982"}],"curies":[{"name":"wp","href":"https:\/\/api.w.org\/{rel}","templated":true}]}}