{"id":61467,"date":"2024-01-14T12:07:35","date_gmt":"2024-01-14T15:07:35","guid":{"rendered":"https:\/\/guidetogreenland.com\/book-trips-holiday\/10-days-of-hiking-through-arctic-nature-villages-east-greenland\/"},"modified":"2025-06-27T05:49:04","modified_gmt":"2025-06-27T08:49:04","slug":"10-days-of-hiking-through-arctic-nature-villages-east-greenland","status":"publish","type":"product","link":"https:\/\/guidetogreenland.com\/de\/buch-reisen-urlaub\/10-tage-wandern-durch-arktische-natur-und-dorfer-ostgronland\/","title":{"rendered":"10 Tage Wandern durch arktische Natur und D\u00f6rfer | Ostgr\u00f6nland"},"content":{"rendered":"<p><span style=\"font-weight: 400;\">Begeben Sie sich auf dieses Wanderabenteuer entlang der Ostk\u00fcste Gr\u00f6nlands, einer Region mit eisigen Temperaturen und riesigen eisigen Weiten, die von einsamen Flecken Land durchzogen sind. Diese einzigartige Reise f\u00fchrt Sie durch drei bezaubernde D\u00f6rfer und die Hauptstadt von Ostgr\u00f6nland, Tasilaq, die in dieser unverwechselbaren Region eingebettet sind.<\/span><\/p>\n<p><span style=\"font-weight: 400;\">Tauchen Sie ein in die unverw\u00fcstliche Kultur der Inuit, die seit Jahrtausenden unter den schwierigsten Bedingungen der Erde nicht nur \u00fcberlebt hat, sondern auch gedeiht.<\/span><\/p>\n<p><span style=\"font-weight: 400;\">Erklimmen Sie den Berg Kuummiit und das Somandsfjell und genie\u00dfen Sie atemberaubende Aussichten, w\u00e4hrend Sie im Sermilik-Fjord durch eisige Gew\u00e4sser zwischen gewaltigen Eisbergen navigieren. Unternehmen Sie eine malerische Wanderung \u00fcber die Insel Ammassalik und entdecken Sie die verborgenen Sch\u00e4tze der Insel Kulusuk. Auf dieser Expedition gehen Geografie und Kultur nahtlos ineinander \u00fcber und bieten ein au\u00dfergew\u00f6hnliches Erlebnis, das eine tiefgreifende Auseinandersetzung mit beiden Welten erm\u00f6glicht.\u00a0 <\/span><\/p>\n<p>Die maximale Gruppengr\u00f6\u00dfe betr\u00e4gt 12 Personen, die Mindestgruppengr\u00f6\u00dfe 5 Personen.<\/p>\n<p><span style=\"font-weight: 400;\">Klicken Sie auf die Registerkarte \u201eT\u00e4glicher Reiseplan\u201c, um einen detaillierten \u00dcberblick \u00fcber die Aktivit\u00e4ten des jeweiligen Tages zu erhalten. Sichern Sie sich Ihren Platz auf dieser fesselnden Wanderreise in Ostgr\u00f6nland, indem Sie auf Jetzt buchen klicken.<\/span><\/p>\n","protected":false},"excerpt":{"rendered":"Begeben Sie sich auf dieses Wanderabenteuer entlang der Ostk\u00fcste Gr\u00f6nlands, einer Region mit eisigen Temperaturen und riesigen eisigen Weiten, die von einsamen Flecken Land durchzogen sind. Diese einzigartige Reise f\u00fchrt Sie durch drei bezaubernde D\u00f6rfer und die Hauptstadt von Ostgr\u00f6nland, Tasilaq, die in dieser unverwechselbaren Region eingebettet sind. Tauchen Sie ein in die unverw\u00fcstliche Kultur&#8230;","protected":false},"featured_media":55190,"comment_status":"open","ping_status":"closed","template":"","meta":[],"product_brand":[],"product_cat":[1136,1185,1159,1401,1170,1291,1290,1292,1253],"product_tag":[1402,1403,1293],"class_list":{"0":"post-61467","1":"product","2":"type-product","3":"status-publish","4":"has-post-thumbnail","6":"product_cat-abenteuer-in-gronland","7":"product_cat-arktische-natur-und-tierwelt","8":"product_cat-bootstouren-in-groenland","9":"product_cat-from-iceland-to-greenland-de","10":"product_cat-groenland-reisepakete","11":"product_cat-kulusuk-touren","12":"product_cat-ostgronland-touren","13":"product_cat-tasiilaq-touren","14":"product_cat-wandern-trekking-touren","15":"product_tag-kulusuk-de","16":"product_tag-reykjavik-de","17":"product_tag-tasiilaq-de","18":"pa_activities-besuch-einer-siedlung-de","19":"pa_activities-wandern-de","20":"pa_attractions-ammassalik-insel","21":"pa_attractions-sermilik-fjord-de","22":"pa_available-month-juni","23":"pa_available-month-juli","24":"pa_available-month-august-de","25":"pa_available-month-september-de","26":"pa_destinations-from-iceland-de","27":"pa_difficulty-anspruchsvoll","28":"pa_duration-10-days-de","29":"pa_tour-type-urlaubspaket","31":"first","32":"instock","33":"sold-individually","34":"shipping-taxable","35":"purchasable","36":"product-type-booking"},"acf":[],"yoast_head":"<!-- This site is optimized with the Yoast SEO plugin v25.6 - https:\/\/yoast.com\/wordpress\/plugins\/seo\/ -->\n<title>10 days of hiking through Arctic nature &amp; villages | East Greenland<\/title>\n<meta name=\"robots\" content=\"index, follow, max-snippet:-1, max-image-preview:large, max-video-preview:-1\" \/>\n<link rel=\"canonical\" href=\"https:\/\/guidetogreenland.com\/de\/buch-reisen-urlaub\/10-tage-wandern-durch-arktische-natur-und-dorfer-ostgronland\/\" \/>\n<meta property=\"og:locale\" content=\"de_DE\" \/>\n<meta property=\"og:type\" content=\"article\" \/>\n<meta property=\"og:title\" content=\"10 days of hiking through Arctic nature &amp; villages | East Greenland\" \/>\n<meta property=\"og:description\" content=\"Begeben Sie sich auf dieses Wanderabenteuer entlang der Ostk\u00fcste Gr\u00f6nlands, einer Region mit eisigen Temperaturen und riesigen eisigen Weiten, die von einsamen Flecken Land durchzogen sind. Diese einzigartige Reise f\u00fchrt Sie durch drei bezaubernde D\u00f6rfer und die Hauptstadt von Ostgr\u00f6nland, Tasilaq, die in dieser unverwechselbaren Region eingebettet sind. Tauchen Sie ein in die unverw\u00fcstliche Kultur...\" \/>\n<meta property=\"og:url\" content=\"https:\/\/guidetogreenland.com\/de\/buch-reisen-urlaub\/10-tage-wandern-durch-arktische-natur-und-dorfer-ostgronland\/\" \/>\n<meta property=\"og:site_name\" content=\"Guide to Greenland\" \/>\n<meta property=\"article:modified_time\" content=\"2025-06-27T08:49:04+00:00\" \/>\n<meta property=\"og:image\" content=\"https:\/\/guidetogreenland.com\/wp-content\/uploads\/2024\/01\/3Arctic-Villages-Guide-to-Greenland-.jpg\" \/>\n\t<meta property=\"og:image:width\" content=\"1920\" \/>\n\t<meta property=\"og:image:height\" content=\"1280\" \/>\n\t<meta property=\"og:image:type\" content=\"image\/jpeg\" \/>\n<meta name=\"twitter:card\" content=\"summary_large_image\" \/>\n<meta name=\"twitter:label1\" content=\"Gesch\u00e4tzte Lesezeit\" \/>\n\t<meta name=\"twitter:data1\" content=\"1\u00a0Minute\" \/>\n<script type=\"application\/ld+json\" class=\"yoast-schema-graph\">{\"@context\":\"https:\/\/schema.org\",\"@graph\":[{\"@type\":\"WebPage\",\"@id\":\"https:\/\/guidetogreenland.com\/de\/buch-reisen-urlaub\/10-tage-wandern-durch-arktische-natur-und-dorfer-ostgronland\/\",\"url\":\"https:\/\/guidetogreenland.com\/de\/buch-reisen-urlaub\/10-tage-wandern-durch-arktische-natur-und-dorfer-ostgronland\/\",\"name\":\"10 days of hiking through Arctic nature & villages | East Greenland\",\"isPartOf\":{\"@id\":\"https:\/\/guidetogreenland.com\/de\/#website\"},\"primaryImageOfPage\":{\"@id\":\"https:\/\/guidetogreenland.com\/de\/buch-reisen-urlaub\/10-tage-wandern-durch-arktische-natur-und-dorfer-ostgronland\/#primaryimage\"},\"image\":{\"@id\":\"https:\/\/guidetogreenland.com\/de\/buch-reisen-urlaub\/10-tage-wandern-durch-arktische-natur-und-dorfer-ostgronland\/#primaryimage\"},\"thumbnailUrl\":\"https:\/\/guidetogreenland.com\/wp-content\/uploads\/2024\/01\/3Arctic-Villages-Guide-to-Greenland-.jpg\",\"datePublished\":\"2024-01-14T15:07:35+00:00\",\"dateModified\":\"2025-06-27T08:49:04+00:00\",\"breadcrumb\":{\"@id\":\"https:\/\/guidetogreenland.com\/de\/buch-reisen-urlaub\/10-tage-wandern-durch-arktische-natur-und-dorfer-ostgronland\/#breadcrumb\"},\"inLanguage\":\"de\",\"potentialAction\":[{\"@type\":\"ReadAction\",\"target\":[\"https:\/\/guidetogreenland.com\/de\/buch-reisen-urlaub\/10-tage-wandern-durch-arktische-natur-und-dorfer-ostgronland\/\"]}]},{\"@type\":\"ImageObject\",\"inLanguage\":\"de\",\"@id\":\"https:\/\/guidetogreenland.com\/de\/buch-reisen-urlaub\/10-tage-wandern-durch-arktische-natur-und-dorfer-ostgronland\/#primaryimage\",\"url\":\"https:\/\/guidetogreenland.com\/wp-content\/uploads\/2024\/01\/3Arctic-Villages-Guide-to-Greenland-.jpg\",\"contentUrl\":\"https:\/\/guidetogreenland.com\/wp-content\/uploads\/2024\/01\/3Arctic-Villages-Guide-to-Greenland-.jpg\",\"width\":1920,\"height\":1280},{\"@type\":\"BreadcrumbList\",\"@id\":\"https:\/\/guidetogreenland.com\/de\/buch-reisen-urlaub\/10-tage-wandern-durch-arktische-natur-und-dorfer-ostgronland\/#breadcrumb\",\"itemListElement\":[{\"@type\":\"ListItem\",\"position\":1,\"name\":\"Home\",\"item\":\"https:\/\/guidetogreenland.com\/de\/\"},{\"@type\":\"ListItem\",\"position\":2,\"name\":\"Alle Touren anzeigen\",\"item\":\"https:\/\/guidetogreenland.com\/de\/buch-reisen-urlaub\/\"},{\"@type\":\"ListItem\",\"position\":3,\"name\":\"10 Tage Wandern durch arktische Natur und D\u00f6rfer | Ostgr\u00f6nland\"}]},{\"@type\":\"WebSite\",\"@id\":\"https:\/\/guidetogreenland.com\/de\/#website\",\"url\":\"https:\/\/guidetogreenland.com\/de\/\",\"name\":\"Guide to Greenland\",\"description\":\"Largest selection of tours in Greenland\",\"potentialAction\":[{\"@type\":\"SearchAction\",\"target\":{\"@type\":\"EntryPoint\",\"urlTemplate\":\"https:\/\/guidetogreenland.com\/de\/?s={search_term_string}\"},\"query-input\":{\"@type\":\"PropertyValueSpecification\",\"valueRequired\":true,\"valueName\":\"search_term_string\"}}],\"inLanguage\":\"de\"}]}<\/script>\n<!-- \/ Yoast SEO plugin. -->","yoast_head_json":{"title":"10 days of hiking through Arctic nature & villages | East Greenland","robots":{"index":"index","follow":"follow","max-snippet":"max-snippet:-1","max-image-preview":"max-image-preview:large","max-video-preview":"max-video-preview:-1"},"canonical":"https:\/\/guidetogreenland.com\/de\/buch-reisen-urlaub\/10-tage-wandern-durch-arktische-natur-und-dorfer-ostgronland\/","og_locale":"de_DE","og_type":"article","og_title":"10 days of hiking through Arctic nature & villages | East Greenland","og_description":"Begeben Sie sich auf dieses Wanderabenteuer entlang der Ostk\u00fcste Gr\u00f6nlands, einer Region mit eisigen Temperaturen und riesigen eisigen Weiten, die von einsamen Flecken Land durchzogen sind. Diese einzigartige Reise f\u00fchrt Sie durch drei bezaubernde D\u00f6rfer und die Hauptstadt von Ostgr\u00f6nland, Tasilaq, die in dieser unverwechselbaren Region eingebettet sind. Tauchen Sie ein in die unverw\u00fcstliche Kultur...","og_url":"https:\/\/guidetogreenland.com\/de\/buch-reisen-urlaub\/10-tage-wandern-durch-arktische-natur-und-dorfer-ostgronland\/","og_site_name":"Guide to Greenland","article_modified_time":"2025-06-27T08:49:04+00:00","og_image":[{"width":1920,"height":1280,"url":"https:\/\/guidetogreenland.com\/wp-content\/uploads\/2024\/01\/3Arctic-Villages-Guide-to-Greenland-.jpg","type":"image\/jpeg"}],"twitter_card":"summary_large_image","twitter_misc":{"Gesch\u00e4tzte Lesezeit":"1\u00a0Minute"},"schema":{"@context":"https:\/\/schema.org","@graph":[{"@type":"WebPage","@id":"https:\/\/guidetogreenland.com\/de\/buch-reisen-urlaub\/10-tage-wandern-durch-arktische-natur-und-dorfer-ostgronland\/","url":"https:\/\/guidetogreenland.com\/de\/buch-reisen-urlaub\/10-tage-wandern-durch-arktische-natur-und-dorfer-ostgronland\/","name":"10 days of hiking through Arctic nature & villages | East Greenland","isPartOf":{"@id":"https:\/\/guidetogreenland.com\/de\/#website"},"primaryImageOfPage":{"@id":"https:\/\/guidetogreenland.com\/de\/buch-reisen-urlaub\/10-tage-wandern-durch-arktische-natur-und-dorfer-ostgronland\/#primaryimage"},"image":{"@id":"https:\/\/guidetogreenland.com\/de\/buch-reisen-urlaub\/10-tage-wandern-durch-arktische-natur-und-dorfer-ostgronland\/#primaryimage"},"thumbnailUrl":"https:\/\/guidetogreenland.com\/wp-content\/uploads\/2024\/01\/3Arctic-Villages-Guide-to-Greenland-.jpg","datePublished":"2024-01-14T15:07:35+00:00","dateModified":"2025-06-27T08:49:04+00:00","breadcrumb":{"@id":"https:\/\/guidetogreenland.com\/de\/buch-reisen-urlaub\/10-tage-wandern-durch-arktische-natur-und-dorfer-ostgronland\/#breadcrumb"},"inLanguage":"de","potentialAction":[{"@type":"ReadAction","target":["https:\/\/guidetogreenland.com\/de\/buch-reisen-urlaub\/10-tage-wandern-durch-arktische-natur-und-dorfer-ostgronland\/"]}]},{"@type":"ImageObject","inLanguage":"de","@id":"https:\/\/guidetogreenland.com\/de\/buch-reisen-urlaub\/10-tage-wandern-durch-arktische-natur-und-dorfer-ostgronland\/#primaryimage","url":"https:\/\/guidetogreenland.com\/wp-content\/uploads\/2024\/01\/3Arctic-Villages-Guide-to-Greenland-.jpg","contentUrl":"https:\/\/guidetogreenland.com\/wp-content\/uploads\/2024\/01\/3Arctic-Villages-Guide-to-Greenland-.jpg","width":1920,"height":1280},{"@type":"BreadcrumbList","@id":"https:\/\/guidetogreenland.com\/de\/buch-reisen-urlaub\/10-tage-wandern-durch-arktische-natur-und-dorfer-ostgronland\/#breadcrumb","itemListElement":[{"@type":"ListItem","position":1,"name":"Home","item":"https:\/\/guidetogreenland.com\/de\/"},{"@type":"ListItem","position":2,"name":"Alle Touren anzeigen","item":"https:\/\/guidetogreenland.com\/de\/buch-reisen-urlaub\/"},{"@type":"ListItem","position":3,"name":"10 Tage Wandern durch arktische Natur und D\u00f6rfer | Ostgr\u00f6nland"}]},{"@type":"WebSite","@id":"https:\/\/guidetogreenland.com\/de\/#website","url":"https:\/\/guidetogreenland.com\/de\/","name":"Guide to Greenland","description":"Largest selection of tours in Greenland","potentialAction":[{"@type":"SearchAction","target":{"@type":"EntryPoint","urlTemplate":"https:\/\/guidetogreenland.com\/de\/?s={search_term_string}"},"query-input":{"@type":"PropertyValueSpecification","valueRequired":true,"valueName":"search_term_string"}}],"inLanguage":"de"}]}},"_links":{"self":[{"href":"https:\/\/guidetogreenland.com\/de\/wp-json\/wp\/v2\/product\/61467","targetHints":{"allow":["GET"]}}],"collection":[{"href":"https:\/\/guidetogreenland.com\/de\/wp-json\/wp\/v2\/product"}],"about":[{"href":"https:\/\/guidetogreenland.com\/de\/wp-json\/wp\/v2\/types\/product"}],"replies":[{"embeddable":true,"href":"https:\/\/guidetogreenland.com\/de\/wp-json\/wp\/v2\/comments?post=61467"}],"wp:featuredmedia":[{"embeddable":true,"href":"https:\/\/guidetogreenland.com\/de\/wp-json\/wp\/v2\/media\/55190"}],"wp:attachment":[{"href":"https:\/\/guidetogreenland.com\/de\/wp-json\/wp\/v2\/media?parent=61467"}],"wp:term":[{"taxonomy":"product_brand","embeddable":true,"href":"https:\/\/guidetogreenland.com\/de\/wp-json\/wp\/v2\/product_brand?post=61467"},{"taxonomy":"product_cat","embeddable":true,"href":"https:\/\/guidetogreenland.com\/de\/wp-json\/wp\/v2\/product_cat?post=61467"},{"taxonomy":"product_tag","embeddable":true,"href":"https:\/\/guidetogreenland.com\/de\/wp-json\/wp\/v2\/product_tag?post=61467"}],"curies":[{"name":"wp","href":"https:\/\/api.w.org\/{rel}","templated":true}]}}